{"id":8185,"date":"2025-04-15T10:04:26","date_gmt":"2025-04-15T10:04:26","guid":{"rendered":"https:\/\/xenonkungen.com\/product\/lightbar-fx500-cb-sm-gen-2\/"},"modified":"2026-04-09T15:17:20","modified_gmt":"2026-04-09T14:17:20","slug":"valopalkki-fx500-cb-sm-sukupolvi-2","status":"publish","type":"product","link":"https:\/\/xenonkungen.com\/fi\/tuote\/valopalkki-fx500-cb-sm-sukupolvi-2\/","title":{"rendered":"Valopalkki FX500-CB SM GEN 2"},"content":{"rendered":"<h1>Suurempi kirkkaus pitk\u00e4n ja lyhyen kantaman valaistukseen <\/h1>\n<p>N\u00e4kyvyydell\u00e4 voi olla suuri merkitys turvallisuudelle erityisesti maaseutu- ja sorateill\u00e4 ajettaessa. LEDriving Lightbar FX500-CB SM GEN 2 tarjoaa jopa 3 750 lumenin lis\u00e4valaistuksen l\u00e4helle ja kauas pimeill\u00e4 teill\u00e4. Jopa h\u00e4m\u00e4r\u00e4ss\u00e4 ja h\u00e4m\u00e4r\u00e4ss\u00e4 15 tehokkaan LED-valon ansiosta n\u00e4kyvyysalue on jopa 380 metri\u00e4 ja p\u00e4iv\u00e4nvalo 6 000 kelvinin v\u00e4ril\u00e4mp\u00f6tilan ansiosta. <br \/> Lis\u00e4valo tekee vaikutuksen erityisell\u00e4 heijastinrakenteellaan, ja se antaa modernin ja houkuttelevan ulkon\u00e4\u00f6n lis\u00e4ksi v\u00e4hent\u00e4\u00e4 h\u00e4ik\u00e4isy\u00e4, mik\u00e4 parantaa n\u00e4kyvyytt\u00e4 tiell\u00e4. Sit\u00e4 voidaan k\u00e4ytt\u00e4\u00e4 sek\u00e4 ylim\u00e4\u00e4r\u00e4isen\u00e4 LED-kaukovalona ett\u00e4 tehokkaana ty\u00f6valona. Valo on t\u00e4ysin ECE-hyv\u00e4ksytty molemmissa versioissa, joten se soveltuu k\u00e4ytett\u00e4v\u00e4ksi yleisill\u00e4 teill\u00e4. <br \/> Lis\u00e4ksi OSRAM on kehitt\u00e4nyt erityisesti suunnitellun asennussarjan, joka on yhteensopiva kaikkien FX Gen 2 -toiminnallisen sarjan lis\u00e4valojen kanssa ja joka voidaan asentaa erikseen. Monipuolinen valaisin kest\u00e4\u00e4 vaativia ymp\u00e4rist\u00f6olosuhteita laadukkaiden materiaaliensa, kuten alumiinikotelon ja vankan polykarbonaattilinssin, ansiosta, ja se on sek\u00e4 kevyt ett\u00e4 kest\u00e4v\u00e4. T\u00e4ydellinen napaisuussuojaus suojaa ylij\u00e4nnitteen aiheuttamilta vaurioilta ja pident\u00e4\u00e4 my\u00f6s osaltaan valon k\u00e4ytt\u00f6ik\u00e4\u00e4. <\/p>","protected":false},"excerpt":{"rendered":"<p>Lis\u00e4valo - lis\u00e4sovellus kaukovalona - yksitt\u00e4isen yksik\u00f6n keskusasennus.<\/p>","protected":false},"featured_media":8186,"comment_status":"closed","ping_status":"closed","template":"","meta":{"_acf_changed":false,"_smort_price_nok":"1774","_smort_price_dkk":"2304","_smort_price_eur":"308.62","_smort_sale_price_nok":"1774","_smort_sale_price_dkk":"","_smort_sale_price_eur":"185.17","smort_restorder":"","shipmondo_restorder":"","_kad_blocks_custom_css":"","_kad_blocks_head_custom_js":"","_kad_blocks_body_custom_js":"","_kad_blocks_footer_custom_js":"","smort_custom_pricelist_1":"2444.4","smort_custom_pricelist_2":"2037","smort_custom_pricelist_3":"2037","smort_custom_pricelist_4":"2716","smort_custom_pricelist_5":"2037"},"anvandningsomrade":[],"bilmarken":[],"product_brand":[108],"product_cat":[2966,2539,2640,2183,1402],"product_tag":[],"class_list":{"0":"post-8185","1":"product","2":"type-product","3":"status-publish","4":"has-post-thumbnail","6":"product_brand-osram","7":"product_cat-ledramp-rak","8":"product_cat-ledramper","9":"product_cat-osram-ledriving-ledramper","10":"product_cat-osram-ledriving","11":"product_cat-outlet","12":"pa_fargtemperatur-1428","13":"pa_fuktskydd-varde-ipxx-ip6k8-ip6k9k","14":"pa_godkannande-e57-r10-2-x-r149","15":"pa_lampsockel-kontakt-dt04-2p-dt06-2s","16":"pa_storlek-mm-830x4370x54","18":"first","19":"instock","20":"sale","21":"taxable","22":"shipping-taxable","23":"purchasable","24":"product-type-simple"},"bundled_by":[],"bundle_stock_status":"instock","bundle_stock_quantity":10,"bundle_virtual":false,"bundle_layout":"","bundle_add_to_cart_form_location":"","bundle_editable_in_cart":false,"bundle_sold_individually_context":"","bundle_item_grouping":"","bundle_min_size":"","bundle_max_size":"","bundle_price":[],"bundled_items":[],"bundle_sell_ids":[],"acf":[],"yoast_head":"<!-- This site is optimized with the Yoast SEO plugin v27.0 - https:\/\/yoast.com\/product\/yoast-seo-wordpress\/ -->\n<title>Lightbar FX500-CB SM GEN 2 - Xenonkungen<\/title>\n<meta name=\"robots\" content=\"index, follow, max-snippet:-1, max-image-preview:large, max-video-preview:-1\" \/>\n<link rel=\"canonical\" href=\"https:\/\/xenonkungen.com\/fi\/tuote\/valopalkki-fx500-cb-sm-sukupolvi-2\/\" \/>\n<meta property=\"og:locale\" content=\"fi_FI\" \/>\n<meta property=\"og:type\" content=\"article\" \/>\n<meta property=\"og:title\" content=\"Lightbar FX500-CB SM GEN 2 - Xenonkungen\" \/>\n<meta property=\"og:description\" content=\"Extraljus \u2013 extra till\u00e4mpning som helljus \u2013 central montering av enkel enhet\" \/>\n<meta property=\"og:url\" content=\"https:\/\/xenonkungen.com\/fi\/tuote\/valopalkki-fx500-cb-sm-sukupolvi-2\/\" \/>\n<meta property=\"og:site_name\" content=\"Xenonkungen\" \/>\n<meta property=\"article:modified_time\" content=\"2026-04-09T14:17:20+00:00\" \/>\n<meta property=\"og:image\" content=\"https:\/\/xenonkungen.com\/wp-content\/uploads\/2025\/04\/211836545-origpic-b4542f.webp\" \/>\n\t<meta property=\"og:image:width\" content=\"1080\" \/>\n\t<meta property=\"og:image:height\" content=\"1080\" \/>\n\t<meta property=\"og:image:type\" content=\"image\/webp\" \/>\n<meta name=\"twitter:card\" content=\"summary_large_image\" \/>\n<meta name=\"twitter:label1\" content=\"Arvioitu lukuaika\" \/>\n\t<meta name=\"twitter:data1\" content=\"1 minuutti\" \/>\n<script type=\"application\/ld+json\" class=\"yoast-schema-graph\">{\"@context\":\"https:\/\/schema.org\",\"@graph\":[{\"@type\":\"WebPage\",\"@id\":\"https:\/\/xenonkungen.com\/produkt\/lightbar-fx500-cb-sm-gen-2\/\",\"url\":\"https:\/\/xenonkungen.com\/produkt\/lightbar-fx500-cb-sm-gen-2\/\",\"name\":\"Lightbar FX500-CB SM GEN 2 - Xenonkungen\",\"isPartOf\":{\"@id\":\"https:\/\/xenonkungen.com\/#website\"},\"primaryImageOfPage\":{\"@id\":\"https:\/\/xenonkungen.com\/produkt\/lightbar-fx500-cb-sm-gen-2\/#primaryimage\"},\"image\":{\"@id\":\"https:\/\/xenonkungen.com\/produkt\/lightbar-fx500-cb-sm-gen-2\/#primaryimage\"},\"thumbnailUrl\":\"https:\/\/xenonkungen.com\/wp-content\/uploads\/2025\/04\/211836545-origpic-b4542f.webp\",\"datePublished\":\"2025-04-15T10:04:26+00:00\",\"dateModified\":\"2026-04-09T14:17:20+00:00\",\"breadcrumb\":{\"@id\":\"https:\/\/xenonkungen.com\/produkt\/lightbar-fx500-cb-sm-gen-2\/#breadcrumb\"},\"inLanguage\":\"fi\",\"potentialAction\":[{\"@type\":\"ReadAction\",\"target\":[\"https:\/\/xenonkungen.com\/produkt\/lightbar-fx500-cb-sm-gen-2\/\"]}]},{\"@type\":\"ImageObject\",\"inLanguage\":\"fi\",\"@id\":\"https:\/\/xenonkungen.com\/produkt\/lightbar-fx500-cb-sm-gen-2\/#primaryimage\",\"url\":\"https:\/\/xenonkungen.com\/wp-content\/uploads\/2025\/04\/211836545-origpic-b4542f.webp\",\"contentUrl\":\"https:\/\/xenonkungen.com\/wp-content\/uploads\/2025\/04\/211836545-origpic-b4542f.webp\",\"width\":1080,\"height\":1080},{\"@type\":\"BreadcrumbList\",\"@id\":\"https:\/\/xenonkungen.com\/produkt\/lightbar-fx500-cb-sm-gen-2\/#breadcrumb\",\"itemListElement\":[{\"@type\":\"ListItem\",\"position\":1,\"name\":\"Hem\",\"item\":\"https:\/\/xenonkungen.com\/\"},{\"@type\":\"ListItem\",\"position\":2,\"name\":\"Shop\",\"item\":\"https:\/\/xenonkungen.com\/shop\/\"},{\"@type\":\"ListItem\",\"position\":3,\"name\":\"Lightbar FX500-CB SM GEN 2\"}]},{\"@type\":\"WebSite\",\"@id\":\"https:\/\/xenonkungen.com\/#website\",\"url\":\"https:\/\/xenonkungen.com\/\",\"name\":\"Xenonkungen\",\"description\":\"\",\"potentialAction\":[{\"@type\":\"SearchAction\",\"target\":{\"@type\":\"EntryPoint\",\"urlTemplate\":\"https:\/\/xenonkungen.com\/?s={search_term_string}\"},\"query-input\":{\"@type\":\"PropertyValueSpecification\",\"valueRequired\":true,\"valueName\":\"search_term_string\"}}],\"inLanguage\":\"fi\"}]}<\/script>\n<!-- \/ Yoast SEO plugin. -->","yoast_head_json":{"title":"Valopalkki FX500-CB SM GEN 2 - Xenon-kuningas","robots":{"index":"index","follow":"follow","max-snippet":"max-snippet:-1","max-image-preview":"max-image-preview:large","max-video-preview":"max-video-preview:-1"},"canonical":"https:\/\/xenonkungen.com\/fi\/tuote\/valopalkki-fx500-cb-sm-sukupolvi-2\/","og_locale":"fi_FI","og_type":"article","og_title":"Lightbar FX500-CB SM GEN 2 - Xenonkungen","og_description":"Extraljus \u2013 extra till\u00e4mpning som helljus \u2013 central montering av enkel enhet","og_url":"https:\/\/xenonkungen.com\/fi\/tuote\/valopalkki-fx500-cb-sm-sukupolvi-2\/","og_site_name":"Xenonkungen","article_modified_time":"2026-04-09T14:17:20+00:00","og_image":[{"width":1080,"height":1080,"url":"https:\/\/xenonkungen.com\/wp-content\/uploads\/2025\/04\/211836545-origpic-b4542f.webp","type":"image\/webp"}],"twitter_card":"summary_large_image","twitter_misc":{"Arvioitu lukuaika":"1 minuutti"},"schema":{"@context":"https:\/\/schema.org","@graph":[{"@type":"WebPage","@id":"https:\/\/xenonkungen.com\/produkt\/lightbar-fx500-cb-sm-gen-2\/","url":"https:\/\/xenonkungen.com\/produkt\/lightbar-fx500-cb-sm-gen-2\/","name":"Valopalkki FX500-CB SM GEN 2 - Xenon-kuningas","isPartOf":{"@id":"https:\/\/xenonkungen.com\/#website"},"primaryImageOfPage":{"@id":"https:\/\/xenonkungen.com\/produkt\/lightbar-fx500-cb-sm-gen-2\/#primaryimage"},"image":{"@id":"https:\/\/xenonkungen.com\/produkt\/lightbar-fx500-cb-sm-gen-2\/#primaryimage"},"thumbnailUrl":"https:\/\/xenonkungen.com\/wp-content\/uploads\/2025\/04\/211836545-origpic-b4542f.webp","datePublished":"2025-04-15T10:04:26+00:00","dateModified":"2026-04-09T14:17:20+00:00","breadcrumb":{"@id":"https:\/\/xenonkungen.com\/produkt\/lightbar-fx500-cb-sm-gen-2\/#breadcrumb"},"inLanguage":"fi","potentialAction":[{"@type":"ReadAction","target":["https:\/\/xenonkungen.com\/produkt\/lightbar-fx500-cb-sm-gen-2\/"]}]},{"@type":"ImageObject","inLanguage":"fi","@id":"https:\/\/xenonkungen.com\/produkt\/lightbar-fx500-cb-sm-gen-2\/#primaryimage","url":"https:\/\/xenonkungen.com\/wp-content\/uploads\/2025\/04\/211836545-origpic-b4542f.webp","contentUrl":"https:\/\/xenonkungen.com\/wp-content\/uploads\/2025\/04\/211836545-origpic-b4542f.webp","width":1080,"height":1080},{"@type":"BreadcrumbList","@id":"https:\/\/xenonkungen.com\/produkt\/lightbar-fx500-cb-sm-gen-2\/#breadcrumb","itemListElement":[{"@type":"ListItem","position":1,"name":"Hem","item":"https:\/\/xenonkungen.com\/"},{"@type":"ListItem","position":2,"name":"Shop","item":"https:\/\/xenonkungen.com\/shop\/"},{"@type":"ListItem","position":3,"name":"Lightbar FX500-CB SM GEN 2"}]},{"@type":"WebSite","@id":"https:\/\/xenonkungen.com\/#website","url":"https:\/\/xenonkungen.com\/","name":"Xenonkungen","description":"","potentialAction":[{"@type":"SearchAction","target":{"@type":"EntryPoint","urlTemplate":"https:\/\/xenonkungen.com\/?s={search_term_string}"},"query-input":{"@type":"PropertyValueSpecification","valueRequired":true,"valueName":"search_term_string"}}],"inLanguage":"fi"}]}},"taxonomy_info":{"product_brand":[{"value":108,"label":"OSRAM"}],"product_cat":[{"value":2966,"label":"Ledramp Rak"},{"value":2539,"label":"LEDRAMPER"},{"value":2640,"label":"OSRAM Ledriving"},{"value":2183,"label":"OSRAM LEDriving\u00ae"},{"value":1402,"label":"Outlet"}],"pa_fargtemperatur":[{"value":1428,"label":"6000"}],"pa_fuktskydd-varde-ipxx":[{"value":1996,"label":"IP6K8 IP6K9K"}],"pa_godkannande":[{"value":2042,"label":"E57, R10, 2 x R149"}],"pa_lampsockel-kontakt":[{"value":2041,"label":"DT04-2P, DT06-2S"}],"pa_storlek-mm":[{"value":2040,"label":"830x4370x54"}]},"featured_image_src_large":["https:\/\/xenonkungen.com\/wp-content\/uploads\/2025\/04\/211836545-origpic-b4542f-1024x1024.webp",1024,1024,true],"author_info":[],"comment_info":0,"_links":{"self":[{"href":"https:\/\/xenonkungen.com\/fi\/wp-json\/wp\/v2\/product\/8185","targetHints":{"allow":["GET"]}}],"collection":[{"href":"https:\/\/xenonkungen.com\/fi\/wp-json\/wp\/v2\/product"}],"about":[{"href":"https:\/\/xenonkungen.com\/fi\/wp-json\/wp\/v2\/types\/product"}],"replies":[{"embeddable":true,"href":"https:\/\/xenonkungen.com\/fi\/wp-json\/wp\/v2\/comments?post=8185"}],"wp:featuredmedia":[{"embeddable":true,"href":"https:\/\/xenonkungen.com\/fi\/wp-json\/wp\/v2\/media\/8186"}],"wp:attachment":[{"href":"https:\/\/xenonkungen.com\/fi\/wp-json\/wp\/v2\/media?parent=8185"}],"wp:term":[{"taxonomy":"anvandningsomrade","embeddable":true,"href":"https:\/\/xenonkungen.com\/fi\/wp-json\/wp\/v2\/anvandningsomrade?post=8185"},{"taxonomy":"bilmarken","embeddable":true,"href":"https:\/\/xenonkungen.com\/fi\/wp-json\/wp\/v2\/bilmarken?post=8185"},{"taxonomy":"product_brand","embeddable":true,"href":"https:\/\/xenonkungen.com\/fi\/wp-json\/wp\/v2\/product_brand?post=8185"},{"taxonomy":"product_cat","embeddable":true,"href":"https:\/\/xenonkungen.com\/fi\/wp-json\/wp\/v2\/product_cat?post=8185"},{"taxonomy":"product_tag","embeddable":true,"href":"https:\/\/xenonkungen.com\/fi\/wp-json\/wp\/v2\/product_tag?post=8185"}],"curies":[{"name":"wp","href":"https:\/\/api.w.org\/{rel}","templated":true}]}}