{"id":8247,"date":"2025-04-15T10:05:03","date_gmt":"2025-04-15T10:05:03","guid":{"rendered":"https:\/\/xenonkungen.com\/product\/steg-lampa-kromrod\/"},"modified":"2026-04-21T14:18:37","modified_gmt":"2026-04-21T13:18:37","slug":"askelvalaisin-kromitanko","status":"publish","type":"product","link":"https:\/\/xenonkungen.com\/fi\/tuote\/askelvalaisin-kromitanko\/","title":{"rendered":"Askelvalaisin Kromi|Punainen"},"content":{"rendered":"<h1>Tyylik\u00e4s punainen ajoneuvon lamppu<\/h1>\n<p>T\u00e4m\u00e4 tyylik\u00e4s valaisin sopii erinomaisesti sek\u00e4 ajoneuvojen sis\u00e4- ett\u00e4 ulkok\u00e4ytt\u00f6\u00f6n, ja se on suunniteltu valaisemaan pienempi\u00e4 alueita kauniilla punaisella hehkulla. Valaisin on valmistettu kromatusta metallirungosta ja iskunkest\u00e4v\u00e4st\u00e4 polykarbonaattilinssist\u00e4, jonka v\u00e4ri on erottuva punainen, ja se tarjoaa sek\u00e4 esteettisesti miellytt\u00e4v\u00e4\u00e4 muotoilua ett\u00e4 kest\u00e4vyytt\u00e4.<\/p>\n<h2>Tekniset tiedot<\/h2>\n<ul>\n<li>Valon hajonta: 120 astetta<\/li>\n<li>Materiaali: Kromattu metallirunko, iskunkest\u00e4v\u00e4 polykarbonaattilinssi.<\/li>\n<li>V\u00e4ri: punainen<\/li>\n<li>IP67-luokitus: Iskun- ja t\u00e4rin\u00e4nkest\u00e4v\u00e4, t\u00e4ysin upotuskelpoinen.<\/li>\n<li>Oikosulkusuojattu<\/li>\n<\/ul>\n<h2>Ominaisuudet ja hy\u00f6dyt<\/h2>\n<p>T\u00e4ss\u00e4 valaisimessa yhdistyv\u00e4t edistyksellinen LED-tekniikka ja hillitty ja tyylik\u00e4s muotoilu, joka parantaa sek\u00e4 turvallisuutta ett\u00e4 ajoneuvon ulkon\u00e4k\u00f6\u00e4. Sen vankka rakenne takaa pitk\u00e4aikaisen ja luotettavan toiminnan kaikissa s\u00e4\u00e4olosuhteissa.<\/p>\n<ul>\n<li>Kehittynyt LED-tekniikka tehokasta valaistusta varten<\/li>\n<li>Tyylik\u00e4s ja huomaamaton muotoilu, joka t\u00e4ydent\u00e4\u00e4 ajoneuvon ulkon\u00e4k\u00f6\u00e4.<\/li>\n<li>Joustavat asennusvaihtoehdot r\u00e4\u00e4t\u00e4l\u00f6ity\u00e4 asennusta varten<\/li>\n<li>Ihanteellinen kaikentyyppisiin ajoneuvoihin, mukaan lukien ty\u00f6- ja vapaa-ajan ajoneuvot.<\/li>\n<\/ul>","protected":false},"excerpt":{"rendered":"<p>Elegant R\u00f6d Fordonslampa Denna snygga lampa \u00e4r perfekt f\u00f6r b\u00e5de interi\u00f6rt och exteri\u00f6rt montage p\u00e5 fordon, designad f\u00f6r att lysa upp mindre omr\u00e5den med en vacker r\u00f6d gl\u00f6d. Tillverkad med ett krompl\u00e4terat metallhus och en slagt\u00e5lig polycarbonatlins i en distinkt r\u00f6d f\u00e4rg, erbjuder denna lampa b\u00e5de estetisk tilltalande design och h\u00e5llbarhet. Specifikationer Ljusspridning: 120 grader [&hellip;]<\/p>","protected":false},"featured_media":8248,"comment_status":"closed","ping_status":"open","template":"","meta":{"_acf_changed":false,"_smort_price_nok":"203","_smort_price_dkk":"129","_smort_price_eur":"17.27","_smort_sale_price_nok":"","_smort_sale_price_dkk":"","_smort_sale_price_eur":"","smort_restorder":"","shipmondo_restorder":"","_kad_blocks_custom_css":"","_kad_blocks_head_custom_js":"","_kad_blocks_body_custom_js":"","_kad_blocks_footer_custom_js":"","smort_custom_pricelist_1":"106.4","smort_custom_pricelist_2":"106.4","smort_custom_pricelist_3":"101.08","smort_custom_pricelist_4":"152","smort_custom_pricelist_5":"106.4"},"anvandningsomrade":[166,238,2816],"bilmarken":[],"product_brand":[1252],"product_cat":[2478,2814],"product_tag":[],"class_list":{"0":"post-8247","1":"product","2":"type-product","3":"status-publish","4":"has-post-thumbnail","6":"anvandningsomrade-lastbil","7":"anvandningsomrade-slap","8":"anvandningsomrade-trailer","9":"product_brand-lea","10":"product_cat-positionsljus-slap","11":"product_cat-steg","12":"pa_fuktskydd-varde-ipxx-ip67","13":"pa_storlek-mm-65x30x24","14":"pa_stromforbrukning-003a-138v","15":"pa_stromforbrukning-004a-28v","16":"pa_volt-v-12-24","18":"first","19":"instock","20":"taxable","21":"shipping-taxable","22":"purchasable","23":"product-type-simple"},"bundled_by":[],"bundle_stock_status":"instock","bundle_stock_quantity":1,"bundle_virtual":false,"bundle_layout":"","bundle_add_to_cart_form_location":"","bundle_editable_in_cart":false,"bundle_sold_individually_context":"","bundle_item_grouping":"","bundle_min_size":"","bundle_max_size":"","bundle_price":[],"bundled_items":[],"bundle_sell_ids":[],"acf":[],"yoast_head":"<!-- This site is optimized with the Yoast SEO plugin v27.0 - https:\/\/yoast.com\/product\/yoast-seo-wordpress\/ -->\n<title>Steg Lampa Krom|R\u00f6d - Xenonkungen<\/title>\n<meta name=\"robots\" content=\"index, follow, max-snippet:-1, max-image-preview:large, max-video-preview:-1\" \/>\n<link rel=\"canonical\" href=\"https:\/\/xenonkungen.com\/fi\/tuote\/askelvalaisin-kromitanko\/\" \/>\n<meta property=\"og:locale\" content=\"fi_FI\" \/>\n<meta property=\"og:type\" content=\"article\" \/>\n<meta property=\"og:title\" content=\"Steg Lampa Krom|R\u00f6d - Xenonkungen\" \/>\n<meta property=\"og:description\" content=\"Elegant R\u00f6d Fordonslampa Denna snygga lampa \u00e4r perfekt f\u00f6r b\u00e5de interi\u00f6rt och exteri\u00f6rt montage p\u00e5 fordon, designad f\u00f6r att lysa upp mindre omr\u00e5den med en vacker r\u00f6d gl\u00f6d. Tillverkad med ett krompl\u00e4terat metallhus och en slagt\u00e5lig polycarbonatlins i en distinkt r\u00f6d f\u00e4rg, erbjuder denna lampa b\u00e5de estetisk tilltalande design och h\u00e5llbarhet. Specifikationer Ljusspridning: 120 grader [&hellip;]\" \/>\n<meta property=\"og:url\" content=\"https:\/\/xenonkungen.com\/fi\/tuote\/askelvalaisin-kromitanko\/\" \/>\n<meta property=\"og:site_name\" content=\"Xenonkungen\" \/>\n<meta property=\"article:modified_time\" content=\"2026-04-21T13:18:37+00:00\" \/>\n<meta property=\"og:image\" content=\"https:\/\/xenonkungen.com\/wp-content\/uploads\/2025\/04\/7338629-origpic-5c9210.jpg\" \/>\n\t<meta property=\"og:image:width\" content=\"500\" \/>\n\t<meta property=\"og:image:height\" content=\"500\" \/>\n\t<meta property=\"og:image:type\" content=\"image\/jpeg\" \/>\n<meta name=\"twitter:card\" content=\"summary_large_image\" \/>\n<meta name=\"twitter:label1\" content=\"Arvioitu lukuaika\" \/>\n\t<meta name=\"twitter:data1\" content=\"1 minuutti\" \/>\n<script type=\"application\/ld+json\" class=\"yoast-schema-graph\">{\"@context\":\"https:\/\/schema.org\",\"@graph\":[{\"@type\":\"WebPage\",\"@id\":\"https:\/\/xenonkungen.com\/en\/product\/step-lamp-chrome-rod\/\",\"url\":\"https:\/\/xenonkungen.com\/en\/product\/step-lamp-chrome-rod\/\",\"name\":\"Steg Lampa Krom|R\u00f6d - Xenonkungen\",\"isPartOf\":{\"@id\":\"https:\/\/xenonkungen.com\/#website\"},\"primaryImageOfPage\":{\"@id\":\"https:\/\/xenonkungen.com\/en\/product\/step-lamp-chrome-rod\/#primaryimage\"},\"image\":{\"@id\":\"https:\/\/xenonkungen.com\/en\/product\/step-lamp-chrome-rod\/#primaryimage\"},\"thumbnailUrl\":\"https:\/\/xenonkungen.com\/wp-content\/uploads\/2025\/04\/7338629-origpic-5c9210.jpg\",\"datePublished\":\"2025-04-15T10:05:03+00:00\",\"dateModified\":\"2026-04-21T13:18:37+00:00\",\"breadcrumb\":{\"@id\":\"https:\/\/xenonkungen.com\/en\/product\/step-lamp-chrome-rod\/#breadcrumb\"},\"inLanguage\":\"fi\",\"potentialAction\":[{\"@type\":\"ReadAction\",\"target\":[\"https:\/\/xenonkungen.com\/en\/product\/step-lamp-chrome-rod\/\"]}]},{\"@type\":\"ImageObject\",\"inLanguage\":\"fi\",\"@id\":\"https:\/\/xenonkungen.com\/en\/product\/step-lamp-chrome-rod\/#primaryimage\",\"url\":\"https:\/\/xenonkungen.com\/wp-content\/uploads\/2025\/04\/7338629-origpic-5c9210.jpg\",\"contentUrl\":\"https:\/\/xenonkungen.com\/wp-content\/uploads\/2025\/04\/7338629-origpic-5c9210.jpg\",\"width\":500,\"height\":500},{\"@type\":\"BreadcrumbList\",\"@id\":\"https:\/\/xenonkungen.com\/en\/product\/step-lamp-chrome-rod\/#breadcrumb\",\"itemListElement\":[{\"@type\":\"ListItem\",\"position\":1,\"name\":\"Hem\",\"item\":\"https:\/\/xenonkungen.com\/\"},{\"@type\":\"ListItem\",\"position\":2,\"name\":\"Shop\",\"item\":\"https:\/\/xenonkungen.com\/shop\/\"},{\"@type\":\"ListItem\",\"position\":3,\"name\":\"Steg Lampa Krom|R\u00f6d\"}]},{\"@type\":\"WebSite\",\"@id\":\"https:\/\/xenonkungen.com\/#website\",\"url\":\"https:\/\/xenonkungen.com\/\",\"name\":\"Xenonkungen\",\"description\":\"\",\"potentialAction\":[{\"@type\":\"SearchAction\",\"target\":{\"@type\":\"EntryPoint\",\"urlTemplate\":\"https:\/\/xenonkungen.com\/?s={search_term_string}\"},\"query-input\":{\"@type\":\"PropertyValueSpecification\",\"valueRequired\":true,\"valueName\":\"search_term_string\"}}],\"inLanguage\":\"fi\"}]}<\/script>\n<!-- \/ Yoast SEO plugin. -->","yoast_head_json":{"title":"Askelvalaisin Kromi|Punainen - Xenonkungen","robots":{"index":"index","follow":"follow","max-snippet":"max-snippet:-1","max-image-preview":"max-image-preview:large","max-video-preview":"max-video-preview:-1"},"canonical":"https:\/\/xenonkungen.com\/fi\/tuote\/askelvalaisin-kromitanko\/","og_locale":"fi_FI","og_type":"article","og_title":"Steg Lampa Krom|R\u00f6d - Xenonkungen","og_description":"Elegant R\u00f6d Fordonslampa Denna snygga lampa \u00e4r perfekt f\u00f6r b\u00e5de interi\u00f6rt och exteri\u00f6rt montage p\u00e5 fordon, designad f\u00f6r att lysa upp mindre omr\u00e5den med en vacker r\u00f6d gl\u00f6d. Tillverkad med ett krompl\u00e4terat metallhus och en slagt\u00e5lig polycarbonatlins i en distinkt r\u00f6d f\u00e4rg, erbjuder denna lampa b\u00e5de estetisk tilltalande design och h\u00e5llbarhet. Specifikationer Ljusspridning: 120 grader [&hellip;]","og_url":"https:\/\/xenonkungen.com\/fi\/tuote\/askelvalaisin-kromitanko\/","og_site_name":"Xenonkungen","article_modified_time":"2026-04-21T13:18:37+00:00","og_image":[{"width":500,"height":500,"url":"https:\/\/xenonkungen.com\/wp-content\/uploads\/2025\/04\/7338629-origpic-5c9210.jpg","type":"image\/jpeg"}],"twitter_card":"summary_large_image","twitter_misc":{"Arvioitu lukuaika":"1 minuutti"},"schema":{"@context":"https:\/\/schema.org","@graph":[{"@type":"WebPage","@id":"https:\/\/xenonkungen.com\/en\/product\/step-lamp-chrome-rod\/","url":"https:\/\/xenonkungen.com\/en\/product\/step-lamp-chrome-rod\/","name":"Askelvalaisin Kromi|Punainen - Xenonkungen","isPartOf":{"@id":"https:\/\/xenonkungen.com\/#website"},"primaryImageOfPage":{"@id":"https:\/\/xenonkungen.com\/en\/product\/step-lamp-chrome-rod\/#primaryimage"},"image":{"@id":"https:\/\/xenonkungen.com\/en\/product\/step-lamp-chrome-rod\/#primaryimage"},"thumbnailUrl":"https:\/\/xenonkungen.com\/wp-content\/uploads\/2025\/04\/7338629-origpic-5c9210.jpg","datePublished":"2025-04-15T10:05:03+00:00","dateModified":"2026-04-21T13:18:37+00:00","breadcrumb":{"@id":"https:\/\/xenonkungen.com\/en\/product\/step-lamp-chrome-rod\/#breadcrumb"},"inLanguage":"fi","potentialAction":[{"@type":"ReadAction","target":["https:\/\/xenonkungen.com\/en\/product\/step-lamp-chrome-rod\/"]}]},{"@type":"ImageObject","inLanguage":"fi","@id":"https:\/\/xenonkungen.com\/en\/product\/step-lamp-chrome-rod\/#primaryimage","url":"https:\/\/xenonkungen.com\/wp-content\/uploads\/2025\/04\/7338629-origpic-5c9210.jpg","contentUrl":"https:\/\/xenonkungen.com\/wp-content\/uploads\/2025\/04\/7338629-origpic-5c9210.jpg","width":500,"height":500},{"@type":"BreadcrumbList","@id":"https:\/\/xenonkungen.com\/en\/product\/step-lamp-chrome-rod\/#breadcrumb","itemListElement":[{"@type":"ListItem","position":1,"name":"Hem","item":"https:\/\/xenonkungen.com\/"},{"@type":"ListItem","position":2,"name":"Shop","item":"https:\/\/xenonkungen.com\/shop\/"},{"@type":"ListItem","position":3,"name":"Steg Lampa Krom|R\u00f6d"}]},{"@type":"WebSite","@id":"https:\/\/xenonkungen.com\/#website","url":"https:\/\/xenonkungen.com\/","name":"Xenonkungen","description":"","potentialAction":[{"@type":"SearchAction","target":{"@type":"EntryPoint","urlTemplate":"https:\/\/xenonkungen.com\/?s={search_term_string}"},"query-input":{"@type":"PropertyValueSpecification","valueRequired":true,"valueName":"search_term_string"}}],"inLanguage":"fi"}]}},"taxonomy_info":{"anvandningsomrade":[{"value":166,"label":"Lastbil"},{"value":238,"label":"SL\u00c4P"},{"value":2816,"label":"TRAILER"}],"product_brand":[{"value":1252,"label":"LEA"}],"product_cat":[{"value":2478,"label":"Positionsljus"},{"value":2814,"label":"Steg"}],"pa_fuktskydd-varde-ipxx":[{"value":333,"label":"IP67"}],"pa_storlek-mm":[{"value":2049,"label":"65x30x24"}],"pa_stromforbrukning":[{"value":1829,"label":"0,03A @13,8V"},{"value":1872,"label":"0,04A @28V"}],"pa_volt-v":[{"value":348,"label":"12, 24"}]},"featured_image_src_large":["https:\/\/xenonkungen.com\/wp-content\/uploads\/2025\/04\/7338629-origpic-5c9210.jpg",500,500,false],"author_info":[],"comment_info":0,"_links":{"self":[{"href":"https:\/\/xenonkungen.com\/fi\/wp-json\/wp\/v2\/product\/8247","targetHints":{"allow":["GET"]}}],"collection":[{"href":"https:\/\/xenonkungen.com\/fi\/wp-json\/wp\/v2\/product"}],"about":[{"href":"https:\/\/xenonkungen.com\/fi\/wp-json\/wp\/v2\/types\/product"}],"replies":[{"embeddable":true,"href":"https:\/\/xenonkungen.com\/fi\/wp-json\/wp\/v2\/comments?post=8247"}],"wp:featuredmedia":[{"embeddable":true,"href":"https:\/\/xenonkungen.com\/fi\/wp-json\/wp\/v2\/media\/8248"}],"wp:attachment":[{"href":"https:\/\/xenonkungen.com\/fi\/wp-json\/wp\/v2\/media?parent=8247"}],"wp:term":[{"taxonomy":"anvandningsomrade","embeddable":true,"href":"https:\/\/xenonkungen.com\/fi\/wp-json\/wp\/v2\/anvandningsomrade?post=8247"},{"taxonomy":"bilmarken","embeddable":true,"href":"https:\/\/xenonkungen.com\/fi\/wp-json\/wp\/v2\/bilmarken?post=8247"},{"taxonomy":"product_brand","embeddable":true,"href":"https:\/\/xenonkungen.com\/fi\/wp-json\/wp\/v2\/product_brand?post=8247"},{"taxonomy":"product_cat","embeddable":true,"href":"https:\/\/xenonkungen.com\/fi\/wp-json\/wp\/v2\/product_cat?post=8247"},{"taxonomy":"product_tag","embeddable":true,"href":"https:\/\/xenonkungen.com\/fi\/wp-json\/wp\/v2\/product_tag?post=8247"}],"curies":[{"name":"wp","href":"https:\/\/api.w.org\/{rel}","templated":true}]}}