{"id":8253,"date":"2025-04-15T10:05:08","date_gmt":"2025-04-15T10:05:08","guid":{"rendered":"https:\/\/xenonkungen.com\/product\/interior-led-list-100mmbla\/"},"modified":"2026-04-11T00:50:53","modified_gmt":"2026-04-10T23:50:53","slug":"sisainen-led-nauha-100-mm","status":"publish","type":"product","link":"https:\/\/xenonkungen.com\/fi\/tuote\/sisainen-led-nauha-100-mm\/","title":{"rendered":"Sis\u00e4tilojen LED-nauha 100 mm | Sininen"},"content":{"rendered":"<h1>Ohut 12 V:n LED-sis\u00e4valaistus \u2013 sininen<\/h1>\n<p>T\u00e4m\u00e4 moderni, ohut 12 V:n LED-sis\u00e4valo raikkaalla sinisell\u00e4 v\u00e4rill\u00e4 on t\u00e4ydellinen p\u00e4ivitys antamaan ajoneuvollesi ainutlaatuisen ilmeen. Sen kompakti koko, vain 10 mm korkea ja 25 mm leve\u00e4, tekee siit\u00e4 huomaamattoman mutta tehokkaan valonl\u00e4hteen sek\u00e4 sis\u00e4- ett\u00e4 ulkok\u00e4ytt\u00f6\u00f6n.<\/p>\n<h2>Tekniset tiedot:<\/h2>\n<ul>\n<li><strong>Valon sironta:<\/strong> 120 astetta<\/li>\n<li><strong>Materiaali:<\/strong> ABS-runko, iskunkest\u00e4v\u00e4 polykarbonaattilinssi<\/li>\n<li><strong>V\u00e4ri:<\/strong> Sininen v\u00e4ri<\/li>\n<li><strong>IP67-luokitus:<\/strong> Iskun- ja t\u00e4rin\u00e4nkest\u00e4v\u00e4, t\u00e4ysin upotuskelpoinen.<\/li>\n<li><strong>Oikosulkusuojattu<\/strong><\/li>\n<\/ul>\n<h2>Ominaisuudet ja edut:<\/h2>\n<ul>\n<li>K\u00e4ytt\u00e4\u00e4 edistynytt\u00e4 LED-tekniikkaa kirkkaan ja tehokkaan valaistuksen takaamiseksi.<\/li>\n<li>Tyylik\u00e4s ja huomaamaton muotoilu sopii hyvin ajoneuvon estetiikkaan.<\/li>\n<li>Tarjoaa joustavia kiinnitysvaihtoehtoja helppoa asennusta varten.<\/li>\n<li>T\u00e4ydellinen kaikentyyppisiin ajoneuvoihin, mukaan lukien ty\u00f6- ja vapaa-ajan ajoneuvoihin, turvallisuuden ja n\u00e4kyvyyden parantamiseksi.<\/li>\n<\/ul>","protected":false},"excerpt":{"rendered":"<p>Slim 12V LED Interi\u00f6rbelysning &#8211; Bl\u00e5 Denna moderna Slim 12V LED interi\u00f6rbelysning med en fr\u00e4sch bl\u00e5 f\u00e4rg \u00e4r den perfekta uppgraderingen f\u00f6r att ge ditt fordon en unik touch. Dess kompakta storlek, endast 10mm h\u00f6g och 25mm bred, g\u00f6r den till en diskret men kraftfull ljusk\u00e4lla f\u00f6r b\u00e5de interi\u00f6r och exteri\u00f6r anv\u00e4ndning. Specifikationer: Ljusspridning: 120 [&hellip;]<\/p>","protected":false},"featured_media":8254,"comment_status":"closed","ping_status":"open","template":"","meta":{"_acf_changed":false,"_smort_price_nok":"235","_smort_price_dkk":"149","_smort_price_eur":"20","_smort_sale_price_nok":"","_smort_sale_price_dkk":"","_smort_sale_price_eur":"","smort_restorder":"","shipmondo_restorder":"","_kad_blocks_custom_css":"","_kad_blocks_head_custom_js":"","_kad_blocks_body_custom_js":"","_kad_blocks_footer_custom_js":"","smort_custom_pricelist_1":"123.2","smort_custom_pricelist_2":"123.2","smort_custom_pricelist_3":"117.04","smort_custom_pricelist_4":"176","smort_custom_pricelist_5":"123.2"},"anvandningsomrade":[166,238,2816],"bilmarken":[],"product_brand":[1252],"product_cat":[2586],"product_tag":[],"class_list":{"0":"post-8253","1":"product","2":"type-product","3":"status-publish","4":"has-post-thumbnail","6":"anvandningsomrade-lastbil","7":"anvandningsomrade-slap","8":"anvandningsomrade-trailer","9":"product_brand-lea","10":"product_cat-interiorbelysning-slap","11":"pa_ljusspridning-grader-683","12":"pa_storlek-mm-100x25x10","13":"pa_stromforbrukning-006a-138v","14":"pa_volt-v-159","16":"first","17":"instock","18":"taxable","19":"shipping-taxable","20":"purchasable","21":"product-type-simple"},"bundled_by":[],"bundle_stock_status":"instock","bundle_stock_quantity":1,"bundle_virtual":false,"bundle_layout":"","bundle_add_to_cart_form_location":"","bundle_editable_in_cart":false,"bundle_sold_individually_context":"","bundle_item_grouping":"","bundle_min_size":"","bundle_max_size":"","bundle_price":[],"bundled_items":[],"bundle_sell_ids":[],"acf":[],"yoast_head":"<!-- This site is optimized with the Yoast SEO plugin v27.0 - https:\/\/yoast.com\/product\/yoast-seo-wordpress\/ -->\n<title>Interi\u00f6r LED-list 100mm|Bl\u00e5 - Xenonkungen<\/title>\n<meta name=\"robots\" content=\"index, follow, max-snippet:-1, max-image-preview:large, max-video-preview:-1\" \/>\n<link rel=\"canonical\" href=\"https:\/\/xenonkungen.com\/fi\/tuote\/sisainen-led-nauha-100-mm\/\" \/>\n<meta property=\"og:locale\" content=\"fi_FI\" \/>\n<meta property=\"og:type\" content=\"article\" \/>\n<meta property=\"og:title\" content=\"Interi\u00f6r LED-list 100mm|Bl\u00e5 - Xenonkungen\" \/>\n<meta property=\"og:description\" content=\"Slim 12V LED Interi\u00f6rbelysning &#8211; Bl\u00e5 Denna moderna Slim 12V LED interi\u00f6rbelysning med en fr\u00e4sch bl\u00e5 f\u00e4rg \u00e4r den perfekta uppgraderingen f\u00f6r att ge ditt fordon en unik touch. Dess kompakta storlek, endast 10mm h\u00f6g och 25mm bred, g\u00f6r den till en diskret men kraftfull ljusk\u00e4lla f\u00f6r b\u00e5de interi\u00f6r och exteri\u00f6r anv\u00e4ndning. Specifikationer: Ljusspridning: 120 [&hellip;]\" \/>\n<meta property=\"og:url\" content=\"https:\/\/xenonkungen.com\/fi\/tuote\/sisainen-led-nauha-100-mm\/\" \/>\n<meta property=\"og:site_name\" content=\"Xenonkungen\" \/>\n<meta property=\"article:modified_time\" content=\"2026-04-10T23:50:53+00:00\" \/>\n<meta property=\"og:image\" content=\"https:\/\/xenonkungen.com\/wp-content\/uploads\/2025\/04\/7363286-origpic-7c7811.jpg\" \/>\n\t<meta property=\"og:image:width\" content=\"600\" \/>\n\t<meta property=\"og:image:height\" content=\"600\" \/>\n\t<meta property=\"og:image:type\" content=\"image\/jpeg\" \/>\n<meta name=\"twitter:card\" content=\"summary_large_image\" \/>\n<meta name=\"twitter:label1\" content=\"Arvioitu lukuaika\" \/>\n\t<meta name=\"twitter:data1\" content=\"1 minuutti\" \/>\n<script type=\"application\/ld+json\" class=\"yoast-schema-graph\">{\"@context\":\"https:\/\/schema.org\",\"@graph\":[{\"@type\":\"WebPage\",\"@id\":\"https:\/\/xenonkungen.com\/dk\/vare\/interior-led-list-100mmbla\/\",\"url\":\"https:\/\/xenonkungen.com\/dk\/vare\/interior-led-list-100mmbla\/\",\"name\":\"Interi\u00f6r LED-list 100mm|Bl\u00e5 - Xenonkungen\",\"isPartOf\":{\"@id\":\"https:\/\/xenonkungen.com\/#website\"},\"primaryImageOfPage\":{\"@id\":\"https:\/\/xenonkungen.com\/dk\/vare\/interior-led-list-100mmbla\/#primaryimage\"},\"image\":{\"@id\":\"https:\/\/xenonkungen.com\/dk\/vare\/interior-led-list-100mmbla\/#primaryimage\"},\"thumbnailUrl\":\"https:\/\/xenonkungen.com\/wp-content\/uploads\/2025\/04\/7363286-origpic-7c7811.jpg\",\"datePublished\":\"2025-04-15T10:05:08+00:00\",\"dateModified\":\"2026-04-10T23:50:53+00:00\",\"breadcrumb\":{\"@id\":\"https:\/\/xenonkungen.com\/dk\/vare\/interior-led-list-100mmbla\/#breadcrumb\"},\"inLanguage\":\"fi\",\"potentialAction\":[{\"@type\":\"ReadAction\",\"target\":[\"https:\/\/xenonkungen.com\/dk\/vare\/interior-led-list-100mmbla\/\"]}]},{\"@type\":\"ImageObject\",\"inLanguage\":\"fi\",\"@id\":\"https:\/\/xenonkungen.com\/dk\/vare\/interior-led-list-100mmbla\/#primaryimage\",\"url\":\"https:\/\/xenonkungen.com\/wp-content\/uploads\/2025\/04\/7363286-origpic-7c7811.jpg\",\"contentUrl\":\"https:\/\/xenonkungen.com\/wp-content\/uploads\/2025\/04\/7363286-origpic-7c7811.jpg\",\"width\":600,\"height\":600},{\"@type\":\"BreadcrumbList\",\"@id\":\"https:\/\/xenonkungen.com\/dk\/vare\/interior-led-list-100mmbla\/#breadcrumb\",\"itemListElement\":[{\"@type\":\"ListItem\",\"position\":1,\"name\":\"Hem\",\"item\":\"https:\/\/xenonkungen.com\/\"},{\"@type\":\"ListItem\",\"position\":2,\"name\":\"Shop\",\"item\":\"https:\/\/xenonkungen.com\/shop\/\"},{\"@type\":\"ListItem\",\"position\":3,\"name\":\"Interi\u00f6r LED-list 100mm|Bl\u00e5\"}]},{\"@type\":\"WebSite\",\"@id\":\"https:\/\/xenonkungen.com\/#website\",\"url\":\"https:\/\/xenonkungen.com\/\",\"name\":\"Xenonkungen\",\"description\":\"\",\"potentialAction\":[{\"@type\":\"SearchAction\",\"target\":{\"@type\":\"EntryPoint\",\"urlTemplate\":\"https:\/\/xenonkungen.com\/?s={search_term_string}\"},\"query-input\":{\"@type\":\"PropertyValueSpecification\",\"valueRequired\":true,\"valueName\":\"search_term_string\"}}],\"inLanguage\":\"fi\"}]}<\/script>\n<!-- \/ Yoast SEO plugin. -->","yoast_head_json":{"title":"Sis\u00e4tilojen LED-nauha 100 mm | Sininen - Xenonkungen","robots":{"index":"index","follow":"follow","max-snippet":"max-snippet:-1","max-image-preview":"max-image-preview:large","max-video-preview":"max-video-preview:-1"},"canonical":"https:\/\/xenonkungen.com\/fi\/tuote\/sisainen-led-nauha-100-mm\/","og_locale":"fi_FI","og_type":"article","og_title":"Interi\u00f6r LED-list 100mm|Bl\u00e5 - Xenonkungen","og_description":"Slim 12V LED Interi\u00f6rbelysning &#8211; Bl\u00e5 Denna moderna Slim 12V LED interi\u00f6rbelysning med en fr\u00e4sch bl\u00e5 f\u00e4rg \u00e4r den perfekta uppgraderingen f\u00f6r att ge ditt fordon en unik touch. Dess kompakta storlek, endast 10mm h\u00f6g och 25mm bred, g\u00f6r den till en diskret men kraftfull ljusk\u00e4lla f\u00f6r b\u00e5de interi\u00f6r och exteri\u00f6r anv\u00e4ndning. Specifikationer: Ljusspridning: 120 [&hellip;]","og_url":"https:\/\/xenonkungen.com\/fi\/tuote\/sisainen-led-nauha-100-mm\/","og_site_name":"Xenonkungen","article_modified_time":"2026-04-10T23:50:53+00:00","og_image":[{"width":600,"height":600,"url":"https:\/\/xenonkungen.com\/wp-content\/uploads\/2025\/04\/7363286-origpic-7c7811.jpg","type":"image\/jpeg"}],"twitter_card":"summary_large_image","twitter_misc":{"Arvioitu lukuaika":"1 minuutti"},"schema":{"@context":"https:\/\/schema.org","@graph":[{"@type":"WebPage","@id":"https:\/\/xenonkungen.com\/dk\/vare\/interior-led-list-100mmbla\/","url":"https:\/\/xenonkungen.com\/dk\/vare\/interior-led-list-100mmbla\/","name":"Sis\u00e4tilojen LED-nauha 100 mm | Sininen - Xenonkungen","isPartOf":{"@id":"https:\/\/xenonkungen.com\/#website"},"primaryImageOfPage":{"@id":"https:\/\/xenonkungen.com\/dk\/vare\/interior-led-list-100mmbla\/#primaryimage"},"image":{"@id":"https:\/\/xenonkungen.com\/dk\/vare\/interior-led-list-100mmbla\/#primaryimage"},"thumbnailUrl":"https:\/\/xenonkungen.com\/wp-content\/uploads\/2025\/04\/7363286-origpic-7c7811.jpg","datePublished":"2025-04-15T10:05:08+00:00","dateModified":"2026-04-10T23:50:53+00:00","breadcrumb":{"@id":"https:\/\/xenonkungen.com\/dk\/vare\/interior-led-list-100mmbla\/#breadcrumb"},"inLanguage":"fi","potentialAction":[{"@type":"ReadAction","target":["https:\/\/xenonkungen.com\/dk\/vare\/interior-led-list-100mmbla\/"]}]},{"@type":"ImageObject","inLanguage":"fi","@id":"https:\/\/xenonkungen.com\/dk\/vare\/interior-led-list-100mmbla\/#primaryimage","url":"https:\/\/xenonkungen.com\/wp-content\/uploads\/2025\/04\/7363286-origpic-7c7811.jpg","contentUrl":"https:\/\/xenonkungen.com\/wp-content\/uploads\/2025\/04\/7363286-origpic-7c7811.jpg","width":600,"height":600},{"@type":"BreadcrumbList","@id":"https:\/\/xenonkungen.com\/dk\/vare\/interior-led-list-100mmbla\/#breadcrumb","itemListElement":[{"@type":"ListItem","position":1,"name":"Hem","item":"https:\/\/xenonkungen.com\/"},{"@type":"ListItem","position":2,"name":"Shop","item":"https:\/\/xenonkungen.com\/shop\/"},{"@type":"ListItem","position":3,"name":"Interi\u00f6r LED-list 100mm|Bl\u00e5"}]},{"@type":"WebSite","@id":"https:\/\/xenonkungen.com\/#website","url":"https:\/\/xenonkungen.com\/","name":"Xenonkungen","description":"","potentialAction":[{"@type":"SearchAction","target":{"@type":"EntryPoint","urlTemplate":"https:\/\/xenonkungen.com\/?s={search_term_string}"},"query-input":{"@type":"PropertyValueSpecification","valueRequired":true,"valueName":"search_term_string"}}],"inLanguage":"fi"}]}},"taxonomy_info":{"anvandningsomrade":[{"value":166,"label":"Lastbil"},{"value":238,"label":"SL\u00c4P"},{"value":2816,"label":"TRAILER"}],"product_brand":[{"value":1252,"label":"LEA"}],"product_cat":[{"value":2586,"label":"Interi\u00f6rbelysning"}],"pa_ljusspridning-grader":[{"value":683,"label":"120"}],"pa_storlek-mm":[{"value":2051,"label":"100x25x10"}],"pa_stromforbrukning":[{"value":2052,"label":"0,06A @13,8V"}],"pa_volt-v":[{"value":159,"label":"12"}]},"featured_image_src_large":["https:\/\/xenonkungen.com\/wp-content\/uploads\/2025\/04\/7363286-origpic-7c7811.jpg",600,600,false],"author_info":[],"comment_info":0,"_links":{"self":[{"href":"https:\/\/xenonkungen.com\/fi\/wp-json\/wp\/v2\/product\/8253","targetHints":{"allow":["GET"]}}],"collection":[{"href":"https:\/\/xenonkungen.com\/fi\/wp-json\/wp\/v2\/product"}],"about":[{"href":"https:\/\/xenonkungen.com\/fi\/wp-json\/wp\/v2\/types\/product"}],"replies":[{"embeddable":true,"href":"https:\/\/xenonkungen.com\/fi\/wp-json\/wp\/v2\/comments?post=8253"}],"wp:featuredmedia":[{"embeddable":true,"href":"https:\/\/xenonkungen.com\/fi\/wp-json\/wp\/v2\/media\/8254"}],"wp:attachment":[{"href":"https:\/\/xenonkungen.com\/fi\/wp-json\/wp\/v2\/media?parent=8253"}],"wp:term":[{"taxonomy":"anvandningsomrade","embeddable":true,"href":"https:\/\/xenonkungen.com\/fi\/wp-json\/wp\/v2\/anvandningsomrade?post=8253"},{"taxonomy":"bilmarken","embeddable":true,"href":"https:\/\/xenonkungen.com\/fi\/wp-json\/wp\/v2\/bilmarken?post=8253"},{"taxonomy":"product_brand","embeddable":true,"href":"https:\/\/xenonkungen.com\/fi\/wp-json\/wp\/v2\/product_brand?post=8253"},{"taxonomy":"product_cat","embeddable":true,"href":"https:\/\/xenonkungen.com\/fi\/wp-json\/wp\/v2\/product_cat?post=8253"},{"taxonomy":"product_tag","embeddable":true,"href":"https:\/\/xenonkungen.com\/fi\/wp-json\/wp\/v2\/product_tag?post=8253"}],"curies":[{"name":"wp","href":"https:\/\/api.w.org\/{rel}","templated":true}]}}