{"id":8256,"date":"2025-04-15T10:05:08","date_gmt":"2025-04-15T10:05:08","guid":{"rendered":"https:\/\/xenonkungen.com\/product\/interior-led-list-100mmgron\/"},"modified":"2026-04-11T00:50:56","modified_gmt":"2026-04-10T23:50:56","slug":"sisakayttoon-tarkoitettu-vihrea-led-nauha-100-mm","status":"publish","type":"product","link":"https:\/\/xenonkungen.com\/fi\/tuote\/sisakayttoon-tarkoitettu-vihrea-led-nauha-100-mm\/","title":{"rendered":"Sis\u00e4tilojen LED-nauha 100 mm | Vihre\u00e4"},"content":{"rendered":"<h1>Ohut 12 V:n LED-sis\u00e4valaistus \u2013 vihre\u00e4<\/h1>\n<p>T\u00e4m\u00e4 kapea 12 V:n LED-sis\u00e4valo on moderni ja tyylik\u00e4s p\u00e4ivitys ajoneuvoosi. Saatavilla nyt my\u00f6s eloisassa ja raikkaassa vihre\u00e4ss\u00e4 v\u00e4riss\u00e4. Minimalistisen profiilinsa ansiosta, vain 10 mm korkea ja 25 mm leve\u00e4, t\u00e4m\u00e4 valo integroituu saumattomasti ajoneuvon sis\u00e4- tai ulkopuolelle olematta tiell\u00e4.<\/p>\n<h2>Tekniset tiedot:<\/h2>\n<li><strong>Valon sironta:<\/strong> 120 astetta<\/li>\n<li><strong>Materiaali:<\/strong> ABS-runko, iskunkest\u00e4v\u00e4 polykarbonaattilinssi<\/li>\n<li><strong>V\u00e4ri:<\/strong> Vihre\u00e4 v\u00e4ri<\/li>\n<li><strong>IP67-luokitus:<\/strong> Iskun- ja t\u00e4rin\u00e4nkest\u00e4v\u00e4, t\u00e4ysin upotuskelpoinen.<\/li>\n<\/ul>\n<h2>Ominaisuudet ja edut:<\/h2>\n<li>Tehokas valaistus edistyneell\u00e4 LED-tekniikalla.<\/li>\n<li>Huomaamaton ja elegantti muotoilu, joka t\u00e4ydent\u00e4\u00e4 ajoneuvon ulkon\u00e4k\u00f6\u00e4.<\/li>\n<li>Joustava kiinnitys r\u00e4\u00e4t\u00e4l\u00f6ity\u00e4 asennusta varten.<\/li>\n<li>Ihanteellinen kaikentyyppisille ajoneuvoille, mukaan lukien ty\u00f6ajoneuvot ja vapaa-ajan ajoneuvot.<\/li>\n<\/ul>","protected":false},"excerpt":{"rendered":"<p>Slim 12V LED Interi\u00f6rbelysning &#8211; Gr\u00f6n Denna Slim 12V LED interi\u00f6rbelysning \u00e4r en modern och stilfull uppgradering f\u00f6r ditt fordon, nu tillg\u00e4nglig i en levande och frisk Gr\u00f6n f\u00e4rg. Med sin minimalistiska profil p\u00e5 endast 10mm i h\u00f6jd och 25mm i bredd, integreras denna belysning s\u00f6ml\u00f6st i fordonets interi\u00f6r eller exteri\u00f6r, utan att vara i [&hellip;]<\/p>","protected":false},"featured_media":8257,"comment_status":"closed","ping_status":"open","template":"","meta":{"_acf_changed":false,"_smort_price_nok":"235","_smort_price_dkk":"149","_smort_price_eur":"20","_smort_sale_price_nok":"","_smort_sale_price_dkk":"","_smort_sale_price_eur":"","smort_restorder":"","shipmondo_restorder":"","_kad_blocks_custom_css":"","_kad_blocks_head_custom_js":"","_kad_blocks_body_custom_js":"","_kad_blocks_footer_custom_js":"","smort_custom_pricelist_1":"123.2","smort_custom_pricelist_2":"123.2","smort_custom_pricelist_3":"117.04","smort_custom_pricelist_4":"176","smort_custom_pricelist_5":"123.2"},"anvandningsomrade":[166,238,2816],"bilmarken":[],"product_brand":[1252],"product_cat":[2586],"product_tag":[],"class_list":{"0":"post-8256","1":"product","2":"type-product","3":"status-publish","4":"has-post-thumbnail","6":"anvandningsomrade-lastbil","7":"anvandningsomrade-slap","8":"anvandningsomrade-trailer","9":"product_brand-lea","10":"product_cat-interiorbelysning-slap","11":"pa_ljusspridning-grader-683","12":"pa_storlek-mm-100x25x10","13":"pa_stromforbrukning-006a-138v","14":"pa_volt-v-159","16":"first","17":"onbackorder","18":"taxable","19":"shipping-taxable","20":"purchasable","21":"product-type-simple"},"bundled_by":[],"bundle_stock_status":"onbackorder","bundle_stock_quantity":0,"bundle_virtual":false,"bundle_layout":"","bundle_add_to_cart_form_location":"","bundle_editable_in_cart":false,"bundle_sold_individually_context":"","bundle_item_grouping":"","bundle_min_size":"","bundle_max_size":"","bundle_price":[],"bundled_items":[],"bundle_sell_ids":[],"acf":[],"yoast_head":"<!-- This site is optimized with the Yoast SEO plugin v27.0 - https:\/\/yoast.com\/product\/yoast-seo-wordpress\/ -->\n<title>Interi\u00f6r LED-list 100mm|Gr\u00f6n - Xenonkungen<\/title>\n<meta name=\"robots\" content=\"index, follow, max-snippet:-1, max-image-preview:large, max-video-preview:-1\" \/>\n<link rel=\"canonical\" href=\"https:\/\/xenonkungen.com\/fi\/tuote\/sisakayttoon-tarkoitettu-vihrea-led-nauha-100-mm\/\" \/>\n<meta property=\"og:locale\" content=\"fi_FI\" \/>\n<meta property=\"og:type\" content=\"article\" \/>\n<meta property=\"og:title\" content=\"Interi\u00f6r LED-list 100mm|Gr\u00f6n - Xenonkungen\" \/>\n<meta property=\"og:description\" content=\"Slim 12V LED Interi\u00f6rbelysning &#8211; Gr\u00f6n Denna Slim 12V LED interi\u00f6rbelysning \u00e4r en modern och stilfull uppgradering f\u00f6r ditt fordon, nu tillg\u00e4nglig i en levande och frisk Gr\u00f6n f\u00e4rg. Med sin minimalistiska profil p\u00e5 endast 10mm i h\u00f6jd och 25mm i bredd, integreras denna belysning s\u00f6ml\u00f6st i fordonets interi\u00f6r eller exteri\u00f6r, utan att vara i [&hellip;]\" \/>\n<meta property=\"og:url\" content=\"https:\/\/xenonkungen.com\/fi\/tuote\/sisakayttoon-tarkoitettu-vihrea-led-nauha-100-mm\/\" \/>\n<meta property=\"og:site_name\" content=\"Xenonkungen\" \/>\n<meta property=\"article:modified_time\" content=\"2026-04-10T23:50:56+00:00\" \/>\n<meta property=\"og:image\" content=\"https:\/\/xenonkungen.com\/wp-content\/uploads\/2025\/04\/7363320-origpic-f96347.jpg\" \/>\n\t<meta property=\"og:image:width\" content=\"600\" \/>\n\t<meta property=\"og:image:height\" content=\"600\" \/>\n\t<meta property=\"og:image:type\" content=\"image\/jpeg\" \/>\n<meta name=\"twitter:card\" content=\"summary_large_image\" \/>\n<meta name=\"twitter:label1\" content=\"Arvioitu lukuaika\" \/>\n\t<meta name=\"twitter:data1\" content=\"1 minuutti\" \/>\n<script type=\"application\/ld+json\" class=\"yoast-schema-graph\">{\"@context\":\"https:\/\/schema.org\",\"@graph\":[{\"@type\":\"WebPage\",\"@id\":\"https:\/\/xenonkungen.com\/nl\/product\/interior-led-list-100mmgron\/\",\"url\":\"https:\/\/xenonkungen.com\/nl\/product\/interior-led-list-100mmgron\/\",\"name\":\"Interi\u00f6r LED-list 100mm|Gr\u00f6n - Xenonkungen\",\"isPartOf\":{\"@id\":\"https:\/\/xenonkungen.com\/#website\"},\"primaryImageOfPage\":{\"@id\":\"https:\/\/xenonkungen.com\/nl\/product\/interior-led-list-100mmgron\/#primaryimage\"},\"image\":{\"@id\":\"https:\/\/xenonkungen.com\/nl\/product\/interior-led-list-100mmgron\/#primaryimage\"},\"thumbnailUrl\":\"https:\/\/xenonkungen.com\/wp-content\/uploads\/2025\/04\/7363320-origpic-f96347.jpg\",\"datePublished\":\"2025-04-15T10:05:08+00:00\",\"dateModified\":\"2026-04-10T23:50:56+00:00\",\"breadcrumb\":{\"@id\":\"https:\/\/xenonkungen.com\/nl\/product\/interior-led-list-100mmgron\/#breadcrumb\"},\"inLanguage\":\"fi\",\"potentialAction\":[{\"@type\":\"ReadAction\",\"target\":[\"https:\/\/xenonkungen.com\/nl\/product\/interior-led-list-100mmgron\/\"]}]},{\"@type\":\"ImageObject\",\"inLanguage\":\"fi\",\"@id\":\"https:\/\/xenonkungen.com\/nl\/product\/interior-led-list-100mmgron\/#primaryimage\",\"url\":\"https:\/\/xenonkungen.com\/wp-content\/uploads\/2025\/04\/7363320-origpic-f96347.jpg\",\"contentUrl\":\"https:\/\/xenonkungen.com\/wp-content\/uploads\/2025\/04\/7363320-origpic-f96347.jpg\",\"width\":600,\"height\":600},{\"@type\":\"BreadcrumbList\",\"@id\":\"https:\/\/xenonkungen.com\/nl\/product\/interior-led-list-100mmgron\/#breadcrumb\",\"itemListElement\":[{\"@type\":\"ListItem\",\"position\":1,\"name\":\"Hem\",\"item\":\"https:\/\/xenonkungen.com\/\"},{\"@type\":\"ListItem\",\"position\":2,\"name\":\"Shop\",\"item\":\"https:\/\/xenonkungen.com\/shop\/\"},{\"@type\":\"ListItem\",\"position\":3,\"name\":\"Interi\u00f6r LED-list 100mm|Gr\u00f6n\"}]},{\"@type\":\"WebSite\",\"@id\":\"https:\/\/xenonkungen.com\/#website\",\"url\":\"https:\/\/xenonkungen.com\/\",\"name\":\"Xenonkungen\",\"description\":\"\",\"potentialAction\":[{\"@type\":\"SearchAction\",\"target\":{\"@type\":\"EntryPoint\",\"urlTemplate\":\"https:\/\/xenonkungen.com\/?s={search_term_string}\"},\"query-input\":{\"@type\":\"PropertyValueSpecification\",\"valueRequired\":true,\"valueName\":\"search_term_string\"}}],\"inLanguage\":\"fi\"}]}<\/script>\n<!-- \/ Yoast SEO plugin. -->","yoast_head_json":{"title":"Sis\u00e4tilojen LED-nauha 100 mm | Vihre\u00e4 - Xenonkungen","robots":{"index":"index","follow":"follow","max-snippet":"max-snippet:-1","max-image-preview":"max-image-preview:large","max-video-preview":"max-video-preview:-1"},"canonical":"https:\/\/xenonkungen.com\/fi\/tuote\/sisakayttoon-tarkoitettu-vihrea-led-nauha-100-mm\/","og_locale":"fi_FI","og_type":"article","og_title":"Interi\u00f6r LED-list 100mm|Gr\u00f6n - Xenonkungen","og_description":"Slim 12V LED Interi\u00f6rbelysning &#8211; Gr\u00f6n Denna Slim 12V LED interi\u00f6rbelysning \u00e4r en modern och stilfull uppgradering f\u00f6r ditt fordon, nu tillg\u00e4nglig i en levande och frisk Gr\u00f6n f\u00e4rg. Med sin minimalistiska profil p\u00e5 endast 10mm i h\u00f6jd och 25mm i bredd, integreras denna belysning s\u00f6ml\u00f6st i fordonets interi\u00f6r eller exteri\u00f6r, utan att vara i [&hellip;]","og_url":"https:\/\/xenonkungen.com\/fi\/tuote\/sisakayttoon-tarkoitettu-vihrea-led-nauha-100-mm\/","og_site_name":"Xenonkungen","article_modified_time":"2026-04-10T23:50:56+00:00","og_image":[{"width":600,"height":600,"url":"https:\/\/xenonkungen.com\/wp-content\/uploads\/2025\/04\/7363320-origpic-f96347.jpg","type":"image\/jpeg"}],"twitter_card":"summary_large_image","twitter_misc":{"Arvioitu lukuaika":"1 minuutti"},"schema":{"@context":"https:\/\/schema.org","@graph":[{"@type":"WebPage","@id":"https:\/\/xenonkungen.com\/nl\/product\/interior-led-list-100mmgron\/","url":"https:\/\/xenonkungen.com\/nl\/product\/interior-led-list-100mmgron\/","name":"Sis\u00e4tilojen LED-nauha 100 mm | Vihre\u00e4 - Xenonkungen","isPartOf":{"@id":"https:\/\/xenonkungen.com\/#website"},"primaryImageOfPage":{"@id":"https:\/\/xenonkungen.com\/nl\/product\/interior-led-list-100mmgron\/#primaryimage"},"image":{"@id":"https:\/\/xenonkungen.com\/nl\/product\/interior-led-list-100mmgron\/#primaryimage"},"thumbnailUrl":"https:\/\/xenonkungen.com\/wp-content\/uploads\/2025\/04\/7363320-origpic-f96347.jpg","datePublished":"2025-04-15T10:05:08+00:00","dateModified":"2026-04-10T23:50:56+00:00","breadcrumb":{"@id":"https:\/\/xenonkungen.com\/nl\/product\/interior-led-list-100mmgron\/#breadcrumb"},"inLanguage":"fi","potentialAction":[{"@type":"ReadAction","target":["https:\/\/xenonkungen.com\/nl\/product\/interior-led-list-100mmgron\/"]}]},{"@type":"ImageObject","inLanguage":"fi","@id":"https:\/\/xenonkungen.com\/nl\/product\/interior-led-list-100mmgron\/#primaryimage","url":"https:\/\/xenonkungen.com\/wp-content\/uploads\/2025\/04\/7363320-origpic-f96347.jpg","contentUrl":"https:\/\/xenonkungen.com\/wp-content\/uploads\/2025\/04\/7363320-origpic-f96347.jpg","width":600,"height":600},{"@type":"BreadcrumbList","@id":"https:\/\/xenonkungen.com\/nl\/product\/interior-led-list-100mmgron\/#breadcrumb","itemListElement":[{"@type":"ListItem","position":1,"name":"Hem","item":"https:\/\/xenonkungen.com\/"},{"@type":"ListItem","position":2,"name":"Shop","item":"https:\/\/xenonkungen.com\/shop\/"},{"@type":"ListItem","position":3,"name":"Interi\u00f6r LED-list 100mm|Gr\u00f6n"}]},{"@type":"WebSite","@id":"https:\/\/xenonkungen.com\/#website","url":"https:\/\/xenonkungen.com\/","name":"Xenonkungen","description":"","potentialAction":[{"@type":"SearchAction","target":{"@type":"EntryPoint","urlTemplate":"https:\/\/xenonkungen.com\/?s={search_term_string}"},"query-input":{"@type":"PropertyValueSpecification","valueRequired":true,"valueName":"search_term_string"}}],"inLanguage":"fi"}]}},"taxonomy_info":{"anvandningsomrade":[{"value":166,"label":"Lastbil"},{"value":238,"label":"SL\u00c4P"},{"value":2816,"label":"TRAILER"}],"product_brand":[{"value":1252,"label":"LEA"}],"product_cat":[{"value":2586,"label":"Interi\u00f6rbelysning"}],"pa_ljusspridning-grader":[{"value":683,"label":"120"}],"pa_storlek-mm":[{"value":2051,"label":"100x25x10"}],"pa_stromforbrukning":[{"value":2052,"label":"0,06A @13,8V"}],"pa_volt-v":[{"value":159,"label":"12"}]},"featured_image_src_large":["https:\/\/xenonkungen.com\/wp-content\/uploads\/2025\/04\/7363320-origpic-f96347.jpg",600,600,false],"author_info":[],"comment_info":0,"_links":{"self":[{"href":"https:\/\/xenonkungen.com\/fi\/wp-json\/wp\/v2\/product\/8256","targetHints":{"allow":["GET"]}}],"collection":[{"href":"https:\/\/xenonkungen.com\/fi\/wp-json\/wp\/v2\/product"}],"about":[{"href":"https:\/\/xenonkungen.com\/fi\/wp-json\/wp\/v2\/types\/product"}],"replies":[{"embeddable":true,"href":"https:\/\/xenonkungen.com\/fi\/wp-json\/wp\/v2\/comments?post=8256"}],"wp:featuredmedia":[{"embeddable":true,"href":"https:\/\/xenonkungen.com\/fi\/wp-json\/wp\/v2\/media\/8257"}],"wp:attachment":[{"href":"https:\/\/xenonkungen.com\/fi\/wp-json\/wp\/v2\/media?parent=8256"}],"wp:term":[{"taxonomy":"anvandningsomrade","embeddable":true,"href":"https:\/\/xenonkungen.com\/fi\/wp-json\/wp\/v2\/anvandningsomrade?post=8256"},{"taxonomy":"bilmarken","embeddable":true,"href":"https:\/\/xenonkungen.com\/fi\/wp-json\/wp\/v2\/bilmarken?post=8256"},{"taxonomy":"product_brand","embeddable":true,"href":"https:\/\/xenonkungen.com\/fi\/wp-json\/wp\/v2\/product_brand?post=8256"},{"taxonomy":"product_cat","embeddable":true,"href":"https:\/\/xenonkungen.com\/fi\/wp-json\/wp\/v2\/product_cat?post=8256"},{"taxonomy":"product_tag","embeddable":true,"href":"https:\/\/xenonkungen.com\/fi\/wp-json\/wp\/v2\/product_tag?post=8256"}],"curies":[{"name":"wp","href":"https:\/\/api.w.org\/{rel}","templated":true}]}}