{"id":8262,"date":"2025-04-15T10:05:08","date_gmt":"2025-04-15T10:05:08","guid":{"rendered":"https:\/\/xenonkungen.com\/product\/interior-led-list-100mmrod\/"},"modified":"2026-04-11T00:51:02","modified_gmt":"2026-04-10T23:51:02","slug":"sisainen-led-nauha-100-mm-punainen","status":"publish","type":"product","link":"https:\/\/xenonkungen.com\/fi\/tuote\/sisainen-led-nauha-100-mm-punainen\/","title":{"rendered":"Sis\u00e4tilojen LED-nauha 100 mm | Punainen"},"content":{"rendered":"<h1>Ohut 12 V:n LED-sis\u00e4valaistus punaisella linssill\u00e4<\/h1>\n<p>Koe tyylin ja toimivuuden \u00e4\u00e4rimm\u00e4inen yhdistelm\u00e4 Slim 12 V LED-sis\u00e4valaistuksellamme. T\u00e4m\u00e4 valo on suunniteltu t\u00e4ydellisesti sek\u00e4 ajoneuvosi sis\u00e4- ett\u00e4 ulkoasennukseen, ja se valaisee ymp\u00e4rist\u00f6ns\u00e4 kauniilla punaisella hehkulla. Sen kompakti muotoilu, vain 10 mm korkea ja 25 mm leve\u00e4, tekee siit\u00e4 huomaamattoman mutta tehokkaan lis\u00e4n ajoneuvoosi.<\/p>\n<h2>Tekniset tiedot:<\/h2>\n<ul>\n<li>Mitat: 10mm korkeus x 25mm leveys<\/li>\n<li>Materiaali: ABS-kehys, iskunkest\u00e4v\u00e4 polykarbonaattilinssi<\/li>\n<li>V\u00e4ri: Lempiv\u00e4risi Punainen<\/li>\n<li>Valon hajonta: 120 astetta<\/li>\n<li>IP67-luokitus: Isku- ja t\u00e4rin\u00e4nkest\u00e4v\u00e4, t\u00e4ysin upotettava ja oikosulkusuojattu<\/li>\n<\/ul>\n<h2>Ominaisuudet ja edut:<\/h2>\n<p>Ohut 12 V:n LED-sis\u00e4valaistuksemme yhdist\u00e4\u00e4 edistyneen LED-tekniikan huomaamattomaan ja tyylikk\u00e4\u00e4seen muotoiluun. T\u00e4m\u00e4 varmistaa paitsi tehokkaan valaistuksen my\u00f6s pitk\u00e4ik\u00e4isen ja luotettavan suorituskyvyn kaikissa s\u00e4\u00e4olosuhteissa. Se sopii t\u00e4ydellisesti ajoneuvosi turvallisuuden ja estetiikan parantamiseen ja tarjoaa joustavia asennusvaihtoehtoja r\u00e4\u00e4t\u00e4l\u00f6ity\u00e4 asennusta varten.<\/p>\n<p>Olipa kyseess\u00e4 ty\u00f6ajoneuvot, vapaa-ajan ajoneuvot tai vain haluat antaa autollesi jotain pient\u00e4 ekstraa, Slim 12 V:n LED-sis\u00e4valaistuksemme punaisella linssill\u00e4 on ihanteellinen valinta ainutlaatuisen ja kutsuvan tunnelman luomiseen.<\/p>","protected":false},"excerpt":{"rendered":"<p>Slim 12V LED Interi\u00f6rbelysning med R\u00f6d Lins Utforska den ultimata kombinationen av stil och funktionalitet med v\u00e5r Slim 12V LED interi\u00f6rbelysning. Perfekt designad f\u00f6r att passa b\u00e5de interi\u00f6rt och exteri\u00f6rt montage p\u00e5 ditt fordon, lyser denna lampa upp omgivningen med en vacker r\u00f6d gl\u00f6d. Dess kompakta design p\u00e5 endast 10mm i h\u00f6jd och 25mm i [&hellip;]<\/p>","protected":false},"featured_media":8263,"comment_status":"closed","ping_status":"open","template":"","meta":{"_acf_changed":false,"_smort_price_nok":"235","_smort_price_dkk":"149","_smort_price_eur":"20","_smort_sale_price_nok":"","_smort_sale_price_dkk":"","_smort_sale_price_eur":"","smort_restorder":"","shipmondo_restorder":"","_kad_blocks_custom_css":"","_kad_blocks_head_custom_js":"","_kad_blocks_body_custom_js":"","_kad_blocks_footer_custom_js":"","smort_custom_pricelist_1":"123.2","smort_custom_pricelist_2":"123.2","smort_custom_pricelist_3":"117.04","smort_custom_pricelist_4":"176","smort_custom_pricelist_5":"123.2"},"anvandningsomrade":[166,238,2816],"bilmarken":[],"product_brand":[1252],"product_cat":[2586],"product_tag":[],"class_list":{"0":"post-8262","1":"product","2":"type-product","3":"status-publish","4":"has-post-thumbnail","6":"anvandningsomrade-lastbil","7":"anvandningsomrade-slap","8":"anvandningsomrade-trailer","9":"product_brand-lea","10":"product_cat-interiorbelysning-slap","11":"pa_ljusspridning-grader-683","12":"pa_storlek-mm-100x25x10","13":"pa_stromforbrukning-006a-138v","14":"pa_volt-v-159","16":"first","17":"onbackorder","18":"taxable","19":"shipping-taxable","20":"purchasable","21":"product-type-simple"},"bundled_by":[],"bundle_stock_status":"onbackorder","bundle_stock_quantity":0,"bundle_virtual":false,"bundle_layout":"","bundle_add_to_cart_form_location":"","bundle_editable_in_cart":false,"bundle_sold_individually_context":"","bundle_item_grouping":"","bundle_min_size":"","bundle_max_size":"","bundle_price":[],"bundled_items":[],"bundle_sell_ids":[],"acf":[],"yoast_head":"<!-- This site is optimized with the Yoast SEO plugin v27.0 - https:\/\/yoast.com\/product\/yoast-seo-wordpress\/ -->\n<title>Interi\u00f6r LED-list 100mm|R\u00f6d - Xenonkungen<\/title>\n<meta name=\"robots\" content=\"index, follow, max-snippet:-1, max-image-preview:large, max-video-preview:-1\" \/>\n<link rel=\"canonical\" href=\"https:\/\/xenonkungen.com\/fi\/tuote\/sisainen-led-nauha-100-mm-punainen\/\" \/>\n<meta property=\"og:locale\" content=\"fi_FI\" \/>\n<meta property=\"og:type\" content=\"article\" \/>\n<meta property=\"og:title\" content=\"Interi\u00f6r LED-list 100mm|R\u00f6d - Xenonkungen\" \/>\n<meta property=\"og:description\" content=\"Slim 12V LED Interi\u00f6rbelysning med R\u00f6d Lins Utforska den ultimata kombinationen av stil och funktionalitet med v\u00e5r Slim 12V LED interi\u00f6rbelysning. Perfekt designad f\u00f6r att passa b\u00e5de interi\u00f6rt och exteri\u00f6rt montage p\u00e5 ditt fordon, lyser denna lampa upp omgivningen med en vacker r\u00f6d gl\u00f6d. Dess kompakta design p\u00e5 endast 10mm i h\u00f6jd och 25mm i [&hellip;]\" \/>\n<meta property=\"og:url\" content=\"https:\/\/xenonkungen.com\/fi\/tuote\/sisainen-led-nauha-100-mm-punainen\/\" \/>\n<meta property=\"og:site_name\" content=\"Xenonkungen\" \/>\n<meta property=\"article:modified_time\" content=\"2026-04-10T23:51:02+00:00\" \/>\n<meta property=\"og:image\" content=\"https:\/\/xenonkungen.com\/wp-content\/uploads\/2025\/04\/68R-800x800-1.jpg\" \/>\n\t<meta property=\"og:image:width\" content=\"800\" \/>\n\t<meta property=\"og:image:height\" content=\"800\" \/>\n\t<meta property=\"og:image:type\" content=\"image\/jpeg\" \/>\n<meta name=\"twitter:card\" content=\"summary_large_image\" \/>\n<meta name=\"twitter:label1\" content=\"Arvioitu lukuaika\" \/>\n\t<meta name=\"twitter:data1\" content=\"1 minuutti\" \/>\n<script type=\"application\/ld+json\" class=\"yoast-schema-graph\">{\"@context\":\"https:\/\/schema.org\",\"@graph\":[{\"@type\":\"WebPage\",\"@id\":\"https:\/\/xenonkungen.com\/produkt\/interior-led-list-100mmrod\/\",\"url\":\"https:\/\/xenonkungen.com\/produkt\/interior-led-list-100mmrod\/\",\"name\":\"Interi\u00f6r LED-list 100mm|R\u00f6d - Xenonkungen\",\"isPartOf\":{\"@id\":\"https:\/\/xenonkungen.com\/#website\"},\"primaryImageOfPage\":{\"@id\":\"https:\/\/xenonkungen.com\/produkt\/interior-led-list-100mmrod\/#primaryimage\"},\"image\":{\"@id\":\"https:\/\/xenonkungen.com\/produkt\/interior-led-list-100mmrod\/#primaryimage\"},\"thumbnailUrl\":\"https:\/\/xenonkungen.com\/wp-content\/uploads\/2025\/04\/68R-800x800-1.jpg\",\"datePublished\":\"2025-04-15T10:05:08+00:00\",\"dateModified\":\"2026-04-10T23:51:02+00:00\",\"breadcrumb\":{\"@id\":\"https:\/\/xenonkungen.com\/produkt\/interior-led-list-100mmrod\/#breadcrumb\"},\"inLanguage\":\"fi\",\"potentialAction\":[{\"@type\":\"ReadAction\",\"target\":[\"https:\/\/xenonkungen.com\/produkt\/interior-led-list-100mmrod\/\"]}]},{\"@type\":\"ImageObject\",\"inLanguage\":\"fi\",\"@id\":\"https:\/\/xenonkungen.com\/produkt\/interior-led-list-100mmrod\/#primaryimage\",\"url\":\"https:\/\/xenonkungen.com\/wp-content\/uploads\/2025\/04\/68R-800x800-1.jpg\",\"contentUrl\":\"https:\/\/xenonkungen.com\/wp-content\/uploads\/2025\/04\/68R-800x800-1.jpg\",\"width\":800,\"height\":800},{\"@type\":\"BreadcrumbList\",\"@id\":\"https:\/\/xenonkungen.com\/produkt\/interior-led-list-100mmrod\/#breadcrumb\",\"itemListElement\":[{\"@type\":\"ListItem\",\"position\":1,\"name\":\"Hem\",\"item\":\"https:\/\/xenonkungen.com\/\"},{\"@type\":\"ListItem\",\"position\":2,\"name\":\"Shop\",\"item\":\"https:\/\/xenonkungen.com\/shop\/\"},{\"@type\":\"ListItem\",\"position\":3,\"name\":\"Interi\u00f6r LED-list 100mm|R\u00f6d\"}]},{\"@type\":\"WebSite\",\"@id\":\"https:\/\/xenonkungen.com\/#website\",\"url\":\"https:\/\/xenonkungen.com\/\",\"name\":\"Xenonkungen\",\"description\":\"\",\"potentialAction\":[{\"@type\":\"SearchAction\",\"target\":{\"@type\":\"EntryPoint\",\"urlTemplate\":\"https:\/\/xenonkungen.com\/?s={search_term_string}\"},\"query-input\":{\"@type\":\"PropertyValueSpecification\",\"valueRequired\":true,\"valueName\":\"search_term_string\"}}],\"inLanguage\":\"fi\"}]}<\/script>\n<!-- \/ Yoast SEO plugin. -->","yoast_head_json":{"title":"Sis\u00e4tilojen LED-nauha 100 mm | Punainen - Xenonkungen","robots":{"index":"index","follow":"follow","max-snippet":"max-snippet:-1","max-image-preview":"max-image-preview:large","max-video-preview":"max-video-preview:-1"},"canonical":"https:\/\/xenonkungen.com\/fi\/tuote\/sisainen-led-nauha-100-mm-punainen\/","og_locale":"fi_FI","og_type":"article","og_title":"Interi\u00f6r LED-list 100mm|R\u00f6d - Xenonkungen","og_description":"Slim 12V LED Interi\u00f6rbelysning med R\u00f6d Lins Utforska den ultimata kombinationen av stil och funktionalitet med v\u00e5r Slim 12V LED interi\u00f6rbelysning. Perfekt designad f\u00f6r att passa b\u00e5de interi\u00f6rt och exteri\u00f6rt montage p\u00e5 ditt fordon, lyser denna lampa upp omgivningen med en vacker r\u00f6d gl\u00f6d. Dess kompakta design p\u00e5 endast 10mm i h\u00f6jd och 25mm i [&hellip;]","og_url":"https:\/\/xenonkungen.com\/fi\/tuote\/sisainen-led-nauha-100-mm-punainen\/","og_site_name":"Xenonkungen","article_modified_time":"2026-04-10T23:51:02+00:00","og_image":[{"width":800,"height":800,"url":"https:\/\/xenonkungen.com\/wp-content\/uploads\/2025\/04\/68R-800x800-1.jpg","type":"image\/jpeg"}],"twitter_card":"summary_large_image","twitter_misc":{"Arvioitu lukuaika":"1 minuutti"},"schema":{"@context":"https:\/\/schema.org","@graph":[{"@type":"WebPage","@id":"https:\/\/xenonkungen.com\/produkt\/interior-led-list-100mmrod\/","url":"https:\/\/xenonkungen.com\/produkt\/interior-led-list-100mmrod\/","name":"Sis\u00e4tilojen LED-nauha 100 mm | Punainen - Xenonkungen","isPartOf":{"@id":"https:\/\/xenonkungen.com\/#website"},"primaryImageOfPage":{"@id":"https:\/\/xenonkungen.com\/produkt\/interior-led-list-100mmrod\/#primaryimage"},"image":{"@id":"https:\/\/xenonkungen.com\/produkt\/interior-led-list-100mmrod\/#primaryimage"},"thumbnailUrl":"https:\/\/xenonkungen.com\/wp-content\/uploads\/2025\/04\/68R-800x800-1.jpg","datePublished":"2025-04-15T10:05:08+00:00","dateModified":"2026-04-10T23:51:02+00:00","breadcrumb":{"@id":"https:\/\/xenonkungen.com\/produkt\/interior-led-list-100mmrod\/#breadcrumb"},"inLanguage":"fi","potentialAction":[{"@type":"ReadAction","target":["https:\/\/xenonkungen.com\/produkt\/interior-led-list-100mmrod\/"]}]},{"@type":"ImageObject","inLanguage":"fi","@id":"https:\/\/xenonkungen.com\/produkt\/interior-led-list-100mmrod\/#primaryimage","url":"https:\/\/xenonkungen.com\/wp-content\/uploads\/2025\/04\/68R-800x800-1.jpg","contentUrl":"https:\/\/xenonkungen.com\/wp-content\/uploads\/2025\/04\/68R-800x800-1.jpg","width":800,"height":800},{"@type":"BreadcrumbList","@id":"https:\/\/xenonkungen.com\/produkt\/interior-led-list-100mmrod\/#breadcrumb","itemListElement":[{"@type":"ListItem","position":1,"name":"Hem","item":"https:\/\/xenonkungen.com\/"},{"@type":"ListItem","position":2,"name":"Shop","item":"https:\/\/xenonkungen.com\/shop\/"},{"@type":"ListItem","position":3,"name":"Interi\u00f6r LED-list 100mm|R\u00f6d"}]},{"@type":"WebSite","@id":"https:\/\/xenonkungen.com\/#website","url":"https:\/\/xenonkungen.com\/","name":"Xenonkungen","description":"","potentialAction":[{"@type":"SearchAction","target":{"@type":"EntryPoint","urlTemplate":"https:\/\/xenonkungen.com\/?s={search_term_string}"},"query-input":{"@type":"PropertyValueSpecification","valueRequired":true,"valueName":"search_term_string"}}],"inLanguage":"fi"}]}},"taxonomy_info":{"anvandningsomrade":[{"value":166,"label":"Lastbil"},{"value":238,"label":"SL\u00c4P"},{"value":2816,"label":"TRAILER"}],"product_brand":[{"value":1252,"label":"LEA"}],"product_cat":[{"value":2586,"label":"Interi\u00f6rbelysning"}],"pa_ljusspridning-grader":[{"value":683,"label":"120"}],"pa_storlek-mm":[{"value":2051,"label":"100x25x10"}],"pa_stromforbrukning":[{"value":2052,"label":"0,06A @13,8V"}],"pa_volt-v":[{"value":159,"label":"12"}]},"featured_image_src_large":["https:\/\/xenonkungen.com\/wp-content\/uploads\/2025\/04\/68R-800x800-1.jpg",800,800,false],"author_info":[],"comment_info":0,"_links":{"self":[{"href":"https:\/\/xenonkungen.com\/fi\/wp-json\/wp\/v2\/product\/8262","targetHints":{"allow":["GET"]}}],"collection":[{"href":"https:\/\/xenonkungen.com\/fi\/wp-json\/wp\/v2\/product"}],"about":[{"href":"https:\/\/xenonkungen.com\/fi\/wp-json\/wp\/v2\/types\/product"}],"replies":[{"embeddable":true,"href":"https:\/\/xenonkungen.com\/fi\/wp-json\/wp\/v2\/comments?post=8262"}],"wp:featuredmedia":[{"embeddable":true,"href":"https:\/\/xenonkungen.com\/fi\/wp-json\/wp\/v2\/media\/8263"}],"wp:attachment":[{"href":"https:\/\/xenonkungen.com\/fi\/wp-json\/wp\/v2\/media?parent=8262"}],"wp:term":[{"taxonomy":"anvandningsomrade","embeddable":true,"href":"https:\/\/xenonkungen.com\/fi\/wp-json\/wp\/v2\/anvandningsomrade?post=8262"},{"taxonomy":"bilmarken","embeddable":true,"href":"https:\/\/xenonkungen.com\/fi\/wp-json\/wp\/v2\/bilmarken?post=8262"},{"taxonomy":"product_brand","embeddable":true,"href":"https:\/\/xenonkungen.com\/fi\/wp-json\/wp\/v2\/product_brand?post=8262"},{"taxonomy":"product_cat","embeddable":true,"href":"https:\/\/xenonkungen.com\/fi\/wp-json\/wp\/v2\/product_cat?post=8262"},{"taxonomy":"product_tag","embeddable":true,"href":"https:\/\/xenonkungen.com\/fi\/wp-json\/wp\/v2\/product_tag?post=8262"}],"curies":[{"name":"wp","href":"https:\/\/api.w.org\/{rel}","templated":true}]}}