{"id":8274,"date":"2025-04-15T10:05:16","date_gmt":"2025-04-15T10:05:16","guid":{"rendered":"https:\/\/xenonkungen.com\/product\/lampkabel-1-8m-6pin-vanster\/"},"modified":"2025-12-10T14:49:43","modified_gmt":"2025-12-10T13:49:43","slug":"lamppukaapeli-18-m-6-napainen-vasen","status":"publish","type":"product","link":"https:\/\/xenonkungen.com\/fi\/tuote\/lamppukaapeli-18-m-6-napainen-vasen\/","title":{"rendered":"Lampun kaapeli 1.8M 6PIN Vasen"},"content":{"rendered":"<h1>LED-takavalojen virtajohto: v\u00e4ltt\u00e4m\u00e4t\u00f6n liitett\u00e4vyyden ja laajennuksen kannalta<\/h1>\n<p>T\u00e4m\u00e4 virtajohto on suunniteltu yhdist\u00e4m\u00e4\u00e4n ja laajentamaan tehokkaasti ajoneuvon valaistusj\u00e4rjestelm\u00e4\u00e4si, ja se on suunniteltu erityisesti LED-takavaloillemme.<\/p>\n<h2>Tekniset tiedot:<\/h2>\n<ul>\n<li><span class=\"highlight\">6-nastainen naarasliitin:<\/span> Turvalliseen liit\u00e4nt\u00e4\u00e4n LED-takavaloihin.<\/li>\n<li><span class=\"highlight\">2-pinninen pistorasia:<\/span> Helpottaa opasteiden valaistuksen tai paikannusvalojen lis\u00e4\u00e4mist\u00e4.<\/li>\n<li><span class=\"highlight\">Jaettu 6-johdin Linjan p\u00e4\u00e4:<\/span> Tarjoaa joustavuutta tehon mukauttamiseen ja jakamiseen.<\/li>\n<li><span class=\"highlight\">Yleisk\u00e4ytt\u00f6inen:<\/span> Ihanteellinen ajoneuvojen valaistuksen laajentamiseen tai t\u00e4ydent\u00e4miseen.<\/li>\n<\/ul>\n<h2>Ominaisuudet:<\/h2>\n<ul>\n<li>Helppo ja vikasietoinen kytkent\u00e4 tehokasta valaistusp\u00e4ivityst\u00e4 varten.<\/li>\n<li>Mahdollistaa valaistusj\u00e4rjestelm\u00e4n r\u00e4\u00e4t\u00e4l\u00f6innin ja laajentamisen ilman monimutkaisia uudelleenkonfigurointeja.<\/li>\n<li>Suunniteltu tarjoamaan maksimaalista joustavuutta ja r\u00e4\u00e4t\u00e4l\u00f6it\u00e4vyytt\u00e4.<\/li>\n<li>Varmistaa vankan ja luotettavan valaistusratkaisun kaikkiin tarpeisiin.<\/li>\n<\/ul>\n<p>Tarkoitettu <strong>vasen<\/strong> vaunun sivulla.<\/p>","protected":false},"excerpt":{"rendered":"<p>Str\u00f6mkabel f\u00f6r LED Baklampor: Essentiell f\u00f6r Uppkoppling och Expansion Denna str\u00f6mkabel \u00e4r designad f\u00f6r att effektivt koppla ihop och ut\u00f6ka ditt fordon belysningssystem, speciellt utformad f\u00f6r v\u00e5ra LED baklampor. Specifikationer: 6-PIN Hona Kontakt: F\u00f6r s\u00e4ker anslutning till LED baklampor. 2-PIN Utstick: Underl\u00e4ttar till\u00e4gg av skyltbelysning eller positionslampor. Split 6-ledare Slut\u00e4nda: Ger flexibilitet f\u00f6r att anpassa [&hellip;]<\/p>","protected":false},"featured_media":8275,"comment_status":"closed","ping_status":"open","template":"","meta":{"_acf_changed":false,"_smort_price_nok":"235","_smort_price_dkk":"149","_smort_price_eur":"20","_smort_sale_price_nok":"","_smort_sale_price_dkk":"","_smort_sale_price_eur":"","smort_restorder":"","shipmondo_restorder":"","_kad_blocks_custom_css":"","_kad_blocks_head_custom_js":"","_kad_blocks_body_custom_js":"","_kad_blocks_footer_custom_js":"","smort_custom_pricelist_1":"123.2","smort_custom_pricelist_2":"123.2","smort_custom_pricelist_3":"117.04","smort_custom_pricelist_4":"176","smort_custom_pricelist_5":"123.2"},"anvandningsomrade":[166,238,2816],"bilmarken":[],"product_brand":[1252],"product_cat":[2589],"product_tag":[],"class_list":{"0":"post-8274","1":"product","2":"type-product","3":"status-publish","4":"has-post-thumbnail","6":"anvandningsomrade-lastbil","7":"anvandningsomrade-slap","8":"anvandningsomrade-trailer","9":"product_brand-lea","10":"product_cat-kablar-slap","12":"first","13":"onbackorder","14":"taxable","15":"shipping-taxable","16":"purchasable","17":"product-type-simple"},"bundled_by":[],"bundle_stock_status":"onbackorder","bundle_stock_quantity":0,"bundle_virtual":false,"bundle_layout":"","bundle_add_to_cart_form_location":"","bundle_editable_in_cart":false,"bundle_sold_individually_context":"","bundle_item_grouping":"","bundle_min_size":"","bundle_max_size":"","bundle_price":[],"bundled_items":[],"bundle_sell_ids":[],"acf":[],"yoast_head":"<!-- This site is optimized with the Yoast SEO plugin v27.0 - https:\/\/yoast.com\/product\/yoast-seo-wordpress\/ -->\n<title>Lampkabel 1.8M 6PIN V\u00e4nster - Xenonkungen<\/title>\n<meta name=\"robots\" content=\"index, follow, max-snippet:-1, max-image-preview:large, max-video-preview:-1\" \/>\n<link rel=\"canonical\" href=\"https:\/\/xenonkungen.com\/fi\/tuote\/lamppukaapeli-18-m-6-napainen-vasen\/\" \/>\n<meta property=\"og:locale\" content=\"fi_FI\" \/>\n<meta property=\"og:type\" content=\"article\" \/>\n<meta property=\"og:title\" content=\"Lampkabel 1.8M 6PIN V\u00e4nster - Xenonkungen\" \/>\n<meta property=\"og:description\" content=\"Str\u00f6mkabel f\u00f6r LED Baklampor: Essentiell f\u00f6r Uppkoppling och Expansion Denna str\u00f6mkabel \u00e4r designad f\u00f6r att effektivt koppla ihop och ut\u00f6ka ditt fordon belysningssystem, speciellt utformad f\u00f6r v\u00e5ra LED baklampor. Specifikationer: 6-PIN Hona Kontakt: F\u00f6r s\u00e4ker anslutning till LED baklampor. 2-PIN Utstick: Underl\u00e4ttar till\u00e4gg av skyltbelysning eller positionslampor. Split 6-ledare Slut\u00e4nda: Ger flexibilitet f\u00f6r att anpassa [&hellip;]\" \/>\n<meta property=\"og:url\" content=\"https:\/\/xenonkungen.com\/fi\/tuote\/lamppukaapeli-18-m-6-napainen-vasen\/\" \/>\n<meta property=\"og:site_name\" content=\"Xenonkungen\" \/>\n<meta property=\"article:modified_time\" content=\"2025-12-10T13:49:43+00:00\" \/>\n<meta property=\"og:image\" content=\"https:\/\/xenonkungen.com\/wp-content\/uploads\/2025\/04\/6PL-800x800-2.jpg\" \/>\n\t<meta property=\"og:image:width\" content=\"800\" \/>\n\t<meta property=\"og:image:height\" content=\"800\" \/>\n\t<meta property=\"og:image:type\" content=\"image\/jpeg\" \/>\n<meta name=\"twitter:card\" content=\"summary_large_image\" \/>\n<meta name=\"twitter:label1\" content=\"Arvioitu lukuaika\" \/>\n\t<meta name=\"twitter:data1\" content=\"1 minuutti\" \/>\n<script type=\"application\/ld+json\" class=\"yoast-schema-graph\">{\"@context\":\"https:\/\/schema.org\",\"@graph\":[{\"@type\":\"WebPage\",\"@id\":\"https:\/\/xenonkungen.com\/en\/product\/lamp-cable-1-8m-6pin-left\/\",\"url\":\"https:\/\/xenonkungen.com\/en\/product\/lamp-cable-1-8m-6pin-left\/\",\"name\":\"Lampkabel 1.8M 6PIN V\u00e4nster - Xenonkungen\",\"isPartOf\":{\"@id\":\"https:\/\/xenonkungen.com\/#website\"},\"primaryImageOfPage\":{\"@id\":\"https:\/\/xenonkungen.com\/en\/product\/lamp-cable-1-8m-6pin-left\/#primaryimage\"},\"image\":{\"@id\":\"https:\/\/xenonkungen.com\/en\/product\/lamp-cable-1-8m-6pin-left\/#primaryimage\"},\"thumbnailUrl\":\"https:\/\/xenonkungen.com\/wp-content\/uploads\/2025\/04\/6PL-800x800-2.jpg\",\"datePublished\":\"2025-04-15T10:05:16+00:00\",\"dateModified\":\"2025-12-10T13:49:43+00:00\",\"breadcrumb\":{\"@id\":\"https:\/\/xenonkungen.com\/en\/product\/lamp-cable-1-8m-6pin-left\/#breadcrumb\"},\"inLanguage\":\"fi\",\"potentialAction\":[{\"@type\":\"ReadAction\",\"target\":[\"https:\/\/xenonkungen.com\/en\/product\/lamp-cable-1-8m-6pin-left\/\"]}]},{\"@type\":\"ImageObject\",\"inLanguage\":\"fi\",\"@id\":\"https:\/\/xenonkungen.com\/en\/product\/lamp-cable-1-8m-6pin-left\/#primaryimage\",\"url\":\"https:\/\/xenonkungen.com\/wp-content\/uploads\/2025\/04\/6PL-800x800-2.jpg\",\"contentUrl\":\"https:\/\/xenonkungen.com\/wp-content\/uploads\/2025\/04\/6PL-800x800-2.jpg\",\"width\":800,\"height\":800},{\"@type\":\"BreadcrumbList\",\"@id\":\"https:\/\/xenonkungen.com\/en\/product\/lamp-cable-1-8m-6pin-left\/#breadcrumb\",\"itemListElement\":[{\"@type\":\"ListItem\",\"position\":1,\"name\":\"Hem\",\"item\":\"https:\/\/xenonkungen.com\/\"},{\"@type\":\"ListItem\",\"position\":2,\"name\":\"Shop\",\"item\":\"https:\/\/xenonkungen.com\/shop\/\"},{\"@type\":\"ListItem\",\"position\":3,\"name\":\"Lampkabel 1.8M 6PIN V\u00e4nster\"}]},{\"@type\":\"WebSite\",\"@id\":\"https:\/\/xenonkungen.com\/#website\",\"url\":\"https:\/\/xenonkungen.com\/\",\"name\":\"Xenonkungen\",\"description\":\"\",\"potentialAction\":[{\"@type\":\"SearchAction\",\"target\":{\"@type\":\"EntryPoint\",\"urlTemplate\":\"https:\/\/xenonkungen.com\/?s={search_term_string}\"},\"query-input\":{\"@type\":\"PropertyValueSpecification\",\"valueRequired\":true,\"valueName\":\"search_term_string\"}}],\"inLanguage\":\"fi\"}]}<\/script>\n<!-- \/ Yoast SEO plugin. -->","yoast_head_json":{"title":"Lampun kaapeli 1.8M 6-nastainen vasen - Xenonkungen","robots":{"index":"index","follow":"follow","max-snippet":"max-snippet:-1","max-image-preview":"max-image-preview:large","max-video-preview":"max-video-preview:-1"},"canonical":"https:\/\/xenonkungen.com\/fi\/tuote\/lamppukaapeli-18-m-6-napainen-vasen\/","og_locale":"fi_FI","og_type":"article","og_title":"Lampkabel 1.8M 6PIN V\u00e4nster - Xenonkungen","og_description":"Str\u00f6mkabel f\u00f6r LED Baklampor: Essentiell f\u00f6r Uppkoppling och Expansion Denna str\u00f6mkabel \u00e4r designad f\u00f6r att effektivt koppla ihop och ut\u00f6ka ditt fordon belysningssystem, speciellt utformad f\u00f6r v\u00e5ra LED baklampor. Specifikationer: 6-PIN Hona Kontakt: F\u00f6r s\u00e4ker anslutning till LED baklampor. 2-PIN Utstick: Underl\u00e4ttar till\u00e4gg av skyltbelysning eller positionslampor. Split 6-ledare Slut\u00e4nda: Ger flexibilitet f\u00f6r att anpassa [&hellip;]","og_url":"https:\/\/xenonkungen.com\/fi\/tuote\/lamppukaapeli-18-m-6-napainen-vasen\/","og_site_name":"Xenonkungen","article_modified_time":"2025-12-10T13:49:43+00:00","og_image":[{"width":800,"height":800,"url":"https:\/\/xenonkungen.com\/wp-content\/uploads\/2025\/04\/6PL-800x800-2.jpg","type":"image\/jpeg"}],"twitter_card":"summary_large_image","twitter_misc":{"Arvioitu lukuaika":"1 minuutti"},"schema":{"@context":"https:\/\/schema.org","@graph":[{"@type":"WebPage","@id":"https:\/\/xenonkungen.com\/en\/product\/lamp-cable-1-8m-6pin-left\/","url":"https:\/\/xenonkungen.com\/en\/product\/lamp-cable-1-8m-6pin-left\/","name":"Lampun kaapeli 1.8M 6-nastainen vasen - Xenonkungen","isPartOf":{"@id":"https:\/\/xenonkungen.com\/#website"},"primaryImageOfPage":{"@id":"https:\/\/xenonkungen.com\/en\/product\/lamp-cable-1-8m-6pin-left\/#primaryimage"},"image":{"@id":"https:\/\/xenonkungen.com\/en\/product\/lamp-cable-1-8m-6pin-left\/#primaryimage"},"thumbnailUrl":"https:\/\/xenonkungen.com\/wp-content\/uploads\/2025\/04\/6PL-800x800-2.jpg","datePublished":"2025-04-15T10:05:16+00:00","dateModified":"2025-12-10T13:49:43+00:00","breadcrumb":{"@id":"https:\/\/xenonkungen.com\/en\/product\/lamp-cable-1-8m-6pin-left\/#breadcrumb"},"inLanguage":"fi","potentialAction":[{"@type":"ReadAction","target":["https:\/\/xenonkungen.com\/en\/product\/lamp-cable-1-8m-6pin-left\/"]}]},{"@type":"ImageObject","inLanguage":"fi","@id":"https:\/\/xenonkungen.com\/en\/product\/lamp-cable-1-8m-6pin-left\/#primaryimage","url":"https:\/\/xenonkungen.com\/wp-content\/uploads\/2025\/04\/6PL-800x800-2.jpg","contentUrl":"https:\/\/xenonkungen.com\/wp-content\/uploads\/2025\/04\/6PL-800x800-2.jpg","width":800,"height":800},{"@type":"BreadcrumbList","@id":"https:\/\/xenonkungen.com\/en\/product\/lamp-cable-1-8m-6pin-left\/#breadcrumb","itemListElement":[{"@type":"ListItem","position":1,"name":"Hem","item":"https:\/\/xenonkungen.com\/"},{"@type":"ListItem","position":2,"name":"Shop","item":"https:\/\/xenonkungen.com\/shop\/"},{"@type":"ListItem","position":3,"name":"Lampkabel 1.8M 6PIN V\u00e4nster"}]},{"@type":"WebSite","@id":"https:\/\/xenonkungen.com\/#website","url":"https:\/\/xenonkungen.com\/","name":"Xenonkungen","description":"","potentialAction":[{"@type":"SearchAction","target":{"@type":"EntryPoint","urlTemplate":"https:\/\/xenonkungen.com\/?s={search_term_string}"},"query-input":{"@type":"PropertyValueSpecification","valueRequired":true,"valueName":"search_term_string"}}],"inLanguage":"fi"}]}},"taxonomy_info":{"anvandningsomrade":[{"value":166,"label":"Lastbil"},{"value":238,"label":"SL\u00c4P"},{"value":2816,"label":"TRAILER"}],"product_brand":[{"value":1252,"label":"LEA"}],"product_cat":[{"value":2589,"label":"Kablar"}]},"featured_image_src_large":["https:\/\/xenonkungen.com\/wp-content\/uploads\/2025\/04\/6PL-800x800-2.jpg",800,800,false],"author_info":[],"comment_info":0,"_links":{"self":[{"href":"https:\/\/xenonkungen.com\/fi\/wp-json\/wp\/v2\/product\/8274","targetHints":{"allow":["GET"]}}],"collection":[{"href":"https:\/\/xenonkungen.com\/fi\/wp-json\/wp\/v2\/product"}],"about":[{"href":"https:\/\/xenonkungen.com\/fi\/wp-json\/wp\/v2\/types\/product"}],"replies":[{"embeddable":true,"href":"https:\/\/xenonkungen.com\/fi\/wp-json\/wp\/v2\/comments?post=8274"}],"wp:featuredmedia":[{"embeddable":true,"href":"https:\/\/xenonkungen.com\/fi\/wp-json\/wp\/v2\/media\/8275"}],"wp:attachment":[{"href":"https:\/\/xenonkungen.com\/fi\/wp-json\/wp\/v2\/media?parent=8274"}],"wp:term":[{"taxonomy":"anvandningsomrade","embeddable":true,"href":"https:\/\/xenonkungen.com\/fi\/wp-json\/wp\/v2\/anvandningsomrade?post=8274"},{"taxonomy":"bilmarken","embeddable":true,"href":"https:\/\/xenonkungen.com\/fi\/wp-json\/wp\/v2\/bilmarken?post=8274"},{"taxonomy":"product_brand","embeddable":true,"href":"https:\/\/xenonkungen.com\/fi\/wp-json\/wp\/v2\/product_brand?post=8274"},{"taxonomy":"product_cat","embeddable":true,"href":"https:\/\/xenonkungen.com\/fi\/wp-json\/wp\/v2\/product_cat?post=8274"},{"taxonomy":"product_tag","embeddable":true,"href":"https:\/\/xenonkungen.com\/fi\/wp-json\/wp\/v2\/product_tag?post=8274"}],"curies":[{"name":"wp","href":"https:\/\/api.w.org\/{rel}","templated":true}]}}