{"id":8299,"date":"2025-04-15T10:05:32","date_gmt":"2025-04-15T10:05:32","guid":{"rendered":"https:\/\/xenonkungen.com\/product\/2-pack-reflex-reflektor-rektangular-vit\/"},"modified":"2026-04-05T12:39:14","modified_gmt":"2026-04-05T11:39:14","slug":"2-kpl-heijastimia-suorakaiteen-muotoisia-valkoisia","status":"publish","type":"product","link":"https:\/\/xenonkungen.com\/fi\/tuote\/2-kpl-heijastimia-suorakaiteen-muotoisia-valkoisia\/","title":{"rendered":"2-pack heijastin heijastin suorakulmainen | Valkoinen"},"content":{"rendered":"<h1>Suorakulmainen heijastin joustavaan asennussuuntaan<\/h1>\n<p>T\u00e4m\u00e4 suorakulmainen heijastin on suunniteltu parantamaan monenlaisten ajoneuvojen ja laitteiden turvallisuutta ja n\u00e4kyvyytt\u00e4, ja se voidaan asentaa sek\u00e4 pysty- ett\u00e4 vaakasuoraan.<\/p>\n<h2>Tekniset tiedot:<\/h2>\n<ul>\n<li><span class=\"highlight\">Joustava kokoonpano Suunta:<\/span> Hyv\u00e4ksytty sek\u00e4 pysty- ett\u00e4 vaaka-asennukseen.<\/li>\n<li><span class=\"highlight\">Korkea n\u00e4kyvyys:<\/span> Tehokas valonheijastus lis\u00e4\u00e4 turvallisuutta.<\/li>\n<li><span class=\"highlight\">Suorakulmainen muoto:<\/span> Ainutlaatuinen estetiikka sopii moniin sovelluksiin.<\/li>\n<li><span class=\"highlight\">Kest\u00e4v\u00e4 rakentaminen:<\/span> Suunniteltu pitk\u00e4aikaiseen k\u00e4ytt\u00f6\u00f6n ja s\u00e4\u00e4nkest\u00e4vyyteen.<\/li>\n<\/ul>\n<h2>Ominaisuudet:<\/h2>\n<ul>\n<li>Lis\u00e4\u00e4 ajoneuvojen ja laitteiden n\u00e4kyvyytt\u00e4 ja turvallisuutta.<\/li>\n<li>Sovitettavissa erilaisiin asennustarpeisiin ja muotoilutarpeisiin.<\/li>\n<li>Vankasti rakennettu kest\u00e4m\u00e4\u00e4n kovia olosuhteita.<\/li>\n<li>Ihanteellinen ajoneuvojen, per\u00e4vaunujen, polkupy\u00f6rien ja muiden ajoneuvojen turvavarusteiden parantamiseen.<\/li>\n<\/ul>","protected":false},"excerpt":{"rendered":"<p>Rektangul\u00e4r Reflex Reflektor f\u00f6r Flexibel Monteringsorientering Denna rektangul\u00e4ra reflex reflektor \u00e4r utformad f\u00f6r att f\u00f6rb\u00e4ttra s\u00e4kerheten och synligheten f\u00f6r en m\u00e4ngd olika fordon och utrustningar, med m\u00f6jlighet f\u00f6r b\u00e5de vertikal och horisontell montering. Specifikationer: Flexibel Monteringsorientering: Godk\u00e4nd f\u00f6r b\u00e5de vertikal och horisontell montering. H\u00f6g Synlighet: Effektiv ljusreflektion f\u00f6r \u00f6kad s\u00e4kerhet. Rektangul\u00e4r Form: Unik estetik som [&hellip;]<\/p>","protected":false},"featured_media":8300,"comment_status":"closed","ping_status":"open","template":"","meta":{"_acf_changed":false,"_smort_price_nok":"53","_smort_price_dkk":"34","_smort_price_eur":"4.55","_smort_sale_price_nok":"","_smort_sale_price_dkk":"","_smort_sale_price_eur":"","smort_restorder":"","shipmondo_restorder":"","_kad_blocks_custom_css":"","_kad_blocks_head_custom_js":"","_kad_blocks_body_custom_js":"","_kad_blocks_footer_custom_js":"","smort_custom_pricelist_1":"32","smort_custom_pricelist_2":"28","smort_custom_pricelist_3":"26","smort_custom_pricelist_4":"40","smort_custom_pricelist_5":"28"},"anvandningsomrade":[166,238,2816],"bilmarken":[],"product_brand":[1252],"product_cat":[2446],"product_tag":[],"class_list":{"0":"post-8299","1":"product","2":"type-product","3":"status-publish","4":"has-post-thumbnail","6":"anvandningsomrade-lastbil","7":"anvandningsomrade-slap","8":"anvandningsomrade-trailer","9":"product_brand-lea","10":"product_cat-tillbehor-slap","11":"pa_godkannande-ece","12":"pa_storlek-mm-70x30x6","14":"first","15":"onbackorder","16":"taxable","17":"shipping-taxable","18":"purchasable","19":"product-type-simple"},"bundled_by":[],"bundle_stock_status":"onbackorder","bundle_stock_quantity":-1,"bundle_virtual":false,"bundle_layout":"","bundle_add_to_cart_form_location":"","bundle_editable_in_cart":false,"bundle_sold_individually_context":"","bundle_item_grouping":"","bundle_min_size":"","bundle_max_size":"","bundle_price":[],"bundled_items":[],"bundle_sell_ids":[],"acf":[],"yoast_head":"<!-- This site is optimized with the Yoast SEO plugin v27.0 - https:\/\/yoast.com\/product\/yoast-seo-wordpress\/ -->\n<title>2-Pack Reflex Reflektor Rektangul\u00e4r | Vit - Xenonkungen<\/title>\n<meta name=\"robots\" content=\"index, follow, max-snippet:-1, max-image-preview:large, max-video-preview:-1\" \/>\n<link rel=\"canonical\" href=\"https:\/\/xenonkungen.com\/fi\/tuote\/2-kpl-heijastimia-suorakaiteen-muotoisia-valkoisia\/\" \/>\n<meta property=\"og:locale\" content=\"fi_FI\" \/>\n<meta property=\"og:type\" content=\"article\" \/>\n<meta property=\"og:title\" content=\"2-Pack Reflex Reflektor Rektangul\u00e4r | Vit - Xenonkungen\" \/>\n<meta property=\"og:description\" content=\"Rektangul\u00e4r Reflex Reflektor f\u00f6r Flexibel Monteringsorientering Denna rektangul\u00e4ra reflex reflektor \u00e4r utformad f\u00f6r att f\u00f6rb\u00e4ttra s\u00e4kerheten och synligheten f\u00f6r en m\u00e4ngd olika fordon och utrustningar, med m\u00f6jlighet f\u00f6r b\u00e5de vertikal och horisontell montering. Specifikationer: Flexibel Monteringsorientering: Godk\u00e4nd f\u00f6r b\u00e5de vertikal och horisontell montering. H\u00f6g Synlighet: Effektiv ljusreflektion f\u00f6r \u00f6kad s\u00e4kerhet. Rektangul\u00e4r Form: Unik estetik som [&hellip;]\" \/>\n<meta property=\"og:url\" content=\"https:\/\/xenonkungen.com\/fi\/tuote\/2-kpl-heijastimia-suorakaiteen-muotoisia-valkoisia\/\" \/>\n<meta property=\"og:site_name\" content=\"Xenonkungen\" \/>\n<meta property=\"article:modified_time\" content=\"2026-04-05T11:39:14+00:00\" \/>\n<meta property=\"og:image\" content=\"https:\/\/xenonkungen.com\/wp-content\/uploads\/2025\/04\/23408269-origpic-e07be1.jpg\" \/>\n\t<meta property=\"og:image:width\" content=\"600\" \/>\n\t<meta property=\"og:image:height\" content=\"600\" \/>\n\t<meta property=\"og:image:type\" content=\"image\/jpeg\" \/>\n<meta name=\"twitter:card\" content=\"summary_large_image\" \/>\n<meta name=\"twitter:label1\" content=\"Arvioitu lukuaika\" \/>\n\t<meta name=\"twitter:data1\" content=\"1 minuutti\" \/>\n<script type=\"application\/ld+json\" class=\"yoast-schema-graph\">{\"@context\":\"https:\/\/schema.org\",\"@graph\":[{\"@type\":\"WebPage\",\"@id\":\"https:\/\/xenonkungen.com\/dk\/vare\/2-pack-reflex-reflektor-rektangular-vit\/\",\"url\":\"https:\/\/xenonkungen.com\/dk\/vare\/2-pack-reflex-reflektor-rektangular-vit\/\",\"name\":\"2-Pack Reflex Reflektor Rektangul\u00e4r | Vit - Xenonkungen\",\"isPartOf\":{\"@id\":\"https:\/\/xenonkungen.com\/#website\"},\"primaryImageOfPage\":{\"@id\":\"https:\/\/xenonkungen.com\/dk\/vare\/2-pack-reflex-reflektor-rektangular-vit\/#primaryimage\"},\"image\":{\"@id\":\"https:\/\/xenonkungen.com\/dk\/vare\/2-pack-reflex-reflektor-rektangular-vit\/#primaryimage\"},\"thumbnailUrl\":\"https:\/\/xenonkungen.com\/wp-content\/uploads\/2025\/04\/23408269-origpic-e07be1.jpg\",\"datePublished\":\"2025-04-15T10:05:32+00:00\",\"dateModified\":\"2026-04-05T11:39:14+00:00\",\"breadcrumb\":{\"@id\":\"https:\/\/xenonkungen.com\/dk\/vare\/2-pack-reflex-reflektor-rektangular-vit\/#breadcrumb\"},\"inLanguage\":\"fi\",\"potentialAction\":[{\"@type\":\"ReadAction\",\"target\":[\"https:\/\/xenonkungen.com\/dk\/vare\/2-pack-reflex-reflektor-rektangular-vit\/\"]}]},{\"@type\":\"ImageObject\",\"inLanguage\":\"fi\",\"@id\":\"https:\/\/xenonkungen.com\/dk\/vare\/2-pack-reflex-reflektor-rektangular-vit\/#primaryimage\",\"url\":\"https:\/\/xenonkungen.com\/wp-content\/uploads\/2025\/04\/23408269-origpic-e07be1.jpg\",\"contentUrl\":\"https:\/\/xenonkungen.com\/wp-content\/uploads\/2025\/04\/23408269-origpic-e07be1.jpg\",\"width\":600,\"height\":600},{\"@type\":\"BreadcrumbList\",\"@id\":\"https:\/\/xenonkungen.com\/dk\/vare\/2-pack-reflex-reflektor-rektangular-vit\/#breadcrumb\",\"itemListElement\":[{\"@type\":\"ListItem\",\"position\":1,\"name\":\"Hem\",\"item\":\"https:\/\/xenonkungen.com\/\"},{\"@type\":\"ListItem\",\"position\":2,\"name\":\"Shop\",\"item\":\"https:\/\/xenonkungen.com\/shop\/\"},{\"@type\":\"ListItem\",\"position\":3,\"name\":\"2-Pack Reflex Reflektor Rektangul\u00e4r | Vit\"}]},{\"@type\":\"WebSite\",\"@id\":\"https:\/\/xenonkungen.com\/#website\",\"url\":\"https:\/\/xenonkungen.com\/\",\"name\":\"Xenonkungen\",\"description\":\"\",\"potentialAction\":[{\"@type\":\"SearchAction\",\"target\":{\"@type\":\"EntryPoint\",\"urlTemplate\":\"https:\/\/xenonkungen.com\/?s={search_term_string}\"},\"query-input\":{\"@type\":\"PropertyValueSpecification\",\"valueRequired\":true,\"valueName\":\"search_term_string\"}}],\"inLanguage\":\"fi\"}]}<\/script>\n<!-- \/ Yoast SEO plugin. -->","yoast_head_json":{"title":"2 kpl suorakaiteen muotoisia heijastimia | valkoinen - Xenonkungen","robots":{"index":"index","follow":"follow","max-snippet":"max-snippet:-1","max-image-preview":"max-image-preview:large","max-video-preview":"max-video-preview:-1"},"canonical":"https:\/\/xenonkungen.com\/fi\/tuote\/2-kpl-heijastimia-suorakaiteen-muotoisia-valkoisia\/","og_locale":"fi_FI","og_type":"article","og_title":"2-Pack Reflex Reflektor Rektangul\u00e4r | Vit - Xenonkungen","og_description":"Rektangul\u00e4r Reflex Reflektor f\u00f6r Flexibel Monteringsorientering Denna rektangul\u00e4ra reflex reflektor \u00e4r utformad f\u00f6r att f\u00f6rb\u00e4ttra s\u00e4kerheten och synligheten f\u00f6r en m\u00e4ngd olika fordon och utrustningar, med m\u00f6jlighet f\u00f6r b\u00e5de vertikal och horisontell montering. Specifikationer: Flexibel Monteringsorientering: Godk\u00e4nd f\u00f6r b\u00e5de vertikal och horisontell montering. H\u00f6g Synlighet: Effektiv ljusreflektion f\u00f6r \u00f6kad s\u00e4kerhet. Rektangul\u00e4r Form: Unik estetik som [&hellip;]","og_url":"https:\/\/xenonkungen.com\/fi\/tuote\/2-kpl-heijastimia-suorakaiteen-muotoisia-valkoisia\/","og_site_name":"Xenonkungen","article_modified_time":"2026-04-05T11:39:14+00:00","og_image":[{"width":600,"height":600,"url":"https:\/\/xenonkungen.com\/wp-content\/uploads\/2025\/04\/23408269-origpic-e07be1.jpg","type":"image\/jpeg"}],"twitter_card":"summary_large_image","twitter_misc":{"Arvioitu lukuaika":"1 minuutti"},"schema":{"@context":"https:\/\/schema.org","@graph":[{"@type":"WebPage","@id":"https:\/\/xenonkungen.com\/dk\/vare\/2-pack-reflex-reflektor-rektangular-vit\/","url":"https:\/\/xenonkungen.com\/dk\/vare\/2-pack-reflex-reflektor-rektangular-vit\/","name":"2 kpl suorakaiteen muotoisia heijastimia | valkoinen - Xenonkungen","isPartOf":{"@id":"https:\/\/xenonkungen.com\/#website"},"primaryImageOfPage":{"@id":"https:\/\/xenonkungen.com\/dk\/vare\/2-pack-reflex-reflektor-rektangular-vit\/#primaryimage"},"image":{"@id":"https:\/\/xenonkungen.com\/dk\/vare\/2-pack-reflex-reflektor-rektangular-vit\/#primaryimage"},"thumbnailUrl":"https:\/\/xenonkungen.com\/wp-content\/uploads\/2025\/04\/23408269-origpic-e07be1.jpg","datePublished":"2025-04-15T10:05:32+00:00","dateModified":"2026-04-05T11:39:14+00:00","breadcrumb":{"@id":"https:\/\/xenonkungen.com\/dk\/vare\/2-pack-reflex-reflektor-rektangular-vit\/#breadcrumb"},"inLanguage":"fi","potentialAction":[{"@type":"ReadAction","target":["https:\/\/xenonkungen.com\/dk\/vare\/2-pack-reflex-reflektor-rektangular-vit\/"]}]},{"@type":"ImageObject","inLanguage":"fi","@id":"https:\/\/xenonkungen.com\/dk\/vare\/2-pack-reflex-reflektor-rektangular-vit\/#primaryimage","url":"https:\/\/xenonkungen.com\/wp-content\/uploads\/2025\/04\/23408269-origpic-e07be1.jpg","contentUrl":"https:\/\/xenonkungen.com\/wp-content\/uploads\/2025\/04\/23408269-origpic-e07be1.jpg","width":600,"height":600},{"@type":"BreadcrumbList","@id":"https:\/\/xenonkungen.com\/dk\/vare\/2-pack-reflex-reflektor-rektangular-vit\/#breadcrumb","itemListElement":[{"@type":"ListItem","position":1,"name":"Hem","item":"https:\/\/xenonkungen.com\/"},{"@type":"ListItem","position":2,"name":"Shop","item":"https:\/\/xenonkungen.com\/shop\/"},{"@type":"ListItem","position":3,"name":"2-Pack Reflex Reflektor Rektangul\u00e4r | Vit"}]},{"@type":"WebSite","@id":"https:\/\/xenonkungen.com\/#website","url":"https:\/\/xenonkungen.com\/","name":"Xenonkungen","description":"","potentialAction":[{"@type":"SearchAction","target":{"@type":"EntryPoint","urlTemplate":"https:\/\/xenonkungen.com\/?s={search_term_string}"},"query-input":{"@type":"PropertyValueSpecification","valueRequired":true,"valueName":"search_term_string"}}],"inLanguage":"fi"}]}},"taxonomy_info":{"anvandningsomrade":[{"value":166,"label":"Lastbil"},{"value":238,"label":"SL\u00c4P"},{"value":2816,"label":"TRAILER"}],"product_brand":[{"value":1252,"label":"LEA"}],"product_cat":[{"value":2446,"label":"Tillbeh\u00f6r"}],"pa_godkannande":[{"value":192,"label":"ECE"}],"pa_storlek-mm":[{"value":2054,"label":"70x30x6"}]},"featured_image_src_large":["https:\/\/xenonkungen.com\/wp-content\/uploads\/2025\/04\/23408269-origpic-e07be1.jpg",600,600,false],"author_info":[],"comment_info":0,"_links":{"self":[{"href":"https:\/\/xenonkungen.com\/fi\/wp-json\/wp\/v2\/product\/8299","targetHints":{"allow":["GET"]}}],"collection":[{"href":"https:\/\/xenonkungen.com\/fi\/wp-json\/wp\/v2\/product"}],"about":[{"href":"https:\/\/xenonkungen.com\/fi\/wp-json\/wp\/v2\/types\/product"}],"replies":[{"embeddable":true,"href":"https:\/\/xenonkungen.com\/fi\/wp-json\/wp\/v2\/comments?post=8299"}],"wp:featuredmedia":[{"embeddable":true,"href":"https:\/\/xenonkungen.com\/fi\/wp-json\/wp\/v2\/media\/8300"}],"wp:attachment":[{"href":"https:\/\/xenonkungen.com\/fi\/wp-json\/wp\/v2\/media?parent=8299"}],"wp:term":[{"taxonomy":"anvandningsomrade","embeddable":true,"href":"https:\/\/xenonkungen.com\/fi\/wp-json\/wp\/v2\/anvandningsomrade?post=8299"},{"taxonomy":"bilmarken","embeddable":true,"href":"https:\/\/xenonkungen.com\/fi\/wp-json\/wp\/v2\/bilmarken?post=8299"},{"taxonomy":"product_brand","embeddable":true,"href":"https:\/\/xenonkungen.com\/fi\/wp-json\/wp\/v2\/product_brand?post=8299"},{"taxonomy":"product_cat","embeddable":true,"href":"https:\/\/xenonkungen.com\/fi\/wp-json\/wp\/v2\/product_cat?post=8299"},{"taxonomy":"product_tag","embeddable":true,"href":"https:\/\/xenonkungen.com\/fi\/wp-json\/wp\/v2\/product_tag?post=8299"}],"curies":[{"name":"wp","href":"https:\/\/api.w.org\/{rel}","templated":true}]}}