{"id":8301,"date":"2025-04-15T10:05:32","date_gmt":"2025-04-15T10:05:32","guid":{"rendered":"https:\/\/xenonkungen.com\/product\/interiorlampa-o75mmfrost-12v\/"},"modified":"2026-04-11T00:51:56","modified_gmt":"2026-04-10T23:51:56","slug":"sisavalo-o75mm-frost-12v","status":"publish","type":"product","link":"https:\/\/xenonkungen.com\/fi\/tuote\/sisavalo-o75mm-frost-12v\/","title":{"rendered":"Sis\u00e4valo \u00d875mm | Pakkassuoja \u2013 12V"},"content":{"rendered":"<h1 class=\"title\">LED-sis\u00e4valaisin kromikehyksell\u00e4 ja l\u00e4pin\u00e4kym\u00e4tt\u00f6m\u00e4ll\u00e4 linssill\u00e4<\/h1>\n<p class=\"description\">T\u00e4m\u00e4 LED-sis\u00e4valaisin yhdist\u00e4\u00e4 edistyneen valaistustekniikan tyylikk\u00e4\u00e4seen muotoiluun luoden miellytt\u00e4v\u00e4n tunnelman ajoneuvoihin ja tiloihin. Kirkkaan viile\u00e4n valkoisen LED-valonsa ja l\u00e4pin\u00e4kym\u00e4tt\u00f6m\u00e4n linssins\u00e4 ansiosta valo tarjoaa hillitty\u00e4, l\u00e4mpim\u00e4n valkoista valoa, joka on optimaalinen miellytt\u00e4v\u00e4n ja h\u00e4ik\u00e4isem\u00e4tt\u00f6m\u00e4n ymp\u00e4rist\u00f6n luomiseen.<\/p>\n<h2 class=\"subtitle\">Toiminnot ja ominaisuudet:<\/h2>\n<ul>\n<li>Elegantti kromirunko ja l\u00e4pin\u00e4kym\u00e4t\u00f6n linssi luovat modernin ja hienostuneen ilmeen.<\/li>\n<li>Tehokas viile\u00e4n valkoinen LED-valo, joka vastaa 15 W:n halogeenilamppua.<\/li>\n<li>360 asteen valonjako tilan kattavaan valaistukseen.<\/li>\n<li>Kest\u00e4v\u00e4 muotoilu ja IP67-luokitus vedenpit\u00e4vyyden ja kest\u00e4vyyden takaamiseksi.<\/li>\n<li>Isku- ja t\u00e4rin\u00e4nkest\u00e4v\u00e4, turvallinen k\u00e4ytt\u00e4\u00e4 vaativissa ymp\u00e4rist\u00f6iss\u00e4.<\/li>\n<\/ul>\n<h2 class=\"subtitle\">K\u00e4ytt\u00f6alueet:<\/h2>\n<p class=\"usage-text\">T\u00e4ydellinen k\u00e4ytett\u00e4v\u00e4ksi ajoneuvoissa, kuten autoissa ja asuntovaunuissa, sek\u00e4 kodeissa ja ty\u00f6paikoilla, joissa halutaan hienovaraista ja tehokasta valoa.<\/p>\n<h2 class=\"subtitle\">Asennus:<\/h2>\n<p class=\"installation-text\">Suunniteltu helppoon asennukseen joustavilla kiinnitysvaihtoehdoilla, joten t\u00e4ll\u00e4 tyylikk\u00e4\u00e4ll\u00e4 ja toimivalla valonl\u00e4hteell\u00e4 voit helposti p\u00e4ivitt\u00e4\u00e4 tilaasi.<\/p>","protected":false},"excerpt":{"rendered":"<p>LED Interi\u00f6rlampa med Kromsarg och Opaque Lins Den h\u00e4r LED interi\u00f6rlampan kombinerar avancerad belysningsteknologi med elegant design f\u00f6r att skapa en behaglig atmosf\u00e4r i fordon och utrymmen. Med sin high brightness cool white LED och en opaque lins, erbjuder lampan ett d\u00e4mpat, varmvitt ljus, optimalt f\u00f6r att skapa en komfortabel milj\u00f6 utan att bl\u00e4nda. Funktioner [&hellip;]<\/p>","protected":false},"featured_media":8302,"comment_status":"closed","ping_status":"open","template":"","meta":{"_acf_changed":false,"_smort_price_nok":"352","_smort_price_dkk":"224","_smort_price_eur":"30","_smort_sale_price_nok":"","_smort_sale_price_dkk":"","_smort_sale_price_eur":"","smort_restorder":"","shipmondo_restorder":"","_kad_blocks_custom_css":"","_kad_blocks_head_custom_js":"","_kad_blocks_body_custom_js":"","_kad_blocks_footer_custom_js":"","smort_custom_pricelist_1":"184.8","smort_custom_pricelist_2":"184.8","smort_custom_pricelist_3":"175.56","smort_custom_pricelist_4":"264","smort_custom_pricelist_5":"184.8"},"anvandningsomrade":[166,238,2816],"bilmarken":[],"product_brand":[1252],"product_cat":[2586],"product_tag":[],"class_list":{"0":"post-8301","1":"product","2":"type-product","3":"status-publish","4":"has-post-thumbnail","6":"anvandningsomrade-lastbil","7":"anvandningsomrade-slap","8":"anvandningsomrade-trailer","9":"product_brand-lea","10":"product_cat-interiorbelysning-slap","11":"pa_fuktskydd-varde-ipxx-ip67","12":"pa_storlek-mm-75x17","13":"pa_stromforbrukning-024a-138v","14":"pa_volt-v-159","16":"first","17":"onbackorder","18":"taxable","19":"shipping-taxable","20":"purchasable","21":"product-type-simple"},"bundled_by":[],"bundle_stock_status":"onbackorder","bundle_stock_quantity":0,"bundle_virtual":false,"bundle_layout":"","bundle_add_to_cart_form_location":"","bundle_editable_in_cart":false,"bundle_sold_individually_context":"","bundle_item_grouping":"","bundle_min_size":"","bundle_max_size":"","bundle_price":[],"bundled_items":[],"bundle_sell_ids":[],"acf":[],"yoast_head":"<!-- This site is optimized with the Yoast SEO plugin v27.0 - https:\/\/yoast.com\/product\/yoast-seo-wordpress\/ -->\n<title>Interi\u00f6rlampa \u00d875mm|Frost - 12V - Xenonkungen<\/title>\n<meta name=\"robots\" content=\"index, follow, max-snippet:-1, max-image-preview:large, max-video-preview:-1\" \/>\n<link rel=\"canonical\" href=\"https:\/\/xenonkungen.com\/fi\/tuote\/sisavalo-o75mm-frost-12v\/\" \/>\n<meta property=\"og:locale\" content=\"fi_FI\" \/>\n<meta property=\"og:type\" content=\"article\" \/>\n<meta property=\"og:title\" content=\"Interi\u00f6rlampa \u00d875mm|Frost - 12V - Xenonkungen\" \/>\n<meta property=\"og:description\" content=\"LED Interi\u00f6rlampa med Kromsarg och Opaque Lins Den h\u00e4r LED interi\u00f6rlampan kombinerar avancerad belysningsteknologi med elegant design f\u00f6r att skapa en behaglig atmosf\u00e4r i fordon och utrymmen. Med sin high brightness cool white LED och en opaque lins, erbjuder lampan ett d\u00e4mpat, varmvitt ljus, optimalt f\u00f6r att skapa en komfortabel milj\u00f6 utan att bl\u00e4nda. Funktioner [&hellip;]\" \/>\n<meta property=\"og:url\" content=\"https:\/\/xenonkungen.com\/fi\/tuote\/sisavalo-o75mm-frost-12v\/\" \/>\n<meta property=\"og:site_name\" content=\"Xenonkungen\" \/>\n<meta property=\"article:modified_time\" content=\"2026-04-10T23:51:56+00:00\" \/>\n<meta property=\"og:image\" content=\"https:\/\/xenonkungen.com\/wp-content\/uploads\/2025\/04\/7524_OPAQUE-800x800-1.jpg\" \/>\n\t<meta property=\"og:image:width\" content=\"800\" \/>\n\t<meta property=\"og:image:height\" content=\"800\" \/>\n\t<meta property=\"og:image:type\" content=\"image\/jpeg\" \/>\n<meta name=\"twitter:card\" content=\"summary_large_image\" \/>\n<meta name=\"twitter:label1\" content=\"Arvioitu lukuaika\" \/>\n\t<meta name=\"twitter:data1\" content=\"1 minuutti\" \/>\n<script type=\"application\/ld+json\" class=\"yoast-schema-graph\">{\"@context\":\"https:\/\/schema.org\",\"@graph\":[{\"@type\":\"WebPage\",\"@id\":\"https:\/\/xenonkungen.com\/produkt\/interiorlampa-o75mmfrost-12v\/\",\"url\":\"https:\/\/xenonkungen.com\/produkt\/interiorlampa-o75mmfrost-12v\/\",\"name\":\"Interi\u00f6rlampa \u00d875mm|Frost - 12V - Xenonkungen\",\"isPartOf\":{\"@id\":\"https:\/\/xenonkungen.com\/#website\"},\"primaryImageOfPage\":{\"@id\":\"https:\/\/xenonkungen.com\/produkt\/interiorlampa-o75mmfrost-12v\/#primaryimage\"},\"image\":{\"@id\":\"https:\/\/xenonkungen.com\/produkt\/interiorlampa-o75mmfrost-12v\/#primaryimage\"},\"thumbnailUrl\":\"https:\/\/xenonkungen.com\/wp-content\/uploads\/2025\/04\/7524_OPAQUE-800x800-1.jpg\",\"datePublished\":\"2025-04-15T10:05:32+00:00\",\"dateModified\":\"2026-04-10T23:51:56+00:00\",\"breadcrumb\":{\"@id\":\"https:\/\/xenonkungen.com\/produkt\/interiorlampa-o75mmfrost-12v\/#breadcrumb\"},\"inLanguage\":\"fi\",\"potentialAction\":[{\"@type\":\"ReadAction\",\"target\":[\"https:\/\/xenonkungen.com\/produkt\/interiorlampa-o75mmfrost-12v\/\"]}]},{\"@type\":\"ImageObject\",\"inLanguage\":\"fi\",\"@id\":\"https:\/\/xenonkungen.com\/produkt\/interiorlampa-o75mmfrost-12v\/#primaryimage\",\"url\":\"https:\/\/xenonkungen.com\/wp-content\/uploads\/2025\/04\/7524_OPAQUE-800x800-1.jpg\",\"contentUrl\":\"https:\/\/xenonkungen.com\/wp-content\/uploads\/2025\/04\/7524_OPAQUE-800x800-1.jpg\",\"width\":800,\"height\":800},{\"@type\":\"BreadcrumbList\",\"@id\":\"https:\/\/xenonkungen.com\/produkt\/interiorlampa-o75mmfrost-12v\/#breadcrumb\",\"itemListElement\":[{\"@type\":\"ListItem\",\"position\":1,\"name\":\"Hem\",\"item\":\"https:\/\/xenonkungen.com\/\"},{\"@type\":\"ListItem\",\"position\":2,\"name\":\"Shop\",\"item\":\"https:\/\/xenonkungen.com\/shop\/\"},{\"@type\":\"ListItem\",\"position\":3,\"name\":\"Interi\u00f6rlampa \u00d875mm|Frost &#8211; 12V\"}]},{\"@type\":\"WebSite\",\"@id\":\"https:\/\/xenonkungen.com\/#website\",\"url\":\"https:\/\/xenonkungen.com\/\",\"name\":\"Xenonkungen\",\"description\":\"\",\"potentialAction\":[{\"@type\":\"SearchAction\",\"target\":{\"@type\":\"EntryPoint\",\"urlTemplate\":\"https:\/\/xenonkungen.com\/?s={search_term_string}\"},\"query-input\":{\"@type\":\"PropertyValueSpecification\",\"valueRequired\":true,\"valueName\":\"search_term_string\"}}],\"inLanguage\":\"fi\"}]}<\/script>\n<!-- \/ Yoast SEO plugin. -->","yoast_head_json":{"title":"Sis\u00e4valo \u00d875mm|Frost - 12V - Xenon king","robots":{"index":"index","follow":"follow","max-snippet":"max-snippet:-1","max-image-preview":"max-image-preview:large","max-video-preview":"max-video-preview:-1"},"canonical":"https:\/\/xenonkungen.com\/fi\/tuote\/sisavalo-o75mm-frost-12v\/","og_locale":"fi_FI","og_type":"article","og_title":"Interi\u00f6rlampa \u00d875mm|Frost - 12V - Xenonkungen","og_description":"LED Interi\u00f6rlampa med Kromsarg och Opaque Lins Den h\u00e4r LED interi\u00f6rlampan kombinerar avancerad belysningsteknologi med elegant design f\u00f6r att skapa en behaglig atmosf\u00e4r i fordon och utrymmen. Med sin high brightness cool white LED och en opaque lins, erbjuder lampan ett d\u00e4mpat, varmvitt ljus, optimalt f\u00f6r att skapa en komfortabel milj\u00f6 utan att bl\u00e4nda. Funktioner [&hellip;]","og_url":"https:\/\/xenonkungen.com\/fi\/tuote\/sisavalo-o75mm-frost-12v\/","og_site_name":"Xenonkungen","article_modified_time":"2026-04-10T23:51:56+00:00","og_image":[{"width":800,"height":800,"url":"https:\/\/xenonkungen.com\/wp-content\/uploads\/2025\/04\/7524_OPAQUE-800x800-1.jpg","type":"image\/jpeg"}],"twitter_card":"summary_large_image","twitter_misc":{"Arvioitu lukuaika":"1 minuutti"},"schema":{"@context":"https:\/\/schema.org","@graph":[{"@type":"WebPage","@id":"https:\/\/xenonkungen.com\/produkt\/interiorlampa-o75mmfrost-12v\/","url":"https:\/\/xenonkungen.com\/produkt\/interiorlampa-o75mmfrost-12v\/","name":"Sis\u00e4valo \u00d875mm|Frost - 12V - Xenon king","isPartOf":{"@id":"https:\/\/xenonkungen.com\/#website"},"primaryImageOfPage":{"@id":"https:\/\/xenonkungen.com\/produkt\/interiorlampa-o75mmfrost-12v\/#primaryimage"},"image":{"@id":"https:\/\/xenonkungen.com\/produkt\/interiorlampa-o75mmfrost-12v\/#primaryimage"},"thumbnailUrl":"https:\/\/xenonkungen.com\/wp-content\/uploads\/2025\/04\/7524_OPAQUE-800x800-1.jpg","datePublished":"2025-04-15T10:05:32+00:00","dateModified":"2026-04-10T23:51:56+00:00","breadcrumb":{"@id":"https:\/\/xenonkungen.com\/produkt\/interiorlampa-o75mmfrost-12v\/#breadcrumb"},"inLanguage":"fi","potentialAction":[{"@type":"ReadAction","target":["https:\/\/xenonkungen.com\/produkt\/interiorlampa-o75mmfrost-12v\/"]}]},{"@type":"ImageObject","inLanguage":"fi","@id":"https:\/\/xenonkungen.com\/produkt\/interiorlampa-o75mmfrost-12v\/#primaryimage","url":"https:\/\/xenonkungen.com\/wp-content\/uploads\/2025\/04\/7524_OPAQUE-800x800-1.jpg","contentUrl":"https:\/\/xenonkungen.com\/wp-content\/uploads\/2025\/04\/7524_OPAQUE-800x800-1.jpg","width":800,"height":800},{"@type":"BreadcrumbList","@id":"https:\/\/xenonkungen.com\/produkt\/interiorlampa-o75mmfrost-12v\/#breadcrumb","itemListElement":[{"@type":"ListItem","position":1,"name":"Hem","item":"https:\/\/xenonkungen.com\/"},{"@type":"ListItem","position":2,"name":"Shop","item":"https:\/\/xenonkungen.com\/shop\/"},{"@type":"ListItem","position":3,"name":"Interi\u00f6rlampa \u00d875mm|Frost &#8211; 12V"}]},{"@type":"WebSite","@id":"https:\/\/xenonkungen.com\/#website","url":"https:\/\/xenonkungen.com\/","name":"Xenonkungen","description":"","potentialAction":[{"@type":"SearchAction","target":{"@type":"EntryPoint","urlTemplate":"https:\/\/xenonkungen.com\/?s={search_term_string}"},"query-input":{"@type":"PropertyValueSpecification","valueRequired":true,"valueName":"search_term_string"}}],"inLanguage":"fi"}]}},"taxonomy_info":{"anvandningsomrade":[{"value":166,"label":"Lastbil"},{"value":238,"label":"SL\u00c4P"},{"value":2816,"label":"TRAILER"}],"product_brand":[{"value":1252,"label":"LEA"}],"product_cat":[{"value":2586,"label":"Interi\u00f6rbelysning"}],"pa_fuktskydd-varde-ipxx":[{"value":333,"label":"IP67"}],"pa_storlek-mm":[{"value":2056,"label":"75x17"}],"pa_stromforbrukning":[{"value":2057,"label":"0,24A @13,8V"}],"pa_volt-v":[{"value":159,"label":"12"}]},"featured_image_src_large":["https:\/\/xenonkungen.com\/wp-content\/uploads\/2025\/04\/7524_OPAQUE-800x800-1.jpg",800,800,false],"author_info":[],"comment_info":0,"_links":{"self":[{"href":"https:\/\/xenonkungen.com\/fi\/wp-json\/wp\/v2\/product\/8301","targetHints":{"allow":["GET"]}}],"collection":[{"href":"https:\/\/xenonkungen.com\/fi\/wp-json\/wp\/v2\/product"}],"about":[{"href":"https:\/\/xenonkungen.com\/fi\/wp-json\/wp\/v2\/types\/product"}],"replies":[{"embeddable":true,"href":"https:\/\/xenonkungen.com\/fi\/wp-json\/wp\/v2\/comments?post=8301"}],"wp:featuredmedia":[{"embeddable":true,"href":"https:\/\/xenonkungen.com\/fi\/wp-json\/wp\/v2\/media\/8302"}],"wp:attachment":[{"href":"https:\/\/xenonkungen.com\/fi\/wp-json\/wp\/v2\/media?parent=8301"}],"wp:term":[{"taxonomy":"anvandningsomrade","embeddable":true,"href":"https:\/\/xenonkungen.com\/fi\/wp-json\/wp\/v2\/anvandningsomrade?post=8301"},{"taxonomy":"bilmarken","embeddable":true,"href":"https:\/\/xenonkungen.com\/fi\/wp-json\/wp\/v2\/bilmarken?post=8301"},{"taxonomy":"product_brand","embeddable":true,"href":"https:\/\/xenonkungen.com\/fi\/wp-json\/wp\/v2\/product_brand?post=8301"},{"taxonomy":"product_cat","embeddable":true,"href":"https:\/\/xenonkungen.com\/fi\/wp-json\/wp\/v2\/product_cat?post=8301"},{"taxonomy":"product_tag","embeddable":true,"href":"https:\/\/xenonkungen.com\/fi\/wp-json\/wp\/v2\/product_tag?post=8301"}],"curies":[{"name":"wp","href":"https:\/\/api.w.org\/{rel}","templated":true}]}}