{"id":8309,"date":"2025-04-15T10:05:32","date_gmt":"2025-04-15T10:05:32","guid":{"rendered":"https:\/\/xenonkungen.com\/product\/interiorlampa-o75mm-special-rod\/"},"modified":"2026-04-11T00:51:59","modified_gmt":"2026-04-10T23:51:59","slug":"sisavalaisin-o75mm-erikoistanko","status":"publish","type":"product","link":"https:\/\/xenonkungen.com\/fi\/tuote\/sisavalaisin-o75mm-erikoistanko\/","title":{"rendered":"Sis\u00e4valo \u00d875mm | Special Red"},"content":{"rendered":"<h1>75mm py\u00f6re\u00e4 LED sis\u00e4tilojen punainen y\u00f6valo<\/h1>\n<p>T\u00e4m\u00e4 75 mm:n py\u00f6re\u00e4 LED-valo tarjoaa miellytt\u00e4v\u00e4\u00e4 punaista valoa y\u00f6k\u00e4ytt\u00f6\u00f6n, mik\u00e4 parantaa sek\u00e4 turvallisuutta ett\u00e4 n\u00e4kyvyytt\u00e4 h\u00e4iritsem\u00e4tt\u00e4 n\u00e4kemist\u00e4. Sen vankka rakenne ja tyylik\u00e4s muotoilu tekev\u00e4t siit\u00e4 ihanteellisen ratkaisun erilaisiin sovelluksiin.<\/p>\n<h2>Ominaisuudet ja edut:<\/h2>\n<ul>\n<li>Punainen LED-valo takaa miellytt\u00e4v\u00e4n y\u00f6n\u00e4kemisen ja v\u00e4hent\u00e4\u00e4 h\u00e4ik\u00e4isy\u00e4.<\/li>\n<li>Iskun- ja t\u00e4rin\u00e4nkest\u00e4vyys takaa kest\u00e4vyyden vaikeissa olosuhteissa.<\/li>\n<li>IP67-luokitus suojaa t\u00e4ydellisesti p\u00f6lylt\u00e4 ja vedelt\u00e4.<\/li>\n<li>Oikosulkusuojaus lis\u00e4\u00e4 turvallisuutta.<\/li>\n<li>Yksinkertainen ja tyylik\u00e4s asennus, joka t\u00e4ydent\u00e4\u00e4 ajoneuvon sisustusta.<\/li>\n<li>Mahdollisuus r\u00e4\u00e4t\u00e4l\u00f6it\u00e4viin asennusvaihtoehtoihin.<\/li>\n<\/ul>\n<p>T\u00e4m\u00e4 LED-valo sopii t\u00e4ydellisesti ajoneuvoihin, veneisiin ja koteihin, joissa pehme\u00e4 punainen valo on tarpeen pime\u00e4ss\u00e4 liikkumiseen ilman, ett\u00e4 se vaikuttaa y\u00f6n\u00e4k\u00f6\u00f6n. Sen korkea laatu ja luotettava suorituskyky tekev\u00e4t siit\u00e4 arvokkaan lis\u00e4yksen turvallisuus- ja valaistusratkaisuihisi.<\/p>","protected":false},"excerpt":{"rendered":"<p>75mm Rund LED Interi\u00f6r R\u00f6d Nattbelysning Denna 75mm runda LED-belysning erbjuder ett behagligt r\u00f6tt ljus f\u00f6r nattbruk, vilket f\u00f6rb\u00e4ttrar b\u00e5de s\u00e4kerhet och synlighet utan att st\u00f6ra synen. Dess robusta konstruktion och eleganta design g\u00f6r den till en idealisk l\u00f6sning f\u00f6r en m\u00e4ngd olika anv\u00e4ndningsomr\u00e5den. Funktioner och F\u00f6rdelar: R\u00f6tt LED-ljus f\u00f6r behaglig nattsyn och minskad bl\u00e4ndning. [&hellip;]<\/p>","protected":false},"featured_media":8310,"comment_status":"closed","ping_status":"open","template":"","meta":{"_acf_changed":false,"_smort_price_nok":"470","_smort_price_dkk":"299","_smort_price_eur":"40","_smort_sale_price_nok":"","_smort_sale_price_dkk":"","_smort_sale_price_eur":"","smort_restorder":"","shipmondo_restorder":"","_kad_blocks_custom_css":"","_kad_blocks_head_custom_js":"","_kad_blocks_body_custom_js":"","_kad_blocks_footer_custom_js":"","smort_custom_pricelist_1":"246.4","smort_custom_pricelist_2":"246.4","smort_custom_pricelist_3":"234.08","smort_custom_pricelist_4":"352","smort_custom_pricelist_5":"246.4"},"anvandningsomrade":[166,238,2816],"bilmarken":[],"product_brand":[1252],"product_cat":[2586],"product_tag":[],"class_list":{"0":"post-8309","1":"product","2":"type-product","3":"status-publish","4":"has-post-thumbnail","6":"anvandningsomrade-lastbil","7":"anvandningsomrade-slap","8":"anvandningsomrade-trailer","9":"product_brand-lea","10":"product_cat-interiorbelysning-slap","11":"pa_fuktskydd-varde-ipxx-ip67","12":"pa_storlek-mm-75x17","13":"pa_stromforbrukning-015a-138v","14":"pa_volt-v-159","16":"first","17":"instock","18":"taxable","19":"shipping-taxable","20":"purchasable","21":"product-type-simple"},"bundled_by":[],"bundle_stock_status":"instock","bundle_stock_quantity":1,"bundle_virtual":false,"bundle_layout":"","bundle_add_to_cart_form_location":"","bundle_editable_in_cart":false,"bundle_sold_individually_context":"","bundle_item_grouping":"","bundle_min_size":"","bundle_max_size":"","bundle_price":[],"bundled_items":[],"bundle_sell_ids":[],"acf":[],"yoast_head":"<!-- This site is optimized with the Yoast SEO plugin v27.0 - https:\/\/yoast.com\/product\/yoast-seo-wordpress\/ -->\n<title>Interi\u00f6rlampa \u00d875mm | Special R\u00f6d - Xenonkungen<\/title>\n<meta name=\"robots\" content=\"index, follow, max-snippet:-1, max-image-preview:large, max-video-preview:-1\" \/>\n<link rel=\"canonical\" href=\"https:\/\/xenonkungen.com\/fi\/tuote\/sisavalaisin-o75mm-erikoistanko\/\" \/>\n<meta property=\"og:locale\" content=\"fi_FI\" \/>\n<meta property=\"og:type\" content=\"article\" \/>\n<meta property=\"og:title\" content=\"Interi\u00f6rlampa \u00d875mm | Special R\u00f6d - Xenonkungen\" \/>\n<meta property=\"og:description\" content=\"75mm Rund LED Interi\u00f6r R\u00f6d Nattbelysning Denna 75mm runda LED-belysning erbjuder ett behagligt r\u00f6tt ljus f\u00f6r nattbruk, vilket f\u00f6rb\u00e4ttrar b\u00e5de s\u00e4kerhet och synlighet utan att st\u00f6ra synen. Dess robusta konstruktion och eleganta design g\u00f6r den till en idealisk l\u00f6sning f\u00f6r en m\u00e4ngd olika anv\u00e4ndningsomr\u00e5den. Funktioner och F\u00f6rdelar: R\u00f6tt LED-ljus f\u00f6r behaglig nattsyn och minskad bl\u00e4ndning. [&hellip;]\" \/>\n<meta property=\"og:url\" content=\"https:\/\/xenonkungen.com\/fi\/tuote\/sisavalaisin-o75mm-erikoistanko\/\" \/>\n<meta property=\"og:site_name\" content=\"Xenonkungen\" \/>\n<meta property=\"article:modified_time\" content=\"2026-04-10T23:51:59+00:00\" \/>\n<meta property=\"og:image\" content=\"https:\/\/xenonkungen.com\/wp-content\/uploads\/2025\/04\/7363643-origpic-417666.jpg\" \/>\n\t<meta property=\"og:image:width\" content=\"800\" \/>\n\t<meta property=\"og:image:height\" content=\"800\" \/>\n\t<meta property=\"og:image:type\" content=\"image\/jpeg\" \/>\n<meta name=\"twitter:card\" content=\"summary_large_image\" \/>\n<meta name=\"twitter:label1\" content=\"Arvioitu lukuaika\" \/>\n\t<meta name=\"twitter:data1\" content=\"1 minuutti\" \/>\n<script type=\"application\/ld+json\" class=\"yoast-schema-graph\">{\"@context\":\"https:\/\/schema.org\",\"@graph\":[{\"@type\":\"WebPage\",\"@id\":\"https:\/\/xenonkungen.com\/produkt\/interiorlampa-o75mm-special-rod\/\",\"url\":\"https:\/\/xenonkungen.com\/produkt\/interiorlampa-o75mm-special-rod\/\",\"name\":\"Interi\u00f6rlampa \u00d875mm | Special R\u00f6d - Xenonkungen\",\"isPartOf\":{\"@id\":\"https:\/\/xenonkungen.com\/#website\"},\"primaryImageOfPage\":{\"@id\":\"https:\/\/xenonkungen.com\/produkt\/interiorlampa-o75mm-special-rod\/#primaryimage\"},\"image\":{\"@id\":\"https:\/\/xenonkungen.com\/produkt\/interiorlampa-o75mm-special-rod\/#primaryimage\"},\"thumbnailUrl\":\"https:\/\/xenonkungen.com\/wp-content\/uploads\/2025\/04\/7363643-origpic-417666.jpg\",\"datePublished\":\"2025-04-15T10:05:32+00:00\",\"dateModified\":\"2026-04-10T23:51:59+00:00\",\"breadcrumb\":{\"@id\":\"https:\/\/xenonkungen.com\/produkt\/interiorlampa-o75mm-special-rod\/#breadcrumb\"},\"inLanguage\":\"fi\",\"potentialAction\":[{\"@type\":\"ReadAction\",\"target\":[\"https:\/\/xenonkungen.com\/produkt\/interiorlampa-o75mm-special-rod\/\"]}]},{\"@type\":\"ImageObject\",\"inLanguage\":\"fi\",\"@id\":\"https:\/\/xenonkungen.com\/produkt\/interiorlampa-o75mm-special-rod\/#primaryimage\",\"url\":\"https:\/\/xenonkungen.com\/wp-content\/uploads\/2025\/04\/7363643-origpic-417666.jpg\",\"contentUrl\":\"https:\/\/xenonkungen.com\/wp-content\/uploads\/2025\/04\/7363643-origpic-417666.jpg\",\"width\":800,\"height\":800},{\"@type\":\"BreadcrumbList\",\"@id\":\"https:\/\/xenonkungen.com\/produkt\/interiorlampa-o75mm-special-rod\/#breadcrumb\",\"itemListElement\":[{\"@type\":\"ListItem\",\"position\":1,\"name\":\"Hem\",\"item\":\"https:\/\/xenonkungen.com\/\"},{\"@type\":\"ListItem\",\"position\":2,\"name\":\"Shop\",\"item\":\"https:\/\/xenonkungen.com\/shop\/\"},{\"@type\":\"ListItem\",\"position\":3,\"name\":\"Interi\u00f6rlampa \u00d875mm | Special R\u00f6d\"}]},{\"@type\":\"WebSite\",\"@id\":\"https:\/\/xenonkungen.com\/#website\",\"url\":\"https:\/\/xenonkungen.com\/\",\"name\":\"Xenonkungen\",\"description\":\"\",\"potentialAction\":[{\"@type\":\"SearchAction\",\"target\":{\"@type\":\"EntryPoint\",\"urlTemplate\":\"https:\/\/xenonkungen.com\/?s={search_term_string}\"},\"query-input\":{\"@type\":\"PropertyValueSpecification\",\"valueRequired\":true,\"valueName\":\"search_term_string\"}}],\"inLanguage\":\"fi\"}]}<\/script>\n<!-- \/ Yoast SEO plugin. -->","yoast_head_json":{"title":"Sis\u00e4valaisin \u00d875mm | Erikoispunainen - Xenonkungen","robots":{"index":"index","follow":"follow","max-snippet":"max-snippet:-1","max-image-preview":"max-image-preview:large","max-video-preview":"max-video-preview:-1"},"canonical":"https:\/\/xenonkungen.com\/fi\/tuote\/sisavalaisin-o75mm-erikoistanko\/","og_locale":"fi_FI","og_type":"article","og_title":"Interi\u00f6rlampa \u00d875mm | Special R\u00f6d - Xenonkungen","og_description":"75mm Rund LED Interi\u00f6r R\u00f6d Nattbelysning Denna 75mm runda LED-belysning erbjuder ett behagligt r\u00f6tt ljus f\u00f6r nattbruk, vilket f\u00f6rb\u00e4ttrar b\u00e5de s\u00e4kerhet och synlighet utan att st\u00f6ra synen. Dess robusta konstruktion och eleganta design g\u00f6r den till en idealisk l\u00f6sning f\u00f6r en m\u00e4ngd olika anv\u00e4ndningsomr\u00e5den. Funktioner och F\u00f6rdelar: R\u00f6tt LED-ljus f\u00f6r behaglig nattsyn och minskad bl\u00e4ndning. [&hellip;]","og_url":"https:\/\/xenonkungen.com\/fi\/tuote\/sisavalaisin-o75mm-erikoistanko\/","og_site_name":"Xenonkungen","article_modified_time":"2026-04-10T23:51:59+00:00","og_image":[{"width":800,"height":800,"url":"https:\/\/xenonkungen.com\/wp-content\/uploads\/2025\/04\/7363643-origpic-417666.jpg","type":"image\/jpeg"}],"twitter_card":"summary_large_image","twitter_misc":{"Arvioitu lukuaika":"1 minuutti"},"schema":{"@context":"https:\/\/schema.org","@graph":[{"@type":"WebPage","@id":"https:\/\/xenonkungen.com\/produkt\/interiorlampa-o75mm-special-rod\/","url":"https:\/\/xenonkungen.com\/produkt\/interiorlampa-o75mm-special-rod\/","name":"Sis\u00e4valaisin \u00d875mm | Erikoispunainen - Xenonkungen","isPartOf":{"@id":"https:\/\/xenonkungen.com\/#website"},"primaryImageOfPage":{"@id":"https:\/\/xenonkungen.com\/produkt\/interiorlampa-o75mm-special-rod\/#primaryimage"},"image":{"@id":"https:\/\/xenonkungen.com\/produkt\/interiorlampa-o75mm-special-rod\/#primaryimage"},"thumbnailUrl":"https:\/\/xenonkungen.com\/wp-content\/uploads\/2025\/04\/7363643-origpic-417666.jpg","datePublished":"2025-04-15T10:05:32+00:00","dateModified":"2026-04-10T23:51:59+00:00","breadcrumb":{"@id":"https:\/\/xenonkungen.com\/produkt\/interiorlampa-o75mm-special-rod\/#breadcrumb"},"inLanguage":"fi","potentialAction":[{"@type":"ReadAction","target":["https:\/\/xenonkungen.com\/produkt\/interiorlampa-o75mm-special-rod\/"]}]},{"@type":"ImageObject","inLanguage":"fi","@id":"https:\/\/xenonkungen.com\/produkt\/interiorlampa-o75mm-special-rod\/#primaryimage","url":"https:\/\/xenonkungen.com\/wp-content\/uploads\/2025\/04\/7363643-origpic-417666.jpg","contentUrl":"https:\/\/xenonkungen.com\/wp-content\/uploads\/2025\/04\/7363643-origpic-417666.jpg","width":800,"height":800},{"@type":"BreadcrumbList","@id":"https:\/\/xenonkungen.com\/produkt\/interiorlampa-o75mm-special-rod\/#breadcrumb","itemListElement":[{"@type":"ListItem","position":1,"name":"Hem","item":"https:\/\/xenonkungen.com\/"},{"@type":"ListItem","position":2,"name":"Shop","item":"https:\/\/xenonkungen.com\/shop\/"},{"@type":"ListItem","position":3,"name":"Interi\u00f6rlampa \u00d875mm | Special R\u00f6d"}]},{"@type":"WebSite","@id":"https:\/\/xenonkungen.com\/#website","url":"https:\/\/xenonkungen.com\/","name":"Xenonkungen","description":"","potentialAction":[{"@type":"SearchAction","target":{"@type":"EntryPoint","urlTemplate":"https:\/\/xenonkungen.com\/?s={search_term_string}"},"query-input":{"@type":"PropertyValueSpecification","valueRequired":true,"valueName":"search_term_string"}}],"inLanguage":"fi"}]}},"taxonomy_info":{"anvandningsomrade":[{"value":166,"label":"Lastbil"},{"value":238,"label":"SL\u00c4P"},{"value":2816,"label":"TRAILER"}],"product_brand":[{"value":1252,"label":"LEA"}],"product_cat":[{"value":2586,"label":"Interi\u00f6rbelysning"}],"pa_fuktskydd-varde-ipxx":[{"value":333,"label":"IP67"}],"pa_storlek-mm":[{"value":2056,"label":"75x17"}],"pa_stromforbrukning":[{"value":2058,"label":"0,15A @13,8V"}],"pa_volt-v":[{"value":159,"label":"12"}]},"featured_image_src_large":["https:\/\/xenonkungen.com\/wp-content\/uploads\/2025\/04\/7363643-origpic-417666.jpg",800,800,false],"author_info":[],"comment_info":0,"_links":{"self":[{"href":"https:\/\/xenonkungen.com\/fi\/wp-json\/wp\/v2\/product\/8309","targetHints":{"allow":["GET"]}}],"collection":[{"href":"https:\/\/xenonkungen.com\/fi\/wp-json\/wp\/v2\/product"}],"about":[{"href":"https:\/\/xenonkungen.com\/fi\/wp-json\/wp\/v2\/types\/product"}],"replies":[{"embeddable":true,"href":"https:\/\/xenonkungen.com\/fi\/wp-json\/wp\/v2\/comments?post=8309"}],"wp:featuredmedia":[{"embeddable":true,"href":"https:\/\/xenonkungen.com\/fi\/wp-json\/wp\/v2\/media\/8310"}],"wp:attachment":[{"href":"https:\/\/xenonkungen.com\/fi\/wp-json\/wp\/v2\/media?parent=8309"}],"wp:term":[{"taxonomy":"anvandningsomrade","embeddable":true,"href":"https:\/\/xenonkungen.com\/fi\/wp-json\/wp\/v2\/anvandningsomrade?post=8309"},{"taxonomy":"bilmarken","embeddable":true,"href":"https:\/\/xenonkungen.com\/fi\/wp-json\/wp\/v2\/bilmarken?post=8309"},{"taxonomy":"product_brand","embeddable":true,"href":"https:\/\/xenonkungen.com\/fi\/wp-json\/wp\/v2\/product_brand?post=8309"},{"taxonomy":"product_cat","embeddable":true,"href":"https:\/\/xenonkungen.com\/fi\/wp-json\/wp\/v2\/product_cat?post=8309"},{"taxonomy":"product_tag","embeddable":true,"href":"https:\/\/xenonkungen.com\/fi\/wp-json\/wp\/v2\/product_tag?post=8309"}],"curies":[{"name":"wp","href":"https:\/\/api.w.org\/{rel}","templated":true}]}}