{"id":8339,"date":"2025-04-15T10:05:47","date_gmt":"2025-04-15T10:05:47","guid":{"rendered":"https:\/\/xenonkungen.com\/product\/interiorlampa-o75mmrod-12v\/"},"modified":"2025-12-10T14:49:48","modified_gmt":"2025-12-10T13:49:48","slug":"sisavalo-o75mm-punainen-12v","status":"publish","type":"product","link":"https:\/\/xenonkungen.com\/fi\/tuote\/sisavalo-o75mm-punainen-12v\/","title":{"rendered":"Sis\u00e4valo \u00d875mm|Punainen 12V"},"content":{"rendered":"<h1>75 mm:n py\u00f6re\u00e4 12 V:n LED-sis\u00e4-\/ulkovalo kromikehyksell\u00e4 ja punaisella linssill\u00e4<\/h1>\n<p>T\u00e4m\u00e4 75 mm:n py\u00f6re\u00e4 LED-valo yhdist\u00e4\u00e4 tehokkaan valaistuksen esteettisesti miellytt\u00e4v\u00e4\u00e4n muotoiluun. Se sopii t\u00e4ydellisesti monenlaisiin k\u00e4ytt\u00f6tarkoituksiin ja tarjoaa lis\u00e4\u00e4 turvallisuutta ja n\u00e4kyvyytt\u00e4.<\/p>\n<h2>Ominaisuudet ja edut:<\/h2>\n<ul>\n<li>Kromattu ABS-kehys ja punainen polykarbonaattilinssi luovat n\u00e4ytt\u00e4v\u00e4n ilmeen.<\/li>\n<li>Himmennetyt optiikat luovat pehme\u00e4n ja miellytt\u00e4v\u00e4n valon.<\/li>\n<li>Iskun- ja t\u00e4rin\u00e4nkest\u00e4vyys takaa kest\u00e4vyyden vaativissa olosuhteissa.<\/li>\n<li>IP67-luokitus takaa t\u00e4ydellisen suojan p\u00f6ly\u00e4 ja vett\u00e4 vastaan.<\/li>\n<li>Oikosulkusuojaus lis\u00e4\u00e4 turvallisuutta ja luotettavuutta.<\/li>\n<li>Kompakti ja joustava muotoilu helppoa kokoamista varten.<\/li>\n<\/ul>\n<p>T\u00e4m\u00e4 LED-valaistus on t\u00e4ydellinen p\u00e4ivitys ajoneuvoosi tai suunnitteluprojektiisi, sill\u00e4 se tarjoaa t\u00e4ydellisen tasapainon tyylin ja suorituskyvyn v\u00e4lill\u00e4. Etsitp\u00e4 sitten parempaa turvallisuutta tai vain esteettist\u00e4 elementti\u00e4, t\u00e4m\u00e4 valaistus on erinomainen valinta.<\/p>","protected":false},"excerpt":{"rendered":"<p>75mm Rund 12V LED Interi\u00f6r-\/Exteri\u00f6rbelysning med Kromad Sarg och R\u00f6d Lins Denna 75mm runda LED-belysning kombinerar h\u00f6gpresterande belysning med en estetiskt tilltalande design. Perfekt f\u00f6r en m\u00e4ngd olika anv\u00e4ndningsomr\u00e5den, erbjuder den \u00f6kad s\u00e4kerhet och synlighet. Egenskaper och f\u00f6rdelar: Kromad ABS sarg och r\u00f6d polycarbonatlins f\u00f6r ett i\u00f6gonfallande utseende. D\u00e4mpad optik som skapar ett mjukt och [&hellip;]<\/p>","protected":false},"featured_media":8340,"comment_status":"closed","ping_status":"open","template":"","meta":{"_acf_changed":false,"_smort_price_nok":"235","_smort_price_dkk":"149","_smort_price_eur":"20","_smort_sale_price_nok":"","_smort_sale_price_dkk":"","_smort_sale_price_eur":"","smort_restorder":"","shipmondo_restorder":"","_kad_blocks_custom_css":"","_kad_blocks_head_custom_js":"","_kad_blocks_body_custom_js":"","_kad_blocks_footer_custom_js":"","smort_custom_pricelist_1":"123.2","smort_custom_pricelist_2":"123.2","smort_custom_pricelist_3":"117.04","smort_custom_pricelist_4":"176","smort_custom_pricelist_5":"123.2"},"anvandningsomrade":[166,238,2816],"bilmarken":[],"product_brand":[1252],"product_cat":[2586],"product_tag":[],"class_list":{"0":"post-8339","1":"product","2":"type-product","3":"status-publish","4":"has-post-thumbnail","6":"anvandningsomrade-lastbil","7":"anvandningsomrade-slap","8":"anvandningsomrade-trailer","9":"product_brand-lea","10":"product_cat-interiorbelysning-slap","11":"pa_fuktskydd-varde-ipxx-ip67","12":"pa_storlek-mm-75x17","13":"pa_stromforbrukning-006a-138v","14":"pa_volt-v-159","16":"first","17":"instock","18":"taxable","19":"shipping-taxable","20":"purchasable","21":"product-type-simple"},"bundled_by":[],"bundle_stock_status":"instock","bundle_stock_quantity":3,"bundle_virtual":false,"bundle_layout":"","bundle_add_to_cart_form_location":"","bundle_editable_in_cart":false,"bundle_sold_individually_context":"","bundle_item_grouping":"","bundle_min_size":"","bundle_max_size":"","bundle_price":[],"bundled_items":[],"bundle_sell_ids":[],"acf":[],"yoast_head":"<!-- This site is optimized with the Yoast SEO plugin v27.0 - https:\/\/yoast.com\/product\/yoast-seo-wordpress\/ -->\n<title>Interi\u00f6rlampa \u00d875mm|R\u00f6d 12V - Xenonkungen<\/title>\n<meta name=\"robots\" content=\"index, follow, max-snippet:-1, max-image-preview:large, max-video-preview:-1\" \/>\n<link rel=\"canonical\" href=\"https:\/\/xenonkungen.com\/fi\/tuote\/sisavalo-o75mm-punainen-12v\/\" \/>\n<meta property=\"og:locale\" content=\"fi_FI\" \/>\n<meta property=\"og:type\" content=\"article\" \/>\n<meta property=\"og:title\" content=\"Interi\u00f6rlampa \u00d875mm|R\u00f6d 12V - Xenonkungen\" \/>\n<meta property=\"og:description\" content=\"75mm Rund 12V LED Interi\u00f6r-\/Exteri\u00f6rbelysning med Kromad Sarg och R\u00f6d Lins Denna 75mm runda LED-belysning kombinerar h\u00f6gpresterande belysning med en estetiskt tilltalande design. Perfekt f\u00f6r en m\u00e4ngd olika anv\u00e4ndningsomr\u00e5den, erbjuder den \u00f6kad s\u00e4kerhet och synlighet. Egenskaper och f\u00f6rdelar: Kromad ABS sarg och r\u00f6d polycarbonatlins f\u00f6r ett i\u00f6gonfallande utseende. D\u00e4mpad optik som skapar ett mjukt och [&hellip;]\" \/>\n<meta property=\"og:url\" content=\"https:\/\/xenonkungen.com\/fi\/tuote\/sisavalo-o75mm-punainen-12v\/\" \/>\n<meta property=\"og:site_name\" content=\"Xenonkungen\" \/>\n<meta property=\"article:modified_time\" content=\"2025-12-10T13:49:48+00:00\" \/>\n<meta property=\"og:image\" content=\"https:\/\/xenonkungen.com\/wp-content\/uploads\/2025\/04\/75CLR-800x800-1.jpg\" \/>\n\t<meta property=\"og:image:width\" content=\"800\" \/>\n\t<meta property=\"og:image:height\" content=\"800\" \/>\n\t<meta property=\"og:image:type\" content=\"image\/jpeg\" \/>\n<meta name=\"twitter:card\" content=\"summary_large_image\" \/>\n<meta name=\"twitter:label1\" content=\"Arvioitu lukuaika\" \/>\n\t<meta name=\"twitter:data1\" content=\"1 minuutti\" \/>\n<script type=\"application\/ld+json\" class=\"yoast-schema-graph\">{\"@context\":\"https:\/\/schema.org\",\"@graph\":[{\"@type\":\"WebPage\",\"@id\":\"https:\/\/xenonkungen.com\/produkt\/interiorlampa-o75mmrod-12v\/\",\"url\":\"https:\/\/xenonkungen.com\/produkt\/interiorlampa-o75mmrod-12v\/\",\"name\":\"Interi\u00f6rlampa \u00d875mm|R\u00f6d 12V - Xenonkungen\",\"isPartOf\":{\"@id\":\"https:\/\/xenonkungen.com\/#website\"},\"primaryImageOfPage\":{\"@id\":\"https:\/\/xenonkungen.com\/produkt\/interiorlampa-o75mmrod-12v\/#primaryimage\"},\"image\":{\"@id\":\"https:\/\/xenonkungen.com\/produkt\/interiorlampa-o75mmrod-12v\/#primaryimage\"},\"thumbnailUrl\":\"https:\/\/xenonkungen.com\/wp-content\/uploads\/2025\/04\/75CLR-800x800-1.jpg\",\"datePublished\":\"2025-04-15T10:05:47+00:00\",\"dateModified\":\"2025-12-10T13:49:48+00:00\",\"breadcrumb\":{\"@id\":\"https:\/\/xenonkungen.com\/produkt\/interiorlampa-o75mmrod-12v\/#breadcrumb\"},\"inLanguage\":\"fi\",\"potentialAction\":[{\"@type\":\"ReadAction\",\"target\":[\"https:\/\/xenonkungen.com\/produkt\/interiorlampa-o75mmrod-12v\/\"]}]},{\"@type\":\"ImageObject\",\"inLanguage\":\"fi\",\"@id\":\"https:\/\/xenonkungen.com\/produkt\/interiorlampa-o75mmrod-12v\/#primaryimage\",\"url\":\"https:\/\/xenonkungen.com\/wp-content\/uploads\/2025\/04\/75CLR-800x800-1.jpg\",\"contentUrl\":\"https:\/\/xenonkungen.com\/wp-content\/uploads\/2025\/04\/75CLR-800x800-1.jpg\",\"width\":800,\"height\":800},{\"@type\":\"BreadcrumbList\",\"@id\":\"https:\/\/xenonkungen.com\/produkt\/interiorlampa-o75mmrod-12v\/#breadcrumb\",\"itemListElement\":[{\"@type\":\"ListItem\",\"position\":1,\"name\":\"Hem\",\"item\":\"https:\/\/xenonkungen.com\/\"},{\"@type\":\"ListItem\",\"position\":2,\"name\":\"Shop\",\"item\":\"https:\/\/xenonkungen.com\/shop\/\"},{\"@type\":\"ListItem\",\"position\":3,\"name\":\"Interi\u00f6rlampa \u00d875mm|R\u00f6d 12V\"}]},{\"@type\":\"WebSite\",\"@id\":\"https:\/\/xenonkungen.com\/#website\",\"url\":\"https:\/\/xenonkungen.com\/\",\"name\":\"Xenonkungen\",\"description\":\"\",\"potentialAction\":[{\"@type\":\"SearchAction\",\"target\":{\"@type\":\"EntryPoint\",\"urlTemplate\":\"https:\/\/xenonkungen.com\/?s={search_term_string}\"},\"query-input\":{\"@type\":\"PropertyValueSpecification\",\"valueRequired\":true,\"valueName\":\"search_term_string\"}}],\"inLanguage\":\"fi\"}]}<\/script>\n<!-- \/ Yoast SEO plugin. -->","yoast_head_json":{"title":"Sis\u00e4valo \u00d875mm|Punainen 12V - Xenonkungen","robots":{"index":"index","follow":"follow","max-snippet":"max-snippet:-1","max-image-preview":"max-image-preview:large","max-video-preview":"max-video-preview:-1"},"canonical":"https:\/\/xenonkungen.com\/fi\/tuote\/sisavalo-o75mm-punainen-12v\/","og_locale":"fi_FI","og_type":"article","og_title":"Interi\u00f6rlampa \u00d875mm|R\u00f6d 12V - Xenonkungen","og_description":"75mm Rund 12V LED Interi\u00f6r-\/Exteri\u00f6rbelysning med Kromad Sarg och R\u00f6d Lins Denna 75mm runda LED-belysning kombinerar h\u00f6gpresterande belysning med en estetiskt tilltalande design. Perfekt f\u00f6r en m\u00e4ngd olika anv\u00e4ndningsomr\u00e5den, erbjuder den \u00f6kad s\u00e4kerhet och synlighet. Egenskaper och f\u00f6rdelar: Kromad ABS sarg och r\u00f6d polycarbonatlins f\u00f6r ett i\u00f6gonfallande utseende. D\u00e4mpad optik som skapar ett mjukt och [&hellip;]","og_url":"https:\/\/xenonkungen.com\/fi\/tuote\/sisavalo-o75mm-punainen-12v\/","og_site_name":"Xenonkungen","article_modified_time":"2025-12-10T13:49:48+00:00","og_image":[{"width":800,"height":800,"url":"https:\/\/xenonkungen.com\/wp-content\/uploads\/2025\/04\/75CLR-800x800-1.jpg","type":"image\/jpeg"}],"twitter_card":"summary_large_image","twitter_misc":{"Arvioitu lukuaika":"1 minuutti"},"schema":{"@context":"https:\/\/schema.org","@graph":[{"@type":"WebPage","@id":"https:\/\/xenonkungen.com\/produkt\/interiorlampa-o75mmrod-12v\/","url":"https:\/\/xenonkungen.com\/produkt\/interiorlampa-o75mmrod-12v\/","name":"Sis\u00e4valo \u00d875mm|Punainen 12V - Xenonkungen","isPartOf":{"@id":"https:\/\/xenonkungen.com\/#website"},"primaryImageOfPage":{"@id":"https:\/\/xenonkungen.com\/produkt\/interiorlampa-o75mmrod-12v\/#primaryimage"},"image":{"@id":"https:\/\/xenonkungen.com\/produkt\/interiorlampa-o75mmrod-12v\/#primaryimage"},"thumbnailUrl":"https:\/\/xenonkungen.com\/wp-content\/uploads\/2025\/04\/75CLR-800x800-1.jpg","datePublished":"2025-04-15T10:05:47+00:00","dateModified":"2025-12-10T13:49:48+00:00","breadcrumb":{"@id":"https:\/\/xenonkungen.com\/produkt\/interiorlampa-o75mmrod-12v\/#breadcrumb"},"inLanguage":"fi","potentialAction":[{"@type":"ReadAction","target":["https:\/\/xenonkungen.com\/produkt\/interiorlampa-o75mmrod-12v\/"]}]},{"@type":"ImageObject","inLanguage":"fi","@id":"https:\/\/xenonkungen.com\/produkt\/interiorlampa-o75mmrod-12v\/#primaryimage","url":"https:\/\/xenonkungen.com\/wp-content\/uploads\/2025\/04\/75CLR-800x800-1.jpg","contentUrl":"https:\/\/xenonkungen.com\/wp-content\/uploads\/2025\/04\/75CLR-800x800-1.jpg","width":800,"height":800},{"@type":"BreadcrumbList","@id":"https:\/\/xenonkungen.com\/produkt\/interiorlampa-o75mmrod-12v\/#breadcrumb","itemListElement":[{"@type":"ListItem","position":1,"name":"Hem","item":"https:\/\/xenonkungen.com\/"},{"@type":"ListItem","position":2,"name":"Shop","item":"https:\/\/xenonkungen.com\/shop\/"},{"@type":"ListItem","position":3,"name":"Interi\u00f6rlampa \u00d875mm|R\u00f6d 12V"}]},{"@type":"WebSite","@id":"https:\/\/xenonkungen.com\/#website","url":"https:\/\/xenonkungen.com\/","name":"Xenonkungen","description":"","potentialAction":[{"@type":"SearchAction","target":{"@type":"EntryPoint","urlTemplate":"https:\/\/xenonkungen.com\/?s={search_term_string}"},"query-input":{"@type":"PropertyValueSpecification","valueRequired":true,"valueName":"search_term_string"}}],"inLanguage":"fi"}]}},"taxonomy_info":{"anvandningsomrade":[{"value":166,"label":"Lastbil"},{"value":238,"label":"SL\u00c4P"},{"value":2816,"label":"TRAILER"}],"product_brand":[{"value":1252,"label":"LEA"}],"product_cat":[{"value":2586,"label":"Interi\u00f6rbelysning"}],"pa_fuktskydd-varde-ipxx":[{"value":333,"label":"IP67"}],"pa_storlek-mm":[{"value":2056,"label":"75x17"}],"pa_stromforbrukning":[{"value":2052,"label":"0,06A @13,8V"}],"pa_volt-v":[{"value":159,"label":"12"}]},"featured_image_src_large":["https:\/\/xenonkungen.com\/wp-content\/uploads\/2025\/04\/75CLR-800x800-1.jpg",800,800,false],"author_info":[],"comment_info":0,"_links":{"self":[{"href":"https:\/\/xenonkungen.com\/fi\/wp-json\/wp\/v2\/product\/8339","targetHints":{"allow":["GET"]}}],"collection":[{"href":"https:\/\/xenonkungen.com\/fi\/wp-json\/wp\/v2\/product"}],"about":[{"href":"https:\/\/xenonkungen.com\/fi\/wp-json\/wp\/v2\/types\/product"}],"replies":[{"embeddable":true,"href":"https:\/\/xenonkungen.com\/fi\/wp-json\/wp\/v2\/comments?post=8339"}],"wp:featuredmedia":[{"embeddable":true,"href":"https:\/\/xenonkungen.com\/fi\/wp-json\/wp\/v2\/media\/8340"}],"wp:attachment":[{"href":"https:\/\/xenonkungen.com\/fi\/wp-json\/wp\/v2\/media?parent=8339"}],"wp:term":[{"taxonomy":"anvandningsomrade","embeddable":true,"href":"https:\/\/xenonkungen.com\/fi\/wp-json\/wp\/v2\/anvandningsomrade?post=8339"},{"taxonomy":"bilmarken","embeddable":true,"href":"https:\/\/xenonkungen.com\/fi\/wp-json\/wp\/v2\/bilmarken?post=8339"},{"taxonomy":"product_brand","embeddable":true,"href":"https:\/\/xenonkungen.com\/fi\/wp-json\/wp\/v2\/product_brand?post=8339"},{"taxonomy":"product_cat","embeddable":true,"href":"https:\/\/xenonkungen.com\/fi\/wp-json\/wp\/v2\/product_cat?post=8339"},{"taxonomy":"product_tag","embeddable":true,"href":"https:\/\/xenonkungen.com\/fi\/wp-json\/wp\/v2\/product_tag?post=8339"}],"curies":[{"name":"wp","href":"https:\/\/api.w.org\/{rel}","templated":true}]}}