{"id":8342,"date":"2025-04-15T10:05:47","date_gmt":"2025-04-15T10:05:47","guid":{"rendered":"https:\/\/xenonkungen.com\/product\/blinkerslampa-m77-lagprofil-22mm-2-pack\/"},"modified":"2026-04-11T00:52:29","modified_gmt":"2026-04-10T23:52:29","slug":"vilkkupolttimo-m77-lag-profile-22mm-2-kpl","status":"publish","type":"product","link":"https:\/\/xenonkungen.com\/fi\/tuote\/vilkkupolttimo-m77-lag-profile-22mm-2-kpl\/","title":{"rendered":"Vilkkuvalo M77 Low Profile 22mm (2-pack) (2-pack)"},"content":{"rendered":"<h1>Hienostunut matalan profiilin merkkivalo M77, jossa on kromirunko<\/h1>\n<p>Hienostuneelle M77-merkkivalolle on ominaista sen matala, vain 22 mm:n profiili ja tyylik\u00e4s kromattu kotelo, joka antaa modernin ja tyylikk\u00e4\u00e4n ulkon\u00e4\u00f6n. Sen suuntavilkun muotoilu takaa optimaalisen n\u00e4kyvyyden ja tehokkaan merkinannon muille tienk\u00e4ytt\u00e4jille. IP67-standardin mukaisen veden- ja p\u00f6lynkest\u00e4vyytens\u00e4 ansiosta t\u00e4m\u00e4 valaisin soveltuu erinomaisesti kaikkiin s\u00e4\u00e4olosuhteisiin ja tarjoaa luotettavan ratkaisun ajoneuvojen valaistukseen. Asennus on helppoa ja sujuvaa mukana tulevan 3M-teipin avulla, joten monimutkaisia asennusprosesseja ei tarvita.<\/p>\n<h2>Tekniset tiedot<\/h2>\n<ul>\n<li>Muotoilu: matala profiili (22 mm korkea), jossa on suuntavilkku.<\/li>\n<li>Materiaali: Tyylik\u00e4s kromattu kotelo<\/li>\n<li>Vesi- ja p\u00f6lytiivis: IP67-luokitus<\/li>\n<li>Asennusmenetelm\u00e4: Helppo asennus 3M-teipill\u00e4<\/li>\n<li>Ihanteellinen k\u00e4ytett\u00e4v\u00e4ksi monenlaisissa ajoneuvoissa<\/li>\n<\/ul>\n<h2>Ominaisuudet ja hy\u00f6dyt<\/h2>\n<p>M77-merkkivalossa yhdistyv\u00e4t esteettinen muotoilu ja tekninen suorituskyky, ja se tarjoaa edistyksellisen valaistusratkaisun. Sen matala profiili ja kromattu kotelo antavat ajoneuvolle ylellisen tunnelman, kun taas suuntavilkku parantaa turvallisuutta ilmoittamalla selv\u00e4sti ajoneuvon aikomukset muille tienk\u00e4ytt\u00e4jille. IP67-luokitus takaa, ett\u00e4 valo on t\u00e4ysin suojattu veden ja p\u00f6lyn p\u00e4\u00e4sy\u00e4 vastaan, joten se soveltuu k\u00e4ytett\u00e4v\u00e4ksi kaikissa olosuhteissa.<\/p>\n<ul>\n<li>Matalaprofiilinen muotoilu huomaamatonta mutta tehokasta merkinantoa varten.<\/li>\n<li>Kromikotelo antaa hienostuneen ja modernin ilmeen<\/li>\n<li>IP67-luokitus tarjoaa erinomaisen suojan vett\u00e4 ja p\u00f6ly\u00e4 vastaan.<\/li>\n<li>Helppo ja nopea asennus mukana tulevan 3M-teipin avulla.<\/li>\n<li>Ihanteellinen monenlaisille ajoneuvoille henkil\u00f6autoista raskaisiin kuorma-autoihin.<\/li>\n<\/ul>","protected":false},"excerpt":{"rendered":"<p>M77 Amber-merkkivalo on matalaprofiilinen (22 mm), vesi- ja p\u00f6lytiivis IP67-luokan mukaan.<\/p>\n<p>5 vuoden takuu<\/p>","protected":false},"featured_media":8343,"comment_status":"closed","ping_status":"open","template":"","meta":{"_acf_changed":false,"_smort_price_nok":"684","_smort_price_dkk":"434","_smort_price_eur":"58.18","_smort_sale_price_nok":"","_smort_sale_price_dkk":"","_smort_sale_price_eur":"","smort_restorder":"","shipmondo_restorder":"","_kad_blocks_custom_css":"","_kad_blocks_head_custom_js":"","_kad_blocks_body_custom_js":"","_kad_blocks_footer_custom_js":"","smort_custom_pricelist_1":"358.4","smort_custom_pricelist_2":"358.4","smort_custom_pricelist_3":"340.48","smort_custom_pricelist_4":"512","smort_custom_pricelist_5":"358.4"},"anvandningsomrade":[166,238,2816],"bilmarken":[],"product_brand":[1252],"product_cat":[2478],"product_tag":[],"class_list":{"0":"post-8342","1":"product","2":"type-product","3":"status-publish","4":"has-post-thumbnail","6":"anvandningsomrade-lastbil","7":"anvandningsomrade-slap","8":"anvandningsomrade-trailer","9":"product_brand-lea","10":"product_cat-positionsljus-slap","11":"pa_fuktskydd-varde-ipxx-ip67","12":"pa_godkannande-ece-r6-cat-6","13":"pa_storlek-mm-52x77x22","14":"pa_stromforbrukning-007a-28v","15":"pa_stromforbrukning-012a-138v","16":"pa_volt-v-multivolt-9-12-16-18-24-28-30-32","18":"first","19":"instock","20":"taxable","21":"shipping-taxable","22":"purchasable","23":"product-type-simple"},"bundled_by":[],"bundle_stock_status":"instock","bundle_stock_quantity":9,"bundle_virtual":false,"bundle_layout":"","bundle_add_to_cart_form_location":"","bundle_editable_in_cart":false,"bundle_sold_individually_context":"","bundle_item_grouping":"","bundle_min_size":"","bundle_max_size":"","bundle_price":[],"bundled_items":[],"bundle_sell_ids":[],"acf":[],"yoast_head":"<!-- This site is optimized with the Yoast SEO plugin v27.0 - https:\/\/yoast.com\/product\/yoast-seo-wordpress\/ -->\n<title>Blinkerslampa M77 L\u00e5gprofil 22mm (2-Pack) - Xenonkungen<\/title>\n<meta name=\"robots\" content=\"index, follow, max-snippet:-1, max-image-preview:large, max-video-preview:-1\" \/>\n<link rel=\"canonical\" href=\"http:\/\/xenonkungen.com\/fi\/tuote\/vilkkupolttimo-m77-lag-profile-22mm-2-kpl\/\" \/>\n<meta property=\"og:locale\" content=\"fi_FI\" \/>\n<meta property=\"og:type\" content=\"article\" \/>\n<meta property=\"og:title\" content=\"Blinkerslampa M77 L\u00e5gprofil 22mm (2-Pack) - Xenonkungen\" \/>\n<meta property=\"og:description\" content=\"Blinkerslampa M77 Amber har en l\u00e5g profil (22mm), vatten- och damm-t\u00e4t enligt IP67. 5 \u00e5rs garanti\" \/>\n<meta property=\"og:url\" content=\"http:\/\/xenonkungen.com\/fi\/tuote\/vilkkupolttimo-m77-lag-profile-22mm-2-kpl\/\" \/>\n<meta property=\"og:site_name\" content=\"Xenonkungen\" \/>\n<meta property=\"article:modified_time\" content=\"2026-04-10T23:52:29+00:00\" \/>\n<meta property=\"og:image\" content=\"https:\/\/xenonkungen.com\/wp-content\/uploads\/2025\/04\/177483321-origpic-bfd3f4.png\" \/>\n\t<meta property=\"og:image:width\" content=\"800\" \/>\n\t<meta property=\"og:image:height\" content=\"800\" \/>\n\t<meta property=\"og:image:type\" content=\"image\/png\" \/>\n<meta name=\"twitter:card\" content=\"summary_large_image\" \/>\n<meta name=\"twitter:label1\" content=\"Arvioitu lukuaika\" \/>\n\t<meta name=\"twitter:data1\" content=\"1 minuutti\" \/>\n<script type=\"application\/ld+json\" class=\"yoast-schema-graph\">{\"@context\":\"https:\/\/schema.org\",\"@graph\":[{\"@type\":\"WebPage\",\"@id\":\"http:\/\/xenonkungen.com\/es\/producto\/bombilla-intermitente-m77-perfil-retrasado-22-mm-paquete-de-2\/\",\"url\":\"http:\/\/xenonkungen.com\/es\/producto\/bombilla-intermitente-m77-perfil-retrasado-22-mm-paquete-de-2\/\",\"name\":\"Blinkerslampa M77 L\u00e5gprofil 22mm (2-Pack) - Xenonkungen\",\"isPartOf\":{\"@id\":\"https:\/\/xenonkungen.com\/#website\"},\"primaryImageOfPage\":{\"@id\":\"http:\/\/xenonkungen.com\/es\/producto\/bombilla-intermitente-m77-perfil-retrasado-22-mm-paquete-de-2\/#primaryimage\"},\"image\":{\"@id\":\"http:\/\/xenonkungen.com\/es\/producto\/bombilla-intermitente-m77-perfil-retrasado-22-mm-paquete-de-2\/#primaryimage\"},\"thumbnailUrl\":\"https:\/\/xenonkungen.com\/wp-content\/uploads\/2025\/04\/177483321-origpic-bfd3f4.png\",\"datePublished\":\"2025-04-15T10:05:47+00:00\",\"dateModified\":\"2026-04-10T23:52:29+00:00\",\"breadcrumb\":{\"@id\":\"http:\/\/xenonkungen.com\/es\/producto\/bombilla-intermitente-m77-perfil-retrasado-22-mm-paquete-de-2\/#breadcrumb\"},\"inLanguage\":\"fi\",\"potentialAction\":[{\"@type\":\"ReadAction\",\"target\":[\"http:\/\/xenonkungen.com\/es\/producto\/bombilla-intermitente-m77-perfil-retrasado-22-mm-paquete-de-2\/\"]}]},{\"@type\":\"ImageObject\",\"inLanguage\":\"fi\",\"@id\":\"http:\/\/xenonkungen.com\/es\/producto\/bombilla-intermitente-m77-perfil-retrasado-22-mm-paquete-de-2\/#primaryimage\",\"url\":\"https:\/\/xenonkungen.com\/wp-content\/uploads\/2025\/04\/177483321-origpic-bfd3f4.png\",\"contentUrl\":\"https:\/\/xenonkungen.com\/wp-content\/uploads\/2025\/04\/177483321-origpic-bfd3f4.png\",\"width\":800,\"height\":800},{\"@type\":\"BreadcrumbList\",\"@id\":\"http:\/\/xenonkungen.com\/es\/producto\/bombilla-intermitente-m77-perfil-retrasado-22-mm-paquete-de-2\/#breadcrumb\",\"itemListElement\":[{\"@type\":\"ListItem\",\"position\":1,\"name\":\"Hem\",\"item\":\"https:\/\/xenonkungen.com\/\"},{\"@type\":\"ListItem\",\"position\":2,\"name\":\"Shop\",\"item\":\"https:\/\/xenonkungen.com\/shop\/\"},{\"@type\":\"ListItem\",\"position\":3,\"name\":\"Blinkerslampa M77 L\u00e5gprofil 22mm (2-Pack)\"}]},{\"@type\":\"WebSite\",\"@id\":\"https:\/\/xenonkungen.com\/#website\",\"url\":\"https:\/\/xenonkungen.com\/\",\"name\":\"Xenonkungen\",\"description\":\"\",\"potentialAction\":[{\"@type\":\"SearchAction\",\"target\":{\"@type\":\"EntryPoint\",\"urlTemplate\":\"https:\/\/xenonkungen.com\/?s={search_term_string}\"},\"query-input\":{\"@type\":\"PropertyValueSpecification\",\"valueRequired\":true,\"valueName\":\"search_term_string\"}}],\"inLanguage\":\"fi\"}]}<\/script>\n<!-- \/ Yoast SEO plugin. -->","yoast_head_json":{"title":"Vilkun polttimo M77 matalaprofiilinen 22 mm (2 kpl) - The Xenon King","robots":{"index":"index","follow":"follow","max-snippet":"max-snippet:-1","max-image-preview":"max-image-preview:large","max-video-preview":"max-video-preview:-1"},"canonical":"http:\/\/xenonkungen.com\/fi\/tuote\/vilkkupolttimo-m77-lag-profile-22mm-2-kpl\/","og_locale":"fi_FI","og_type":"article","og_title":"Blinkerslampa M77 L\u00e5gprofil 22mm (2-Pack) - Xenonkungen","og_description":"Blinkerslampa M77 Amber har en l\u00e5g profil (22mm), vatten- och damm-t\u00e4t enligt IP67. 5 \u00e5rs garanti","og_url":"http:\/\/xenonkungen.com\/fi\/tuote\/vilkkupolttimo-m77-lag-profile-22mm-2-kpl\/","og_site_name":"Xenonkungen","article_modified_time":"2026-04-10T23:52:29+00:00","og_image":[{"width":800,"height":800,"url":"https:\/\/xenonkungen.com\/wp-content\/uploads\/2025\/04\/177483321-origpic-bfd3f4.png","type":"image\/png"}],"twitter_card":"summary_large_image","twitter_misc":{"Arvioitu lukuaika":"1 minuutti"},"schema":{"@context":"https:\/\/schema.org","@graph":[{"@type":"WebPage","@id":"http:\/\/xenonkungen.com\/es\/producto\/bombilla-intermitente-m77-perfil-retrasado-22-mm-paquete-de-2\/","url":"http:\/\/xenonkungen.com\/es\/producto\/bombilla-intermitente-m77-perfil-retrasado-22-mm-paquete-de-2\/","name":"Vilkun polttimo M77 matalaprofiilinen 22 mm (2 kpl) - The Xenon King","isPartOf":{"@id":"https:\/\/xenonkungen.com\/#website"},"primaryImageOfPage":{"@id":"http:\/\/xenonkungen.com\/es\/producto\/bombilla-intermitente-m77-perfil-retrasado-22-mm-paquete-de-2\/#primaryimage"},"image":{"@id":"http:\/\/xenonkungen.com\/es\/producto\/bombilla-intermitente-m77-perfil-retrasado-22-mm-paquete-de-2\/#primaryimage"},"thumbnailUrl":"https:\/\/xenonkungen.com\/wp-content\/uploads\/2025\/04\/177483321-origpic-bfd3f4.png","datePublished":"2025-04-15T10:05:47+00:00","dateModified":"2026-04-10T23:52:29+00:00","breadcrumb":{"@id":"http:\/\/xenonkungen.com\/es\/producto\/bombilla-intermitente-m77-perfil-retrasado-22-mm-paquete-de-2\/#breadcrumb"},"inLanguage":"fi","potentialAction":[{"@type":"ReadAction","target":["http:\/\/xenonkungen.com\/es\/producto\/bombilla-intermitente-m77-perfil-retrasado-22-mm-paquete-de-2\/"]}]},{"@type":"ImageObject","inLanguage":"fi","@id":"http:\/\/xenonkungen.com\/es\/producto\/bombilla-intermitente-m77-perfil-retrasado-22-mm-paquete-de-2\/#primaryimage","url":"https:\/\/xenonkungen.com\/wp-content\/uploads\/2025\/04\/177483321-origpic-bfd3f4.png","contentUrl":"https:\/\/xenonkungen.com\/wp-content\/uploads\/2025\/04\/177483321-origpic-bfd3f4.png","width":800,"height":800},{"@type":"BreadcrumbList","@id":"http:\/\/xenonkungen.com\/es\/producto\/bombilla-intermitente-m77-perfil-retrasado-22-mm-paquete-de-2\/#breadcrumb","itemListElement":[{"@type":"ListItem","position":1,"name":"Hem","item":"https:\/\/xenonkungen.com\/"},{"@type":"ListItem","position":2,"name":"Shop","item":"https:\/\/xenonkungen.com\/shop\/"},{"@type":"ListItem","position":3,"name":"Blinkerslampa M77 L\u00e5gprofil 22mm (2-Pack)"}]},{"@type":"WebSite","@id":"https:\/\/xenonkungen.com\/#website","url":"https:\/\/xenonkungen.com\/","name":"Xenonkungen","description":"","potentialAction":[{"@type":"SearchAction","target":{"@type":"EntryPoint","urlTemplate":"https:\/\/xenonkungen.com\/?s={search_term_string}"},"query-input":{"@type":"PropertyValueSpecification","valueRequired":true,"valueName":"search_term_string"}}],"inLanguage":"fi"}]}},"taxonomy_info":{"anvandningsomrade":[{"value":166,"label":"Lastbil"},{"value":238,"label":"SL\u00c4P"},{"value":2816,"label":"TRAILER"}],"product_brand":[{"value":1252,"label":"LEA"}],"product_cat":[{"value":2478,"label":"Positionsljus"}],"pa_fuktskydd-varde-ipxx":[{"value":333,"label":"IP67"}],"pa_godkannande":[{"value":2062,"label":"ECE, R6 Cat.6"}],"pa_storlek-mm":[{"value":2061,"label":"52x77x22"}],"pa_stromforbrukning":[{"value":1876,"label":"0,07A @28V"},{"value":1875,"label":"0,12A @13,8V"}],"pa_volt-v":[{"value":521,"label":"Multivolt, 9, 12, 16, 18, 24, 28, 30, 32"}]},"featured_image_src_large":["https:\/\/xenonkungen.com\/wp-content\/uploads\/2025\/04\/177483321-origpic-bfd3f4.png",800,800,false],"author_info":[],"comment_info":0,"_links":{"self":[{"href":"https:\/\/xenonkungen.com\/fi\/wp-json\/wp\/v2\/product\/8342","targetHints":{"allow":["GET"]}}],"collection":[{"href":"https:\/\/xenonkungen.com\/fi\/wp-json\/wp\/v2\/product"}],"about":[{"href":"https:\/\/xenonkungen.com\/fi\/wp-json\/wp\/v2\/types\/product"}],"replies":[{"embeddable":true,"href":"https:\/\/xenonkungen.com\/fi\/wp-json\/wp\/v2\/comments?post=8342"}],"wp:featuredmedia":[{"embeddable":true,"href":"https:\/\/xenonkungen.com\/fi\/wp-json\/wp\/v2\/media\/8343"}],"wp:attachment":[{"href":"https:\/\/xenonkungen.com\/fi\/wp-json\/wp\/v2\/media?parent=8342"}],"wp:term":[{"taxonomy":"anvandningsomrade","embeddable":true,"href":"https:\/\/xenonkungen.com\/fi\/wp-json\/wp\/v2\/anvandningsomrade?post=8342"},{"taxonomy":"bilmarken","embeddable":true,"href":"https:\/\/xenonkungen.com\/fi\/wp-json\/wp\/v2\/bilmarken?post=8342"},{"taxonomy":"product_brand","embeddable":true,"href":"https:\/\/xenonkungen.com\/fi\/wp-json\/wp\/v2\/product_brand?post=8342"},{"taxonomy":"product_cat","embeddable":true,"href":"https:\/\/xenonkungen.com\/fi\/wp-json\/wp\/v2\/product_cat?post=8342"},{"taxonomy":"product_tag","embeddable":true,"href":"https:\/\/xenonkungen.com\/fi\/wp-json\/wp\/v2\/product_tag?post=8342"}],"curies":[{"name":"wp","href":"https:\/\/api.w.org\/{rel}","templated":true}]}}