{"id":8348,"date":"2025-04-15T10:06:00","date_gmt":"2025-04-15T10:06:00","guid":{"rendered":"https:\/\/xenonkungen.com\/product\/blinkerslampa-m77-lagprofil-22mm-gul-2-pack\/"},"modified":"2026-04-11T00:52:32","modified_gmt":"2026-04-10T23:52:32","slug":"merkkivalo-m77-joukkueprofiili-22-mm-keltainen-2-kpl","status":"publish","type":"product","link":"https:\/\/xenonkungen.com\/fi\/tuote\/merkkivalo-m77-joukkueprofiili-22-mm-keltainen-2-kpl\/","title":{"rendered":"K\u00e4\u00e4ntymisvalo M77 Low Profile 22mm | Keltainen (2-pack)"},"content":{"rendered":"<h1>Huomaamaton matalan profiilin merkkivalo M77 Amber IP67-suojalla.<\/h1>\n<p>T\u00e4m\u00e4 huomaamaton ja tehokas M77 Amber -merkkivalo on suunniteltu erityisesti parantamaan auton, kuorma-auton tai muun ajoneuvon n\u00e4kyvyytt\u00e4 ja turvallisuutta. Matalan, vain 22 mm:n profiilinsa ja vankan rakenteensa ansiosta, joka on sek\u00e4 vesi- ett\u00e4 p\u00f6lytiivis IP67-standardien mukaisesti, t\u00e4m\u00e4 valo sopii t\u00e4ydellisesti kaikille, jotka etsiv\u00e4t kest\u00e4v\u00e4\u00e4 ja luotettavaa valaistusratkaisua. Se on helppo asentaa mukana toimitetun 3M-teipin ansiosta, eik\u00e4 monimutkaisia ty\u00f6kaluja tai pysyvi\u00e4 muutoksia ajoneuvoon tarvita.<\/p>\n<h2>Tekniset tiedot<\/h2>\n<ul>\n<li>Matalaprofiilinen muotoilu: 22mm<\/li>\n<li>Suojausluokka: IP67 (vesi- ja p\u00f6lytiivis)<\/li>\n<li>V\u00e4ri: Meripihka<\/li>\n<li>Asennusmenetelm\u00e4: Helppo ja nopea asennus 3M-teipill\u00e4<\/li>\n<li>Ihanteellinen k\u00e4ytett\u00e4v\u00e4ksi kaikentyyppisiss\u00e4 12V ajoneuvoissa<\/li>\n<\/ul>\n<h2>Ominaisuudet ja hy\u00f6dyt<\/h2>\n<p>M77 Amber-merkkivalossa yhdistyv\u00e4t korkealaatuiset materiaalit ja edistyksellinen muotoilu, ja se tarjoaa ratkaisun, joka on paitsi esteettisesti miellytt\u00e4v\u00e4 my\u00f6s toimiva. Matalan profiilin ansiosta se on huomaamaton, ja kirkkaan keltaisen v\u00e4rin ansiosta ajoneuvo n\u00e4kyy ja erottuu liikenteess\u00e4. IP67-luokitus takaa, ett\u00e4 valaisin on suojattu kovimmilta s\u00e4\u00e4olosuhteilta, joten se soveltuu erinomaisesti k\u00e4ytett\u00e4v\u00e4ksi erilaisissa ymp\u00e4rist\u00f6iss\u00e4.<\/p>\n<ul>\n<li>Hyv\u00e4 n\u00e4kyvyys kirkkaan keltaisen v\u00e4rin ansiosta lis\u00e4\u00e4 turvallisuutta.<\/li>\n<li>Matalaprofiilinen, huomaamaton asennus, joka ei h\u00e4iritse ajoneuvon muotoilua.<\/li>\n<li>Vesitiivis ja p\u00f6lytiivis luotettavaa k\u00e4ytt\u00f6\u00e4 varten kaikissa s\u00e4\u00e4olosuhteissa.<\/li>\n<li>Helppo asennus 3M-teipill\u00e4, ei vaadi pysyvi\u00e4 muutoksia ajoneuvoon.<\/li>\n<li>Ihanteellinen monenlaisiin ajoneuvoihin henkil\u00f6autoista raskaisiin tavarankuljetusajoneuvoihin.<\/li>\n<\/ul>","protected":false},"excerpt":{"rendered":"<p>M77 Amber-merkkivalo on matalaprofiilinen (22 mm), vesi- ja p\u00f6lytiivis IP67-luokan mukaan.<\/p>\n<p>Toimitetaan pareittain<\/p>\n<p>5 vuoden takuu<\/p>","protected":false},"featured_media":8349,"comment_status":"closed","ping_status":"open","template":"","meta":{"_acf_changed":false,"_smort_price_nok":"684","_smort_price_dkk":"434","_smort_price_eur":"58.18","_smort_sale_price_nok":"","_smort_sale_price_dkk":"","_smort_sale_price_eur":"","smort_restorder":"","shipmondo_restorder":"","_kad_blocks_custom_css":"","_kad_blocks_head_custom_js":"","_kad_blocks_body_custom_js":"","_kad_blocks_footer_custom_js":"","smort_custom_pricelist_1":"358.4","smort_custom_pricelist_2":"358.4","smort_custom_pricelist_3":"340.48","smort_custom_pricelist_4":"512","smort_custom_pricelist_5":"358.4"},"anvandningsomrade":[166,238,2816],"bilmarken":[],"product_brand":[1252],"product_cat":[2478],"product_tag":[],"class_list":{"0":"post-8348","1":"product","2":"type-product","3":"status-publish","4":"has-post-thumbnail","6":"anvandningsomrade-lastbil","7":"anvandningsomrade-slap","8":"anvandningsomrade-trailer","9":"product_brand-lea","10":"product_cat-positionsljus-slap","11":"pa_fuktskydd-varde-ipxx-ip67","12":"pa_godkannande-ece-r6-cat-6","13":"pa_storlek-mm-52x77x22","14":"pa_stromforbrukning-007a-28v","15":"pa_stromforbrukning-012a-138v","16":"pa_volt-v-multivolt-9-12-16-18-24-28-30-32","18":"first","19":"instock","20":"taxable","21":"shipping-taxable","22":"purchasable","23":"product-type-simple"},"bundled_by":[],"bundle_stock_status":"instock","bundle_stock_quantity":9,"bundle_virtual":false,"bundle_layout":"","bundle_add_to_cart_form_location":"","bundle_editable_in_cart":false,"bundle_sold_individually_context":"","bundle_item_grouping":"","bundle_min_size":"","bundle_max_size":"","bundle_price":[],"bundled_items":[],"bundle_sell_ids":[],"acf":[],"yoast_head":"<!-- This site is optimized with the Yoast SEO plugin v27.0 - https:\/\/yoast.com\/product\/yoast-seo-wordpress\/ -->\n<title>Blinkerslampa M77 L\u00e5gprofil 22mm | Gul (2-Pack) - Xenonkungen<\/title>\n<meta name=\"robots\" content=\"index, follow, max-snippet:-1, max-image-preview:large, max-video-preview:-1\" \/>\n<link rel=\"canonical\" href=\"https:\/\/xenonkungen.com\/fi\/tuote\/merkkivalo-m77-joukkueprofiili-22-mm-keltainen-2-kpl\/\" \/>\n<meta property=\"og:locale\" content=\"fi_FI\" \/>\n<meta property=\"og:type\" content=\"article\" \/>\n<meta property=\"og:title\" content=\"Blinkerslampa M77 L\u00e5gprofil 22mm | Gul (2-Pack) - Xenonkungen\" \/>\n<meta property=\"og:description\" content=\"Blinkerslampa M77 Amber har en l\u00e5g profil (22mm), vatten- och damm-t\u00e4t enligt IP67. Levereras parvis 5 \u00e5rs garanti\" \/>\n<meta property=\"og:url\" content=\"https:\/\/xenonkungen.com\/fi\/tuote\/merkkivalo-m77-joukkueprofiili-22-mm-keltainen-2-kpl\/\" \/>\n<meta property=\"og:site_name\" content=\"Xenonkungen\" \/>\n<meta property=\"article:modified_time\" content=\"2026-04-10T23:52:32+00:00\" \/>\n<meta property=\"og:image\" content=\"https:\/\/xenonkungen.com\/wp-content\/uploads\/2025\/04\/177483283-origpic-e02dae.png\" \/>\n\t<meta property=\"og:image:width\" content=\"800\" \/>\n\t<meta property=\"og:image:height\" content=\"800\" \/>\n\t<meta property=\"og:image:type\" content=\"image\/png\" \/>\n<meta name=\"twitter:card\" content=\"summary_large_image\" \/>\n<meta name=\"twitter:label1\" content=\"Arvioitu lukuaika\" \/>\n\t<meta name=\"twitter:data1\" content=\"1 minuutti\" \/>\n<script type=\"application\/ld+json\" class=\"yoast-schema-graph\">{\"@context\":\"https:\/\/schema.org\",\"@graph\":[{\"@type\":\"WebPage\",\"@id\":\"https:\/\/xenonkungen.com\/produkt\/blinkerslampa-m77-lagprofil-22mm-gul-2-pack\/\",\"url\":\"https:\/\/xenonkungen.com\/produkt\/blinkerslampa-m77-lagprofil-22mm-gul-2-pack\/\",\"name\":\"Blinkerslampa M77 L\u00e5gprofil 22mm | Gul (2-Pack) - Xenonkungen\",\"isPartOf\":{\"@id\":\"https:\/\/xenonkungen.com\/#website\"},\"primaryImageOfPage\":{\"@id\":\"https:\/\/xenonkungen.com\/produkt\/blinkerslampa-m77-lagprofil-22mm-gul-2-pack\/#primaryimage\"},\"image\":{\"@id\":\"https:\/\/xenonkungen.com\/produkt\/blinkerslampa-m77-lagprofil-22mm-gul-2-pack\/#primaryimage\"},\"thumbnailUrl\":\"https:\/\/xenonkungen.com\/wp-content\/uploads\/2025\/04\/177483283-origpic-e02dae.png\",\"datePublished\":\"2025-04-15T10:06:00+00:00\",\"dateModified\":\"2026-04-10T23:52:32+00:00\",\"breadcrumb\":{\"@id\":\"https:\/\/xenonkungen.com\/produkt\/blinkerslampa-m77-lagprofil-22mm-gul-2-pack\/#breadcrumb\"},\"inLanguage\":\"fi\",\"potentialAction\":[{\"@type\":\"ReadAction\",\"target\":[\"https:\/\/xenonkungen.com\/produkt\/blinkerslampa-m77-lagprofil-22mm-gul-2-pack\/\"]}]},{\"@type\":\"ImageObject\",\"inLanguage\":\"fi\",\"@id\":\"https:\/\/xenonkungen.com\/produkt\/blinkerslampa-m77-lagprofil-22mm-gul-2-pack\/#primaryimage\",\"url\":\"https:\/\/xenonkungen.com\/wp-content\/uploads\/2025\/04\/177483283-origpic-e02dae.png\",\"contentUrl\":\"https:\/\/xenonkungen.com\/wp-content\/uploads\/2025\/04\/177483283-origpic-e02dae.png\",\"width\":800,\"height\":800},{\"@type\":\"BreadcrumbList\",\"@id\":\"https:\/\/xenonkungen.com\/produkt\/blinkerslampa-m77-lagprofil-22mm-gul-2-pack\/#breadcrumb\",\"itemListElement\":[{\"@type\":\"ListItem\",\"position\":1,\"name\":\"Hem\",\"item\":\"https:\/\/xenonkungen.com\/\"},{\"@type\":\"ListItem\",\"position\":2,\"name\":\"Shop\",\"item\":\"https:\/\/xenonkungen.com\/shop\/\"},{\"@type\":\"ListItem\",\"position\":3,\"name\":\"Blinkerslampa M77 L\u00e5gprofil 22mm | Gul (2-Pack)\"}]},{\"@type\":\"WebSite\",\"@id\":\"https:\/\/xenonkungen.com\/#website\",\"url\":\"https:\/\/xenonkungen.com\/\",\"name\":\"Xenonkungen\",\"description\":\"\",\"potentialAction\":[{\"@type\":\"SearchAction\",\"target\":{\"@type\":\"EntryPoint\",\"urlTemplate\":\"https:\/\/xenonkungen.com\/?s={search_term_string}\"},\"query-input\":{\"@type\":\"PropertyValueSpecification\",\"valueRequired\":true,\"valueName\":\"search_term_string\"}}],\"inLanguage\":\"fi\"}]}<\/script>\n<!-- \/ Yoast SEO plugin. -->","yoast_head_json":{"title":"Vilkkuvalo M77 Matalaprofiilinen 22 mm | Keltainen (2 kpl) - Xenon King","robots":{"index":"index","follow":"follow","max-snippet":"max-snippet:-1","max-image-preview":"max-image-preview:large","max-video-preview":"max-video-preview:-1"},"canonical":"https:\/\/xenonkungen.com\/fi\/tuote\/merkkivalo-m77-joukkueprofiili-22-mm-keltainen-2-kpl\/","og_locale":"fi_FI","og_type":"article","og_title":"Blinkerslampa M77 L\u00e5gprofil 22mm | Gul (2-Pack) - Xenonkungen","og_description":"Blinkerslampa M77 Amber har en l\u00e5g profil (22mm), vatten- och damm-t\u00e4t enligt IP67. Levereras parvis 5 \u00e5rs garanti","og_url":"https:\/\/xenonkungen.com\/fi\/tuote\/merkkivalo-m77-joukkueprofiili-22-mm-keltainen-2-kpl\/","og_site_name":"Xenonkungen","article_modified_time":"2026-04-10T23:52:32+00:00","og_image":[{"width":800,"height":800,"url":"https:\/\/xenonkungen.com\/wp-content\/uploads\/2025\/04\/177483283-origpic-e02dae.png","type":"image\/png"}],"twitter_card":"summary_large_image","twitter_misc":{"Arvioitu lukuaika":"1 minuutti"},"schema":{"@context":"https:\/\/schema.org","@graph":[{"@type":"WebPage","@id":"https:\/\/xenonkungen.com\/produkt\/blinkerslampa-m77-lagprofil-22mm-gul-2-pack\/","url":"https:\/\/xenonkungen.com\/produkt\/blinkerslampa-m77-lagprofil-22mm-gul-2-pack\/","name":"Vilkkuvalo M77 Matalaprofiilinen 22 mm | Keltainen (2 kpl) - Xenon King","isPartOf":{"@id":"https:\/\/xenonkungen.com\/#website"},"primaryImageOfPage":{"@id":"https:\/\/xenonkungen.com\/produkt\/blinkerslampa-m77-lagprofil-22mm-gul-2-pack\/#primaryimage"},"image":{"@id":"https:\/\/xenonkungen.com\/produkt\/blinkerslampa-m77-lagprofil-22mm-gul-2-pack\/#primaryimage"},"thumbnailUrl":"https:\/\/xenonkungen.com\/wp-content\/uploads\/2025\/04\/177483283-origpic-e02dae.png","datePublished":"2025-04-15T10:06:00+00:00","dateModified":"2026-04-10T23:52:32+00:00","breadcrumb":{"@id":"https:\/\/xenonkungen.com\/produkt\/blinkerslampa-m77-lagprofil-22mm-gul-2-pack\/#breadcrumb"},"inLanguage":"fi","potentialAction":[{"@type":"ReadAction","target":["https:\/\/xenonkungen.com\/produkt\/blinkerslampa-m77-lagprofil-22mm-gul-2-pack\/"]}]},{"@type":"ImageObject","inLanguage":"fi","@id":"https:\/\/xenonkungen.com\/produkt\/blinkerslampa-m77-lagprofil-22mm-gul-2-pack\/#primaryimage","url":"https:\/\/xenonkungen.com\/wp-content\/uploads\/2025\/04\/177483283-origpic-e02dae.png","contentUrl":"https:\/\/xenonkungen.com\/wp-content\/uploads\/2025\/04\/177483283-origpic-e02dae.png","width":800,"height":800},{"@type":"BreadcrumbList","@id":"https:\/\/xenonkungen.com\/produkt\/blinkerslampa-m77-lagprofil-22mm-gul-2-pack\/#breadcrumb","itemListElement":[{"@type":"ListItem","position":1,"name":"Hem","item":"https:\/\/xenonkungen.com\/"},{"@type":"ListItem","position":2,"name":"Shop","item":"https:\/\/xenonkungen.com\/shop\/"},{"@type":"ListItem","position":3,"name":"Blinkerslampa M77 L\u00e5gprofil 22mm | Gul (2-Pack)"}]},{"@type":"WebSite","@id":"https:\/\/xenonkungen.com\/#website","url":"https:\/\/xenonkungen.com\/","name":"Xenonkungen","description":"","potentialAction":[{"@type":"SearchAction","target":{"@type":"EntryPoint","urlTemplate":"https:\/\/xenonkungen.com\/?s={search_term_string}"},"query-input":{"@type":"PropertyValueSpecification","valueRequired":true,"valueName":"search_term_string"}}],"inLanguage":"fi"}]}},"taxonomy_info":{"anvandningsomrade":[{"value":166,"label":"Lastbil"},{"value":238,"label":"SL\u00c4P"},{"value":2816,"label":"TRAILER"}],"product_brand":[{"value":1252,"label":"LEA"}],"product_cat":[{"value":2478,"label":"Positionsljus"}],"pa_fuktskydd-varde-ipxx":[{"value":333,"label":"IP67"}],"pa_godkannande":[{"value":2062,"label":"ECE, R6 Cat.6"}],"pa_storlek-mm":[{"value":2061,"label":"52x77x22"}],"pa_stromforbrukning":[{"value":1876,"label":"0,07A @28V"},{"value":1875,"label":"0,12A @13,8V"}],"pa_volt-v":[{"value":521,"label":"Multivolt, 9, 12, 16, 18, 24, 28, 30, 32"}]},"featured_image_src_large":["https:\/\/xenonkungen.com\/wp-content\/uploads\/2025\/04\/177483283-origpic-e02dae.png",800,800,false],"author_info":[],"comment_info":0,"_links":{"self":[{"href":"https:\/\/xenonkungen.com\/fi\/wp-json\/wp\/v2\/product\/8348","targetHints":{"allow":["GET"]}}],"collection":[{"href":"https:\/\/xenonkungen.com\/fi\/wp-json\/wp\/v2\/product"}],"about":[{"href":"https:\/\/xenonkungen.com\/fi\/wp-json\/wp\/v2\/types\/product"}],"replies":[{"embeddable":true,"href":"https:\/\/xenonkungen.com\/fi\/wp-json\/wp\/v2\/comments?post=8348"}],"wp:featuredmedia":[{"embeddable":true,"href":"https:\/\/xenonkungen.com\/fi\/wp-json\/wp\/v2\/media\/8349"}],"wp:attachment":[{"href":"https:\/\/xenonkungen.com\/fi\/wp-json\/wp\/v2\/media?parent=8348"}],"wp:term":[{"taxonomy":"anvandningsomrade","embeddable":true,"href":"https:\/\/xenonkungen.com\/fi\/wp-json\/wp\/v2\/anvandningsomrade?post=8348"},{"taxonomy":"bilmarken","embeddable":true,"href":"https:\/\/xenonkungen.com\/fi\/wp-json\/wp\/v2\/bilmarken?post=8348"},{"taxonomy":"product_brand","embeddable":true,"href":"https:\/\/xenonkungen.com\/fi\/wp-json\/wp\/v2\/product_brand?post=8348"},{"taxonomy":"product_cat","embeddable":true,"href":"https:\/\/xenonkungen.com\/fi\/wp-json\/wp\/v2\/product_cat?post=8348"},{"taxonomy":"product_tag","embeddable":true,"href":"https:\/\/xenonkungen.com\/fi\/wp-json\/wp\/v2\/product_tag?post=8348"}],"curies":[{"name":"wp","href":"https:\/\/api.w.org\/{rel}","templated":true}]}}