{"id":8353,"date":"2025-04-15T10:06:00","date_gmt":"2025-04-15T10:06:00","guid":{"rendered":"https:\/\/xenonkungen.com\/product\/markeringsljus-2-led-amber-12-24v-2-pack\/"},"modified":"2026-04-21T14:19:39","modified_gmt":"2026-04-21T13:19:39","slug":"aarivalo-2-ledia-keltainen-12-24v-2-kpl","status":"publish","type":"product","link":"https:\/\/xenonkungen.com\/fi\/tuote\/aarivalo-2-ledia-keltainen-12-24v-2-kpl\/","title":{"rendered":"Merkkivalo 2-LED AMBER 12\/24V (2-pack)"},"content":{"rendered":"<h1>Korkean intensiteetin keltainen merkkivalo LEDill\u00e4<\/h1>\n<p>T\u00e4m\u00e4 tehokas Amber-merkkivalo on varustettu kahdella tehokkaalla LED-valolla, jotka takaavat poikkeuksellisen kirkkauden, joten se on t\u00e4ydellinen valinta k\u00e4ytett\u00e4v\u00e4ksi sivumerkkivalona tai k\u00e4\u00e4ntymisvalona hy\u00f6tyajoneuvoissa, kuorma-autoissa, pakettiautoissa, per\u00e4vaunuissa sek\u00e4 harrastusprojekteissa. Sen silmiinpist\u00e4v\u00e4 meripihkanv\u00e4rinen valo ei ainoastaan tarjoa huomiota her\u00e4tt\u00e4v\u00e4\u00e4 ulkon\u00e4k\u00f6\u00e4 vaan my\u00f6s lis\u00e4\u00e4 turvallisuutta parantamalla ajoneuvon n\u00e4kyvyytt\u00e4 muille tienk\u00e4ytt\u00e4jille.<\/p>\n<h2>Tekniset tiedot<\/h2>\n<ul>\n<li>Valonl\u00e4hde: 2 tehokasta LED-lamppua<\/li>\n<li>V\u00e4ri: keltainen hyv\u00e4n n\u00e4kyvyyden takaamiseksi<\/li>\n<li>K\u00e4ytt\u00f6kohteet: Sivumerkkivalo tai suuntavilkku<\/li>\n<li>Soveltuu: hy\u00f6tyajoneuvoihin, kuorma-autoihin, pakettiautoihin, per\u00e4vaunuihin, harrastusrakentamiseen.<\/li>\n<li>Suojausluokka: Korkea veden- ja p\u00f6lynkest\u00e4vyys IP67-luokituksen mukaisesti.<\/li>\n<\/ul>\n<h2>Ominaisuudet ja hy\u00f6dyt<\/h2>\n<p>Merkkivalossa yhdistyv\u00e4t edistyksellinen LED-tekniikka ja kest\u00e4v\u00e4 rakenne, jotka tarjoavat pitk\u00e4ik\u00e4isen ja luotettavan valonl\u00e4hteen. Sen kaksoistoiminto sivumerkkivalona tai suuntavilkkuna tekee siit\u00e4 monipuolisen lis\u00e4n mihin tahansa ajoneuvoon, ja kirkkaan keltaisen v\u00e4rin ansiosta ajoneuvo ei j\u00e4\u00e4 huomaamatta. IP67-luokituksen ansiosta valo on suunniteltu kest\u00e4m\u00e4\u00e4n kovimmissakin ymp\u00e4rist\u00f6iss\u00e4, joten se sopii erinomaisesti ammattik\u00e4ytt\u00f6\u00f6n ja harrastusprojekteihin.<\/p>\n<ul>\n<li>Poikkeuksellinen kirkkaus lis\u00e4\u00e4 n\u00e4kyvyytt\u00e4 ja turvallisuutta.<\/li>\n<li>Monipuolinen k\u00e4ytt\u00f6 useille eri ajoneuvotyypeille<\/li>\n<li>Meripihkanv\u00e4rinen valo luo silm\u00e4\u00e4npist\u00e4v\u00e4n ja erottuvan ilmeen.<\/li>\n<li>IP67-luokitus tarjoaa erinomaisen suojan vett\u00e4 ja p\u00f6ly\u00e4 vastaan.<\/li>\n<li>Helppo asennus, sopii sek\u00e4 ammattik\u00e4ytt\u00f6\u00f6n ett\u00e4 yksityisk\u00e4ytt\u00f6\u00f6n.<\/li>\n<\/ul>","protected":false},"excerpt":{"rendered":"<p>Volt: 12\/24V Multivolt<br \/>\nKosteussuojaus: IP67<br \/>\nHyv\u00e4ksynt\u00e4: ECE R10, EMC.<\/p>\n<p>Takuu: 5 vuotta<\/p>","protected":false},"featured_media":8354,"comment_status":"closed","ping_status":"open","template":"","meta":{"_acf_changed":false,"_smort_price_nok":"287","_smort_price_dkk":"183","_smort_price_eur":"24.45","_smort_sale_price_nok":"","_smort_sale_price_dkk":"","_smort_sale_price_eur":"","smort_restorder":"","shipmondo_restorder":"","_kad_blocks_custom_css":"","_kad_blocks_head_custom_js":"","_kad_blocks_body_custom_js":"","_kad_blocks_footer_custom_js":"","smort_custom_pricelist_1":"172.16","smort_custom_pricelist_2":"150.64","smort_custom_pricelist_3":"139.88","smort_custom_pricelist_4":"215.2","smort_custom_pricelist_5":"150.64"},"anvandningsomrade":[166,238,2816],"bilmarken":[],"product_brand":[1252],"product_cat":[2478],"product_tag":[],"class_list":{"0":"post-8353","1":"product","2":"type-product","3":"status-publish","4":"has-post-thumbnail","6":"anvandningsomrade-lastbil","7":"anvandningsomrade-slap","8":"anvandningsomrade-trailer","9":"product_brand-lea","10":"product_cat-positionsljus-slap","11":"pa_fuktskydd-varde-ipxx-ip67","12":"pa_godkannande-ece-r10-emc","13":"pa_storlek-mm-79x22x18","14":"pa_stromforbrukning-004a-138v","15":"pa_stromforbrukning-004a-28v","16":"pa_volt-v-12-24","18":"first","19":"instock","20":"taxable","21":"shipping-taxable","22":"purchasable","23":"product-type-simple"},"bundled_by":[],"bundle_stock_status":"instock","bundle_stock_quantity":1,"bundle_virtual":false,"bundle_layout":"","bundle_add_to_cart_form_location":"","bundle_editable_in_cart":false,"bundle_sold_individually_context":"","bundle_item_grouping":"","bundle_min_size":"","bundle_max_size":"","bundle_price":[],"bundled_items":[],"bundle_sell_ids":[],"acf":[],"yoast_head":"<!-- This site is optimized with the Yoast SEO plugin v27.0 - https:\/\/yoast.com\/product\/yoast-seo-wordpress\/ -->\n<title>Markeringsljus 2-LED AMBER 12\/24V (2-pack) - Xenonkungen<\/title>\n<meta name=\"robots\" content=\"index, follow, max-snippet:-1, max-image-preview:large, max-video-preview:-1\" \/>\n<link rel=\"canonical\" href=\"https:\/\/xenonkungen.com\/fi\/tuote\/aarivalo-2-ledia-keltainen-12-24v-2-kpl\/\" \/>\n<meta property=\"og:locale\" content=\"fi_FI\" \/>\n<meta property=\"og:type\" content=\"article\" \/>\n<meta property=\"og:title\" content=\"Markeringsljus 2-LED AMBER 12\/24V (2-pack) - Xenonkungen\" \/>\n<meta property=\"og:description\" content=\"Volt: 12\/24V Multivolt Fuktskydd: IP67 Godk\u00e4nnande: ECE R10, EMC Garanti: 5 \u00e5r\" \/>\n<meta property=\"og:url\" content=\"https:\/\/xenonkungen.com\/fi\/tuote\/aarivalo-2-ledia-keltainen-12-24v-2-kpl\/\" \/>\n<meta property=\"og:site_name\" content=\"Xenonkungen\" \/>\n<meta property=\"article:modified_time\" content=\"2026-04-21T13:19:39+00:00\" \/>\n<meta property=\"og:image\" content=\"https:\/\/xenonkungen.com\/wp-content\/uploads\/2025\/04\/177481437-origpic-2491de.jpg\" \/>\n\t<meta property=\"og:image:width\" content=\"800\" \/>\n\t<meta property=\"og:image:height\" content=\"800\" \/>\n\t<meta property=\"og:image:type\" content=\"image\/jpeg\" \/>\n<meta name=\"twitter:card\" content=\"summary_large_image\" \/>\n<meta name=\"twitter:label1\" content=\"Arvioitu lukuaika\" \/>\n\t<meta name=\"twitter:data1\" content=\"1 minuutti\" \/>\n<script type=\"application\/ld+json\" class=\"yoast-schema-graph\">{\"@context\":\"https:\/\/schema.org\",\"@graph\":[{\"@type\":\"WebPage\",\"@id\":\"https:\/\/xenonkungen.com\/dk\/vare\/markeringsljus-2-led-amber-12-24v-2-pack\/\",\"url\":\"https:\/\/xenonkungen.com\/dk\/vare\/markeringsljus-2-led-amber-12-24v-2-pack\/\",\"name\":\"Markeringsljus 2-LED AMBER 12\/24V (2-pack) - Xenonkungen\",\"isPartOf\":{\"@id\":\"https:\/\/xenonkungen.com\/#website\"},\"primaryImageOfPage\":{\"@id\":\"https:\/\/xenonkungen.com\/dk\/vare\/markeringsljus-2-led-amber-12-24v-2-pack\/#primaryimage\"},\"image\":{\"@id\":\"https:\/\/xenonkungen.com\/dk\/vare\/markeringsljus-2-led-amber-12-24v-2-pack\/#primaryimage\"},\"thumbnailUrl\":\"https:\/\/xenonkungen.com\/wp-content\/uploads\/2025\/04\/177481437-origpic-2491de.jpg\",\"datePublished\":\"2025-04-15T10:06:00+00:00\",\"dateModified\":\"2026-04-21T13:19:39+00:00\",\"breadcrumb\":{\"@id\":\"https:\/\/xenonkungen.com\/dk\/vare\/markeringsljus-2-led-amber-12-24v-2-pack\/#breadcrumb\"},\"inLanguage\":\"fi\",\"potentialAction\":[{\"@type\":\"ReadAction\",\"target\":[\"https:\/\/xenonkungen.com\/dk\/vare\/markeringsljus-2-led-amber-12-24v-2-pack\/\"]}]},{\"@type\":\"ImageObject\",\"inLanguage\":\"fi\",\"@id\":\"https:\/\/xenonkungen.com\/dk\/vare\/markeringsljus-2-led-amber-12-24v-2-pack\/#primaryimage\",\"url\":\"https:\/\/xenonkungen.com\/wp-content\/uploads\/2025\/04\/177481437-origpic-2491de.jpg\",\"contentUrl\":\"https:\/\/xenonkungen.com\/wp-content\/uploads\/2025\/04\/177481437-origpic-2491de.jpg\",\"width\":800,\"height\":800},{\"@type\":\"BreadcrumbList\",\"@id\":\"https:\/\/xenonkungen.com\/dk\/vare\/markeringsljus-2-led-amber-12-24v-2-pack\/#breadcrumb\",\"itemListElement\":[{\"@type\":\"ListItem\",\"position\":1,\"name\":\"Hem\",\"item\":\"https:\/\/xenonkungen.com\/\"},{\"@type\":\"ListItem\",\"position\":2,\"name\":\"Shop\",\"item\":\"https:\/\/xenonkungen.com\/shop\/\"},{\"@type\":\"ListItem\",\"position\":3,\"name\":\"Markeringsljus 2-LED AMBER 12\/24V (2-pack)\"}]},{\"@type\":\"WebSite\",\"@id\":\"https:\/\/xenonkungen.com\/#website\",\"url\":\"https:\/\/xenonkungen.com\/\",\"name\":\"Xenonkungen\",\"description\":\"\",\"potentialAction\":[{\"@type\":\"SearchAction\",\"target\":{\"@type\":\"EntryPoint\",\"urlTemplate\":\"https:\/\/xenonkungen.com\/?s={search_term_string}\"},\"query-input\":{\"@type\":\"PropertyValueSpecification\",\"valueRequired\":true,\"valueName\":\"search_term_string\"}}],\"inLanguage\":\"fi\"}]}<\/script>\n<!-- \/ Yoast SEO plugin. -->","yoast_head_json":{"title":"\u00c4\u00e4rivalo 2-LED AMBER 12\/24V (2 kpl pakkaus) - Xenon-kuningas","robots":{"index":"index","follow":"follow","max-snippet":"max-snippet:-1","max-image-preview":"max-image-preview:large","max-video-preview":"max-video-preview:-1"},"canonical":"https:\/\/xenonkungen.com\/fi\/tuote\/aarivalo-2-ledia-keltainen-12-24v-2-kpl\/","og_locale":"fi_FI","og_type":"article","og_title":"Markeringsljus 2-LED AMBER 12\/24V (2-pack) - Xenonkungen","og_description":"Volt: 12\/24V Multivolt Fuktskydd: IP67 Godk\u00e4nnande: ECE R10, EMC Garanti: 5 \u00e5r","og_url":"https:\/\/xenonkungen.com\/fi\/tuote\/aarivalo-2-ledia-keltainen-12-24v-2-kpl\/","og_site_name":"Xenonkungen","article_modified_time":"2026-04-21T13:19:39+00:00","og_image":[{"width":800,"height":800,"url":"https:\/\/xenonkungen.com\/wp-content\/uploads\/2025\/04\/177481437-origpic-2491de.jpg","type":"image\/jpeg"}],"twitter_card":"summary_large_image","twitter_misc":{"Arvioitu lukuaika":"1 minuutti"},"schema":{"@context":"https:\/\/schema.org","@graph":[{"@type":"WebPage","@id":"https:\/\/xenonkungen.com\/dk\/vare\/markeringsljus-2-led-amber-12-24v-2-pack\/","url":"https:\/\/xenonkungen.com\/dk\/vare\/markeringsljus-2-led-amber-12-24v-2-pack\/","name":"\u00c4\u00e4rivalo 2-LED AMBER 12\/24V (2 kpl pakkaus) - Xenon-kuningas","isPartOf":{"@id":"https:\/\/xenonkungen.com\/#website"},"primaryImageOfPage":{"@id":"https:\/\/xenonkungen.com\/dk\/vare\/markeringsljus-2-led-amber-12-24v-2-pack\/#primaryimage"},"image":{"@id":"https:\/\/xenonkungen.com\/dk\/vare\/markeringsljus-2-led-amber-12-24v-2-pack\/#primaryimage"},"thumbnailUrl":"https:\/\/xenonkungen.com\/wp-content\/uploads\/2025\/04\/177481437-origpic-2491de.jpg","datePublished":"2025-04-15T10:06:00+00:00","dateModified":"2026-04-21T13:19:39+00:00","breadcrumb":{"@id":"https:\/\/xenonkungen.com\/dk\/vare\/markeringsljus-2-led-amber-12-24v-2-pack\/#breadcrumb"},"inLanguage":"fi","potentialAction":[{"@type":"ReadAction","target":["https:\/\/xenonkungen.com\/dk\/vare\/markeringsljus-2-led-amber-12-24v-2-pack\/"]}]},{"@type":"ImageObject","inLanguage":"fi","@id":"https:\/\/xenonkungen.com\/dk\/vare\/markeringsljus-2-led-amber-12-24v-2-pack\/#primaryimage","url":"https:\/\/xenonkungen.com\/wp-content\/uploads\/2025\/04\/177481437-origpic-2491de.jpg","contentUrl":"https:\/\/xenonkungen.com\/wp-content\/uploads\/2025\/04\/177481437-origpic-2491de.jpg","width":800,"height":800},{"@type":"BreadcrumbList","@id":"https:\/\/xenonkungen.com\/dk\/vare\/markeringsljus-2-led-amber-12-24v-2-pack\/#breadcrumb","itemListElement":[{"@type":"ListItem","position":1,"name":"Hem","item":"https:\/\/xenonkungen.com\/"},{"@type":"ListItem","position":2,"name":"Shop","item":"https:\/\/xenonkungen.com\/shop\/"},{"@type":"ListItem","position":3,"name":"Markeringsljus 2-LED AMBER 12\/24V (2-pack)"}]},{"@type":"WebSite","@id":"https:\/\/xenonkungen.com\/#website","url":"https:\/\/xenonkungen.com\/","name":"Xenonkungen","description":"","potentialAction":[{"@type":"SearchAction","target":{"@type":"EntryPoint","urlTemplate":"https:\/\/xenonkungen.com\/?s={search_term_string}"},"query-input":{"@type":"PropertyValueSpecification","valueRequired":true,"valueName":"search_term_string"}}],"inLanguage":"fi"}]}},"taxonomy_info":{"anvandningsomrade":[{"value":166,"label":"Lastbil"},{"value":238,"label":"SL\u00c4P"},{"value":2816,"label":"TRAILER"}],"product_brand":[{"value":1252,"label":"LEA"}],"product_cat":[{"value":2478,"label":"Positionsljus"}],"pa_fuktskydd-varde-ipxx":[{"value":333,"label":"IP67"}],"pa_godkannande":[{"value":1306,"label":"ECE R10 (EMC)"}],"pa_storlek-mm":[{"value":2063,"label":"79x22x18"}],"pa_stromforbrukning":[{"value":1871,"label":"0,04A @13,8V"},{"value":1872,"label":"0,04A @28V"}],"pa_volt-v":[{"value":348,"label":"12, 24"}]},"featured_image_src_large":["https:\/\/xenonkungen.com\/wp-content\/uploads\/2025\/04\/177481437-origpic-2491de.jpg",800,800,false],"author_info":[],"comment_info":0,"_links":{"self":[{"href":"https:\/\/xenonkungen.com\/fi\/wp-json\/wp\/v2\/product\/8353","targetHints":{"allow":["GET"]}}],"collection":[{"href":"https:\/\/xenonkungen.com\/fi\/wp-json\/wp\/v2\/product"}],"about":[{"href":"https:\/\/xenonkungen.com\/fi\/wp-json\/wp\/v2\/types\/product"}],"replies":[{"embeddable":true,"href":"https:\/\/xenonkungen.com\/fi\/wp-json\/wp\/v2\/comments?post=8353"}],"wp:featuredmedia":[{"embeddable":true,"href":"https:\/\/xenonkungen.com\/fi\/wp-json\/wp\/v2\/media\/8354"}],"wp:attachment":[{"href":"https:\/\/xenonkungen.com\/fi\/wp-json\/wp\/v2\/media?parent=8353"}],"wp:term":[{"taxonomy":"anvandningsomrade","embeddable":true,"href":"https:\/\/xenonkungen.com\/fi\/wp-json\/wp\/v2\/anvandningsomrade?post=8353"},{"taxonomy":"bilmarken","embeddable":true,"href":"https:\/\/xenonkungen.com\/fi\/wp-json\/wp\/v2\/bilmarken?post=8353"},{"taxonomy":"product_brand","embeddable":true,"href":"https:\/\/xenonkungen.com\/fi\/wp-json\/wp\/v2\/product_brand?post=8353"},{"taxonomy":"product_cat","embeddable":true,"href":"https:\/\/xenonkungen.com\/fi\/wp-json\/wp\/v2\/product_cat?post=8353"},{"taxonomy":"product_tag","embeddable":true,"href":"https:\/\/xenonkungen.com\/fi\/wp-json\/wp\/v2\/product_tag?post=8353"}],"curies":[{"name":"wp","href":"https:\/\/api.w.org\/{rel}","templated":true}]}}