{"id":8367,"date":"2025-04-15T10:06:14","date_gmt":"2025-04-15T10:06:14","guid":{"rendered":"https:\/\/xenonkungen.com\/product\/lampsarg-80-serie-chrome\/"},"modified":"2026-04-11T00:53:17","modified_gmt":"2026-04-10T23:53:17","slug":"lampun-runko-80-sarja-kromi","status":"publish","type":"product","link":"https:\/\/xenonkungen.com\/fi\/tuote\/lampun-runko-80-sarja-kromi\/","title":{"rendered":"Kromattu 80-sarjan lampun kanta"},"content":{"rendered":"<h1>Ter\u00e4ksinen kromattu valaisinrunko - Paranna valaistustasi tyylill\u00e4 ja laadulla<\/h1>\n<p>Kun haluat parantaa valaistustasi, harkitse nykyisen valaistusratkaisusi korvaamista tai p\u00e4ivitt\u00e4mist\u00e4 seuraavalla ratkaisulla <strong>Valaisimen runko kromattua ter\u00e4st\u00e4<\/strong> osoitteesta <strong>Nelikulmainen sarja 80<\/strong>. Vaikuttava koko on <strong>100\u00d7100 mm<\/strong> t\u00e4m\u00e4 lampunvarjostin on loistava korvaaja ja p\u00e4ivitys nykyiseen valaistukseen.<\/p>\n<h2>Helppo vaihto ja p\u00e4ivitys:<\/h2>\n<p>Nykyisen valaistuksen p\u00e4ivitt\u00e4minen ei ole koskaan ollut helpompaa. Ter\u00e4ksisell\u00e4 kromatulla valaisinkehyksell\u00e4 voit nopeasti ja helposti vaihtaa nykyisen kehyksesi ja saada modernin ja tyylikk\u00e4\u00e4n ilmeen. Mitat <strong>100\u00d7100 mm<\/strong> ansiosta sit\u00e4 on helppo muokata ja se sopii t\u00e4ydellisesti valaisimeen. Voit nauttia p\u00e4ivitetyn valaistusratkaisun eduista ilman, ett\u00e4 sinun tarvitsee tehd\u00e4 laajoja muutost\u00f6it\u00e4.<\/p>\n<h2>Korkealaatuinen rakenne:<\/h2>\n<p>Ter\u00e4ksinen kromattu lampunvarjostin on valmistettu tarkasti ja t\u00e4ytt\u00e4\u00e4 korkeat laatuvaatimukset. Se on suunniteltu kest\u00e4v\u00e4ksi ja luotettavaksi, mik\u00e4 takaa, ett\u00e4 valaistuksesi toimii moitteettomasti pitk\u00e4\u00e4n. Vahva ja kest\u00e4v\u00e4 ter\u00e4skromi suojaa my\u00f6s korroosiolta ja kulumiselta, joten se sopii erinomaisesti sek\u00e4 sis\u00e4- ett\u00e4 ulkok\u00e4ytt\u00f6\u00f6n.<\/p>\n<h2>All-in-one-ratkaisu:<\/h2>\n<p>Kvadrat-sarjan 80-lamppuvarjostimella ter\u00e4skromista saat kokonaisratkaisun, joka parantaa valaistustasi. Se on helppo asentaa ja tarjoaa vakaan perustan valonl\u00e4hteillesi. Sinun ei en\u00e4\u00e4 tarvitse huolehtia monimutkaisista asennusprosesseista tai kalliista muutost\u00f6ist\u00e4. T\u00e4m\u00e4n valaisinkehyksen avulla voit nopeasti ja kustannustehokkaasti parantaa valaistustasi ja antaa huoneellesi ripauksen modernia eleganssia.<\/p>\n<p>Yhteenvetona voidaan todeta, ett\u00e4 Kvadrat Series 80 -valaisimen ter\u00e4s-kromi-sarjan lampunvarjostin on erinomainen valinta kaikille, jotka haluavat parantaa valaistustaan tyylill\u00e4 ja laadulla. Vaikuttavan muotoilunsa, helpon asennettavuutensa ja kest\u00e4v\u00e4n rakenteensa ansiosta se on houkutteleva ja luotettava lis\u00e4 tiloihisi. Anna valaistuksellesi sen ansaitsema p\u00e4ivitys Kvadrat Series 80 -sarjan ter\u00e4skromisella lampunvarjostimella.<\/p>","protected":false},"excerpt":{"rendered":"<p>Lampsarg i st\u00e5lkrom &#8211; F\u00f6rb\u00e4ttra Din Belysning Med Stil och Kvalitet I din str\u00e4van efter att f\u00f6rb\u00e4ttra din belysning, \u00f6verv\u00e4g att ers\u00e4tta eller uppgradera din nuvarande belysningsl\u00f6sning med en Lampsarg i st\u00e5lkrom fr\u00e5n Kvadrat serie 80. Med en imponerande storlek p\u00e5 100&#215;100 mm \u00e4r den h\u00e4r lampsargen en utm\u00e4rkt ers\u00e4ttning och uppgradering f\u00f6r din befintliga [&hellip;]<\/p>","protected":false},"featured_media":8368,"comment_status":"closed","ping_status":"open","template":"","meta":{"_acf_changed":false,"_smort_price_nok":"64","_smort_price_dkk":"41","_smort_price_eur":"5.45","_smort_sale_price_nok":"","_smort_sale_price_dkk":"","_smort_sale_price_eur":"","smort_restorder":"","shipmondo_restorder":"","_kad_blocks_custom_css":"","_kad_blocks_head_custom_js":"","_kad_blocks_body_custom_js":"","_kad_blocks_footer_custom_js":"","smort_custom_pricelist_1":"33.6","smort_custom_pricelist_2":"33.6","smort_custom_pricelist_3":"31.92","smort_custom_pricelist_4":"48","smort_custom_pricelist_5":"33.6"},"anvandningsomrade":[166,238,2816],"bilmarken":[],"product_brand":[1252],"product_cat":[2583],"product_tag":[],"class_list":{"0":"post-8367","1":"product","2":"type-product","3":"status-publish","4":"has-post-thumbnail","6":"anvandningsomrade-lastbil","7":"anvandningsomrade-slap","8":"anvandningsomrade-trailer","9":"product_brand-lea","10":"product_cat-lampsarg-slap","12":"first","13":"instock","14":"taxable","15":"shipping-taxable","16":"purchasable","17":"product-type-simple"},"bundled_by":[],"bundle_stock_status":"instock","bundle_stock_quantity":2,"bundle_virtual":false,"bundle_layout":"","bundle_add_to_cart_form_location":"","bundle_editable_in_cart":false,"bundle_sold_individually_context":"","bundle_item_grouping":"","bundle_min_size":"","bundle_max_size":"","bundle_price":[],"bundled_items":[],"bundle_sell_ids":[],"acf":[],"yoast_head":"<!-- This site is optimized with the Yoast SEO plugin v27.0 - https:\/\/yoast.com\/product\/yoast-seo-wordpress\/ -->\n<title>Lampsarg 80-serie Chrome - Xenonkungen<\/title>\n<meta name=\"robots\" content=\"index, follow, max-snippet:-1, max-image-preview:large, max-video-preview:-1\" \/>\n<link rel=\"canonical\" href=\"https:\/\/xenonkungen.com\/fi\/tuote\/lampun-runko-80-sarja-kromi\/\" \/>\n<meta property=\"og:locale\" content=\"fi_FI\" \/>\n<meta property=\"og:type\" content=\"article\" \/>\n<meta property=\"og:title\" content=\"Lampsarg 80-serie Chrome - Xenonkungen\" \/>\n<meta property=\"og:description\" content=\"Lampsarg i st\u00e5lkrom &#8211; F\u00f6rb\u00e4ttra Din Belysning Med Stil och Kvalitet I din str\u00e4van efter att f\u00f6rb\u00e4ttra din belysning, \u00f6verv\u00e4g att ers\u00e4tta eller uppgradera din nuvarande belysningsl\u00f6sning med en Lampsarg i st\u00e5lkrom fr\u00e5n Kvadrat serie 80. Med en imponerande storlek p\u00e5 100&#215;100 mm \u00e4r den h\u00e4r lampsargen en utm\u00e4rkt ers\u00e4ttning och uppgradering f\u00f6r din befintliga [&hellip;]\" \/>\n<meta property=\"og:url\" content=\"https:\/\/xenonkungen.com\/fi\/tuote\/lampun-runko-80-sarja-kromi\/\" \/>\n<meta property=\"og:site_name\" content=\"Xenonkungen\" \/>\n<meta property=\"article:modified_time\" content=\"2026-04-10T23:53:17+00:00\" \/>\n<meta property=\"og:image\" content=\"https:\/\/xenonkungen.com\/wp-content\/uploads\/2025\/04\/7283083-origpic-76d4d2.jpg\" \/>\n\t<meta property=\"og:image:width\" content=\"600\" \/>\n\t<meta property=\"og:image:height\" content=\"600\" \/>\n\t<meta property=\"og:image:type\" content=\"image\/jpeg\" \/>\n<meta name=\"twitter:card\" content=\"summary_large_image\" \/>\n<meta name=\"twitter:label1\" content=\"Arvioitu lukuaika\" \/>\n\t<meta name=\"twitter:data1\" content=\"2 minuuttia\" \/>\n<script type=\"application\/ld+json\" class=\"yoast-schema-graph\">{\"@context\":\"https:\/\/schema.org\",\"@graph\":[{\"@type\":\"WebPage\",\"@id\":\"https:\/\/xenonkungen.com\/dk\/vare\/lampsarg-80-serie-chrome\/\",\"url\":\"https:\/\/xenonkungen.com\/dk\/vare\/lampsarg-80-serie-chrome\/\",\"name\":\"Lampsarg 80-serie Chrome - Xenonkungen\",\"isPartOf\":{\"@id\":\"https:\/\/xenonkungen.com\/#website\"},\"primaryImageOfPage\":{\"@id\":\"https:\/\/xenonkungen.com\/dk\/vare\/lampsarg-80-serie-chrome\/#primaryimage\"},\"image\":{\"@id\":\"https:\/\/xenonkungen.com\/dk\/vare\/lampsarg-80-serie-chrome\/#primaryimage\"},\"thumbnailUrl\":\"https:\/\/xenonkungen.com\/wp-content\/uploads\/2025\/04\/7283083-origpic-76d4d2.jpg\",\"datePublished\":\"2025-04-15T10:06:14+00:00\",\"dateModified\":\"2026-04-10T23:53:17+00:00\",\"breadcrumb\":{\"@id\":\"https:\/\/xenonkungen.com\/dk\/vare\/lampsarg-80-serie-chrome\/#breadcrumb\"},\"inLanguage\":\"fi\",\"potentialAction\":[{\"@type\":\"ReadAction\",\"target\":[\"https:\/\/xenonkungen.com\/dk\/vare\/lampsarg-80-serie-chrome\/\"]}]},{\"@type\":\"ImageObject\",\"inLanguage\":\"fi\",\"@id\":\"https:\/\/xenonkungen.com\/dk\/vare\/lampsarg-80-serie-chrome\/#primaryimage\",\"url\":\"https:\/\/xenonkungen.com\/wp-content\/uploads\/2025\/04\/7283083-origpic-76d4d2.jpg\",\"contentUrl\":\"https:\/\/xenonkungen.com\/wp-content\/uploads\/2025\/04\/7283083-origpic-76d4d2.jpg\",\"width\":600,\"height\":600},{\"@type\":\"BreadcrumbList\",\"@id\":\"https:\/\/xenonkungen.com\/dk\/vare\/lampsarg-80-serie-chrome\/#breadcrumb\",\"itemListElement\":[{\"@type\":\"ListItem\",\"position\":1,\"name\":\"Hem\",\"item\":\"https:\/\/xenonkungen.com\/\"},{\"@type\":\"ListItem\",\"position\":2,\"name\":\"Shop\",\"item\":\"https:\/\/xenonkungen.com\/shop\/\"},{\"@type\":\"ListItem\",\"position\":3,\"name\":\"Lampsarg 80-serie Chrome\"}]},{\"@type\":\"WebSite\",\"@id\":\"https:\/\/xenonkungen.com\/#website\",\"url\":\"https:\/\/xenonkungen.com\/\",\"name\":\"Xenonkungen\",\"description\":\"\",\"potentialAction\":[{\"@type\":\"SearchAction\",\"target\":{\"@type\":\"EntryPoint\",\"urlTemplate\":\"https:\/\/xenonkungen.com\/?s={search_term_string}\"},\"query-input\":{\"@type\":\"PropertyValueSpecification\",\"valueRequired\":true,\"valueName\":\"search_term_string\"}}],\"inLanguage\":\"fi\"}]}<\/script>\n<!-- \/ Yoast SEO plugin. -->","yoast_head_json":{"title":"Lampsarg 80 -sarjan kromi - Xenon-kuningas","robots":{"index":"index","follow":"follow","max-snippet":"max-snippet:-1","max-image-preview":"max-image-preview:large","max-video-preview":"max-video-preview:-1"},"canonical":"https:\/\/xenonkungen.com\/fi\/tuote\/lampun-runko-80-sarja-kromi\/","og_locale":"fi_FI","og_type":"article","og_title":"Lampsarg 80-serie Chrome - Xenonkungen","og_description":"Lampsarg i st\u00e5lkrom &#8211; F\u00f6rb\u00e4ttra Din Belysning Med Stil och Kvalitet I din str\u00e4van efter att f\u00f6rb\u00e4ttra din belysning, \u00f6verv\u00e4g att ers\u00e4tta eller uppgradera din nuvarande belysningsl\u00f6sning med en Lampsarg i st\u00e5lkrom fr\u00e5n Kvadrat serie 80. Med en imponerande storlek p\u00e5 100&#215;100 mm \u00e4r den h\u00e4r lampsargen en utm\u00e4rkt ers\u00e4ttning och uppgradering f\u00f6r din befintliga [&hellip;]","og_url":"https:\/\/xenonkungen.com\/fi\/tuote\/lampun-runko-80-sarja-kromi\/","og_site_name":"Xenonkungen","article_modified_time":"2026-04-10T23:53:17+00:00","og_image":[{"width":600,"height":600,"url":"https:\/\/xenonkungen.com\/wp-content\/uploads\/2025\/04\/7283083-origpic-76d4d2.jpg","type":"image\/jpeg"}],"twitter_card":"summary_large_image","twitter_misc":{"Arvioitu lukuaika":"2 minuuttia"},"schema":{"@context":"https:\/\/schema.org","@graph":[{"@type":"WebPage","@id":"https:\/\/xenonkungen.com\/dk\/vare\/lampsarg-80-serie-chrome\/","url":"https:\/\/xenonkungen.com\/dk\/vare\/lampsarg-80-serie-chrome\/","name":"Lampsarg 80 -sarjan kromi - Xenon-kuningas","isPartOf":{"@id":"https:\/\/xenonkungen.com\/#website"},"primaryImageOfPage":{"@id":"https:\/\/xenonkungen.com\/dk\/vare\/lampsarg-80-serie-chrome\/#primaryimage"},"image":{"@id":"https:\/\/xenonkungen.com\/dk\/vare\/lampsarg-80-serie-chrome\/#primaryimage"},"thumbnailUrl":"https:\/\/xenonkungen.com\/wp-content\/uploads\/2025\/04\/7283083-origpic-76d4d2.jpg","datePublished":"2025-04-15T10:06:14+00:00","dateModified":"2026-04-10T23:53:17+00:00","breadcrumb":{"@id":"https:\/\/xenonkungen.com\/dk\/vare\/lampsarg-80-serie-chrome\/#breadcrumb"},"inLanguage":"fi","potentialAction":[{"@type":"ReadAction","target":["https:\/\/xenonkungen.com\/dk\/vare\/lampsarg-80-serie-chrome\/"]}]},{"@type":"ImageObject","inLanguage":"fi","@id":"https:\/\/xenonkungen.com\/dk\/vare\/lampsarg-80-serie-chrome\/#primaryimage","url":"https:\/\/xenonkungen.com\/wp-content\/uploads\/2025\/04\/7283083-origpic-76d4d2.jpg","contentUrl":"https:\/\/xenonkungen.com\/wp-content\/uploads\/2025\/04\/7283083-origpic-76d4d2.jpg","width":600,"height":600},{"@type":"BreadcrumbList","@id":"https:\/\/xenonkungen.com\/dk\/vare\/lampsarg-80-serie-chrome\/#breadcrumb","itemListElement":[{"@type":"ListItem","position":1,"name":"Hem","item":"https:\/\/xenonkungen.com\/"},{"@type":"ListItem","position":2,"name":"Shop","item":"https:\/\/xenonkungen.com\/shop\/"},{"@type":"ListItem","position":3,"name":"Lampsarg 80-serie Chrome"}]},{"@type":"WebSite","@id":"https:\/\/xenonkungen.com\/#website","url":"https:\/\/xenonkungen.com\/","name":"Xenonkungen","description":"","potentialAction":[{"@type":"SearchAction","target":{"@type":"EntryPoint","urlTemplate":"https:\/\/xenonkungen.com\/?s={search_term_string}"},"query-input":{"@type":"PropertyValueSpecification","valueRequired":true,"valueName":"search_term_string"}}],"inLanguage":"fi"}]}},"taxonomy_info":{"anvandningsomrade":[{"value":166,"label":"Lastbil"},{"value":238,"label":"SL\u00c4P"},{"value":2816,"label":"TRAILER"}],"product_brand":[{"value":1252,"label":"LEA"}],"product_cat":[{"value":2583,"label":"Lampsarg"}]},"featured_image_src_large":["https:\/\/xenonkungen.com\/wp-content\/uploads\/2025\/04\/7283083-origpic-76d4d2.jpg",600,600,false],"author_info":[],"comment_info":0,"_links":{"self":[{"href":"https:\/\/xenonkungen.com\/fi\/wp-json\/wp\/v2\/product\/8367","targetHints":{"allow":["GET"]}}],"collection":[{"href":"https:\/\/xenonkungen.com\/fi\/wp-json\/wp\/v2\/product"}],"about":[{"href":"https:\/\/xenonkungen.com\/fi\/wp-json\/wp\/v2\/types\/product"}],"replies":[{"embeddable":true,"href":"https:\/\/xenonkungen.com\/fi\/wp-json\/wp\/v2\/comments?post=8367"}],"wp:featuredmedia":[{"embeddable":true,"href":"https:\/\/xenonkungen.com\/fi\/wp-json\/wp\/v2\/media\/8368"}],"wp:attachment":[{"href":"https:\/\/xenonkungen.com\/fi\/wp-json\/wp\/v2\/media?parent=8367"}],"wp:term":[{"taxonomy":"anvandningsomrade","embeddable":true,"href":"https:\/\/xenonkungen.com\/fi\/wp-json\/wp\/v2\/anvandningsomrade?post=8367"},{"taxonomy":"bilmarken","embeddable":true,"href":"https:\/\/xenonkungen.com\/fi\/wp-json\/wp\/v2\/bilmarken?post=8367"},{"taxonomy":"product_brand","embeddable":true,"href":"https:\/\/xenonkungen.com\/fi\/wp-json\/wp\/v2\/product_brand?post=8367"},{"taxonomy":"product_cat","embeddable":true,"href":"https:\/\/xenonkungen.com\/fi\/wp-json\/wp\/v2\/product_cat?post=8367"},{"taxonomy":"product_tag","embeddable":true,"href":"https:\/\/xenonkungen.com\/fi\/wp-json\/wp\/v2\/product_tag?post=8367"}],"curies":[{"name":"wp","href":"https:\/\/api.w.org\/{rel}","templated":true}]}}