{"id":8469,"date":"2025-04-15T10:06:57","date_gmt":"2025-04-15T10:06:57","guid":{"rendered":"https:\/\/xenonkungen.com\/product\/baklampa-indikator-81a-12v-81x81mm\/"},"modified":"2026-04-11T00:54:58","modified_gmt":"2026-04-10T23:54:58","slug":"takavalon-vilkku-81a-12v-81x81mm","status":"publish","type":"product","link":"https:\/\/xenonkungen.com\/fi\/tuote\/takavalon-vilkku-81a-12v-81x81mm\/","title":{"rendered":"Takavalon merkkivalo 81A - 12V (81x81mm)"},"content":{"rendered":"<h1>Takavalon merkkivalo 81A: uudista ajoneuvosi LED-valoilla<\/h1>\n<p>Elvyt\u00e4 ajoneuvosi pienikokoisella LED-takavalaisimella Indicator 81A. T\u00e4m\u00e4 valaisin on kehitetty suorituskyky\u00e4 ja kest\u00e4vyytt\u00e4 silm\u00e4ll\u00e4 pit\u00e4en, ja se soveltuu erinomaisesti erilaisiin ajoneuvoihin henkil\u00f6autoista raskaisiin kuorma-autoihin.<\/p>\n<h2>T\u00e4rkeimm\u00e4t ominaisuudet:<\/h2>\n<ul>\n<li><strong>12V Yhteensopivuus:<\/strong> Sovitettu t\u00e4ydellisesti k\u00e4ytett\u00e4v\u00e4ksi 12 V:n j\u00e4rjestelmien kanssa, mik\u00e4 tarjoaa joustavuutta monille ajoneuvotyypeille.<\/li>\n<li><strong>Kehittynyt LED-tekniikka:<\/strong> Tarjoaa poikkeuksellisen kirkkauden ja n\u00e4kyvyyden turvallisuuden parantamiseksi.<\/li>\n<li><strong>Vuodonkest\u00e4v\u00e4 ja iskunkest\u00e4v\u00e4:<\/strong> Varmistaa pitk\u00e4n k\u00e4ytt\u00f6i\u00e4n ja luotettavuuden ankarissa olosuhteissa.<\/li>\n<li><strong>Kompakti muotoilu:<\/strong> Helpottaa asennusta ja mahdollistaa k\u00e4yt\u00f6n eri ajoneuvoissa laadusta tinkim\u00e4tt\u00e4.<\/li>\n<\/ul>\n<h2>Edut:<\/h2>\n<ul>\n<li><strong>Lis\u00e4\u00e4ntynyt turvallisuus:<\/strong> Parantaa n\u00e4kyvyytt\u00e4 ja v\u00e4hent\u00e4\u00e4 onnettomuusriski\u00e4.<\/li>\n<li><strong>Energiatehokas:<\/strong> LED-tekniikka v\u00e4hent\u00e4\u00e4 energiankulutusta ja alentaa k\u00e4ytt\u00f6kustannuksia.<\/li>\n<li><strong>Pitk\u00e4 k\u00e4ytt\u00f6ik\u00e4:<\/strong> V\u00e4hent\u00e4\u00e4 tarvetta vaihtaa lamppuja usein kest\u00e4v\u00e4n suunnittelun ja materiaalien ansiosta.<\/li>\n<li><strong>Helppo asennus:<\/strong> Voidaan asentaa nopeasti useisiin ajoneuvoihin, jolloin p\u00e4ivitys voidaan tehd\u00e4 v\u00e4litt\u00f6m\u00e4sti.<\/li>\n<\/ul>\n<p>Valitse Indicator 81A -per\u00e4valo, jos haluat ylivoimaisen LED-ratkaisun, jossa yhdistyv\u00e4t paras suorituskyky, kest\u00e4vyys ja energiatehokkuus. P\u00e4ivit\u00e4 ajoneuvosi jo t\u00e4n\u00e4\u00e4n ja nauti LED-teknologian tarjoamista monista eduista.<\/p>","protected":false},"excerpt":{"rendered":"<p>Baklampa Indikator 81A: F\u00f6rnya Ditt Fordon Med LED F\u00f6rnya ditt fordon med v\u00e5r kompakta LED kombinationslampa Baklampa Indikator 81A. Utvecklad med b\u00e5de prestanda och h\u00e5llbarhet i \u00e5tanke, \u00e4r denna lampa idealisk f\u00f6r en m\u00e4ngd fordon fr\u00e5n personbilar till tyngre lastbilar. Huvudegenskaper: 12V Kompatibilitet: Perfekt anpassad f\u00f6r anv\u00e4ndning med 12V-system, erbjuder flexibilitet \u00f6ver ett brett utbud [&hellip;]<\/p>","protected":false},"featured_media":8470,"comment_status":"closed","ping_status":"open","template":"","meta":{"_acf_changed":false,"_smort_price_nok":"203","_smort_price_dkk":"129","_smort_price_eur":"17.27","_smort_sale_price_nok":"","_smort_sale_price_dkk":"","_smort_sale_price_eur":"","smort_restorder":"","shipmondo_restorder":"","_kad_blocks_custom_css":"","_kad_blocks_head_custom_js":"","_kad_blocks_body_custom_js":"","_kad_blocks_footer_custom_js":"","smort_custom_pricelist_1":"106.4","smort_custom_pricelist_2":"106.4","smort_custom_pricelist_3":"101.08","smort_custom_pricelist_4":"152","smort_custom_pricelist_5":"106.4"},"anvandningsomrade":[166,238,2816],"bilmarken":[],"product_brand":[1252],"product_cat":[2552],"product_tag":[],"class_list":{"0":"post-8469","1":"product","2":"type-product","3":"status-publish","4":"has-post-thumbnail","6":"anvandningsomrade-lastbil","7":"anvandningsomrade-slap","8":"anvandningsomrade-trailer","9":"product_brand-lea","10":"product_cat-bakljus-slap","11":"pa_fuktskydd-varde-ipxx-ip67","12":"pa_godkannande-ece-r10-r6","13":"pa_storlek-mm-81x81x20","14":"pa_stromforbrukning-019a-138v","15":"pa_volt-v-159","17":"first","18":"instock","19":"taxable","20":"shipping-taxable","21":"purchasable","22":"product-type-simple"},"bundled_by":[],"bundle_stock_status":"instock","bundle_stock_quantity":2,"bundle_virtual":false,"bundle_layout":"","bundle_add_to_cart_form_location":"","bundle_editable_in_cart":false,"bundle_sold_individually_context":"","bundle_item_grouping":"","bundle_min_size":"","bundle_max_size":"","bundle_price":[],"bundled_items":[],"bundle_sell_ids":[],"acf":[],"yoast_head":"<!-- This site is optimized with the Yoast SEO plugin v27.0 - https:\/\/yoast.com\/product\/yoast-seo-wordpress\/ -->\n<title>Baklampa Indikator 81A - 12V (81x81mm) - Xenonkungen<\/title>\n<meta name=\"robots\" content=\"index, follow, max-snippet:-1, max-image-preview:large, max-video-preview:-1\" \/>\n<link rel=\"canonical\" href=\"https:\/\/xenonkungen.com\/fi\/tuote\/takavalon-vilkku-81a-12v-81x81mm\/\" \/>\n<meta property=\"og:locale\" content=\"fi_FI\" \/>\n<meta property=\"og:type\" content=\"article\" \/>\n<meta property=\"og:title\" content=\"Baklampa Indikator 81A - 12V (81x81mm) - Xenonkungen\" \/>\n<meta property=\"og:description\" content=\"Baklampa Indikator 81A: F\u00f6rnya Ditt Fordon Med LED F\u00f6rnya ditt fordon med v\u00e5r kompakta LED kombinationslampa Baklampa Indikator 81A. Utvecklad med b\u00e5de prestanda och h\u00e5llbarhet i \u00e5tanke, \u00e4r denna lampa idealisk f\u00f6r en m\u00e4ngd fordon fr\u00e5n personbilar till tyngre lastbilar. Huvudegenskaper: 12V Kompatibilitet: Perfekt anpassad f\u00f6r anv\u00e4ndning med 12V-system, erbjuder flexibilitet \u00f6ver ett brett utbud [&hellip;]\" \/>\n<meta property=\"og:url\" content=\"https:\/\/xenonkungen.com\/fi\/tuote\/takavalon-vilkku-81a-12v-81x81mm\/\" \/>\n<meta property=\"og:site_name\" content=\"Xenonkungen\" \/>\n<meta property=\"article:modified_time\" content=\"2026-04-10T23:54:58+00:00\" \/>\n<meta property=\"og:image\" content=\"https:\/\/xenonkungen.com\/wp-content\/uploads\/2025\/04\/81AM-800x800-1.jpg\" \/>\n\t<meta property=\"og:image:width\" content=\"800\" \/>\n\t<meta property=\"og:image:height\" content=\"800\" \/>\n\t<meta property=\"og:image:type\" content=\"image\/jpeg\" \/>\n<meta name=\"twitter:card\" content=\"summary_large_image\" \/>\n<meta name=\"twitter:label1\" content=\"Arvioitu lukuaika\" \/>\n\t<meta name=\"twitter:data1\" content=\"1 minuutti\" \/>\n<script type=\"application\/ld+json\" class=\"yoast-schema-graph\">{\"@context\":\"https:\/\/schema.org\",\"@graph\":[{\"@type\":\"WebPage\",\"@id\":\"https:\/\/xenonkungen.com\/produkt\/baklampa-indikator-81a-12v-81x81mm\/\",\"url\":\"https:\/\/xenonkungen.com\/produkt\/baklampa-indikator-81a-12v-81x81mm\/\",\"name\":\"Baklampa Indikator 81A - 12V (81x81mm) - Xenonkungen\",\"isPartOf\":{\"@id\":\"https:\/\/xenonkungen.com\/#website\"},\"primaryImageOfPage\":{\"@id\":\"https:\/\/xenonkungen.com\/produkt\/baklampa-indikator-81a-12v-81x81mm\/#primaryimage\"},\"image\":{\"@id\":\"https:\/\/xenonkungen.com\/produkt\/baklampa-indikator-81a-12v-81x81mm\/#primaryimage\"},\"thumbnailUrl\":\"https:\/\/xenonkungen.com\/wp-content\/uploads\/2025\/04\/81AM-800x800-1.jpg\",\"datePublished\":\"2025-04-15T10:06:57+00:00\",\"dateModified\":\"2026-04-10T23:54:58+00:00\",\"breadcrumb\":{\"@id\":\"https:\/\/xenonkungen.com\/produkt\/baklampa-indikator-81a-12v-81x81mm\/#breadcrumb\"},\"inLanguage\":\"fi\",\"potentialAction\":[{\"@type\":\"ReadAction\",\"target\":[\"https:\/\/xenonkungen.com\/produkt\/baklampa-indikator-81a-12v-81x81mm\/\"]}]},{\"@type\":\"ImageObject\",\"inLanguage\":\"fi\",\"@id\":\"https:\/\/xenonkungen.com\/produkt\/baklampa-indikator-81a-12v-81x81mm\/#primaryimage\",\"url\":\"https:\/\/xenonkungen.com\/wp-content\/uploads\/2025\/04\/81AM-800x800-1.jpg\",\"contentUrl\":\"https:\/\/xenonkungen.com\/wp-content\/uploads\/2025\/04\/81AM-800x800-1.jpg\",\"width\":800,\"height\":800},{\"@type\":\"BreadcrumbList\",\"@id\":\"https:\/\/xenonkungen.com\/produkt\/baklampa-indikator-81a-12v-81x81mm\/#breadcrumb\",\"itemListElement\":[{\"@type\":\"ListItem\",\"position\":1,\"name\":\"Hem\",\"item\":\"https:\/\/xenonkungen.com\/\"},{\"@type\":\"ListItem\",\"position\":2,\"name\":\"Shop\",\"item\":\"https:\/\/xenonkungen.com\/shop\/\"},{\"@type\":\"ListItem\",\"position\":3,\"name\":\"Baklampa Indikator 81A &#8211; 12V (81x81mm)\"}]},{\"@type\":\"WebSite\",\"@id\":\"https:\/\/xenonkungen.com\/#website\",\"url\":\"https:\/\/xenonkungen.com\/\",\"name\":\"Xenonkungen\",\"description\":\"\",\"potentialAction\":[{\"@type\":\"SearchAction\",\"target\":{\"@type\":\"EntryPoint\",\"urlTemplate\":\"https:\/\/xenonkungen.com\/?s={search_term_string}\"},\"query-input\":{\"@type\":\"PropertyValueSpecification\",\"valueRequired\":true,\"valueName\":\"search_term_string\"}}],\"inLanguage\":\"fi\"}]}<\/script>\n<!-- \/ Yoast SEO plugin. -->","yoast_head_json":{"title":"Takavalon vilkku 81A - 12V (81x81mm) - Xenon-kuningas","robots":{"index":"index","follow":"follow","max-snippet":"max-snippet:-1","max-image-preview":"max-image-preview:large","max-video-preview":"max-video-preview:-1"},"canonical":"https:\/\/xenonkungen.com\/fi\/tuote\/takavalon-vilkku-81a-12v-81x81mm\/","og_locale":"fi_FI","og_type":"article","og_title":"Baklampa Indikator 81A - 12V (81x81mm) - Xenonkungen","og_description":"Baklampa Indikator 81A: F\u00f6rnya Ditt Fordon Med LED F\u00f6rnya ditt fordon med v\u00e5r kompakta LED kombinationslampa Baklampa Indikator 81A. Utvecklad med b\u00e5de prestanda och h\u00e5llbarhet i \u00e5tanke, \u00e4r denna lampa idealisk f\u00f6r en m\u00e4ngd fordon fr\u00e5n personbilar till tyngre lastbilar. Huvudegenskaper: 12V Kompatibilitet: Perfekt anpassad f\u00f6r anv\u00e4ndning med 12V-system, erbjuder flexibilitet \u00f6ver ett brett utbud [&hellip;]","og_url":"https:\/\/xenonkungen.com\/fi\/tuote\/takavalon-vilkku-81a-12v-81x81mm\/","og_site_name":"Xenonkungen","article_modified_time":"2026-04-10T23:54:58+00:00","og_image":[{"width":800,"height":800,"url":"https:\/\/xenonkungen.com\/wp-content\/uploads\/2025\/04\/81AM-800x800-1.jpg","type":"image\/jpeg"}],"twitter_card":"summary_large_image","twitter_misc":{"Arvioitu lukuaika":"1 minuutti"},"schema":{"@context":"https:\/\/schema.org","@graph":[{"@type":"WebPage","@id":"https:\/\/xenonkungen.com\/produkt\/baklampa-indikator-81a-12v-81x81mm\/","url":"https:\/\/xenonkungen.com\/produkt\/baklampa-indikator-81a-12v-81x81mm\/","name":"Takavalon vilkku 81A - 12V (81x81mm) - Xenon-kuningas","isPartOf":{"@id":"https:\/\/xenonkungen.com\/#website"},"primaryImageOfPage":{"@id":"https:\/\/xenonkungen.com\/produkt\/baklampa-indikator-81a-12v-81x81mm\/#primaryimage"},"image":{"@id":"https:\/\/xenonkungen.com\/produkt\/baklampa-indikator-81a-12v-81x81mm\/#primaryimage"},"thumbnailUrl":"https:\/\/xenonkungen.com\/wp-content\/uploads\/2025\/04\/81AM-800x800-1.jpg","datePublished":"2025-04-15T10:06:57+00:00","dateModified":"2026-04-10T23:54:58+00:00","breadcrumb":{"@id":"https:\/\/xenonkungen.com\/produkt\/baklampa-indikator-81a-12v-81x81mm\/#breadcrumb"},"inLanguage":"fi","potentialAction":[{"@type":"ReadAction","target":["https:\/\/xenonkungen.com\/produkt\/baklampa-indikator-81a-12v-81x81mm\/"]}]},{"@type":"ImageObject","inLanguage":"fi","@id":"https:\/\/xenonkungen.com\/produkt\/baklampa-indikator-81a-12v-81x81mm\/#primaryimage","url":"https:\/\/xenonkungen.com\/wp-content\/uploads\/2025\/04\/81AM-800x800-1.jpg","contentUrl":"https:\/\/xenonkungen.com\/wp-content\/uploads\/2025\/04\/81AM-800x800-1.jpg","width":800,"height":800},{"@type":"BreadcrumbList","@id":"https:\/\/xenonkungen.com\/produkt\/baklampa-indikator-81a-12v-81x81mm\/#breadcrumb","itemListElement":[{"@type":"ListItem","position":1,"name":"Hem","item":"https:\/\/xenonkungen.com\/"},{"@type":"ListItem","position":2,"name":"Shop","item":"https:\/\/xenonkungen.com\/shop\/"},{"@type":"ListItem","position":3,"name":"Baklampa Indikator 81A &#8211; 12V (81x81mm)"}]},{"@type":"WebSite","@id":"https:\/\/xenonkungen.com\/#website","url":"https:\/\/xenonkungen.com\/","name":"Xenonkungen","description":"","potentialAction":[{"@type":"SearchAction","target":{"@type":"EntryPoint","urlTemplate":"https:\/\/xenonkungen.com\/?s={search_term_string}"},"query-input":{"@type":"PropertyValueSpecification","valueRequired":true,"valueName":"search_term_string"}}],"inLanguage":"fi"}]}},"taxonomy_info":{"anvandningsomrade":[{"value":166,"label":"Lastbil"},{"value":238,"label":"SL\u00c4P"},{"value":2816,"label":"TRAILER"}],"product_brand":[{"value":1252,"label":"LEA"}],"product_cat":[{"value":2552,"label":"Bakljus"}],"pa_fuktskydd-varde-ipxx":[{"value":333,"label":"IP67"}],"pa_godkannande":[{"value":2077,"label":"ECE, R10, R6"}],"pa_storlek-mm":[{"value":2075,"label":"81x81x20"}],"pa_stromforbrukning":[{"value":2076,"label":"0,19A @13,8V"}],"pa_volt-v":[{"value":159,"label":"12"}]},"featured_image_src_large":["https:\/\/xenonkungen.com\/wp-content\/uploads\/2025\/04\/81AM-800x800-1.jpg",800,800,false],"author_info":[],"comment_info":0,"_links":{"self":[{"href":"https:\/\/xenonkungen.com\/fi\/wp-json\/wp\/v2\/product\/8469","targetHints":{"allow":["GET"]}}],"collection":[{"href":"https:\/\/xenonkungen.com\/fi\/wp-json\/wp\/v2\/product"}],"about":[{"href":"https:\/\/xenonkungen.com\/fi\/wp-json\/wp\/v2\/types\/product"}],"replies":[{"embeddable":true,"href":"https:\/\/xenonkungen.com\/fi\/wp-json\/wp\/v2\/comments?post=8469"}],"wp:featuredmedia":[{"embeddable":true,"href":"https:\/\/xenonkungen.com\/fi\/wp-json\/wp\/v2\/media\/8470"}],"wp:attachment":[{"href":"https:\/\/xenonkungen.com\/fi\/wp-json\/wp\/v2\/media?parent=8469"}],"wp:term":[{"taxonomy":"anvandningsomrade","embeddable":true,"href":"https:\/\/xenonkungen.com\/fi\/wp-json\/wp\/v2\/anvandningsomrade?post=8469"},{"taxonomy":"bilmarken","embeddable":true,"href":"https:\/\/xenonkungen.com\/fi\/wp-json\/wp\/v2\/bilmarken?post=8469"},{"taxonomy":"product_brand","embeddable":true,"href":"https:\/\/xenonkungen.com\/fi\/wp-json\/wp\/v2\/product_brand?post=8469"},{"taxonomy":"product_cat","embeddable":true,"href":"https:\/\/xenonkungen.com\/fi\/wp-json\/wp\/v2\/product_cat?post=8469"},{"taxonomy":"product_tag","embeddable":true,"href":"https:\/\/xenonkungen.com\/fi\/wp-json\/wp\/v2\/product_tag?post=8469"}],"curies":[{"name":"wp","href":"https:\/\/api.w.org\/{rel}","templated":true}]}}