{"id":8487,"date":"2025-04-15T10:07:05","date_gmt":"2025-04-15T10:07:05","guid":{"rendered":"https:\/\/xenonkungen.com\/product\/baklampa-kombi-81sti-12v-81x81mm\/"},"modified":"2026-04-11T00:55:16","modified_gmt":"2026-04-10T23:55:16","slug":"takavalo-yhdistelma-81sti-12v-81x81mm","status":"publish","type":"product","link":"https:\/\/xenonkungen.com\/fi\/tuote\/takavalo-yhdistelma-81sti-12v-81x81mm\/","title":{"rendered":"Yhdistelm\u00e4takavalo 81STI - 12V (81x81mm)"},"content":{"rendered":"<h1>Optimoi ajoneuvosi LED-monitoimivalon 81STI 12V avulla.<\/h1>\n<p>Elvyt\u00e4 ajoneuvosi laadukkaalla LED-yhdistelm\u00e4valaisimella 81STI. T\u00e4m\u00e4 valaisin on suunniteltu sek\u00e4 pienikokoiseksi ett\u00e4 toimivaksi, ja sen vankka valaisinkotelo on tiivis ja iskunkest\u00e4v\u00e4, joten se sopii erinomaisesti sek\u00e4 henkil\u00f6autoihin ett\u00e4 raskaampiin ajoneuvoihin.<\/p>\n<h2>T\u00e4rkeimm\u00e4t ominaisuudet:<\/h2>\n<ul>\n<li>Kompakti koko helpottaa asennusta eri ajoneuvotyyppeihin.<\/li>\n<li>Vankka rakenne, joka on tiivis ja iskunkest\u00e4v\u00e4.<\/li>\n<li>Optimoitu 12 V:n j\u00e4rjestelmiin, sopii monenlaisiin k\u00e4ytt\u00f6tarkoituksiin.<\/li>\n<li>Kehittynyt LED-tekniikka takaa kirkkaan ja tehokkaan valaistuksen.<\/li>\n<\/ul>\n<h2>Edut:<\/h2>\n<ul>\n<li>Parempi n\u00e4kyvyys ja turvallisuus tiell\u00e4.<\/li>\n<li>Pitk\u00e4 k\u00e4ytt\u00f6ik\u00e4 v\u00e4hent\u00e4\u00e4 usein tapahtuvien vaihtojen tarvetta.<\/li>\n<li>Energiatehokas suunnittelu alentaa k\u00e4ytt\u00f6kustannuksia.<\/li>\n<li>Helppo asentaa, mik\u00e4 mahdollistaa nopeat p\u00e4ivitykset.<\/li>\n<\/ul>\n<p>Valitse LED-monitoimivalo 81STI 12V, jos haluat luotettavan, kest\u00e4v\u00e4n ja kustannustehokkaan ratkaisun, joka valaisee tien. P\u00e4ivit\u00e4 ajoneuvosi jo t\u00e4n\u00e4\u00e4n ja nauti edistyksellisen LED-valaistuksen eduista.<\/p>","protected":false},"excerpt":{"rendered":"<p>Optimera Ditt Fordon med LED Multi-Funktionslampa 81STI 12V F\u00f6rnya ditt fordon med v\u00e5r h\u00f6gkvalitativa LED-kombinationslampa 81STI. Denna lampa \u00e4r utformad f\u00f6r att vara b\u00e5de kompakt och funktionell, med ett robust lamphus som \u00e4r l\u00e4ckages\u00e4kert och st\u00f6tt\u00e5ligt, vilket g\u00f6r den idealisk f\u00f6r b\u00e5de bilar och tyngre fordon. Huvudegenskaper: Kompakt storlek f\u00f6r enkel installation p\u00e5 olika fordonstyper. [&hellip;]<\/p>","protected":false},"featured_media":8488,"comment_status":"closed","ping_status":"open","template":"","meta":{"_acf_changed":false,"_smort_price_nok":"256","_smort_price_dkk":"163","_smort_price_eur":"21.82","_smort_sale_price_nok":"","_smort_sale_price_dkk":"","_smort_sale_price_eur":"","smort_restorder":"","shipmondo_restorder":"","_kad_blocks_custom_css":"","_kad_blocks_head_custom_js":"","_kad_blocks_body_custom_js":"","_kad_blocks_footer_custom_js":"","smort_custom_pricelist_1":"134.4","smort_custom_pricelist_2":"134.4","smort_custom_pricelist_3":"127.68","smort_custom_pricelist_4":"192","smort_custom_pricelist_5":"134.4"},"anvandningsomrade":[166,238,2816],"bilmarken":[],"product_brand":[1252],"product_cat":[2552],"product_tag":[],"class_list":{"0":"post-8487","1":"product","2":"type-product","3":"status-publish","4":"has-post-thumbnail","6":"anvandningsomrade-lastbil","7":"anvandningsomrade-slap","8":"anvandningsomrade-trailer","9":"product_brand-lea","10":"product_cat-bakljus-slap","11":"pa_fuktskydd-varde-ipxx-ip67","12":"pa_godkannande-ece-r10-r6-r7","13":"pa_storlek-mm-81x81x20","14":"pa_volt-v-159","16":"first","17":"instock","18":"taxable","19":"shipping-taxable","20":"purchasable","21":"product-type-simple"},"bundled_by":[],"bundle_stock_status":"instock","bundle_stock_quantity":4,"bundle_virtual":false,"bundle_layout":"","bundle_add_to_cart_form_location":"","bundle_editable_in_cart":false,"bundle_sold_individually_context":"","bundle_item_grouping":"","bundle_min_size":"","bundle_max_size":"","bundle_price":[],"bundled_items":[],"bundle_sell_ids":[],"acf":[],"yoast_head":"<!-- This site is optimized with the Yoast SEO plugin v27.0 - https:\/\/yoast.com\/product\/yoast-seo-wordpress\/ -->\n<title>Baklampa Kombi 81STI - 12V (81x81mm) - Xenonkungen<\/title>\n<meta name=\"robots\" content=\"index, follow, max-snippet:-1, max-image-preview:large, max-video-preview:-1\" \/>\n<link rel=\"canonical\" href=\"https:\/\/xenonkungen.com\/fi\/tuote\/takavalo-yhdistelma-81sti-12v-81x81mm\/\" \/>\n<meta property=\"og:locale\" content=\"fi_FI\" \/>\n<meta property=\"og:type\" content=\"article\" \/>\n<meta property=\"og:title\" content=\"Baklampa Kombi 81STI - 12V (81x81mm) - Xenonkungen\" \/>\n<meta property=\"og:description\" content=\"Optimera Ditt Fordon med LED Multi-Funktionslampa 81STI 12V F\u00f6rnya ditt fordon med v\u00e5r h\u00f6gkvalitativa LED-kombinationslampa 81STI. Denna lampa \u00e4r utformad f\u00f6r att vara b\u00e5de kompakt och funktionell, med ett robust lamphus som \u00e4r l\u00e4ckages\u00e4kert och st\u00f6tt\u00e5ligt, vilket g\u00f6r den idealisk f\u00f6r b\u00e5de bilar och tyngre fordon. Huvudegenskaper: Kompakt storlek f\u00f6r enkel installation p\u00e5 olika fordonstyper. [&hellip;]\" \/>\n<meta property=\"og:url\" content=\"https:\/\/xenonkungen.com\/fi\/tuote\/takavalo-yhdistelma-81sti-12v-81x81mm\/\" \/>\n<meta property=\"og:site_name\" content=\"Xenonkungen\" \/>\n<meta property=\"article:modified_time\" content=\"2026-04-10T23:55:16+00:00\" \/>\n<meta property=\"og:image\" content=\"https:\/\/xenonkungen.com\/wp-content\/uploads\/2025\/04\/81STIM-800x800-1.jpg\" \/>\n\t<meta property=\"og:image:width\" content=\"800\" \/>\n\t<meta property=\"og:image:height\" content=\"800\" \/>\n\t<meta property=\"og:image:type\" content=\"image\/jpeg\" \/>\n<meta name=\"twitter:card\" content=\"summary_large_image\" \/>\n<meta name=\"twitter:label1\" content=\"Arvioitu lukuaika\" \/>\n\t<meta name=\"twitter:data1\" content=\"1 minuutti\" \/>\n<script type=\"application\/ld+json\" class=\"yoast-schema-graph\">{\"@context\":\"https:\/\/schema.org\",\"@graph\":[{\"@type\":\"WebPage\",\"@id\":\"https:\/\/xenonkungen.com\/produkt\/baklampa-kombi-81sti-12v-81x81mm\/\",\"url\":\"https:\/\/xenonkungen.com\/produkt\/baklampa-kombi-81sti-12v-81x81mm\/\",\"name\":\"Baklampa Kombi 81STI - 12V (81x81mm) - Xenonkungen\",\"isPartOf\":{\"@id\":\"https:\/\/xenonkungen.com\/#website\"},\"primaryImageOfPage\":{\"@id\":\"https:\/\/xenonkungen.com\/produkt\/baklampa-kombi-81sti-12v-81x81mm\/#primaryimage\"},\"image\":{\"@id\":\"https:\/\/xenonkungen.com\/produkt\/baklampa-kombi-81sti-12v-81x81mm\/#primaryimage\"},\"thumbnailUrl\":\"https:\/\/xenonkungen.com\/wp-content\/uploads\/2025\/04\/81STIM-800x800-1.jpg\",\"datePublished\":\"2025-04-15T10:07:05+00:00\",\"dateModified\":\"2026-04-10T23:55:16+00:00\",\"breadcrumb\":{\"@id\":\"https:\/\/xenonkungen.com\/produkt\/baklampa-kombi-81sti-12v-81x81mm\/#breadcrumb\"},\"inLanguage\":\"fi\",\"potentialAction\":[{\"@type\":\"ReadAction\",\"target\":[\"https:\/\/xenonkungen.com\/produkt\/baklampa-kombi-81sti-12v-81x81mm\/\"]}]},{\"@type\":\"ImageObject\",\"inLanguage\":\"fi\",\"@id\":\"https:\/\/xenonkungen.com\/produkt\/baklampa-kombi-81sti-12v-81x81mm\/#primaryimage\",\"url\":\"https:\/\/xenonkungen.com\/wp-content\/uploads\/2025\/04\/81STIM-800x800-1.jpg\",\"contentUrl\":\"https:\/\/xenonkungen.com\/wp-content\/uploads\/2025\/04\/81STIM-800x800-1.jpg\",\"width\":800,\"height\":800},{\"@type\":\"BreadcrumbList\",\"@id\":\"https:\/\/xenonkungen.com\/produkt\/baklampa-kombi-81sti-12v-81x81mm\/#breadcrumb\",\"itemListElement\":[{\"@type\":\"ListItem\",\"position\":1,\"name\":\"Hem\",\"item\":\"https:\/\/xenonkungen.com\/\"},{\"@type\":\"ListItem\",\"position\":2,\"name\":\"Shop\",\"item\":\"https:\/\/xenonkungen.com\/shop\/\"},{\"@type\":\"ListItem\",\"position\":3,\"name\":\"Baklampa Kombi 81STI &#8211; 12V (81x81mm)\"}]},{\"@type\":\"WebSite\",\"@id\":\"https:\/\/xenonkungen.com\/#website\",\"url\":\"https:\/\/xenonkungen.com\/\",\"name\":\"Xenonkungen\",\"description\":\"\",\"potentialAction\":[{\"@type\":\"SearchAction\",\"target\":{\"@type\":\"EntryPoint\",\"urlTemplate\":\"https:\/\/xenonkungen.com\/?s={search_term_string}\"},\"query-input\":{\"@type\":\"PropertyValueSpecification\",\"valueRequired\":true,\"valueName\":\"search_term_string\"}}],\"inLanguage\":\"fi\"}]}<\/script>\n<!-- \/ Yoast SEO plugin. -->","yoast_head_json":{"title":"Takavalo Kombi 81STI - 12V (81x81mm) - Xenon King","robots":{"index":"index","follow":"follow","max-snippet":"max-snippet:-1","max-image-preview":"max-image-preview:large","max-video-preview":"max-video-preview:-1"},"canonical":"https:\/\/xenonkungen.com\/fi\/tuote\/takavalo-yhdistelma-81sti-12v-81x81mm\/","og_locale":"fi_FI","og_type":"article","og_title":"Baklampa Kombi 81STI - 12V (81x81mm) - Xenonkungen","og_description":"Optimera Ditt Fordon med LED Multi-Funktionslampa 81STI 12V F\u00f6rnya ditt fordon med v\u00e5r h\u00f6gkvalitativa LED-kombinationslampa 81STI. Denna lampa \u00e4r utformad f\u00f6r att vara b\u00e5de kompakt och funktionell, med ett robust lamphus som \u00e4r l\u00e4ckages\u00e4kert och st\u00f6tt\u00e5ligt, vilket g\u00f6r den idealisk f\u00f6r b\u00e5de bilar och tyngre fordon. Huvudegenskaper: Kompakt storlek f\u00f6r enkel installation p\u00e5 olika fordonstyper. [&hellip;]","og_url":"https:\/\/xenonkungen.com\/fi\/tuote\/takavalo-yhdistelma-81sti-12v-81x81mm\/","og_site_name":"Xenonkungen","article_modified_time":"2026-04-10T23:55:16+00:00","og_image":[{"width":800,"height":800,"url":"https:\/\/xenonkungen.com\/wp-content\/uploads\/2025\/04\/81STIM-800x800-1.jpg","type":"image\/jpeg"}],"twitter_card":"summary_large_image","twitter_misc":{"Arvioitu lukuaika":"1 minuutti"},"schema":{"@context":"https:\/\/schema.org","@graph":[{"@type":"WebPage","@id":"https:\/\/xenonkungen.com\/produkt\/baklampa-kombi-81sti-12v-81x81mm\/","url":"https:\/\/xenonkungen.com\/produkt\/baklampa-kombi-81sti-12v-81x81mm\/","name":"Takavalo Kombi 81STI - 12V (81x81mm) - Xenon King","isPartOf":{"@id":"https:\/\/xenonkungen.com\/#website"},"primaryImageOfPage":{"@id":"https:\/\/xenonkungen.com\/produkt\/baklampa-kombi-81sti-12v-81x81mm\/#primaryimage"},"image":{"@id":"https:\/\/xenonkungen.com\/produkt\/baklampa-kombi-81sti-12v-81x81mm\/#primaryimage"},"thumbnailUrl":"https:\/\/xenonkungen.com\/wp-content\/uploads\/2025\/04\/81STIM-800x800-1.jpg","datePublished":"2025-04-15T10:07:05+00:00","dateModified":"2026-04-10T23:55:16+00:00","breadcrumb":{"@id":"https:\/\/xenonkungen.com\/produkt\/baklampa-kombi-81sti-12v-81x81mm\/#breadcrumb"},"inLanguage":"fi","potentialAction":[{"@type":"ReadAction","target":["https:\/\/xenonkungen.com\/produkt\/baklampa-kombi-81sti-12v-81x81mm\/"]}]},{"@type":"ImageObject","inLanguage":"fi","@id":"https:\/\/xenonkungen.com\/produkt\/baklampa-kombi-81sti-12v-81x81mm\/#primaryimage","url":"https:\/\/xenonkungen.com\/wp-content\/uploads\/2025\/04\/81STIM-800x800-1.jpg","contentUrl":"https:\/\/xenonkungen.com\/wp-content\/uploads\/2025\/04\/81STIM-800x800-1.jpg","width":800,"height":800},{"@type":"BreadcrumbList","@id":"https:\/\/xenonkungen.com\/produkt\/baklampa-kombi-81sti-12v-81x81mm\/#breadcrumb","itemListElement":[{"@type":"ListItem","position":1,"name":"Hem","item":"https:\/\/xenonkungen.com\/"},{"@type":"ListItem","position":2,"name":"Shop","item":"https:\/\/xenonkungen.com\/shop\/"},{"@type":"ListItem","position":3,"name":"Baklampa Kombi 81STI &#8211; 12V (81x81mm)"}]},{"@type":"WebSite","@id":"https:\/\/xenonkungen.com\/#website","url":"https:\/\/xenonkungen.com\/","name":"Xenonkungen","description":"","potentialAction":[{"@type":"SearchAction","target":{"@type":"EntryPoint","urlTemplate":"https:\/\/xenonkungen.com\/?s={search_term_string}"},"query-input":{"@type":"PropertyValueSpecification","valueRequired":true,"valueName":"search_term_string"}}],"inLanguage":"fi"}]}},"taxonomy_info":{"anvandningsomrade":[{"value":166,"label":"Lastbil"},{"value":238,"label":"SL\u00c4P"},{"value":2816,"label":"TRAILER"}],"product_brand":[{"value":1252,"label":"LEA"}],"product_cat":[{"value":2552,"label":"Bakljus"}],"pa_fuktskydd-varde-ipxx":[{"value":333,"label":"IP67"}],"pa_godkannande":[{"value":2084,"label":"ECE, R10, R6, R7"}],"pa_storlek-mm":[{"value":2075,"label":"81x81x20"}],"pa_volt-v":[{"value":159,"label":"12"}]},"featured_image_src_large":["https:\/\/xenonkungen.com\/wp-content\/uploads\/2025\/04\/81STIM-800x800-1.jpg",800,800,false],"author_info":[],"comment_info":0,"_links":{"self":[{"href":"https:\/\/xenonkungen.com\/fi\/wp-json\/wp\/v2\/product\/8487","targetHints":{"allow":["GET"]}}],"collection":[{"href":"https:\/\/xenonkungen.com\/fi\/wp-json\/wp\/v2\/product"}],"about":[{"href":"https:\/\/xenonkungen.com\/fi\/wp-json\/wp\/v2\/types\/product"}],"replies":[{"embeddable":true,"href":"https:\/\/xenonkungen.com\/fi\/wp-json\/wp\/v2\/comments?post=8487"}],"wp:featuredmedia":[{"embeddable":true,"href":"https:\/\/xenonkungen.com\/fi\/wp-json\/wp\/v2\/media\/8488"}],"wp:attachment":[{"href":"https:\/\/xenonkungen.com\/fi\/wp-json\/wp\/v2\/media?parent=8487"}],"wp:term":[{"taxonomy":"anvandningsomrade","embeddable":true,"href":"https:\/\/xenonkungen.com\/fi\/wp-json\/wp\/v2\/anvandningsomrade?post=8487"},{"taxonomy":"bilmarken","embeddable":true,"href":"https:\/\/xenonkungen.com\/fi\/wp-json\/wp\/v2\/bilmarken?post=8487"},{"taxonomy":"product_brand","embeddable":true,"href":"https:\/\/xenonkungen.com\/fi\/wp-json\/wp\/v2\/product_brand?post=8487"},{"taxonomy":"product_cat","embeddable":true,"href":"https:\/\/xenonkungen.com\/fi\/wp-json\/wp\/v2\/product_cat?post=8487"},{"taxonomy":"product_tag","embeddable":true,"href":"https:\/\/xenonkungen.com\/fi\/wp-json\/wp\/v2\/product_tag?post=8487"}],"curies":[{"name":"wp","href":"https:\/\/api.w.org\/{rel}","templated":true}]}}