{"id":8491,"date":"2025-04-15T10:07:05","date_gmt":"2025-04-15T10:07:05","guid":{"rendered":"https:\/\/xenonkungen.com\/product\/baklampa-kombi-81stim-12-24v-81x81mm\/"},"modified":"2026-04-11T00:55:19","modified_gmt":"2026-04-10T23:55:19","slug":"takavalo-yhdistelma-81stim-12-24v-81x81mm","status":"publish","type":"product","link":"https:\/\/xenonkungen.com\/fi\/tuote\/takavalo-yhdistelma-81stim-12-24v-81x81mm\/","title":{"rendered":"Yhdistelm\u00e4takavalo 81STIM - 12\/24V (81x81mm)"},"content":{"rendered":"<h1>LED-yhdistelm\u00e4lamppu: Paras kumppanisi tiell\u00e4<\/h1>\n<p>Tervetuloa autovalaistuksen tulevaisuuteen! LED-yhdistelm\u00e4lamppumme tyylikk\u00e4\u00e4ss\u00e4 ja kompaktissa koossaan mullistaa kaikki valaistustarpeesi. Se on uskomattoman energiatehokas ja kest\u00e4\u00e4 aikaa.<\/p>\n<h2>Kest\u00e4v\u00e4 muotoilu jokaiseen tilanteeseen<\/h2>\n<p>Vaellatko ep\u00e4tasaisessa maastossa tai ajatko ankarissa s\u00e4\u00e4olosuhteissa? Ei h\u00e4t\u00e4\u00e4! Lamppukotelomme on paitsi tiivistetty veden sis\u00e4\u00e4np\u00e4\u00e4syn est\u00e4miseksi, my\u00f6s iskunkest\u00e4v\u00e4. Minne ikin\u00e4 seikkailusi sinut viekin, voit luottaa t\u00e4h\u00e4n valaisimeen valaisemaan tiesi.<\/p>\n<h2>Monipuolinen toiminto<\/h2>\n<p>Kolmen sis\u00e4\u00e4nrakennetun valaistustoiminnon \u2013 takavalojen, liikennevalojen ja vilkkuvalojen \u2013 ansiosta t\u00e4m\u00e4 on kaikki mit\u00e4 tarvitset turvalliseen ajoon. Olitpa sitten ajamassa vain kaupungissa tai pitk\u00e4ll\u00e4 maantiematkalla, n\u00e4m\u00e4 ominaisuudet varmistavat, ett\u00e4 olet n\u00e4kyviss\u00e4 ja turvassa.<\/p>\n<h2>Energiatehokkuus ennen kaikkea<\/h2>\n<p>12\/24 V:n k\u00e4ytt\u00f6j\u00e4nnitteell\u00e4 ja uskomattoman alhaisella 13,8 V:n virrankulutuksella \u2013 0,01 A takavalolle, 0,22 A jarruvalolle ja 0,19 A vilkulle \u2013 t\u00e4m\u00e4 lamppu ei ainoastaan s\u00e4\u00e4st\u00e4 akkua, vaan my\u00f6s ymp\u00e4rist\u00f6\u00e4. Ajoneuvosi kuluttaa v\u00e4hemm\u00e4n virtaa, mik\u00e4 pident\u00e4\u00e4 akun k\u00e4ytt\u00f6ik\u00e4\u00e4 ja v\u00e4hent\u00e4\u00e4 p\u00e4\u00e4st\u00f6j\u00e4.<\/p>\n<h2>Mitat ja sopivuus<\/h2>\n<p>T\u00e4m\u00e4n lampun mitat, 81x81x20 mm, varmistavat, ett\u00e4 se on paitsi kompakti my\u00f6s helppo asentaa l\u00e4hes kaikkiin ajoneuvotyyppeihin.<\/p>\n<h2>Panosta laatuun<\/h2>\n<p>Uskomme vahvasti tuotteidemme laatuun, mink\u00e4 vuoksi tarjoamme t\u00e4lle LED-yhdistelm\u00e4valolle uskomattoman 5 vuoden takuun. Aja luottavaisin mielin tiet\u00e4en, ett\u00e4 seisomme tuotteemme takana.<\/p>\n<p><strong>Maailmassa, jossa turvallisuus ja kest\u00e4vyys kulkevat k\u00e4si k\u00e4dess\u00e4, LED-yhdistelm\u00e4lamppumme on paras kumppanisi tiell\u00e4. \u00c4l\u00e4 odota, p\u00e4ivit\u00e4 valaistus jo t\u00e4n\u00e4\u00e4n!<\/strong><\/p>","protected":false},"excerpt":{"rendered":"<p>Takavalo Kombi 81STIM, jossa 12\/24 voltin LED-valo.<\/p>","protected":false},"featured_media":8492,"comment_status":"closed","ping_status":"open","template":"","meta":{"_acf_changed":false,"_smort_price_nok":"299","_smort_price_dkk":"190","_smort_price_eur":"25.45","_smort_sale_price_nok":"","_smort_sale_price_dkk":"","_smort_sale_price_eur":"","smort_restorder":"","shipmondo_restorder":"","_kad_blocks_custom_css":"","_kad_blocks_head_custom_js":"","_kad_blocks_body_custom_js":"","_kad_blocks_footer_custom_js":"","smort_custom_pricelist_1":"156.8","smort_custom_pricelist_2":"156.8","smort_custom_pricelist_3":"148.96","smort_custom_pricelist_4":"224","smort_custom_pricelist_5":"156.8"},"anvandningsomrade":[166,238,2816],"bilmarken":[],"product_brand":[1252],"product_cat":[2552],"product_tag":[],"class_list":{"0":"post-8491","1":"product","2":"type-product","3":"status-publish","4":"has-post-thumbnail","6":"anvandningsomrade-lastbil","7":"anvandningsomrade-slap","8":"anvandningsomrade-trailer","9":"product_brand-lea","10":"product_cat-bakljus-slap","11":"pa_fuktskydd-varde-ipxx-ip67","12":"pa_godkannande-ece-r10-r6-r7","13":"pa_storlek-mm-81x81x20","14":"pa_volt-v-12-24","16":"first","17":"instock","18":"taxable","19":"shipping-taxable","20":"purchasable","21":"product-type-simple"},"bundled_by":[],"bundle_stock_status":"instock","bundle_stock_quantity":1,"bundle_virtual":false,"bundle_layout":"","bundle_add_to_cart_form_location":"","bundle_editable_in_cart":false,"bundle_sold_individually_context":"","bundle_item_grouping":"","bundle_min_size":"","bundle_max_size":"","bundle_price":[],"bundled_items":[],"bundle_sell_ids":[],"acf":[],"yoast_head":"<!-- This site is optimized with the Yoast SEO plugin v27.0 - https:\/\/yoast.com\/product\/yoast-seo-wordpress\/ -->\n<title>Baklampa Kombi 81STIM - 12\/24V (81x81mm) - Xenonkungen<\/title>\n<meta name=\"robots\" content=\"index, follow, max-snippet:-1, max-image-preview:large, max-video-preview:-1\" \/>\n<link rel=\"canonical\" href=\"https:\/\/xenonkungen.com\/fi\/tuote\/takavalo-yhdistelma-81stim-12-24v-81x81mm\/\" \/>\n<meta property=\"og:locale\" content=\"fi_FI\" \/>\n<meta property=\"og:type\" content=\"article\" \/>\n<meta property=\"og:title\" content=\"Baklampa Kombi 81STIM - 12\/24V (81x81mm) - Xenonkungen\" \/>\n<meta property=\"og:description\" content=\"Baklampa Kombi 81STIM med 12\/24 volt i LED.\" \/>\n<meta property=\"og:url\" content=\"https:\/\/xenonkungen.com\/fi\/tuote\/takavalo-yhdistelma-81stim-12-24v-81x81mm\/\" \/>\n<meta property=\"og:site_name\" content=\"Xenonkungen\" \/>\n<meta property=\"article:modified_time\" content=\"2026-04-10T23:55:19+00:00\" \/>\n<meta property=\"og:image\" content=\"https:\/\/xenonkungen.com\/wp-content\/uploads\/2025\/04\/81STIM-800x800-1-1.jpg\" \/>\n\t<meta property=\"og:image:width\" content=\"800\" \/>\n\t<meta property=\"og:image:height\" content=\"800\" \/>\n\t<meta property=\"og:image:type\" content=\"image\/jpeg\" \/>\n<meta name=\"twitter:card\" content=\"summary_large_image\" \/>\n<meta name=\"twitter:label1\" content=\"Arvioitu lukuaika\" \/>\n\t<meta name=\"twitter:data1\" content=\"2 minuuttia\" \/>\n<script type=\"application\/ld+json\" class=\"yoast-schema-graph\">{\"@context\":\"https:\/\/schema.org\",\"@graph\":[{\"@type\":\"WebPage\",\"@id\":\"https:\/\/xenonkungen.com\/no\/produkt\/baklyskombinasjon-81stim-12-24v-81x81mm\/\",\"url\":\"https:\/\/xenonkungen.com\/no\/produkt\/baklyskombinasjon-81stim-12-24v-81x81mm\/\",\"name\":\"Baklampa Kombi 81STIM - 12\/24V (81x81mm) - Xenonkungen\",\"isPartOf\":{\"@id\":\"https:\/\/xenonkungen.com\/#website\"},\"primaryImageOfPage\":{\"@id\":\"https:\/\/xenonkungen.com\/no\/produkt\/baklyskombinasjon-81stim-12-24v-81x81mm\/#primaryimage\"},\"image\":{\"@id\":\"https:\/\/xenonkungen.com\/no\/produkt\/baklyskombinasjon-81stim-12-24v-81x81mm\/#primaryimage\"},\"thumbnailUrl\":\"https:\/\/xenonkungen.com\/wp-content\/uploads\/2025\/04\/81STIM-800x800-1-1.jpg\",\"datePublished\":\"2025-04-15T10:07:05+00:00\",\"dateModified\":\"2026-04-10T23:55:19+00:00\",\"breadcrumb\":{\"@id\":\"https:\/\/xenonkungen.com\/no\/produkt\/baklyskombinasjon-81stim-12-24v-81x81mm\/#breadcrumb\"},\"inLanguage\":\"fi\",\"potentialAction\":[{\"@type\":\"ReadAction\",\"target\":[\"https:\/\/xenonkungen.com\/no\/produkt\/baklyskombinasjon-81stim-12-24v-81x81mm\/\"]}]},{\"@type\":\"ImageObject\",\"inLanguage\":\"fi\",\"@id\":\"https:\/\/xenonkungen.com\/no\/produkt\/baklyskombinasjon-81stim-12-24v-81x81mm\/#primaryimage\",\"url\":\"https:\/\/xenonkungen.com\/wp-content\/uploads\/2025\/04\/81STIM-800x800-1-1.jpg\",\"contentUrl\":\"https:\/\/xenonkungen.com\/wp-content\/uploads\/2025\/04\/81STIM-800x800-1-1.jpg\",\"width\":800,\"height\":800},{\"@type\":\"BreadcrumbList\",\"@id\":\"https:\/\/xenonkungen.com\/no\/produkt\/baklyskombinasjon-81stim-12-24v-81x81mm\/#breadcrumb\",\"itemListElement\":[{\"@type\":\"ListItem\",\"position\":1,\"name\":\"Hem\",\"item\":\"https:\/\/xenonkungen.com\/\"},{\"@type\":\"ListItem\",\"position\":2,\"name\":\"Shop\",\"item\":\"https:\/\/xenonkungen.com\/shop\/\"},{\"@type\":\"ListItem\",\"position\":3,\"name\":\"Baklampa Kombi 81STIM &#8211; 12\/24V (81x81mm)\"}]},{\"@type\":\"WebSite\",\"@id\":\"https:\/\/xenonkungen.com\/#website\",\"url\":\"https:\/\/xenonkungen.com\/\",\"name\":\"Xenonkungen\",\"description\":\"\",\"potentialAction\":[{\"@type\":\"SearchAction\",\"target\":{\"@type\":\"EntryPoint\",\"urlTemplate\":\"https:\/\/xenonkungen.com\/?s={search_term_string}\"},\"query-input\":{\"@type\":\"PropertyValueSpecification\",\"valueRequired\":true,\"valueName\":\"search_term_string\"}}],\"inLanguage\":\"fi\"}]}<\/script>\n<!-- \/ Yoast SEO plugin. -->","yoast_head_json":{"title":"Takavalo Combi 81STIM - 12\/24V (81x81mm) - Xenon King","robots":{"index":"index","follow":"follow","max-snippet":"max-snippet:-1","max-image-preview":"max-image-preview:large","max-video-preview":"max-video-preview:-1"},"canonical":"https:\/\/xenonkungen.com\/fi\/tuote\/takavalo-yhdistelma-81stim-12-24v-81x81mm\/","og_locale":"fi_FI","og_type":"article","og_title":"Baklampa Kombi 81STIM - 12\/24V (81x81mm) - Xenonkungen","og_description":"Baklampa Kombi 81STIM med 12\/24 volt i LED.","og_url":"https:\/\/xenonkungen.com\/fi\/tuote\/takavalo-yhdistelma-81stim-12-24v-81x81mm\/","og_site_name":"Xenonkungen","article_modified_time":"2026-04-10T23:55:19+00:00","og_image":[{"width":800,"height":800,"url":"https:\/\/xenonkungen.com\/wp-content\/uploads\/2025\/04\/81STIM-800x800-1-1.jpg","type":"image\/jpeg"}],"twitter_card":"summary_large_image","twitter_misc":{"Arvioitu lukuaika":"2 minuuttia"},"schema":{"@context":"https:\/\/schema.org","@graph":[{"@type":"WebPage","@id":"https:\/\/xenonkungen.com\/no\/produkt\/baklyskombinasjon-81stim-12-24v-81x81mm\/","url":"https:\/\/xenonkungen.com\/no\/produkt\/baklyskombinasjon-81stim-12-24v-81x81mm\/","name":"Takavalo Combi 81STIM - 12\/24V (81x81mm) - Xenon King","isPartOf":{"@id":"https:\/\/xenonkungen.com\/#website"},"primaryImageOfPage":{"@id":"https:\/\/xenonkungen.com\/no\/produkt\/baklyskombinasjon-81stim-12-24v-81x81mm\/#primaryimage"},"image":{"@id":"https:\/\/xenonkungen.com\/no\/produkt\/baklyskombinasjon-81stim-12-24v-81x81mm\/#primaryimage"},"thumbnailUrl":"https:\/\/xenonkungen.com\/wp-content\/uploads\/2025\/04\/81STIM-800x800-1-1.jpg","datePublished":"2025-04-15T10:07:05+00:00","dateModified":"2026-04-10T23:55:19+00:00","breadcrumb":{"@id":"https:\/\/xenonkungen.com\/no\/produkt\/baklyskombinasjon-81stim-12-24v-81x81mm\/#breadcrumb"},"inLanguage":"fi","potentialAction":[{"@type":"ReadAction","target":["https:\/\/xenonkungen.com\/no\/produkt\/baklyskombinasjon-81stim-12-24v-81x81mm\/"]}]},{"@type":"ImageObject","inLanguage":"fi","@id":"https:\/\/xenonkungen.com\/no\/produkt\/baklyskombinasjon-81stim-12-24v-81x81mm\/#primaryimage","url":"https:\/\/xenonkungen.com\/wp-content\/uploads\/2025\/04\/81STIM-800x800-1-1.jpg","contentUrl":"https:\/\/xenonkungen.com\/wp-content\/uploads\/2025\/04\/81STIM-800x800-1-1.jpg","width":800,"height":800},{"@type":"BreadcrumbList","@id":"https:\/\/xenonkungen.com\/no\/produkt\/baklyskombinasjon-81stim-12-24v-81x81mm\/#breadcrumb","itemListElement":[{"@type":"ListItem","position":1,"name":"Hem","item":"https:\/\/xenonkungen.com\/"},{"@type":"ListItem","position":2,"name":"Shop","item":"https:\/\/xenonkungen.com\/shop\/"},{"@type":"ListItem","position":3,"name":"Baklampa Kombi 81STIM &#8211; 12\/24V (81x81mm)"}]},{"@type":"WebSite","@id":"https:\/\/xenonkungen.com\/#website","url":"https:\/\/xenonkungen.com\/","name":"Xenonkungen","description":"","potentialAction":[{"@type":"SearchAction","target":{"@type":"EntryPoint","urlTemplate":"https:\/\/xenonkungen.com\/?s={search_term_string}"},"query-input":{"@type":"PropertyValueSpecification","valueRequired":true,"valueName":"search_term_string"}}],"inLanguage":"fi"}]}},"taxonomy_info":{"anvandningsomrade":[{"value":166,"label":"Lastbil"},{"value":238,"label":"SL\u00c4P"},{"value":2816,"label":"TRAILER"}],"product_brand":[{"value":1252,"label":"LEA"}],"product_cat":[{"value":2552,"label":"Bakljus"}],"pa_fuktskydd-varde-ipxx":[{"value":333,"label":"IP67"}],"pa_godkannande":[{"value":2084,"label":"ECE, R10, R6, R7"}],"pa_storlek-mm":[{"value":2075,"label":"81x81x20"}],"pa_volt-v":[{"value":348,"label":"12, 24"}]},"featured_image_src_large":["https:\/\/xenonkungen.com\/wp-content\/uploads\/2025\/04\/81STIM-800x800-1-1.jpg",800,800,false],"author_info":[],"comment_info":0,"_links":{"self":[{"href":"https:\/\/xenonkungen.com\/fi\/wp-json\/wp\/v2\/product\/8491","targetHints":{"allow":["GET"]}}],"collection":[{"href":"https:\/\/xenonkungen.com\/fi\/wp-json\/wp\/v2\/product"}],"about":[{"href":"https:\/\/xenonkungen.com\/fi\/wp-json\/wp\/v2\/types\/product"}],"replies":[{"embeddable":true,"href":"https:\/\/xenonkungen.com\/fi\/wp-json\/wp\/v2\/comments?post=8491"}],"wp:featuredmedia":[{"embeddable":true,"href":"https:\/\/xenonkungen.com\/fi\/wp-json\/wp\/v2\/media\/8492"}],"wp:attachment":[{"href":"https:\/\/xenonkungen.com\/fi\/wp-json\/wp\/v2\/media?parent=8491"}],"wp:term":[{"taxonomy":"anvandningsomrade","embeddable":true,"href":"https:\/\/xenonkungen.com\/fi\/wp-json\/wp\/v2\/anvandningsomrade?post=8491"},{"taxonomy":"bilmarken","embeddable":true,"href":"https:\/\/xenonkungen.com\/fi\/wp-json\/wp\/v2\/bilmarken?post=8491"},{"taxonomy":"product_brand","embeddable":true,"href":"https:\/\/xenonkungen.com\/fi\/wp-json\/wp\/v2\/product_brand?post=8491"},{"taxonomy":"product_cat","embeddable":true,"href":"https:\/\/xenonkungen.com\/fi\/wp-json\/wp\/v2\/product_cat?post=8491"},{"taxonomy":"product_tag","embeddable":true,"href":"https:\/\/xenonkungen.com\/fi\/wp-json\/wp\/v2\/product_tag?post=8491"}],"curies":[{"name":"wp","href":"https:\/\/api.w.org\/{rel}","templated":true}]}}