{"id":8515,"date":"2025-04-15T10:07:23","date_gmt":"2025-04-15T10:07:23","guid":{"rendered":"https:\/\/xenonkungen.com\/product\/chassikabel-15m-med-8pin-hane\/"},"modified":"2026-04-11T00:55:42","modified_gmt":"2026-04-10T23:55:42","slug":"15-m-runkokaapeli-8-nastaisella-urosliittimella","status":"publish","type":"product","link":"https:\/\/xenonkungen.com\/fi\/tuote\/15-m-runkokaapeli-8-nastaisella-urosliittimella\/","title":{"rendered":"Kotelokaapeli 15M 8-nastaisella urosliittimell\u00e4"},"content":{"rendered":"<h1>Alustan kiinnityksen p\u00e4\u00e4kaapeli: Ajoneuvosi valaistusj\u00e4rjestelm\u00e4n keskushermo<\/h1>\n<p>T\u00e4m\u00e4 p\u00e4\u00e4kaapeli on erityisesti suunniteltu varmistamaan tasainen ja tehokas virransy\u00f6tt\u00f6 koko ajoneuvon alustalle, ja se on kriittinen osa valaistusj\u00e4rjestelm\u00e4n kytkemist\u00e4 varten.<\/p>\n<h2>Tekniset tiedot:<\/h2>\n<ul>\n<li><span class=\"highlight\">Pituussuuntainen asennus:<\/span> Kulkee koko rungon pituudelta.<\/li>\n<li><span class=\"highlight\">8-nastainen uroskontakti:<\/span> Turvalliseen liit\u00e4nt\u00e4\u00e4n T-kappaleen runkokaapelipistokkeeseen.<\/li>\n<li><span class=\"highlight\">Jaettu 8 johtimella:<\/span> Joustavuus useiden valaistuskomponenttien liitt\u00e4miseen.<\/li>\n<li><span class=\"highlight\">Korkea yhteensopivuus:<\/span> Sopii laajaan valikoimaan ajoneuvomalleja ja valaistusj\u00e4rjestelmi\u00e4.<\/li>\n<\/ul>\n<h2>Ominaisuudet:<\/h2>\n<ul>\n<li>Varmistaa oikean ja turvallisen virranjaon valaistuskomponenteille.<\/li>\n<li>Helpottaa valaistusj\u00e4rjestelm\u00e4n j\u00e4rjestelm\u00e4llist\u00e4 ja tehokasta asennusta.<\/li>\n<li>Minimoi kaapeleiden sotkeutumisen ja vaurioitumisen riskin.<\/li>\n<li>Tarjoaa valaistusj\u00e4rjestelm\u00e4llesi rakenteellista eheytt\u00e4 ja joustavuutta.<\/li>\n<\/ul>","protected":false},"excerpt":{"rendered":"<p>Huvudkabel f\u00f6r Chassimontering: Central Nerv f\u00f6r Ditt Fordons Belysningssystem Denna huvudkabel \u00e4r speciellt framtagen f\u00f6r att s\u00e4kerst\u00e4lla en enhetlig och effektiv str\u00f6mf\u00f6rs\u00f6rjning l\u00e4ngs hela fordonets chassi, och \u00e4r en kritisk komponent f\u00f6r att koppla samman ditt belysningssystem. Specifikationer: L\u00e4ngsg\u00e5ende Installation: L\u00f6per l\u00e4ngs hela chassits l\u00e4ngd. 8-PIN Hane Kontakt: F\u00f6r s\u00e4ker anslutning till T Piece Chassi [&hellip;]<\/p>","protected":false},"featured_media":8516,"comment_status":"closed","ping_status":"open","template":"","meta":{"_acf_changed":false,"_smort_price_nok":"1314","_smort_price_dkk":"835","_smort_price_eur":"111.81","_smort_sale_price_nok":"","_smort_sale_price_dkk":"","_smort_sale_price_eur":"","smort_restorder":"","shipmondo_restorder":"","_kad_blocks_custom_css":"","_kad_blocks_head_custom_js":"","_kad_blocks_body_custom_js":"","_kad_blocks_footer_custom_js":"","smort_custom_pricelist_1":"688.8","smort_custom_pricelist_2":"688.8","smort_custom_pricelist_3":"654.36","smort_custom_pricelist_4":"984","smort_custom_pricelist_5":"688.8"},"anvandningsomrade":[166,238,2816],"bilmarken":[],"product_brand":[1252],"product_cat":[2589],"product_tag":[],"class_list":{"0":"post-8515","1":"product","2":"type-product","3":"status-publish","4":"has-post-thumbnail","6":"anvandningsomrade-lastbil","7":"anvandningsomrade-slap","8":"anvandningsomrade-trailer","9":"product_brand-lea","10":"product_cat-kablar-slap","12":"first","13":"onbackorder","14":"taxable","15":"shipping-taxable","16":"purchasable","17":"product-type-simple"},"bundled_by":[],"bundle_stock_status":"onbackorder","bundle_stock_quantity":0,"bundle_virtual":false,"bundle_layout":"","bundle_add_to_cart_form_location":"","bundle_editable_in_cart":false,"bundle_sold_individually_context":"","bundle_item_grouping":"","bundle_min_size":"","bundle_max_size":"","bundle_price":[],"bundled_items":[],"bundle_sell_ids":[],"acf":[],"yoast_head":"<!-- This site is optimized with the Yoast SEO plugin v27.0 - https:\/\/yoast.com\/product\/yoast-seo-wordpress\/ -->\n<title>Chassikabel 15M med 8PIN Hane - Xenonkungen<\/title>\n<meta name=\"robots\" content=\"index, follow, max-snippet:-1, max-image-preview:large, max-video-preview:-1\" \/>\n<link rel=\"canonical\" href=\"https:\/\/xenonkungen.com\/fi\/tuote\/15-m-runkokaapeli-8-nastaisella-urosliittimella\/\" \/>\n<meta property=\"og:locale\" content=\"fi_FI\" \/>\n<meta property=\"og:type\" content=\"article\" \/>\n<meta property=\"og:title\" content=\"Chassikabel 15M med 8PIN Hane - Xenonkungen\" \/>\n<meta property=\"og:description\" content=\"Huvudkabel f\u00f6r Chassimontering: Central Nerv f\u00f6r Ditt Fordons Belysningssystem Denna huvudkabel \u00e4r speciellt framtagen f\u00f6r att s\u00e4kerst\u00e4lla en enhetlig och effektiv str\u00f6mf\u00f6rs\u00f6rjning l\u00e4ngs hela fordonets chassi, och \u00e4r en kritisk komponent f\u00f6r att koppla samman ditt belysningssystem. Specifikationer: L\u00e4ngsg\u00e5ende Installation: L\u00f6per l\u00e4ngs hela chassits l\u00e4ngd. 8-PIN Hane Kontakt: F\u00f6r s\u00e4ker anslutning till T Piece Chassi [&hellip;]\" \/>\n<meta property=\"og:url\" content=\"https:\/\/xenonkungen.com\/fi\/tuote\/15-m-runkokaapeli-8-nastaisella-urosliittimella\/\" \/>\n<meta property=\"og:site_name\" content=\"Xenonkungen\" \/>\n<meta property=\"article:modified_time\" content=\"2026-04-10T23:55:42+00:00\" \/>\n<meta property=\"og:image\" content=\"https:\/\/xenonkungen.com\/wp-content\/uploads\/2025\/04\/8P-800x800-2.jpg\" \/>\n\t<meta property=\"og:image:width\" content=\"800\" \/>\n\t<meta property=\"og:image:height\" content=\"800\" \/>\n\t<meta property=\"og:image:type\" content=\"image\/jpeg\" \/>\n<meta name=\"twitter:card\" content=\"summary_large_image\" \/>\n<meta name=\"twitter:label1\" content=\"Arvioitu lukuaika\" \/>\n\t<meta name=\"twitter:data1\" content=\"1 minuutti\" \/>\n<script type=\"application\/ld+json\" class=\"yoast-schema-graph\">{\"@context\":\"https:\/\/schema.org\",\"@graph\":[{\"@type\":\"WebPage\",\"@id\":\"https:\/\/xenonkungen.com\/produkt\/chassikabel-15m-med-8pin-hane\/\",\"url\":\"https:\/\/xenonkungen.com\/produkt\/chassikabel-15m-med-8pin-hane\/\",\"name\":\"Chassikabel 15M med 8PIN Hane - Xenonkungen\",\"isPartOf\":{\"@id\":\"https:\/\/xenonkungen.com\/#website\"},\"primaryImageOfPage\":{\"@id\":\"https:\/\/xenonkungen.com\/produkt\/chassikabel-15m-med-8pin-hane\/#primaryimage\"},\"image\":{\"@id\":\"https:\/\/xenonkungen.com\/produkt\/chassikabel-15m-med-8pin-hane\/#primaryimage\"},\"thumbnailUrl\":\"https:\/\/xenonkungen.com\/wp-content\/uploads\/2025\/04\/8P-800x800-2.jpg\",\"datePublished\":\"2025-04-15T10:07:23+00:00\",\"dateModified\":\"2026-04-10T23:55:42+00:00\",\"breadcrumb\":{\"@id\":\"https:\/\/xenonkungen.com\/produkt\/chassikabel-15m-med-8pin-hane\/#breadcrumb\"},\"inLanguage\":\"fi\",\"potentialAction\":[{\"@type\":\"ReadAction\",\"target\":[\"https:\/\/xenonkungen.com\/produkt\/chassikabel-15m-med-8pin-hane\/\"]}]},{\"@type\":\"ImageObject\",\"inLanguage\":\"fi\",\"@id\":\"https:\/\/xenonkungen.com\/produkt\/chassikabel-15m-med-8pin-hane\/#primaryimage\",\"url\":\"https:\/\/xenonkungen.com\/wp-content\/uploads\/2025\/04\/8P-800x800-2.jpg\",\"contentUrl\":\"https:\/\/xenonkungen.com\/wp-content\/uploads\/2025\/04\/8P-800x800-2.jpg\",\"width\":800,\"height\":800},{\"@type\":\"BreadcrumbList\",\"@id\":\"https:\/\/xenonkungen.com\/produkt\/chassikabel-15m-med-8pin-hane\/#breadcrumb\",\"itemListElement\":[{\"@type\":\"ListItem\",\"position\":1,\"name\":\"Hem\",\"item\":\"https:\/\/xenonkungen.com\/\"},{\"@type\":\"ListItem\",\"position\":2,\"name\":\"Shop\",\"item\":\"https:\/\/xenonkungen.com\/shop\/\"},{\"@type\":\"ListItem\",\"position\":3,\"name\":\"Chassikabel 15M med 8PIN Hane\"}]},{\"@type\":\"WebSite\",\"@id\":\"https:\/\/xenonkungen.com\/#website\",\"url\":\"https:\/\/xenonkungen.com\/\",\"name\":\"Xenonkungen\",\"description\":\"\",\"potentialAction\":[{\"@type\":\"SearchAction\",\"target\":{\"@type\":\"EntryPoint\",\"urlTemplate\":\"https:\/\/xenonkungen.com\/?s={search_term_string}\"},\"query-input\":{\"@type\":\"PropertyValueSpecification\",\"valueRequired\":true,\"valueName\":\"search_term_string\"}}],\"inLanguage\":\"fi\"}]}<\/script>\n<!-- \/ Yoast SEO plugin. -->","yoast_head_json":{"title":"Kotelokaapeli 15M 8-nastaisella urosliittimell\u00e4 - Xenon King","robots":{"index":"index","follow":"follow","max-snippet":"max-snippet:-1","max-image-preview":"max-image-preview:large","max-video-preview":"max-video-preview:-1"},"canonical":"https:\/\/xenonkungen.com\/fi\/tuote\/15-m-runkokaapeli-8-nastaisella-urosliittimella\/","og_locale":"fi_FI","og_type":"article","og_title":"Chassikabel 15M med 8PIN Hane - Xenonkungen","og_description":"Huvudkabel f\u00f6r Chassimontering: Central Nerv f\u00f6r Ditt Fordons Belysningssystem Denna huvudkabel \u00e4r speciellt framtagen f\u00f6r att s\u00e4kerst\u00e4lla en enhetlig och effektiv str\u00f6mf\u00f6rs\u00f6rjning l\u00e4ngs hela fordonets chassi, och \u00e4r en kritisk komponent f\u00f6r att koppla samman ditt belysningssystem. Specifikationer: L\u00e4ngsg\u00e5ende Installation: L\u00f6per l\u00e4ngs hela chassits l\u00e4ngd. 8-PIN Hane Kontakt: F\u00f6r s\u00e4ker anslutning till T Piece Chassi [&hellip;]","og_url":"https:\/\/xenonkungen.com\/fi\/tuote\/15-m-runkokaapeli-8-nastaisella-urosliittimella\/","og_site_name":"Xenonkungen","article_modified_time":"2026-04-10T23:55:42+00:00","og_image":[{"width":800,"height":800,"url":"https:\/\/xenonkungen.com\/wp-content\/uploads\/2025\/04\/8P-800x800-2.jpg","type":"image\/jpeg"}],"twitter_card":"summary_large_image","twitter_misc":{"Arvioitu lukuaika":"1 minuutti"},"schema":{"@context":"https:\/\/schema.org","@graph":[{"@type":"WebPage","@id":"https:\/\/xenonkungen.com\/produkt\/chassikabel-15m-med-8pin-hane\/","url":"https:\/\/xenonkungen.com\/produkt\/chassikabel-15m-med-8pin-hane\/","name":"Kotelokaapeli 15M 8-nastaisella urosliittimell\u00e4 - Xenon King","isPartOf":{"@id":"https:\/\/xenonkungen.com\/#website"},"primaryImageOfPage":{"@id":"https:\/\/xenonkungen.com\/produkt\/chassikabel-15m-med-8pin-hane\/#primaryimage"},"image":{"@id":"https:\/\/xenonkungen.com\/produkt\/chassikabel-15m-med-8pin-hane\/#primaryimage"},"thumbnailUrl":"https:\/\/xenonkungen.com\/wp-content\/uploads\/2025\/04\/8P-800x800-2.jpg","datePublished":"2025-04-15T10:07:23+00:00","dateModified":"2026-04-10T23:55:42+00:00","breadcrumb":{"@id":"https:\/\/xenonkungen.com\/produkt\/chassikabel-15m-med-8pin-hane\/#breadcrumb"},"inLanguage":"fi","potentialAction":[{"@type":"ReadAction","target":["https:\/\/xenonkungen.com\/produkt\/chassikabel-15m-med-8pin-hane\/"]}]},{"@type":"ImageObject","inLanguage":"fi","@id":"https:\/\/xenonkungen.com\/produkt\/chassikabel-15m-med-8pin-hane\/#primaryimage","url":"https:\/\/xenonkungen.com\/wp-content\/uploads\/2025\/04\/8P-800x800-2.jpg","contentUrl":"https:\/\/xenonkungen.com\/wp-content\/uploads\/2025\/04\/8P-800x800-2.jpg","width":800,"height":800},{"@type":"BreadcrumbList","@id":"https:\/\/xenonkungen.com\/produkt\/chassikabel-15m-med-8pin-hane\/#breadcrumb","itemListElement":[{"@type":"ListItem","position":1,"name":"Hem","item":"https:\/\/xenonkungen.com\/"},{"@type":"ListItem","position":2,"name":"Shop","item":"https:\/\/xenonkungen.com\/shop\/"},{"@type":"ListItem","position":3,"name":"Chassikabel 15M med 8PIN Hane"}]},{"@type":"WebSite","@id":"https:\/\/xenonkungen.com\/#website","url":"https:\/\/xenonkungen.com\/","name":"Xenonkungen","description":"","potentialAction":[{"@type":"SearchAction","target":{"@type":"EntryPoint","urlTemplate":"https:\/\/xenonkungen.com\/?s={search_term_string}"},"query-input":{"@type":"PropertyValueSpecification","valueRequired":true,"valueName":"search_term_string"}}],"inLanguage":"fi"}]}},"taxonomy_info":{"anvandningsomrade":[{"value":166,"label":"Lastbil"},{"value":238,"label":"SL\u00c4P"},{"value":2816,"label":"TRAILER"}],"product_brand":[{"value":1252,"label":"LEA"}],"product_cat":[{"value":2589,"label":"Kablar"}]},"featured_image_src_large":["https:\/\/xenonkungen.com\/wp-content\/uploads\/2025\/04\/8P-800x800-2.jpg",800,800,false],"author_info":[],"comment_info":0,"_links":{"self":[{"href":"https:\/\/xenonkungen.com\/fi\/wp-json\/wp\/v2\/product\/8515","targetHints":{"allow":["GET"]}}],"collection":[{"href":"https:\/\/xenonkungen.com\/fi\/wp-json\/wp\/v2\/product"}],"about":[{"href":"https:\/\/xenonkungen.com\/fi\/wp-json\/wp\/v2\/types\/product"}],"replies":[{"embeddable":true,"href":"https:\/\/xenonkungen.com\/fi\/wp-json\/wp\/v2\/comments?post=8515"}],"wp:featuredmedia":[{"embeddable":true,"href":"https:\/\/xenonkungen.com\/fi\/wp-json\/wp\/v2\/media\/8516"}],"wp:attachment":[{"href":"https:\/\/xenonkungen.com\/fi\/wp-json\/wp\/v2\/media?parent=8515"}],"wp:term":[{"taxonomy":"anvandningsomrade","embeddable":true,"href":"https:\/\/xenonkungen.com\/fi\/wp-json\/wp\/v2\/anvandningsomrade?post=8515"},{"taxonomy":"bilmarken","embeddable":true,"href":"https:\/\/xenonkungen.com\/fi\/wp-json\/wp\/v2\/bilmarken?post=8515"},{"taxonomy":"product_brand","embeddable":true,"href":"https:\/\/xenonkungen.com\/fi\/wp-json\/wp\/v2\/product_brand?post=8515"},{"taxonomy":"product_cat","embeddable":true,"href":"https:\/\/xenonkungen.com\/fi\/wp-json\/wp\/v2\/product_cat?post=8515"},{"taxonomy":"product_tag","embeddable":true,"href":"https:\/\/xenonkungen.com\/fi\/wp-json\/wp\/v2\/product_tag?post=8515"}],"curies":[{"name":"wp","href":"https:\/\/api.w.org\/{rel}","templated":true}]}}