{"id":8563,"date":"2025-04-15T10:07:43","date_gmt":"2025-04-15T10:07:43","guid":{"rendered":"https:\/\/xenonkungen.com\/product\/baklampa-99ar\/"},"modified":"2026-04-21T16:22:28","modified_gmt":"2026-04-21T15:22:28","slug":"takavalo-99-luvulta","status":"publish","type":"product","link":"https:\/\/xenonkungen.com\/fi\/tuote\/takavalo-99-luvulta\/","title":{"rendered":"Takavalo 99AR"},"content":{"rendered":"<h1>LED-yhdistelm\u00e4lamppumme kompaktissa koossa<\/h1>\n<p>tarjoaa luotettavaa valaistusta vaikuttavan edulliseen hintaan. T\u00e4ss\u00e4 valaisimessa on kahdeksan korkealaatuista diodilamppua, jotka on koteloitu karkaistusta akryylist\u00e4 valmistettuun lamppukoteloon ja tukevaan ABS-muovista valmistettuun takaosaan. Se on ECE-hyv\u00e4ksytty ja t\u00e4ytt\u00e4\u00e4 korkeat eurooppalaiset turvallisuusstandardit.<\/p>\n<p>Lamppu on suunniteltu helposti asennettavaksi 12 V:n tasavirtal\u00e4hteell\u00e4, ja sen mitat ovat 107 x 107 x 23 mm. 13,8 V:n j\u00e4nnitteell\u00e4 virrankulutus on seuraava: 0,07 A jarruvaloille, 0,05 A takavaloille ja 0,08 A vilkuille.<\/p>\n<p>Reilun 25 cm pitk\u00e4n kaapelin ja selke\u00e4sti merkittyjen kaapelien v\u00e4rien ansiosta kytkent\u00e4 on helppoa ja sujuvaa:<\/p>\n<ul>\n<li>Valkoista kaapelia k\u00e4ytet\u00e4\u00e4n maadoitusliit\u00e4nt\u00e4\u00e4n.<\/li>\n<li>Ruskea kaapeli on tarkoitettu takavalon liit\u00e4nt\u00e4\u00e4n.<\/li>\n<li>Punainen kaapeli on kytketty jarruvaloon.<\/li>\n<li>Keltaista kaapelia k\u00e4ytet\u00e4\u00e4n vilkkutoimintoon.<\/li>\n<\/ul>\n<p>T\u00e4lle tuotteelle on my\u00f6nnetty vaikuttava 3 vuoden takuu, joka vahvistaa luottamuksemme sen luotettavuuteen ja pitk\u00e4\u00e4n k\u00e4ytt\u00f6ik\u00e4\u00e4n. Valitse LED-yhdistelm\u00e4lamppumme ja saat kustannustehokkaan ratkaisun, joka on korkealaatuinen ja suorituskykyinen.<\/p>","protected":false},"excerpt":{"rendered":"<p>V\u00e5r LED kombinationslampa i kompakt format erbjuder p\u00e5litlig belysning till ett imponerande l\u00e5gt pris. Denna lampa \u00e4r utrustad med 8 h\u00f6gkvalitativa diodlampor som \u00e4r inkapslade i ett lamphus av h\u00e4rdad akryl, med ett robust bakstycke tillverkat av ABS-plast. Den \u00e4r ECE-godk\u00e4nd och uppfyller de h\u00f6ga europeiska s\u00e4kerhetsstandarderna. Lampan \u00e4r utformad f\u00f6r en enkel installation med [&hellip;]<\/p>","protected":false},"featured_media":8564,"comment_status":"closed","ping_status":"open","template":"","meta":{"_acf_changed":false,"_smort_price_nok":"224","_smort_price_dkk":"142","_smort_price_eur":"19.09","_smort_sale_price_nok":"","_smort_sale_price_dkk":"","_smort_sale_price_eur":"","smort_restorder":"","shipmondo_restorder":"","_kad_blocks_custom_css":"","_kad_blocks_head_custom_js":"","_kad_blocks_body_custom_js":"","_kad_blocks_footer_custom_js":"","smort_custom_pricelist_1":"117.6","smort_custom_pricelist_2":"117.6","smort_custom_pricelist_3":"111.72","smort_custom_pricelist_4":"168","smort_custom_pricelist_5":"117.6"},"anvandningsomrade":[166,238,2816],"bilmarken":[],"product_brand":[1252],"product_cat":[2552],"product_tag":[],"class_list":{"0":"post-8563","1":"product","2":"type-product","3":"status-publish","4":"has-post-thumbnail","6":"anvandningsomrade-lastbil","7":"anvandningsomrade-slap","8":"anvandningsomrade-trailer","9":"product_brand-lea","10":"product_cat-bakljus-slap","11":"pa_fuktskydd-varde-ipxx-ip67","12":"pa_godkannande-ece-emc","13":"pa_storlek-mm-107x107x23","14":"pa_volt-v-159","16":"first","17":"instock","18":"taxable","19":"shipping-taxable","20":"purchasable","21":"product-type-simple"},"bundled_by":[],"bundle_stock_status":"instock","bundle_stock_quantity":1,"bundle_virtual":false,"bundle_layout":"","bundle_add_to_cart_form_location":"","bundle_editable_in_cart":false,"bundle_sold_individually_context":"","bundle_item_grouping":"","bundle_min_size":"","bundle_max_size":"","bundle_price":[],"bundled_items":[],"bundle_sell_ids":[],"acf":[],"yoast_head":"<!-- This site is optimized with the Yoast SEO plugin v27.0 - https:\/\/yoast.com\/product\/yoast-seo-wordpress\/ -->\n<title>Baklampa 99AR - Xenonkungen<\/title>\n<meta name=\"robots\" content=\"index, follow, max-snippet:-1, max-image-preview:large, max-video-preview:-1\" \/>\n<link rel=\"canonical\" href=\"https:\/\/xenonkungen.com\/fi\/tuote\/takavalo-99-luvulta\/\" \/>\n<meta property=\"og:locale\" content=\"fi_FI\" \/>\n<meta property=\"og:type\" content=\"article\" \/>\n<meta property=\"og:title\" content=\"Baklampa 99AR - Xenonkungen\" \/>\n<meta property=\"og:description\" content=\"V\u00e5r LED kombinationslampa i kompakt format erbjuder p\u00e5litlig belysning till ett imponerande l\u00e5gt pris. Denna lampa \u00e4r utrustad med 8 h\u00f6gkvalitativa diodlampor som \u00e4r inkapslade i ett lamphus av h\u00e4rdad akryl, med ett robust bakstycke tillverkat av ABS-plast. Den \u00e4r ECE-godk\u00e4nd och uppfyller de h\u00f6ga europeiska s\u00e4kerhetsstandarderna. Lampan \u00e4r utformad f\u00f6r en enkel installation med [&hellip;]\" \/>\n<meta property=\"og:url\" content=\"https:\/\/xenonkungen.com\/fi\/tuote\/takavalo-99-luvulta\/\" \/>\n<meta property=\"og:site_name\" content=\"Xenonkungen\" \/>\n<meta property=\"article:modified_time\" content=\"2026-04-21T15:22:28+00:00\" \/>\n<meta property=\"og:image\" content=\"https:\/\/xenonkungen.com\/wp-content\/uploads\/2025\/04\/20830889-origpic-272d54.jpg\" \/>\n\t<meta property=\"og:image:width\" content=\"800\" \/>\n\t<meta property=\"og:image:height\" content=\"800\" \/>\n\t<meta property=\"og:image:type\" content=\"image\/jpeg\" \/>\n<meta name=\"twitter:card\" content=\"summary_large_image\" \/>\n<meta name=\"twitter:label1\" content=\"Arvioitu lukuaika\" \/>\n\t<meta name=\"twitter:data1\" content=\"1 minuutti\" \/>\n<script type=\"application\/ld+json\" class=\"yoast-schema-graph\">{\"@context\":\"https:\/\/schema.org\",\"@graph\":[{\"@type\":\"WebPage\",\"@id\":\"https:\/\/xenonkungen.com\/produkt\/baklampa-99ar\/\",\"url\":\"https:\/\/xenonkungen.com\/produkt\/baklampa-99ar\/\",\"name\":\"Baklampa 99AR - Xenonkungen\",\"isPartOf\":{\"@id\":\"https:\/\/xenonkungen.com\/#website\"},\"primaryImageOfPage\":{\"@id\":\"https:\/\/xenonkungen.com\/produkt\/baklampa-99ar\/#primaryimage\"},\"image\":{\"@id\":\"https:\/\/xenonkungen.com\/produkt\/baklampa-99ar\/#primaryimage\"},\"thumbnailUrl\":\"https:\/\/xenonkungen.com\/wp-content\/uploads\/2025\/04\/20830889-origpic-272d54.jpg\",\"datePublished\":\"2025-04-15T10:07:43+00:00\",\"dateModified\":\"2026-04-21T15:22:28+00:00\",\"breadcrumb\":{\"@id\":\"https:\/\/xenonkungen.com\/produkt\/baklampa-99ar\/#breadcrumb\"},\"inLanguage\":\"fi\",\"potentialAction\":[{\"@type\":\"ReadAction\",\"target\":[\"https:\/\/xenonkungen.com\/produkt\/baklampa-99ar\/\"]}]},{\"@type\":\"ImageObject\",\"inLanguage\":\"fi\",\"@id\":\"https:\/\/xenonkungen.com\/produkt\/baklampa-99ar\/#primaryimage\",\"url\":\"https:\/\/xenonkungen.com\/wp-content\/uploads\/2025\/04\/20830889-origpic-272d54.jpg\",\"contentUrl\":\"https:\/\/xenonkungen.com\/wp-content\/uploads\/2025\/04\/20830889-origpic-272d54.jpg\",\"width\":800,\"height\":800},{\"@type\":\"BreadcrumbList\",\"@id\":\"https:\/\/xenonkungen.com\/produkt\/baklampa-99ar\/#breadcrumb\",\"itemListElement\":[{\"@type\":\"ListItem\",\"position\":1,\"name\":\"Hem\",\"item\":\"https:\/\/xenonkungen.com\/\"},{\"@type\":\"ListItem\",\"position\":2,\"name\":\"Shop\",\"item\":\"https:\/\/xenonkungen.com\/shop\/\"},{\"@type\":\"ListItem\",\"position\":3,\"name\":\"Baklampa 99AR\"}]},{\"@type\":\"WebSite\",\"@id\":\"https:\/\/xenonkungen.com\/#website\",\"url\":\"https:\/\/xenonkungen.com\/\",\"name\":\"Xenonkungen\",\"description\":\"\",\"potentialAction\":[{\"@type\":\"SearchAction\",\"target\":{\"@type\":\"EntryPoint\",\"urlTemplate\":\"https:\/\/xenonkungen.com\/?s={search_term_string}\"},\"query-input\":{\"@type\":\"PropertyValueSpecification\",\"valueRequired\":true,\"valueName\":\"search_term_string\"}}],\"inLanguage\":\"fi\"}]}<\/script>\n<!-- \/ Yoast SEO plugin. -->","yoast_head_json":{"title":"Takavalo 99AR - Xenon King","robots":{"index":"index","follow":"follow","max-snippet":"max-snippet:-1","max-image-preview":"max-image-preview:large","max-video-preview":"max-video-preview:-1"},"canonical":"https:\/\/xenonkungen.com\/fi\/tuote\/takavalo-99-luvulta\/","og_locale":"fi_FI","og_type":"article","og_title":"Baklampa 99AR - Xenonkungen","og_description":"V\u00e5r LED kombinationslampa i kompakt format erbjuder p\u00e5litlig belysning till ett imponerande l\u00e5gt pris. Denna lampa \u00e4r utrustad med 8 h\u00f6gkvalitativa diodlampor som \u00e4r inkapslade i ett lamphus av h\u00e4rdad akryl, med ett robust bakstycke tillverkat av ABS-plast. Den \u00e4r ECE-godk\u00e4nd och uppfyller de h\u00f6ga europeiska s\u00e4kerhetsstandarderna. Lampan \u00e4r utformad f\u00f6r en enkel installation med [&hellip;]","og_url":"https:\/\/xenonkungen.com\/fi\/tuote\/takavalo-99-luvulta\/","og_site_name":"Xenonkungen","article_modified_time":"2026-04-21T15:22:28+00:00","og_image":[{"width":800,"height":800,"url":"https:\/\/xenonkungen.com\/wp-content\/uploads\/2025\/04\/20830889-origpic-272d54.jpg","type":"image\/jpeg"}],"twitter_card":"summary_large_image","twitter_misc":{"Arvioitu lukuaika":"1 minuutti"},"schema":{"@context":"https:\/\/schema.org","@graph":[{"@type":"WebPage","@id":"https:\/\/xenonkungen.com\/produkt\/baklampa-99ar\/","url":"https:\/\/xenonkungen.com\/produkt\/baklampa-99ar\/","name":"Takavalo 99AR - Xenon King","isPartOf":{"@id":"https:\/\/xenonkungen.com\/#website"},"primaryImageOfPage":{"@id":"https:\/\/xenonkungen.com\/produkt\/baklampa-99ar\/#primaryimage"},"image":{"@id":"https:\/\/xenonkungen.com\/produkt\/baklampa-99ar\/#primaryimage"},"thumbnailUrl":"https:\/\/xenonkungen.com\/wp-content\/uploads\/2025\/04\/20830889-origpic-272d54.jpg","datePublished":"2025-04-15T10:07:43+00:00","dateModified":"2026-04-21T15:22:28+00:00","breadcrumb":{"@id":"https:\/\/xenonkungen.com\/produkt\/baklampa-99ar\/#breadcrumb"},"inLanguage":"fi","potentialAction":[{"@type":"ReadAction","target":["https:\/\/xenonkungen.com\/produkt\/baklampa-99ar\/"]}]},{"@type":"ImageObject","inLanguage":"fi","@id":"https:\/\/xenonkungen.com\/produkt\/baklampa-99ar\/#primaryimage","url":"https:\/\/xenonkungen.com\/wp-content\/uploads\/2025\/04\/20830889-origpic-272d54.jpg","contentUrl":"https:\/\/xenonkungen.com\/wp-content\/uploads\/2025\/04\/20830889-origpic-272d54.jpg","width":800,"height":800},{"@type":"BreadcrumbList","@id":"https:\/\/xenonkungen.com\/produkt\/baklampa-99ar\/#breadcrumb","itemListElement":[{"@type":"ListItem","position":1,"name":"Hem","item":"https:\/\/xenonkungen.com\/"},{"@type":"ListItem","position":2,"name":"Shop","item":"https:\/\/xenonkungen.com\/shop\/"},{"@type":"ListItem","position":3,"name":"Baklampa 99AR"}]},{"@type":"WebSite","@id":"https:\/\/xenonkungen.com\/#website","url":"https:\/\/xenonkungen.com\/","name":"Xenonkungen","description":"","potentialAction":[{"@type":"SearchAction","target":{"@type":"EntryPoint","urlTemplate":"https:\/\/xenonkungen.com\/?s={search_term_string}"},"query-input":{"@type":"PropertyValueSpecification","valueRequired":true,"valueName":"search_term_string"}}],"inLanguage":"fi"}]}},"taxonomy_info":{"anvandningsomrade":[{"value":166,"label":"Lastbil"},{"value":238,"label":"SL\u00c4P"},{"value":2816,"label":"TRAILER"}],"product_brand":[{"value":1252,"label":"LEA"}],"product_cat":[{"value":2552,"label":"Bakljus"}],"pa_fuktskydd-varde-ipxx":[{"value":333,"label":"IP67"}],"pa_godkannande":[{"value":1262,"label":"ECE, EMC"}],"pa_storlek-mm":[{"value":2103,"label":"107x107x23"}],"pa_volt-v":[{"value":159,"label":"12"}]},"featured_image_src_large":["https:\/\/xenonkungen.com\/wp-content\/uploads\/2025\/04\/20830889-origpic-272d54.jpg",800,800,false],"author_info":[],"comment_info":1,"_links":{"self":[{"href":"https:\/\/xenonkungen.com\/fi\/wp-json\/wp\/v2\/product\/8563","targetHints":{"allow":["GET"]}}],"collection":[{"href":"https:\/\/xenonkungen.com\/fi\/wp-json\/wp\/v2\/product"}],"about":[{"href":"https:\/\/xenonkungen.com\/fi\/wp-json\/wp\/v2\/types\/product"}],"replies":[{"embeddable":true,"href":"https:\/\/xenonkungen.com\/fi\/wp-json\/wp\/v2\/comments?post=8563"}],"wp:featuredmedia":[{"embeddable":true,"href":"https:\/\/xenonkungen.com\/fi\/wp-json\/wp\/v2\/media\/8564"}],"wp:attachment":[{"href":"https:\/\/xenonkungen.com\/fi\/wp-json\/wp\/v2\/media?parent=8563"}],"wp:term":[{"taxonomy":"anvandningsomrade","embeddable":true,"href":"https:\/\/xenonkungen.com\/fi\/wp-json\/wp\/v2\/anvandningsomrade?post=8563"},{"taxonomy":"bilmarken","embeddable":true,"href":"https:\/\/xenonkungen.com\/fi\/wp-json\/wp\/v2\/bilmarken?post=8563"},{"taxonomy":"product_brand","embeddable":true,"href":"https:\/\/xenonkungen.com\/fi\/wp-json\/wp\/v2\/product_brand?post=8563"},{"taxonomy":"product_cat","embeddable":true,"href":"https:\/\/xenonkungen.com\/fi\/wp-json\/wp\/v2\/product_cat?post=8563"},{"taxonomy":"product_tag","embeddable":true,"href":"https:\/\/xenonkungen.com\/fi\/wp-json\/wp\/v2\/product_tag?post=8563"}],"curies":[{"name":"wp","href":"https:\/\/api.w.org\/{rel}","templated":true}]}}