{"id":8567,"date":"2025-04-15T10:07:43","date_gmt":"2025-04-15T10:07:43","guid":{"rendered":"https:\/\/xenonkungen.com\/product\/baklampa-99arl-med-skyltljus\/"},"modified":"2026-04-11T00:56:18","modified_gmt":"2026-04-10T23:56:18","slug":"takavalo-99arl-rekisterikilven-valolla","status":"publish","type":"product","link":"https:\/\/xenonkungen.com\/fi\/tuote\/takavalo-99arl-rekisterikilven-valolla\/","title":{"rendered":"takavalo 99ARL, jossa on merkkivalo"},"content":{"rendered":"<p>Valaisimessa on 8 korkealaatuista diodilamppua, jotka on koteloitu karkaistusta akryylist\u00e4 valmistettuun valaisinrunkoon, jonka tukeva tausta on valmistettu kest\u00e4v\u00e4st\u00e4 ABS-materiaalista. Se on ECE-standardin mukainen ja hyv\u00e4ksytty k\u00e4ytett\u00e4v\u00e4ksi maantieliikenteess\u00e4.<\/p>\n<p>T\u00e4ll\u00e4 tuotteella on 3 vuoden takuu, joka takaa sen luotettavuuden ja kest\u00e4vyyden. Valitse LED-yhdistelm\u00e4valaisimemme, jos haluat kompaktin ja luotettavan valaistuksen, joka vastaa tarpeitasi edulliseen hintaan.<\/p>","protected":false},"excerpt":{"rendered":"<p>Lampan har 8 h\u00f6gkvalitativa diodlampor som \u00e4r inkapslade i ett lamphus tillverkat av h\u00e4rdat akryl, med en robust baksida i t\u00e5ligt ABS-material. Den uppfyller ECE-standarden och \u00e4r godk\u00e4nd f\u00f6r anv\u00e4ndning p\u00e5 v\u00e4gen. Denna produkt levereras med en 3-\u00e5rs garanti f\u00f6r att s\u00e4kerst\u00e4lla dess p\u00e5litlighet och h\u00e5llbarhet. V\u00e4lj v\u00e5r LED kombinationslampa f\u00f6r kompakt och p\u00e5litlig belysning [&hellip;]<\/p>","protected":false},"featured_media":8568,"comment_status":"closed","ping_status":"open","template":"","meta":{"_acf_changed":false,"_smort_price_nok":"256","_smort_price_dkk":"163","_smort_price_eur":"21.82","_smort_sale_price_nok":"","_smort_sale_price_dkk":"","_smort_sale_price_eur":"","smort_restorder":"","shipmondo_restorder":"","_kad_blocks_custom_css":"","_kad_blocks_head_custom_js":"","_kad_blocks_body_custom_js":"","_kad_blocks_footer_custom_js":"","smort_custom_pricelist_1":"134.4","smort_custom_pricelist_2":"134.4","smort_custom_pricelist_3":"127.68","smort_custom_pricelist_4":"192","smort_custom_pricelist_5":"134.4"},"anvandningsomrade":[166,238,2816],"bilmarken":[],"product_brand":[1252],"product_cat":[2552],"product_tag":[],"class_list":{"0":"post-8567","1":"product","2":"type-product","3":"status-publish","4":"has-post-thumbnail","6":"anvandningsomrade-lastbil","7":"anvandningsomrade-slap","8":"anvandningsomrade-trailer","9":"product_brand-lea","10":"product_cat-bakljus-slap","11":"pa_fuktskydd-varde-ipxx-ip67","12":"pa_storlek-mm-107x107x23","13":"pa_volt-v-159","15":"first","16":"onbackorder","17":"taxable","18":"shipping-taxable","19":"purchasable","20":"product-type-simple"},"bundled_by":[],"bundle_stock_status":"onbackorder","bundle_stock_quantity":0,"bundle_virtual":false,"bundle_layout":"","bundle_add_to_cart_form_location":"","bundle_editable_in_cart":false,"bundle_sold_individually_context":"","bundle_item_grouping":"","bundle_min_size":"","bundle_max_size":"","bundle_price":[],"bundled_items":[],"bundle_sell_ids":[],"acf":[],"yoast_head":"<!-- This site is optimized with the Yoast SEO plugin v27.0 - https:\/\/yoast.com\/product\/yoast-seo-wordpress\/ -->\n<title>Baklampa 99ARL, med skyltljus - Xenonkungen<\/title>\n<meta name=\"robots\" content=\"index, follow, max-snippet:-1, max-image-preview:large, max-video-preview:-1\" \/>\n<link rel=\"canonical\" href=\"https:\/\/xenonkungen.com\/fi\/tuote\/takavalo-99arl-rekisterikilven-valolla\/\" \/>\n<meta property=\"og:locale\" content=\"fi_FI\" \/>\n<meta property=\"og:type\" content=\"article\" \/>\n<meta property=\"og:title\" content=\"Baklampa 99ARL, med skyltljus - Xenonkungen\" \/>\n<meta property=\"og:description\" content=\"Lampan har 8 h\u00f6gkvalitativa diodlampor som \u00e4r inkapslade i ett lamphus tillverkat av h\u00e4rdat akryl, med en robust baksida i t\u00e5ligt ABS-material. Den uppfyller ECE-standarden och \u00e4r godk\u00e4nd f\u00f6r anv\u00e4ndning p\u00e5 v\u00e4gen. Denna produkt levereras med en 3-\u00e5rs garanti f\u00f6r att s\u00e4kerst\u00e4lla dess p\u00e5litlighet och h\u00e5llbarhet. V\u00e4lj v\u00e5r LED kombinationslampa f\u00f6r kompakt och p\u00e5litlig belysning [&hellip;]\" \/>\n<meta property=\"og:url\" content=\"https:\/\/xenonkungen.com\/fi\/tuote\/takavalo-99arl-rekisterikilven-valolla\/\" \/>\n<meta property=\"og:site_name\" content=\"Xenonkungen\" \/>\n<meta property=\"article:modified_time\" content=\"2026-04-10T23:56:18+00:00\" \/>\n<meta property=\"og:image\" content=\"https:\/\/xenonkungen.com\/wp-content\/uploads\/2025\/04\/20830999-origpic-367d74.jpg\" \/>\n\t<meta property=\"og:image:width\" content=\"800\" \/>\n\t<meta property=\"og:image:height\" content=\"800\" \/>\n\t<meta property=\"og:image:type\" content=\"image\/jpeg\" \/>\n<meta name=\"twitter:card\" content=\"summary_large_image\" \/>\n<script type=\"application\/ld+json\" class=\"yoast-schema-graph\">{\"@context\":\"https:\/\/schema.org\",\"@graph\":[{\"@type\":\"WebPage\",\"@id\":\"https:\/\/xenonkungen.com\/en\/product\/baklampa-99arl-med-skyltljus\/\",\"url\":\"https:\/\/xenonkungen.com\/en\/product\/baklampa-99arl-med-skyltljus\/\",\"name\":\"Baklampa 99ARL, med skyltljus - Xenonkungen\",\"isPartOf\":{\"@id\":\"https:\/\/xenonkungen.com\/#website\"},\"primaryImageOfPage\":{\"@id\":\"https:\/\/xenonkungen.com\/en\/product\/baklampa-99arl-med-skyltljus\/#primaryimage\"},\"image\":{\"@id\":\"https:\/\/xenonkungen.com\/en\/product\/baklampa-99arl-med-skyltljus\/#primaryimage\"},\"thumbnailUrl\":\"https:\/\/xenonkungen.com\/wp-content\/uploads\/2025\/04\/20830999-origpic-367d74.jpg\",\"datePublished\":\"2025-04-15T10:07:43+00:00\",\"dateModified\":\"2026-04-10T23:56:18+00:00\",\"breadcrumb\":{\"@id\":\"https:\/\/xenonkungen.com\/en\/product\/baklampa-99arl-med-skyltljus\/#breadcrumb\"},\"inLanguage\":\"fi\",\"potentialAction\":[{\"@type\":\"ReadAction\",\"target\":[\"https:\/\/xenonkungen.com\/en\/product\/baklampa-99arl-med-skyltljus\/\"]}]},{\"@type\":\"ImageObject\",\"inLanguage\":\"fi\",\"@id\":\"https:\/\/xenonkungen.com\/en\/product\/baklampa-99arl-med-skyltljus\/#primaryimage\",\"url\":\"https:\/\/xenonkungen.com\/wp-content\/uploads\/2025\/04\/20830999-origpic-367d74.jpg\",\"contentUrl\":\"https:\/\/xenonkungen.com\/wp-content\/uploads\/2025\/04\/20830999-origpic-367d74.jpg\",\"width\":800,\"height\":800},{\"@type\":\"BreadcrumbList\",\"@id\":\"https:\/\/xenonkungen.com\/en\/product\/baklampa-99arl-med-skyltljus\/#breadcrumb\",\"itemListElement\":[{\"@type\":\"ListItem\",\"position\":1,\"name\":\"Hem\",\"item\":\"https:\/\/xenonkungen.com\/\"},{\"@type\":\"ListItem\",\"position\":2,\"name\":\"Shop\",\"item\":\"https:\/\/xenonkungen.com\/shop\/\"},{\"@type\":\"ListItem\",\"position\":3,\"name\":\"Baklampa 99ARL, med skyltljus\"}]},{\"@type\":\"WebSite\",\"@id\":\"https:\/\/xenonkungen.com\/#website\",\"url\":\"https:\/\/xenonkungen.com\/\",\"name\":\"Xenonkungen\",\"description\":\"\",\"potentialAction\":[{\"@type\":\"SearchAction\",\"target\":{\"@type\":\"EntryPoint\",\"urlTemplate\":\"https:\/\/xenonkungen.com\/?s={search_term_string}\"},\"query-input\":{\"@type\":\"PropertyValueSpecification\",\"valueRequired\":true,\"valueName\":\"search_term_string\"}}],\"inLanguage\":\"fi\"}]}<\/script>\n<!-- \/ Yoast SEO plugin. -->","yoast_head_json":{"title":"Takavalo 99ARL, rekisterikilven valolla - Xenonkungen","robots":{"index":"index","follow":"follow","max-snippet":"max-snippet:-1","max-image-preview":"max-image-preview:large","max-video-preview":"max-video-preview:-1"},"canonical":"https:\/\/xenonkungen.com\/fi\/tuote\/takavalo-99arl-rekisterikilven-valolla\/","og_locale":"fi_FI","og_type":"article","og_title":"Baklampa 99ARL, med skyltljus - Xenonkungen","og_description":"Lampan har 8 h\u00f6gkvalitativa diodlampor som \u00e4r inkapslade i ett lamphus tillverkat av h\u00e4rdat akryl, med en robust baksida i t\u00e5ligt ABS-material. Den uppfyller ECE-standarden och \u00e4r godk\u00e4nd f\u00f6r anv\u00e4ndning p\u00e5 v\u00e4gen. Denna produkt levereras med en 3-\u00e5rs garanti f\u00f6r att s\u00e4kerst\u00e4lla dess p\u00e5litlighet och h\u00e5llbarhet. V\u00e4lj v\u00e5r LED kombinationslampa f\u00f6r kompakt och p\u00e5litlig belysning [&hellip;]","og_url":"https:\/\/xenonkungen.com\/fi\/tuote\/takavalo-99arl-rekisterikilven-valolla\/","og_site_name":"Xenonkungen","article_modified_time":"2026-04-10T23:56:18+00:00","og_image":[{"width":800,"height":800,"url":"https:\/\/xenonkungen.com\/wp-content\/uploads\/2025\/04\/20830999-origpic-367d74.jpg","type":"image\/jpeg"}],"twitter_card":"summary_large_image","schema":{"@context":"https:\/\/schema.org","@graph":[{"@type":"WebPage","@id":"https:\/\/xenonkungen.com\/en\/product\/baklampa-99arl-med-skyltljus\/","url":"https:\/\/xenonkungen.com\/en\/product\/baklampa-99arl-med-skyltljus\/","name":"Takavalo 99ARL, rekisterikilven valolla - Xenonkungen","isPartOf":{"@id":"https:\/\/xenonkungen.com\/#website"},"primaryImageOfPage":{"@id":"https:\/\/xenonkungen.com\/en\/product\/baklampa-99arl-med-skyltljus\/#primaryimage"},"image":{"@id":"https:\/\/xenonkungen.com\/en\/product\/baklampa-99arl-med-skyltljus\/#primaryimage"},"thumbnailUrl":"https:\/\/xenonkungen.com\/wp-content\/uploads\/2025\/04\/20830999-origpic-367d74.jpg","datePublished":"2025-04-15T10:07:43+00:00","dateModified":"2026-04-10T23:56:18+00:00","breadcrumb":{"@id":"https:\/\/xenonkungen.com\/en\/product\/baklampa-99arl-med-skyltljus\/#breadcrumb"},"inLanguage":"fi","potentialAction":[{"@type":"ReadAction","target":["https:\/\/xenonkungen.com\/en\/product\/baklampa-99arl-med-skyltljus\/"]}]},{"@type":"ImageObject","inLanguage":"fi","@id":"https:\/\/xenonkungen.com\/en\/product\/baklampa-99arl-med-skyltljus\/#primaryimage","url":"https:\/\/xenonkungen.com\/wp-content\/uploads\/2025\/04\/20830999-origpic-367d74.jpg","contentUrl":"https:\/\/xenonkungen.com\/wp-content\/uploads\/2025\/04\/20830999-origpic-367d74.jpg","width":800,"height":800},{"@type":"BreadcrumbList","@id":"https:\/\/xenonkungen.com\/en\/product\/baklampa-99arl-med-skyltljus\/#breadcrumb","itemListElement":[{"@type":"ListItem","position":1,"name":"Hem","item":"https:\/\/xenonkungen.com\/"},{"@type":"ListItem","position":2,"name":"Shop","item":"https:\/\/xenonkungen.com\/shop\/"},{"@type":"ListItem","position":3,"name":"Baklampa 99ARL, med skyltljus"}]},{"@type":"WebSite","@id":"https:\/\/xenonkungen.com\/#website","url":"https:\/\/xenonkungen.com\/","name":"Xenonkungen","description":"","potentialAction":[{"@type":"SearchAction","target":{"@type":"EntryPoint","urlTemplate":"https:\/\/xenonkungen.com\/?s={search_term_string}"},"query-input":{"@type":"PropertyValueSpecification","valueRequired":true,"valueName":"search_term_string"}}],"inLanguage":"fi"}]}},"taxonomy_info":{"anvandningsomrade":[{"value":166,"label":"Lastbil"},{"value":238,"label":"SL\u00c4P"},{"value":2816,"label":"TRAILER"}],"product_brand":[{"value":1252,"label":"LEA"}],"product_cat":[{"value":2552,"label":"Bakljus"}],"pa_fuktskydd-varde-ipxx":[{"value":333,"label":"IP67"}],"pa_storlek-mm":[{"value":2103,"label":"107x107x23"}],"pa_volt-v":[{"value":159,"label":"12"}]},"featured_image_src_large":["https:\/\/xenonkungen.com\/wp-content\/uploads\/2025\/04\/20830999-origpic-367d74.jpg",800,800,false],"author_info":[],"comment_info":0,"_links":{"self":[{"href":"https:\/\/xenonkungen.com\/fi\/wp-json\/wp\/v2\/product\/8567","targetHints":{"allow":["GET"]}}],"collection":[{"href":"https:\/\/xenonkungen.com\/fi\/wp-json\/wp\/v2\/product"}],"about":[{"href":"https:\/\/xenonkungen.com\/fi\/wp-json\/wp\/v2\/types\/product"}],"replies":[{"embeddable":true,"href":"https:\/\/xenonkungen.com\/fi\/wp-json\/wp\/v2\/comments?post=8567"}],"wp:featuredmedia":[{"embeddable":true,"href":"https:\/\/xenonkungen.com\/fi\/wp-json\/wp\/v2\/media\/8568"}],"wp:attachment":[{"href":"https:\/\/xenonkungen.com\/fi\/wp-json\/wp\/v2\/media?parent=8567"}],"wp:term":[{"taxonomy":"anvandningsomrade","embeddable":true,"href":"https:\/\/xenonkungen.com\/fi\/wp-json\/wp\/v2\/anvandningsomrade?post=8567"},{"taxonomy":"bilmarken","embeddable":true,"href":"https:\/\/xenonkungen.com\/fi\/wp-json\/wp\/v2\/bilmarken?post=8567"},{"taxonomy":"product_brand","embeddable":true,"href":"https:\/\/xenonkungen.com\/fi\/wp-json\/wp\/v2\/product_brand?post=8567"},{"taxonomy":"product_cat","embeddable":true,"href":"https:\/\/xenonkungen.com\/fi\/wp-json\/wp\/v2\/product_cat?post=8567"},{"taxonomy":"product_tag","embeddable":true,"href":"https:\/\/xenonkungen.com\/fi\/wp-json\/wp\/v2\/product_tag?post=8567"}],"curies":[{"name":"wp","href":"https:\/\/api.w.org\/{rel}","templated":true}]}}