{"id":8593,"date":"2025-04-15T10:08:04","date_gmt":"2025-04-15T10:08:04","guid":{"rendered":"https:\/\/xenonkungen.com\/product\/baklampa-dimljus-eu140tfm\/"},"modified":"2026-04-11T00:56:46","modified_gmt":"2026-04-10T23:56:46","slug":"takavalo-sumuvalo-eu140tfm","status":"publish","type":"product","link":"https:\/\/xenonkungen.com\/fi\/tuote\/takavalo-sumuvalo-eu140tfm\/","title":{"rendered":"Takasumuvalo EU140TFM"},"content":{"rendered":"<h1>Tutustu superohueen takavaloon<\/h1>\n<p>Tutustu eritt\u00e4in ohueen takavaloomme, joka on sek\u00e4 helppo asentaa &quot;Push &amp; Stick&quot; -ominaisuuden ansiosta ett\u00e4 luotettavan suorituskyvyn kompaktissa koossa. T\u00e4m\u00e4 valo on suunniteltu luotettavaksi ja tyylikk\u00e4\u00e4ksi lis\u00e4ksi ajoneuvoosi, ja se tarjoaa useita ominaisuuksia, jotka lis\u00e4\u00e4v\u00e4t sek\u00e4 turvallisuuttasi ett\u00e4 n\u00e4kyvyytt\u00e4si tiell\u00e4.<\/p>\n<p>Yhteenvetona voidaan todeta, ett\u00e4 eritt\u00e4in ohut takavalomme, jossa on &quot;Push &amp; Stick&quot; -kiinnitys, on paras ratkaisu sek\u00e4 ajoneuvosi ulkon\u00e4\u00f6n ett\u00e4 toimivuuden parantamiseen. Monien toimintojensa, kuten sumuvalojen, takavalojen ja jarruvalojen, ansiosta se on monipuolinen ja tarjoaa lis\u00e4\u00e4 turvallisuutta tiell\u00e4. Sen kest\u00e4v\u00e4 rakenne ja vuotamaton muotoilu tekev\u00e4t siit\u00e4 ihanteellisen kaikkiin s\u00e4\u00e4olosuhteisiin. Helpon asennuksen ja anteliaan 5 vuoden takuun ansiosta voit olla varma, ett\u00e4 se on luotettava kumppani tiell\u00e4 monien vuosien ajan.<\/p>","protected":false},"excerpt":{"rendered":"<p>Uppt\u00e4ck v\u00e5r superslimmade baklampa Uppt\u00e4ck v\u00e5r superslimmade baklampa som erbjuder b\u00e5de enkel montering med &#8221;Push &amp; Stick&#8221;-funktionen och p\u00e5litlig prestanda i en kompakt design. Denna lampa \u00e4r utformad f\u00f6r att vara ett p\u00e5litligt och stilfullt till\u00e4gg till ditt fordon och ger en m\u00e4ngd olika funktioner som kommer att \u00f6ka b\u00e5de din s\u00e4kerhet och din synlighet [&hellip;]<\/p>","protected":false},"featured_media":8594,"comment_status":"closed","ping_status":"closed","template":"","meta":{"_acf_changed":false,"_smort_price_nok":"449","_smort_price_dkk":"285","_smort_price_eur":"38.18","_smort_sale_price_nok":"","_smort_sale_price_dkk":"","_smort_sale_price_eur":"","smort_restorder":"","shipmondo_restorder":"","_kad_blocks_custom_css":"","_kad_blocks_head_custom_js":"","_kad_blocks_body_custom_js":"","_kad_blocks_footer_custom_js":"","smort_custom_pricelist_1":"235.2","smort_custom_pricelist_2":"235.2","smort_custom_pricelist_3":"223.44","smort_custom_pricelist_4":"336","smort_custom_pricelist_5":"235.2"},"anvandningsomrade":[166,238,2816],"bilmarken":[],"product_brand":[1252],"product_cat":[2552],"product_tag":[],"class_list":{"0":"post-8593","1":"product","2":"type-product","3":"status-publish","4":"has-post-thumbnail","6":"anvandningsomrade-lastbil","7":"anvandningsomrade-slap","8":"anvandningsomrade-trailer","9":"product_brand-lea","10":"product_cat-bakljus-slap","11":"pa_lampsockel-kontakt-push-stick","12":"pa_storlek-mm-140x20","13":"pa_volt-v-12-24","15":"first","16":"onbackorder","17":"taxable","18":"shipping-taxable","19":"purchasable","20":"product-type-simple"},"bundled_by":[],"bundle_stock_status":"onbackorder","bundle_stock_quantity":0,"bundle_virtual":false,"bundle_layout":"","bundle_add_to_cart_form_location":"","bundle_editable_in_cart":false,"bundle_sold_individually_context":"","bundle_item_grouping":"","bundle_min_size":"","bundle_max_size":"","bundle_price":[],"bundled_items":[],"bundle_sell_ids":[],"acf":[],"yoast_head":"<!-- This site is optimized with the Yoast SEO plugin v27.0 - https:\/\/yoast.com\/product\/yoast-seo-wordpress\/ -->\n<title>Baklampa Dimljus EU140TFM - Xenonkungen<\/title>\n<meta name=\"robots\" content=\"index, follow, max-snippet:-1, max-image-preview:large, max-video-preview:-1\" \/>\n<link rel=\"canonical\" href=\"https:\/\/xenonkungen.com\/fi\/tuote\/takavalo-sumuvalo-eu140tfm\/\" \/>\n<meta property=\"og:locale\" content=\"fi_FI\" \/>\n<meta property=\"og:type\" content=\"article\" \/>\n<meta property=\"og:title\" content=\"Baklampa Dimljus EU140TFM - Xenonkungen\" \/>\n<meta property=\"og:description\" content=\"Uppt\u00e4ck v\u00e5r superslimmade baklampa Uppt\u00e4ck v\u00e5r superslimmade baklampa som erbjuder b\u00e5de enkel montering med &#8221;Push &amp; Stick&#8221;-funktionen och p\u00e5litlig prestanda i en kompakt design. Denna lampa \u00e4r utformad f\u00f6r att vara ett p\u00e5litligt och stilfullt till\u00e4gg till ditt fordon och ger en m\u00e4ngd olika funktioner som kommer att \u00f6ka b\u00e5de din s\u00e4kerhet och din synlighet [&hellip;]\" \/>\n<meta property=\"og:url\" content=\"https:\/\/xenonkungen.com\/fi\/tuote\/takavalo-sumuvalo-eu140tfm\/\" \/>\n<meta property=\"og:site_name\" content=\"Xenonkungen\" \/>\n<meta property=\"article:modified_time\" content=\"2026-04-10T23:56:46+00:00\" \/>\n<meta property=\"og:image\" content=\"https:\/\/xenonkungen.com\/wp-content\/uploads\/2025\/04\/21683306-origpic-a26548.jpg\" \/>\n\t<meta property=\"og:image:width\" content=\"422\" \/>\n\t<meta property=\"og:image:height\" content=\"422\" \/>\n\t<meta property=\"og:image:type\" content=\"image\/jpeg\" \/>\n<meta name=\"twitter:card\" content=\"summary_large_image\" \/>\n<meta name=\"twitter:label1\" content=\"Arvioitu lukuaika\" \/>\n\t<meta name=\"twitter:data1\" content=\"1 minuutti\" \/>\n<script type=\"application\/ld+json\" class=\"yoast-schema-graph\">{\"@context\":\"https:\/\/schema.org\",\"@graph\":[{\"@type\":\"WebPage\",\"@id\":\"https:\/\/xenonkungen.com\/produkt\/baklampa-dimljus-eu140tfm\/\",\"url\":\"https:\/\/xenonkungen.com\/produkt\/baklampa-dimljus-eu140tfm\/\",\"name\":\"Baklampa Dimljus EU140TFM - Xenonkungen\",\"isPartOf\":{\"@id\":\"https:\/\/xenonkungen.com\/#website\"},\"primaryImageOfPage\":{\"@id\":\"https:\/\/xenonkungen.com\/produkt\/baklampa-dimljus-eu140tfm\/#primaryimage\"},\"image\":{\"@id\":\"https:\/\/xenonkungen.com\/produkt\/baklampa-dimljus-eu140tfm\/#primaryimage\"},\"thumbnailUrl\":\"https:\/\/xenonkungen.com\/wp-content\/uploads\/2025\/04\/21683306-origpic-a26548.jpg\",\"datePublished\":\"2025-04-15T10:08:04+00:00\",\"dateModified\":\"2026-04-10T23:56:46+00:00\",\"breadcrumb\":{\"@id\":\"https:\/\/xenonkungen.com\/produkt\/baklampa-dimljus-eu140tfm\/#breadcrumb\"},\"inLanguage\":\"fi\",\"potentialAction\":[{\"@type\":\"ReadAction\",\"target\":[\"https:\/\/xenonkungen.com\/produkt\/baklampa-dimljus-eu140tfm\/\"]}]},{\"@type\":\"ImageObject\",\"inLanguage\":\"fi\",\"@id\":\"https:\/\/xenonkungen.com\/produkt\/baklampa-dimljus-eu140tfm\/#primaryimage\",\"url\":\"https:\/\/xenonkungen.com\/wp-content\/uploads\/2025\/04\/21683306-origpic-a26548.jpg\",\"contentUrl\":\"https:\/\/xenonkungen.com\/wp-content\/uploads\/2025\/04\/21683306-origpic-a26548.jpg\",\"width\":422,\"height\":422},{\"@type\":\"BreadcrumbList\",\"@id\":\"https:\/\/xenonkungen.com\/produkt\/baklampa-dimljus-eu140tfm\/#breadcrumb\",\"itemListElement\":[{\"@type\":\"ListItem\",\"position\":1,\"name\":\"Hem\",\"item\":\"https:\/\/xenonkungen.com\/\"},{\"@type\":\"ListItem\",\"position\":2,\"name\":\"Shop\",\"item\":\"https:\/\/xenonkungen.com\/shop\/\"},{\"@type\":\"ListItem\",\"position\":3,\"name\":\"Baklampa Dimljus EU140TFM\"}]},{\"@type\":\"WebSite\",\"@id\":\"https:\/\/xenonkungen.com\/#website\",\"url\":\"https:\/\/xenonkungen.com\/\",\"name\":\"Xenonkungen\",\"description\":\"\",\"potentialAction\":[{\"@type\":\"SearchAction\",\"target\":{\"@type\":\"EntryPoint\",\"urlTemplate\":\"https:\/\/xenonkungen.com\/?s={search_term_string}\"},\"query-input\":{\"@type\":\"PropertyValueSpecification\",\"valueRequired\":true,\"valueName\":\"search_term_string\"}}],\"inLanguage\":\"fi\"}]}<\/script>\n<!-- \/ Yoast SEO plugin. -->","yoast_head_json":{"title":"Takavalon sumuvalo EU140TFM - Xenonkungen","robots":{"index":"index","follow":"follow","max-snippet":"max-snippet:-1","max-image-preview":"max-image-preview:large","max-video-preview":"max-video-preview:-1"},"canonical":"https:\/\/xenonkungen.com\/fi\/tuote\/takavalo-sumuvalo-eu140tfm\/","og_locale":"fi_FI","og_type":"article","og_title":"Baklampa Dimljus EU140TFM - Xenonkungen","og_description":"Uppt\u00e4ck v\u00e5r superslimmade baklampa Uppt\u00e4ck v\u00e5r superslimmade baklampa som erbjuder b\u00e5de enkel montering med &#8221;Push &amp; Stick&#8221;-funktionen och p\u00e5litlig prestanda i en kompakt design. Denna lampa \u00e4r utformad f\u00f6r att vara ett p\u00e5litligt och stilfullt till\u00e4gg till ditt fordon och ger en m\u00e4ngd olika funktioner som kommer att \u00f6ka b\u00e5de din s\u00e4kerhet och din synlighet [&hellip;]","og_url":"https:\/\/xenonkungen.com\/fi\/tuote\/takavalo-sumuvalo-eu140tfm\/","og_site_name":"Xenonkungen","article_modified_time":"2026-04-10T23:56:46+00:00","og_image":[{"width":422,"height":422,"url":"https:\/\/xenonkungen.com\/wp-content\/uploads\/2025\/04\/21683306-origpic-a26548.jpg","type":"image\/jpeg"}],"twitter_card":"summary_large_image","twitter_misc":{"Arvioitu lukuaika":"1 minuutti"},"schema":{"@context":"https:\/\/schema.org","@graph":[{"@type":"WebPage","@id":"https:\/\/xenonkungen.com\/produkt\/baklampa-dimljus-eu140tfm\/","url":"https:\/\/xenonkungen.com\/produkt\/baklampa-dimljus-eu140tfm\/","name":"Takavalon sumuvalo EU140TFM - Xenonkungen","isPartOf":{"@id":"https:\/\/xenonkungen.com\/#website"},"primaryImageOfPage":{"@id":"https:\/\/xenonkungen.com\/produkt\/baklampa-dimljus-eu140tfm\/#primaryimage"},"image":{"@id":"https:\/\/xenonkungen.com\/produkt\/baklampa-dimljus-eu140tfm\/#primaryimage"},"thumbnailUrl":"https:\/\/xenonkungen.com\/wp-content\/uploads\/2025\/04\/21683306-origpic-a26548.jpg","datePublished":"2025-04-15T10:08:04+00:00","dateModified":"2026-04-10T23:56:46+00:00","breadcrumb":{"@id":"https:\/\/xenonkungen.com\/produkt\/baklampa-dimljus-eu140tfm\/#breadcrumb"},"inLanguage":"fi","potentialAction":[{"@type":"ReadAction","target":["https:\/\/xenonkungen.com\/produkt\/baklampa-dimljus-eu140tfm\/"]}]},{"@type":"ImageObject","inLanguage":"fi","@id":"https:\/\/xenonkungen.com\/produkt\/baklampa-dimljus-eu140tfm\/#primaryimage","url":"https:\/\/xenonkungen.com\/wp-content\/uploads\/2025\/04\/21683306-origpic-a26548.jpg","contentUrl":"https:\/\/xenonkungen.com\/wp-content\/uploads\/2025\/04\/21683306-origpic-a26548.jpg","width":422,"height":422},{"@type":"BreadcrumbList","@id":"https:\/\/xenonkungen.com\/produkt\/baklampa-dimljus-eu140tfm\/#breadcrumb","itemListElement":[{"@type":"ListItem","position":1,"name":"Hem","item":"https:\/\/xenonkungen.com\/"},{"@type":"ListItem","position":2,"name":"Shop","item":"https:\/\/xenonkungen.com\/shop\/"},{"@type":"ListItem","position":3,"name":"Baklampa Dimljus EU140TFM"}]},{"@type":"WebSite","@id":"https:\/\/xenonkungen.com\/#website","url":"https:\/\/xenonkungen.com\/","name":"Xenonkungen","description":"","potentialAction":[{"@type":"SearchAction","target":{"@type":"EntryPoint","urlTemplate":"https:\/\/xenonkungen.com\/?s={search_term_string}"},"query-input":{"@type":"PropertyValueSpecification","valueRequired":true,"valueName":"search_term_string"}}],"inLanguage":"fi"}]}},"taxonomy_info":{"anvandningsomrade":[{"value":166,"label":"Lastbil"},{"value":238,"label":"SL\u00c4P"},{"value":2816,"label":"TRAILER"}],"product_brand":[{"value":1252,"label":"LEA"}],"product_cat":[{"value":2552,"label":"Bakljus"}],"pa_lampsockel-kontakt":[{"value":2108,"label":"Push &amp; stick"}],"pa_storlek-mm":[{"value":2107,"label":"140x20"}],"pa_volt-v":[{"value":348,"label":"12, 24"}]},"featured_image_src_large":["https:\/\/xenonkungen.com\/wp-content\/uploads\/2025\/04\/21683306-origpic-a26548.jpg",422,422,false],"author_info":[],"comment_info":0,"_links":{"self":[{"href":"https:\/\/xenonkungen.com\/fi\/wp-json\/wp\/v2\/product\/8593","targetHints":{"allow":["GET"]}}],"collection":[{"href":"https:\/\/xenonkungen.com\/fi\/wp-json\/wp\/v2\/product"}],"about":[{"href":"https:\/\/xenonkungen.com\/fi\/wp-json\/wp\/v2\/types\/product"}],"replies":[{"embeddable":true,"href":"https:\/\/xenonkungen.com\/fi\/wp-json\/wp\/v2\/comments?post=8593"}],"wp:featuredmedia":[{"embeddable":true,"href":"https:\/\/xenonkungen.com\/fi\/wp-json\/wp\/v2\/media\/8594"}],"wp:attachment":[{"href":"https:\/\/xenonkungen.com\/fi\/wp-json\/wp\/v2\/media?parent=8593"}],"wp:term":[{"taxonomy":"anvandningsomrade","embeddable":true,"href":"https:\/\/xenonkungen.com\/fi\/wp-json\/wp\/v2\/anvandningsomrade?post=8593"},{"taxonomy":"bilmarken","embeddable":true,"href":"https:\/\/xenonkungen.com\/fi\/wp-json\/wp\/v2\/bilmarken?post=8593"},{"taxonomy":"product_brand","embeddable":true,"href":"https:\/\/xenonkungen.com\/fi\/wp-json\/wp\/v2\/product_brand?post=8593"},{"taxonomy":"product_cat","embeddable":true,"href":"https:\/\/xenonkungen.com\/fi\/wp-json\/wp\/v2\/product_cat?post=8593"},{"taxonomy":"product_tag","embeddable":true,"href":"https:\/\/xenonkungen.com\/fi\/wp-json\/wp\/v2\/product_tag?post=8593"}],"curies":[{"name":"wp","href":"https:\/\/api.w.org\/{rel}","templated":true}]}}