{"id":8607,"date":"2025-04-15T10:08:04","date_gmt":"2025-04-15T10:08:04","guid":{"rendered":"https:\/\/xenonkungen.com\/product\/baklampset-i-lagprofil-2-pack\/"},"modified":"2026-04-11T00:56:56","modified_gmt":"2026-04-10T23:56:56","slug":"takavalosarja-team-profile-2-kpl-pakkaus","status":"publish","type":"product","link":"https:\/\/xenonkungen.com\/fi\/tuote\/takavalosarja-team-profile-2-kpl-pakkaus\/","title":{"rendered":"Matalaprofiilinen takavalosarja (2-pack)"},"content":{"rendered":"<h1>Tutustu innovatiivisiin ajoneuvovaloihin<\/h1>\n<p>Tutustu n\u00e4iden innovatiivisten takavalojen vaikuttaviin ominaisuuksiin, jotka parantavat sek\u00e4 turvallisuuttasi ett\u00e4 ajoneuvosi estetiikkaa tiell\u00e4. N\u00e4iden valojen ohut muotoilu tekee niist\u00e4 t\u00e4ydellisen valinnan monenlaisiin ajoneuvoihin pienist\u00e4 autoista suuriin kuorma-autoihin. Lis\u00e4ksi ne on varustettu integroiduilla kolmioheijastimilla, jotka tarjoavat lis\u00e4\u00e4 n\u00e4kyvyytt\u00e4 ja turvallisuutta ajoneuvollesi, erityisesti y\u00f6ll\u00e4 tai huonolla s\u00e4\u00e4ll\u00e4.<\/p>\n<p>Yksi n\u00e4iden valaisimien erottuvista ominaisuuksista on niiden t\u00e4ydellinen kosteuden- ja p\u00f6lynkest\u00e4vyys. T\u00e4m\u00e4 tarkoittaa, ett\u00e4 ne on suunniteltu kest\u00e4m\u00e4\u00e4n ankaria s\u00e4\u00e4olosuhteita ja ymp\u00e4rist\u00f6j\u00e4 tinkim\u00e4tt\u00e4 suorituskyvyst\u00e4 tai luotettavuudesta. Anteliaan 5 vuoden takuuajan ansiosta voit olla t\u00e4ysin varma, ett\u00e4 n\u00e4m\u00e4 valot toimivat moitteettomasti pitk\u00e4\u00e4n.<\/p>\n<p>Lis\u00e4ksi n\u00e4iss\u00e4 valoissa on kest\u00e4v\u00e4 muovilinssi ja ABS-kehys, mik\u00e4 tekee niist\u00e4 kest\u00e4vi\u00e4 ja vastustuskykyisi\u00e4 tieliikenteen aikana mahdollisesti esiintyville iskuille ja rasituksille.<\/p>\n<p>N\u00e4m\u00e4 takavalot ovat my\u00f6s ECE-hyv\u00e4ksyttyj\u00e4 useisiin k\u00e4ytt\u00f6tarkoituksiin, mukaan lukien takavalot, jarruvalot, vilkut ja sumuvalot. T\u00e4m\u00e4 tarkoittaa, ett\u00e4 ne t\u00e4ytt\u00e4v\u00e4t ajoneuvovaloille asetetut tiukat eurooppalaiset standardit, mik\u00e4 antaa sinulle lis\u00e4varmuutta niiden suorituskykyyn ja turvallisuuteen.<\/p>\n<p>Monipuolisuuden lis\u00e4\u00e4miseksi niiss\u00e4 on my\u00f6s l\u00e4ht\u00f6 kylttivalaistukseen liitt\u00e4mist\u00e4 varten LEA-35BLME1P-lis\u00e4varusteella.<\/p>\n<p>N\u00e4m\u00e4 valot toimivat saumattomasti sek\u00e4 12 V ett\u00e4 24 V j\u00e4rjestelmiss\u00e4 ja niiden mitat ovat 195 x 148 x 22 mm, joten ne sopivat ihanteellisesti erityyppisiin ajoneuvoihin.<\/p>\n<p>Lopuksi, t\u00e4m\u00e4 sarja sis\u00e4lt\u00e4\u00e4 kaksi valoa, yhden ajoneuvosi vasemmalle ja toisen oikealle puolelle, jotka tarjoavat tasapainoisen ja tasaisen valaistuksen parantaen n\u00e4kyvyytt\u00e4si ja turvallisuuttasi tiell\u00e4. Viiden vuoden takuun ansiosta voit olla varma, ett\u00e4 n\u00e4m\u00e4 valot ovat luotettavia kumppaneitasi matkoillasi ja auttavat tekem\u00e4\u00e4n ajokokemuksestasi turvallisemman ja mukavamman.<\/p>","protected":false},"excerpt":{"rendered":"<p>Uppt\u00e4ck Innovativa Fordonslampor Utforska de imponerande funktionerna hos detta par innovativa baklampor som kommer att f\u00f6rb\u00e4ttra b\u00e5de din s\u00e4kerhet och fordonets estetik p\u00e5 v\u00e4gen. Dessa lampor har en slimmad design som g\u00f6r dem perfekta f\u00f6r olika fordon, fr\u00e5n sm\u00e5 bilar till stora lastbilar. Dessutom \u00e4r de utrustade med integrerade triangelreflektorer, vilket ger extra synlighet och [&hellip;]<\/p>","protected":false},"featured_media":8608,"comment_status":"closed","ping_status":"open","template":"","meta":{"_acf_changed":false,"_smort_price_nok":"1997","_smort_price_dkk":"1269","_smort_price_eur":"169.99","_smort_sale_price_nok":"","_smort_sale_price_dkk":"","_smort_sale_price_eur":"","smort_restorder":"","shipmondo_restorder":"","_kad_blocks_custom_css":"","_kad_blocks_head_custom_js":"","_kad_blocks_body_custom_js":"","_kad_blocks_footer_custom_js":"","smort_custom_pricelist_1":"1196.8","smort_custom_pricelist_2":"1047.2","smort_custom_pricelist_3":"994.84","smort_custom_pricelist_4":"1496","smort_custom_pricelist_5":"1047.2"},"anvandningsomrade":[166,238,2816],"bilmarken":[],"product_brand":[1252],"product_cat":[2552],"product_tag":[],"class_list":{"0":"post-8607","1":"product","2":"type-product","3":"status-publish","4":"has-post-thumbnail","6":"anvandningsomrade-lastbil","7":"anvandningsomrade-slap","8":"anvandningsomrade-trailer","9":"product_brand-lea","10":"product_cat-bakljus-slap","11":"pa_storlek-mm-195x148x22","12":"pa_volt-v-12-24","14":"first","15":"onbackorder","16":"taxable","17":"shipping-taxable","18":"purchasable","19":"product-type-simple"},"bundled_by":[],"bundle_stock_status":"onbackorder","bundle_stock_quantity":0,"bundle_virtual":false,"bundle_layout":"","bundle_add_to_cart_form_location":"","bundle_editable_in_cart":false,"bundle_sold_individually_context":"","bundle_item_grouping":"","bundle_min_size":"","bundle_max_size":"","bundle_price":[],"bundled_items":[],"bundle_sell_ids":[],"acf":[],"yoast_head":"<!-- This site is optimized with the Yoast SEO plugin v27.0 - https:\/\/yoast.com\/product\/yoast-seo-wordpress\/ -->\n<title>Baklampset i l\u00e5gprofil (2-Pack) - Xenonkungen<\/title>\n<meta name=\"robots\" content=\"index, follow, max-snippet:-1, max-image-preview:large, max-video-preview:-1\" \/>\n<link rel=\"canonical\" href=\"https:\/\/xenonkungen.com\/fi\/tuote\/takavalosarja-team-profile-2-kpl-pakkaus\/\" \/>\n<meta property=\"og:locale\" content=\"fi_FI\" \/>\n<meta property=\"og:type\" content=\"article\" \/>\n<meta property=\"og:title\" content=\"Baklampset i l\u00e5gprofil (2-Pack) - Xenonkungen\" \/>\n<meta property=\"og:description\" content=\"Uppt\u00e4ck Innovativa Fordonslampor Utforska de imponerande funktionerna hos detta par innovativa baklampor som kommer att f\u00f6rb\u00e4ttra b\u00e5de din s\u00e4kerhet och fordonets estetik p\u00e5 v\u00e4gen. Dessa lampor har en slimmad design som g\u00f6r dem perfekta f\u00f6r olika fordon, fr\u00e5n sm\u00e5 bilar till stora lastbilar. Dessutom \u00e4r de utrustade med integrerade triangelreflektorer, vilket ger extra synlighet och [&hellip;]\" \/>\n<meta property=\"og:url\" content=\"https:\/\/xenonkungen.com\/fi\/tuote\/takavalosarja-team-profile-2-kpl-pakkaus\/\" \/>\n<meta property=\"og:site_name\" content=\"Xenonkungen\" \/>\n<meta property=\"article:modified_time\" content=\"2026-04-10T23:56:56+00:00\" \/>\n<meta property=\"og:image\" content=\"https:\/\/xenonkungen.com\/wp-content\/uploads\/2025\/04\/21671288-origpic-474167.jpg\" \/>\n\t<meta property=\"og:image:width\" content=\"490\" \/>\n\t<meta property=\"og:image:height\" content=\"490\" \/>\n\t<meta property=\"og:image:type\" content=\"image\/jpeg\" \/>\n<meta name=\"twitter:card\" content=\"summary_large_image\" \/>\n<meta name=\"twitter:label1\" content=\"Arvioitu lukuaika\" \/>\n\t<meta name=\"twitter:data1\" content=\"2 minuuttia\" \/>\n<script type=\"application\/ld+json\" class=\"yoast-schema-graph\">{\"@context\":\"https:\/\/schema.org\",\"@graph\":[{\"@type\":\"WebPage\",\"@id\":\"https:\/\/xenonkungen.com\/no\/produkt\/baklyktsett-i-teamprofil-2-pakning\/\",\"url\":\"https:\/\/xenonkungen.com\/no\/produkt\/baklyktsett-i-teamprofil-2-pakning\/\",\"name\":\"Baklampset i l\u00e5gprofil (2-Pack) - Xenonkungen\",\"isPartOf\":{\"@id\":\"https:\/\/xenonkungen.com\/#website\"},\"primaryImageOfPage\":{\"@id\":\"https:\/\/xenonkungen.com\/no\/produkt\/baklyktsett-i-teamprofil-2-pakning\/#primaryimage\"},\"image\":{\"@id\":\"https:\/\/xenonkungen.com\/no\/produkt\/baklyktsett-i-teamprofil-2-pakning\/#primaryimage\"},\"thumbnailUrl\":\"https:\/\/xenonkungen.com\/wp-content\/uploads\/2025\/04\/21671288-origpic-474167.jpg\",\"datePublished\":\"2025-04-15T10:08:04+00:00\",\"dateModified\":\"2026-04-10T23:56:56+00:00\",\"breadcrumb\":{\"@id\":\"https:\/\/xenonkungen.com\/no\/produkt\/baklyktsett-i-teamprofil-2-pakning\/#breadcrumb\"},\"inLanguage\":\"fi\",\"potentialAction\":[{\"@type\":\"ReadAction\",\"target\":[\"https:\/\/xenonkungen.com\/no\/produkt\/baklyktsett-i-teamprofil-2-pakning\/\"]}]},{\"@type\":\"ImageObject\",\"inLanguage\":\"fi\",\"@id\":\"https:\/\/xenonkungen.com\/no\/produkt\/baklyktsett-i-teamprofil-2-pakning\/#primaryimage\",\"url\":\"https:\/\/xenonkungen.com\/wp-content\/uploads\/2025\/04\/21671288-origpic-474167.jpg\",\"contentUrl\":\"https:\/\/xenonkungen.com\/wp-content\/uploads\/2025\/04\/21671288-origpic-474167.jpg\",\"width\":490,\"height\":490},{\"@type\":\"BreadcrumbList\",\"@id\":\"https:\/\/xenonkungen.com\/no\/produkt\/baklyktsett-i-teamprofil-2-pakning\/#breadcrumb\",\"itemListElement\":[{\"@type\":\"ListItem\",\"position\":1,\"name\":\"Hem\",\"item\":\"https:\/\/xenonkungen.com\/\"},{\"@type\":\"ListItem\",\"position\":2,\"name\":\"Shop\",\"item\":\"https:\/\/xenonkungen.com\/shop\/\"},{\"@type\":\"ListItem\",\"position\":3,\"name\":\"Baklampset i l\u00e5gprofil (2-Pack)\"}]},{\"@type\":\"WebSite\",\"@id\":\"https:\/\/xenonkungen.com\/#website\",\"url\":\"https:\/\/xenonkungen.com\/\",\"name\":\"Xenonkungen\",\"description\":\"\",\"potentialAction\":[{\"@type\":\"SearchAction\",\"target\":{\"@type\":\"EntryPoint\",\"urlTemplate\":\"https:\/\/xenonkungen.com\/?s={search_term_string}\"},\"query-input\":{\"@type\":\"PropertyValueSpecification\",\"valueRequired\":true,\"valueName\":\"search_term_string\"}}],\"inLanguage\":\"fi\"}]}<\/script>\n<!-- \/ Yoast SEO plugin. -->","yoast_head_json":{"title":"Matalaprofiilinen takavalosarja (2 kpl) - Xenonkungen","robots":{"index":"index","follow":"follow","max-snippet":"max-snippet:-1","max-image-preview":"max-image-preview:large","max-video-preview":"max-video-preview:-1"},"canonical":"https:\/\/xenonkungen.com\/fi\/tuote\/takavalosarja-team-profile-2-kpl-pakkaus\/","og_locale":"fi_FI","og_type":"article","og_title":"Baklampset i l\u00e5gprofil (2-Pack) - Xenonkungen","og_description":"Uppt\u00e4ck Innovativa Fordonslampor Utforska de imponerande funktionerna hos detta par innovativa baklampor som kommer att f\u00f6rb\u00e4ttra b\u00e5de din s\u00e4kerhet och fordonets estetik p\u00e5 v\u00e4gen. Dessa lampor har en slimmad design som g\u00f6r dem perfekta f\u00f6r olika fordon, fr\u00e5n sm\u00e5 bilar till stora lastbilar. Dessutom \u00e4r de utrustade med integrerade triangelreflektorer, vilket ger extra synlighet och [&hellip;]","og_url":"https:\/\/xenonkungen.com\/fi\/tuote\/takavalosarja-team-profile-2-kpl-pakkaus\/","og_site_name":"Xenonkungen","article_modified_time":"2026-04-10T23:56:56+00:00","og_image":[{"width":490,"height":490,"url":"https:\/\/xenonkungen.com\/wp-content\/uploads\/2025\/04\/21671288-origpic-474167.jpg","type":"image\/jpeg"}],"twitter_card":"summary_large_image","twitter_misc":{"Arvioitu lukuaika":"2 minuuttia"},"schema":{"@context":"https:\/\/schema.org","@graph":[{"@type":"WebPage","@id":"https:\/\/xenonkungen.com\/no\/produkt\/baklyktsett-i-teamprofil-2-pakning\/","url":"https:\/\/xenonkungen.com\/no\/produkt\/baklyktsett-i-teamprofil-2-pakning\/","name":"Matalaprofiilinen takavalosarja (2 kpl) - Xenonkungen","isPartOf":{"@id":"https:\/\/xenonkungen.com\/#website"},"primaryImageOfPage":{"@id":"https:\/\/xenonkungen.com\/no\/produkt\/baklyktsett-i-teamprofil-2-pakning\/#primaryimage"},"image":{"@id":"https:\/\/xenonkungen.com\/no\/produkt\/baklyktsett-i-teamprofil-2-pakning\/#primaryimage"},"thumbnailUrl":"https:\/\/xenonkungen.com\/wp-content\/uploads\/2025\/04\/21671288-origpic-474167.jpg","datePublished":"2025-04-15T10:08:04+00:00","dateModified":"2026-04-10T23:56:56+00:00","breadcrumb":{"@id":"https:\/\/xenonkungen.com\/no\/produkt\/baklyktsett-i-teamprofil-2-pakning\/#breadcrumb"},"inLanguage":"fi","potentialAction":[{"@type":"ReadAction","target":["https:\/\/xenonkungen.com\/no\/produkt\/baklyktsett-i-teamprofil-2-pakning\/"]}]},{"@type":"ImageObject","inLanguage":"fi","@id":"https:\/\/xenonkungen.com\/no\/produkt\/baklyktsett-i-teamprofil-2-pakning\/#primaryimage","url":"https:\/\/xenonkungen.com\/wp-content\/uploads\/2025\/04\/21671288-origpic-474167.jpg","contentUrl":"https:\/\/xenonkungen.com\/wp-content\/uploads\/2025\/04\/21671288-origpic-474167.jpg","width":490,"height":490},{"@type":"BreadcrumbList","@id":"https:\/\/xenonkungen.com\/no\/produkt\/baklyktsett-i-teamprofil-2-pakning\/#breadcrumb","itemListElement":[{"@type":"ListItem","position":1,"name":"Hem","item":"https:\/\/xenonkungen.com\/"},{"@type":"ListItem","position":2,"name":"Shop","item":"https:\/\/xenonkungen.com\/shop\/"},{"@type":"ListItem","position":3,"name":"Baklampset i l\u00e5gprofil (2-Pack)"}]},{"@type":"WebSite","@id":"https:\/\/xenonkungen.com\/#website","url":"https:\/\/xenonkungen.com\/","name":"Xenonkungen","description":"","potentialAction":[{"@type":"SearchAction","target":{"@type":"EntryPoint","urlTemplate":"https:\/\/xenonkungen.com\/?s={search_term_string}"},"query-input":{"@type":"PropertyValueSpecification","valueRequired":true,"valueName":"search_term_string"}}],"inLanguage":"fi"}]}},"taxonomy_info":{"anvandningsomrade":[{"value":166,"label":"Lastbil"},{"value":238,"label":"SL\u00c4P"},{"value":2816,"label":"TRAILER"}],"product_brand":[{"value":1252,"label":"LEA"}],"product_cat":[{"value":2552,"label":"Bakljus"}],"pa_storlek-mm":[{"value":2110,"label":"195x148x22"}],"pa_volt-v":[{"value":348,"label":"12, 24"}]},"featured_image_src_large":["https:\/\/xenonkungen.com\/wp-content\/uploads\/2025\/04\/21671288-origpic-474167.jpg",490,490,false],"author_info":[],"comment_info":0,"_links":{"self":[{"href":"https:\/\/xenonkungen.com\/fi\/wp-json\/wp\/v2\/product\/8607","targetHints":{"allow":["GET"]}}],"collection":[{"href":"https:\/\/xenonkungen.com\/fi\/wp-json\/wp\/v2\/product"}],"about":[{"href":"https:\/\/xenonkungen.com\/fi\/wp-json\/wp\/v2\/types\/product"}],"replies":[{"embeddable":true,"href":"https:\/\/xenonkungen.com\/fi\/wp-json\/wp\/v2\/comments?post=8607"}],"wp:featuredmedia":[{"embeddable":true,"href":"https:\/\/xenonkungen.com\/fi\/wp-json\/wp\/v2\/media\/8608"}],"wp:attachment":[{"href":"https:\/\/xenonkungen.com\/fi\/wp-json\/wp\/v2\/media?parent=8607"}],"wp:term":[{"taxonomy":"anvandningsomrade","embeddable":true,"href":"https:\/\/xenonkungen.com\/fi\/wp-json\/wp\/v2\/anvandningsomrade?post=8607"},{"taxonomy":"bilmarken","embeddable":true,"href":"https:\/\/xenonkungen.com\/fi\/wp-json\/wp\/v2\/bilmarken?post=8607"},{"taxonomy":"product_brand","embeddable":true,"href":"https:\/\/xenonkungen.com\/fi\/wp-json\/wp\/v2\/product_brand?post=8607"},{"taxonomy":"product_cat","embeddable":true,"href":"https:\/\/xenonkungen.com\/fi\/wp-json\/wp\/v2\/product_cat?post=8607"},{"taxonomy":"product_tag","embeddable":true,"href":"https:\/\/xenonkungen.com\/fi\/wp-json\/wp\/v2\/product_tag?post=8607"}],"curies":[{"name":"wp","href":"https:\/\/api.w.org\/{rel}","templated":true}]}}