{"id":8644,"date":"2025-04-15T10:08:23","date_gmt":"2025-04-15T10:08:23","guid":{"rendered":"https:\/\/xenonkungen.com\/product\/blixtljus-hideaway-r10-gron\/"},"modified":"2026-04-11T00:57:22","modified_gmt":"2026-04-10T23:57:22","slug":"taskulamppu-piilopaikka-r10-vihrea","status":"publish","type":"product","link":"https:\/\/xenonkungen.com\/fi\/tuote\/taskulamppu-piilopaikka-r10-vihrea\/","title":{"rendered":"Taskulamppu Hideaway R10 vihre\u00e4"},"content":{"rendered":"<div class=\"container\">\n<h1>Vihre\u00e4 Hideaway LED-varoitusvalo: Harkintaa ja tehoa<\/h1>\n<p>T\u00e4ss\u00e4 vihre\u00e4ss\u00e4 Hideaway LED -varoitusvalossa yhdistyv\u00e4t voimakas valaistus ja huomaamaton asennusvaihtoehto, joten se on ihanteellinen valinta ajoneuvoihin ja tilanteisiin, joissa halutaan selke\u00e4 mutta huomaamaton varoitus.<\/p>\n<div class=\"features\">\n<h2>T\u00e4rkeimm\u00e4t ominaisuudet:<\/h2>\n<ul>\n<li><span class=\"highlight\">Huomaamaton asennus:<\/span> Helppo piilottaa, kun sit\u00e4 ei k\u00e4ytet\u00e4, t\u00e4ydellinen erilaisiin ajoneuvoihin.<\/li>\n<li><span class=\"highlight\">Voimakas vihre\u00e4 LED:<\/span> Antaa vahvan ja selke\u00e4n signaalin, joka n\u00e4kyy pitk\u00e4lt\u00e4 et\u00e4isyydelt\u00e4.<\/li>\n<li><span class=\"highlight\">Pitk\u00e4 k\u00e4ytt\u00f6ik\u00e4:<\/span> LED-tekniikka takaa pitk\u00e4aikaisen suorituskyvyn ja minimaalisen huollon.<\/li>\n<li><span class=\"highlight\">Energiatehokas:<\/span> LED-valot kuluttavat paljon v\u00e4hemm\u00e4n energiaa kuin perinteiset varoitusvalot.<\/li>\n<li><span class=\"highlight\">S\u00e4\u00e4nkest\u00e4v\u00e4 rakenne:<\/span> Rakennettu kest\u00e4m\u00e4\u00e4n ankaria s\u00e4\u00e4olosuhteita, joten se soveltuu ulkok\u00e4ytt\u00f6\u00f6n.<\/li>\n<\/ul>\n<\/div>\n<p>Vihre\u00e4 Hideaway LED-varoitusvalo on erinomainen v\u00e4line h\u00e4t\u00e4tilanteissa, tiety\u00f6mailla ja nykyisten turvaj\u00e4rjestelmien t\u00e4ydent\u00e4j\u00e4n\u00e4, sill\u00e4 se tarjoaa hyv\u00e4n n\u00e4kyvyyden ja luotettavuuden.<\/p>\n<\/div>\n<p>Soveltuu pinta- tai piiloasennukseen (1\u2033\" leikkaus).<br \/>Kest\u00e4v\u00e4, luotettava ja 100 % vedenpit\u00e4v\u00e4<\/p>","protected":false},"excerpt":{"rendered":"<p>Vihre\u00e4 Hideaway LED-varoitusvalaisin | R10 | 5 vuoden takuu.<\/p>","protected":false},"featured_media":8645,"comment_status":"closed","ping_status":"open","template":"","meta":{"_acf_changed":false,"_smort_price_nok":"908","_smort_price_dkk":"577","_smort_price_eur":"77.27","_smort_sale_price_nok":"","_smort_sale_price_dkk":"","_smort_sale_price_eur":"","smort_restorder":"","shipmondo_restorder":"","_kad_blocks_custom_css":"","_kad_blocks_head_custom_js":"","_kad_blocks_body_custom_js":"","_kad_blocks_footer_custom_js":"","smort_custom_pricelist_1":"476","smort_custom_pricelist_2":"476","smort_custom_pricelist_3":"452.2","smort_custom_pricelist_4":"680","smort_custom_pricelist_5":"476"},"anvandningsomrade":[166,238,2816],"bilmarken":[],"product_brand":[1252],"product_cat":[2579],"product_tag":[],"class_list":{"0":"post-8644","1":"product","2":"type-product","3":"status-publish","4":"has-post-thumbnail","6":"anvandningsomrade-lastbil","7":"anvandningsomrade-slap","8":"anvandningsomrade-trailer","9":"product_brand-lea","10":"product_cat-blixtljus-varningsljus","11":"pa_fuktskydd-varde-ipxx-ip67","12":"pa_godkannande-ece-r10","13":"pa_storlek-mm-50x26","14":"pa_stromforbrukning-0-27a13-8v","15":"pa_volt-v-12-24","17":"first","18":"onbackorder","19":"taxable","20":"shipping-taxable","21":"purchasable","22":"product-type-simple"},"bundled_by":[],"bundle_stock_status":"onbackorder","bundle_stock_quantity":0,"bundle_virtual":false,"bundle_layout":"","bundle_add_to_cart_form_location":"","bundle_editable_in_cart":false,"bundle_sold_individually_context":"","bundle_item_grouping":"","bundle_min_size":"","bundle_max_size":"","bundle_price":[],"bundled_items":[],"bundle_sell_ids":[],"acf":[],"yoast_head":"<!-- This site is optimized with the Yoast SEO plugin v27.0 - https:\/\/yoast.com\/product\/yoast-seo-wordpress\/ -->\n<title>Blixtljus Hideaway R10 Gr\u00f6n - Xenonkungen<\/title>\n<meta name=\"robots\" content=\"index, follow, max-snippet:-1, max-image-preview:large, max-video-preview:-1\" \/>\n<link rel=\"canonical\" href=\"https:\/\/xenonkungen.com\/fi\/tuote\/taskulamppu-piilopaikka-r10-vihrea\/\" \/>\n<meta property=\"og:locale\" content=\"fi_FI\" \/>\n<meta property=\"og:type\" content=\"article\" \/>\n<meta property=\"og:title\" content=\"Blixtljus Hideaway R10 Gr\u00f6n - Xenonkungen\" \/>\n<meta property=\"og:description\" content=\"Green Hideaway LED Warning Lamp | R10 | 5 Year Warranty.\" \/>\n<meta property=\"og:url\" content=\"https:\/\/xenonkungen.com\/fi\/tuote\/taskulamppu-piilopaikka-r10-vihrea\/\" \/>\n<meta property=\"og:site_name\" content=\"Xenonkungen\" \/>\n<meta property=\"article:modified_time\" content=\"2026-04-10T23:57:22+00:00\" \/>\n<meta property=\"og:image\" content=\"https:\/\/xenonkungen.com\/wp-content\/uploads\/2025\/04\/156122622-origpic-d37fca.jpg\" \/>\n\t<meta property=\"og:image:width\" content=\"800\" \/>\n\t<meta property=\"og:image:height\" content=\"800\" \/>\n\t<meta property=\"og:image:type\" content=\"image\/jpeg\" \/>\n<meta name=\"twitter:card\" content=\"summary_large_image\" \/>\n<meta name=\"twitter:label1\" content=\"Arvioitu lukuaika\" \/>\n\t<meta name=\"twitter:data1\" content=\"1 minuutti\" \/>\n<script type=\"application\/ld+json\" class=\"yoast-schema-graph\">{\"@context\":\"https:\/\/schema.org\",\"@graph\":[{\"@type\":\"WebPage\",\"@id\":\"https:\/\/xenonkungen.com\/dk\/vare\/lommelygte-hideaway-r10-gron\/\",\"url\":\"https:\/\/xenonkungen.com\/dk\/vare\/lommelygte-hideaway-r10-gron\/\",\"name\":\"Blixtljus Hideaway R10 Gr\u00f6n - Xenonkungen\",\"isPartOf\":{\"@id\":\"https:\/\/xenonkungen.com\/#website\"},\"primaryImageOfPage\":{\"@id\":\"https:\/\/xenonkungen.com\/dk\/vare\/lommelygte-hideaway-r10-gron\/#primaryimage\"},\"image\":{\"@id\":\"https:\/\/xenonkungen.com\/dk\/vare\/lommelygte-hideaway-r10-gron\/#primaryimage\"},\"thumbnailUrl\":\"https:\/\/xenonkungen.com\/wp-content\/uploads\/2025\/04\/156122622-origpic-d37fca.jpg\",\"datePublished\":\"2025-04-15T10:08:23+00:00\",\"dateModified\":\"2026-04-10T23:57:22+00:00\",\"breadcrumb\":{\"@id\":\"https:\/\/xenonkungen.com\/dk\/vare\/lommelygte-hideaway-r10-gron\/#breadcrumb\"},\"inLanguage\":\"fi\",\"potentialAction\":[{\"@type\":\"ReadAction\",\"target\":[\"https:\/\/xenonkungen.com\/dk\/vare\/lommelygte-hideaway-r10-gron\/\"]}]},{\"@type\":\"ImageObject\",\"inLanguage\":\"fi\",\"@id\":\"https:\/\/xenonkungen.com\/dk\/vare\/lommelygte-hideaway-r10-gron\/#primaryimage\",\"url\":\"https:\/\/xenonkungen.com\/wp-content\/uploads\/2025\/04\/156122622-origpic-d37fca.jpg\",\"contentUrl\":\"https:\/\/xenonkungen.com\/wp-content\/uploads\/2025\/04\/156122622-origpic-d37fca.jpg\",\"width\":800,\"height\":800},{\"@type\":\"BreadcrumbList\",\"@id\":\"https:\/\/xenonkungen.com\/dk\/vare\/lommelygte-hideaway-r10-gron\/#breadcrumb\",\"itemListElement\":[{\"@type\":\"ListItem\",\"position\":1,\"name\":\"Hem\",\"item\":\"https:\/\/xenonkungen.com\/\"},{\"@type\":\"ListItem\",\"position\":2,\"name\":\"Shop\",\"item\":\"https:\/\/xenonkungen.com\/shop\/\"},{\"@type\":\"ListItem\",\"position\":3,\"name\":\"Blixtljus Hideaway R10 Gr\u00f6n\"}]},{\"@type\":\"WebSite\",\"@id\":\"https:\/\/xenonkungen.com\/#website\",\"url\":\"https:\/\/xenonkungen.com\/\",\"name\":\"Xenonkungen\",\"description\":\"\",\"potentialAction\":[{\"@type\":\"SearchAction\",\"target\":{\"@type\":\"EntryPoint\",\"urlTemplate\":\"https:\/\/xenonkungen.com\/?s={search_term_string}\"},\"query-input\":{\"@type\":\"PropertyValueSpecification\",\"valueRequired\":true,\"valueName\":\"search_term_string\"}}],\"inLanguage\":\"fi\"}]}<\/script>\n<!-- \/ Yoast SEO plugin. -->","yoast_head_json":{"title":"Taskulamppu Hideaway R10 Vihre\u00e4 - Xenonkungen","robots":{"index":"index","follow":"follow","max-snippet":"max-snippet:-1","max-image-preview":"max-image-preview:large","max-video-preview":"max-video-preview:-1"},"canonical":"https:\/\/xenonkungen.com\/fi\/tuote\/taskulamppu-piilopaikka-r10-vihrea\/","og_locale":"fi_FI","og_type":"article","og_title":"Blixtljus Hideaway R10 Gr\u00f6n - Xenonkungen","og_description":"Green Hideaway LED Warning Lamp | R10 | 5 Year Warranty.","og_url":"https:\/\/xenonkungen.com\/fi\/tuote\/taskulamppu-piilopaikka-r10-vihrea\/","og_site_name":"Xenonkungen","article_modified_time":"2026-04-10T23:57:22+00:00","og_image":[{"width":800,"height":800,"url":"https:\/\/xenonkungen.com\/wp-content\/uploads\/2025\/04\/156122622-origpic-d37fca.jpg","type":"image\/jpeg"}],"twitter_card":"summary_large_image","twitter_misc":{"Arvioitu lukuaika":"1 minuutti"},"schema":{"@context":"https:\/\/schema.org","@graph":[{"@type":"WebPage","@id":"https:\/\/xenonkungen.com\/dk\/vare\/lommelygte-hideaway-r10-gron\/","url":"https:\/\/xenonkungen.com\/dk\/vare\/lommelygte-hideaway-r10-gron\/","name":"Taskulamppu Hideaway R10 Vihre\u00e4 - Xenonkungen","isPartOf":{"@id":"https:\/\/xenonkungen.com\/#website"},"primaryImageOfPage":{"@id":"https:\/\/xenonkungen.com\/dk\/vare\/lommelygte-hideaway-r10-gron\/#primaryimage"},"image":{"@id":"https:\/\/xenonkungen.com\/dk\/vare\/lommelygte-hideaway-r10-gron\/#primaryimage"},"thumbnailUrl":"https:\/\/xenonkungen.com\/wp-content\/uploads\/2025\/04\/156122622-origpic-d37fca.jpg","datePublished":"2025-04-15T10:08:23+00:00","dateModified":"2026-04-10T23:57:22+00:00","breadcrumb":{"@id":"https:\/\/xenonkungen.com\/dk\/vare\/lommelygte-hideaway-r10-gron\/#breadcrumb"},"inLanguage":"fi","potentialAction":[{"@type":"ReadAction","target":["https:\/\/xenonkungen.com\/dk\/vare\/lommelygte-hideaway-r10-gron\/"]}]},{"@type":"ImageObject","inLanguage":"fi","@id":"https:\/\/xenonkungen.com\/dk\/vare\/lommelygte-hideaway-r10-gron\/#primaryimage","url":"https:\/\/xenonkungen.com\/wp-content\/uploads\/2025\/04\/156122622-origpic-d37fca.jpg","contentUrl":"https:\/\/xenonkungen.com\/wp-content\/uploads\/2025\/04\/156122622-origpic-d37fca.jpg","width":800,"height":800},{"@type":"BreadcrumbList","@id":"https:\/\/xenonkungen.com\/dk\/vare\/lommelygte-hideaway-r10-gron\/#breadcrumb","itemListElement":[{"@type":"ListItem","position":1,"name":"Hem","item":"https:\/\/xenonkungen.com\/"},{"@type":"ListItem","position":2,"name":"Shop","item":"https:\/\/xenonkungen.com\/shop\/"},{"@type":"ListItem","position":3,"name":"Blixtljus Hideaway R10 Gr\u00f6n"}]},{"@type":"WebSite","@id":"https:\/\/xenonkungen.com\/#website","url":"https:\/\/xenonkungen.com\/","name":"Xenonkungen","description":"","potentialAction":[{"@type":"SearchAction","target":{"@type":"EntryPoint","urlTemplate":"https:\/\/xenonkungen.com\/?s={search_term_string}"},"query-input":{"@type":"PropertyValueSpecification","valueRequired":true,"valueName":"search_term_string"}}],"inLanguage":"fi"}]}},"taxonomy_info":{"anvandningsomrade":[{"value":166,"label":"Lastbil"},{"value":238,"label":"SL\u00c4P"},{"value":2816,"label":"TRAILER"}],"product_brand":[{"value":1252,"label":"LEA"}],"product_cat":[{"value":2579,"label":"Blixtljus\/Varningsljus"}],"pa_fuktskydd-varde-ipxx":[{"value":333,"label":"IP67"}],"pa_godkannande":[{"value":966,"label":"ECE, R10"}],"pa_storlek-mm":[{"value":2118,"label":"50x26"}],"pa_stromforbrukning":[{"value":2119,"label":"0.27A@13.8V"}],"pa_volt-v":[{"value":348,"label":"12, 24"}]},"featured_image_src_large":["https:\/\/xenonkungen.com\/wp-content\/uploads\/2025\/04\/156122622-origpic-d37fca.jpg",800,800,false],"author_info":[],"comment_info":0,"_links":{"self":[{"href":"https:\/\/xenonkungen.com\/fi\/wp-json\/wp\/v2\/product\/8644","targetHints":{"allow":["GET"]}}],"collection":[{"href":"https:\/\/xenonkungen.com\/fi\/wp-json\/wp\/v2\/product"}],"about":[{"href":"https:\/\/xenonkungen.com\/fi\/wp-json\/wp\/v2\/types\/product"}],"replies":[{"embeddable":true,"href":"https:\/\/xenonkungen.com\/fi\/wp-json\/wp\/v2\/comments?post=8644"}],"wp:featuredmedia":[{"embeddable":true,"href":"https:\/\/xenonkungen.com\/fi\/wp-json\/wp\/v2\/media\/8645"}],"wp:attachment":[{"href":"https:\/\/xenonkungen.com\/fi\/wp-json\/wp\/v2\/media?parent=8644"}],"wp:term":[{"taxonomy":"anvandningsomrade","embeddable":true,"href":"https:\/\/xenonkungen.com\/fi\/wp-json\/wp\/v2\/anvandningsomrade?post=8644"},{"taxonomy":"bilmarken","embeddable":true,"href":"https:\/\/xenonkungen.com\/fi\/wp-json\/wp\/v2\/bilmarken?post=8644"},{"taxonomy":"product_brand","embeddable":true,"href":"https:\/\/xenonkungen.com\/fi\/wp-json\/wp\/v2\/product_brand?post=8644"},{"taxonomy":"product_cat","embeddable":true,"href":"https:\/\/xenonkungen.com\/fi\/wp-json\/wp\/v2\/product_cat?post=8644"},{"taxonomy":"product_tag","embeddable":true,"href":"https:\/\/xenonkungen.com\/fi\/wp-json\/wp\/v2\/product_tag?post=8644"}],"curies":[{"name":"wp","href":"https:\/\/api.w.org\/{rel}","templated":true}]}}