{"id":8678,"date":"2025-04-15T10:08:41","date_gmt":"2025-04-15T10:08:41","guid":{"rendered":"https:\/\/xenonkungen.com\/product\/skyltbelysning-12v-lp150\/"},"modified":"2026-04-11T00:57:55","modified_gmt":"2026-04-10T23:57:55","slug":"kylttivalaistus-12v-lp150","status":"publish","type":"product","link":"https:\/\/xenonkungen.com\/fi\/tuote\/kylttivalaistus-12v-lp150\/","title":{"rendered":"Kylttien valaistus 12V LP150"},"content":{"rendered":"<div class=\"container\">\n<h1>Optimoitu LED-valaistus rekisterikilpeen, jossa on suora liit\u00e4nt\u00e4<\/h1>\n<p>T\u00e4m\u00e4 LED-valaisin on kehitetty erityisesti suoraan liitett\u00e4v\u00e4ksi LEA-150BARE\/2\/10-yhdistelm\u00e4valaisimeen, ja se on helppo asentaa ja suojaa tehokkaasti.<\/p>\n<div class=\"specifications\">\n<h2>Tekniset tiedot:<\/h2>\n<ul>\n<li><span class=\"highlight\">Tasavirtayhteys:<\/span> Yhteensopiva LEA-150BARE\/2\/10:n kanssa helppoon liitt\u00e4miseen.<\/li>\n<li><span class=\"highlight\">Kaapelit:<\/span> 1 metrin pituinen, liitin joustavaa asennusta varten.<\/li>\n<li><span class=\"highlight\">Materiaali:<\/span> Musta ABS-runko on tyylik\u00e4s ja kest\u00e4v\u00e4 rakenne.<\/li>\n<li><span class=\"highlight\">Vedenpit\u00e4v\u00e4 suojaus:<\/span> Vuototiivistetty elektroniikka suojaa kosteudelta ja p\u00f6lylt\u00e4.<\/li>\n<li><span class=\"highlight\">LED-tekniikka:<\/span> Tehokas ja energiatehokas valaistus parantaa n\u00e4kyvyytt\u00e4.<\/li>\n<\/ul>\n<\/div>\n<div class=\"features\">\n<h2>Ominaisuudet:<\/h2>\n<ul>\n<li>Parantaa rekisterikilven n\u00e4kyvyytt\u00e4 ja turvallisuutta.<\/li>\n<li>Nopea ja helppo asennus minimoi ty\u00f6n ja monimutkaisuuden.<\/li>\n<li>Vankka ja esteettinen muotoilu, joka kest\u00e4\u00e4 kovia s\u00e4\u00e4olosuhteita.<\/li>\n<li>Pitk\u00e4kestoinen k\u00e4ytt\u00f6 laadukkaiden materiaalien ja suojan ansiosta.<\/li>\n<\/ul>\n<\/div>\n<\/div>","protected":false},"excerpt":{"rendered":"<p>Optimerad LED Belysning f\u00f6r Registreringsskylt med Direktanslutning Denna LED belysning \u00e4r speciellt utvecklad f\u00f6r direktanslutning till Kombinationslampa LEA-150BARE\/2\/10, erbjudande enkel installation och robust skydd. Specifikationer: Direkt Str\u00f6manslutning: Kompatibel med LEA-150BARE\/2\/10 f\u00f6r enkel anslutning. Kabel: 1 meter l\u00e5ng med kontakt f\u00f6r flexibel montering. Material: Svart ABS-sarg f\u00f6r en stilren och h\u00e5llbar konstruktion. Vattent\u00e4tt Skydd: L\u00e4ckagef\u00f6rseglad elektronik [&hellip;]<\/p>","protected":false},"featured_media":8679,"comment_status":"closed","ping_status":"open","template":"","meta":{"_acf_changed":false,"_smort_price_nok":"235","_smort_price_dkk":"149","_smort_price_eur":"20","_smort_sale_price_nok":"","_smort_sale_price_dkk":"","_smort_sale_price_eur":"","smort_restorder":"","shipmondo_restorder":"","_kad_blocks_custom_css":"","_kad_blocks_head_custom_js":"","_kad_blocks_body_custom_js":"","_kad_blocks_footer_custom_js":"","smort_custom_pricelist_1":"123.2","smort_custom_pricelist_2":"123.2","smort_custom_pricelist_3":"117.04","smort_custom_pricelist_4":"176","smort_custom_pricelist_5":"123.2"},"anvandningsomrade":[166,238,2816],"bilmarken":[],"product_brand":[1252],"product_cat":[2591],"product_tag":[],"class_list":{"0":"post-8678","1":"product","2":"type-product","3":"status-publish","4":"has-post-thumbnail","6":"anvandningsomrade-lastbil","7":"anvandningsomrade-slap","8":"anvandningsomrade-trailer","9":"product_brand-lea","10":"product_cat-skyltbelysning-slap","11":"pa_storlek-mm-150x105","12":"pa_stromforbrukning-0-03a13-8v","13":"pa_volt-v-159","15":"first","16":"onbackorder","17":"taxable","18":"shipping-taxable","19":"purchasable","20":"product-type-simple"},"bundled_by":[],"bundle_stock_status":"onbackorder","bundle_stock_quantity":0,"bundle_virtual":false,"bundle_layout":"","bundle_add_to_cart_form_location":"","bundle_editable_in_cart":false,"bundle_sold_individually_context":"","bundle_item_grouping":"","bundle_min_size":"","bundle_max_size":"","bundle_price":[],"bundled_items":[],"bundle_sell_ids":[],"acf":[],"yoast_head":"<!-- This site is optimized with the Yoast SEO plugin v27.0 - https:\/\/yoast.com\/product\/yoast-seo-wordpress\/ -->\n<title>Skyltbelysning 12V LP150 - Xenonkungen<\/title>\n<meta name=\"robots\" content=\"index, follow, max-snippet:-1, max-image-preview:large, max-video-preview:-1\" \/>\n<link rel=\"canonical\" href=\"https:\/\/xenonkungen.com\/fi\/tuote\/kylttivalaistus-12v-lp150\/\" \/>\n<meta property=\"og:locale\" content=\"fi_FI\" \/>\n<meta property=\"og:type\" content=\"article\" \/>\n<meta property=\"og:title\" content=\"Skyltbelysning 12V LP150 - Xenonkungen\" \/>\n<meta property=\"og:description\" content=\"Optimerad LED Belysning f\u00f6r Registreringsskylt med Direktanslutning Denna LED belysning \u00e4r speciellt utvecklad f\u00f6r direktanslutning till Kombinationslampa LEA-150BARE\/2\/10, erbjudande enkel installation och robust skydd. Specifikationer: Direkt Str\u00f6manslutning: Kompatibel med LEA-150BARE\/2\/10 f\u00f6r enkel anslutning. Kabel: 1 meter l\u00e5ng med kontakt f\u00f6r flexibel montering. Material: Svart ABS-sarg f\u00f6r en stilren och h\u00e5llbar konstruktion. Vattent\u00e4tt Skydd: L\u00e4ckagef\u00f6rseglad elektronik [&hellip;]\" \/>\n<meta property=\"og:url\" content=\"https:\/\/xenonkungen.com\/fi\/tuote\/kylttivalaistus-12v-lp150\/\" \/>\n<meta property=\"og:site_name\" content=\"Xenonkungen\" \/>\n<meta property=\"article:modified_time\" content=\"2026-04-10T23:57:55+00:00\" \/>\n<meta property=\"og:image\" content=\"https:\/\/xenonkungen.com\/wp-content\/uploads\/2025\/04\/11772406-origpic-54fc52.jpg\" \/>\n\t<meta property=\"og:image:width\" content=\"600\" \/>\n\t<meta property=\"og:image:height\" content=\"600\" \/>\n\t<meta property=\"og:image:type\" content=\"image\/jpeg\" \/>\n<meta name=\"twitter:card\" content=\"summary_large_image\" \/>\n<meta name=\"twitter:label1\" content=\"Arvioitu lukuaika\" \/>\n\t<meta name=\"twitter:data1\" content=\"1 minuutti\" \/>\n<script type=\"application\/ld+json\" class=\"yoast-schema-graph\">{\"@context\":\"https:\/\/schema.org\",\"@graph\":[{\"@type\":\"WebPage\",\"@id\":\"https:\/\/xenonkungen.com\/fi\/tuote\/skyltbelysning-12v-lp150\/\",\"url\":\"https:\/\/xenonkungen.com\/fi\/tuote\/skyltbelysning-12v-lp150\/\",\"name\":\"Skyltbelysning 12V LP150 - Xenonkungen\",\"isPartOf\":{\"@id\":\"https:\/\/xenonkungen.com\/#website\"},\"primaryImageOfPage\":{\"@id\":\"https:\/\/xenonkungen.com\/fi\/tuote\/skyltbelysning-12v-lp150\/#primaryimage\"},\"image\":{\"@id\":\"https:\/\/xenonkungen.com\/fi\/tuote\/skyltbelysning-12v-lp150\/#primaryimage\"},\"thumbnailUrl\":\"https:\/\/xenonkungen.com\/wp-content\/uploads\/2025\/04\/11772406-origpic-54fc52.jpg\",\"datePublished\":\"2025-04-15T10:08:41+00:00\",\"dateModified\":\"2026-04-10T23:57:55+00:00\",\"breadcrumb\":{\"@id\":\"https:\/\/xenonkungen.com\/fi\/tuote\/skyltbelysning-12v-lp150\/#breadcrumb\"},\"inLanguage\":\"fi\",\"potentialAction\":[{\"@type\":\"ReadAction\",\"target\":[\"https:\/\/xenonkungen.com\/fi\/tuote\/skyltbelysning-12v-lp150\/\"]}]},{\"@type\":\"ImageObject\",\"inLanguage\":\"fi\",\"@id\":\"https:\/\/xenonkungen.com\/fi\/tuote\/skyltbelysning-12v-lp150\/#primaryimage\",\"url\":\"https:\/\/xenonkungen.com\/wp-content\/uploads\/2025\/04\/11772406-origpic-54fc52.jpg\",\"contentUrl\":\"https:\/\/xenonkungen.com\/wp-content\/uploads\/2025\/04\/11772406-origpic-54fc52.jpg\",\"width\":600,\"height\":600},{\"@type\":\"BreadcrumbList\",\"@id\":\"https:\/\/xenonkungen.com\/fi\/tuote\/skyltbelysning-12v-lp150\/#breadcrumb\",\"itemListElement\":[{\"@type\":\"ListItem\",\"position\":1,\"name\":\"Hem\",\"item\":\"https:\/\/xenonkungen.com\/\"},{\"@type\":\"ListItem\",\"position\":2,\"name\":\"Shop\",\"item\":\"https:\/\/xenonkungen.com\/shop\/\"},{\"@type\":\"ListItem\",\"position\":3,\"name\":\"Skyltbelysning 12V LP150\"}]},{\"@type\":\"WebSite\",\"@id\":\"https:\/\/xenonkungen.com\/#website\",\"url\":\"https:\/\/xenonkungen.com\/\",\"name\":\"Xenonkungen\",\"description\":\"\",\"potentialAction\":[{\"@type\":\"SearchAction\",\"target\":{\"@type\":\"EntryPoint\",\"urlTemplate\":\"https:\/\/xenonkungen.com\/?s={search_term_string}\"},\"query-input\":{\"@type\":\"PropertyValueSpecification\",\"valueRequired\":true,\"valueName\":\"search_term_string\"}}],\"inLanguage\":\"fi\"}]}<\/script>\n<!-- \/ Yoast SEO plugin. -->","yoast_head_json":{"title":"Kylttivalaistus 12V LP150 - Xenon King","robots":{"index":"index","follow":"follow","max-snippet":"max-snippet:-1","max-image-preview":"max-image-preview:large","max-video-preview":"max-video-preview:-1"},"canonical":"https:\/\/xenonkungen.com\/fi\/tuote\/kylttivalaistus-12v-lp150\/","og_locale":"fi_FI","og_type":"article","og_title":"Skyltbelysning 12V LP150 - Xenonkungen","og_description":"Optimerad LED Belysning f\u00f6r Registreringsskylt med Direktanslutning Denna LED belysning \u00e4r speciellt utvecklad f\u00f6r direktanslutning till Kombinationslampa LEA-150BARE\/2\/10, erbjudande enkel installation och robust skydd. Specifikationer: Direkt Str\u00f6manslutning: Kompatibel med LEA-150BARE\/2\/10 f\u00f6r enkel anslutning. Kabel: 1 meter l\u00e5ng med kontakt f\u00f6r flexibel montering. Material: Svart ABS-sarg f\u00f6r en stilren och h\u00e5llbar konstruktion. Vattent\u00e4tt Skydd: L\u00e4ckagef\u00f6rseglad elektronik [&hellip;]","og_url":"https:\/\/xenonkungen.com\/fi\/tuote\/kylttivalaistus-12v-lp150\/","og_site_name":"Xenonkungen","article_modified_time":"2026-04-10T23:57:55+00:00","og_image":[{"width":600,"height":600,"url":"https:\/\/xenonkungen.com\/wp-content\/uploads\/2025\/04\/11772406-origpic-54fc52.jpg","type":"image\/jpeg"}],"twitter_card":"summary_large_image","twitter_misc":{"Arvioitu lukuaika":"1 minuutti"},"schema":{"@context":"https:\/\/schema.org","@graph":[{"@type":"WebPage","@id":"https:\/\/xenonkungen.com\/fi\/tuote\/skyltbelysning-12v-lp150\/","url":"https:\/\/xenonkungen.com\/fi\/tuote\/skyltbelysning-12v-lp150\/","name":"Kylttivalaistus 12V LP150 - Xenon King","isPartOf":{"@id":"https:\/\/xenonkungen.com\/#website"},"primaryImageOfPage":{"@id":"https:\/\/xenonkungen.com\/fi\/tuote\/skyltbelysning-12v-lp150\/#primaryimage"},"image":{"@id":"https:\/\/xenonkungen.com\/fi\/tuote\/skyltbelysning-12v-lp150\/#primaryimage"},"thumbnailUrl":"https:\/\/xenonkungen.com\/wp-content\/uploads\/2025\/04\/11772406-origpic-54fc52.jpg","datePublished":"2025-04-15T10:08:41+00:00","dateModified":"2026-04-10T23:57:55+00:00","breadcrumb":{"@id":"https:\/\/xenonkungen.com\/fi\/tuote\/skyltbelysning-12v-lp150\/#breadcrumb"},"inLanguage":"fi","potentialAction":[{"@type":"ReadAction","target":["https:\/\/xenonkungen.com\/fi\/tuote\/skyltbelysning-12v-lp150\/"]}]},{"@type":"ImageObject","inLanguage":"fi","@id":"https:\/\/xenonkungen.com\/fi\/tuote\/skyltbelysning-12v-lp150\/#primaryimage","url":"https:\/\/xenonkungen.com\/wp-content\/uploads\/2025\/04\/11772406-origpic-54fc52.jpg","contentUrl":"https:\/\/xenonkungen.com\/wp-content\/uploads\/2025\/04\/11772406-origpic-54fc52.jpg","width":600,"height":600},{"@type":"BreadcrumbList","@id":"https:\/\/xenonkungen.com\/fi\/tuote\/skyltbelysning-12v-lp150\/#breadcrumb","itemListElement":[{"@type":"ListItem","position":1,"name":"Hem","item":"https:\/\/xenonkungen.com\/"},{"@type":"ListItem","position":2,"name":"Shop","item":"https:\/\/xenonkungen.com\/shop\/"},{"@type":"ListItem","position":3,"name":"Skyltbelysning 12V LP150"}]},{"@type":"WebSite","@id":"https:\/\/xenonkungen.com\/#website","url":"https:\/\/xenonkungen.com\/","name":"Xenonkungen","description":"","potentialAction":[{"@type":"SearchAction","target":{"@type":"EntryPoint","urlTemplate":"https:\/\/xenonkungen.com\/?s={search_term_string}"},"query-input":{"@type":"PropertyValueSpecification","valueRequired":true,"valueName":"search_term_string"}}],"inLanguage":"fi"}]}},"taxonomy_info":{"anvandningsomrade":[{"value":166,"label":"Lastbil"},{"value":238,"label":"SL\u00c4P"},{"value":2816,"label":"TRAILER"}],"product_brand":[{"value":1252,"label":"LEA"}],"product_cat":[{"value":2591,"label":"Skyltbelysning"}],"pa_storlek-mm":[{"value":2125,"label":"150x105"}],"pa_stromforbrukning":[{"value":2112,"label":"0.03A@13.8V"}],"pa_volt-v":[{"value":159,"label":"12"}]},"featured_image_src_large":["https:\/\/xenonkungen.com\/wp-content\/uploads\/2025\/04\/11772406-origpic-54fc52.jpg",600,600,false],"author_info":[],"comment_info":0,"_links":{"self":[{"href":"https:\/\/xenonkungen.com\/fi\/wp-json\/wp\/v2\/product\/8678","targetHints":{"allow":["GET"]}}],"collection":[{"href":"https:\/\/xenonkungen.com\/fi\/wp-json\/wp\/v2\/product"}],"about":[{"href":"https:\/\/xenonkungen.com\/fi\/wp-json\/wp\/v2\/types\/product"}],"replies":[{"embeddable":true,"href":"https:\/\/xenonkungen.com\/fi\/wp-json\/wp\/v2\/comments?post=8678"}],"wp:featuredmedia":[{"embeddable":true,"href":"https:\/\/xenonkungen.com\/fi\/wp-json\/wp\/v2\/media\/8679"}],"wp:attachment":[{"href":"https:\/\/xenonkungen.com\/fi\/wp-json\/wp\/v2\/media?parent=8678"}],"wp:term":[{"taxonomy":"anvandningsomrade","embeddable":true,"href":"https:\/\/xenonkungen.com\/fi\/wp-json\/wp\/v2\/anvandningsomrade?post=8678"},{"taxonomy":"bilmarken","embeddable":true,"href":"https:\/\/xenonkungen.com\/fi\/wp-json\/wp\/v2\/bilmarken?post=8678"},{"taxonomy":"product_brand","embeddable":true,"href":"https:\/\/xenonkungen.com\/fi\/wp-json\/wp\/v2\/product_brand?post=8678"},{"taxonomy":"product_cat","embeddable":true,"href":"https:\/\/xenonkungen.com\/fi\/wp-json\/wp\/v2\/product_cat?post=8678"},{"taxonomy":"product_tag","embeddable":true,"href":"https:\/\/xenonkungen.com\/fi\/wp-json\/wp\/v2\/product_tag?post=8678"}],"curies":[{"name":"wp","href":"https:\/\/api.w.org\/{rel}","templated":true}]}}