{"id":8687,"date":"2025-04-15T10:08:46","date_gmt":"2025-04-15T10:08:46","guid":{"rendered":"https:\/\/xenonkungen.com\/product\/blixtljus-lag-profil-r10-4led-amber\/"},"modified":"2026-04-24T17:21:34","modified_gmt":"2026-04-24T16:21:34","slug":"salamavalo-lakiprofiili-r10-4led-keltainen","status":"publish","type":"product","link":"https:\/\/xenonkungen.com\/fi\/tuote\/salamavalo-lakiprofiili-r10-4led-keltainen\/","title":{"rendered":"Taskulamppu matala profiili | R10 4LED Amber"},"content":{"rendered":"<div class=\"container\">\n<h1>Matalaprofiilinen 4-LEDinen oranssi varoitusvalo<\/h1>\n<p>T\u00e4m\u00e4 matalaprofiilinen varoitusvalo, jossa on nelj\u00e4 huomiota her\u00e4tt\u00e4v\u00e4n oranssia LEDi\u00e4, on suunniteltu tarjoamaan poikkeuksellista n\u00e4kyvyytt\u00e4 ja luotettavaa varoitusta ajoneuvoille ja ty\u00f6maille. Sen kompakti koko ja huomaamaton profiili tekev\u00e4t siit\u00e4 ihanteellisen asennettavaksi monenlaisiin ajoneuvoihin tinkim\u00e4tt\u00e4 ajoneuvon ulkon\u00e4\u00f6st\u00e4.<\/p>\n<div class=\"features\">\n<h2>Ominaisuudet:<\/h2>\n<ul>\n<li><span class=\"highlight\">4 oranssia LEDi\u00e4:<\/span> Tarjoaa voimakkaan ja selke\u00e4n varoitussignaalin, joka n\u00e4kyy selv\u00e4sti jopa kaukaa.<\/li>\n<li><span class=\"highlight\">Matalaprofiilinen muotoilu:<\/span> Huomaamaton ja sujuva, helppo integroida ajoneuvoon.<\/li>\n<li><span class=\"highlight\">Korkea hy\u00f6tysuhde:<\/span> LED-tekniikka tarkoittaa pitk\u00e4\u00e4 k\u00e4ytt\u00f6ik\u00e4\u00e4 ja minimaalista huoltotarvetta.<\/li>\n<li><span class=\"highlight\">S\u00e4\u00e4nkest\u00e4v\u00e4:<\/span> Rakennettu kest\u00e4m\u00e4\u00e4n ankaria s\u00e4\u00e4olosuhteita, mik\u00e4 takaa pitk\u00e4n k\u00e4ytt\u00f6i\u00e4n.<\/li>\n<li><span class=\"highlight\">K\u00e4ytt\u00f6alueet:<\/span> Ihanteellinen k\u00e4ytett\u00e4v\u00e4ksi h\u00e4t\u00e4ajoneuvoissa, huoltoajoneuvoissa sek\u00e4 rakennus- ja maanrakennusalalla.<\/li>\n<\/ul>\n<\/div>\n<p>Hyv\u00e4n n\u00e4kyvyytens\u00e4 ja k\u00e4yt\u00e4nn\u00f6llisen muotoilunsa ansiosta t\u00e4m\u00e4 matalaprofiilinen oranssi varoitusvalo on v\u00e4ltt\u00e4m\u00e4t\u00f6n turvalaite moniin k\u00e4ytt\u00f6tarkoituksiin.<\/p>\n<\/div>\n<p><strong>Hyv\u00e4 tiet\u00e4\u00e4:<\/strong><br \/>Useita valittavia salamakuvioita, mukaan lukien nelois- ja kaksoisvalot<br \/>Synkronoi jopa 20 valoa<br \/>Kiinnit\u00e4 ruuveilla tai vahvalla 3M-teipill\u00e4<\/p>\n<p><strong>Takuu:<\/strong> 2 vuotta<\/p>\n<p><iframe loading=\"lazy\" height=\"314\" src=\"https:\/\/www.youtube.com\/embed\/pZ_2lxjWaQ0\" width=\"560\" allowfullscreen=\"allowfullscreen\"><\/iframe><\/p>","protected":false},"excerpt":{"rendered":"<p>Meripihkan\/oranssinv\u00e4rinen matalaprofiilinen ECE R10 4LED -varoitusvalo<\/p>","protected":false},"featured_media":8688,"comment_status":"closed","ping_status":"open","template":"","meta":{"_acf_changed":false,"_smort_price_nok":"662","_smort_price_dkk":"421","_smort_price_eur":"56.36","_smort_sale_price_nok":"","_smort_sale_price_dkk":"","_smort_sale_price_eur":"","smort_restorder":"","shipmondo_restorder":"","_kad_blocks_custom_css":"","_kad_blocks_head_custom_js":"","_kad_blocks_body_custom_js":"","_kad_blocks_footer_custom_js":"","smort_custom_pricelist_1":"347.2","smort_custom_pricelist_2":"347.2","smort_custom_pricelist_3":"329.84","smort_custom_pricelist_4":"496","smort_custom_pricelist_5":"347.2"},"anvandningsomrade":[],"bilmarken":[],"product_brand":[1252],"product_cat":[3042,2553,1061],"product_tag":[],"class_list":{"0":"post-8687","1":"product","2":"type-product","3":"status-publish","4":"has-post-thumbnail","6":"product_brand-lea","7":"product_cat-lag-profil-blixtljus","8":"product_cat-blixtljus-riktat-varningsljus","9":"product_cat-varningsljus","10":"pa_fuktskydd-varde-ipxx-ip67","11":"pa_godkannande-ece-r10","12":"pa_storlek-mm-131x30x7","13":"pa_volt-v-12-24","15":"first","16":"instock","17":"taxable","18":"shipping-taxable","19":"purchasable","20":"product-type-simple"},"bundled_by":[],"bundle_stock_status":"instock","bundle_stock_quantity":4,"bundle_virtual":false,"bundle_layout":"","bundle_add_to_cart_form_location":"","bundle_editable_in_cart":false,"bundle_sold_individually_context":"","bundle_item_grouping":"","bundle_min_size":"","bundle_max_size":"","bundle_price":[],"bundled_items":[],"bundle_sell_ids":[],"acf":[],"yoast_head":"<!-- This site is optimized with the Yoast SEO plugin v27.0 - https:\/\/yoast.com\/product\/yoast-seo-wordpress\/ -->\n<title>Blixtljus L\u00e5g Profil | R10 4LED Amber - Xenonkungen<\/title>\n<meta name=\"robots\" content=\"index, follow, max-snippet:-1, max-image-preview:large, max-video-preview:-1\" \/>\n<link rel=\"canonical\" href=\"https:\/\/xenonkungen.com\/fi\/tuote\/salamavalo-lakiprofiili-r10-4led-keltainen\/\" \/>\n<meta property=\"og:locale\" content=\"fi_FI\" \/>\n<meta property=\"og:type\" content=\"article\" \/>\n<meta property=\"og:title\" content=\"Blixtljus L\u00e5g Profil | R10 4LED Amber - Xenonkungen\" \/>\n<meta property=\"og:description\" content=\"Amber\/Orange Low-Profile ECE R10 4LED Warning Lamp\" \/>\n<meta property=\"og:url\" content=\"https:\/\/xenonkungen.com\/fi\/tuote\/salamavalo-lakiprofiili-r10-4led-keltainen\/\" \/>\n<meta property=\"og:site_name\" content=\"Xenonkungen\" \/>\n<meta property=\"article:modified_time\" content=\"2026-04-24T16:21:34+00:00\" \/>\n<meta property=\"og:image\" content=\"https:\/\/xenonkungen.com\/wp-content\/uploads\/2025\/04\/156122512-origpic-39a76e.jpg\" \/>\n\t<meta property=\"og:image:width\" content=\"800\" \/>\n\t<meta property=\"og:image:height\" content=\"800\" \/>\n\t<meta property=\"og:image:type\" content=\"image\/jpeg\" \/>\n<meta name=\"twitter:card\" content=\"summary_large_image\" \/>\n<meta name=\"twitter:label1\" content=\"Arvioitu lukuaika\" \/>\n\t<meta name=\"twitter:data1\" content=\"1 minuutti\" \/>\n<script type=\"application\/ld+json\" class=\"yoast-schema-graph\">{\"@context\":\"https:\/\/schema.org\",\"@graph\":[{\"@type\":\"WebPage\",\"@id\":\"https:\/\/xenonkungen.com\/produkt\/blixtljus-lag-profil-r10-4led-amber\/\",\"url\":\"https:\/\/xenonkungen.com\/produkt\/blixtljus-lag-profil-r10-4led-amber\/\",\"name\":\"Blixtljus L\u00e5g Profil | R10 4LED Amber - Xenonkungen\",\"isPartOf\":{\"@id\":\"https:\/\/xenonkungen.com\/#website\"},\"primaryImageOfPage\":{\"@id\":\"https:\/\/xenonkungen.com\/produkt\/blixtljus-lag-profil-r10-4led-amber\/#primaryimage\"},\"image\":{\"@id\":\"https:\/\/xenonkungen.com\/produkt\/blixtljus-lag-profil-r10-4led-amber\/#primaryimage\"},\"thumbnailUrl\":\"https:\/\/xenonkungen.com\/wp-content\/uploads\/2025\/04\/156122512-origpic-39a76e.jpg\",\"datePublished\":\"2025-04-15T10:08:46+00:00\",\"dateModified\":\"2026-04-24T16:21:34+00:00\",\"breadcrumb\":{\"@id\":\"https:\/\/xenonkungen.com\/produkt\/blixtljus-lag-profil-r10-4led-amber\/#breadcrumb\"},\"inLanguage\":\"fi\",\"potentialAction\":[{\"@type\":\"ReadAction\",\"target\":[\"https:\/\/xenonkungen.com\/produkt\/blixtljus-lag-profil-r10-4led-amber\/\"]}]},{\"@type\":\"ImageObject\",\"inLanguage\":\"fi\",\"@id\":\"https:\/\/xenonkungen.com\/produkt\/blixtljus-lag-profil-r10-4led-amber\/#primaryimage\",\"url\":\"https:\/\/xenonkungen.com\/wp-content\/uploads\/2025\/04\/156122512-origpic-39a76e.jpg\",\"contentUrl\":\"https:\/\/xenonkungen.com\/wp-content\/uploads\/2025\/04\/156122512-origpic-39a76e.jpg\",\"width\":800,\"height\":800},{\"@type\":\"BreadcrumbList\",\"@id\":\"https:\/\/xenonkungen.com\/produkt\/blixtljus-lag-profil-r10-4led-amber\/#breadcrumb\",\"itemListElement\":[{\"@type\":\"ListItem\",\"position\":1,\"name\":\"Hem\",\"item\":\"https:\/\/xenonkungen.com\/\"},{\"@type\":\"ListItem\",\"position\":2,\"name\":\"Shop\",\"item\":\"https:\/\/xenonkungen.com\/shop\/\"},{\"@type\":\"ListItem\",\"position\":3,\"name\":\"Blixtljus L\u00e5g Profil | R10 4LED Amber\"}]},{\"@type\":\"WebSite\",\"@id\":\"https:\/\/xenonkungen.com\/#website\",\"url\":\"https:\/\/xenonkungen.com\/\",\"name\":\"Xenonkungen\",\"description\":\"\",\"potentialAction\":[{\"@type\":\"SearchAction\",\"target\":{\"@type\":\"EntryPoint\",\"urlTemplate\":\"https:\/\/xenonkungen.com\/?s={search_term_string}\"},\"query-input\":{\"@type\":\"PropertyValueSpecification\",\"valueRequired\":true,\"valueName\":\"search_term_string\"}}],\"inLanguage\":\"fi\"}]}<\/script>\n<!-- \/ Yoast SEO plugin. -->","yoast_head_json":{"title":"Taskulamppu, matalaprofiilinen | R10 4LED, keltainen - Xenonkungen","robots":{"index":"index","follow":"follow","max-snippet":"max-snippet:-1","max-image-preview":"max-image-preview:large","max-video-preview":"max-video-preview:-1"},"canonical":"https:\/\/xenonkungen.com\/fi\/tuote\/salamavalo-lakiprofiili-r10-4led-keltainen\/","og_locale":"fi_FI","og_type":"article","og_title":"Blixtljus L\u00e5g Profil | R10 4LED Amber - Xenonkungen","og_description":"Amber\/Orange Low-Profile ECE R10 4LED Warning Lamp","og_url":"https:\/\/xenonkungen.com\/fi\/tuote\/salamavalo-lakiprofiili-r10-4led-keltainen\/","og_site_name":"Xenonkungen","article_modified_time":"2026-04-24T16:21:34+00:00","og_image":[{"width":800,"height":800,"url":"https:\/\/xenonkungen.com\/wp-content\/uploads\/2025\/04\/156122512-origpic-39a76e.jpg","type":"image\/jpeg"}],"twitter_card":"summary_large_image","twitter_misc":{"Arvioitu lukuaika":"1 minuutti"},"schema":{"@context":"https:\/\/schema.org","@graph":[{"@type":"WebPage","@id":"https:\/\/xenonkungen.com\/produkt\/blixtljus-lag-profil-r10-4led-amber\/","url":"https:\/\/xenonkungen.com\/produkt\/blixtljus-lag-profil-r10-4led-amber\/","name":"Taskulamppu, matalaprofiilinen | R10 4LED, keltainen - Xenonkungen","isPartOf":{"@id":"https:\/\/xenonkungen.com\/#website"},"primaryImageOfPage":{"@id":"https:\/\/xenonkungen.com\/produkt\/blixtljus-lag-profil-r10-4led-amber\/#primaryimage"},"image":{"@id":"https:\/\/xenonkungen.com\/produkt\/blixtljus-lag-profil-r10-4led-amber\/#primaryimage"},"thumbnailUrl":"https:\/\/xenonkungen.com\/wp-content\/uploads\/2025\/04\/156122512-origpic-39a76e.jpg","datePublished":"2025-04-15T10:08:46+00:00","dateModified":"2026-04-24T16:21:34+00:00","breadcrumb":{"@id":"https:\/\/xenonkungen.com\/produkt\/blixtljus-lag-profil-r10-4led-amber\/#breadcrumb"},"inLanguage":"fi","potentialAction":[{"@type":"ReadAction","target":["https:\/\/xenonkungen.com\/produkt\/blixtljus-lag-profil-r10-4led-amber\/"]}]},{"@type":"ImageObject","inLanguage":"fi","@id":"https:\/\/xenonkungen.com\/produkt\/blixtljus-lag-profil-r10-4led-amber\/#primaryimage","url":"https:\/\/xenonkungen.com\/wp-content\/uploads\/2025\/04\/156122512-origpic-39a76e.jpg","contentUrl":"https:\/\/xenonkungen.com\/wp-content\/uploads\/2025\/04\/156122512-origpic-39a76e.jpg","width":800,"height":800},{"@type":"BreadcrumbList","@id":"https:\/\/xenonkungen.com\/produkt\/blixtljus-lag-profil-r10-4led-amber\/#breadcrumb","itemListElement":[{"@type":"ListItem","position":1,"name":"Hem","item":"https:\/\/xenonkungen.com\/"},{"@type":"ListItem","position":2,"name":"Shop","item":"https:\/\/xenonkungen.com\/shop\/"},{"@type":"ListItem","position":3,"name":"Blixtljus L\u00e5g Profil | R10 4LED Amber"}]},{"@type":"WebSite","@id":"https:\/\/xenonkungen.com\/#website","url":"https:\/\/xenonkungen.com\/","name":"Xenonkungen","description":"","potentialAction":[{"@type":"SearchAction","target":{"@type":"EntryPoint","urlTemplate":"https:\/\/xenonkungen.com\/?s={search_term_string}"},"query-input":{"@type":"PropertyValueSpecification","valueRequired":true,"valueName":"search_term_string"}}],"inLanguage":"fi"}]}},"taxonomy_info":{"product_brand":[{"value":1252,"label":"LEA"}],"product_cat":[{"value":3042,"label":"L\u00c5G PROFIL"},{"value":2553,"label":"Blixtljus - Riktat varningsljus"},{"value":1061,"label":"Varningsljus"}],"pa_fuktskydd-varde-ipxx":[{"value":333,"label":"IP67"}],"pa_godkannande":[{"value":966,"label":"ECE, R10"}],"pa_storlek-mm":[{"value":2126,"label":"131x30x7"}],"pa_volt-v":[{"value":348,"label":"12, 24"}]},"featured_image_src_large":["https:\/\/xenonkungen.com\/wp-content\/uploads\/2025\/04\/156122512-origpic-39a76e.jpg",800,800,false],"author_info":[],"comment_info":0,"_links":{"self":[{"href":"https:\/\/xenonkungen.com\/fi\/wp-json\/wp\/v2\/product\/8687","targetHints":{"allow":["GET"]}}],"collection":[{"href":"https:\/\/xenonkungen.com\/fi\/wp-json\/wp\/v2\/product"}],"about":[{"href":"https:\/\/xenonkungen.com\/fi\/wp-json\/wp\/v2\/types\/product"}],"replies":[{"embeddable":true,"href":"https:\/\/xenonkungen.com\/fi\/wp-json\/wp\/v2\/comments?post=8687"}],"wp:featuredmedia":[{"embeddable":true,"href":"https:\/\/xenonkungen.com\/fi\/wp-json\/wp\/v2\/media\/8688"}],"wp:attachment":[{"href":"https:\/\/xenonkungen.com\/fi\/wp-json\/wp\/v2\/media?parent=8687"}],"wp:term":[{"taxonomy":"anvandningsomrade","embeddable":true,"href":"https:\/\/xenonkungen.com\/fi\/wp-json\/wp\/v2\/anvandningsomrade?post=8687"},{"taxonomy":"bilmarken","embeddable":true,"href":"https:\/\/xenonkungen.com\/fi\/wp-json\/wp\/v2\/bilmarken?post=8687"},{"taxonomy":"product_brand","embeddable":true,"href":"https:\/\/xenonkungen.com\/fi\/wp-json\/wp\/v2\/product_brand?post=8687"},{"taxonomy":"product_cat","embeddable":true,"href":"https:\/\/xenonkungen.com\/fi\/wp-json\/wp\/v2\/product_cat?post=8687"},{"taxonomy":"product_tag","embeddable":true,"href":"https:\/\/xenonkungen.com\/fi\/wp-json\/wp\/v2\/product_tag?post=8687"}],"curies":[{"name":"wp","href":"https:\/\/api.w.org\/{rel}","templated":true}]}}