{"id":8693,"date":"2025-04-15T10:08:46","date_gmt":"2025-04-15T10:08:46","guid":{"rendered":"https:\/\/xenonkungen.com\/product\/blixtljus-lag-profil-r10-4led-red\/"},"modified":"2026-04-11T00:58:08","modified_gmt":"2026-04-10T23:58:08","slug":"salamavalo-laki-profiili-r10-4led-punainen","status":"publish","type":"product","link":"https:\/\/xenonkungen.com\/fi\/tuote\/salamavalo-laki-profiili-r10-4led-punainen\/","title":{"rendered":"Taskulamppu Matala Profiili | R10 4LED Punainen"},"content":{"rendered":"<div class=\"container\">\n<h1>Matalaprofiilinen ECE R10 4LED punainen varoitusvalo<\/h1>\n<p>T\u00e4m\u00e4 matalaprofiilinen varoitusvalo, jossa on nelj\u00e4 tehokasta punaista LEDi\u00e4, on suunniteltu tarjoamaan optimaalinen n\u00e4kyvyys ja t\u00e4ytt\u00e4\u00e4 ECE R10 -s\u00e4hk\u00f6magneettisen yhteensopivuuden standardin. Sen kompakti ja huomaamaton muotoilu tekee siit\u00e4 t\u00e4ydellisen erilaisiin ajoneuvotyyppeihin, joissa tarvitaan tehokasta ja luotettavaa varoitusta.<\/p>\n<div class=\"features\">\n<h2>T\u00e4rkeimm\u00e4t ominaisuudet:<\/h2>\n<ul>\n<li><span class=\"highlight\">4 punaista LED-diodia:<\/span> Tarjoaa voimakkaan ja selke\u00e4n valaistuksen erinomaisen n\u00e4kyvyyden takaamiseksi.<\/li>\n<li><span class=\"highlight\">ECE R10 -hyv\u00e4ksytty:<\/span> Takaa, ett\u00e4 lamppu ei aiheuta s\u00e4hk\u00f6magneettisia h\u00e4iri\u00f6it\u00e4 ajoneuvossa.<\/li>\n<li><span class=\"highlight\">Matalaprofiilinen muotoilu:<\/span> Mahdollistaa helpon asennuksen ajoneuvoon h\u00e4iritsem\u00e4tt\u00e4 sen ulkon\u00e4k\u00f6\u00e4.<\/li>\n<li><span class=\"highlight\">Korkea hy\u00f6tysuhde:<\/span> LED-tekniikka takaa pitk\u00e4n k\u00e4ytt\u00f6i\u00e4n ja minimaalisen energiankulutuksen.<\/li>\n<li><span class=\"highlight\">S\u00e4\u00e4nkest\u00e4v\u00e4:<\/span> Rakennettu kest\u00e4m\u00e4\u00e4n vaativia s\u00e4\u00e4olosuhteita ja pitk\u00e4ik\u00e4isyytt\u00e4.<\/li>\n<\/ul>\n<\/div>\n<p>Edistyksellisten ominaisuuksiensa ja huomaamattoman muotoilunsa ansiosta t\u00e4m\u00e4 matalaprofiilinen 4-LED-punainen varoitusvalo on erinomainen valinta ajoneuvoihin, jotka vaativat luotettavaa n\u00e4kyvyytt\u00e4 ilman kompromisseja.<\/p>\n<\/div>\n<p><strong>Multivoltti:<\/strong> 12\/24V\u00a0<br \/><strong>Virrankulutus:<\/strong><br \/>\u2013 0,21 A<br \/><strong>Kosteussuojaus:<\/strong> IP67-suojaus<br \/><strong>Mitat:<\/strong> 131 x 30 x 7 mm<br \/><strong>Valtuutettu:<\/strong> ECE R10<\/p>\n<p><strong>Hyv\u00e4 tiet\u00e4\u00e4:<\/strong><\/p>\n<ul>\n<li>Useita valittavia salamakuvioita, mukaan lukien nelois- ja kaksoisvalot<\/li>\n<li>Synkronoi jopa 20 valoa<\/li>\n<li>Kiinnit\u00e4 ruuveilla tai vahvalla 3M-teipill\u00e4<\/li>\n<\/ul>\n<p><strong>Takuu:<\/strong> 2 vuotta<\/p>\n<p><iframe loading=\"lazy\" height=\"314\" src=\"https:\/\/www.youtube.com\/embed\/pZ_2lxjWaQ0\" width=\"560\" allowfullscreen=\"allowfullscreen\"><\/iframe><\/p>","protected":false},"excerpt":{"rendered":"<p>Matalaprofiilinen ECE R10 4LED punainen varoitusvalo<\/p>","protected":false},"featured_media":8694,"comment_status":"closed","ping_status":"open","template":"","meta":{"_acf_changed":false,"_smort_price_nok":"662","_smort_price_dkk":"421","_smort_price_eur":"56.36","_smort_sale_price_nok":"","_smort_sale_price_dkk":"","_smort_sale_price_eur":"","smort_restorder":"","shipmondo_restorder":"","_kad_blocks_custom_css":"","_kad_blocks_head_custom_js":"","_kad_blocks_body_custom_js":"","_kad_blocks_footer_custom_js":"","smort_custom_pricelist_1":"347.2","smort_custom_pricelist_2":"347.2","smort_custom_pricelist_3":"329.84","smort_custom_pricelist_4":"496","smort_custom_pricelist_5":"347.2"},"anvandningsomrade":[],"bilmarken":[],"product_brand":[1252],"product_cat":[2553,1061],"product_tag":[],"class_list":{"0":"post-8693","1":"product","2":"type-product","3":"status-publish","4":"has-post-thumbnail","6":"product_brand-lea","7":"product_cat-blixtljus-riktat-varningsljus","8":"product_cat-varningsljus","9":"pa_fuktskydd-varde-ipxx-ip67","10":"pa_godkannande-ece-r10","11":"pa_storlek-mm-131x30x7","12":"pa_volt-v-12-24","14":"first","15":"onbackorder","16":"taxable","17":"shipping-taxable","18":"purchasable","19":"product-type-simple"},"bundled_by":[],"bundle_stock_status":"onbackorder","bundle_stock_quantity":0,"bundle_virtual":false,"bundle_layout":"","bundle_add_to_cart_form_location":"","bundle_editable_in_cart":false,"bundle_sold_individually_context":"","bundle_item_grouping":"","bundle_min_size":"","bundle_max_size":"","bundle_price":[],"bundled_items":[],"bundle_sell_ids":[],"acf":[],"yoast_head":"<!-- This site is optimized with the Yoast SEO plugin v27.0 - https:\/\/yoast.com\/product\/yoast-seo-wordpress\/ -->\n<title>Blixtljus L\u00e5g Profil | R10 4LED Red - Xenonkungen<\/title>\n<meta name=\"robots\" content=\"index, follow, max-snippet:-1, max-image-preview:large, max-video-preview:-1\" \/>\n<link rel=\"canonical\" href=\"https:\/\/xenonkungen.com\/fi\/tuote\/salamavalo-laki-profiili-r10-4led-punainen\/\" \/>\n<meta property=\"og:locale\" content=\"fi_FI\" \/>\n<meta property=\"og:type\" content=\"article\" \/>\n<meta property=\"og:title\" content=\"Blixtljus L\u00e5g Profil | R10 4LED Red - Xenonkungen\" \/>\n<meta property=\"og:description\" content=\"Low-Profile ECE R10 4LED Red Warning Lamp\" \/>\n<meta property=\"og:url\" content=\"https:\/\/xenonkungen.com\/fi\/tuote\/salamavalo-laki-profiili-r10-4led-punainen\/\" \/>\n<meta property=\"og:site_name\" content=\"Xenonkungen\" \/>\n<meta property=\"article:modified_time\" content=\"2026-04-10T23:58:08+00:00\" \/>\n<meta property=\"og:image\" content=\"https:\/\/xenonkungen.com\/wp-content\/uploads\/2025\/04\/156122524-origpic-ed979c.jpg\" \/>\n\t<meta property=\"og:image:width\" content=\"800\" \/>\n\t<meta property=\"og:image:height\" content=\"800\" \/>\n\t<meta property=\"og:image:type\" content=\"image\/jpeg\" \/>\n<meta name=\"twitter:card\" content=\"summary_large_image\" \/>\n<meta name=\"twitter:label1\" content=\"Arvioitu lukuaika\" \/>\n\t<meta name=\"twitter:data1\" content=\"1 minuutti\" \/>\n<script type=\"application\/ld+json\" class=\"yoast-schema-graph\">{\"@context\":\"https:\/\/schema.org\",\"@graph\":[{\"@type\":\"WebPage\",\"@id\":\"https:\/\/xenonkungen.com\/produkt\/blixtljus-lag-profil-r10-4led-red\/\",\"url\":\"https:\/\/xenonkungen.com\/produkt\/blixtljus-lag-profil-r10-4led-red\/\",\"name\":\"Blixtljus L\u00e5g Profil | R10 4LED Red - Xenonkungen\",\"isPartOf\":{\"@id\":\"https:\/\/xenonkungen.com\/#website\"},\"primaryImageOfPage\":{\"@id\":\"https:\/\/xenonkungen.com\/produkt\/blixtljus-lag-profil-r10-4led-red\/#primaryimage\"},\"image\":{\"@id\":\"https:\/\/xenonkungen.com\/produkt\/blixtljus-lag-profil-r10-4led-red\/#primaryimage\"},\"thumbnailUrl\":\"https:\/\/xenonkungen.com\/wp-content\/uploads\/2025\/04\/156122524-origpic-ed979c.jpg\",\"datePublished\":\"2025-04-15T10:08:46+00:00\",\"dateModified\":\"2026-04-10T23:58:08+00:00\",\"breadcrumb\":{\"@id\":\"https:\/\/xenonkungen.com\/produkt\/blixtljus-lag-profil-r10-4led-red\/#breadcrumb\"},\"inLanguage\":\"fi\",\"potentialAction\":[{\"@type\":\"ReadAction\",\"target\":[\"https:\/\/xenonkungen.com\/produkt\/blixtljus-lag-profil-r10-4led-red\/\"]}]},{\"@type\":\"ImageObject\",\"inLanguage\":\"fi\",\"@id\":\"https:\/\/xenonkungen.com\/produkt\/blixtljus-lag-profil-r10-4led-red\/#primaryimage\",\"url\":\"https:\/\/xenonkungen.com\/wp-content\/uploads\/2025\/04\/156122524-origpic-ed979c.jpg\",\"contentUrl\":\"https:\/\/xenonkungen.com\/wp-content\/uploads\/2025\/04\/156122524-origpic-ed979c.jpg\",\"width\":800,\"height\":800},{\"@type\":\"BreadcrumbList\",\"@id\":\"https:\/\/xenonkungen.com\/produkt\/blixtljus-lag-profil-r10-4led-red\/#breadcrumb\",\"itemListElement\":[{\"@type\":\"ListItem\",\"position\":1,\"name\":\"Hem\",\"item\":\"https:\/\/xenonkungen.com\/\"},{\"@type\":\"ListItem\",\"position\":2,\"name\":\"Shop\",\"item\":\"https:\/\/xenonkungen.com\/shop\/\"},{\"@type\":\"ListItem\",\"position\":3,\"name\":\"Blixtljus L\u00e5g Profil | R10 4LED Red\"}]},{\"@type\":\"WebSite\",\"@id\":\"https:\/\/xenonkungen.com\/#website\",\"url\":\"https:\/\/xenonkungen.com\/\",\"name\":\"Xenonkungen\",\"description\":\"\",\"potentialAction\":[{\"@type\":\"SearchAction\",\"target\":{\"@type\":\"EntryPoint\",\"urlTemplate\":\"https:\/\/xenonkungen.com\/?s={search_term_string}\"},\"query-input\":{\"@type\":\"PropertyValueSpecification\",\"valueRequired\":true,\"valueName\":\"search_term_string\"}}],\"inLanguage\":\"fi\"}]}<\/script>\n<!-- \/ Yoast SEO plugin. -->","yoast_head_json":{"title":"Taskulamppu Matalaprofiilinen | R10 4LED Punainen - Ksenonvalo","robots":{"index":"index","follow":"follow","max-snippet":"max-snippet:-1","max-image-preview":"max-image-preview:large","max-video-preview":"max-video-preview:-1"},"canonical":"https:\/\/xenonkungen.com\/fi\/tuote\/salamavalo-laki-profiili-r10-4led-punainen\/","og_locale":"fi_FI","og_type":"article","og_title":"Blixtljus L\u00e5g Profil | R10 4LED Red - Xenonkungen","og_description":"Low-Profile ECE R10 4LED Red Warning Lamp","og_url":"https:\/\/xenonkungen.com\/fi\/tuote\/salamavalo-laki-profiili-r10-4led-punainen\/","og_site_name":"Xenonkungen","article_modified_time":"2026-04-10T23:58:08+00:00","og_image":[{"width":800,"height":800,"url":"https:\/\/xenonkungen.com\/wp-content\/uploads\/2025\/04\/156122524-origpic-ed979c.jpg","type":"image\/jpeg"}],"twitter_card":"summary_large_image","twitter_misc":{"Arvioitu lukuaika":"1 minuutti"},"schema":{"@context":"https:\/\/schema.org","@graph":[{"@type":"WebPage","@id":"https:\/\/xenonkungen.com\/produkt\/blixtljus-lag-profil-r10-4led-red\/","url":"https:\/\/xenonkungen.com\/produkt\/blixtljus-lag-profil-r10-4led-red\/","name":"Taskulamppu Matalaprofiilinen | R10 4LED Punainen - Ksenonvalo","isPartOf":{"@id":"https:\/\/xenonkungen.com\/#website"},"primaryImageOfPage":{"@id":"https:\/\/xenonkungen.com\/produkt\/blixtljus-lag-profil-r10-4led-red\/#primaryimage"},"image":{"@id":"https:\/\/xenonkungen.com\/produkt\/blixtljus-lag-profil-r10-4led-red\/#primaryimage"},"thumbnailUrl":"https:\/\/xenonkungen.com\/wp-content\/uploads\/2025\/04\/156122524-origpic-ed979c.jpg","datePublished":"2025-04-15T10:08:46+00:00","dateModified":"2026-04-10T23:58:08+00:00","breadcrumb":{"@id":"https:\/\/xenonkungen.com\/produkt\/blixtljus-lag-profil-r10-4led-red\/#breadcrumb"},"inLanguage":"fi","potentialAction":[{"@type":"ReadAction","target":["https:\/\/xenonkungen.com\/produkt\/blixtljus-lag-profil-r10-4led-red\/"]}]},{"@type":"ImageObject","inLanguage":"fi","@id":"https:\/\/xenonkungen.com\/produkt\/blixtljus-lag-profil-r10-4led-red\/#primaryimage","url":"https:\/\/xenonkungen.com\/wp-content\/uploads\/2025\/04\/156122524-origpic-ed979c.jpg","contentUrl":"https:\/\/xenonkungen.com\/wp-content\/uploads\/2025\/04\/156122524-origpic-ed979c.jpg","width":800,"height":800},{"@type":"BreadcrumbList","@id":"https:\/\/xenonkungen.com\/produkt\/blixtljus-lag-profil-r10-4led-red\/#breadcrumb","itemListElement":[{"@type":"ListItem","position":1,"name":"Hem","item":"https:\/\/xenonkungen.com\/"},{"@type":"ListItem","position":2,"name":"Shop","item":"https:\/\/xenonkungen.com\/shop\/"},{"@type":"ListItem","position":3,"name":"Blixtljus L\u00e5g Profil | R10 4LED Red"}]},{"@type":"WebSite","@id":"https:\/\/xenonkungen.com\/#website","url":"https:\/\/xenonkungen.com\/","name":"Xenonkungen","description":"","potentialAction":[{"@type":"SearchAction","target":{"@type":"EntryPoint","urlTemplate":"https:\/\/xenonkungen.com\/?s={search_term_string}"},"query-input":{"@type":"PropertyValueSpecification","valueRequired":true,"valueName":"search_term_string"}}],"inLanguage":"fi"}]}},"taxonomy_info":{"product_brand":[{"value":1252,"label":"LEA"}],"product_cat":[{"value":2553,"label":"Blixtljus - Riktat varningsljus"},{"value":1061,"label":"Varningsljus"}],"pa_fuktskydd-varde-ipxx":[{"value":333,"label":"IP67"}],"pa_godkannande":[{"value":966,"label":"ECE, R10"}],"pa_storlek-mm":[{"value":2126,"label":"131x30x7"}],"pa_volt-v":[{"value":348,"label":"12, 24"}]},"featured_image_src_large":["https:\/\/xenonkungen.com\/wp-content\/uploads\/2025\/04\/156122524-origpic-ed979c.jpg",800,800,false],"author_info":[],"comment_info":0,"_links":{"self":[{"href":"https:\/\/xenonkungen.com\/fi\/wp-json\/wp\/v2\/product\/8693","targetHints":{"allow":["GET"]}}],"collection":[{"href":"https:\/\/xenonkungen.com\/fi\/wp-json\/wp\/v2\/product"}],"about":[{"href":"https:\/\/xenonkungen.com\/fi\/wp-json\/wp\/v2\/types\/product"}],"replies":[{"embeddable":true,"href":"https:\/\/xenonkungen.com\/fi\/wp-json\/wp\/v2\/comments?post=8693"}],"wp:featuredmedia":[{"embeddable":true,"href":"https:\/\/xenonkungen.com\/fi\/wp-json\/wp\/v2\/media\/8694"}],"wp:attachment":[{"href":"https:\/\/xenonkungen.com\/fi\/wp-json\/wp\/v2\/media?parent=8693"}],"wp:term":[{"taxonomy":"anvandningsomrade","embeddable":true,"href":"https:\/\/xenonkungen.com\/fi\/wp-json\/wp\/v2\/anvandningsomrade?post=8693"},{"taxonomy":"bilmarken","embeddable":true,"href":"https:\/\/xenonkungen.com\/fi\/wp-json\/wp\/v2\/bilmarken?post=8693"},{"taxonomy":"product_brand","embeddable":true,"href":"https:\/\/xenonkungen.com\/fi\/wp-json\/wp\/v2\/product_brand?post=8693"},{"taxonomy":"product_cat","embeddable":true,"href":"https:\/\/xenonkungen.com\/fi\/wp-json\/wp\/v2\/product_cat?post=8693"},{"taxonomy":"product_tag","embeddable":true,"href":"https:\/\/xenonkungen.com\/fi\/wp-json\/wp\/v2\/product_tag?post=8693"}],"curies":[{"name":"wp","href":"https:\/\/api.w.org\/{rel}","templated":true}]}}