{"id":8699,"date":"2025-04-15T10:08:54","date_gmt":"2025-04-15T10:08:54","guid":{"rendered":"https:\/\/xenonkungen.com\/product\/blixtljus-lag-profil-r65-6led-amber\/"},"modified":"2026-04-24T17:21:42","modified_gmt":"2026-04-24T16:21:42","slug":"salamavalo-lakiprofiili-r65-6led-keltainen","status":"publish","type":"product","link":"https:\/\/xenonkungen.com\/fi\/tuote\/salamavalo-lakiprofiili-r65-6led-keltainen\/","title":{"rendered":"Vilkkuva valo matala profiili | R65 6LED Amber"},"content":{"rendered":"<div class=\"container\">\n<h1>Matalaprofiilinen ECE R65 R10 -hyv\u00e4ksytty 6LED-oranssi varoitusvalo<\/h1>\n<p>T\u00e4m\u00e4 matalaprofiilinen 6 LED:n keltainen varoitusvalo tarjoaa poikkeuksellisen n\u00e4kyvyyden yksinkertaisessa ja kompaktissa muodossa. Sek\u00e4 ECE R65- ett\u00e4 R10-hyv\u00e4ksynn\u00e4ll\u00e4 varustettu valo varmistaa, ett\u00e4 ajoneuvosi t\u00e4ytt\u00e4\u00e4 n\u00e4kyvyyden ja s\u00e4hk\u00f6magneettisen yhteensopivuuden tiukat vaatimukset, joten se sopii t\u00e4ydellisesti monenlaisiin k\u00e4ytt\u00f6tarkoituksiin.<\/p>\n<div class=\"features\">\n<h2>Ominaisuudet:<\/h2>\n<ul>\n<li><span class=\"highlight\">6 LEDi\u00e4:<\/span> Tarjoaa tehokkaan ja selke\u00e4n valaistuksen, jotta olet selv\u00e4sti n\u00e4kyviss\u00e4.<\/li>\n<li><span class=\"highlight\">ECE R65- ja R10-hyv\u00e4ksynn\u00e4t:<\/span> T\u00e4ytt\u00e4\u00e4 tiukat turvallisuusstandardit Euroopassa k\u00e4ytett\u00e4v\u00e4ksi.<\/li>\n<li><span class=\"highlight\">Matalaprofiilinen muotoilu:<\/span> Ohut ja huomaamaton, ihanteellinen asennettavaksi erilaisiin ajoneuvoihin.<\/li>\n<li><span class=\"highlight\">S\u00e4\u00e4nkest\u00e4v\u00e4:<\/span> Kest\u00e4\u00e4 ankaria s\u00e4\u00e4olosuhteita ja vedenpit\u00e4vyytt\u00e4, sopii k\u00e4ytett\u00e4v\u00e4ksi kaikissa olosuhteissa.<\/li>\n<li><span class=\"highlight\">Leveyden k\u00e4ytt\u00f6:<\/span> Sopii h\u00e4t\u00e4ajoneuvoille, ty\u00f6ajoneuvoille ja muille ajoneuvoille, jotka vaativat hyv\u00e4\u00e4 n\u00e4kyvyytt\u00e4.<\/li>\n<\/ul>\n<\/div>\n<p>Kest\u00e4v\u00e4n rakenteensa ja edistyneiden ominaisuuksiensa ansiosta t\u00e4m\u00e4 matalaprofiilinen oranssi varoitusvalo on luotettava valinta ajoneuvosi turvallisuuden ja n\u00e4kyvyyden parantamiseen.<\/p>\n<\/div>\n<p><strong>Hyv\u00e4 tiet\u00e4\u00e4:<\/strong><\/p>\n<ul>\n<li>19 valittavaa salamakuviota<\/li>\n<li>Synkronoi jopa 20 valoa<\/li>\n<li>Kiinnit\u00e4 ruuveilla tai vahvalla 3M-teipill\u00e4<\/li>\n<\/ul>\n<p><strong>Takuu:<\/strong> 2 vuotta<\/p>\n<p><iframe loading=\"lazy\" height=\"314\" src=\"https:\/\/www.youtube.com\/embed\/pZ_2lxjWaQ0\" width=\"560\" allowfullscreen=\"allowfullscreen\"><\/iframe><\/p>","protected":false},"excerpt":{"rendered":"<p>Matalaprofiilinen, matalaprofiilinen vilkkuvalo. Hyv\u00e4ksytty standardin ECE R65 R10 6LED mukaisesti.<\/p>","protected":false},"featured_media":8700,"comment_status":"closed","ping_status":"open","template":"","meta":{"_acf_changed":false,"_smort_price_nok":"1036","_smort_price_dkk":"658","_smort_price_eur":"88.18","_smort_sale_price_nok":"","_smort_sale_price_dkk":"","_smort_sale_price_eur":"","smort_restorder":"","shipmondo_restorder":"","_kad_blocks_custom_css":"","_kad_blocks_head_custom_js":"","_kad_blocks_body_custom_js":"","_kad_blocks_footer_custom_js":"","smort_custom_pricelist_1":"543.2","smort_custom_pricelist_2":"543.2","smort_custom_pricelist_3":"516.04","smort_custom_pricelist_4":"776","smort_custom_pricelist_5":"543.2"},"anvandningsomrade":[],"bilmarken":[],"product_brand":[1252],"product_cat":[3042,3041,2553,1061],"product_tag":[],"class_list":{"0":"post-8699","1":"product","2":"type-product","3":"status-publish","4":"has-post-thumbnail","6":"product_brand-lea","7":"product_cat-lag-profil-blixtljus","8":"product_cat-r65-blixtljus","9":"product_cat-blixtljus-riktat-varningsljus","10":"product_cat-varningsljus","11":"pa_fuktskydd-varde-ipxx-ip67","12":"pa_godkannande-ece-r10-r65","13":"pa_storlek-mm-13x30x7","14":"pa_volt-v-12-24","16":"first","17":"onbackorder","18":"taxable","19":"shipping-taxable","20":"purchasable","21":"product-type-simple"},"bundled_by":[],"bundle_stock_status":"onbackorder","bundle_stock_quantity":0,"bundle_virtual":false,"bundle_layout":"","bundle_add_to_cart_form_location":"","bundle_editable_in_cart":false,"bundle_sold_individually_context":"","bundle_item_grouping":"","bundle_min_size":"","bundle_max_size":"","bundle_price":[],"bundled_items":[],"bundle_sell_ids":[],"acf":[],"yoast_head":"<!-- This site is optimized with the Yoast SEO plugin v27.0 - https:\/\/yoast.com\/product\/yoast-seo-wordpress\/ -->\n<title>Blixtljus L\u00e5g Profil | R65 6LED Amber - Xenonkungen<\/title>\n<meta name=\"robots\" content=\"index, follow, max-snippet:-1, max-image-preview:large, max-video-preview:-1\" \/>\n<link rel=\"canonical\" href=\"https:\/\/xenonkungen.com\/fi\/tuote\/salamavalo-lakiprofiili-r65-6led-keltainen\/\" \/>\n<meta property=\"og:locale\" content=\"fi_FI\" \/>\n<meta property=\"og:type\" content=\"article\" \/>\n<meta property=\"og:title\" content=\"Blixtljus L\u00e5g Profil | R65 6LED Amber - Xenonkungen\" \/>\n<meta property=\"og:description\" content=\"Low-Profile, l\u00e5g profilerat blixljus. Godk\u00e4nd enligt ECE R65 R10 6LED\" \/>\n<meta property=\"og:url\" content=\"https:\/\/xenonkungen.com\/fi\/tuote\/salamavalo-lakiprofiili-r65-6led-keltainen\/\" \/>\n<meta property=\"og:site_name\" content=\"Xenonkungen\" \/>\n<meta property=\"article:modified_time\" content=\"2026-04-24T16:21:42+00:00\" \/>\n<meta property=\"og:image\" content=\"https:\/\/xenonkungen.com\/wp-content\/uploads\/2025\/04\/156122446-origpic-299cf1.jpg\" \/>\n\t<meta property=\"og:image:width\" content=\"800\" \/>\n\t<meta property=\"og:image:height\" content=\"800\" \/>\n\t<meta property=\"og:image:type\" content=\"image\/jpeg\" \/>\n<meta name=\"twitter:card\" content=\"summary_large_image\" \/>\n<meta name=\"twitter:label1\" content=\"Arvioitu lukuaika\" \/>\n\t<meta name=\"twitter:data1\" content=\"1 minuutti\" \/>\n<script type=\"application\/ld+json\" class=\"yoast-schema-graph\">{\"@context\":\"https:\/\/schema.org\",\"@graph\":[{\"@type\":\"WebPage\",\"@id\":\"https:\/\/xenonkungen.com\/produkt\/blixtljus-lag-profil-r65-6led-amber\/\",\"url\":\"https:\/\/xenonkungen.com\/produkt\/blixtljus-lag-profil-r65-6led-amber\/\",\"name\":\"Blixtljus L\u00e5g Profil | R65 6LED Amber - Xenonkungen\",\"isPartOf\":{\"@id\":\"https:\/\/xenonkungen.com\/#website\"},\"primaryImageOfPage\":{\"@id\":\"https:\/\/xenonkungen.com\/produkt\/blixtljus-lag-profil-r65-6led-amber\/#primaryimage\"},\"image\":{\"@id\":\"https:\/\/xenonkungen.com\/produkt\/blixtljus-lag-profil-r65-6led-amber\/#primaryimage\"},\"thumbnailUrl\":\"https:\/\/xenonkungen.com\/wp-content\/uploads\/2025\/04\/156122446-origpic-299cf1.jpg\",\"datePublished\":\"2025-04-15T10:08:54+00:00\",\"dateModified\":\"2026-04-24T16:21:42+00:00\",\"breadcrumb\":{\"@id\":\"https:\/\/xenonkungen.com\/produkt\/blixtljus-lag-profil-r65-6led-amber\/#breadcrumb\"},\"inLanguage\":\"fi\",\"potentialAction\":[{\"@type\":\"ReadAction\",\"target\":[\"https:\/\/xenonkungen.com\/produkt\/blixtljus-lag-profil-r65-6led-amber\/\"]}]},{\"@type\":\"ImageObject\",\"inLanguage\":\"fi\",\"@id\":\"https:\/\/xenonkungen.com\/produkt\/blixtljus-lag-profil-r65-6led-amber\/#primaryimage\",\"url\":\"https:\/\/xenonkungen.com\/wp-content\/uploads\/2025\/04\/156122446-origpic-299cf1.jpg\",\"contentUrl\":\"https:\/\/xenonkungen.com\/wp-content\/uploads\/2025\/04\/156122446-origpic-299cf1.jpg\",\"width\":800,\"height\":800},{\"@type\":\"BreadcrumbList\",\"@id\":\"https:\/\/xenonkungen.com\/produkt\/blixtljus-lag-profil-r65-6led-amber\/#breadcrumb\",\"itemListElement\":[{\"@type\":\"ListItem\",\"position\":1,\"name\":\"Hem\",\"item\":\"https:\/\/xenonkungen.com\/\"},{\"@type\":\"ListItem\",\"position\":2,\"name\":\"Shop\",\"item\":\"https:\/\/xenonkungen.com\/shop\/\"},{\"@type\":\"ListItem\",\"position\":3,\"name\":\"Blixtljus L\u00e5g Profil | R65 6LED Amber\"}]},{\"@type\":\"WebSite\",\"@id\":\"https:\/\/xenonkungen.com\/#website\",\"url\":\"https:\/\/xenonkungen.com\/\",\"name\":\"Xenonkungen\",\"description\":\"\",\"potentialAction\":[{\"@type\":\"SearchAction\",\"target\":{\"@type\":\"EntryPoint\",\"urlTemplate\":\"https:\/\/xenonkungen.com\/?s={search_term_string}\"},\"query-input\":{\"@type\":\"PropertyValueSpecification\",\"valueRequired\":true,\"valueName\":\"search_term_string\"}}],\"inLanguage\":\"fi\"}]}<\/script>\n<!-- \/ Yoast SEO plugin. -->","yoast_head_json":{"title":"Taskulamppu, matalaprofiilinen | R65 6LED, keltainen - Xenonkungen","robots":{"index":"index","follow":"follow","max-snippet":"max-snippet:-1","max-image-preview":"max-image-preview:large","max-video-preview":"max-video-preview:-1"},"canonical":"https:\/\/xenonkungen.com\/fi\/tuote\/salamavalo-lakiprofiili-r65-6led-keltainen\/","og_locale":"fi_FI","og_type":"article","og_title":"Blixtljus L\u00e5g Profil | R65 6LED Amber - Xenonkungen","og_description":"Low-Profile, l\u00e5g profilerat blixljus. Godk\u00e4nd enligt ECE R65 R10 6LED","og_url":"https:\/\/xenonkungen.com\/fi\/tuote\/salamavalo-lakiprofiili-r65-6led-keltainen\/","og_site_name":"Xenonkungen","article_modified_time":"2026-04-24T16:21:42+00:00","og_image":[{"width":800,"height":800,"url":"https:\/\/xenonkungen.com\/wp-content\/uploads\/2025\/04\/156122446-origpic-299cf1.jpg","type":"image\/jpeg"}],"twitter_card":"summary_large_image","twitter_misc":{"Arvioitu lukuaika":"1 minuutti"},"schema":{"@context":"https:\/\/schema.org","@graph":[{"@type":"WebPage","@id":"https:\/\/xenonkungen.com\/produkt\/blixtljus-lag-profil-r65-6led-amber\/","url":"https:\/\/xenonkungen.com\/produkt\/blixtljus-lag-profil-r65-6led-amber\/","name":"Taskulamppu, matalaprofiilinen | R65 6LED, keltainen - Xenonkungen","isPartOf":{"@id":"https:\/\/xenonkungen.com\/#website"},"primaryImageOfPage":{"@id":"https:\/\/xenonkungen.com\/produkt\/blixtljus-lag-profil-r65-6led-amber\/#primaryimage"},"image":{"@id":"https:\/\/xenonkungen.com\/produkt\/blixtljus-lag-profil-r65-6led-amber\/#primaryimage"},"thumbnailUrl":"https:\/\/xenonkungen.com\/wp-content\/uploads\/2025\/04\/156122446-origpic-299cf1.jpg","datePublished":"2025-04-15T10:08:54+00:00","dateModified":"2026-04-24T16:21:42+00:00","breadcrumb":{"@id":"https:\/\/xenonkungen.com\/produkt\/blixtljus-lag-profil-r65-6led-amber\/#breadcrumb"},"inLanguage":"fi","potentialAction":[{"@type":"ReadAction","target":["https:\/\/xenonkungen.com\/produkt\/blixtljus-lag-profil-r65-6led-amber\/"]}]},{"@type":"ImageObject","inLanguage":"fi","@id":"https:\/\/xenonkungen.com\/produkt\/blixtljus-lag-profil-r65-6led-amber\/#primaryimage","url":"https:\/\/xenonkungen.com\/wp-content\/uploads\/2025\/04\/156122446-origpic-299cf1.jpg","contentUrl":"https:\/\/xenonkungen.com\/wp-content\/uploads\/2025\/04\/156122446-origpic-299cf1.jpg","width":800,"height":800},{"@type":"BreadcrumbList","@id":"https:\/\/xenonkungen.com\/produkt\/blixtljus-lag-profil-r65-6led-amber\/#breadcrumb","itemListElement":[{"@type":"ListItem","position":1,"name":"Hem","item":"https:\/\/xenonkungen.com\/"},{"@type":"ListItem","position":2,"name":"Shop","item":"https:\/\/xenonkungen.com\/shop\/"},{"@type":"ListItem","position":3,"name":"Blixtljus L\u00e5g Profil | R65 6LED Amber"}]},{"@type":"WebSite","@id":"https:\/\/xenonkungen.com\/#website","url":"https:\/\/xenonkungen.com\/","name":"Xenonkungen","description":"","potentialAction":[{"@type":"SearchAction","target":{"@type":"EntryPoint","urlTemplate":"https:\/\/xenonkungen.com\/?s={search_term_string}"},"query-input":{"@type":"PropertyValueSpecification","valueRequired":true,"valueName":"search_term_string"}}],"inLanguage":"fi"}]}},"taxonomy_info":{"product_brand":[{"value":1252,"label":"LEA"}],"product_cat":[{"value":3042,"label":"L\u00c5G PROFIL"},{"value":3041,"label":"R65"},{"value":2553,"label":"Blixtljus - Riktat varningsljus"},{"value":1061,"label":"Varningsljus"}],"pa_fuktskydd-varde-ipxx":[{"value":333,"label":"IP67"}],"pa_godkannande":[{"value":936,"label":"ECE, R10, R65"}],"pa_storlek-mm":[{"value":2127,"label":"13x30x7"}],"pa_volt-v":[{"value":348,"label":"12, 24"}]},"featured_image_src_large":["https:\/\/xenonkungen.com\/wp-content\/uploads\/2025\/04\/156122446-origpic-299cf1.jpg",800,800,false],"author_info":[],"comment_info":0,"_links":{"self":[{"href":"https:\/\/xenonkungen.com\/fi\/wp-json\/wp\/v2\/product\/8699","targetHints":{"allow":["GET"]}}],"collection":[{"href":"https:\/\/xenonkungen.com\/fi\/wp-json\/wp\/v2\/product"}],"about":[{"href":"https:\/\/xenonkungen.com\/fi\/wp-json\/wp\/v2\/types\/product"}],"replies":[{"embeddable":true,"href":"https:\/\/xenonkungen.com\/fi\/wp-json\/wp\/v2\/comments?post=8699"}],"wp:featuredmedia":[{"embeddable":true,"href":"https:\/\/xenonkungen.com\/fi\/wp-json\/wp\/v2\/media\/8700"}],"wp:attachment":[{"href":"https:\/\/xenonkungen.com\/fi\/wp-json\/wp\/v2\/media?parent=8699"}],"wp:term":[{"taxonomy":"anvandningsomrade","embeddable":true,"href":"https:\/\/xenonkungen.com\/fi\/wp-json\/wp\/v2\/anvandningsomrade?post=8699"},{"taxonomy":"bilmarken","embeddable":true,"href":"https:\/\/xenonkungen.com\/fi\/wp-json\/wp\/v2\/bilmarken?post=8699"},{"taxonomy":"product_brand","embeddable":true,"href":"https:\/\/xenonkungen.com\/fi\/wp-json\/wp\/v2\/product_brand?post=8699"},{"taxonomy":"product_cat","embeddable":true,"href":"https:\/\/xenonkungen.com\/fi\/wp-json\/wp\/v2\/product_cat?post=8699"},{"taxonomy":"product_tag","embeddable":true,"href":"https:\/\/xenonkungen.com\/fi\/wp-json\/wp\/v2\/product_tag?post=8699"}],"curies":[{"name":"wp","href":"https:\/\/api.w.org\/{rel}","templated":true}]}}