{"id":8705,"date":"2025-04-15T10:08:54","date_gmt":"2025-04-15T10:08:54","guid":{"rendered":"https:\/\/xenonkungen.com\/product\/dimljus-maxilamp-1xcfe\/"},"modified":"2026-04-24T17:21:44","modified_gmt":"2026-04-24T16:21:44","slug":"sumuvalo-maxilamp-1xcfe","status":"publish","type":"product","link":"https:\/\/xenonkungen.com\/fi\/tuote\/sumuvalo-maxilamp-1xcfe\/","title":{"rendered":"Sumuvalo Maxilamp 1XCFE"},"content":{"rendered":"<h1>Takavalo sumuvalotoiminnolla - Maxilamp 1XCFE LED Autolamps -valaisimesta<\/h1>\n<p>Maxilamp 1XCFE LED Autolamps -valaisimesta on innovatiivinen takavalo, jossa on sumuvalo-toiminto ja 125 mm:n py\u00f6re\u00e4 euromalli, joka on suunniteltu t\u00e4ytt\u00e4m\u00e4\u00e4n ajoneuvojen turvallisuuden ja kest\u00e4vyyden korkeimmat vaatimukset. T\u00e4m\u00e4 valaisin ei ole vain toimiva osa ajoneuvoasi, vaan my\u00f6s kest\u00e4v\u00e4 ja tehokas valonl\u00e4hde, joka sopii t\u00e4ydellisesti vaihteleviin ajo-olosuhteisiin.<\/p>\n<h2>Vankka ja kest\u00e4v\u00e4 rakenne<\/h2>\n<p>Valaisimen runko on valmistettu iskunkest\u00e4v\u00e4st\u00e4 akryylist\u00e4 ja lasi polykarbonaatista, joka kest\u00e4\u00e4 hyvin puhdistusaineissa esiintyvi\u00e4 kemikaaleja. T\u00e4m\u00e4 vankka rakenne varmistaa, ett\u00e4 lamppu kest\u00e4\u00e4 fyysisi\u00e4 iskuja ja kemiallista korroosiota. Lis\u00e4ksi lamppu on varustettu laajennetulla UV-suojalla, joka minimoi ik\u00e4\u00e4ntymisriskin ja varmistaa, ett\u00e4 lamppu s\u00e4ilytt\u00e4\u00e4 kirkkautensa ja toimintakykyns\u00e4 ajan my\u00f6t\u00e4.<\/p>\n<h2>T\u00e4ysin upotettava ja kest\u00e4v\u00e4<\/h2>\n<p>Maxilamp 1XCFE on t\u00e4ysin upotettava takavalo, joka kest\u00e4\u00e4 kovia s\u00e4\u00e4olosuhteita ja korkeaa kosteutta. Ruostumattomasta ter\u00e4ksest\u00e4 valmistettu rakenne takaa pitk\u00e4n k\u00e4ytt\u00f6i\u00e4n ilman korroosiota. Lamppu on my\u00f6s iskunkest\u00e4v\u00e4, joten se on luotettava valonl\u00e4hde vaikeissa olosuhteissa. Voimakkaan kirkkautensa ansiosta erinomainen n\u00e4kyvyys on taattu kaikissa tilanteissa.<\/p>\n<h2>Energiatehokas ja tehokas<\/h2>\n<p>13,8 voltin j\u00e4nnitteell\u00e4 sumuvalo kuluttaa vain 0,38 A, ja 28 voltin j\u00e4nnitteell\u00e4 kulutus laskee 0,24 A:iin. T\u00e4m\u00e4 alhainen virrankulutus tekee Maxilamp 1XCFE:st\u00e4 energiatehokkaan valinnan, joka v\u00e4hent\u00e4\u00e4 osaltaan ymp\u00e4rist\u00f6vaikutuksia.<\/p>\n<h2>7 vuoden laatu- ja luotettavuustakuu<\/h2>\n<p>Seisomme Maxilamp 1XCFE:n laadun takana ja tarjoamme siksi runsaan 7 vuoden takuun. T\u00e4m\u00e4 takuu kuvastaa luottamustamme tuotteen kest\u00e4vyyteen ja suorituskykyyn ajan my\u00f6t\u00e4. Kun valitset Maxilamp 1XCFE:n LED Autolampilta, voit olla varma, ett\u00e4 saat laadukkaan ja luotettavan valonl\u00e4hteen, joka selviytyy tien vaativista haasteista.<\/p>","protected":false},"excerpt":{"rendered":"<p>Baklampa med Dimljusfunktion &#8211; Maxilamp 1XCFE fr\u00e5n LED Autolamps V\u00e5r Maxilamp 1XCFE fr\u00e5n LED Autolamps \u00e4r en innovativ baklampa med dimljusfunktion i ett 125mm runt Euro-utf\u00f6rande, designad f\u00f6r att m\u00f6ta de h\u00f6gsta standarderna f\u00f6r fordonss\u00e4kerhet och h\u00e5llbarhet. Den h\u00e4r lampan \u00e4r inte bara en funktionell del av ditt fordon, utan ocks\u00e5 en h\u00e5llbar och effektiv [&hellip;]<\/p>","protected":false},"featured_media":8706,"comment_status":"closed","ping_status":"open","template":"","meta":{"_acf_changed":false,"_smort_price_nok":"748","_smort_price_dkk":"475","_smort_price_eur":"63.63","_smort_sale_price_nok":"","_smort_sale_price_dkk":"","_smort_sale_price_eur":"","smort_restorder":"","shipmondo_restorder":"","_kad_blocks_custom_css":"","_kad_blocks_head_custom_js":"","_kad_blocks_body_custom_js":"","_kad_blocks_footer_custom_js":"","smort_custom_pricelist_1":"392","smort_custom_pricelist_2":"392","smort_custom_pricelist_3":"372.4","smort_custom_pricelist_4":"560","smort_custom_pricelist_5":"392"},"anvandningsomrade":[166,238,2816],"bilmarken":[],"product_brand":[1252],"product_cat":[3047,2584],"product_tag":[],"class_list":{"0":"post-8705","1":"product","2":"type-product","3":"status-publish","4":"has-post-thumbnail","6":"anvandningsomrade-lastbil","7":"anvandningsomrade-slap","8":"anvandningsomrade-trailer","9":"product_brand-lea","10":"product_cat-bakljus-kombination-rund","11":"product_cat-dimljus-slap","12":"pa_fuktskydd-varde-ipxx-ip67","13":"pa_godkannande-ece-emc","14":"pa_storlek-mm-125x40","15":"pa_volt-v-12-24","17":"first","18":"instock","19":"taxable","20":"shipping-taxable","21":"purchasable","22":"product-type-simple"},"bundled_by":[],"bundle_stock_status":"instock","bundle_stock_quantity":2,"bundle_virtual":false,"bundle_layout":"","bundle_add_to_cart_form_location":"","bundle_editable_in_cart":false,"bundle_sold_individually_context":"","bundle_item_grouping":"","bundle_min_size":"","bundle_max_size":"","bundle_price":[],"bundled_items":[],"bundle_sell_ids":[],"acf":[],"yoast_head":"<!-- This site is optimized with the Yoast SEO plugin v27.0 - https:\/\/yoast.com\/product\/yoast-seo-wordpress\/ -->\n<title>Dimljus Maxilamp 1XCFE - Xenonkungen<\/title>\n<meta name=\"robots\" content=\"index, follow, max-snippet:-1, max-image-preview:large, max-video-preview:-1\" \/>\n<link rel=\"canonical\" href=\"https:\/\/xenonkungen.com\/fi\/tuote\/sumuvalo-maxilamp-1xcfe\/\" \/>\n<meta property=\"og:locale\" content=\"fi_FI\" \/>\n<meta property=\"og:type\" content=\"article\" \/>\n<meta property=\"og:title\" content=\"Dimljus Maxilamp 1XCFE - Xenonkungen\" \/>\n<meta property=\"og:description\" content=\"Baklampa med Dimljusfunktion &#8211; Maxilamp 1XCFE fr\u00e5n LED Autolamps V\u00e5r Maxilamp 1XCFE fr\u00e5n LED Autolamps \u00e4r en innovativ baklampa med dimljusfunktion i ett 125mm runt Euro-utf\u00f6rande, designad f\u00f6r att m\u00f6ta de h\u00f6gsta standarderna f\u00f6r fordonss\u00e4kerhet och h\u00e5llbarhet. Den h\u00e4r lampan \u00e4r inte bara en funktionell del av ditt fordon, utan ocks\u00e5 en h\u00e5llbar och effektiv [&hellip;]\" \/>\n<meta property=\"og:url\" content=\"https:\/\/xenonkungen.com\/fi\/tuote\/sumuvalo-maxilamp-1xcfe\/\" \/>\n<meta property=\"og:site_name\" content=\"Xenonkungen\" \/>\n<meta property=\"article:modified_time\" content=\"2026-04-24T16:21:44+00:00\" \/>\n<meta property=\"og:image\" content=\"https:\/\/xenonkungen.com\/wp-content\/uploads\/2025\/04\/8495227-origpic-a32477.jpg\" \/>\n\t<meta property=\"og:image:width\" content=\"700\" \/>\n\t<meta property=\"og:image:height\" content=\"700\" \/>\n\t<meta property=\"og:image:type\" content=\"image\/jpeg\" \/>\n<meta name=\"twitter:card\" content=\"summary_large_image\" \/>\n<meta name=\"twitter:label1\" content=\"Arvioitu lukuaika\" \/>\n\t<meta name=\"twitter:data1\" content=\"2 minuuttia\" \/>\n<script type=\"application\/ld+json\" class=\"yoast-schema-graph\">{\"@context\":\"https:\/\/schema.org\",\"@graph\":[{\"@type\":\"WebPage\",\"@id\":\"https:\/\/xenonkungen.com\/produkt\/dimljus-maxilamp-1xcfe\/\",\"url\":\"https:\/\/xenonkungen.com\/produkt\/dimljus-maxilamp-1xcfe\/\",\"name\":\"Dimljus Maxilamp 1XCFE - Xenonkungen\",\"isPartOf\":{\"@id\":\"https:\/\/xenonkungen.com\/#website\"},\"primaryImageOfPage\":{\"@id\":\"https:\/\/xenonkungen.com\/produkt\/dimljus-maxilamp-1xcfe\/#primaryimage\"},\"image\":{\"@id\":\"https:\/\/xenonkungen.com\/produkt\/dimljus-maxilamp-1xcfe\/#primaryimage\"},\"thumbnailUrl\":\"https:\/\/xenonkungen.com\/wp-content\/uploads\/2025\/04\/8495227-origpic-a32477.jpg\",\"datePublished\":\"2025-04-15T10:08:54+00:00\",\"dateModified\":\"2026-04-24T16:21:44+00:00\",\"breadcrumb\":{\"@id\":\"https:\/\/xenonkungen.com\/produkt\/dimljus-maxilamp-1xcfe\/#breadcrumb\"},\"inLanguage\":\"fi\",\"potentialAction\":[{\"@type\":\"ReadAction\",\"target\":[\"https:\/\/xenonkungen.com\/produkt\/dimljus-maxilamp-1xcfe\/\"]}]},{\"@type\":\"ImageObject\",\"inLanguage\":\"fi\",\"@id\":\"https:\/\/xenonkungen.com\/produkt\/dimljus-maxilamp-1xcfe\/#primaryimage\",\"url\":\"https:\/\/xenonkungen.com\/wp-content\/uploads\/2025\/04\/8495227-origpic-a32477.jpg\",\"contentUrl\":\"https:\/\/xenonkungen.com\/wp-content\/uploads\/2025\/04\/8495227-origpic-a32477.jpg\",\"width\":700,\"height\":700},{\"@type\":\"BreadcrumbList\",\"@id\":\"https:\/\/xenonkungen.com\/produkt\/dimljus-maxilamp-1xcfe\/#breadcrumb\",\"itemListElement\":[{\"@type\":\"ListItem\",\"position\":1,\"name\":\"Hem\",\"item\":\"https:\/\/xenonkungen.com\/\"},{\"@type\":\"ListItem\",\"position\":2,\"name\":\"Shop\",\"item\":\"https:\/\/xenonkungen.com\/shop\/\"},{\"@type\":\"ListItem\",\"position\":3,\"name\":\"Dimljus Maxilamp 1XCFE\"}]},{\"@type\":\"WebSite\",\"@id\":\"https:\/\/xenonkungen.com\/#website\",\"url\":\"https:\/\/xenonkungen.com\/\",\"name\":\"Xenonkungen\",\"description\":\"\",\"potentialAction\":[{\"@type\":\"SearchAction\",\"target\":{\"@type\":\"EntryPoint\",\"urlTemplate\":\"https:\/\/xenonkungen.com\/?s={search_term_string}\"},\"query-input\":{\"@type\":\"PropertyValueSpecification\",\"valueRequired\":true,\"valueName\":\"search_term_string\"}}],\"inLanguage\":\"fi\"}]}<\/script>\n<!-- \/ Yoast SEO plugin. -->","yoast_head_json":{"title":"Sumuvalot Maxilamp 1XCFE - Xenonkungen","robots":{"index":"index","follow":"follow","max-snippet":"max-snippet:-1","max-image-preview":"max-image-preview:large","max-video-preview":"max-video-preview:-1"},"canonical":"https:\/\/xenonkungen.com\/fi\/tuote\/sumuvalo-maxilamp-1xcfe\/","og_locale":"fi_FI","og_type":"article","og_title":"Dimljus Maxilamp 1XCFE - Xenonkungen","og_description":"Baklampa med Dimljusfunktion &#8211; Maxilamp 1XCFE fr\u00e5n LED Autolamps V\u00e5r Maxilamp 1XCFE fr\u00e5n LED Autolamps \u00e4r en innovativ baklampa med dimljusfunktion i ett 125mm runt Euro-utf\u00f6rande, designad f\u00f6r att m\u00f6ta de h\u00f6gsta standarderna f\u00f6r fordonss\u00e4kerhet och h\u00e5llbarhet. Den h\u00e4r lampan \u00e4r inte bara en funktionell del av ditt fordon, utan ocks\u00e5 en h\u00e5llbar och effektiv [&hellip;]","og_url":"https:\/\/xenonkungen.com\/fi\/tuote\/sumuvalo-maxilamp-1xcfe\/","og_site_name":"Xenonkungen","article_modified_time":"2026-04-24T16:21:44+00:00","og_image":[{"width":700,"height":700,"url":"https:\/\/xenonkungen.com\/wp-content\/uploads\/2025\/04\/8495227-origpic-a32477.jpg","type":"image\/jpeg"}],"twitter_card":"summary_large_image","twitter_misc":{"Arvioitu lukuaika":"2 minuuttia"},"schema":{"@context":"https:\/\/schema.org","@graph":[{"@type":"WebPage","@id":"https:\/\/xenonkungen.com\/produkt\/dimljus-maxilamp-1xcfe\/","url":"https:\/\/xenonkungen.com\/produkt\/dimljus-maxilamp-1xcfe\/","name":"Sumuvalot Maxilamp 1XCFE - Xenonkungen","isPartOf":{"@id":"https:\/\/xenonkungen.com\/#website"},"primaryImageOfPage":{"@id":"https:\/\/xenonkungen.com\/produkt\/dimljus-maxilamp-1xcfe\/#primaryimage"},"image":{"@id":"https:\/\/xenonkungen.com\/produkt\/dimljus-maxilamp-1xcfe\/#primaryimage"},"thumbnailUrl":"https:\/\/xenonkungen.com\/wp-content\/uploads\/2025\/04\/8495227-origpic-a32477.jpg","datePublished":"2025-04-15T10:08:54+00:00","dateModified":"2026-04-24T16:21:44+00:00","breadcrumb":{"@id":"https:\/\/xenonkungen.com\/produkt\/dimljus-maxilamp-1xcfe\/#breadcrumb"},"inLanguage":"fi","potentialAction":[{"@type":"ReadAction","target":["https:\/\/xenonkungen.com\/produkt\/dimljus-maxilamp-1xcfe\/"]}]},{"@type":"ImageObject","inLanguage":"fi","@id":"https:\/\/xenonkungen.com\/produkt\/dimljus-maxilamp-1xcfe\/#primaryimage","url":"https:\/\/xenonkungen.com\/wp-content\/uploads\/2025\/04\/8495227-origpic-a32477.jpg","contentUrl":"https:\/\/xenonkungen.com\/wp-content\/uploads\/2025\/04\/8495227-origpic-a32477.jpg","width":700,"height":700},{"@type":"BreadcrumbList","@id":"https:\/\/xenonkungen.com\/produkt\/dimljus-maxilamp-1xcfe\/#breadcrumb","itemListElement":[{"@type":"ListItem","position":1,"name":"Hem","item":"https:\/\/xenonkungen.com\/"},{"@type":"ListItem","position":2,"name":"Shop","item":"https:\/\/xenonkungen.com\/shop\/"},{"@type":"ListItem","position":3,"name":"Dimljus Maxilamp 1XCFE"}]},{"@type":"WebSite","@id":"https:\/\/xenonkungen.com\/#website","url":"https:\/\/xenonkungen.com\/","name":"Xenonkungen","description":"","potentialAction":[{"@type":"SearchAction","target":{"@type":"EntryPoint","urlTemplate":"https:\/\/xenonkungen.com\/?s={search_term_string}"},"query-input":{"@type":"PropertyValueSpecification","valueRequired":true,"valueName":"search_term_string"}}],"inLanguage":"fi"}]}},"taxonomy_info":{"anvandningsomrade":[{"value":166,"label":"Lastbil"},{"value":238,"label":"SL\u00c4P"},{"value":2816,"label":"TRAILER"}],"product_brand":[{"value":1252,"label":"LEA"}],"product_cat":[{"value":3047,"label":"Bakljus Kombination Rund"},{"value":2584,"label":"Dimljus"}],"pa_fuktskydd-varde-ipxx":[{"value":333,"label":"IP67"}],"pa_godkannande":[{"value":1262,"label":"ECE, EMC"}],"pa_storlek-mm":[{"value":2128,"label":"125x40"}],"pa_volt-v":[{"value":348,"label":"12, 24"}]},"featured_image_src_large":["https:\/\/xenonkungen.com\/wp-content\/uploads\/2025\/04\/8495227-origpic-a32477.jpg",700,700,false],"author_info":[],"comment_info":0,"_links":{"self":[{"href":"https:\/\/xenonkungen.com\/fi\/wp-json\/wp\/v2\/product\/8705","targetHints":{"allow":["GET"]}}],"collection":[{"href":"https:\/\/xenonkungen.com\/fi\/wp-json\/wp\/v2\/product"}],"about":[{"href":"https:\/\/xenonkungen.com\/fi\/wp-json\/wp\/v2\/types\/product"}],"replies":[{"embeddable":true,"href":"https:\/\/xenonkungen.com\/fi\/wp-json\/wp\/v2\/comments?post=8705"}],"wp:featuredmedia":[{"embeddable":true,"href":"https:\/\/xenonkungen.com\/fi\/wp-json\/wp\/v2\/media\/8706"}],"wp:attachment":[{"href":"https:\/\/xenonkungen.com\/fi\/wp-json\/wp\/v2\/media?parent=8705"}],"wp:term":[{"taxonomy":"anvandningsomrade","embeddable":true,"href":"https:\/\/xenonkungen.com\/fi\/wp-json\/wp\/v2\/anvandningsomrade?post=8705"},{"taxonomy":"bilmarken","embeddable":true,"href":"https:\/\/xenonkungen.com\/fi\/wp-json\/wp\/v2\/bilmarken?post=8705"},{"taxonomy":"product_brand","embeddable":true,"href":"https:\/\/xenonkungen.com\/fi\/wp-json\/wp\/v2\/product_brand?post=8705"},{"taxonomy":"product_cat","embeddable":true,"href":"https:\/\/xenonkungen.com\/fi\/wp-json\/wp\/v2\/product_cat?post=8705"},{"taxonomy":"product_tag","embeddable":true,"href":"https:\/\/xenonkungen.com\/fi\/wp-json\/wp\/v2\/product_tag?post=8705"}],"curies":[{"name":"wp","href":"https:\/\/api.w.org\/{rel}","templated":true}]}}