{"id":8708,"date":"2025-04-15T10:08:54","date_gmt":"2025-04-15T10:08:54","guid":{"rendered":"https:\/\/xenonkungen.com\/product\/backljus-maxilamp-1xcwe-vit\/"},"modified":"2026-04-11T00:58:24","modified_gmt":"2026-04-10T23:58:24","slug":"peruutusvalo-maxilamp-1xcwe-valkoinen","status":"publish","type":"product","link":"https:\/\/xenonkungen.com\/fi\/tuote\/peruutusvalo-maxilamp-1xcwe-valkoinen\/","title":{"rendered":"Taustavalo Maxilamp 1XCWE Valkoinen"},"content":{"rendered":"<h1>Per\u00e4valo peruutustoiminnolla - Maxilamp 1XCWE LED Autolamps -valaisimelta<\/h1>\n<p>Uusin peruutustoiminnolla varustettu takavalomme 125 mm:n py\u00f6re\u00e4ss\u00e4 Euro-versiossa on lopullinen valaistusratkaisu kaikentyyppisiin ajoneuvoihin. T\u00e4m\u00e4 valo ei ole vain toimiva osa autoasi, vaan my\u00f6s teknologinen ihme, joka tarjoaa erinomaisen suorituskyvyn ja kest\u00e4vyyden.<\/p>\n<h2>Laadukas ja iskunkest\u00e4v\u00e4 lamppukotelo<\/h2>\n<p>Valaisimen runko on valmistettu iskunkest\u00e4v\u00e4st\u00e4 akryylist\u00e4, kun taas lasi on valmistettu polykarbonaatista, joka kest\u00e4\u00e4 hyvin puhdistusaineissa esiintyvi\u00e4 kemikaaleja. N\u00e4in varmistetaan, ett\u00e4 lamppu kest\u00e4\u00e4 fyysisten iskujen lis\u00e4ksi my\u00f6s kemiallisia vaurioita. Lis\u00e4ksi lamppu on varustettu laajennetulla UV-suojalla, joka est\u00e4\u00e4 vanhenemista ja varmistaa, ett\u00e4 lamppu s\u00e4ilytt\u00e4\u00e4 kirkkautensa ja tehokkuutensa vuosien ajan.<\/p>\n<h2>T\u00e4ysin upotettava ja kest\u00e4v\u00e4 rakenne<\/h2>\n<p>T\u00e4m\u00e4 takavalo on t\u00e4ysin upotuskelpoinen, joten se soveltuu erinomaisesti k\u00e4ytett\u00e4v\u00e4ksi haastavissa ymp\u00e4rist\u00f6iss\u00e4, mukaan lukien korkeassa kosteudessa tai sellaisissa ymp\u00e4rist\u00f6iss\u00e4, joissa altistuminen vedelle on yleist\u00e4. Ruostumattomasta ter\u00e4ksest\u00e4 valmistettu rakenne varmistaa, ett\u00e4 valaisin kest\u00e4\u00e4 korroosiota, ja sen iskunkest\u00e4vyys takaa kest\u00e4vyyden my\u00f6s vaikeissa olosuhteissa. My\u00f6s kirkkaus on vaikuttava, ja runsas teho takaa erinomaisen n\u00e4kyvyyden.<\/p>\n<h2>Energians\u00e4\u00e4st\u00f6 ja alhainen virrankulutus<\/h2>\n<p>13,8 voltin j\u00e4nnitteell\u00e4 peruutusvalo kuluttaa vain 0,39 A, ja 28 voltin j\u00e4nnitteell\u00e4 kulutus on viel\u00e4 pienempi, vain 0,23 A. T\u00e4m\u00e4 osoittaa lampun tehokkaan energiank\u00e4yt\u00f6n ja tekee siit\u00e4 ymp\u00e4rist\u00f6yst\u00e4v\u00e4llisen valinnan.<\/p>\n<h2>7 vuoden luotettavuustakuu<\/h2>\n<p>Olemme ylpeit\u00e4 voidessamme tarjota t\u00e4lle takavalolle runsaan 7 vuoden takuun, joka kuvastaa sitoutumistamme laatuun ja luottamustamme tuotteen suorituskykyyn ja kest\u00e4vyyteen. Kun valitset Maxilamp 1XCWE LED Autolampilta, voit luottaa siihen, ett\u00e4 saat tuotteen, joka ei ainoastaan tarjoa poikkeuksellista valaistustehoa, vaan my\u00f6s kest\u00e4\u00e4 aikaa.<\/p>","protected":false},"excerpt":{"rendered":"<p>Baklampa med Backljusfunktion &#8211; Maxilamp 1XCWE fr\u00e5n LED Autolamps V\u00e5r nyaste baklampa med backljusfunktion i 125mm runt Euro-utf\u00f6rande \u00e4r den ultimata belysningsl\u00f6sningen f\u00f6r alla typer av fordon. Denna lampa \u00e4r inte bara en funktionell del av din bil, utan ocks\u00e5 ett teknologiskt underverk som erbjuder enast\u00e5ende prestanda och h\u00e5llbarhet. H\u00f6gkvalitativt och Slagt\u00e5ligt Lamphus Lamphuset \u00e4r [&hellip;]<\/p>","protected":false},"featured_media":8709,"comment_status":"closed","ping_status":"open","template":"","meta":{"_acf_changed":false,"_smort_price_nok":"865","_smort_price_dkk":"550","_smort_price_eur":"73.63","_smort_sale_price_nok":"","_smort_sale_price_dkk":"","_smort_sale_price_eur":"","smort_restorder":"","shipmondo_restorder":"","_kad_blocks_custom_css":"","_kad_blocks_head_custom_js":"","_kad_blocks_body_custom_js":"","_kad_blocks_footer_custom_js":"","smort_custom_pricelist_1":"453.6","smort_custom_pricelist_2":"453.6","smort_custom_pricelist_3":"430.92","smort_custom_pricelist_4":"648","smort_custom_pricelist_5":"453.6"},"anvandningsomrade":[166,238,2816],"bilmarken":[],"product_brand":[1252],"product_cat":[2585],"product_tag":[],"class_list":{"0":"post-8708","1":"product","2":"type-product","3":"status-publish","4":"has-post-thumbnail","6":"anvandningsomrade-lastbil","7":"anvandningsomrade-slap","8":"anvandningsomrade-trailer","9":"product_brand-lea","10":"product_cat-backljus","11":"pa_fuktskydd-varde-ipxx-ip67","12":"pa_godkannande-ece-emc","13":"pa_storlek-mm-125x40","14":"pa_volt-v-12-24","16":"first","17":"instock","18":"taxable","19":"shipping-taxable","20":"purchasable","21":"product-type-simple"},"bundled_by":[],"bundle_stock_status":"instock","bundle_stock_quantity":1,"bundle_virtual":false,"bundle_layout":"","bundle_add_to_cart_form_location":"","bundle_editable_in_cart":false,"bundle_sold_individually_context":"","bundle_item_grouping":"","bundle_min_size":"","bundle_max_size":"","bundle_price":[],"bundled_items":[],"bundle_sell_ids":[],"acf":[],"yoast_head":"<!-- This site is optimized with the Yoast SEO plugin v27.0 - https:\/\/yoast.com\/product\/yoast-seo-wordpress\/ -->\n<title>Backljus Maxilamp 1XCWE Vit - Xenonkungen<\/title>\n<meta name=\"robots\" content=\"index, follow, max-snippet:-1, max-image-preview:large, max-video-preview:-1\" \/>\n<link rel=\"canonical\" href=\"https:\/\/xenonkungen.com\/fi\/tuote\/peruutusvalo-maxilamp-1xcwe-valkoinen\/\" \/>\n<meta property=\"og:locale\" content=\"fi_FI\" \/>\n<meta property=\"og:type\" content=\"article\" \/>\n<meta property=\"og:title\" content=\"Backljus Maxilamp 1XCWE Vit - Xenonkungen\" \/>\n<meta property=\"og:description\" content=\"Baklampa med Backljusfunktion &#8211; Maxilamp 1XCWE fr\u00e5n LED Autolamps V\u00e5r nyaste baklampa med backljusfunktion i 125mm runt Euro-utf\u00f6rande \u00e4r den ultimata belysningsl\u00f6sningen f\u00f6r alla typer av fordon. Denna lampa \u00e4r inte bara en funktionell del av din bil, utan ocks\u00e5 ett teknologiskt underverk som erbjuder enast\u00e5ende prestanda och h\u00e5llbarhet. H\u00f6gkvalitativt och Slagt\u00e5ligt Lamphus Lamphuset \u00e4r [&hellip;]\" \/>\n<meta property=\"og:url\" content=\"https:\/\/xenonkungen.com\/fi\/tuote\/peruutusvalo-maxilamp-1xcwe-valkoinen\/\" \/>\n<meta property=\"og:site_name\" content=\"Xenonkungen\" \/>\n<meta property=\"article:modified_time\" content=\"2026-04-10T23:58:24+00:00\" \/>\n<meta property=\"og:image\" content=\"https:\/\/xenonkungen.com\/wp-content\/uploads\/2025\/04\/8495242-origpic-fa24d5.jpg\" \/>\n\t<meta property=\"og:image:width\" content=\"600\" \/>\n\t<meta property=\"og:image:height\" content=\"600\" \/>\n\t<meta property=\"og:image:type\" content=\"image\/jpeg\" \/>\n<meta name=\"twitter:card\" content=\"summary_large_image\" \/>\n<meta name=\"twitter:label1\" content=\"Arvioitu lukuaika\" \/>\n\t<meta name=\"twitter:data1\" content=\"2 minuuttia\" \/>\n<script type=\"application\/ld+json\" class=\"yoast-schema-graph\">{\"@context\":\"https:\/\/schema.org\",\"@graph\":[{\"@type\":\"WebPage\",\"@id\":\"https:\/\/xenonkungen.com\/produkt\/backljus-maxilamp-1xcwe-vit\/\",\"url\":\"https:\/\/xenonkungen.com\/produkt\/backljus-maxilamp-1xcwe-vit\/\",\"name\":\"Backljus Maxilamp 1XCWE Vit - Xenonkungen\",\"isPartOf\":{\"@id\":\"https:\/\/xenonkungen.com\/#website\"},\"primaryImageOfPage\":{\"@id\":\"https:\/\/xenonkungen.com\/produkt\/backljus-maxilamp-1xcwe-vit\/#primaryimage\"},\"image\":{\"@id\":\"https:\/\/xenonkungen.com\/produkt\/backljus-maxilamp-1xcwe-vit\/#primaryimage\"},\"thumbnailUrl\":\"https:\/\/xenonkungen.com\/wp-content\/uploads\/2025\/04\/8495242-origpic-fa24d5.jpg\",\"datePublished\":\"2025-04-15T10:08:54+00:00\",\"dateModified\":\"2026-04-10T23:58:24+00:00\",\"breadcrumb\":{\"@id\":\"https:\/\/xenonkungen.com\/produkt\/backljus-maxilamp-1xcwe-vit\/#breadcrumb\"},\"inLanguage\":\"fi\",\"potentialAction\":[{\"@type\":\"ReadAction\",\"target\":[\"https:\/\/xenonkungen.com\/produkt\/backljus-maxilamp-1xcwe-vit\/\"]}]},{\"@type\":\"ImageObject\",\"inLanguage\":\"fi\",\"@id\":\"https:\/\/xenonkungen.com\/produkt\/backljus-maxilamp-1xcwe-vit\/#primaryimage\",\"url\":\"https:\/\/xenonkungen.com\/wp-content\/uploads\/2025\/04\/8495242-origpic-fa24d5.jpg\",\"contentUrl\":\"https:\/\/xenonkungen.com\/wp-content\/uploads\/2025\/04\/8495242-origpic-fa24d5.jpg\",\"width\":600,\"height\":600},{\"@type\":\"BreadcrumbList\",\"@id\":\"https:\/\/xenonkungen.com\/produkt\/backljus-maxilamp-1xcwe-vit\/#breadcrumb\",\"itemListElement\":[{\"@type\":\"ListItem\",\"position\":1,\"name\":\"Hem\",\"item\":\"https:\/\/xenonkungen.com\/\"},{\"@type\":\"ListItem\",\"position\":2,\"name\":\"Shop\",\"item\":\"https:\/\/xenonkungen.com\/shop\/\"},{\"@type\":\"ListItem\",\"position\":3,\"name\":\"Backljus Maxilamp 1XCWE Vit\"}]},{\"@type\":\"WebSite\",\"@id\":\"https:\/\/xenonkungen.com\/#website\",\"url\":\"https:\/\/xenonkungen.com\/\",\"name\":\"Xenonkungen\",\"description\":\"\",\"potentialAction\":[{\"@type\":\"SearchAction\",\"target\":{\"@type\":\"EntryPoint\",\"urlTemplate\":\"https:\/\/xenonkungen.com\/?s={search_term_string}\"},\"query-input\":{\"@type\":\"PropertyValueSpecification\",\"valueRequired\":true,\"valueName\":\"search_term_string\"}}],\"inLanguage\":\"fi\"}]}<\/script>\n<!-- \/ Yoast SEO plugin. -->","yoast_head_json":{"title":"Peruutusvalo Maxilamp 1XCWE Valkoinen - Xenon-kuningas","robots":{"index":"index","follow":"follow","max-snippet":"max-snippet:-1","max-image-preview":"max-image-preview:large","max-video-preview":"max-video-preview:-1"},"canonical":"https:\/\/xenonkungen.com\/fi\/tuote\/peruutusvalo-maxilamp-1xcwe-valkoinen\/","og_locale":"fi_FI","og_type":"article","og_title":"Backljus Maxilamp 1XCWE Vit - Xenonkungen","og_description":"Baklampa med Backljusfunktion &#8211; Maxilamp 1XCWE fr\u00e5n LED Autolamps V\u00e5r nyaste baklampa med backljusfunktion i 125mm runt Euro-utf\u00f6rande \u00e4r den ultimata belysningsl\u00f6sningen f\u00f6r alla typer av fordon. Denna lampa \u00e4r inte bara en funktionell del av din bil, utan ocks\u00e5 ett teknologiskt underverk som erbjuder enast\u00e5ende prestanda och h\u00e5llbarhet. H\u00f6gkvalitativt och Slagt\u00e5ligt Lamphus Lamphuset \u00e4r [&hellip;]","og_url":"https:\/\/xenonkungen.com\/fi\/tuote\/peruutusvalo-maxilamp-1xcwe-valkoinen\/","og_site_name":"Xenonkungen","article_modified_time":"2026-04-10T23:58:24+00:00","og_image":[{"width":600,"height":600,"url":"https:\/\/xenonkungen.com\/wp-content\/uploads\/2025\/04\/8495242-origpic-fa24d5.jpg","type":"image\/jpeg"}],"twitter_card":"summary_large_image","twitter_misc":{"Arvioitu lukuaika":"2 minuuttia"},"schema":{"@context":"https:\/\/schema.org","@graph":[{"@type":"WebPage","@id":"https:\/\/xenonkungen.com\/produkt\/backljus-maxilamp-1xcwe-vit\/","url":"https:\/\/xenonkungen.com\/produkt\/backljus-maxilamp-1xcwe-vit\/","name":"Peruutusvalo Maxilamp 1XCWE Valkoinen - Xenon-kuningas","isPartOf":{"@id":"https:\/\/xenonkungen.com\/#website"},"primaryImageOfPage":{"@id":"https:\/\/xenonkungen.com\/produkt\/backljus-maxilamp-1xcwe-vit\/#primaryimage"},"image":{"@id":"https:\/\/xenonkungen.com\/produkt\/backljus-maxilamp-1xcwe-vit\/#primaryimage"},"thumbnailUrl":"https:\/\/xenonkungen.com\/wp-content\/uploads\/2025\/04\/8495242-origpic-fa24d5.jpg","datePublished":"2025-04-15T10:08:54+00:00","dateModified":"2026-04-10T23:58:24+00:00","breadcrumb":{"@id":"https:\/\/xenonkungen.com\/produkt\/backljus-maxilamp-1xcwe-vit\/#breadcrumb"},"inLanguage":"fi","potentialAction":[{"@type":"ReadAction","target":["https:\/\/xenonkungen.com\/produkt\/backljus-maxilamp-1xcwe-vit\/"]}]},{"@type":"ImageObject","inLanguage":"fi","@id":"https:\/\/xenonkungen.com\/produkt\/backljus-maxilamp-1xcwe-vit\/#primaryimage","url":"https:\/\/xenonkungen.com\/wp-content\/uploads\/2025\/04\/8495242-origpic-fa24d5.jpg","contentUrl":"https:\/\/xenonkungen.com\/wp-content\/uploads\/2025\/04\/8495242-origpic-fa24d5.jpg","width":600,"height":600},{"@type":"BreadcrumbList","@id":"https:\/\/xenonkungen.com\/produkt\/backljus-maxilamp-1xcwe-vit\/#breadcrumb","itemListElement":[{"@type":"ListItem","position":1,"name":"Hem","item":"https:\/\/xenonkungen.com\/"},{"@type":"ListItem","position":2,"name":"Shop","item":"https:\/\/xenonkungen.com\/shop\/"},{"@type":"ListItem","position":3,"name":"Backljus Maxilamp 1XCWE Vit"}]},{"@type":"WebSite","@id":"https:\/\/xenonkungen.com\/#website","url":"https:\/\/xenonkungen.com\/","name":"Xenonkungen","description":"","potentialAction":[{"@type":"SearchAction","target":{"@type":"EntryPoint","urlTemplate":"https:\/\/xenonkungen.com\/?s={search_term_string}"},"query-input":{"@type":"PropertyValueSpecification","valueRequired":true,"valueName":"search_term_string"}}],"inLanguage":"fi"}]}},"taxonomy_info":{"anvandningsomrade":[{"value":166,"label":"Lastbil"},{"value":238,"label":"SL\u00c4P"},{"value":2816,"label":"TRAILER"}],"product_brand":[{"value":1252,"label":"LEA"}],"product_cat":[{"value":2585,"label":"Backljus"}],"pa_fuktskydd-varde-ipxx":[{"value":333,"label":"IP67"}],"pa_godkannande":[{"value":1262,"label":"ECE, EMC"}],"pa_storlek-mm":[{"value":2128,"label":"125x40"}],"pa_volt-v":[{"value":348,"label":"12, 24"}]},"featured_image_src_large":["https:\/\/xenonkungen.com\/wp-content\/uploads\/2025\/04\/8495242-origpic-fa24d5.jpg",600,600,false],"author_info":[],"comment_info":0,"_links":{"self":[{"href":"https:\/\/xenonkungen.com\/fi\/wp-json\/wp\/v2\/product\/8708","targetHints":{"allow":["GET"]}}],"collection":[{"href":"https:\/\/xenonkungen.com\/fi\/wp-json\/wp\/v2\/product"}],"about":[{"href":"https:\/\/xenonkungen.com\/fi\/wp-json\/wp\/v2\/types\/product"}],"replies":[{"embeddable":true,"href":"https:\/\/xenonkungen.com\/fi\/wp-json\/wp\/v2\/comments?post=8708"}],"wp:featuredmedia":[{"embeddable":true,"href":"https:\/\/xenonkungen.com\/fi\/wp-json\/wp\/v2\/media\/8709"}],"wp:attachment":[{"href":"https:\/\/xenonkungen.com\/fi\/wp-json\/wp\/v2\/media?parent=8708"}],"wp:term":[{"taxonomy":"anvandningsomrade","embeddable":true,"href":"https:\/\/xenonkungen.com\/fi\/wp-json\/wp\/v2\/anvandningsomrade?post=8708"},{"taxonomy":"bilmarken","embeddable":true,"href":"https:\/\/xenonkungen.com\/fi\/wp-json\/wp\/v2\/bilmarken?post=8708"},{"taxonomy":"product_brand","embeddable":true,"href":"https:\/\/xenonkungen.com\/fi\/wp-json\/wp\/v2\/product_brand?post=8708"},{"taxonomy":"product_cat","embeddable":true,"href":"https:\/\/xenonkungen.com\/fi\/wp-json\/wp\/v2\/product_cat?post=8708"},{"taxonomy":"product_tag","embeddable":true,"href":"https:\/\/xenonkungen.com\/fi\/wp-json\/wp\/v2\/product_tag?post=8708"}],"curies":[{"name":"wp","href":"https:\/\/api.w.org\/{rel}","templated":true}]}}