{"id":8721,"date":"2025-04-15T10:09:04","date_gmt":"2025-04-15T10:09:04","guid":{"rendered":"https:\/\/xenonkungen.com\/product\/baklampa-maxilamp-c1xre\/"},"modified":"2026-04-11T00:58:37","modified_gmt":"2026-04-10T23:58:37","slug":"takavalo-maxilamp-c1xre","status":"publish","type":"product","link":"https:\/\/xenonkungen.com\/fi\/tuote\/takavalo-maxilamp-c1xre\/","title":{"rendered":"Takavalo MaXilamp C1XRE"},"content":{"rendered":"<h2>Py\u00f6re\u00e4 yhdistelm\u00e4valo \u2013 jarruvalo, takavalo, vilkkuvalo ja heijastin<\/h2>\n<p>L\u00f6yd\u00e4 t\u00e4ydellinen ratkaisu ajoneuvosi valaistukseen valikoimastamme <strong>Py\u00f6re\u00e4 yhdistelm\u00e4valaisin<\/strong>Se yhdist\u00e4\u00e4 jarruvalon, takavalon, vilkun ja heijastimen kompaktissa ja tyylikk\u00e4\u00e4ss\u00e4 muotoilussa. T\u00e4m\u00e4 valaisin ei ainoastaan tarjoa optimaalista n\u00e4kyvyytt\u00e4 ja turvallisuutta, vaan my\u00f6s antaa ajoneuvollesi modernin ja tyylikk\u00e4\u00e4n ilmeen. Helppo asennus ja pitk\u00e4 kest\u00e4vyys tekev\u00e4t siit\u00e4 itsest\u00e4\u00e4n selv\u00e4n valinnan sek\u00e4 henkil\u00f6autoihin, per\u00e4vaunuihin ett\u00e4 muihin ajoneuvoihin.<\/p>\n<h3>Edut:<\/h3>\n<ul>\n<li>4 toimintoa yhdess\u00e4: jarruvalo, takavalo, vilkku ja heijastin<\/li>\n<li>Kompakti ja py\u00f6re\u00e4 muotoilu, joka sopii kaikentyyppisille ajoneuvoille<\/li>\n<li>Korkea kirkkaus parantaa turvallisuutta ja n\u00e4kyvyytt\u00e4<\/li>\n<li>Helppo asennus ja pitk\u00e4 k\u00e4ytt\u00f6ik\u00e4<\/li>\n<\/ul>\n<p>Anna ajoneuvollesi tyylik\u00e4s ja toimiva piristysruiske py\u00f6re\u00e4ll\u00e4 yhdistelm\u00e4valollamme!<\/p>","protected":false},"excerpt":{"rendered":"<p>Py\u00f6re\u00e4 yhdistelm\u00e4valo tarjoaa \u00e4lykk\u00e4\u00e4n ja tehokkaan ratkaisun, jossa on nelj\u00e4 toimintoa yhdess\u00e4 yksik\u00f6ss\u00e4: jarruvalo, takavalo, vilkku ja heijastin. Kompakti muotoilu on sek\u00e4 tyylik\u00e4s ett\u00e4 turvallinen, joten se sopii erinomaisesti kaikentyyppisiin ajoneuvoihin.<\/p>","protected":false},"featured_media":8722,"comment_status":"closed","ping_status":"open","template":"","meta":{"_acf_changed":false,"_smort_price_nok":"950","_smort_price_dkk":"603","_smort_price_eur":"80.81","_smort_sale_price_nok":"","_smort_sale_price_dkk":"","_smort_sale_price_eur":"","smort_restorder":"","shipmondo_restorder":"","_kad_blocks_custom_css":"","_kad_blocks_head_custom_js":"","_kad_blocks_body_custom_js":"","_kad_blocks_footer_custom_js":"","smort_custom_pricelist_1":"568.96","smort_custom_pricelist_2":"497.84","smort_custom_pricelist_3":"462.28","smort_custom_pricelist_4":"711.2","smort_custom_pricelist_5":"497.84"},"anvandningsomrade":[166,238,2816],"bilmarken":[],"product_brand":[1252],"product_cat":[2552],"product_tag":[],"class_list":{"0":"post-8721","1":"product","2":"type-product","3":"status-publish","4":"has-post-thumbnail","6":"anvandningsomrade-lastbil","7":"anvandningsomrade-slap","8":"anvandningsomrade-trailer","9":"product_brand-lea","10":"product_cat-bakljus-slap","11":"pa_fuktskydd-varde-ipxx-ip67","12":"pa_godkannande-ece-emc","13":"pa_storlek-mm-125x40","14":"pa_volt-v-12-24","16":"first","17":"onbackorder","18":"taxable","19":"shipping-taxable","20":"purchasable","21":"product-type-simple"},"bundled_by":[],"bundle_stock_status":"onbackorder","bundle_stock_quantity":0,"bundle_virtual":false,"bundle_layout":"","bundle_add_to_cart_form_location":"","bundle_editable_in_cart":false,"bundle_sold_individually_context":"","bundle_item_grouping":"","bundle_min_size":"","bundle_max_size":"","bundle_price":[],"bundled_items":[],"bundle_sell_ids":[],"acf":[],"yoast_head":"<!-- This site is optimized with the Yoast SEO plugin v27.0 - https:\/\/yoast.com\/product\/yoast-seo-wordpress\/ -->\n<title>Baklampa MaXilamp C1XRE - Xenonkungen<\/title>\n<meta name=\"robots\" content=\"index, follow, max-snippet:-1, max-image-preview:large, max-video-preview:-1\" \/>\n<link rel=\"canonical\" href=\"https:\/\/xenonkungen.com\/fi\/tuote\/takavalo-maxilamp-c1xre\/\" \/>\n<meta property=\"og:locale\" content=\"fi_FI\" \/>\n<meta property=\"og:type\" content=\"article\" \/>\n<meta property=\"og:title\" content=\"Baklampa MaXilamp C1XRE - Xenonkungen\" \/>\n<meta property=\"og:description\" content=\"Den runda kombinationslampan erbjuder en smart och effektiv l\u00f6sning med fyra funktioner i en enhet: bromsljus, bakljus, blinkers och reflektor. Den kompakta designen ger b\u00e5de stil och s\u00e4kerhet, vilket g\u00f6r den idealisk f\u00f6r alla typer av fordon.\" \/>\n<meta property=\"og:url\" content=\"https:\/\/xenonkungen.com\/fi\/tuote\/takavalo-maxilamp-c1xre\/\" \/>\n<meta property=\"og:site_name\" content=\"Xenonkungen\" \/>\n<meta property=\"article:modified_time\" content=\"2026-04-10T23:58:37+00:00\" \/>\n<meta property=\"og:image\" content=\"https:\/\/xenonkungen.com\/wp-content\/uploads\/2025\/04\/215587875-origpic-24c1fd.jpg\" \/>\n\t<meta property=\"og:image:width\" content=\"800\" \/>\n\t<meta property=\"og:image:height\" content=\"800\" \/>\n\t<meta property=\"og:image:type\" content=\"image\/jpeg\" \/>\n<meta name=\"twitter:card\" content=\"summary_large_image\" \/>\n<meta name=\"twitter:label1\" content=\"Arvioitu lukuaika\" \/>\n\t<meta name=\"twitter:data1\" content=\"1 minuutti\" \/>\n<script type=\"application\/ld+json\" class=\"yoast-schema-graph\">{\"@context\":\"https:\/\/schema.org\",\"@graph\":[{\"@type\":\"WebPage\",\"@id\":\"https:\/\/xenonkungen.com\/fi\/tuote\/takavalo-maxilamp-c1xre\/\",\"url\":\"https:\/\/xenonkungen.com\/fi\/tuote\/takavalo-maxilamp-c1xre\/\",\"name\":\"Baklampa MaXilamp C1XRE - Xenonkungen\",\"isPartOf\":{\"@id\":\"https:\/\/xenonkungen.com\/#website\"},\"primaryImageOfPage\":{\"@id\":\"https:\/\/xenonkungen.com\/fi\/tuote\/takavalo-maxilamp-c1xre\/#primaryimage\"},\"image\":{\"@id\":\"https:\/\/xenonkungen.com\/fi\/tuote\/takavalo-maxilamp-c1xre\/#primaryimage\"},\"thumbnailUrl\":\"https:\/\/xenonkungen.com\/wp-content\/uploads\/2025\/04\/215587875-origpic-24c1fd.jpg\",\"datePublished\":\"2025-04-15T10:09:04+00:00\",\"dateModified\":\"2026-04-10T23:58:37+00:00\",\"breadcrumb\":{\"@id\":\"https:\/\/xenonkungen.com\/fi\/tuote\/takavalo-maxilamp-c1xre\/#breadcrumb\"},\"inLanguage\":\"fi\",\"potentialAction\":[{\"@type\":\"ReadAction\",\"target\":[\"https:\/\/xenonkungen.com\/fi\/tuote\/takavalo-maxilamp-c1xre\/\"]}]},{\"@type\":\"ImageObject\",\"inLanguage\":\"fi\",\"@id\":\"https:\/\/xenonkungen.com\/fi\/tuote\/takavalo-maxilamp-c1xre\/#primaryimage\",\"url\":\"https:\/\/xenonkungen.com\/wp-content\/uploads\/2025\/04\/215587875-origpic-24c1fd.jpg\",\"contentUrl\":\"https:\/\/xenonkungen.com\/wp-content\/uploads\/2025\/04\/215587875-origpic-24c1fd.jpg\",\"width\":800,\"height\":800},{\"@type\":\"BreadcrumbList\",\"@id\":\"https:\/\/xenonkungen.com\/fi\/tuote\/takavalo-maxilamp-c1xre\/#breadcrumb\",\"itemListElement\":[{\"@type\":\"ListItem\",\"position\":1,\"name\":\"Hem\",\"item\":\"https:\/\/xenonkungen.com\/\"},{\"@type\":\"ListItem\",\"position\":2,\"name\":\"Shop\",\"item\":\"https:\/\/xenonkungen.com\/shop\/\"},{\"@type\":\"ListItem\",\"position\":3,\"name\":\"Baklampa MaXilamp C1XRE\"}]},{\"@type\":\"WebSite\",\"@id\":\"https:\/\/xenonkungen.com\/#website\",\"url\":\"https:\/\/xenonkungen.com\/\",\"name\":\"Xenonkungen\",\"description\":\"\",\"potentialAction\":[{\"@type\":\"SearchAction\",\"target\":{\"@type\":\"EntryPoint\",\"urlTemplate\":\"https:\/\/xenonkungen.com\/?s={search_term_string}\"},\"query-input\":{\"@type\":\"PropertyValueSpecification\",\"valueRequired\":true,\"valueName\":\"search_term_string\"}}],\"inLanguage\":\"fi\"}]}<\/script>\n<!-- \/ Yoast SEO plugin. -->","yoast_head_json":{"title":"Takavalo MaXilamp C1XRE - Xenon King","robots":{"index":"index","follow":"follow","max-snippet":"max-snippet:-1","max-image-preview":"max-image-preview:large","max-video-preview":"max-video-preview:-1"},"canonical":"https:\/\/xenonkungen.com\/fi\/tuote\/takavalo-maxilamp-c1xre\/","og_locale":"fi_FI","og_type":"article","og_title":"Baklampa MaXilamp C1XRE - Xenonkungen","og_description":"Den runda kombinationslampan erbjuder en smart och effektiv l\u00f6sning med fyra funktioner i en enhet: bromsljus, bakljus, blinkers och reflektor. Den kompakta designen ger b\u00e5de stil och s\u00e4kerhet, vilket g\u00f6r den idealisk f\u00f6r alla typer av fordon.","og_url":"https:\/\/xenonkungen.com\/fi\/tuote\/takavalo-maxilamp-c1xre\/","og_site_name":"Xenonkungen","article_modified_time":"2026-04-10T23:58:37+00:00","og_image":[{"width":800,"height":800,"url":"https:\/\/xenonkungen.com\/wp-content\/uploads\/2025\/04\/215587875-origpic-24c1fd.jpg","type":"image\/jpeg"}],"twitter_card":"summary_large_image","twitter_misc":{"Arvioitu lukuaika":"1 minuutti"},"schema":{"@context":"https:\/\/schema.org","@graph":[{"@type":"WebPage","@id":"https:\/\/xenonkungen.com\/fi\/tuote\/takavalo-maxilamp-c1xre\/","url":"https:\/\/xenonkungen.com\/fi\/tuote\/takavalo-maxilamp-c1xre\/","name":"Takavalo MaXilamp C1XRE - Xenon King","isPartOf":{"@id":"https:\/\/xenonkungen.com\/#website"},"primaryImageOfPage":{"@id":"https:\/\/xenonkungen.com\/fi\/tuote\/takavalo-maxilamp-c1xre\/#primaryimage"},"image":{"@id":"https:\/\/xenonkungen.com\/fi\/tuote\/takavalo-maxilamp-c1xre\/#primaryimage"},"thumbnailUrl":"https:\/\/xenonkungen.com\/wp-content\/uploads\/2025\/04\/215587875-origpic-24c1fd.jpg","datePublished":"2025-04-15T10:09:04+00:00","dateModified":"2026-04-10T23:58:37+00:00","breadcrumb":{"@id":"https:\/\/xenonkungen.com\/fi\/tuote\/takavalo-maxilamp-c1xre\/#breadcrumb"},"inLanguage":"fi","potentialAction":[{"@type":"ReadAction","target":["https:\/\/xenonkungen.com\/fi\/tuote\/takavalo-maxilamp-c1xre\/"]}]},{"@type":"ImageObject","inLanguage":"fi","@id":"https:\/\/xenonkungen.com\/fi\/tuote\/takavalo-maxilamp-c1xre\/#primaryimage","url":"https:\/\/xenonkungen.com\/wp-content\/uploads\/2025\/04\/215587875-origpic-24c1fd.jpg","contentUrl":"https:\/\/xenonkungen.com\/wp-content\/uploads\/2025\/04\/215587875-origpic-24c1fd.jpg","width":800,"height":800},{"@type":"BreadcrumbList","@id":"https:\/\/xenonkungen.com\/fi\/tuote\/takavalo-maxilamp-c1xre\/#breadcrumb","itemListElement":[{"@type":"ListItem","position":1,"name":"Hem","item":"https:\/\/xenonkungen.com\/"},{"@type":"ListItem","position":2,"name":"Shop","item":"https:\/\/xenonkungen.com\/shop\/"},{"@type":"ListItem","position":3,"name":"Baklampa MaXilamp C1XRE"}]},{"@type":"WebSite","@id":"https:\/\/xenonkungen.com\/#website","url":"https:\/\/xenonkungen.com\/","name":"Xenonkungen","description":"","potentialAction":[{"@type":"SearchAction","target":{"@type":"EntryPoint","urlTemplate":"https:\/\/xenonkungen.com\/?s={search_term_string}"},"query-input":{"@type":"PropertyValueSpecification","valueRequired":true,"valueName":"search_term_string"}}],"inLanguage":"fi"}]}},"taxonomy_info":{"anvandningsomrade":[{"value":166,"label":"Lastbil"},{"value":238,"label":"SL\u00c4P"},{"value":2816,"label":"TRAILER"}],"product_brand":[{"value":1252,"label":"LEA"}],"product_cat":[{"value":2552,"label":"Bakljus"}],"pa_fuktskydd-varde-ipxx":[{"value":333,"label":"IP67"}],"pa_godkannande":[{"value":1262,"label":"ECE, EMC"}],"pa_storlek-mm":[{"value":2128,"label":"125x40"}],"pa_volt-v":[{"value":348,"label":"12, 24"}]},"featured_image_src_large":["https:\/\/xenonkungen.com\/wp-content\/uploads\/2025\/04\/215587875-origpic-24c1fd.jpg",800,800,false],"author_info":[],"comment_info":0,"_links":{"self":[{"href":"https:\/\/xenonkungen.com\/fi\/wp-json\/wp\/v2\/product\/8721","targetHints":{"allow":["GET"]}}],"collection":[{"href":"https:\/\/xenonkungen.com\/fi\/wp-json\/wp\/v2\/product"}],"about":[{"href":"https:\/\/xenonkungen.com\/fi\/wp-json\/wp\/v2\/types\/product"}],"replies":[{"embeddable":true,"href":"https:\/\/xenonkungen.com\/fi\/wp-json\/wp\/v2\/comments?post=8721"}],"wp:featuredmedia":[{"embeddable":true,"href":"https:\/\/xenonkungen.com\/fi\/wp-json\/wp\/v2\/media\/8722"}],"wp:attachment":[{"href":"https:\/\/xenonkungen.com\/fi\/wp-json\/wp\/v2\/media?parent=8721"}],"wp:term":[{"taxonomy":"anvandningsomrade","embeddable":true,"href":"https:\/\/xenonkungen.com\/fi\/wp-json\/wp\/v2\/anvandningsomrade?post=8721"},{"taxonomy":"bilmarken","embeddable":true,"href":"https:\/\/xenonkungen.com\/fi\/wp-json\/wp\/v2\/bilmarken?post=8721"},{"taxonomy":"product_brand","embeddable":true,"href":"https:\/\/xenonkungen.com\/fi\/wp-json\/wp\/v2\/product_brand?post=8721"},{"taxonomy":"product_cat","embeddable":true,"href":"https:\/\/xenonkungen.com\/fi\/wp-json\/wp\/v2\/product_cat?post=8721"},{"taxonomy":"product_tag","embeddable":true,"href":"https:\/\/xenonkungen.com\/fi\/wp-json\/wp\/v2\/product_tag?post=8721"}],"curies":[{"name":"wp","href":"https:\/\/api.w.org\/{rel}","templated":true}]}}