{"id":8771,"date":"2025-04-15T10:09:30","date_gmt":"2025-04-15T10:09:30","guid":{"rendered":"https:\/\/xenonkungen.com\/product\/blixtljus-slimline-3led-r10-vit\/"},"modified":"2026-04-11T00:59:19","modified_gmt":"2026-04-10T23:59:19","slug":"taskulamppu-ohut-3led-r10-valkoinen","status":"publish","type":"product","link":"https:\/\/xenonkungen.com\/fi\/tuote\/taskulamppu-ohut-3led-r10-valkoinen\/","title":{"rendered":"Taskulamppu Slimline 3LED R10 Valkoinen"},"content":{"rendered":"<div class=\"container\">\n<h1>Valkoinen ECE R10 -merkin kapea suuntavilkku, jossa 3 LEDi\u00e4<\/h1>\n<p>T\u00e4m\u00e4 valkoinen ECE R10 Slimline -suuntavilkku on varustettu kolmella LEDill\u00e4, jotka tarjoavat tehokkaan ja selke\u00e4n valaistuksen, joka sopii erinomaisesti monenlaisiin k\u00e4ytt\u00f6tarkoituksiin. Ohuen muotoilunsa ja korkealaatuisten materiaaliensa ansiosta t\u00e4m\u00e4 valo tarjoaa optimaalisen tasapainon toiminnallisuuden, kest\u00e4vyyden ja estetiikan v\u00e4lill\u00e4.<\/p>\n<div class=\"features\">\n<h2>Esittelyss\u00e4 olevat ominaisuudet:<\/h2>\n<ul>\n<li><span class=\"highlight\">3 LED-diodia:<\/span> Tarjoaa voimakkaan ja suunnatun valkoisen valaistuksen parantaen n\u00e4kyvyytt\u00e4 ja turvallisuutta.<\/li>\n<li><span class=\"highlight\">ECE R10-sertifioitu:<\/span> T\u00e4ytt\u00e4\u00e4 eurooppalaiset s\u00e4hk\u00f6magneettisen yhteensopivuuden standardit, mik\u00e4 varmistaa, ett\u00e4 lamppu ei h\u00e4iritse muita ajoneuvon elektronisia j\u00e4rjestelmi\u00e4.<\/li>\n<li><span class=\"highlight\">Ohut muotoilu:<\/span> Moderni ja huomaamaton, helppo asentaa ajoneuvoihin olematta silmiinpist\u00e4v\u00e4.<\/li>\n<li><span class=\"highlight\">S\u00e4\u00e4nkest\u00e4v\u00e4:<\/span> Valmistettu kest\u00e4m\u00e4\u00e4n ankaria s\u00e4\u00e4olosuhteita, joten se on luotettava ratkaisu kaikkiin ilmastoihin.<\/li>\n<li><span class=\"highlight\">K\u00e4ytt\u00f6alueet:<\/span> Ihanteellinen h\u00e4t\u00e4ajoneuvoille, hy\u00f6tyajoneuvoille ja muihin tilanteisiin, joissa n\u00e4kyvyyden parantaminen on ratkaisevan t\u00e4rke\u00e4\u00e4.<\/li>\n<\/ul>\n<\/div>\n<p>Edistyksellisten ominaisuuksiensa ja huomaamattoman ulkon\u00e4k\u00f6ns\u00e4 ansiosta t\u00e4m\u00e4 valkoinen ECE R10 Slimline -suuntavilkku, jossa on 3 LEDi\u00e4, on erinomainen lis\u00e4 mihin tahansa ajoneuvoon, joka vaatii luotettavaa ja tehokasta varoitustoimintoa.<\/p>\n<\/div>\n<p><strong>Hyv\u00e4 tiet\u00e4\u00e4:<\/strong><\/p>\n<ul>\n<li>6 valittavaa salamakuviota<\/li>\n<li>Vahva alumiinikotelo ja kest\u00e4v\u00e4 polykarbonaattilinssi<\/li>\n<li>Kaksi pulttikiinnityst\u00e4<\/li>\n<\/ul>\n<p><strong>Takuu:<\/strong> 2 vuotta<\/p>","protected":false},"excerpt":{"rendered":"<p>Valkoinen ECE R10 -standardin mukainen kapea suuntavilkku - 3LED<\/p>","protected":false},"featured_media":8772,"comment_status":"closed","ping_status":"open","template":"","meta":{"_acf_changed":false,"_smort_price_nok":"1036","_smort_price_dkk":"658","_smort_price_eur":"88.18","_smort_sale_price_nok":"","_smort_sale_price_dkk":"","_smort_sale_price_eur":"","smort_restorder":"","shipmondo_restorder":"","_kad_blocks_custom_css":"","_kad_blocks_head_custom_js":"","_kad_blocks_body_custom_js":"","_kad_blocks_footer_custom_js":"","smort_custom_pricelist_1":"543.2","smort_custom_pricelist_2":"543.2","smort_custom_pricelist_3":"516.04","smort_custom_pricelist_4":"776","smort_custom_pricelist_5":"543.2"},"anvandningsomrade":[],"bilmarken":[],"product_brand":[1252],"product_cat":[2553,1061],"product_tag":[],"class_list":{"0":"post-8771","1":"product","2":"type-product","3":"status-publish","4":"has-post-thumbnail","6":"product_brand-lea","7":"product_cat-blixtljus-riktat-varningsljus","8":"product_cat-varningsljus","9":"pa_fuktskydd-varde-ipxx-ip67","10":"pa_godkannande-ece-r10-r65","11":"pa_storlek-mm-79x24x15","12":"pa_volt-v-10-30","14":"first","15":"instock","16":"taxable","17":"shipping-taxable","18":"purchasable","19":"product-type-simple"},"bundled_by":[],"bundle_stock_status":"instock","bundle_stock_quantity":6,"bundle_virtual":false,"bundle_layout":"","bundle_add_to_cart_form_location":"","bundle_editable_in_cart":false,"bundle_sold_individually_context":"","bundle_item_grouping":"","bundle_min_size":"","bundle_max_size":"","bundle_price":[],"bundled_items":[],"bundle_sell_ids":[],"acf":[],"yoast_head":"<!-- This site is optimized with the Yoast SEO plugin v27.0 - https:\/\/yoast.com\/product\/yoast-seo-wordpress\/ -->\n<title>Blixtljus Slimline 3LED R10 Vit - Xenonkungen<\/title>\n<meta name=\"robots\" content=\"index, follow, max-snippet:-1, max-image-preview:large, max-video-preview:-1\" \/>\n<link rel=\"canonical\" href=\"https:\/\/xenonkungen.com\/fi\/tuote\/taskulamppu-ohut-3led-r10-valkoinen\/\" \/>\n<meta property=\"og:locale\" content=\"fi_FI\" \/>\n<meta property=\"og:type\" content=\"article\" \/>\n<meta property=\"og:title\" content=\"Blixtljus Slimline 3LED R10 Vit - Xenonkungen\" \/>\n<meta property=\"og:description\" content=\"White ECE R10 Slimline Directional Warning Lamp - 3LED\" \/>\n<meta property=\"og:url\" content=\"https:\/\/xenonkungen.com\/fi\/tuote\/taskulamppu-ohut-3led-r10-valkoinen\/\" \/>\n<meta property=\"og:site_name\" content=\"Xenonkungen\" \/>\n<meta property=\"article:modified_time\" content=\"2026-04-10T23:59:19+00:00\" \/>\n<meta property=\"og:image\" content=\"https:\/\/xenonkungen.com\/wp-content\/uploads\/2025\/04\/156130106-origpic-7fa27d.jpg\" \/>\n\t<meta property=\"og:image:width\" content=\"800\" \/>\n\t<meta property=\"og:image:height\" content=\"800\" \/>\n\t<meta property=\"og:image:type\" content=\"image\/jpeg\" \/>\n<meta name=\"twitter:card\" content=\"summary_large_image\" \/>\n<meta name=\"twitter:label1\" content=\"Arvioitu lukuaika\" \/>\n\t<meta name=\"twitter:data1\" content=\"1 minuutti\" \/>\n<script type=\"application\/ld+json\" class=\"yoast-schema-graph\">{\"@context\":\"https:\/\/schema.org\",\"@graph\":[{\"@type\":\"WebPage\",\"@id\":\"https:\/\/xenonkungen.com\/dk\/vare\/slimline-3led-r10-hvid-lommelygte\/\",\"url\":\"https:\/\/xenonkungen.com\/dk\/vare\/slimline-3led-r10-hvid-lommelygte\/\",\"name\":\"Blixtljus Slimline 3LED R10 Vit - Xenonkungen\",\"isPartOf\":{\"@id\":\"https:\/\/xenonkungen.com\/#website\"},\"primaryImageOfPage\":{\"@id\":\"https:\/\/xenonkungen.com\/dk\/vare\/slimline-3led-r10-hvid-lommelygte\/#primaryimage\"},\"image\":{\"@id\":\"https:\/\/xenonkungen.com\/dk\/vare\/slimline-3led-r10-hvid-lommelygte\/#primaryimage\"},\"thumbnailUrl\":\"https:\/\/xenonkungen.com\/wp-content\/uploads\/2025\/04\/156130106-origpic-7fa27d.jpg\",\"datePublished\":\"2025-04-15T10:09:30+00:00\",\"dateModified\":\"2026-04-10T23:59:19+00:00\",\"breadcrumb\":{\"@id\":\"https:\/\/xenonkungen.com\/dk\/vare\/slimline-3led-r10-hvid-lommelygte\/#breadcrumb\"},\"inLanguage\":\"fi\",\"potentialAction\":[{\"@type\":\"ReadAction\",\"target\":[\"https:\/\/xenonkungen.com\/dk\/vare\/slimline-3led-r10-hvid-lommelygte\/\"]}]},{\"@type\":\"ImageObject\",\"inLanguage\":\"fi\",\"@id\":\"https:\/\/xenonkungen.com\/dk\/vare\/slimline-3led-r10-hvid-lommelygte\/#primaryimage\",\"url\":\"https:\/\/xenonkungen.com\/wp-content\/uploads\/2025\/04\/156130106-origpic-7fa27d.jpg\",\"contentUrl\":\"https:\/\/xenonkungen.com\/wp-content\/uploads\/2025\/04\/156130106-origpic-7fa27d.jpg\",\"width\":800,\"height\":800},{\"@type\":\"BreadcrumbList\",\"@id\":\"https:\/\/xenonkungen.com\/dk\/vare\/slimline-3led-r10-hvid-lommelygte\/#breadcrumb\",\"itemListElement\":[{\"@type\":\"ListItem\",\"position\":1,\"name\":\"Hem\",\"item\":\"https:\/\/xenonkungen.com\/\"},{\"@type\":\"ListItem\",\"position\":2,\"name\":\"Shop\",\"item\":\"https:\/\/xenonkungen.com\/shop\/\"},{\"@type\":\"ListItem\",\"position\":3,\"name\":\"Blixtljus Slimline 3LED R10 Vit\"}]},{\"@type\":\"WebSite\",\"@id\":\"https:\/\/xenonkungen.com\/#website\",\"url\":\"https:\/\/xenonkungen.com\/\",\"name\":\"Xenonkungen\",\"description\":\"\",\"potentialAction\":[{\"@type\":\"SearchAction\",\"target\":{\"@type\":\"EntryPoint\",\"urlTemplate\":\"https:\/\/xenonkungen.com\/?s={search_term_string}\"},\"query-input\":{\"@type\":\"PropertyValueSpecification\",\"valueRequired\":true,\"valueName\":\"search_term_string\"}}],\"inLanguage\":\"fi\"}]}<\/script>\n<!-- \/ Yoast SEO plugin. -->","yoast_head_json":{"title":"Taskulamppu Slimline 3LED R10 Valkoinen - Xenonkungen","robots":{"index":"index","follow":"follow","max-snippet":"max-snippet:-1","max-image-preview":"max-image-preview:large","max-video-preview":"max-video-preview:-1"},"canonical":"https:\/\/xenonkungen.com\/fi\/tuote\/taskulamppu-ohut-3led-r10-valkoinen\/","og_locale":"fi_FI","og_type":"article","og_title":"Blixtljus Slimline 3LED R10 Vit - Xenonkungen","og_description":"White ECE R10 Slimline Directional Warning Lamp - 3LED","og_url":"https:\/\/xenonkungen.com\/fi\/tuote\/taskulamppu-ohut-3led-r10-valkoinen\/","og_site_name":"Xenonkungen","article_modified_time":"2026-04-10T23:59:19+00:00","og_image":[{"width":800,"height":800,"url":"https:\/\/xenonkungen.com\/wp-content\/uploads\/2025\/04\/156130106-origpic-7fa27d.jpg","type":"image\/jpeg"}],"twitter_card":"summary_large_image","twitter_misc":{"Arvioitu lukuaika":"1 minuutti"},"schema":{"@context":"https:\/\/schema.org","@graph":[{"@type":"WebPage","@id":"https:\/\/xenonkungen.com\/dk\/vare\/slimline-3led-r10-hvid-lommelygte\/","url":"https:\/\/xenonkungen.com\/dk\/vare\/slimline-3led-r10-hvid-lommelygte\/","name":"Taskulamppu Slimline 3LED R10 Valkoinen - Xenonkungen","isPartOf":{"@id":"https:\/\/xenonkungen.com\/#website"},"primaryImageOfPage":{"@id":"https:\/\/xenonkungen.com\/dk\/vare\/slimline-3led-r10-hvid-lommelygte\/#primaryimage"},"image":{"@id":"https:\/\/xenonkungen.com\/dk\/vare\/slimline-3led-r10-hvid-lommelygte\/#primaryimage"},"thumbnailUrl":"https:\/\/xenonkungen.com\/wp-content\/uploads\/2025\/04\/156130106-origpic-7fa27d.jpg","datePublished":"2025-04-15T10:09:30+00:00","dateModified":"2026-04-10T23:59:19+00:00","breadcrumb":{"@id":"https:\/\/xenonkungen.com\/dk\/vare\/slimline-3led-r10-hvid-lommelygte\/#breadcrumb"},"inLanguage":"fi","potentialAction":[{"@type":"ReadAction","target":["https:\/\/xenonkungen.com\/dk\/vare\/slimline-3led-r10-hvid-lommelygte\/"]}]},{"@type":"ImageObject","inLanguage":"fi","@id":"https:\/\/xenonkungen.com\/dk\/vare\/slimline-3led-r10-hvid-lommelygte\/#primaryimage","url":"https:\/\/xenonkungen.com\/wp-content\/uploads\/2025\/04\/156130106-origpic-7fa27d.jpg","contentUrl":"https:\/\/xenonkungen.com\/wp-content\/uploads\/2025\/04\/156130106-origpic-7fa27d.jpg","width":800,"height":800},{"@type":"BreadcrumbList","@id":"https:\/\/xenonkungen.com\/dk\/vare\/slimline-3led-r10-hvid-lommelygte\/#breadcrumb","itemListElement":[{"@type":"ListItem","position":1,"name":"Hem","item":"https:\/\/xenonkungen.com\/"},{"@type":"ListItem","position":2,"name":"Shop","item":"https:\/\/xenonkungen.com\/shop\/"},{"@type":"ListItem","position":3,"name":"Blixtljus Slimline 3LED R10 Vit"}]},{"@type":"WebSite","@id":"https:\/\/xenonkungen.com\/#website","url":"https:\/\/xenonkungen.com\/","name":"Xenonkungen","description":"","potentialAction":[{"@type":"SearchAction","target":{"@type":"EntryPoint","urlTemplate":"https:\/\/xenonkungen.com\/?s={search_term_string}"},"query-input":{"@type":"PropertyValueSpecification","valueRequired":true,"valueName":"search_term_string"}}],"inLanguage":"fi"}]}},"taxonomy_info":{"product_brand":[{"value":1252,"label":"LEA"}],"product_cat":[{"value":2553,"label":"Blixtljus - Riktat varningsljus"},{"value":1061,"label":"Varningsljus"}],"pa_fuktskydd-varde-ipxx":[{"value":333,"label":"IP67"}],"pa_godkannande":[{"value":936,"label":"ECE, R10, R65"}],"pa_storlek-mm":[{"value":2136,"label":"79x24x15"}],"pa_volt-v":[{"value":1419,"label":"10-30"}]},"featured_image_src_large":["https:\/\/xenonkungen.com\/wp-content\/uploads\/2025\/04\/156130106-origpic-7fa27d.jpg",800,800,false],"author_info":[],"comment_info":0,"_links":{"self":[{"href":"https:\/\/xenonkungen.com\/fi\/wp-json\/wp\/v2\/product\/8771","targetHints":{"allow":["GET"]}}],"collection":[{"href":"https:\/\/xenonkungen.com\/fi\/wp-json\/wp\/v2\/product"}],"about":[{"href":"https:\/\/xenonkungen.com\/fi\/wp-json\/wp\/v2\/types\/product"}],"replies":[{"embeddable":true,"href":"https:\/\/xenonkungen.com\/fi\/wp-json\/wp\/v2\/comments?post=8771"}],"wp:featuredmedia":[{"embeddable":true,"href":"https:\/\/xenonkungen.com\/fi\/wp-json\/wp\/v2\/media\/8772"}],"wp:attachment":[{"href":"https:\/\/xenonkungen.com\/fi\/wp-json\/wp\/v2\/media?parent=8771"}],"wp:term":[{"taxonomy":"anvandningsomrade","embeddable":true,"href":"https:\/\/xenonkungen.com\/fi\/wp-json\/wp\/v2\/anvandningsomrade?post=8771"},{"taxonomy":"bilmarken","embeddable":true,"href":"https:\/\/xenonkungen.com\/fi\/wp-json\/wp\/v2\/bilmarken?post=8771"},{"taxonomy":"product_brand","embeddable":true,"href":"https:\/\/xenonkungen.com\/fi\/wp-json\/wp\/v2\/product_brand?post=8771"},{"taxonomy":"product_cat","embeddable":true,"href":"https:\/\/xenonkungen.com\/fi\/wp-json\/wp\/v2\/product_cat?post=8771"},{"taxonomy":"product_tag","embeddable":true,"href":"https:\/\/xenonkungen.com\/fi\/wp-json\/wp\/v2\/product_tag?post=8771"}],"curies":[{"name":"wp","href":"https:\/\/api.w.org\/{rel}","templated":true}]}}