{"id":8797,"date":"2025-04-15T10:09:50","date_gmt":"2025-04-15T10:09:50","guid":{"rendered":"https:\/\/xenonkungen.com\/product\/blixtljus-super-slim-r10-9led-block-amber\/"},"modified":"2026-04-11T01:00:17","modified_gmt":"2026-04-11T00:00:17","slug":"taskulamppu-erittain-ohut-r10-9led-lohko-keltainen","status":"publish","type":"product","link":"https:\/\/xenonkungen.com\/fi\/tuote\/taskulamppu-erittain-ohut-r10-9led-lohko-keltainen\/","title":{"rendered":"Taskulamppu Super-Slim R10 9LED lohko Amber"},"content":{"rendered":"<div class=\"container\">\n<h1>Oranssi R10 Super-Slim varoitusvalo 9LED<\/h1>\n<p>T\u00e4m\u00e4 Super-Slim-varoitusvalo, jossa on 9 suuritehoista LED-valoa syv\u00e4n oranssilla v\u00e4rill\u00e4, tarjoaa erinomaisen n\u00e4kyvyyden ja luotettavuuden. Valaisin on suunniteltu t\u00e4ytt\u00e4m\u00e4\u00e4n s\u00e4hk\u00f6magneettista yhteensopivuutta koskeva R10-standardi, joten se on erinomainen valinta kaikkiin ajoneuvotyyppeihin, joissa tarvitaan hyv\u00e4\u00e4 n\u00e4kyvyytt\u00e4 ja mahdollisimman v\u00e4h\u00e4n h\u00e4iri\u00f6it\u00e4 elektronisiin j\u00e4rjestelmiin.<\/p>\n<div class=\"features\">\n<h2>Ominaisuudet ja edut:<\/h2>\n<ul>\n<li><span class=\"highlight\">9 LED-diodia:<\/span> Tarjoaa voimakkaan ja kirkkaan valaistuksen optimaalista n\u00e4kyvyytt\u00e4 varten.<\/li>\n<li><span class=\"highlight\">Super-ohut muotoilu:<\/span> Eritt\u00e4in ohut profiili huomaamatonta mutta tehokasta asennusta varten ajoneuvoihin.<\/li>\n<li><span class=\"highlight\">ECE R10-sertifioitu:<\/span> T\u00e4ytt\u00e4\u00e4 korkeat s\u00e4hk\u00f6magneettista yhteensopivuutta koskevat vaatimukset.<\/li>\n<li><span class=\"highlight\">Kest\u00e4v\u00e4 rakentaminen:<\/span> Rakennettu kest\u00e4m\u00e4\u00e4n ankaria s\u00e4\u00e4olosuhteita ja pitk\u00e4aikaista k\u00e4ytt\u00f6\u00e4.<\/li>\n<li><span class=\"highlight\">Monipuolinen k\u00e4ytt\u00f6:<\/span> Ihanteellinen h\u00e4lytysajoneuvoihin, ty\u00f6ajoneuvoihin ja muihin ajoneuvoihin, jotka tarvitsevat luotettavaa varoitusta.<\/li>\n<\/ul>\n<\/div>\n<p>T\u00e4m\u00e4 oranssi R10 Super-Slim -varoitusvalo, jossa on 9 LED-valoa, on tehokkaan valaistuksensa ja modernin ohuen muotoilunsa ansiosta turvallinen ratkaisu turvallisuuden ja n\u00e4kyvyyden parantamiseen tiell\u00e4.<\/p>\n<\/div>\n<p><strong>Multivoltti:<\/strong> 12\/24V\u00a0<br \/><strong>Kosteussuojaus:<\/strong> IP67 (iskunkest\u00e4v\u00e4, vesi- ja p\u00f6lytiivis)<br \/><strong>LED:<\/strong> 9x 3 watin LEDit<br \/><strong>Mitat:<\/strong> 90 x 67 x 11 mm<br \/><strong>Valtuutettu:<\/strong> ECE R10<\/p>\n<p><strong>Hyv\u00e4 tiet\u00e4\u00e4:<\/strong><\/p>\n<ul>\n<li>150\u00b0 ultralaajakulmainen valokeila<\/li>\n<li>Eritt\u00e4in kest\u00e4v\u00e4 polykarbonaattilinssi<\/li>\n<li>Korkea kirkkaus<\/li>\n<li>Pinta-asennettu<\/li>\n<li>Kuminen asennusholkki<\/li>\n<\/ul>\n<p><strong>Takuu: <\/strong>5 vuotta<\/p>","protected":false},"excerpt":{"rendered":"<p>Amber | R10 | Super-Slim varoitusvalaisin | 9LED | 5 vuoden takuu<\/p>","protected":false},"featured_media":8798,"comment_status":"closed","ping_status":"open","template":"","meta":{"_acf_changed":false,"_smort_price_nok":"1314","_smort_price_dkk":"835","_smort_price_eur":"111.81","_smort_sale_price_nok":"","_smort_sale_price_dkk":"","_smort_sale_price_eur":"","smort_restorder":"","shipmondo_restorder":"","_kad_blocks_custom_css":"","_kad_blocks_head_custom_js":"","_kad_blocks_body_custom_js":"","_kad_blocks_footer_custom_js":"","smort_custom_pricelist_1":"688.8","smort_custom_pricelist_2":"688.8","smort_custom_pricelist_3":"654.36","smort_custom_pricelist_4":"984","smort_custom_pricelist_5":"688.8"},"anvandningsomrade":[],"bilmarken":[],"product_brand":[1252],"product_cat":[2553,1061],"product_tag":[],"class_list":{"0":"post-8797","1":"product","2":"type-product","3":"status-publish","4":"has-post-thumbnail","6":"product_brand-lea","7":"product_cat-blixtljus-riktat-varningsljus","8":"product_cat-varningsljus","9":"pa_fuktskydd-varde-ipxx-ip67","10":"pa_godkannande-r10","11":"pa_led-chips-effekt-w-2000","12":"pa_storlek-mm-2139","13":"pa_volt-v-12-24","15":"first","16":"onbackorder","17":"taxable","18":"shipping-taxable","19":"purchasable","20":"product-type-simple"},"bundled_by":[],"bundle_stock_status":"onbackorder","bundle_stock_quantity":0,"bundle_virtual":false,"bundle_layout":"","bundle_add_to_cart_form_location":"","bundle_editable_in_cart":false,"bundle_sold_individually_context":"","bundle_item_grouping":"","bundle_min_size":"","bundle_max_size":"","bundle_price":[],"bundled_items":[],"bundle_sell_ids":[],"acf":[],"yoast_head":"<!-- This site is optimized with the Yoast SEO plugin v27.0 - https:\/\/yoast.com\/product\/yoast-seo-wordpress\/ -->\n<title>Blixtljus Super-Slim R10 9LED Block Amber - Xenonkungen<\/title>\n<meta name=\"robots\" content=\"index, follow, max-snippet:-1, max-image-preview:large, max-video-preview:-1\" \/>\n<link rel=\"canonical\" href=\"https:\/\/xenonkungen.com\/fi\/tuote\/taskulamppu-erittain-ohut-r10-9led-lohko-keltainen\/\" \/>\n<meta property=\"og:locale\" content=\"fi_FI\" \/>\n<meta property=\"og:type\" content=\"article\" \/>\n<meta property=\"og:title\" content=\"Blixtljus Super-Slim R10 9LED Block Amber - Xenonkungen\" \/>\n<meta property=\"og:description\" content=\"Amber | R10 | Super-Slim Warning Lamp | 9LED | 5 Year Warranty\" \/>\n<meta property=\"og:url\" content=\"https:\/\/xenonkungen.com\/fi\/tuote\/taskulamppu-erittain-ohut-r10-9led-lohko-keltainen\/\" \/>\n<meta property=\"og:site_name\" content=\"Xenonkungen\" \/>\n<meta property=\"article:modified_time\" content=\"2026-04-11T00:00:17+00:00\" \/>\n<meta property=\"og:image\" content=\"https:\/\/xenonkungen.com\/wp-content\/uploads\/2025\/04\/156139298-origpic-d23353.jpg\" \/>\n\t<meta property=\"og:image:width\" content=\"800\" \/>\n\t<meta property=\"og:image:height\" content=\"800\" \/>\n\t<meta property=\"og:image:type\" content=\"image\/jpeg\" \/>\n<meta name=\"twitter:card\" content=\"summary_large_image\" \/>\n<meta name=\"twitter:label1\" content=\"Arvioitu lukuaika\" \/>\n\t<meta name=\"twitter:data1\" content=\"1 minuutti\" \/>\n<script type=\"application\/ld+json\" class=\"yoast-schema-graph\">{\"@context\":\"https:\/\/schema.org\",\"@graph\":[{\"@type\":\"WebPage\",\"@id\":\"https:\/\/xenonkungen.com\/no\/produkt\/blixtljus-super-slim-r10-9led-block-amber\/\",\"url\":\"https:\/\/xenonkungen.com\/no\/produkt\/blixtljus-super-slim-r10-9led-block-amber\/\",\"name\":\"Blixtljus Super-Slim R10 9LED Block Amber - Xenonkungen\",\"isPartOf\":{\"@id\":\"https:\/\/xenonkungen.com\/#website\"},\"primaryImageOfPage\":{\"@id\":\"https:\/\/xenonkungen.com\/no\/produkt\/blixtljus-super-slim-r10-9led-block-amber\/#primaryimage\"},\"image\":{\"@id\":\"https:\/\/xenonkungen.com\/no\/produkt\/blixtljus-super-slim-r10-9led-block-amber\/#primaryimage\"},\"thumbnailUrl\":\"https:\/\/xenonkungen.com\/wp-content\/uploads\/2025\/04\/156139298-origpic-d23353.jpg\",\"datePublished\":\"2025-04-15T10:09:50+00:00\",\"dateModified\":\"2026-04-11T00:00:17+00:00\",\"breadcrumb\":{\"@id\":\"https:\/\/xenonkungen.com\/no\/produkt\/blixtljus-super-slim-r10-9led-block-amber\/#breadcrumb\"},\"inLanguage\":\"fi\",\"potentialAction\":[{\"@type\":\"ReadAction\",\"target\":[\"https:\/\/xenonkungen.com\/no\/produkt\/blixtljus-super-slim-r10-9led-block-amber\/\"]}]},{\"@type\":\"ImageObject\",\"inLanguage\":\"fi\",\"@id\":\"https:\/\/xenonkungen.com\/no\/produkt\/blixtljus-super-slim-r10-9led-block-amber\/#primaryimage\",\"url\":\"https:\/\/xenonkungen.com\/wp-content\/uploads\/2025\/04\/156139298-origpic-d23353.jpg\",\"contentUrl\":\"https:\/\/xenonkungen.com\/wp-content\/uploads\/2025\/04\/156139298-origpic-d23353.jpg\",\"width\":800,\"height\":800},{\"@type\":\"BreadcrumbList\",\"@id\":\"https:\/\/xenonkungen.com\/no\/produkt\/blixtljus-super-slim-r10-9led-block-amber\/#breadcrumb\",\"itemListElement\":[{\"@type\":\"ListItem\",\"position\":1,\"name\":\"Hem\",\"item\":\"https:\/\/xenonkungen.com\/\"},{\"@type\":\"ListItem\",\"position\":2,\"name\":\"Shop\",\"item\":\"https:\/\/xenonkungen.com\/shop\/\"},{\"@type\":\"ListItem\",\"position\":3,\"name\":\"Blixtljus Super-Slim R10 9LED Block Amber\"}]},{\"@type\":\"WebSite\",\"@id\":\"https:\/\/xenonkungen.com\/#website\",\"url\":\"https:\/\/xenonkungen.com\/\",\"name\":\"Xenonkungen\",\"description\":\"\",\"potentialAction\":[{\"@type\":\"SearchAction\",\"target\":{\"@type\":\"EntryPoint\",\"urlTemplate\":\"https:\/\/xenonkungen.com\/?s={search_term_string}\"},\"query-input\":{\"@type\":\"PropertyValueSpecification\",\"valueRequired\":true,\"valueName\":\"search_term_string\"}}],\"inLanguage\":\"fi\"}]}<\/script>\n<!-- \/ Yoast SEO plugin. -->","yoast_head_json":{"title":"Taskulamppu Super-Slim R10 9LED Palikka Meripihka - Xenonkungen","robots":{"index":"index","follow":"follow","max-snippet":"max-snippet:-1","max-image-preview":"max-image-preview:large","max-video-preview":"max-video-preview:-1"},"canonical":"https:\/\/xenonkungen.com\/fi\/tuote\/taskulamppu-erittain-ohut-r10-9led-lohko-keltainen\/","og_locale":"fi_FI","og_type":"article","og_title":"Blixtljus Super-Slim R10 9LED Block Amber - Xenonkungen","og_description":"Amber | R10 | Super-Slim Warning Lamp | 9LED | 5 Year Warranty","og_url":"https:\/\/xenonkungen.com\/fi\/tuote\/taskulamppu-erittain-ohut-r10-9led-lohko-keltainen\/","og_site_name":"Xenonkungen","article_modified_time":"2026-04-11T00:00:17+00:00","og_image":[{"width":800,"height":800,"url":"https:\/\/xenonkungen.com\/wp-content\/uploads\/2025\/04\/156139298-origpic-d23353.jpg","type":"image\/jpeg"}],"twitter_card":"summary_large_image","twitter_misc":{"Arvioitu lukuaika":"1 minuutti"},"schema":{"@context":"https:\/\/schema.org","@graph":[{"@type":"WebPage","@id":"https:\/\/xenonkungen.com\/no\/produkt\/blixtljus-super-slim-r10-9led-block-amber\/","url":"https:\/\/xenonkungen.com\/no\/produkt\/blixtljus-super-slim-r10-9led-block-amber\/","name":"Taskulamppu Super-Slim R10 9LED Palikka Meripihka - Xenonkungen","isPartOf":{"@id":"https:\/\/xenonkungen.com\/#website"},"primaryImageOfPage":{"@id":"https:\/\/xenonkungen.com\/no\/produkt\/blixtljus-super-slim-r10-9led-block-amber\/#primaryimage"},"image":{"@id":"https:\/\/xenonkungen.com\/no\/produkt\/blixtljus-super-slim-r10-9led-block-amber\/#primaryimage"},"thumbnailUrl":"https:\/\/xenonkungen.com\/wp-content\/uploads\/2025\/04\/156139298-origpic-d23353.jpg","datePublished":"2025-04-15T10:09:50+00:00","dateModified":"2026-04-11T00:00:17+00:00","breadcrumb":{"@id":"https:\/\/xenonkungen.com\/no\/produkt\/blixtljus-super-slim-r10-9led-block-amber\/#breadcrumb"},"inLanguage":"fi","potentialAction":[{"@type":"ReadAction","target":["https:\/\/xenonkungen.com\/no\/produkt\/blixtljus-super-slim-r10-9led-block-amber\/"]}]},{"@type":"ImageObject","inLanguage":"fi","@id":"https:\/\/xenonkungen.com\/no\/produkt\/blixtljus-super-slim-r10-9led-block-amber\/#primaryimage","url":"https:\/\/xenonkungen.com\/wp-content\/uploads\/2025\/04\/156139298-origpic-d23353.jpg","contentUrl":"https:\/\/xenonkungen.com\/wp-content\/uploads\/2025\/04\/156139298-origpic-d23353.jpg","width":800,"height":800},{"@type":"BreadcrumbList","@id":"https:\/\/xenonkungen.com\/no\/produkt\/blixtljus-super-slim-r10-9led-block-amber\/#breadcrumb","itemListElement":[{"@type":"ListItem","position":1,"name":"Hem","item":"https:\/\/xenonkungen.com\/"},{"@type":"ListItem","position":2,"name":"Shop","item":"https:\/\/xenonkungen.com\/shop\/"},{"@type":"ListItem","position":3,"name":"Blixtljus Super-Slim R10 9LED Block Amber"}]},{"@type":"WebSite","@id":"https:\/\/xenonkungen.com\/#website","url":"https:\/\/xenonkungen.com\/","name":"Xenonkungen","description":"","potentialAction":[{"@type":"SearchAction","target":{"@type":"EntryPoint","urlTemplate":"https:\/\/xenonkungen.com\/?s={search_term_string}"},"query-input":{"@type":"PropertyValueSpecification","valueRequired":true,"valueName":"search_term_string"}}],"inLanguage":"fi"}]}},"taxonomy_info":{"product_brand":[{"value":1252,"label":"LEA"}],"product_cat":[{"value":2553,"label":"Blixtljus - Riktat varningsljus"},{"value":1061,"label":"Varningsljus"}],"pa_fuktskydd-varde-ipxx":[{"value":333,"label":"IP67"}],"pa_godkannande":[{"value":184,"label":"R10"}],"pa_led-chips-effekt-w":[{"value":2000,"label":"27"}],"pa_storlek-mm":[{"value":2139,"label":"90"}],"pa_volt-v":[{"value":348,"label":"12, 24"}]},"featured_image_src_large":["https:\/\/xenonkungen.com\/wp-content\/uploads\/2025\/04\/156139298-origpic-d23353.jpg",800,800,false],"author_info":[],"comment_info":0,"_links":{"self":[{"href":"https:\/\/xenonkungen.com\/fi\/wp-json\/wp\/v2\/product\/8797","targetHints":{"allow":["GET"]}}],"collection":[{"href":"https:\/\/xenonkungen.com\/fi\/wp-json\/wp\/v2\/product"}],"about":[{"href":"https:\/\/xenonkungen.com\/fi\/wp-json\/wp\/v2\/types\/product"}],"replies":[{"embeddable":true,"href":"https:\/\/xenonkungen.com\/fi\/wp-json\/wp\/v2\/comments?post=8797"}],"wp:featuredmedia":[{"embeddable":true,"href":"https:\/\/xenonkungen.com\/fi\/wp-json\/wp\/v2\/media\/8798"}],"wp:attachment":[{"href":"https:\/\/xenonkungen.com\/fi\/wp-json\/wp\/v2\/media?parent=8797"}],"wp:term":[{"taxonomy":"anvandningsomrade","embeddable":true,"href":"https:\/\/xenonkungen.com\/fi\/wp-json\/wp\/v2\/anvandningsomrade?post=8797"},{"taxonomy":"bilmarken","embeddable":true,"href":"https:\/\/xenonkungen.com\/fi\/wp-json\/wp\/v2\/bilmarken?post=8797"},{"taxonomy":"product_brand","embeddable":true,"href":"https:\/\/xenonkungen.com\/fi\/wp-json\/wp\/v2\/product_brand?post=8797"},{"taxonomy":"product_cat","embeddable":true,"href":"https:\/\/xenonkungen.com\/fi\/wp-json\/wp\/v2\/product_cat?post=8797"},{"taxonomy":"product_tag","embeddable":true,"href":"https:\/\/xenonkungen.com\/fi\/wp-json\/wp\/v2\/product_tag?post=8797"}],"curies":[{"name":"wp","href":"https:\/\/api.w.org\/{rel}","templated":true}]}}