{"id":8800,"date":"2025-04-15T10:09:50","date_gmt":"2025-04-15T10:09:50","guid":{"rendered":"https:\/\/xenonkungen.com\/product\/blixtljus-super-slim-r65-9led-block-amber\/"},"modified":"2026-04-11T01:00:20","modified_gmt":"2026-04-11T00:00:20","slug":"taskulamppu-erittain-ohut-r65-9led-lohko-keltainen","status":"publish","type":"product","link":"https:\/\/xenonkungen.com\/fi\/tuote\/taskulamppu-erittain-ohut-r65-9led-lohko-keltainen\/","title":{"rendered":"Taskulamppu Super-Slim R65 9LED lohko Amber"},"content":{"rendered":"<div class=\"container\">\n<h1>Oranssi R65 Super-Slim -varoitusvalo 9LED: Tehokas ja huomaamaton<\/h1>\n<p>T\u00e4m\u00e4 eritt\u00e4in ohut keltainen varoitusvalo on suunniteltu tarjoamaan maksimaalinen n\u00e4kyvyys yhdeks\u00e4ll\u00e4 tehokkaalla LEDill\u00e4\u00e4n ja t\u00e4ytt\u00e4m\u00e4\u00e4n R65-standardit. Sen eritt\u00e4in ohut profiili tekee siit\u00e4 ihanteellisen monenlaisiin ajoneuvoihin, aina hy\u00f6tyajoneuvoista h\u00e4t\u00e4- ja huoltoajoneuvoihin, joissa huomaamattomuus ja suorituskyky ovat ensiarvoisen t\u00e4rkeit\u00e4.<\/p>\n<div class=\"features\">\n<h2>Poikkeukselliset ominaisuudet:<\/h2>\n<ul>\n<li><span class=\"highlight\">9 tehokasta LED-valoa:<\/span> Tarjoaa poikkeuksellisen n\u00e4kyvyyden ja huomiokyvyn kaikissa s\u00e4\u00e4olosuhteissa.<\/li>\n<li><span class=\"highlight\">R65-sertifioitu:<\/span> T\u00e4ytt\u00e4\u00e4 tiukat valon voimakkuuden ja varoituskuvioiden standardit varmistaen turvallisuuden tiell\u00e4.<\/li>\n<li><span class=\"highlight\">Super-ohut muotoilu:<\/span> Eritt\u00e4in ohut profiili helpottaa asennusta monenlaisiin ajoneuvoihin ulkon\u00e4k\u00f6\u00e4 heikent\u00e4m\u00e4tt\u00e4.<\/li>\n<li><span class=\"highlight\">S\u00e4\u00e4nkest\u00e4v\u00e4:<\/span> Kest\u00e4v\u00e4 rakenne kest\u00e4\u00e4 ankaria s\u00e4\u00e4olosuhteita ja on vedenpit\u00e4v\u00e4.<\/li>\n<li><span class=\"highlight\">Joustava kokoonpano:<\/span> Helppo asentaa useiden kiinnitysvaihtoehtojen ansiosta, jotka sopivat erilaisiin ajoneuvoihin ja tarpeisiin.<\/li>\n<\/ul>\n<\/div>\n<p>Oranssi R65 Super-Slim 9LED -varoitusvalo on t\u00e4ydellinen ratkaisu niille, jotka tarvitsevat parhaan mahdollisen n\u00e4kyvyyden pit\u00e4en samalla ajoneuvon profiilin matalana ja huomaamattomana.<\/p>\n<\/div>\n<p><strong>Multivoltti:<\/strong> 12\/24V\u00a0<br \/><strong>Kosteussuojaus:<\/strong> IP67 (iskunkest\u00e4v\u00e4, vesi- ja p\u00f6lytiivis)<br \/><strong>LED:<\/strong> 9x 3 watin LEDit<br \/><strong>Mitat:<\/strong> 90 x 67 x 11 mm<br \/><strong>Valtuutettu:<\/strong> ECE R10, R65<\/p>\n<p><strong>Hyv\u00e4 tiet\u00e4\u00e4:<\/strong><\/p>\n<ul>\n<li>150\u00b0 ultralaajakulmainen valokeila<\/li>\n<li>Eritt\u00e4in kest\u00e4v\u00e4 polykarbonaattilinssi<\/li>\n<li>Korkea kirkkaus<\/li>\n<li>Pinta-asennettu<\/li>\n<li>Kuminen asennusholkki<\/li>\n<\/ul>\n<p><strong>Takuu:<\/strong> 5 vuotta<\/p>","protected":false},"excerpt":{"rendered":"<p>Meripihka | R65 | Eritt\u00e4in ohut varoitusvalo | 9 LEDi\u00e4 | 5 vuoden takuu<\/p>","protected":false},"featured_media":8801,"comment_status":"closed","ping_status":"open","template":"","meta":{"_acf_changed":false,"_smort_price_nok":"1357","_smort_price_dkk":"862","_smort_price_eur":"115.45","_smort_sale_price_nok":"","_smort_sale_price_dkk":"","_smort_sale_price_eur":"","smort_restorder":"","shipmondo_restorder":"","_kad_blocks_custom_css":"","_kad_blocks_head_custom_js":"","_kad_blocks_body_custom_js":"","_kad_blocks_footer_custom_js":"","smort_custom_pricelist_1":"812.8","smort_custom_pricelist_2":"812.8","smort_custom_pricelist_3":"790","smort_custom_pricelist_4":"1016","smort_custom_pricelist_5":"812.6"},"anvandningsomrade":[],"bilmarken":[],"product_brand":[1252],"product_cat":[2553,1061],"product_tag":[],"class_list":{"0":"post-8800","1":"product","2":"type-product","3":"status-publish","4":"has-post-thumbnail","6":"product_brand-lea","7":"product_cat-blixtljus-riktat-varningsljus","8":"product_cat-varningsljus","9":"pa_fuktskydd-varde-ipxx-ip67","10":"pa_godkannande-r10-r65","11":"pa_led-chips-effekt-w-2000","12":"pa_storlek-mm-2139","13":"pa_volt-v-12-24","15":"first","16":"instock","17":"taxable","18":"shipping-taxable","19":"purchasable","20":"product-type-simple"},"bundled_by":[],"bundle_stock_status":"instock","bundle_stock_quantity":3,"bundle_virtual":false,"bundle_layout":"","bundle_add_to_cart_form_location":"","bundle_editable_in_cart":false,"bundle_sold_individually_context":"","bundle_item_grouping":"","bundle_min_size":"","bundle_max_size":"","bundle_price":[],"bundled_items":[],"bundle_sell_ids":[],"acf":[],"yoast_head":"<!-- This site is optimized with the Yoast SEO plugin v27.0 - https:\/\/yoast.com\/product\/yoast-seo-wordpress\/ -->\n<title>Blixtljus Super-Slim R65 9LED Block Amber - Xenonkungen<\/title>\n<meta name=\"robots\" content=\"index, follow, max-snippet:-1, max-image-preview:large, max-video-preview:-1\" \/>\n<link rel=\"canonical\" href=\"https:\/\/xenonkungen.com\/fi\/tuote\/taskulamppu-erittain-ohut-r65-9led-lohko-keltainen\/\" \/>\n<meta property=\"og:locale\" content=\"fi_FI\" \/>\n<meta property=\"og:type\" content=\"article\" \/>\n<meta property=\"og:title\" content=\"Blixtljus Super-Slim R65 9LED Block Amber - Xenonkungen\" \/>\n<meta property=\"og:description\" content=\"Amber | R65 | Super-Slim Warning Lamp | 9LED | 5 Year Warranty\" \/>\n<meta property=\"og:url\" content=\"https:\/\/xenonkungen.com\/fi\/tuote\/taskulamppu-erittain-ohut-r65-9led-lohko-keltainen\/\" \/>\n<meta property=\"og:site_name\" content=\"Xenonkungen\" \/>\n<meta property=\"article:modified_time\" content=\"2026-04-11T00:00:20+00:00\" \/>\n<meta property=\"og:image\" content=\"https:\/\/xenonkungen.com\/wp-content\/uploads\/2025\/04\/156142944-origpic-d9cdcb.jpg\" \/>\n\t<meta property=\"og:image:width\" content=\"800\" \/>\n\t<meta property=\"og:image:height\" content=\"800\" \/>\n\t<meta property=\"og:image:type\" content=\"image\/jpeg\" \/>\n<meta name=\"twitter:card\" content=\"summary_large_image\" \/>\n<meta name=\"twitter:label1\" content=\"Arvioitu lukuaika\" \/>\n\t<meta name=\"twitter:data1\" content=\"1 minuutti\" \/>\n<script type=\"application\/ld+json\" class=\"yoast-schema-graph\">{\"@context\":\"https:\/\/schema.org\",\"@graph\":[{\"@type\":\"WebPage\",\"@id\":\"https:\/\/xenonkungen.com\/dk\/vare\/blixtljus-super-slim-r65-9led-block-amber\/\",\"url\":\"https:\/\/xenonkungen.com\/dk\/vare\/blixtljus-super-slim-r65-9led-block-amber\/\",\"name\":\"Blixtljus Super-Slim R65 9LED Block Amber - Xenonkungen\",\"isPartOf\":{\"@id\":\"https:\/\/xenonkungen.com\/#website\"},\"primaryImageOfPage\":{\"@id\":\"https:\/\/xenonkungen.com\/dk\/vare\/blixtljus-super-slim-r65-9led-block-amber\/#primaryimage\"},\"image\":{\"@id\":\"https:\/\/xenonkungen.com\/dk\/vare\/blixtljus-super-slim-r65-9led-block-amber\/#primaryimage\"},\"thumbnailUrl\":\"https:\/\/xenonkungen.com\/wp-content\/uploads\/2025\/04\/156142944-origpic-d9cdcb.jpg\",\"datePublished\":\"2025-04-15T10:09:50+00:00\",\"dateModified\":\"2026-04-11T00:00:20+00:00\",\"breadcrumb\":{\"@id\":\"https:\/\/xenonkungen.com\/dk\/vare\/blixtljus-super-slim-r65-9led-block-amber\/#breadcrumb\"},\"inLanguage\":\"fi\",\"potentialAction\":[{\"@type\":\"ReadAction\",\"target\":[\"https:\/\/xenonkungen.com\/dk\/vare\/blixtljus-super-slim-r65-9led-block-amber\/\"]}]},{\"@type\":\"ImageObject\",\"inLanguage\":\"fi\",\"@id\":\"https:\/\/xenonkungen.com\/dk\/vare\/blixtljus-super-slim-r65-9led-block-amber\/#primaryimage\",\"url\":\"https:\/\/xenonkungen.com\/wp-content\/uploads\/2025\/04\/156142944-origpic-d9cdcb.jpg\",\"contentUrl\":\"https:\/\/xenonkungen.com\/wp-content\/uploads\/2025\/04\/156142944-origpic-d9cdcb.jpg\",\"width\":800,\"height\":800},{\"@type\":\"BreadcrumbList\",\"@id\":\"https:\/\/xenonkungen.com\/dk\/vare\/blixtljus-super-slim-r65-9led-block-amber\/#breadcrumb\",\"itemListElement\":[{\"@type\":\"ListItem\",\"position\":1,\"name\":\"Hem\",\"item\":\"https:\/\/xenonkungen.com\/\"},{\"@type\":\"ListItem\",\"position\":2,\"name\":\"Shop\",\"item\":\"https:\/\/xenonkungen.com\/shop\/\"},{\"@type\":\"ListItem\",\"position\":3,\"name\":\"Blixtljus Super-Slim R65 9LED Block Amber\"}]},{\"@type\":\"WebSite\",\"@id\":\"https:\/\/xenonkungen.com\/#website\",\"url\":\"https:\/\/xenonkungen.com\/\",\"name\":\"Xenonkungen\",\"description\":\"\",\"potentialAction\":[{\"@type\":\"SearchAction\",\"target\":{\"@type\":\"EntryPoint\",\"urlTemplate\":\"https:\/\/xenonkungen.com\/?s={search_term_string}\"},\"query-input\":{\"@type\":\"PropertyValueSpecification\",\"valueRequired\":true,\"valueName\":\"search_term_string\"}}],\"inLanguage\":\"fi\"}]}<\/script>\n<!-- \/ Yoast SEO plugin. -->","yoast_head_json":{"title":"Taskulamppu Super-Slim R65 9LED Palikka Meripihka - Xenonkungen","robots":{"index":"index","follow":"follow","max-snippet":"max-snippet:-1","max-image-preview":"max-image-preview:large","max-video-preview":"max-video-preview:-1"},"canonical":"https:\/\/xenonkungen.com\/fi\/tuote\/taskulamppu-erittain-ohut-r65-9led-lohko-keltainen\/","og_locale":"fi_FI","og_type":"article","og_title":"Blixtljus Super-Slim R65 9LED Block Amber - Xenonkungen","og_description":"Amber | R65 | Super-Slim Warning Lamp | 9LED | 5 Year Warranty","og_url":"https:\/\/xenonkungen.com\/fi\/tuote\/taskulamppu-erittain-ohut-r65-9led-lohko-keltainen\/","og_site_name":"Xenonkungen","article_modified_time":"2026-04-11T00:00:20+00:00","og_image":[{"width":800,"height":800,"url":"https:\/\/xenonkungen.com\/wp-content\/uploads\/2025\/04\/156142944-origpic-d9cdcb.jpg","type":"image\/jpeg"}],"twitter_card":"summary_large_image","twitter_misc":{"Arvioitu lukuaika":"1 minuutti"},"schema":{"@context":"https:\/\/schema.org","@graph":[{"@type":"WebPage","@id":"https:\/\/xenonkungen.com\/dk\/vare\/blixtljus-super-slim-r65-9led-block-amber\/","url":"https:\/\/xenonkungen.com\/dk\/vare\/blixtljus-super-slim-r65-9led-block-amber\/","name":"Taskulamppu Super-Slim R65 9LED Palikka Meripihka - Xenonkungen","isPartOf":{"@id":"https:\/\/xenonkungen.com\/#website"},"primaryImageOfPage":{"@id":"https:\/\/xenonkungen.com\/dk\/vare\/blixtljus-super-slim-r65-9led-block-amber\/#primaryimage"},"image":{"@id":"https:\/\/xenonkungen.com\/dk\/vare\/blixtljus-super-slim-r65-9led-block-amber\/#primaryimage"},"thumbnailUrl":"https:\/\/xenonkungen.com\/wp-content\/uploads\/2025\/04\/156142944-origpic-d9cdcb.jpg","datePublished":"2025-04-15T10:09:50+00:00","dateModified":"2026-04-11T00:00:20+00:00","breadcrumb":{"@id":"https:\/\/xenonkungen.com\/dk\/vare\/blixtljus-super-slim-r65-9led-block-amber\/#breadcrumb"},"inLanguage":"fi","potentialAction":[{"@type":"ReadAction","target":["https:\/\/xenonkungen.com\/dk\/vare\/blixtljus-super-slim-r65-9led-block-amber\/"]}]},{"@type":"ImageObject","inLanguage":"fi","@id":"https:\/\/xenonkungen.com\/dk\/vare\/blixtljus-super-slim-r65-9led-block-amber\/#primaryimage","url":"https:\/\/xenonkungen.com\/wp-content\/uploads\/2025\/04\/156142944-origpic-d9cdcb.jpg","contentUrl":"https:\/\/xenonkungen.com\/wp-content\/uploads\/2025\/04\/156142944-origpic-d9cdcb.jpg","width":800,"height":800},{"@type":"BreadcrumbList","@id":"https:\/\/xenonkungen.com\/dk\/vare\/blixtljus-super-slim-r65-9led-block-amber\/#breadcrumb","itemListElement":[{"@type":"ListItem","position":1,"name":"Hem","item":"https:\/\/xenonkungen.com\/"},{"@type":"ListItem","position":2,"name":"Shop","item":"https:\/\/xenonkungen.com\/shop\/"},{"@type":"ListItem","position":3,"name":"Blixtljus Super-Slim R65 9LED Block Amber"}]},{"@type":"WebSite","@id":"https:\/\/xenonkungen.com\/#website","url":"https:\/\/xenonkungen.com\/","name":"Xenonkungen","description":"","potentialAction":[{"@type":"SearchAction","target":{"@type":"EntryPoint","urlTemplate":"https:\/\/xenonkungen.com\/?s={search_term_string}"},"query-input":{"@type":"PropertyValueSpecification","valueRequired":true,"valueName":"search_term_string"}}],"inLanguage":"fi"}]}},"taxonomy_info":{"product_brand":[{"value":1252,"label":"LEA"}],"product_cat":[{"value":2553,"label":"Blixtljus - Riktat varningsljus"},{"value":1061,"label":"Varningsljus"}],"pa_fuktskydd-varde-ipxx":[{"value":333,"label":"IP67"}],"pa_godkannande":[{"value":958,"label":"R10, R65"}],"pa_led-chips-effekt-w":[{"value":2000,"label":"27"}],"pa_storlek-mm":[{"value":2139,"label":"90"}],"pa_volt-v":[{"value":348,"label":"12, 24"}]},"featured_image_src_large":["https:\/\/xenonkungen.com\/wp-content\/uploads\/2025\/04\/156142944-origpic-d9cdcb.jpg",800,800,false],"author_info":[],"comment_info":0,"_links":{"self":[{"href":"https:\/\/xenonkungen.com\/fi\/wp-json\/wp\/v2\/product\/8800","targetHints":{"allow":["GET"]}}],"collection":[{"href":"https:\/\/xenonkungen.com\/fi\/wp-json\/wp\/v2\/product"}],"about":[{"href":"https:\/\/xenonkungen.com\/fi\/wp-json\/wp\/v2\/types\/product"}],"replies":[{"embeddable":true,"href":"https:\/\/xenonkungen.com\/fi\/wp-json\/wp\/v2\/comments?post=8800"}],"wp:featuredmedia":[{"embeddable":true,"href":"https:\/\/xenonkungen.com\/fi\/wp-json\/wp\/v2\/media\/8801"}],"wp:attachment":[{"href":"https:\/\/xenonkungen.com\/fi\/wp-json\/wp\/v2\/media?parent=8800"}],"wp:term":[{"taxonomy":"anvandningsomrade","embeddable":true,"href":"https:\/\/xenonkungen.com\/fi\/wp-json\/wp\/v2\/anvandningsomrade?post=8800"},{"taxonomy":"bilmarken","embeddable":true,"href":"https:\/\/xenonkungen.com\/fi\/wp-json\/wp\/v2\/bilmarken?post=8800"},{"taxonomy":"product_brand","embeddable":true,"href":"https:\/\/xenonkungen.com\/fi\/wp-json\/wp\/v2\/product_brand?post=8800"},{"taxonomy":"product_cat","embeddable":true,"href":"https:\/\/xenonkungen.com\/fi\/wp-json\/wp\/v2\/product_cat?post=8800"},{"taxonomy":"product_tag","embeddable":true,"href":"https:\/\/xenonkungen.com\/fi\/wp-json\/wp\/v2\/product_tag?post=8800"}],"curies":[{"name":"wp","href":"https:\/\/api.w.org\/{rel}","templated":true}]}}