{"id":8819,"date":"2025-04-15T10:10:05","date_gmt":"2025-04-15T10:10:05","guid":{"rendered":"https:\/\/xenonkungen.com\/product\/airzing-mini-air-purifier\/"},"modified":"2026-04-11T01:29:20","modified_gmt":"2026-04-11T00:29:20","slug":"airzing-mini-ilmanpuhdistin","status":"publish","type":"product","link":"https:\/\/xenonkungen.com\/fi\/tuote\/airzing-mini-ilmanpuhdistin\/","title":{"rendered":"AirZing Mini ilmanpuhdistin"},"content":{"rendered":"<h1>OSRAM AirZing Mini<\/h1>\n<p>Innovatiivinen ratkaisu ajoneuvojen ilman puhdistamiseen. AirZing Mini hy\u00f6dynt\u00e4\u00e4 OSRAMin laajaa tiet\u00e4myst\u00e4 UV-valosta, ja se imee ilmaa ja ohjaa sen titaanidioksidilevyn yli, joka yhdistyy UV-A-valon kanssa fotokatalyyttisen reaktion aikaansaamiseksi. Reaktio poistaa ilmasta jonkin verran haitallisia bakteereja ja viruksia. Puhdistusprosessi voi my\u00f6s poistaa pahoja hajuja, jolloin j\u00e4ljelle j\u00e4\u00e4 puhdasta raikasta ilmaa.<\/p>\n<p>Titaanidioksidilevy voidaan ottaa pois, pest\u00e4 ja laittaa takaisin. T\u00e4m\u00e4 tarkoittaa v\u00e4h\u00e4ist\u00e4 huoltoa, eik\u00e4 suodattimia tarvitse ostaa ja vaihtaa jatkuvasti.<\/p>\n<p>AirZing Mini on suunniteltu erityisesti ajoneuvok\u00e4ytt\u00f6\u00f6n, ja siin\u00e4 on magneettiset ilmanvaihtoklipsit joustavaa kiinnityst\u00e4 varten. Mukana toimitettu USB-C-kaapeli tarjoaa turvallisen virransy\u00f6t\u00f6n matkan aikana.<\/p>\n<p class=\"font-text-standard\" data-copyto=\"text-below-img\">OSRAM AirZing Mini on yht\u00e4 pieni kuin omena. Sen tyylikk\u00e4\u00e4n mustan muotoilun ansiosta se sulautuu sisustukseen ja siit\u00e4 tulee huomaamaton ja luotettava matkakumppani. Kiinnittimell\u00e4 varustetun magneettisovittimen avulla AirZing Mini voidaan helposti kiinnitt\u00e4\u00e4 ajoneuvon ilmanpoistoon. Virta sy\u00f6tet\u00e4\u00e4n USB-liit\u00e4nn\u00e4n kautta. Vain 25 desibelin melutason ansiosta se on \u00e4\u00e4net\u00f6n ja imee jatkuvasti ilmaa ajoneuvosta. Ilma kulkee titaanioksidisuodattimen l\u00e4pi, jota UV-A-LEDit valaisevat. Prosessi poistaa jopa 99 %* autossa olevista haitallisista viruksista ja bakteereista, ja puhdistettu ja ionisoitu ilma poistuu laitteen yl\u00e4osan kautta. Se poistaa my\u00f6s jopa 90 %* formaldehydi\u00e4, TVOC-yhdisteit\u00e4 (haihtuvien orgaanisten yhdisteiden kokonaism\u00e4\u00e4r\u00e4) ja hajuja.<\/p>\n<ul class=\"orange-dash-list textvis-org-next\" data-copyto=\"text-below-img\">\n<li>Voi tappaa jopa 99 %* kaikista bakteereista ja joistakin viruksista.<\/li>\n<li>Helppo k\u00e4ytt\u00e4\u00e4 magneettipidikkeen ja USB-kaapelin avulla<\/li>\n<li>Suodatinta ei tarvitse vaihtaa, mutta se voidaan puhdistaa puhtaalla vesijohtovedell\u00e4.<\/li>\n<li>Hiljainen toiminta - vain 25 desibeli\u00e4<\/li>\n<\/ul>\n<p class=\"font-text-standard\" data-copyto=\"text-below-img\">K\u00e4ytitp\u00e4 sitten ajoneuvoa yksityisesti tai ty\u00f6ss\u00e4si, OSRAM AirZing Minin avulla voit edist\u00e4\u00e4 parempaa ymp\u00e4rist\u00f6\u00e4 auton sis\u00e4ll\u00e4 ja v\u00e4hent\u00e4\u00e4 virusten ja bakteerien m\u00e4\u00e4r\u00e4\u00e4 ilmassa. Ajoneuvon koko ilmam\u00e4\u00e4r\u00e4 suodatetaan ja puhdistetaan noin 30 minuutissa. AirZing Mini poistaa my\u00f6s hajuja ja savua.<\/p>\n<p><iframe loading=\"lazy\" height=\"314\" src=\"https:\/\/www.youtube.com\/embed\/ZyYZ5SvSTA8?si=Y9vCy2n_1fzjO57J&amp;amp\" width=\"560\" allowfullscreen=\"allowfullscreen\"><\/iframe><\/p>","protected":false},"excerpt":{"rendered":"<p>Osramin ilmanpuhdistin! Auttaa poistamaan ei-toivottuja hiukkasia autossasi olevasta ilmasta.<\/p>","protected":false},"featured_media":8820,"comment_status":"closed","ping_status":"closed","template":"","meta":{"_acf_changed":false,"_smort_price_nok":"561","_smort_price_dkk":"509","_smort_price_eur":"68.18","_smort_sale_price_nok":"561","_smort_sale_price_dkk":"","_smort_sale_price_eur":"","smort_restorder":"","shipmondo_restorder":"","_kad_blocks_custom_css":"","_kad_blocks_head_custom_js":"","_kad_blocks_body_custom_js":"","_kad_blocks_footer_custom_js":"","smort_custom_pricelist_1":"480","smort_custom_pricelist_2":"480","smort_custom_pricelist_3":"456","smort_custom_pricelist_4":"600","smort_custom_pricelist_5":"480"},"anvandningsomrade":[],"bilmarken":[],"product_brand":[108],"product_cat":[2447,2854,378,1402],"product_tag":[],"class_list":{"0":"post-8819","1":"product","2":"type-product","3":"status-publish","4":"has-post-thumbnail","6":"product_brand-osram","7":"product_cat-doft","8":"product_cat-noel","9":"product_cat-bilvard","10":"product_cat-outlet","12":"first","13":"instock","14":"sale","15":"taxable","16":"shipping-taxable","17":"purchasable","18":"product-type-simple"},"bundled_by":[],"bundle_stock_status":"instock","bundle_stock_quantity":6,"bundle_virtual":false,"bundle_layout":"","bundle_add_to_cart_form_location":"","bundle_editable_in_cart":false,"bundle_sold_individually_context":"","bundle_item_grouping":"","bundle_min_size":"","bundle_max_size":"","bundle_price":[],"bundled_items":[],"bundle_sell_ids":[],"acf":[],"yoast_head":"<!-- This site is optimized with the Yoast SEO plugin v27.0 - https:\/\/yoast.com\/product\/yoast-seo-wordpress\/ -->\n<title>AirZing Mini Air Purifier - Xenonkungen<\/title>\n<meta name=\"robots\" content=\"index, follow, max-snippet:-1, max-image-preview:large, max-video-preview:-1\" \/>\n<link rel=\"canonical\" href=\"https:\/\/xenonkungen.com\/fi\/tuote\/airzing-mini-ilmanpuhdistin\/\" \/>\n<meta property=\"og:locale\" content=\"fi_FI\" \/>\n<meta property=\"og:type\" content=\"article\" \/>\n<meta property=\"og:title\" content=\"AirZing Mini Air Purifier - Xenonkungen\" \/>\n<meta property=\"og:description\" content=\"Luftrenare fr\u00e5n Osram! Kan hj\u00e4lpa till med att ta bort o\u00f6nskade partiklar i luften ni har i er bil.\" \/>\n<meta property=\"og:url\" content=\"https:\/\/xenonkungen.com\/fi\/tuote\/airzing-mini-ilmanpuhdistin\/\" \/>\n<meta property=\"og:site_name\" content=\"Xenonkungen\" \/>\n<meta property=\"article:modified_time\" content=\"2026-04-11T00:29:20+00:00\" \/>\n<meta property=\"og:image\" content=\"https:\/\/xenonkungen.com\/wp-content\/uploads\/2025\/04\/182438315-origpic-c12e3d.jpg\" \/>\n\t<meta property=\"og:image:width\" content=\"900\" \/>\n\t<meta property=\"og:image:height\" content=\"900\" \/>\n\t<meta property=\"og:image:type\" content=\"image\/jpeg\" \/>\n<meta name=\"twitter:card\" content=\"summary_large_image\" \/>\n<meta name=\"twitter:label1\" content=\"Arvioitu lukuaika\" \/>\n\t<meta name=\"twitter:data1\" content=\"2 minuuttia\" \/>\n<script type=\"application\/ld+json\" class=\"yoast-schema-graph\">{\"@context\":\"https:\/\/schema.org\",\"@graph\":[{\"@type\":\"WebPage\",\"@id\":\"https:\/\/xenonkungen.com\/produkt\/airzing-mini-air-purifier\/\",\"url\":\"https:\/\/xenonkungen.com\/produkt\/airzing-mini-air-purifier\/\",\"name\":\"AirZing Mini Air Purifier - Xenonkungen\",\"isPartOf\":{\"@id\":\"https:\/\/xenonkungen.com\/#website\"},\"primaryImageOfPage\":{\"@id\":\"https:\/\/xenonkungen.com\/produkt\/airzing-mini-air-purifier\/#primaryimage\"},\"image\":{\"@id\":\"https:\/\/xenonkungen.com\/produkt\/airzing-mini-air-purifier\/#primaryimage\"},\"thumbnailUrl\":\"https:\/\/xenonkungen.com\/wp-content\/uploads\/2025\/04\/182438315-origpic-c12e3d.jpg\",\"datePublished\":\"2025-04-15T10:10:05+00:00\",\"dateModified\":\"2026-04-11T00:29:20+00:00\",\"breadcrumb\":{\"@id\":\"https:\/\/xenonkungen.com\/produkt\/airzing-mini-air-purifier\/#breadcrumb\"},\"inLanguage\":\"fi\",\"potentialAction\":[{\"@type\":\"ReadAction\",\"target\":[\"https:\/\/xenonkungen.com\/produkt\/airzing-mini-air-purifier\/\"]}]},{\"@type\":\"ImageObject\",\"inLanguage\":\"fi\",\"@id\":\"https:\/\/xenonkungen.com\/produkt\/airzing-mini-air-purifier\/#primaryimage\",\"url\":\"https:\/\/xenonkungen.com\/wp-content\/uploads\/2025\/04\/182438315-origpic-c12e3d.jpg\",\"contentUrl\":\"https:\/\/xenonkungen.com\/wp-content\/uploads\/2025\/04\/182438315-origpic-c12e3d.jpg\",\"width\":900,\"height\":900},{\"@type\":\"BreadcrumbList\",\"@id\":\"https:\/\/xenonkungen.com\/produkt\/airzing-mini-air-purifier\/#breadcrumb\",\"itemListElement\":[{\"@type\":\"ListItem\",\"position\":1,\"name\":\"Hem\",\"item\":\"https:\/\/xenonkungen.com\/\"},{\"@type\":\"ListItem\",\"position\":2,\"name\":\"Shop\",\"item\":\"https:\/\/xenonkungen.com\/shop\/\"},{\"@type\":\"ListItem\",\"position\":3,\"name\":\"AirZing Mini Air Purifier\"}]},{\"@type\":\"WebSite\",\"@id\":\"https:\/\/xenonkungen.com\/#website\",\"url\":\"https:\/\/xenonkungen.com\/\",\"name\":\"Xenonkungen\",\"description\":\"\",\"potentialAction\":[{\"@type\":\"SearchAction\",\"target\":{\"@type\":\"EntryPoint\",\"urlTemplate\":\"https:\/\/xenonkungen.com\/?s={search_term_string}\"},\"query-input\":{\"@type\":\"PropertyValueSpecification\",\"valueRequired\":true,\"valueName\":\"search_term_string\"}}],\"inLanguage\":\"fi\"}]}<\/script>\n<!-- \/ Yoast SEO plugin. -->","yoast_head_json":{"title":"AirZing Mini -ilmanpuhdistin - Xenon King","robots":{"index":"index","follow":"follow","max-snippet":"max-snippet:-1","max-image-preview":"max-image-preview:large","max-video-preview":"max-video-preview:-1"},"canonical":"https:\/\/xenonkungen.com\/fi\/tuote\/airzing-mini-ilmanpuhdistin\/","og_locale":"fi_FI","og_type":"article","og_title":"AirZing Mini Air Purifier - Xenonkungen","og_description":"Luftrenare fr\u00e5n Osram! Kan hj\u00e4lpa till med att ta bort o\u00f6nskade partiklar i luften ni har i er bil.","og_url":"https:\/\/xenonkungen.com\/fi\/tuote\/airzing-mini-ilmanpuhdistin\/","og_site_name":"Xenonkungen","article_modified_time":"2026-04-11T00:29:20+00:00","og_image":[{"width":900,"height":900,"url":"https:\/\/xenonkungen.com\/wp-content\/uploads\/2025\/04\/182438315-origpic-c12e3d.jpg","type":"image\/jpeg"}],"twitter_card":"summary_large_image","twitter_misc":{"Arvioitu lukuaika":"2 minuuttia"},"schema":{"@context":"https:\/\/schema.org","@graph":[{"@type":"WebPage","@id":"https:\/\/xenonkungen.com\/produkt\/airzing-mini-air-purifier\/","url":"https:\/\/xenonkungen.com\/produkt\/airzing-mini-air-purifier\/","name":"AirZing Mini -ilmanpuhdistin - Xenon King","isPartOf":{"@id":"https:\/\/xenonkungen.com\/#website"},"primaryImageOfPage":{"@id":"https:\/\/xenonkungen.com\/produkt\/airzing-mini-air-purifier\/#primaryimage"},"image":{"@id":"https:\/\/xenonkungen.com\/produkt\/airzing-mini-air-purifier\/#primaryimage"},"thumbnailUrl":"https:\/\/xenonkungen.com\/wp-content\/uploads\/2025\/04\/182438315-origpic-c12e3d.jpg","datePublished":"2025-04-15T10:10:05+00:00","dateModified":"2026-04-11T00:29:20+00:00","breadcrumb":{"@id":"https:\/\/xenonkungen.com\/produkt\/airzing-mini-air-purifier\/#breadcrumb"},"inLanguage":"fi","potentialAction":[{"@type":"ReadAction","target":["https:\/\/xenonkungen.com\/produkt\/airzing-mini-air-purifier\/"]}]},{"@type":"ImageObject","inLanguage":"fi","@id":"https:\/\/xenonkungen.com\/produkt\/airzing-mini-air-purifier\/#primaryimage","url":"https:\/\/xenonkungen.com\/wp-content\/uploads\/2025\/04\/182438315-origpic-c12e3d.jpg","contentUrl":"https:\/\/xenonkungen.com\/wp-content\/uploads\/2025\/04\/182438315-origpic-c12e3d.jpg","width":900,"height":900},{"@type":"BreadcrumbList","@id":"https:\/\/xenonkungen.com\/produkt\/airzing-mini-air-purifier\/#breadcrumb","itemListElement":[{"@type":"ListItem","position":1,"name":"Hem","item":"https:\/\/xenonkungen.com\/"},{"@type":"ListItem","position":2,"name":"Shop","item":"https:\/\/xenonkungen.com\/shop\/"},{"@type":"ListItem","position":3,"name":"AirZing Mini Air Purifier"}]},{"@type":"WebSite","@id":"https:\/\/xenonkungen.com\/#website","url":"https:\/\/xenonkungen.com\/","name":"Xenonkungen","description":"","potentialAction":[{"@type":"SearchAction","target":{"@type":"EntryPoint","urlTemplate":"https:\/\/xenonkungen.com\/?s={search_term_string}"},"query-input":{"@type":"PropertyValueSpecification","valueRequired":true,"valueName":"search_term_string"}}],"inLanguage":"fi"}]}},"taxonomy_info":{"product_brand":[{"value":108,"label":"OSRAM"}],"product_cat":[{"value":2447,"label":"Doft"},{"value":2854,"label":"Noels EPA"},{"value":378,"label":"Bilv\u00e5rd"},{"value":1402,"label":"Outlet"}]},"featured_image_src_large":["https:\/\/xenonkungen.com\/wp-content\/uploads\/2025\/04\/182438315-origpic-c12e3d.jpg",900,900,false],"author_info":[],"comment_info":0,"_links":{"self":[{"href":"https:\/\/xenonkungen.com\/fi\/wp-json\/wp\/v2\/product\/8819","targetHints":{"allow":["GET"]}}],"collection":[{"href":"https:\/\/xenonkungen.com\/fi\/wp-json\/wp\/v2\/product"}],"about":[{"href":"https:\/\/xenonkungen.com\/fi\/wp-json\/wp\/v2\/types\/product"}],"replies":[{"embeddable":true,"href":"https:\/\/xenonkungen.com\/fi\/wp-json\/wp\/v2\/comments?post=8819"}],"wp:featuredmedia":[{"embeddable":true,"href":"https:\/\/xenonkungen.com\/fi\/wp-json\/wp\/v2\/media\/8820"}],"wp:attachment":[{"href":"https:\/\/xenonkungen.com\/fi\/wp-json\/wp\/v2\/media?parent=8819"}],"wp:term":[{"taxonomy":"anvandningsomrade","embeddable":true,"href":"https:\/\/xenonkungen.com\/fi\/wp-json\/wp\/v2\/anvandningsomrade?post=8819"},{"taxonomy":"bilmarken","embeddable":true,"href":"https:\/\/xenonkungen.com\/fi\/wp-json\/wp\/v2\/bilmarken?post=8819"},{"taxonomy":"product_brand","embeddable":true,"href":"https:\/\/xenonkungen.com\/fi\/wp-json\/wp\/v2\/product_brand?post=8819"},{"taxonomy":"product_cat","embeddable":true,"href":"https:\/\/xenonkungen.com\/fi\/wp-json\/wp\/v2\/product_cat?post=8819"},{"taxonomy":"product_tag","embeddable":true,"href":"https:\/\/xenonkungen.com\/fi\/wp-json\/wp\/v2\/product_tag?post=8819"}],"curies":[{"name":"wp","href":"https:\/\/api.w.org\/{rel}","templated":true}]}}