{"id":8834,"date":"2025-04-15T10:10:05","date_gmt":"2025-04-15T10:10:05","guid":{"rendered":"https:\/\/xenonkungen.com\/product\/ledriving-hl-bright-hb4-hir2\/"},"modified":"2026-03-04T17:03:25","modified_gmt":"2026-03-04T16:03:25","slug":"led-ajovalo-hl-kirkas-hb4-hi2","status":"publish","type":"product","link":"https:\/\/xenonkungen.com\/fi\/tuote\/led-ajovalo-hl-kirkas-hb4-hi2\/","title":{"rendered":"LEDriving\u00ae HL BRIGHT HB4\/HIR2 -valaisimet"},"content":{"rendered":"<h1>Tutustu OSRAM LEDriving HL BRIGHT -valaisimeen.<\/h1>\n<p>T\u00e4ydellinen LED-retrovalaisin, joka tarjoaa erinomaista suorituskyky\u00e4 ja tyyli\u00e4. <strong>jopa +300 % enemm\u00e4n kirkkautta<\/strong> Verrattuna tavallisiin halogeenilamppuihin (ECE R112 -standardin mukaisesti), t\u00e4m\u00e4 lamppu tarjoaa paitsi paremman n\u00e4kyvyyden, my\u00f6s tyylikk\u00e4\u00e4n ja modernin ulkon\u00e4\u00f6n. <strong>viile\u00e4n valkoinen valo 6000K:n l\u00e4mp\u00f6tilassa<\/strong>Aja turvallisemmin parantuneen n\u00e4kyvyyden ansiosta ja havaitse esteet, merkit ja vaarat aikaisemmin, samalla kun optimoitu valonjako v\u00e4hent\u00e4\u00e4 h\u00e4ik\u00e4isy\u00e4.<\/p>\n<p>OSRAM LEDriving HL BRIGHT tarjoaa my\u00f6s jopa <strong>5 kertaa pidempi k\u00e4ytt\u00f6ik\u00e4<\/strong> edistyneen LED-teknologian ja OSRAMin ensiluokkaisen laadun ansiosta. Lamput toimitetaan pareittain ja niiss\u00e4 on runsas valoteho. <strong>4 vuoden takuu<\/strong>, joka tarjoaa sek\u00e4 tyyli\u00e4 ett\u00e4 turvallisuutta ja pitk\u00e4\u00e4 k\u00e4ytt\u00f6ik\u00e4\u00e4.<\/p>\n<h2>Helppo asennus ja korkea yhteensopivuus<\/h2>\n<p>Kompaktin rakenteensa ansiosta asennus on helppoa, ja valot ovat yhteensopivia 12 V:n j\u00e4rjestelmien kanssa, mik\u00e4 tekee niist\u00e4 t\u00e4ydellisen valinnan autoihin, joissa on halogeenivalot. Huomaa, ett\u00e4 n\u00e4m\u00e4 valot eiv\u00e4t ole ECE-hyv\u00e4ksyttyj\u00e4 ja ne on tarkoitettu maastok\u00e4ytt\u00f6\u00f6n.<\/p>\n<p>P\u00e4ivit\u00e4 autosi t\u00e4n\u00e4\u00e4n ja yhdist\u00e4 <strong>moderni muotoilu ja lis\u00e4\u00e4ntynyt turvallisuus<\/strong> OSRAM LEDriving HL BRIGHT -polttimoilla \u2013 valoa, johon voit luottaa!<\/p>\n<h3><strong>Tekniset tiedot<\/strong><\/h3>\n<p><strong>S\u00e4hk\u00f6iset tiedot<\/strong><\/p>\n<p>- Tehonkulutus: 19 W<br \/>- Nimellisj\u00e4nnite: 12,0 V<br \/>- Nimellisteho: 19 W<\/p>\n<p><strong>Fotometriset tiedot<\/strong><\/p>\n<p>\u2013 Nimellinen valovirta: 1900 lm<br \/>- Valovirran toleranssi: \u00b120 % %<br \/>- LED-valon v\u00e4ri: viile\u00e4n valkoinen<br \/>- V\u00e4ril\u00e4mp\u00f6tila: 6000 K<\/p>\n<p><strong>Fysikaaliset ominaisuudet ja mitat<\/strong><\/p>\n<p>- Pituus: 76,2 mm<br \/>- Halkaisija: 14,0 mm<br \/>\u2013 Tuotteen paino: 70,00 g<br \/>- Lampunpitimet: <span>P22d<\/span><\/p>\n<p><strong>Elinik\u00e4iset tiedot<\/strong><\/p>\n<p>- Elinik\u00e4 Tc: 5000 tuntia<\/p>\n<p><strong>Takuu:<\/strong><\/p>\n<p>- 4 vuotta<\/p>","protected":false},"excerpt":{"rendered":"<p>LEDriving\u00ae HL BRIGHT HB4\/HIR2 tarjoaa tehokkaan LED-valaistuksen 1900 lumenilla ja viile\u00e4n valkoisen 6000 K:n v\u00e4ril\u00e4mp\u00f6tilalla. T\u00e4m\u00e4 12 V:n polttimo yhdist\u00e4\u00e4 korkean suorituskyvyn moderniin muotoiluun, parantaen n\u00e4kyvyytt\u00e4 ja antaen ajoneuvollesi tyylikk\u00e4\u00e4n ilmeen.<\/p>","protected":false},"featured_media":8835,"comment_status":"closed","ping_status":"open","template":"","meta":{"_acf_changed":false,"_smort_price_nok":"1383","_smort_price_dkk":"879","_smort_price_eur":"117.72","_smort_sale_price_nok":"","_smort_sale_price_dkk":"","_smort_sale_price_eur":"","smort_restorder":"","shipmondo_restorder":"","_kad_blocks_custom_css":"","_kad_blocks_head_custom_js":"","_kad_blocks_body_custom_js":"","_kad_blocks_footer_custom_js":"","smort_custom_pricelist_1":"828.8","smort_custom_pricelist_2":"725.2","smort_custom_pricelist_3":"673.4","smort_custom_pricelist_4":"1036","smort_custom_pricelist_5":"725.2"},"anvandningsomrade":[],"bilmarken":[],"product_brand":[108],"product_cat":[2633,733],"product_tag":[],"class_list":{"0":"post-8834","1":"product","2":"type-product","3":"status-publish","4":"has-post-thumbnail","6":"product_brand-osram","7":"product_cat-osram-ledriving-halvljus-helljus","8":"product_cat-halvljus-helljus","9":"pa_faktisk-effekts-forbrukning-1904","10":"pa_lampsockel-kontakt-hb4-hir2","11":"pa_volt-v-159","13":"first","14":"onbackorder","15":"taxable","16":"shipping-taxable","17":"purchasable","18":"product-type-simple"},"bundled_by":[],"bundle_stock_status":"onbackorder","bundle_stock_quantity":0,"bundle_virtual":false,"bundle_layout":"","bundle_add_to_cart_form_location":"","bundle_editable_in_cart":false,"bundle_sold_individually_context":"","bundle_item_grouping":"","bundle_min_size":"","bundle_max_size":"","bundle_price":[],"bundled_items":[],"bundle_sell_ids":[],"acf":[],"yoast_head":"<!-- This site is optimized with the Yoast SEO plugin v27.0 - https:\/\/yoast.com\/product\/yoast-seo-wordpress\/ -->\n<title>LEDriving\u00ae HL BRIGHT HB4\/HIR2 - Xenonkungen<\/title>\n<meta name=\"robots\" content=\"index, follow, max-snippet:-1, max-image-preview:large, max-video-preview:-1\" \/>\n<link rel=\"canonical\" href=\"https:\/\/xenonkungen.com\/fi\/tuote\/led-ajovalo-hl-kirkas-hb4-hi2\/\" \/>\n<meta property=\"og:locale\" content=\"fi_FI\" \/>\n<meta property=\"og:type\" content=\"article\" \/>\n<meta property=\"og:title\" content=\"LEDriving\u00ae HL BRIGHT HB4\/HIR2 - Xenonkungen\" \/>\n<meta property=\"og:description\" content=\"LEDriving\u00ae HL BRIGHT HB4\/HIR2 erbjuder kraftfull LED-belysning med 1900 lumen och en kallvit f\u00e4rgtemperatur p\u00e5 6000K. Denna 12V-lampa kombinerar h\u00f6g prestanda med modern design, vilket ger f\u00f6rb\u00e4ttrad sikt och ett elegant utseende f\u00f6r ditt fordon.\" \/>\n<meta property=\"og:url\" content=\"https:\/\/xenonkungen.com\/fi\/tuote\/led-ajovalo-hl-kirkas-hb4-hi2\/\" \/>\n<meta property=\"og:site_name\" content=\"Xenonkungen\" \/>\n<meta property=\"article:modified_time\" content=\"2026-03-04T16:03:25+00:00\" \/>\n<meta property=\"og:image\" content=\"https:\/\/xenonkungen.com\/wp-content\/uploads\/2025\/04\/215798083-origpic-4a495c.jpg\" \/>\n\t<meta property=\"og:image:width\" content=\"1024\" \/>\n\t<meta property=\"og:image:height\" content=\"674\" \/>\n\t<meta property=\"og:image:type\" content=\"image\/jpeg\" \/>\n<meta name=\"twitter:card\" content=\"summary_large_image\" \/>\n<meta name=\"twitter:label1\" content=\"Arvioitu lukuaika\" \/>\n\t<meta name=\"twitter:data1\" content=\"1 minuutti\" \/>\n<script type=\"application\/ld+json\" class=\"yoast-schema-graph\">{\"@context\":\"https:\/\/schema.org\",\"@graph\":[{\"@type\":\"WebPage\",\"@id\":\"https:\/\/xenonkungen.com\/produkt\/ledriving-hl-bright-hb4-hir2\/\",\"url\":\"https:\/\/xenonkungen.com\/produkt\/ledriving-hl-bright-hb4-hir2\/\",\"name\":\"LEDriving\u00ae HL BRIGHT HB4\/HIR2 - Xenonkungen\",\"isPartOf\":{\"@id\":\"https:\/\/xenonkungen.com\/#website\"},\"primaryImageOfPage\":{\"@id\":\"https:\/\/xenonkungen.com\/produkt\/ledriving-hl-bright-hb4-hir2\/#primaryimage\"},\"image\":{\"@id\":\"https:\/\/xenonkungen.com\/produkt\/ledriving-hl-bright-hb4-hir2\/#primaryimage\"},\"thumbnailUrl\":\"https:\/\/xenonkungen.com\/wp-content\/uploads\/2025\/04\/215798083-origpic-4a495c.jpg\",\"datePublished\":\"2025-04-15T10:10:05+00:00\",\"dateModified\":\"2026-03-04T16:03:25+00:00\",\"breadcrumb\":{\"@id\":\"https:\/\/xenonkungen.com\/produkt\/ledriving-hl-bright-hb4-hir2\/#breadcrumb\"},\"inLanguage\":\"fi\",\"potentialAction\":[{\"@type\":\"ReadAction\",\"target\":[\"https:\/\/xenonkungen.com\/produkt\/ledriving-hl-bright-hb4-hir2\/\"]}]},{\"@type\":\"ImageObject\",\"inLanguage\":\"fi\",\"@id\":\"https:\/\/xenonkungen.com\/produkt\/ledriving-hl-bright-hb4-hir2\/#primaryimage\",\"url\":\"https:\/\/xenonkungen.com\/wp-content\/uploads\/2025\/04\/215798083-origpic-4a495c.jpg\",\"contentUrl\":\"https:\/\/xenonkungen.com\/wp-content\/uploads\/2025\/04\/215798083-origpic-4a495c.jpg\",\"width\":1024,\"height\":674},{\"@type\":\"BreadcrumbList\",\"@id\":\"https:\/\/xenonkungen.com\/produkt\/ledriving-hl-bright-hb4-hir2\/#breadcrumb\",\"itemListElement\":[{\"@type\":\"ListItem\",\"position\":1,\"name\":\"Hem\",\"item\":\"https:\/\/xenonkungen.com\/\"},{\"@type\":\"ListItem\",\"position\":2,\"name\":\"Shop\",\"item\":\"https:\/\/xenonkungen.com\/shop\/\"},{\"@type\":\"ListItem\",\"position\":3,\"name\":\"LEDriving\u00ae HL BRIGHT HB4\/HIR2\"}]},{\"@type\":\"WebSite\",\"@id\":\"https:\/\/xenonkungen.com\/#website\",\"url\":\"https:\/\/xenonkungen.com\/\",\"name\":\"Xenonkungen\",\"description\":\"\",\"potentialAction\":[{\"@type\":\"SearchAction\",\"target\":{\"@type\":\"EntryPoint\",\"urlTemplate\":\"https:\/\/xenonkungen.com\/?s={search_term_string}\"},\"query-input\":{\"@type\":\"PropertyValueSpecification\",\"valueRequired\":true,\"valueName\":\"search_term_string\"}}],\"inLanguage\":\"fi\"}]}<\/script>\n<!-- \/ Yoast SEO plugin. -->","yoast_head_json":{"title":"LEDriving\u00ae HL BRIGHT HB4\/HIR2 - Ksenonpolttimoiden kuningas","robots":{"index":"index","follow":"follow","max-snippet":"max-snippet:-1","max-image-preview":"max-image-preview:large","max-video-preview":"max-video-preview:-1"},"canonical":"https:\/\/xenonkungen.com\/fi\/tuote\/led-ajovalo-hl-kirkas-hb4-hi2\/","og_locale":"fi_FI","og_type":"article","og_title":"LEDriving\u00ae HL BRIGHT HB4\/HIR2 - Xenonkungen","og_description":"LEDriving\u00ae HL BRIGHT HB4\/HIR2 erbjuder kraftfull LED-belysning med 1900 lumen och en kallvit f\u00e4rgtemperatur p\u00e5 6000K. Denna 12V-lampa kombinerar h\u00f6g prestanda med modern design, vilket ger f\u00f6rb\u00e4ttrad sikt och ett elegant utseende f\u00f6r ditt fordon.","og_url":"https:\/\/xenonkungen.com\/fi\/tuote\/led-ajovalo-hl-kirkas-hb4-hi2\/","og_site_name":"Xenonkungen","article_modified_time":"2026-03-04T16:03:25+00:00","og_image":[{"width":1024,"height":674,"url":"https:\/\/xenonkungen.com\/wp-content\/uploads\/2025\/04\/215798083-origpic-4a495c.jpg","type":"image\/jpeg"}],"twitter_card":"summary_large_image","twitter_misc":{"Arvioitu lukuaika":"1 minuutti"},"schema":{"@context":"https:\/\/schema.org","@graph":[{"@type":"WebPage","@id":"https:\/\/xenonkungen.com\/produkt\/ledriving-hl-bright-hb4-hir2\/","url":"https:\/\/xenonkungen.com\/produkt\/ledriving-hl-bright-hb4-hir2\/","name":"LEDriving\u00ae HL BRIGHT HB4\/HIR2 - Ksenonpolttimoiden kuningas","isPartOf":{"@id":"https:\/\/xenonkungen.com\/#website"},"primaryImageOfPage":{"@id":"https:\/\/xenonkungen.com\/produkt\/ledriving-hl-bright-hb4-hir2\/#primaryimage"},"image":{"@id":"https:\/\/xenonkungen.com\/produkt\/ledriving-hl-bright-hb4-hir2\/#primaryimage"},"thumbnailUrl":"https:\/\/xenonkungen.com\/wp-content\/uploads\/2025\/04\/215798083-origpic-4a495c.jpg","datePublished":"2025-04-15T10:10:05+00:00","dateModified":"2026-03-04T16:03:25+00:00","breadcrumb":{"@id":"https:\/\/xenonkungen.com\/produkt\/ledriving-hl-bright-hb4-hir2\/#breadcrumb"},"inLanguage":"fi","potentialAction":[{"@type":"ReadAction","target":["https:\/\/xenonkungen.com\/produkt\/ledriving-hl-bright-hb4-hir2\/"]}]},{"@type":"ImageObject","inLanguage":"fi","@id":"https:\/\/xenonkungen.com\/produkt\/ledriving-hl-bright-hb4-hir2\/#primaryimage","url":"https:\/\/xenonkungen.com\/wp-content\/uploads\/2025\/04\/215798083-origpic-4a495c.jpg","contentUrl":"https:\/\/xenonkungen.com\/wp-content\/uploads\/2025\/04\/215798083-origpic-4a495c.jpg","width":1024,"height":674},{"@type":"BreadcrumbList","@id":"https:\/\/xenonkungen.com\/produkt\/ledriving-hl-bright-hb4-hir2\/#breadcrumb","itemListElement":[{"@type":"ListItem","position":1,"name":"Hem","item":"https:\/\/xenonkungen.com\/"},{"@type":"ListItem","position":2,"name":"Shop","item":"https:\/\/xenonkungen.com\/shop\/"},{"@type":"ListItem","position":3,"name":"LEDriving\u00ae HL BRIGHT HB4\/HIR2"}]},{"@type":"WebSite","@id":"https:\/\/xenonkungen.com\/#website","url":"https:\/\/xenonkungen.com\/","name":"Xenonkungen","description":"","potentialAction":[{"@type":"SearchAction","target":{"@type":"EntryPoint","urlTemplate":"https:\/\/xenonkungen.com\/?s={search_term_string}"},"query-input":{"@type":"PropertyValueSpecification","valueRequired":true,"valueName":"search_term_string"}}],"inLanguage":"fi"}]}},"taxonomy_info":{"product_brand":[{"value":108,"label":"OSRAM"}],"product_cat":[{"value":2633,"label":"OSRAM Ledriving"},{"value":733,"label":"Halvljus \/ Helljus"}],"pa_faktisk-effekts-forbrukning":[{"value":1904,"label":"19"}],"pa_lampsockel-kontakt":[{"value":2143,"label":"HB4\/HIR2"}],"pa_volt-v":[{"value":159,"label":"12"}]},"featured_image_src_large":["https:\/\/xenonkungen.com\/wp-content\/uploads\/2025\/04\/215798083-origpic-4a495c.jpg",1024,674,false],"author_info":[],"comment_info":0,"_links":{"self":[{"href":"https:\/\/xenonkungen.com\/fi\/wp-json\/wp\/v2\/product\/8834","targetHints":{"allow":["GET"]}}],"collection":[{"href":"https:\/\/xenonkungen.com\/fi\/wp-json\/wp\/v2\/product"}],"about":[{"href":"https:\/\/xenonkungen.com\/fi\/wp-json\/wp\/v2\/types\/product"}],"replies":[{"embeddable":true,"href":"https:\/\/xenonkungen.com\/fi\/wp-json\/wp\/v2\/comments?post=8834"}],"wp:featuredmedia":[{"embeddable":true,"href":"https:\/\/xenonkungen.com\/fi\/wp-json\/wp\/v2\/media\/8835"}],"wp:attachment":[{"href":"https:\/\/xenonkungen.com\/fi\/wp-json\/wp\/v2\/media?parent=8834"}],"wp:term":[{"taxonomy":"anvandningsomrade","embeddable":true,"href":"https:\/\/xenonkungen.com\/fi\/wp-json\/wp\/v2\/anvandningsomrade?post=8834"},{"taxonomy":"bilmarken","embeddable":true,"href":"https:\/\/xenonkungen.com\/fi\/wp-json\/wp\/v2\/bilmarken?post=8834"},{"taxonomy":"product_brand","embeddable":true,"href":"https:\/\/xenonkungen.com\/fi\/wp-json\/wp\/v2\/product_brand?post=8834"},{"taxonomy":"product_cat","embeddable":true,"href":"https:\/\/xenonkungen.com\/fi\/wp-json\/wp\/v2\/product_cat?post=8834"},{"taxonomy":"product_tag","embeddable":true,"href":"https:\/\/xenonkungen.com\/fi\/wp-json\/wp\/v2\/product_tag?post=8834"}],"curies":[{"name":"wp","href":"https:\/\/api.w.org\/{rel}","templated":true}]}}