{"id":8867,"date":"2025-04-15T10:10:30","date_gmt":"2025-04-15T10:10:30","guid":{"rendered":"https:\/\/xenonkungen.com\/product\/blixtljus-super-slim-3led-r10-bla\/"},"modified":"2025-12-10T14:50:33","modified_gmt":"2025-12-10T13:50:33","slug":"taskulamppu-erittain-ohut-3led-r10-sininen","status":"publish","type":"product","link":"https:\/\/xenonkungen.com\/fi\/tuote\/taskulamppu-erittain-ohut-3led-r10-sininen\/","title":{"rendered":"Taskulamppu Super-Slim 3LED R10 sininen"},"content":{"rendered":"<div class=\"container\">\n<h1>Sininen eritt\u00e4in ohut varoitusvalo, jossa 3 LEDi\u00e4<\/h1>\n<p>T\u00e4m\u00e4 sininen eritt\u00e4in ohut varoitusvalo, jossa on kolme tehokasta LEDi\u00e4, sopii t\u00e4ydellisesti h\u00e4t\u00e4- ja huoltoajoneuvoihin, joissa sek\u00e4 hyv\u00e4 n\u00e4kyvyys ett\u00e4 huomaamaton profiili ovat t\u00e4rkeit\u00e4. Sen kompakti ja eritt\u00e4in ohut muotoilu tekee siit\u00e4 helpon asentaa useisiin eri paikkoihin ajoneuvossa ja tarjoaa samalla tehokkaan varoitussignaalin.<\/p>\n<div class=\"features\">\n<h2>Ominaisuudet:<\/h2>\n<ul>\n<li><span class=\"highlight\">3 LED-diodia:<\/span> Tarjoaa kirkkaan sinisen valon erinomaisen n\u00e4kyvyyden takaamiseksi.<\/li>\n<li>Superohut muotoilu: Ohut ja huomaamaton, t\u00e4ydellinen asennettavaksi ajoneuvoihin, joissa tilaa on rajoitetusti.<\/li>\n<li>Korkea hy\u00f6tysuhde: LED-tekniikka takaa alhaisen energiankulutuksen ja maksimaalisen kirkkauden.<\/li>\n<li>S\u00e4\u00e4nkest\u00e4v\u00e4: Rakennettu kest\u00e4m\u00e4\u00e4n ankaria s\u00e4\u00e4olosuhteita ja pitk\u00e4aikaista k\u00e4ytt\u00f6\u00e4.<\/li>\n<li>Monipuolinen k\u00e4ytt\u00f6: Ihanteellinen poliisiautoille, ambulansseille ja muille h\u00e4lytysajoneuvoille, jotka vaativat hyv\u00e4\u00e4 n\u00e4kyvyytt\u00e4.<\/li>\n<\/ul>\n<\/div>\n<p>T\u00e4m\u00e4 sininen eritt\u00e4in ohut 3-LED-varoitusvalo yhdist\u00e4\u00e4 tehokkaan varoitusvaikutuksen esteettisesti miellytt\u00e4v\u00e4\u00e4n muotoiluun, mik\u00e4 tekee siit\u00e4 erinomaisen ratkaisun ammattilaisten tarpeisiin.<\/p>\n<\/div>\n<p><strong>Multivoltti:<\/strong> 12\/24V\u00a0<br \/><strong>Kosteussuojaus:<\/strong> IP67 (iskunkest\u00e4v\u00e4, vesi- ja p\u00f6lytiivis)<br \/><strong>LED: <\/strong>3x 3Watti LEDit<br \/><strong>Mitat:<\/strong> 90 x 29 x 11 mm<br \/><strong>Valtuutettu:<\/strong> ECE R10<\/p>\n<p><strong>Hyv\u00e4 tiet\u00e4\u00e4:<\/strong><\/p>\n<ul>\n<li>150\u00b0 ultralaajakulmainen valokeila<\/li>\n<li>Eritt\u00e4in kest\u00e4v\u00e4 polykarbonaattilinssi<\/li>\n<li>Korkea kirkkaus<\/li>\n<li>Pinta-asennettu<\/li>\n<li>Kuminen asennusholkki<\/li>\n<\/ul>\n<p><strong>Takuu:<\/strong> 5 vuotta<\/p>","protected":false},"excerpt":{"rendered":"<p>Superohut sininen varoitusvalo 3LED | R10 | 5 vuoden takuu<\/p>","protected":false},"featured_media":8868,"comment_status":"closed","ping_status":"open","template":"","meta":{"_acf_changed":false,"_smort_price_nok":"620","_smort_price_dkk":"394","_smort_price_eur":"52.72","_smort_sale_price_nok":"","_smort_sale_price_dkk":"","_smort_sale_price_eur":"","smort_restorder":"","shipmondo_restorder":"","_kad_blocks_custom_css":"","_kad_blocks_head_custom_js":"","_kad_blocks_body_custom_js":"","_kad_blocks_footer_custom_js":"","smort_custom_pricelist_1":"324.8","smort_custom_pricelist_2":"324.8","smort_custom_pricelist_3":"308.56","smort_custom_pricelist_4":"464","smort_custom_pricelist_5":"324.8"},"anvandningsomrade":[],"bilmarken":[],"product_brand":[1252],"product_cat":[2553,1061],"product_tag":[],"class_list":{"0":"post-8867","1":"product","2":"type-product","3":"status-publish","4":"has-post-thumbnail","6":"product_brand-lea","7":"product_cat-blixtljus-riktat-varningsljus","8":"product_cat-varningsljus","9":"pa_faktisk-effekts-forbrukning-1690","10":"pa_fuktskydd-varde-ipxx-ip67","11":"pa_godkannande-r10","12":"pa_storlek-mm-90x29x11","13":"pa_volt-v-12-24","15":"first","16":"instock","17":"taxable","18":"shipping-taxable","19":"purchasable","20":"product-type-simple"},"bundled_by":[],"bundle_stock_status":"instock","bundle_stock_quantity":1,"bundle_virtual":false,"bundle_layout":"","bundle_add_to_cart_form_location":"","bundle_editable_in_cart":false,"bundle_sold_individually_context":"","bundle_item_grouping":"","bundle_min_size":"","bundle_max_size":"","bundle_price":[],"bundled_items":[],"bundle_sell_ids":[],"acf":[],"yoast_head":"<!-- This site is optimized with the Yoast SEO plugin v27.0 - https:\/\/yoast.com\/product\/yoast-seo-wordpress\/ -->\n<title>Blixtljus Super-Slim 3LED R10 Bl\u00e5 - Xenonkungen<\/title>\n<meta name=\"robots\" content=\"index, follow, max-snippet:-1, max-image-preview:large, max-video-preview:-1\" \/>\n<link rel=\"canonical\" href=\"http:\/\/xenonkungen.com\/fi\/tuote\/taskulamppu-erittain-ohut-3led-r10-sininen\/\" \/>\n<meta property=\"og:locale\" content=\"fi_FI\" \/>\n<meta property=\"og:type\" content=\"article\" \/>\n<meta property=\"og:title\" content=\"Blixtljus Super-Slim 3LED R10 Bl\u00e5 - Xenonkungen\" \/>\n<meta property=\"og:description\" content=\"Super-Slimline Blue Warning Lamp 3LED | R10 | 5 Year Warranty\" \/>\n<meta property=\"og:url\" content=\"http:\/\/xenonkungen.com\/fi\/tuote\/taskulamppu-erittain-ohut-3led-r10-sininen\/\" \/>\n<meta property=\"og:site_name\" content=\"Xenonkungen\" \/>\n<meta property=\"article:modified_time\" content=\"2025-12-10T13:50:33+00:00\" \/>\n<meta property=\"og:image\" content=\"https:\/\/xenonkungen.com\/wp-content\/uploads\/2025\/04\/156125062-origpic-db7083.jpg\" \/>\n\t<meta property=\"og:image:width\" content=\"800\" \/>\n\t<meta property=\"og:image:height\" content=\"800\" \/>\n\t<meta property=\"og:image:type\" content=\"image\/jpeg\" \/>\n<meta name=\"twitter:card\" content=\"summary_large_image\" \/>\n<meta name=\"twitter:label1\" content=\"Arvioitu lukuaika\" \/>\n\t<meta name=\"twitter:data1\" content=\"1 minuutti\" \/>\n<script type=\"application\/ld+json\" class=\"yoast-schema-graph\">{\"@context\":\"https:\/\/schema.org\",\"@graph\":[{\"@type\":\"WebPage\",\"@id\":\"http:\/\/xenonkungen.com\/no\/produkt\/blixtljus-super-slim-3led-r10-bla\/\",\"url\":\"http:\/\/xenonkungen.com\/no\/produkt\/blixtljus-super-slim-3led-r10-bla\/\",\"name\":\"Blixtljus Super-Slim 3LED R10 Bl\u00e5 - Xenonkungen\",\"isPartOf\":{\"@id\":\"https:\/\/xenonkungen.com\/#website\"},\"primaryImageOfPage\":{\"@id\":\"http:\/\/xenonkungen.com\/no\/produkt\/blixtljus-super-slim-3led-r10-bla\/#primaryimage\"},\"image\":{\"@id\":\"http:\/\/xenonkungen.com\/no\/produkt\/blixtljus-super-slim-3led-r10-bla\/#primaryimage\"},\"thumbnailUrl\":\"https:\/\/xenonkungen.com\/wp-content\/uploads\/2025\/04\/156125062-origpic-db7083.jpg\",\"datePublished\":\"2025-04-15T10:10:30+00:00\",\"dateModified\":\"2025-12-10T13:50:33+00:00\",\"breadcrumb\":{\"@id\":\"http:\/\/xenonkungen.com\/no\/produkt\/blixtljus-super-slim-3led-r10-bla\/#breadcrumb\"},\"inLanguage\":\"fi\",\"potentialAction\":[{\"@type\":\"ReadAction\",\"target\":[\"http:\/\/xenonkungen.com\/no\/produkt\/blixtljus-super-slim-3led-r10-bla\/\"]}]},{\"@type\":\"ImageObject\",\"inLanguage\":\"fi\",\"@id\":\"http:\/\/xenonkungen.com\/no\/produkt\/blixtljus-super-slim-3led-r10-bla\/#primaryimage\",\"url\":\"https:\/\/xenonkungen.com\/wp-content\/uploads\/2025\/04\/156125062-origpic-db7083.jpg\",\"contentUrl\":\"https:\/\/xenonkungen.com\/wp-content\/uploads\/2025\/04\/156125062-origpic-db7083.jpg\",\"width\":800,\"height\":800},{\"@type\":\"BreadcrumbList\",\"@id\":\"http:\/\/xenonkungen.com\/no\/produkt\/blixtljus-super-slim-3led-r10-bla\/#breadcrumb\",\"itemListElement\":[{\"@type\":\"ListItem\",\"position\":1,\"name\":\"Hem\",\"item\":\"https:\/\/xenonkungen.com\/\"},{\"@type\":\"ListItem\",\"position\":2,\"name\":\"Shop\",\"item\":\"https:\/\/xenonkungen.com\/shop\/\"},{\"@type\":\"ListItem\",\"position\":3,\"name\":\"Blixtljus Super-Slim 3LED R10 Bl\u00e5\"}]},{\"@type\":\"WebSite\",\"@id\":\"https:\/\/xenonkungen.com\/#website\",\"url\":\"https:\/\/xenonkungen.com\/\",\"name\":\"Xenonkungen\",\"description\":\"\",\"potentialAction\":[{\"@type\":\"SearchAction\",\"target\":{\"@type\":\"EntryPoint\",\"urlTemplate\":\"https:\/\/xenonkungen.com\/?s={search_term_string}\"},\"query-input\":{\"@type\":\"PropertyValueSpecification\",\"valueRequired\":true,\"valueName\":\"search_term_string\"}}],\"inLanguage\":\"fi\"}]}<\/script>\n<!-- \/ Yoast SEO plugin. -->","yoast_head_json":{"title":"Taskulamppu Superohut 3LED R10 Sininen - Xenonkungen","robots":{"index":"index","follow":"follow","max-snippet":"max-snippet:-1","max-image-preview":"max-image-preview:large","max-video-preview":"max-video-preview:-1"},"canonical":"http:\/\/xenonkungen.com\/fi\/tuote\/taskulamppu-erittain-ohut-3led-r10-sininen\/","og_locale":"fi_FI","og_type":"article","og_title":"Blixtljus Super-Slim 3LED R10 Bl\u00e5 - Xenonkungen","og_description":"Super-Slimline Blue Warning Lamp 3LED | R10 | 5 Year Warranty","og_url":"http:\/\/xenonkungen.com\/fi\/tuote\/taskulamppu-erittain-ohut-3led-r10-sininen\/","og_site_name":"Xenonkungen","article_modified_time":"2025-12-10T13:50:33+00:00","og_image":[{"width":800,"height":800,"url":"https:\/\/xenonkungen.com\/wp-content\/uploads\/2025\/04\/156125062-origpic-db7083.jpg","type":"image\/jpeg"}],"twitter_card":"summary_large_image","twitter_misc":{"Arvioitu lukuaika":"1 minuutti"},"schema":{"@context":"https:\/\/schema.org","@graph":[{"@type":"WebPage","@id":"http:\/\/xenonkungen.com\/no\/produkt\/blixtljus-super-slim-3led-r10-bla\/","url":"http:\/\/xenonkungen.com\/no\/produkt\/blixtljus-super-slim-3led-r10-bla\/","name":"Taskulamppu Superohut 3LED R10 Sininen - Xenonkungen","isPartOf":{"@id":"https:\/\/xenonkungen.com\/#website"},"primaryImageOfPage":{"@id":"http:\/\/xenonkungen.com\/no\/produkt\/blixtljus-super-slim-3led-r10-bla\/#primaryimage"},"image":{"@id":"http:\/\/xenonkungen.com\/no\/produkt\/blixtljus-super-slim-3led-r10-bla\/#primaryimage"},"thumbnailUrl":"https:\/\/xenonkungen.com\/wp-content\/uploads\/2025\/04\/156125062-origpic-db7083.jpg","datePublished":"2025-04-15T10:10:30+00:00","dateModified":"2025-12-10T13:50:33+00:00","breadcrumb":{"@id":"http:\/\/xenonkungen.com\/no\/produkt\/blixtljus-super-slim-3led-r10-bla\/#breadcrumb"},"inLanguage":"fi","potentialAction":[{"@type":"ReadAction","target":["http:\/\/xenonkungen.com\/no\/produkt\/blixtljus-super-slim-3led-r10-bla\/"]}]},{"@type":"ImageObject","inLanguage":"fi","@id":"http:\/\/xenonkungen.com\/no\/produkt\/blixtljus-super-slim-3led-r10-bla\/#primaryimage","url":"https:\/\/xenonkungen.com\/wp-content\/uploads\/2025\/04\/156125062-origpic-db7083.jpg","contentUrl":"https:\/\/xenonkungen.com\/wp-content\/uploads\/2025\/04\/156125062-origpic-db7083.jpg","width":800,"height":800},{"@type":"BreadcrumbList","@id":"http:\/\/xenonkungen.com\/no\/produkt\/blixtljus-super-slim-3led-r10-bla\/#breadcrumb","itemListElement":[{"@type":"ListItem","position":1,"name":"Hem","item":"https:\/\/xenonkungen.com\/"},{"@type":"ListItem","position":2,"name":"Shop","item":"https:\/\/xenonkungen.com\/shop\/"},{"@type":"ListItem","position":3,"name":"Blixtljus Super-Slim 3LED R10 Bl\u00e5"}]},{"@type":"WebSite","@id":"https:\/\/xenonkungen.com\/#website","url":"https:\/\/xenonkungen.com\/","name":"Xenonkungen","description":"","potentialAction":[{"@type":"SearchAction","target":{"@type":"EntryPoint","urlTemplate":"https:\/\/xenonkungen.com\/?s={search_term_string}"},"query-input":{"@type":"PropertyValueSpecification","valueRequired":true,"valueName":"search_term_string"}}],"inLanguage":"fi"}]}},"taxonomy_info":{"product_brand":[{"value":1252,"label":"LEA"}],"product_cat":[{"value":2553,"label":"Blixtljus - Riktat varningsljus"},{"value":1061,"label":"Varningsljus"}],"pa_faktisk-effekts-forbrukning":[{"value":1690,"label":"9"}],"pa_fuktskydd-varde-ipxx":[{"value":333,"label":"IP67"}],"pa_godkannande":[{"value":184,"label":"R10"}],"pa_storlek-mm":[{"value":2145,"label":"90x29x11"}],"pa_volt-v":[{"value":348,"label":"12, 24"}]},"featured_image_src_large":["https:\/\/xenonkungen.com\/wp-content\/uploads\/2025\/04\/156125062-origpic-db7083.jpg",800,800,false],"author_info":[],"comment_info":0,"_links":{"self":[{"href":"https:\/\/xenonkungen.com\/fi\/wp-json\/wp\/v2\/product\/8867","targetHints":{"allow":["GET"]}}],"collection":[{"href":"https:\/\/xenonkungen.com\/fi\/wp-json\/wp\/v2\/product"}],"about":[{"href":"https:\/\/xenonkungen.com\/fi\/wp-json\/wp\/v2\/types\/product"}],"replies":[{"embeddable":true,"href":"https:\/\/xenonkungen.com\/fi\/wp-json\/wp\/v2\/comments?post=8867"}],"wp:featuredmedia":[{"embeddable":true,"href":"https:\/\/xenonkungen.com\/fi\/wp-json\/wp\/v2\/media\/8868"}],"wp:attachment":[{"href":"https:\/\/xenonkungen.com\/fi\/wp-json\/wp\/v2\/media?parent=8867"}],"wp:term":[{"taxonomy":"anvandningsomrade","embeddable":true,"href":"https:\/\/xenonkungen.com\/fi\/wp-json\/wp\/v2\/anvandningsomrade?post=8867"},{"taxonomy":"bilmarken","embeddable":true,"href":"https:\/\/xenonkungen.com\/fi\/wp-json\/wp\/v2\/bilmarken?post=8867"},{"taxonomy":"product_brand","embeddable":true,"href":"https:\/\/xenonkungen.com\/fi\/wp-json\/wp\/v2\/product_brand?post=8867"},{"taxonomy":"product_cat","embeddable":true,"href":"https:\/\/xenonkungen.com\/fi\/wp-json\/wp\/v2\/product_cat?post=8867"},{"taxonomy":"product_tag","embeddable":true,"href":"https:\/\/xenonkungen.com\/fi\/wp-json\/wp\/v2\/product_tag?post=8867"}],"curies":[{"name":"wp","href":"https:\/\/api.w.org\/{rel}","templated":true}]}}