{"id":8887,"date":"2025-04-15T10:10:41","date_gmt":"2025-04-15T10:10:41","guid":{"rendered":"https:\/\/xenonkungen.com\/product\/blixtljus-slimline-4led-r10-vit\/"},"modified":"2026-04-24T17:22:34","modified_gmt":"2026-04-24T16:22:34","slug":"taskulamppu-ohut-4led-r10-valkoinen","status":"publish","type":"product","link":"https:\/\/xenonkungen.com\/fi\/tuote\/taskulamppu-ohut-4led-r10-valkoinen\/","title":{"rendered":"Taskulamppu Slimline 4LED R10 Valkoinen"},"content":{"rendered":"<div class=\"container\">\n<h1>Valkoinen ECE R10 Slimline-suuntavaroitusvalo, jossa on 4 LEDi\u00e4.<\/h1>\n<p>T\u00e4m\u00e4 valkoinen ECE R10 Slimline-suuntavalo, jossa on 4 LEDi\u00e4, on tehokas laite, joka on suunniteltu tarjoamaan poikkeuksellista n\u00e4kyvyytt\u00e4 ja luotettavuutta. Se sopii erinomaisesti k\u00e4ytett\u00e4v\u00e4ksi erilaisissa ajoneuvoissa, joissa tarvitaan tehokasta ja kohdennettua varoitusta.<\/p>\n<div class=\"features\">\n<h2>Ydintoiminnot:<\/h2>\n<ul>\n<li>4 eritt\u00e4in tehokasta valkoista LED-valoa tarjoavat kirkkaan ja selke\u00e4n valaistuksen.<\/li>\n<li>ECE R10 -sertifikaatti takaa, ett\u00e4 lamppu t\u00e4ytt\u00e4\u00e4 tiukat s\u00e4hk\u00f6magneettista yhteensopivuutta koskevat vaatimukset.<\/li>\n<li>Ohut muotoilu mahdollistaa huomaamattoman asennuksen ajoneuvoon kirkkaudesta tinkim\u00e4tt\u00e4.<\/li>\n<li>Suuntavalaistus parantaa n\u00e4kyvyytt\u00e4 ja turvallisuutta kaikissa k\u00e4ytt\u00f6olosuhteissa.<\/li>\n<li>Tehty kest\u00e4m\u00e4\u00e4n ankaria s\u00e4\u00e4olosuhteita ja pitk\u00e4aikaista k\u00e4ytt\u00f6\u00e4.<\/li>\n<\/ul>\n<\/div>\n<p>T\u00e4m\u00e4 valkoinen ECE R10 Slimline -suuntavalo on t\u00e4ydellinen ratkaisu ajoneuvoihin, jotka tarvitsevat selke\u00e4\u00e4 ja tehokasta varoitusta turvallisuuden lis\u00e4\u00e4miseksi teill\u00e4.<\/p>\n<\/div>\n<p><strong>Multivoltti:<\/strong> 10-30VDC<br \/><strong>Kosteussuojaus:<\/strong> IP67-suojaus<br \/><strong>Virrankulutus:<\/strong> <br \/>- 0,31A nimellinen<br \/><strong>Mitat:<\/strong> 89 x 24 x 15 mm<br \/><strong>Valtuutettu:<\/strong> ECE R10<\/p>\n<p><strong>Hyv\u00e4 tiet\u00e4\u00e4:<\/strong><\/p>\n<ul>\n<li>8 valittavissa olevaa salamakuviota<\/li>\n<li>Vahva alumiinikotelo ja kest\u00e4v\u00e4 polykarbonaattilinssi<\/li>\n<li>Kaksi pulttikiinnityst\u00e4<\/li>\n<\/ul>\n<p><strong>Takuu:<\/strong> 2 vuotta<\/p>","protected":false},"excerpt":{"rendered":"<p>Valkoinen ECE R10 Slimline Suuntavalaisin - 4LED<\/p>","protected":false},"featured_media":8888,"comment_status":"closed","ping_status":"open","template":"","meta":{"_acf_changed":false,"_smort_price_nok":"1120","_smort_price_dkk":"712","_smort_price_eur":"95.36","_smort_sale_price_nok":"","_smort_sale_price_dkk":"","_smort_sale_price_eur":"","smort_restorder":"","shipmondo_restorder":"","_kad_blocks_custom_css":"","_kad_blocks_head_custom_js":"","_kad_blocks_body_custom_js":"","_kad_blocks_footer_custom_js":"","smort_custom_pricelist_1":"","smort_custom_pricelist_2":"","smort_custom_pricelist_3":"","smort_custom_pricelist_4":"","smort_custom_pricelist_5":""},"anvandningsomrade":[],"bilmarken":[],"product_brand":[],"product_cat":[3043,2553,1061],"product_tag":[],"class_list":{"0":"post-8887","1":"product","2":"type-product","3":"status-publish","4":"has-post-thumbnail","6":"product_cat-slim-effektfull-blixtljus","7":"product_cat-blixtljus-riktat-varningsljus","8":"product_cat-varningsljus","9":"pa_fuktskydd-varde-ipxx-ip67","10":"pa_godkannande-r10-r65","11":"pa_storlek-mm-89x24x15","12":"pa_volt-v-12-24","14":"first","15":"onbackorder","16":"taxable","17":"shipping-taxable","18":"purchasable","19":"product-type-simple"},"bundled_by":[],"bundle_stock_status":"onbackorder","bundle_stock_quantity":0,"bundle_virtual":false,"bundle_layout":"","bundle_add_to_cart_form_location":"","bundle_editable_in_cart":false,"bundle_sold_individually_context":"","bundle_item_grouping":"","bundle_min_size":"","bundle_max_size":"","bundle_price":[],"bundled_items":[],"bundle_sell_ids":[],"acf":[],"yoast_head":"<!-- This site is optimized with the Yoast SEO plugin v27.0 - https:\/\/yoast.com\/product\/yoast-seo-wordpress\/ -->\n<title>Blixtljus Slimline 4LED R10 Vit - Xenonkungen<\/title>\n<meta name=\"robots\" content=\"index, follow, max-snippet:-1, max-image-preview:large, max-video-preview:-1\" \/>\n<link rel=\"canonical\" href=\"https:\/\/xenonkungen.com\/fi\/tuote\/taskulamppu-ohut-4led-r10-valkoinen\/\" \/>\n<meta property=\"og:locale\" content=\"fi_FI\" \/>\n<meta property=\"og:type\" content=\"article\" \/>\n<meta property=\"og:title\" content=\"Blixtljus Slimline 4LED R10 Vit - Xenonkungen\" \/>\n<meta property=\"og:description\" content=\"White ECE R10 Slimline Directional Warning Lamp - 4LED\" \/>\n<meta property=\"og:url\" content=\"https:\/\/xenonkungen.com\/fi\/tuote\/taskulamppu-ohut-4led-r10-valkoinen\/\" \/>\n<meta property=\"og:site_name\" content=\"Xenonkungen\" \/>\n<meta property=\"article:modified_time\" content=\"2026-04-24T16:22:34+00:00\" \/>\n<meta property=\"og:image\" content=\"https:\/\/xenonkungen.com\/wp-content\/uploads\/2025\/04\/156130296-origpic-21bcd8.jpg\" \/>\n\t<meta property=\"og:image:width\" content=\"800\" \/>\n\t<meta property=\"og:image:height\" content=\"800\" \/>\n\t<meta property=\"og:image:type\" content=\"image\/jpeg\" \/>\n<meta name=\"twitter:card\" content=\"summary_large_image\" \/>\n<meta name=\"twitter:label1\" content=\"Arvioitu lukuaika\" \/>\n\t<meta name=\"twitter:data1\" content=\"1 minuutti\" \/>\n<script type=\"application\/ld+json\" class=\"yoast-schema-graph\">{\"@context\":\"https:\/\/schema.org\",\"@graph\":[{\"@type\":\"WebPage\",\"@id\":\"https:\/\/xenonkungen.com\/produkt\/blixtljus-slimline-4led-r10-vit\/\",\"url\":\"https:\/\/xenonkungen.com\/produkt\/blixtljus-slimline-4led-r10-vit\/\",\"name\":\"Blixtljus Slimline 4LED R10 Vit - Xenonkungen\",\"isPartOf\":{\"@id\":\"https:\/\/xenonkungen.com\/#website\"},\"primaryImageOfPage\":{\"@id\":\"https:\/\/xenonkungen.com\/produkt\/blixtljus-slimline-4led-r10-vit\/#primaryimage\"},\"image\":{\"@id\":\"https:\/\/xenonkungen.com\/produkt\/blixtljus-slimline-4led-r10-vit\/#primaryimage\"},\"thumbnailUrl\":\"https:\/\/xenonkungen.com\/wp-content\/uploads\/2025\/04\/156130296-origpic-21bcd8.jpg\",\"datePublished\":\"2025-04-15T10:10:41+00:00\",\"dateModified\":\"2026-04-24T16:22:34+00:00\",\"breadcrumb\":{\"@id\":\"https:\/\/xenonkungen.com\/produkt\/blixtljus-slimline-4led-r10-vit\/#breadcrumb\"},\"inLanguage\":\"fi\",\"potentialAction\":[{\"@type\":\"ReadAction\",\"target\":[\"https:\/\/xenonkungen.com\/produkt\/blixtljus-slimline-4led-r10-vit\/\"]}]},{\"@type\":\"ImageObject\",\"inLanguage\":\"fi\",\"@id\":\"https:\/\/xenonkungen.com\/produkt\/blixtljus-slimline-4led-r10-vit\/#primaryimage\",\"url\":\"https:\/\/xenonkungen.com\/wp-content\/uploads\/2025\/04\/156130296-origpic-21bcd8.jpg\",\"contentUrl\":\"https:\/\/xenonkungen.com\/wp-content\/uploads\/2025\/04\/156130296-origpic-21bcd8.jpg\",\"width\":800,\"height\":800},{\"@type\":\"BreadcrumbList\",\"@id\":\"https:\/\/xenonkungen.com\/produkt\/blixtljus-slimline-4led-r10-vit\/#breadcrumb\",\"itemListElement\":[{\"@type\":\"ListItem\",\"position\":1,\"name\":\"Hem\",\"item\":\"https:\/\/xenonkungen.com\/\"},{\"@type\":\"ListItem\",\"position\":2,\"name\":\"Shop\",\"item\":\"https:\/\/xenonkungen.com\/shop\/\"},{\"@type\":\"ListItem\",\"position\":3,\"name\":\"Blixtljus Slimline 4LED R10 Vit\"}]},{\"@type\":\"WebSite\",\"@id\":\"https:\/\/xenonkungen.com\/#website\",\"url\":\"https:\/\/xenonkungen.com\/\",\"name\":\"Xenonkungen\",\"description\":\"\",\"potentialAction\":[{\"@type\":\"SearchAction\",\"target\":{\"@type\":\"EntryPoint\",\"urlTemplate\":\"https:\/\/xenonkungen.com\/?s={search_term_string}\"},\"query-input\":{\"@type\":\"PropertyValueSpecification\",\"valueRequired\":true,\"valueName\":\"search_term_string\"}}],\"inLanguage\":\"fi\"}]}<\/script>\n<!-- \/ Yoast SEO plugin. -->","yoast_head_json":{"title":"Taskulamppu Slimline 4LED R10 Valkoinen - Xenonkungen","robots":{"index":"index","follow":"follow","max-snippet":"max-snippet:-1","max-image-preview":"max-image-preview:large","max-video-preview":"max-video-preview:-1"},"canonical":"https:\/\/xenonkungen.com\/fi\/tuote\/taskulamppu-ohut-4led-r10-valkoinen\/","og_locale":"fi_FI","og_type":"article","og_title":"Blixtljus Slimline 4LED R10 Vit - Xenonkungen","og_description":"White ECE R10 Slimline Directional Warning Lamp - 4LED","og_url":"https:\/\/xenonkungen.com\/fi\/tuote\/taskulamppu-ohut-4led-r10-valkoinen\/","og_site_name":"Xenonkungen","article_modified_time":"2026-04-24T16:22:34+00:00","og_image":[{"width":800,"height":800,"url":"https:\/\/xenonkungen.com\/wp-content\/uploads\/2025\/04\/156130296-origpic-21bcd8.jpg","type":"image\/jpeg"}],"twitter_card":"summary_large_image","twitter_misc":{"Arvioitu lukuaika":"1 minuutti"},"schema":{"@context":"https:\/\/schema.org","@graph":[{"@type":"WebPage","@id":"https:\/\/xenonkungen.com\/produkt\/blixtljus-slimline-4led-r10-vit\/","url":"https:\/\/xenonkungen.com\/produkt\/blixtljus-slimline-4led-r10-vit\/","name":"Taskulamppu Slimline 4LED R10 Valkoinen - Xenonkungen","isPartOf":{"@id":"https:\/\/xenonkungen.com\/#website"},"primaryImageOfPage":{"@id":"https:\/\/xenonkungen.com\/produkt\/blixtljus-slimline-4led-r10-vit\/#primaryimage"},"image":{"@id":"https:\/\/xenonkungen.com\/produkt\/blixtljus-slimline-4led-r10-vit\/#primaryimage"},"thumbnailUrl":"https:\/\/xenonkungen.com\/wp-content\/uploads\/2025\/04\/156130296-origpic-21bcd8.jpg","datePublished":"2025-04-15T10:10:41+00:00","dateModified":"2026-04-24T16:22:34+00:00","breadcrumb":{"@id":"https:\/\/xenonkungen.com\/produkt\/blixtljus-slimline-4led-r10-vit\/#breadcrumb"},"inLanguage":"fi","potentialAction":[{"@type":"ReadAction","target":["https:\/\/xenonkungen.com\/produkt\/blixtljus-slimline-4led-r10-vit\/"]}]},{"@type":"ImageObject","inLanguage":"fi","@id":"https:\/\/xenonkungen.com\/produkt\/blixtljus-slimline-4led-r10-vit\/#primaryimage","url":"https:\/\/xenonkungen.com\/wp-content\/uploads\/2025\/04\/156130296-origpic-21bcd8.jpg","contentUrl":"https:\/\/xenonkungen.com\/wp-content\/uploads\/2025\/04\/156130296-origpic-21bcd8.jpg","width":800,"height":800},{"@type":"BreadcrumbList","@id":"https:\/\/xenonkungen.com\/produkt\/blixtljus-slimline-4led-r10-vit\/#breadcrumb","itemListElement":[{"@type":"ListItem","position":1,"name":"Hem","item":"https:\/\/xenonkungen.com\/"},{"@type":"ListItem","position":2,"name":"Shop","item":"https:\/\/xenonkungen.com\/shop\/"},{"@type":"ListItem","position":3,"name":"Blixtljus Slimline 4LED R10 Vit"}]},{"@type":"WebSite","@id":"https:\/\/xenonkungen.com\/#website","url":"https:\/\/xenonkungen.com\/","name":"Xenonkungen","description":"","potentialAction":[{"@type":"SearchAction","target":{"@type":"EntryPoint","urlTemplate":"https:\/\/xenonkungen.com\/?s={search_term_string}"},"query-input":{"@type":"PropertyValueSpecification","valueRequired":true,"valueName":"search_term_string"}}],"inLanguage":"fi"}]}},"taxonomy_info":{"product_cat":[{"value":3043,"label":"SLIM &amp; EFFEKTFULL"},{"value":2553,"label":"Blixtljus - Riktat varningsljus"},{"value":1061,"label":"Varningsljus"}],"pa_fuktskydd-varde-ipxx":[{"value":333,"label":"IP67"}],"pa_godkannande":[{"value":958,"label":"R10, R65"}],"pa_storlek-mm":[{"value":2137,"label":"89x24x15"}],"pa_volt-v":[{"value":348,"label":"12, 24"}]},"featured_image_src_large":["https:\/\/xenonkungen.com\/wp-content\/uploads\/2025\/04\/156130296-origpic-21bcd8.jpg",800,800,false],"author_info":[],"comment_info":0,"_links":{"self":[{"href":"https:\/\/xenonkungen.com\/fi\/wp-json\/wp\/v2\/product\/8887","targetHints":{"allow":["GET"]}}],"collection":[{"href":"https:\/\/xenonkungen.com\/fi\/wp-json\/wp\/v2\/product"}],"about":[{"href":"https:\/\/xenonkungen.com\/fi\/wp-json\/wp\/v2\/types\/product"}],"replies":[{"embeddable":true,"href":"https:\/\/xenonkungen.com\/fi\/wp-json\/wp\/v2\/comments?post=8887"}],"wp:featuredmedia":[{"embeddable":true,"href":"https:\/\/xenonkungen.com\/fi\/wp-json\/wp\/v2\/media\/8888"}],"wp:attachment":[{"href":"https:\/\/xenonkungen.com\/fi\/wp-json\/wp\/v2\/media?parent=8887"}],"wp:term":[{"taxonomy":"anvandningsomrade","embeddable":true,"href":"https:\/\/xenonkungen.com\/fi\/wp-json\/wp\/v2\/anvandningsomrade?post=8887"},{"taxonomy":"bilmarken","embeddable":true,"href":"https:\/\/xenonkungen.com\/fi\/wp-json\/wp\/v2\/bilmarken?post=8887"},{"taxonomy":"product_brand","embeddable":true,"href":"https:\/\/xenonkungen.com\/fi\/wp-json\/wp\/v2\/product_brand?post=8887"},{"taxonomy":"product_cat","embeddable":true,"href":"https:\/\/xenonkungen.com\/fi\/wp-json\/wp\/v2\/product_cat?post=8887"},{"taxonomy":"product_tag","embeddable":true,"href":"https:\/\/xenonkungen.com\/fi\/wp-json\/wp\/v2\/product_tag?post=8887"}],"curies":[{"name":"wp","href":"https:\/\/api.w.org\/{rel}","templated":true}]}}