{"id":8910,"date":"2025-04-15T10:10:49","date_gmt":"2025-04-15T10:10:49","guid":{"rendered":"https:\/\/xenonkungen.com\/product\/dt-deutsch-kontakt-dt06-3-polig-hane\/"},"modified":"2026-03-06T16:58:54","modified_gmt":"2026-03-06T15:58:54","slug":"dt-deutsch-liitin-dt06-3-napainen-uros","status":"publish","type":"product","link":"https:\/\/xenonkungen.com\/fi\/tuote\/dt-deutsch-liitin-dt06-3-napainen-uros\/","title":{"rendered":"DT\/Deutsch liitin DT06 3-Polig | UROS"},"content":{"rendered":"<h2>Deutsch DT06 3-nastainen urosliitin \u2013 Luotettava ja kest\u00e4v\u00e4 liitin vaativiin ymp\u00e4rist\u00f6ihin<\/h2>\n<p>Etsitk\u00f6 kest\u00e4v\u00e4\u00e4 ja s\u00e4\u00e4nkest\u00e4v\u00e4\u00e4 kontaktiratkaisua? <strong>Deutsch DT06 3-nastainen urosliitin<\/strong> on t\u00e4ydellinen valinta niille, jotka vaativat korkeaa laatua ja luotettavuutta vaativissa olosuhteissa. T\u00e4t\u00e4 liitint\u00e4 k\u00e4ytet\u00e4\u00e4n laajalti autoteollisuudessa, maataloudessa, rakennusalalla ja merisovelluksissa kest\u00e4v\u00e4n rakenteensa ja helpon liitt\u00e4misen ansiosta.<\/p>\n<ul>\n<li><strong>Kest\u00e4v\u00e4 rakenne<\/strong> \u2013 Kest\u00e4\u00e4 t\u00e4rin\u00e4\u00e4, likaa ja kosteutta<\/li>\n<li><strong>Helppo asennus<\/strong> \u2013 Pikaliitin luotettavaan s\u00e4hk\u00f6liit\u00e4nt\u00e4\u00e4n<\/li>\n<li><strong>Laaja valikoima sovelluksia<\/strong> \u2013 T\u00e4ydellinen ajoneuvoihin, koneisiin ja teollisuussovelluksiin<\/li>\n<\/ul>\n<p>Med <strong>Deutsch DT06 3-nastainen urosliitin<\/strong> Saat korkeimman tason liittimen, joka kest\u00e4\u00e4 haastavimmatkin ymp\u00e4rist\u00f6t. Tilaa t\u00e4n\u00e4\u00e4n ja varmista vakaa ja pitk\u00e4ik\u00e4inen yhteys!<\/p>\n<p>Jokainen irrallisten DT-liittimien sarja sis\u00e4lt\u00e4\u00e4 kaiken tarvittavan vaihtamiseen:<\/p>\n<ul>\n<li>1 kukko<\/li>\n<li>3 x virtaliitint\u00e4<\/li>\n<\/ul>","protected":false},"excerpt":{"rendered":"<p>Deutsch DT06 3-Polig Hane \u2013 P\u00e5litlig och H\u00e5llbar Kontaktdon f\u00f6r Kr\u00e4vande Milj\u00f6er Letar du efter en robust och v\u00e4dert\u00e5lig kontaktl\u00f6sning? Deutsch DT06 3-Polig Hane \u00e4r det perfekta valet f\u00f6r dig som kr\u00e4ver h\u00f6g kvalitet och p\u00e5litlighet i tuffa milj\u00f6er. Denna kontakt anv\u00e4nds flitigt inom fordonsindustrin, lantbruk, entreprenad och marina applikationer tack vare sin slitstarka konstruktion [&hellip;]<\/p>","protected":false},"featured_media":8911,"comment_status":"closed","ping_status":"open","template":"","meta":{"_acf_changed":false,"_smort_price_nok":"63","_smort_price_dkk":"40","_smort_price_eur":"5.36","_smort_sale_price_nok":"","_smort_sale_price_dkk":"","_smort_sale_price_eur":"","smort_restorder":"","shipmondo_restorder":"","_kad_blocks_custom_css":"","_kad_blocks_head_custom_js":"","_kad_blocks_body_custom_js":"","_kad_blocks_footer_custom_js":"","smort_custom_pricelist_1":"37.76","smort_custom_pricelist_2":"33.04","smort_custom_pricelist_3":"30.68","smort_custom_pricelist_4":"47.2","smort_custom_pricelist_5":"33.04"},"anvandningsomrade":[],"bilmarken":[],"product_brand":[103],"product_cat":[2826,2823,327],"product_tag":[],"class_list":{"0":"post-8910","1":"product","2":"type-product","3":"status-publish","4":"has-post-thumbnail","6":"product_brand-luxtar","7":"product_cat-luxtar","8":"product_cat-luxtar-ovriga-produkter","9":"product_cat-kablar-kontakter","10":"pa_lampsockel-kontakt-dt-3","12":"first","13":"instock","14":"taxable","15":"shipping-taxable","16":"purchasable","17":"product-type-simple"},"bundled_by":[],"bundle_stock_status":"instock","bundle_stock_quantity":70,"bundle_virtual":false,"bundle_layout":"","bundle_add_to_cart_form_location":"","bundle_editable_in_cart":false,"bundle_sold_individually_context":"","bundle_item_grouping":"","bundle_min_size":"","bundle_max_size":"","bundle_price":[],"bundled_items":[],"bundle_sell_ids":[],"acf":[],"yoast_head":"<!-- This site is optimized with the Yoast SEO plugin v27.0 - https:\/\/yoast.com\/product\/yoast-seo-wordpress\/ -->\n<title>DT\/Deutsch kontakt DT06 3-Polig | HANE - Xenonkungen<\/title>\n<meta name=\"robots\" content=\"index, follow, max-snippet:-1, max-image-preview:large, max-video-preview:-1\" \/>\n<link rel=\"canonical\" href=\"https:\/\/xenonkungen.com\/fi\/tuote\/dt-deutsch-liitin-dt06-3-napainen-uros\/\" \/>\n<meta property=\"og:locale\" content=\"fi_FI\" \/>\n<meta property=\"og:type\" content=\"article\" \/>\n<meta property=\"og:title\" content=\"DT\/Deutsch kontakt DT06 3-Polig | HANE - Xenonkungen\" \/>\n<meta property=\"og:description\" content=\"Deutsch DT06 3-Polig Hane \u2013 P\u00e5litlig och H\u00e5llbar Kontaktdon f\u00f6r Kr\u00e4vande Milj\u00f6er Letar du efter en robust och v\u00e4dert\u00e5lig kontaktl\u00f6sning? Deutsch DT06 3-Polig Hane \u00e4r det perfekta valet f\u00f6r dig som kr\u00e4ver h\u00f6g kvalitet och p\u00e5litlighet i tuffa milj\u00f6er. Denna kontakt anv\u00e4nds flitigt inom fordonsindustrin, lantbruk, entreprenad och marina applikationer tack vare sin slitstarka konstruktion [&hellip;]\" \/>\n<meta property=\"og:url\" content=\"https:\/\/xenonkungen.com\/fi\/tuote\/dt-deutsch-liitin-dt06-3-napainen-uros\/\" \/>\n<meta property=\"og:site_name\" content=\"Xenonkungen\" \/>\n<meta property=\"article:modified_time\" content=\"2026-03-06T15:58:54+00:00\" \/>\n<meta property=\"og:image\" content=\"https:\/\/xenonkungen.com\/wp-content\/uploads\/2025\/04\/ef22z3lg.png\" \/>\n\t<meta property=\"og:image:width\" content=\"1000\" \/>\n\t<meta property=\"og:image:height\" content=\"1000\" \/>\n\t<meta property=\"og:image:type\" content=\"image\/png\" \/>\n<meta name=\"twitter:card\" content=\"summary_large_image\" \/>\n<meta name=\"twitter:label1\" content=\"Arvioitu lukuaika\" \/>\n\t<meta name=\"twitter:data1\" content=\"1 minuutti\" \/>\n<script type=\"application\/ld+json\" class=\"yoast-schema-graph\">{\"@context\":\"https:\/\/schema.org\",\"@graph\":[{\"@type\":\"WebPage\",\"@id\":\"https:\/\/xenonkungen.com\/produkt\/dt-deutsch-kontakt-dt06-3-polig-hane\/\",\"url\":\"https:\/\/xenonkungen.com\/produkt\/dt-deutsch-kontakt-dt06-3-polig-hane\/\",\"name\":\"DT\/Deutsch kontakt DT06 3-Polig | HANE - Xenonkungen\",\"isPartOf\":{\"@id\":\"https:\/\/xenonkungen.com\/#website\"},\"primaryImageOfPage\":{\"@id\":\"https:\/\/xenonkungen.com\/produkt\/dt-deutsch-kontakt-dt06-3-polig-hane\/#primaryimage\"},\"image\":{\"@id\":\"https:\/\/xenonkungen.com\/produkt\/dt-deutsch-kontakt-dt06-3-polig-hane\/#primaryimage\"},\"thumbnailUrl\":\"https:\/\/xenonkungen.com\/wp-content\/uploads\/2025\/04\/ef22z3lg.png\",\"datePublished\":\"2025-04-15T10:10:49+00:00\",\"dateModified\":\"2026-03-06T15:58:54+00:00\",\"breadcrumb\":{\"@id\":\"https:\/\/xenonkungen.com\/produkt\/dt-deutsch-kontakt-dt06-3-polig-hane\/#breadcrumb\"},\"inLanguage\":\"fi\",\"potentialAction\":[{\"@type\":\"ReadAction\",\"target\":[\"https:\/\/xenonkungen.com\/produkt\/dt-deutsch-kontakt-dt06-3-polig-hane\/\"]}]},{\"@type\":\"ImageObject\",\"inLanguage\":\"fi\",\"@id\":\"https:\/\/xenonkungen.com\/produkt\/dt-deutsch-kontakt-dt06-3-polig-hane\/#primaryimage\",\"url\":\"https:\/\/xenonkungen.com\/wp-content\/uploads\/2025\/04\/ef22z3lg.png\",\"contentUrl\":\"https:\/\/xenonkungen.com\/wp-content\/uploads\/2025\/04\/ef22z3lg.png\",\"width\":1000,\"height\":1000},{\"@type\":\"BreadcrumbList\",\"@id\":\"https:\/\/xenonkungen.com\/produkt\/dt-deutsch-kontakt-dt06-3-polig-hane\/#breadcrumb\",\"itemListElement\":[{\"@type\":\"ListItem\",\"position\":1,\"name\":\"Hem\",\"item\":\"https:\/\/xenonkungen.com\/\"},{\"@type\":\"ListItem\",\"position\":2,\"name\":\"Shop\",\"item\":\"https:\/\/xenonkungen.com\/shop\/\"},{\"@type\":\"ListItem\",\"position\":3,\"name\":\"DT\/Deutsch kontakt DT06 3-Polig | HANE\"}]},{\"@type\":\"WebSite\",\"@id\":\"https:\/\/xenonkungen.com\/#website\",\"url\":\"https:\/\/xenonkungen.com\/\",\"name\":\"Xenonkungen\",\"description\":\"\",\"potentialAction\":[{\"@type\":\"SearchAction\",\"target\":{\"@type\":\"EntryPoint\",\"urlTemplate\":\"https:\/\/xenonkungen.com\/?s={search_term_string}\"},\"query-input\":{\"@type\":\"PropertyValueSpecification\",\"valueRequired\":true,\"valueName\":\"search_term_string\"}}],\"inLanguage\":\"fi\"}]}<\/script>\n<!-- \/ Yoast SEO plugin. -->","yoast_head_json":{"title":"DT\/Deutsch-liitin DT06 3-napainen | HANE - Xenon-kuningas","robots":{"index":"index","follow":"follow","max-snippet":"max-snippet:-1","max-image-preview":"max-image-preview:large","max-video-preview":"max-video-preview:-1"},"canonical":"https:\/\/xenonkungen.com\/fi\/tuote\/dt-deutsch-liitin-dt06-3-napainen-uros\/","og_locale":"fi_FI","og_type":"article","og_title":"DT\/Deutsch kontakt DT06 3-Polig | HANE - Xenonkungen","og_description":"Deutsch DT06 3-Polig Hane \u2013 P\u00e5litlig och H\u00e5llbar Kontaktdon f\u00f6r Kr\u00e4vande Milj\u00f6er Letar du efter en robust och v\u00e4dert\u00e5lig kontaktl\u00f6sning? Deutsch DT06 3-Polig Hane \u00e4r det perfekta valet f\u00f6r dig som kr\u00e4ver h\u00f6g kvalitet och p\u00e5litlighet i tuffa milj\u00f6er. Denna kontakt anv\u00e4nds flitigt inom fordonsindustrin, lantbruk, entreprenad och marina applikationer tack vare sin slitstarka konstruktion [&hellip;]","og_url":"https:\/\/xenonkungen.com\/fi\/tuote\/dt-deutsch-liitin-dt06-3-napainen-uros\/","og_site_name":"Xenonkungen","article_modified_time":"2026-03-06T15:58:54+00:00","og_image":[{"width":1000,"height":1000,"url":"https:\/\/xenonkungen.com\/wp-content\/uploads\/2025\/04\/ef22z3lg.png","type":"image\/png"}],"twitter_card":"summary_large_image","twitter_misc":{"Arvioitu lukuaika":"1 minuutti"},"schema":{"@context":"https:\/\/schema.org","@graph":[{"@type":"WebPage","@id":"https:\/\/xenonkungen.com\/produkt\/dt-deutsch-kontakt-dt06-3-polig-hane\/","url":"https:\/\/xenonkungen.com\/produkt\/dt-deutsch-kontakt-dt06-3-polig-hane\/","name":"DT\/Deutsch-liitin DT06 3-napainen | HANE - Xenon-kuningas","isPartOf":{"@id":"https:\/\/xenonkungen.com\/#website"},"primaryImageOfPage":{"@id":"https:\/\/xenonkungen.com\/produkt\/dt-deutsch-kontakt-dt06-3-polig-hane\/#primaryimage"},"image":{"@id":"https:\/\/xenonkungen.com\/produkt\/dt-deutsch-kontakt-dt06-3-polig-hane\/#primaryimage"},"thumbnailUrl":"https:\/\/xenonkungen.com\/wp-content\/uploads\/2025\/04\/ef22z3lg.png","datePublished":"2025-04-15T10:10:49+00:00","dateModified":"2026-03-06T15:58:54+00:00","breadcrumb":{"@id":"https:\/\/xenonkungen.com\/produkt\/dt-deutsch-kontakt-dt06-3-polig-hane\/#breadcrumb"},"inLanguage":"fi","potentialAction":[{"@type":"ReadAction","target":["https:\/\/xenonkungen.com\/produkt\/dt-deutsch-kontakt-dt06-3-polig-hane\/"]}]},{"@type":"ImageObject","inLanguage":"fi","@id":"https:\/\/xenonkungen.com\/produkt\/dt-deutsch-kontakt-dt06-3-polig-hane\/#primaryimage","url":"https:\/\/xenonkungen.com\/wp-content\/uploads\/2025\/04\/ef22z3lg.png","contentUrl":"https:\/\/xenonkungen.com\/wp-content\/uploads\/2025\/04\/ef22z3lg.png","width":1000,"height":1000},{"@type":"BreadcrumbList","@id":"https:\/\/xenonkungen.com\/produkt\/dt-deutsch-kontakt-dt06-3-polig-hane\/#breadcrumb","itemListElement":[{"@type":"ListItem","position":1,"name":"Hem","item":"https:\/\/xenonkungen.com\/"},{"@type":"ListItem","position":2,"name":"Shop","item":"https:\/\/xenonkungen.com\/shop\/"},{"@type":"ListItem","position":3,"name":"DT\/Deutsch kontakt DT06 3-Polig | HANE"}]},{"@type":"WebSite","@id":"https:\/\/xenonkungen.com\/#website","url":"https:\/\/xenonkungen.com\/","name":"Xenonkungen","description":"","potentialAction":[{"@type":"SearchAction","target":{"@type":"EntryPoint","urlTemplate":"https:\/\/xenonkungen.com\/?s={search_term_string}"},"query-input":{"@type":"PropertyValueSpecification","valueRequired":true,"valueName":"search_term_string"}}],"inLanguage":"fi"}]}},"taxonomy_info":{"product_brand":[{"value":103,"label":"LUXTAR"}],"product_cat":[{"value":2826,"label":"LUXTAR"},{"value":2823,"label":"Luxtar - \u00d6vriga produkter"},{"value":327,"label":"Kablar | Kontakter"}],"pa_lampsockel-kontakt":[{"value":2147,"label":"DT-3"}]},"featured_image_src_large":["https:\/\/xenonkungen.com\/wp-content\/uploads\/2025\/04\/ef22z3lg.png",1000,1000,false],"author_info":[],"comment_info":0,"_links":{"self":[{"href":"https:\/\/xenonkungen.com\/fi\/wp-json\/wp\/v2\/product\/8910","targetHints":{"allow":["GET"]}}],"collection":[{"href":"https:\/\/xenonkungen.com\/fi\/wp-json\/wp\/v2\/product"}],"about":[{"href":"https:\/\/xenonkungen.com\/fi\/wp-json\/wp\/v2\/types\/product"}],"replies":[{"embeddable":true,"href":"https:\/\/xenonkungen.com\/fi\/wp-json\/wp\/v2\/comments?post=8910"}],"wp:featuredmedia":[{"embeddable":true,"href":"https:\/\/xenonkungen.com\/fi\/wp-json\/wp\/v2\/media\/8911"}],"wp:attachment":[{"href":"https:\/\/xenonkungen.com\/fi\/wp-json\/wp\/v2\/media?parent=8910"}],"wp:term":[{"taxonomy":"anvandningsomrade","embeddable":true,"href":"https:\/\/xenonkungen.com\/fi\/wp-json\/wp\/v2\/anvandningsomrade?post=8910"},{"taxonomy":"bilmarken","embeddable":true,"href":"https:\/\/xenonkungen.com\/fi\/wp-json\/wp\/v2\/bilmarken?post=8910"},{"taxonomy":"product_brand","embeddable":true,"href":"https:\/\/xenonkungen.com\/fi\/wp-json\/wp\/v2\/product_brand?post=8910"},{"taxonomy":"product_cat","embeddable":true,"href":"https:\/\/xenonkungen.com\/fi\/wp-json\/wp\/v2\/product_cat?post=8910"},{"taxonomy":"product_tag","embeddable":true,"href":"https:\/\/xenonkungen.com\/fi\/wp-json\/wp\/v2\/product_tag?post=8910"}],"curies":[{"name":"wp","href":"https:\/\/api.w.org\/{rel}","templated":true}]}}