{"id":8924,"date":"2025-04-15T10:11:28","date_gmt":"2025-04-15T10:11:28","guid":{"rendered":"https:\/\/xenonkungen.com\/product\/luxtar-anslutningsklamma-2-pol-2-in-8-out\/"},"modified":"2026-03-04T17:01:15","modified_gmt":"2026-03-04T16:01:15","slug":"luxtar-liitantanapa-2-napainen-2-sisaantuloa-8-ulostuloa","status":"publish","type":"product","link":"https:\/\/xenonkungen.com\/fi\/tuote\/luxtar-liitantanapa-2-napainen-2-sisaantuloa-8-ulostuloa\/","title":{"rendered":"Luxtar-liit\u00e4nt\u00e4pidike 2-nastainen | 2 in 8 out"},"content":{"rendered":"<h2>Luxtar-liit\u00e4nt\u00e4liitin 2-napainen \u2013 Yksinkertainen ja tehokas kaapelinhallinta sujuviin s\u00e4hk\u00f6asennuksiin<\/h2>\n<p>Tarvitsetko sellaisen? <strong>luotettava, turvallinen ja nopea<\/strong> Ratkaisu kaapeleiden kytkemiseen? <strong>Luxtar-liit\u00e4nt\u00e4p\u00e4\u00e4te 2-napainen (2 sis\u00e4\u00e4n 8 ulos)<\/strong> on suunniteltu s\u00e4hk\u00f6asennusten tekemiseen <strong>tehokkaampi ja j\u00e4rjestelm\u00e4llisempi<\/strong>, olipa kyseess\u00e4 sitten koti-, teollisuus- tai ammattik\u00e4ytt\u00f6\u00f6n tarkoitettu sovellus.<\/p>\n<ul>\n<li><strong>Joustava yhteensopivuus<\/strong> \u2013 Tukee sek\u00e4 s\u00e4ikeisi\u00e4 (0,08\u20134 mm\u00b2) ett\u00e4 j\u00e4ykki\u00e4 (yksis\u00e4ikeisi\u00e4, s\u00e4ikeisi\u00e4 0,08\u20132,5 mm\u00b2) johtimia<\/li>\n<li><strong>Suuri kapasiteetti<\/strong> \u2013 Kest\u00e4\u00e4 jopa <strong>32A ja 400V<\/strong> tehokkaisiin ja vaativiin asennuksiin<\/li>\n<li><strong>\u00c4lyk\u00e4s kaapelien hallinta<\/strong> \u2013 2 tuloa ja 8 l\u00e4ht\u00f6\u00e4 maksimaalisen joustavuuden takaamiseksi<\/li>\n<li><strong>Aikaa s\u00e4\u00e4st\u00e4v\u00e4 asennus<\/strong> \u2013 Nopea liit\u00e4nt\u00e4 ilman juottamista tai ruuvaamista<\/li>\n<\/ul>\n<p>T\u00e4ydellinen <strong>s\u00e4hk\u00f6asentajat, asentajat ja kodinparannusty\u00f6ntekij\u00e4t<\/strong> kuka haluaa <strong>yksinkertainen, turvallinen ja ammattimainen kaapelien hallinta<\/strong>. <strong>Optimoi s\u00e4hk\u00f6asennuksesi Luxtarilla \u2013 \u00e4lyk\u00e4s ratkaisu nykyaikaisiin kaapeliliit\u00e4nt\u00f6ihin!<\/strong><\/p>","protected":false},"excerpt":{"rendered":"<p>Luxtar Anslutningskl\u00e4mma 2-pol \u2013 Enkel och Effektiv Kabelhantering f\u00f6r Smidiga Elinstallationer Beh\u00f6ver du en p\u00e5litlig, s\u00e4ker och snabb l\u00f6sning f\u00f6r att koppla samman kablar? Luxtar anslutningskl\u00e4mma 2-pol (2 in 8 out) \u00e4r framtagen f\u00f6r att g\u00f6ra elinstallationer effektivare och mer organiserade, oavsett om det g\u00e4ller hem, industri eller professionella applikationer. Flexibel kompatibilitet \u2013 St\u00f6djer b\u00e5de [&hellip;]<\/p>","protected":false},"featured_media":8925,"comment_status":"closed","ping_status":"open","template":"","meta":{"_acf_changed":false,"_smort_price_nok":"48","_smort_price_dkk":"31","_smort_price_eur":"4.09","_smort_sale_price_nok":"","_smort_sale_price_dkk":"","_smort_sale_price_eur":"","smort_restorder":"","shipmondo_restorder":"","_kad_blocks_custom_css":"","_kad_blocks_head_custom_js":"","_kad_blocks_body_custom_js":"","_kad_blocks_footer_custom_js":"","smort_custom_pricelist_1":"28.8","smort_custom_pricelist_2":"25.2","smort_custom_pricelist_3":"23.4","smort_custom_pricelist_4":"36","smort_custom_pricelist_5":"25.2"},"anvandningsomrade":[],"bilmarken":[],"product_brand":[103],"product_cat":[2826,2823,1063,727],"product_tag":[],"class_list":{"0":"post-8924","1":"product","2":"type-product","3":"status-publish","4":"has-post-thumbnail","6":"product_brand-luxtar","7":"product_cat-luxtar","8":"product_cat-luxtar-ovriga-produkter","9":"product_cat-kabelskor-kabelhallare","10":"product_cat-tillbehor","12":"first","13":"instock","14":"taxable","15":"shipping-taxable","16":"purchasable","17":"product-type-simple"},"bundled_by":[],"bundle_stock_status":"instock","bundle_stock_quantity":161,"bundle_virtual":false,"bundle_layout":"","bundle_add_to_cart_form_location":"","bundle_editable_in_cart":false,"bundle_sold_individually_context":"","bundle_item_grouping":"","bundle_min_size":"","bundle_max_size":"","bundle_price":[],"bundled_items":[],"bundle_sell_ids":[],"acf":[],"yoast_head":"<!-- This site is optimized with the Yoast SEO plugin v27.0 - https:\/\/yoast.com\/product\/yoast-seo-wordpress\/ -->\n<title>Luxtar anslutningskl\u00e4mma 2-pol | 2 in 8 out - Xenonkungen<\/title>\n<meta name=\"robots\" content=\"index, follow, max-snippet:-1, max-image-preview:large, max-video-preview:-1\" \/>\n<link rel=\"canonical\" href=\"https:\/\/xenonkungen.com\/fi\/tuote\/luxtar-liitantanapa-2-napainen-2-sisaantuloa-8-ulostuloa\/\" \/>\n<meta property=\"og:locale\" content=\"fi_FI\" \/>\n<meta property=\"og:type\" content=\"article\" \/>\n<meta property=\"og:title\" content=\"Luxtar anslutningskl\u00e4mma 2-pol | 2 in 8 out - Xenonkungen\" \/>\n<meta property=\"og:description\" content=\"Luxtar Anslutningskl\u00e4mma 2-pol \u2013 Enkel och Effektiv Kabelhantering f\u00f6r Smidiga Elinstallationer Beh\u00f6ver du en p\u00e5litlig, s\u00e4ker och snabb l\u00f6sning f\u00f6r att koppla samman kablar? Luxtar anslutningskl\u00e4mma 2-pol (2 in 8 out) \u00e4r framtagen f\u00f6r att g\u00f6ra elinstallationer effektivare och mer organiserade, oavsett om det g\u00e4ller hem, industri eller professionella applikationer. Flexibel kompatibilitet \u2013 St\u00f6djer b\u00e5de [&hellip;]\" \/>\n<meta property=\"og:url\" content=\"https:\/\/xenonkungen.com\/fi\/tuote\/luxtar-liitantanapa-2-napainen-2-sisaantuloa-8-ulostuloa\/\" \/>\n<meta property=\"og:site_name\" content=\"Xenonkungen\" \/>\n<meta property=\"article:modified_time\" content=\"2026-03-04T16:01:15+00:00\" \/>\n<meta property=\"og:image\" content=\"https:\/\/xenonkungen.com\/wp-content\/uploads\/2025\/04\/82x8FqyA.png\" \/>\n\t<meta property=\"og:image:width\" content=\"1000\" \/>\n\t<meta property=\"og:image:height\" content=\"1000\" \/>\n\t<meta property=\"og:image:type\" content=\"image\/png\" \/>\n<meta name=\"twitter:card\" content=\"summary_large_image\" \/>\n<meta name=\"twitter:label1\" content=\"Arvioitu lukuaika\" \/>\n\t<meta name=\"twitter:data1\" content=\"1 minuutti\" \/>\n<script type=\"application\/ld+json\" class=\"yoast-schema-graph\">{\"@context\":\"https:\/\/schema.org\",\"@graph\":[{\"@type\":\"WebPage\",\"@id\":\"https:\/\/xenonkungen.com\/produkt\/luxtar-anslutningsklamma-2-pol-2-in-8-out\/\",\"url\":\"https:\/\/xenonkungen.com\/produkt\/luxtar-anslutningsklamma-2-pol-2-in-8-out\/\",\"name\":\"Luxtar anslutningskl\u00e4mma 2-pol | 2 in 8 out - Xenonkungen\",\"isPartOf\":{\"@id\":\"https:\/\/xenonkungen.com\/#website\"},\"primaryImageOfPage\":{\"@id\":\"https:\/\/xenonkungen.com\/produkt\/luxtar-anslutningsklamma-2-pol-2-in-8-out\/#primaryimage\"},\"image\":{\"@id\":\"https:\/\/xenonkungen.com\/produkt\/luxtar-anslutningsklamma-2-pol-2-in-8-out\/#primaryimage\"},\"thumbnailUrl\":\"https:\/\/xenonkungen.com\/wp-content\/uploads\/2025\/04\/82x8FqyA.png\",\"datePublished\":\"2025-04-15T10:11:28+00:00\",\"dateModified\":\"2026-03-04T16:01:15+00:00\",\"breadcrumb\":{\"@id\":\"https:\/\/xenonkungen.com\/produkt\/luxtar-anslutningsklamma-2-pol-2-in-8-out\/#breadcrumb\"},\"inLanguage\":\"fi\",\"potentialAction\":[{\"@type\":\"ReadAction\",\"target\":[\"https:\/\/xenonkungen.com\/produkt\/luxtar-anslutningsklamma-2-pol-2-in-8-out\/\"]}]},{\"@type\":\"ImageObject\",\"inLanguage\":\"fi\",\"@id\":\"https:\/\/xenonkungen.com\/produkt\/luxtar-anslutningsklamma-2-pol-2-in-8-out\/#primaryimage\",\"url\":\"https:\/\/xenonkungen.com\/wp-content\/uploads\/2025\/04\/82x8FqyA.png\",\"contentUrl\":\"https:\/\/xenonkungen.com\/wp-content\/uploads\/2025\/04\/82x8FqyA.png\",\"width\":1000,\"height\":1000},{\"@type\":\"BreadcrumbList\",\"@id\":\"https:\/\/xenonkungen.com\/produkt\/luxtar-anslutningsklamma-2-pol-2-in-8-out\/#breadcrumb\",\"itemListElement\":[{\"@type\":\"ListItem\",\"position\":1,\"name\":\"Hem\",\"item\":\"https:\/\/xenonkungen.com\/\"},{\"@type\":\"ListItem\",\"position\":2,\"name\":\"Shop\",\"item\":\"https:\/\/xenonkungen.com\/shop\/\"},{\"@type\":\"ListItem\",\"position\":3,\"name\":\"Luxtar anslutningskl\u00e4mma 2-pol | 2 in 8 out\"}]},{\"@type\":\"WebSite\",\"@id\":\"https:\/\/xenonkungen.com\/#website\",\"url\":\"https:\/\/xenonkungen.com\/\",\"name\":\"Xenonkungen\",\"description\":\"\",\"potentialAction\":[{\"@type\":\"SearchAction\",\"target\":{\"@type\":\"EntryPoint\",\"urlTemplate\":\"https:\/\/xenonkungen.com\/?s={search_term_string}\"},\"query-input\":{\"@type\":\"PropertyValueSpecification\",\"valueRequired\":true,\"valueName\":\"search_term_string\"}}],\"inLanguage\":\"fi\"}]}<\/script>\n<!-- \/ Yoast SEO plugin. -->","yoast_head_json":{"title":"Luxtar-liit\u00e4nt\u00e4liitin 2-napainen | 2 sis\u00e4\u00e4n 8 ulos - Xenonkungen","robots":{"index":"index","follow":"follow","max-snippet":"max-snippet:-1","max-image-preview":"max-image-preview:large","max-video-preview":"max-video-preview:-1"},"canonical":"https:\/\/xenonkungen.com\/fi\/tuote\/luxtar-liitantanapa-2-napainen-2-sisaantuloa-8-ulostuloa\/","og_locale":"fi_FI","og_type":"article","og_title":"Luxtar anslutningskl\u00e4mma 2-pol | 2 in 8 out - Xenonkungen","og_description":"Luxtar Anslutningskl\u00e4mma 2-pol \u2013 Enkel och Effektiv Kabelhantering f\u00f6r Smidiga Elinstallationer Beh\u00f6ver du en p\u00e5litlig, s\u00e4ker och snabb l\u00f6sning f\u00f6r att koppla samman kablar? Luxtar anslutningskl\u00e4mma 2-pol (2 in 8 out) \u00e4r framtagen f\u00f6r att g\u00f6ra elinstallationer effektivare och mer organiserade, oavsett om det g\u00e4ller hem, industri eller professionella applikationer. Flexibel kompatibilitet \u2013 St\u00f6djer b\u00e5de [&hellip;]","og_url":"https:\/\/xenonkungen.com\/fi\/tuote\/luxtar-liitantanapa-2-napainen-2-sisaantuloa-8-ulostuloa\/","og_site_name":"Xenonkungen","article_modified_time":"2026-03-04T16:01:15+00:00","og_image":[{"width":1000,"height":1000,"url":"https:\/\/xenonkungen.com\/wp-content\/uploads\/2025\/04\/82x8FqyA.png","type":"image\/png"}],"twitter_card":"summary_large_image","twitter_misc":{"Arvioitu lukuaika":"1 minuutti"},"schema":{"@context":"https:\/\/schema.org","@graph":[{"@type":"WebPage","@id":"https:\/\/xenonkungen.com\/produkt\/luxtar-anslutningsklamma-2-pol-2-in-8-out\/","url":"https:\/\/xenonkungen.com\/produkt\/luxtar-anslutningsklamma-2-pol-2-in-8-out\/","name":"Luxtar-liit\u00e4nt\u00e4liitin 2-napainen | 2 sis\u00e4\u00e4n 8 ulos - Xenonkungen","isPartOf":{"@id":"https:\/\/xenonkungen.com\/#website"},"primaryImageOfPage":{"@id":"https:\/\/xenonkungen.com\/produkt\/luxtar-anslutningsklamma-2-pol-2-in-8-out\/#primaryimage"},"image":{"@id":"https:\/\/xenonkungen.com\/produkt\/luxtar-anslutningsklamma-2-pol-2-in-8-out\/#primaryimage"},"thumbnailUrl":"https:\/\/xenonkungen.com\/wp-content\/uploads\/2025\/04\/82x8FqyA.png","datePublished":"2025-04-15T10:11:28+00:00","dateModified":"2026-03-04T16:01:15+00:00","breadcrumb":{"@id":"https:\/\/xenonkungen.com\/produkt\/luxtar-anslutningsklamma-2-pol-2-in-8-out\/#breadcrumb"},"inLanguage":"fi","potentialAction":[{"@type":"ReadAction","target":["https:\/\/xenonkungen.com\/produkt\/luxtar-anslutningsklamma-2-pol-2-in-8-out\/"]}]},{"@type":"ImageObject","inLanguage":"fi","@id":"https:\/\/xenonkungen.com\/produkt\/luxtar-anslutningsklamma-2-pol-2-in-8-out\/#primaryimage","url":"https:\/\/xenonkungen.com\/wp-content\/uploads\/2025\/04\/82x8FqyA.png","contentUrl":"https:\/\/xenonkungen.com\/wp-content\/uploads\/2025\/04\/82x8FqyA.png","width":1000,"height":1000},{"@type":"BreadcrumbList","@id":"https:\/\/xenonkungen.com\/produkt\/luxtar-anslutningsklamma-2-pol-2-in-8-out\/#breadcrumb","itemListElement":[{"@type":"ListItem","position":1,"name":"Hem","item":"https:\/\/xenonkungen.com\/"},{"@type":"ListItem","position":2,"name":"Shop","item":"https:\/\/xenonkungen.com\/shop\/"},{"@type":"ListItem","position":3,"name":"Luxtar anslutningskl\u00e4mma 2-pol | 2 in 8 out"}]},{"@type":"WebSite","@id":"https:\/\/xenonkungen.com\/#website","url":"https:\/\/xenonkungen.com\/","name":"Xenonkungen","description":"","potentialAction":[{"@type":"SearchAction","target":{"@type":"EntryPoint","urlTemplate":"https:\/\/xenonkungen.com\/?s={search_term_string}"},"query-input":{"@type":"PropertyValueSpecification","valueRequired":true,"valueName":"search_term_string"}}],"inLanguage":"fi"}]}},"taxonomy_info":{"product_brand":[{"value":103,"label":"LUXTAR"}],"product_cat":[{"value":2826,"label":"LUXTAR"},{"value":2823,"label":"Luxtar - \u00d6vriga produkter"},{"value":1063,"label":"Kabelskor &amp; Kabelh\u00e5llare"},{"value":727,"label":"Tillbeh\u00f6r"}]},"featured_image_src_large":["https:\/\/xenonkungen.com\/wp-content\/uploads\/2025\/04\/82x8FqyA.png",1000,1000,false],"author_info":[],"comment_info":0,"_links":{"self":[{"href":"https:\/\/xenonkungen.com\/fi\/wp-json\/wp\/v2\/product\/8924","targetHints":{"allow":["GET"]}}],"collection":[{"href":"https:\/\/xenonkungen.com\/fi\/wp-json\/wp\/v2\/product"}],"about":[{"href":"https:\/\/xenonkungen.com\/fi\/wp-json\/wp\/v2\/types\/product"}],"replies":[{"embeddable":true,"href":"https:\/\/xenonkungen.com\/fi\/wp-json\/wp\/v2\/comments?post=8924"}],"wp:featuredmedia":[{"embeddable":true,"href":"https:\/\/xenonkungen.com\/fi\/wp-json\/wp\/v2\/media\/8925"}],"wp:attachment":[{"href":"https:\/\/xenonkungen.com\/fi\/wp-json\/wp\/v2\/media?parent=8924"}],"wp:term":[{"taxonomy":"anvandningsomrade","embeddable":true,"href":"https:\/\/xenonkungen.com\/fi\/wp-json\/wp\/v2\/anvandningsomrade?post=8924"},{"taxonomy":"bilmarken","embeddable":true,"href":"https:\/\/xenonkungen.com\/fi\/wp-json\/wp\/v2\/bilmarken?post=8924"},{"taxonomy":"product_brand","embeddable":true,"href":"https:\/\/xenonkungen.com\/fi\/wp-json\/wp\/v2\/product_brand?post=8924"},{"taxonomy":"product_cat","embeddable":true,"href":"https:\/\/xenonkungen.com\/fi\/wp-json\/wp\/v2\/product_cat?post=8924"},{"taxonomy":"product_tag","embeddable":true,"href":"https:\/\/xenonkungen.com\/fi\/wp-json\/wp\/v2\/product_tag?post=8924"}],"curies":[{"name":"wp","href":"https:\/\/api.w.org\/{rel}","templated":true}]}}