{"id":9248,"date":"2025-05-20T07:50:25","date_gmt":"2025-05-20T07:50:25","guid":{"rendered":"https:\/\/xenonkungen.com\/product\/luxtar-stellar-black-rad2-yellow\/"},"modified":"2026-04-11T16:44:09","modified_gmt":"2026-04-11T15:44:09","slug":"luxtar-tahti-musta-rad2-keltainen","status":"publish","type":"product","link":"https:\/\/xenonkungen.com\/fi\/tuote\/luxtar-tahti-musta-rad2-keltainen\/","title":{"rendered":"Luxtar Stellar Black RAD2 | Keltainen"},"content":{"rendered":"<h2>Luxtar Stellar Black RAD2 | Keltainen - Maksimaalinen suorituskyky jokaisessa yksityiskohdassa.<\/h2>\n<p>Tutustu lis\u00e4valon seuraavaan tasoon <strong>Luxtar Stellar Black RAD2 | Keltainen<\/strong>Suunniteltu niille, jotka vaativat parasta sek\u00e4 tyylilt\u00e4\u00e4n ett\u00e4 toiminnaltaan. T\u00e4m\u00e4 20 tehokkaalla Osram-diodilla varustettu ensiluokkainen valonheitin tuottaa vaikuttavan valovirran, joka on <strong>12 200 lumenia<\/strong>, tehden y\u00f6st\u00e4 majakkasi. Kanssa <strong>Ajopalkin liukupalkki<\/strong> se levitt\u00e4\u00e4 valon laajalle tielle ja valaisee my\u00f6s reunat, joten n\u00e4et kaiken - olosuhteista riippumatta.<\/p>\n<ul>\n<li>Kantama: 1 luksi 790 m:n et\u00e4isyydell\u00e4 \/ R112: 1 luksi 460 m:n et\u00e4isyydell\u00e4.<\/li>\n<li>12 200 todellista lumenia<\/li>\n<li>Boost-toiminto lis\u00e4\u00e4 kirkkautta<\/li>\n<li>Valitse valkoisen tai oranssin asemavalon v\u00e4lill\u00e4<\/li>\n<li>Iskunkest\u00e4v\u00e4 ja s\u00e4\u00e4nkest\u00e4v\u00e4 rakenne<\/li>\n<\/ul>\n<h3>Maailmanluokan valaistus<\/h3>\n<p>Valikoima <strong>1 luksi 790 metrin korkeudessa<\/strong> ja tasapainoinen v\u00e4ril\u00e4mp\u00f6tila <strong>5500K<\/strong>, et saa vain kirkasta ja ter\u00e4v\u00e4\u00e4 valaistusta, vaan my\u00f6s miellytt\u00e4v\u00e4n ja silmi\u00e4 miellytt\u00e4v\u00e4n valokokemuksen. T\u00e4ydellinen pitkille matkoille ja haastavaan maastoon, jossa jokainen yksityiskohta on t\u00e4rke\u00e4. N\u00e4et vaarat ajoissa ja navigoit t\u00e4ysin hallitusti.<\/p>\n<h3>Koe dynaaminen eleganssi<\/h3>\n<p>Uusi <strong>Dynaamiset k\u00e4ynnistysominaisuudet<\/strong> for position lights tekee vaikutuksen ainutlaatuisella valoshow'lla jokaisella k\u00e4ynnistyskerralla. Valitse perinteisen <strong>valkoinen<\/strong> tai silmiinpist\u00e4v\u00e4 <strong>oranssi valo<\/strong> tuoda oma tyylins\u00e4 tien p\u00e4\u00e4lle. Taustavalaistut heijastimet luovat my\u00f6s \"wow\"-efektin, joka saa ajoneuvosi erottumaan - sek\u00e4 p\u00e4iv\u00e4nvalossa ett\u00e4 pime\u00e4ss\u00e4.<\/p>\n<h3>Rakennettu kest\u00e4m\u00e4\u00e4n - kaikissa s\u00e4\u00e4olosuhteissa<\/h3>\n<p>Kiitos kehykset\u00f6n, <strong>murtumaton polykarbonaattilinssi<\/strong> ja sile\u00e4 etuosa est\u00e4\u00e4 lumen ja j\u00e4\u00e4n kertymisen, Luxtar Stellar RAD2 tarjoaa<strong> | Keltainen<\/strong> luotettava suorituskyky s\u00e4\u00e4st\u00e4 riippumatta. Lis\u00e4varusteena <strong>tehostustoiminto<\/strong> saat lis\u00e4kirkkautta juuri silloin, kun tarvitset sit\u00e4 eniten, ja vankan asennusjalustan ja mukana toimitettujen 4-napaisten DT-liittimien ansiosta asennus on helppoa ja turvallista.<\/p>\n<h3>E-hyv\u00e4ksytty ja turvallinen<\/h3>\n<p><strong>Stellar Black RAD2 | Keltainen<\/strong> on E-hyv\u00e4ksytty, joten sen k\u00e4ytt\u00f6 maanteill\u00e4 on laillista. Lis\u00e4ksi siin\u00e4 on <strong>3 vuoden takuu<\/strong> mielenrauhasi vuoksi.<\/p>","protected":false},"excerpt":{"rendered":"<p>L\u00f6yd\u00e4 t\u00e4ydellinen valaistus Luxtar Stellar Black RAD2 | Keltainen. Se on varustettu 20 Osram-diodilla ja 12 200 lumenilla, ja se tarjoaa laajan valokent\u00e4n, dynaamisen k\u00e4ynnistystoiminnon ja s\u00e4\u00e4nkest\u00e4vyyden. T\u00e4ydellinen maksimaaliseen n\u00e4kyvyyteen ja turvallisuuteen tien p\u00e4\u00e4ll\u00e4.<\/p>","protected":false},"featured_media":10277,"comment_status":"closed","ping_status":"closed","template":"","meta":{"_acf_changed":false,"_smort_price_nok":"5976","_smort_price_dkk":"3797","_smort_price_eur":"508.61","_smort_sale_price_nok":"","_smort_sale_price_dkk":"","_smort_sale_price_eur":"","smort_restorder":"","shipmondo_restorder":"","_kad_blocks_custom_css":"","_kad_blocks_head_custom_js":"","_kad_blocks_body_custom_js":"","_kad_blocks_footer_custom_js":"","smort_custom_pricelist_1":"3580.8","smort_custom_pricelist_2":"3133.2","smort_custom_pricelist_3":"2909.4","smort_custom_pricelist_4":"4476","smort_custom_pricelist_5":"3133.2"},"anvandningsomrade":[207,166,167,1915],"bilmarken":[168],"product_brand":[103],"product_cat":[2826,2820,1859],"product_tag":[2726],"class_list":{"0":"post-9248","1":"product","2":"type-product","3":"status-publish","4":"has-post-thumbnail","6":"anvandningsomrade-husbil","7":"anvandningsomrade-lastbil","8":"anvandningsomrade-personbil","9":"anvandningsomrade-skapbil","10":"bilmarken-alla","11":"product_brand-luxtar","12":"product_cat-luxtar","13":"product_cat-luxtar-paketlosningar","14":"product_cat-extraljuspaket","15":"product_tag-produktpaket","16":"pa_faktisk-effekts-forbrukning-175","17":"pa_fargtemperatur-yellow","18":"pa_fuktskydd-varde-ipxx-ip68","19":"pa_godkannande-e-marked-r112-r10-r148-r149","20":"pa_lampsockel-kontakt-dt4","21":"pa_ljusbild-driving","22":"pa_storlek-mm-229x226x90","23":"pa_stromforbrukning-5a-24v","24":"pa_stromforbrukning-88a-137v","25":"pa_volt-v-9-12-24-32","27":"first","28":"outofstock","29":"taxable","30":"shipping-taxable","31":"purchasable","32":"product-type-bundle"},"bundled_by":[],"bundle_stock_status":"outofstock","bundle_stock_quantity":0,"bundle_virtual":false,"bundle_layout":"default","bundle_add_to_cart_form_location":"default","bundle_editable_in_cart":false,"bundle_sold_individually_context":"product","bundle_item_grouping":"parent","bundle_min_size":"","bundle_max_size":"","bundle_price":{"price":{"min":{"incl_tax":"508.59","excl_tax":"406.87211508"},"max":{"incl_tax":"508.59","excl_tax":"406.87211508"}},"regular_price":{"min":{"incl_tax":"508.59","excl_tax":"406.87211508"},"max":{"incl_tax":"508.59","excl_tax":"406.87211508"}}},"bundled_items":[{"bundled_item_id":73,"product_id":1065,"menu_order":0,"quantity_min":1,"quantity_max":1,"quantity_default":1,"priced_individually":false,"shipped_individually":false,"override_title":false,"title":"Luxtar releen kaapelisarja DT-4 X2 12V 80A Releet","override_description":false,"description":"","optional":false,"hide_thumbnail":false,"discount":"","override_variations":false,"allowed_variations":[],"override_default_variation_attributes":false,"default_variation_attributes":[],"single_product_visibility":"visible","cart_visibility":"visible","order_visibility":"visible","single_product_price_visibility":"visible","cart_price_visibility":"visible","order_price_visibility":"visible","stock_status":"in_stock"},{"bundled_item_id":74,"product_id":3043,"menu_order":1,"quantity_min":1,"quantity_max":1,"quantity_default":1,"priced_individually":false,"shipped_individually":false,"override_title":false,"title":"Lis\u00e4valokannatin 2 x 225mm|9\":lle","override_description":false,"description":"","optional":false,"hide_thumbnail":false,"discount":"","override_variations":false,"allowed_variations":[],"override_default_variation_attributes":false,"default_variation_attributes":[],"single_product_visibility":"visible","cart_visibility":"visible","order_visibility":"visible","single_product_price_visibility":"visible","cart_price_visibility":"visible","order_price_visibility":"visible","stock_status":"on_backorder"}],"bundle_sell_ids":[],"acf":[],"yoast_head":"<!-- This site is optimized with the Yoast SEO plugin v27.0 - https:\/\/yoast.com\/product\/yoast-seo-wordpress\/ -->\n<title>Luxtar Stellar Black RAD2 | Yellow - Xenonkungen<\/title>\n<meta name=\"robots\" content=\"index, follow, max-snippet:-1, max-image-preview:large, max-video-preview:-1\" \/>\n<link rel=\"canonical\" href=\"https:\/\/xenonkungen.com\/fi\/tuote\/luxtar-tahti-musta-rad2-keltainen\/\" \/>\n<meta property=\"og:locale\" content=\"fi_FI\" \/>\n<meta property=\"og:type\" content=\"article\" \/>\n<meta property=\"og:title\" content=\"Luxtar Stellar Black RAD2 | Yellow - Xenonkungen\" \/>\n<meta property=\"og:description\" content=\"Uppt\u00e4ck ultimat belysning med Luxtar Stellar Black RAD2 | Yellow. Utrustad med 20 Osram-dioder och 12 200 lumen, erbjuder den brett ljusf\u00e4lt, dynamisk uppstartsfunktion och v\u00e4dert\u00e5lig h\u00e5llbarhet. Perfekt f\u00f6r maximal sikt och s\u00e4kerhet p\u00e5 v\u00e4gen.\" \/>\n<meta property=\"og:url\" content=\"https:\/\/xenonkungen.com\/fi\/tuote\/luxtar-tahti-musta-rad2-keltainen\/\" \/>\n<meta property=\"og:site_name\" content=\"Xenonkungen\" \/>\n<meta property=\"article:modified_time\" content=\"2026-04-11T15:44:09+00:00\" \/>\n<meta property=\"og:image\" content=\"https:\/\/xenonkungen.com\/wp-content\/uploads\/2025\/05\/XX-Stellar2.png\" \/>\n\t<meta property=\"og:image:width\" content=\"1000\" \/>\n\t<meta property=\"og:image:height\" content=\"1000\" \/>\n\t<meta property=\"og:image:type\" content=\"image\/png\" \/>\n<meta name=\"twitter:card\" content=\"summary_large_image\" \/>\n<meta name=\"twitter:label1\" content=\"Arvioitu lukuaika\" \/>\n\t<meta name=\"twitter:data1\" content=\"2 minuuttia\" \/>\n<script type=\"application\/ld+json\" class=\"yoast-schema-graph\">{\"@context\":\"https:\/\/schema.org\",\"@graph\":[{\"@type\":\"WebPage\",\"@id\":\"https:\/\/xenonkungen.com\/produkt\/luxtar-stellar-black-rad2-yellow\/\",\"url\":\"https:\/\/xenonkungen.com\/produkt\/luxtar-stellar-black-rad2-yellow\/\",\"name\":\"Luxtar Stellar Black RAD2 | Yellow - Xenonkungen\",\"isPartOf\":{\"@id\":\"https:\/\/xenonkungen.com\/#website\"},\"primaryImageOfPage\":{\"@id\":\"https:\/\/xenonkungen.com\/produkt\/luxtar-stellar-black-rad2-yellow\/#primaryimage\"},\"image\":{\"@id\":\"https:\/\/xenonkungen.com\/produkt\/luxtar-stellar-black-rad2-yellow\/#primaryimage\"},\"thumbnailUrl\":\"https:\/\/xenonkungen.com\/wp-content\/uploads\/2025\/05\/XX-Stellar2.png\",\"datePublished\":\"2025-05-20T07:50:25+00:00\",\"dateModified\":\"2026-04-11T15:44:09+00:00\",\"breadcrumb\":{\"@id\":\"https:\/\/xenonkungen.com\/produkt\/luxtar-stellar-black-rad2-yellow\/#breadcrumb\"},\"inLanguage\":\"fi\",\"potentialAction\":[{\"@type\":\"ReadAction\",\"target\":[\"https:\/\/xenonkungen.com\/produkt\/luxtar-stellar-black-rad2-yellow\/\"]}]},{\"@type\":\"ImageObject\",\"inLanguage\":\"fi\",\"@id\":\"https:\/\/xenonkungen.com\/produkt\/luxtar-stellar-black-rad2-yellow\/#primaryimage\",\"url\":\"https:\/\/xenonkungen.com\/wp-content\/uploads\/2025\/05\/XX-Stellar2.png\",\"contentUrl\":\"https:\/\/xenonkungen.com\/wp-content\/uploads\/2025\/05\/XX-Stellar2.png\",\"width\":1000,\"height\":1000},{\"@type\":\"BreadcrumbList\",\"@id\":\"https:\/\/xenonkungen.com\/produkt\/luxtar-stellar-black-rad2-yellow\/#breadcrumb\",\"itemListElement\":[{\"@type\":\"ListItem\",\"position\":1,\"name\":\"Hem\",\"item\":\"https:\/\/xenonkungen.com\/\"},{\"@type\":\"ListItem\",\"position\":2,\"name\":\"Shop\",\"item\":\"https:\/\/xenonkungen.com\/shop\/\"},{\"@type\":\"ListItem\",\"position\":3,\"name\":\"Luxtar Stellar Black RAD2 | Yellow\"}]},{\"@type\":\"WebSite\",\"@id\":\"https:\/\/xenonkungen.com\/#website\",\"url\":\"https:\/\/xenonkungen.com\/\",\"name\":\"Xenonkungen\",\"description\":\"\",\"potentialAction\":[{\"@type\":\"SearchAction\",\"target\":{\"@type\":\"EntryPoint\",\"urlTemplate\":\"https:\/\/xenonkungen.com\/?s={search_term_string}\"},\"query-input\":{\"@type\":\"PropertyValueSpecification\",\"valueRequired\":true,\"valueName\":\"search_term_string\"}}],\"inLanguage\":\"fi\"}]}<\/script>\n<!-- \/ Yoast SEO plugin. -->","yoast_head_json":{"title":"Luxtar Stellar Black RAD2 | Keltainen - Xenon King","robots":{"index":"index","follow":"follow","max-snippet":"max-snippet:-1","max-image-preview":"max-image-preview:large","max-video-preview":"max-video-preview:-1"},"canonical":"https:\/\/xenonkungen.com\/fi\/tuote\/luxtar-tahti-musta-rad2-keltainen\/","og_locale":"fi_FI","og_type":"article","og_title":"Luxtar Stellar Black RAD2 | Yellow - Xenonkungen","og_description":"Uppt\u00e4ck ultimat belysning med Luxtar Stellar Black RAD2 | Yellow. Utrustad med 20 Osram-dioder och 12 200 lumen, erbjuder den brett ljusf\u00e4lt, dynamisk uppstartsfunktion och v\u00e4dert\u00e5lig h\u00e5llbarhet. Perfekt f\u00f6r maximal sikt och s\u00e4kerhet p\u00e5 v\u00e4gen.","og_url":"https:\/\/xenonkungen.com\/fi\/tuote\/luxtar-tahti-musta-rad2-keltainen\/","og_site_name":"Xenonkungen","article_modified_time":"2026-04-11T15:44:09+00:00","og_image":[{"width":1000,"height":1000,"url":"https:\/\/xenonkungen.com\/wp-content\/uploads\/2025\/05\/XX-Stellar2.png","type":"image\/png"}],"twitter_card":"summary_large_image","twitter_misc":{"Arvioitu lukuaika":"2 minuuttia"},"schema":{"@context":"https:\/\/schema.org","@graph":[{"@type":"WebPage","@id":"https:\/\/xenonkungen.com\/produkt\/luxtar-stellar-black-rad2-yellow\/","url":"https:\/\/xenonkungen.com\/produkt\/luxtar-stellar-black-rad2-yellow\/","name":"Luxtar Stellar Black RAD2 | Keltainen - Xenon King","isPartOf":{"@id":"https:\/\/xenonkungen.com\/#website"},"primaryImageOfPage":{"@id":"https:\/\/xenonkungen.com\/produkt\/luxtar-stellar-black-rad2-yellow\/#primaryimage"},"image":{"@id":"https:\/\/xenonkungen.com\/produkt\/luxtar-stellar-black-rad2-yellow\/#primaryimage"},"thumbnailUrl":"https:\/\/xenonkungen.com\/wp-content\/uploads\/2025\/05\/XX-Stellar2.png","datePublished":"2025-05-20T07:50:25+00:00","dateModified":"2026-04-11T15:44:09+00:00","breadcrumb":{"@id":"https:\/\/xenonkungen.com\/produkt\/luxtar-stellar-black-rad2-yellow\/#breadcrumb"},"inLanguage":"fi","potentialAction":[{"@type":"ReadAction","target":["https:\/\/xenonkungen.com\/produkt\/luxtar-stellar-black-rad2-yellow\/"]}]},{"@type":"ImageObject","inLanguage":"fi","@id":"https:\/\/xenonkungen.com\/produkt\/luxtar-stellar-black-rad2-yellow\/#primaryimage","url":"https:\/\/xenonkungen.com\/wp-content\/uploads\/2025\/05\/XX-Stellar2.png","contentUrl":"https:\/\/xenonkungen.com\/wp-content\/uploads\/2025\/05\/XX-Stellar2.png","width":1000,"height":1000},{"@type":"BreadcrumbList","@id":"https:\/\/xenonkungen.com\/produkt\/luxtar-stellar-black-rad2-yellow\/#breadcrumb","itemListElement":[{"@type":"ListItem","position":1,"name":"Hem","item":"https:\/\/xenonkungen.com\/"},{"@type":"ListItem","position":2,"name":"Shop","item":"https:\/\/xenonkungen.com\/shop\/"},{"@type":"ListItem","position":3,"name":"Luxtar Stellar Black RAD2 | Yellow"}]},{"@type":"WebSite","@id":"https:\/\/xenonkungen.com\/#website","url":"https:\/\/xenonkungen.com\/","name":"Xenonkungen","description":"","potentialAction":[{"@type":"SearchAction","target":{"@type":"EntryPoint","urlTemplate":"https:\/\/xenonkungen.com\/?s={search_term_string}"},"query-input":{"@type":"PropertyValueSpecification","valueRequired":true,"valueName":"search_term_string"}}],"inLanguage":"fi"}]}},"taxonomy_info":{"anvandningsomrade":[{"value":207,"label":"Husbil"},{"value":166,"label":"Lastbil"},{"value":167,"label":"PERSONBIL"},{"value":1915,"label":"Sk\u00e5pbil"}],"bilmarken":[{"value":168,"label":"Alla"}],"product_brand":[{"value":103,"label":"LUXTAR"}],"product_cat":[{"value":2826,"label":"LUXTAR"},{"value":2820,"label":"Luxtar - Paketl\u00f6sningar"},{"value":1859,"label":"Extraljuspaket"}],"product_tag":[{"value":2726,"label":"produktpaket"}],"pa_faktisk-effekts-forbrukning":[{"value":175,"label":"120"}],"pa_fargtemperatur":[{"value":1117,"label":"Yellow"}],"pa_fuktskydd-varde-ipxx":[{"value":177,"label":"IP68"}],"pa_godkannande":[{"value":2187,"label":"E marked , R112 , R10 , R148 , R149"}],"pa_lampsockel-kontakt":[{"value":404,"label":"DT4"}],"pa_ljusbild":[{"value":178,"label":"Driving"}],"pa_storlek-mm":[{"value":2185,"label":"229x226x90"}],"pa_stromforbrukning":[{"value":180,"label":"5A @24V"},{"value":179,"label":"8,8A @13,7V"}],"pa_volt-v":[{"value":2186,"label":"9, 12, 24, 32"}]},"featured_image_src_large":["https:\/\/xenonkungen.com\/wp-content\/uploads\/2025\/05\/XX-Stellar2.png",1000,1000,false],"author_info":[],"comment_info":0,"_links":{"self":[{"href":"https:\/\/xenonkungen.com\/fi\/wp-json\/wp\/v2\/product\/9248","targetHints":{"allow":["GET"]}}],"collection":[{"href":"https:\/\/xenonkungen.com\/fi\/wp-json\/wp\/v2\/product"}],"about":[{"href":"https:\/\/xenonkungen.com\/fi\/wp-json\/wp\/v2\/types\/product"}],"replies":[{"embeddable":true,"href":"https:\/\/xenonkungen.com\/fi\/wp-json\/wp\/v2\/comments?post=9248"}],"wp:featuredmedia":[{"embeddable":true,"href":"https:\/\/xenonkungen.com\/fi\/wp-json\/wp\/v2\/media\/10277"}],"wp:attachment":[{"href":"https:\/\/xenonkungen.com\/fi\/wp-json\/wp\/v2\/media?parent=9248"}],"wp:term":[{"taxonomy":"anvandningsomrade","embeddable":true,"href":"https:\/\/xenonkungen.com\/fi\/wp-json\/wp\/v2\/anvandningsomrade?post=9248"},{"taxonomy":"bilmarken","embeddable":true,"href":"https:\/\/xenonkungen.com\/fi\/wp-json\/wp\/v2\/bilmarken?post=9248"},{"taxonomy":"product_brand","embeddable":true,"href":"https:\/\/xenonkungen.com\/fi\/wp-json\/wp\/v2\/product_brand?post=9248"},{"taxonomy":"product_cat","embeddable":true,"href":"https:\/\/xenonkungen.com\/fi\/wp-json\/wp\/v2\/product_cat?post=9248"},{"taxonomy":"product_tag","embeddable":true,"href":"https:\/\/xenonkungen.com\/fi\/wp-json\/wp\/v2\/product_tag?post=9248"}],"curies":[{"name":"wp","href":"https:\/\/api.w.org\/{rel}","templated":true}]}}