{"id":9315,"date":"2025-05-20T07:54:15","date_gmt":"2025-05-20T07:54:15","guid":{"rendered":"https:\/\/xenonkungen.com\/product\/luxtar-stellar-white-rad4-yellow-canbus\/"},"modified":"2026-04-02T13:19:22","modified_gmt":"2026-04-02T12:19:22","slug":"luxtar-stellar-valkoinen-rad4-keltainen-canbus","status":"publish","type":"product","link":"https:\/\/xenonkungen.com\/fi\/tuote\/luxtar-stellar-valkoinen-rad4-keltainen-canbus\/","title":{"rendered":"Luxtar Stellar White RAD4 | Keltainen &gt;&gt;CANBUS<<"},"content":{"rendered":"<h2>Luxtar Stellar White RAD4 CANBUS | Keltainen \u2013 Maailmanluokan valaistus \u00e4lyteknologialla<\/h2>\n<p>Tutustu lis\u00e4valon uuteen ulottuvuuteen <strong>Luxtar Stellar Valkoinen RAD4 CANBUS | Keltainen<\/strong> - kehitetty niille, jotka eiv\u00e4t tingi suorituskyvyst\u00e4, muotoilusta tai turvallisuudesta. Sen 20 tehokkaan Osram-diodin ja vaikuttavan valovirran, joka on <strong>12 200 lumenia<\/strong> se muuttaa y\u00f6n p\u00e4iv\u00e4ksi ja tarjoaa vertaansa vailla olevan n\u00e4kyvyyden tiell\u00e4.<\/p>\n<ul>\n<li>Laajuus: <strong>1 lux @ 790 m \/ R112: 1 lux @ 460 m<\/strong><\/li>\n<li><strong>12 200 todellista lumenia<\/strong> ylivoimaista kirkkautta varten<\/li>\n<li><strong>Boost-toiminto<\/strong> lis\u00e4valotehoa tarvittaessa<\/li>\n<li><strong>Dynaaminen k\u00e4ynnistystoiminto<\/strong> s\u00e4\u00e4dett\u00e4v\u00e4ll\u00e4 valkoisella tai oranssilla asentovalaisimella<\/li>\n<li>S\u00e4rkym\u00e4t\u00f6n polykarbonaattilinssi takaa \u00e4\u00e4rimm\u00e4isen kest\u00e4vyyden.<\/li>\n<li><strong>CANBUS-yhteensopiva<\/strong> sujuvaa asennusta varten<\/li>\n<li><strong>S\u00e4hk\u00f6inen valtuutus<\/strong> ja turvallinen k\u00e4ytt\u00e4\u00e4 maanteill\u00e4<\/li>\n<\/ul>\n<h3>Laaja ja kirkas valo sinne, miss\u00e4 sit\u00e4 tarvitaan<\/h3>\n<p>Hienostunut <strong>Ajopalkin dia<\/strong> levitt\u00e4\u00e4 valon laajalle tielle ja valaisee my\u00f6s tien reunat, jolloin voit havaita vaaratekij\u00e4t ajoissa. Valon kantama on jopa <strong>1 luksi 790 metrin korkeudessa<\/strong> ja tasapainoinen v\u00e4ril\u00e4mp\u00f6tila <strong>5500K<\/strong>, saat mukavan, kirkkaan valaistuksen, joka miellytt\u00e4\u00e4 silmi\u00e4 ja sopii t\u00e4ydellisesti sek\u00e4 maantieajoon ett\u00e4 maastoseikkailuihin.<\/p>\n<h3>Dynaaminen eleganssi<\/h3>\n<p>Ainutlaatuisen <strong>Dynaamiset k\u00e4ynnistysominaisuudet<\/strong> Luxtar Stellar White RAD4 | Keltainen tarjoaa upean valoshow&#039;n joka kerta, kun k\u00e4ynnist\u00e4t auton. Valitse tyylikk\u00e4\u00e4n <strong>valkoinen paikannusvalo<\/strong> tai silmiinpist\u00e4v\u00e4 <strong>oranssi valo<\/strong>ja antaa ajoneuvollesi eksklusiivisen ilmeen. Taustavalaistu heijastin tekee my\u00f6s vaikuttavan visuaalisen vaikutelman sek\u00e4 pime\u00e4ss\u00e4 ett\u00e4 p\u00e4iv\u00e4nvalossa.<\/p>\n<h3>Rakennettu toimimaan - s\u00e4\u00e4st\u00e4 riippumatta<\/h3>\n<p>Kiitos <strong>murtumattomat polykarbonaattilinssit<\/strong> ja sile\u00e4n, kehyksett\u00f6m\u00e4n etuosan ansiosta valaisin v\u00e4ltt\u00e4\u00e4 lumen ja j\u00e4\u00e4n kertymisen ja takaa optimaalisen suorituskyvyn my\u00f6s vaikeissa olosuhteissa. <strong>Tehostustoiminnot<\/strong> tarjoaa tarvittaessa my\u00f6s lis\u00e4kirkkautta, joka sopii t\u00e4ydellisesti vaativimpiin ajoymp\u00e4rist\u00f6ihin.<\/p>\n<h3>CANBUS-yhteensopiva ja E-hyv\u00e4ksytty<\/h3>\n<p>Med <strong>CANBUS-tekniikka<\/strong> integroituna v\u00e4lt\u00e4t virheilmoitukset ja h\u00e4iri\u00f6t auton elektroniikkaj\u00e4rjestelm\u00e4ss\u00e4, joten asennus on helppoa ja sujuvaa. Valaisin on <strong>S\u00e4hk\u00f6inen valtuutus<\/strong>mik\u00e4 tarkoittaa, ett\u00e4 sit\u00e4 saa k\u00e4ytt\u00e4\u00e4 yleisill\u00e4 teill\u00e4, ja sen mukana tulee my\u00f6s <strong>3 vuoden takuu<\/strong> maksimaalista turvallisuutta varten.<\/p>\n<p>Optimaalisen signaalinsiirron ja suorituskyvyn varmistamiseksi suosittelemme, ett\u00e4 <strong>103179XR-DT Kaapelisarja<\/strong> osoitteeseen <strong>XBB Power Unit - DT<\/strong> merkinantokaapelina. T\u00e4m\u00e4 korkealaatuinen kaapelisarja tarjoaa vankan ja luotettavan liitett\u00e4vyyden, joka on suunniteltu erityisesti vastaamaan vaativien olosuhteiden vaatimuksia.<\/p>\n<h2><a href=\"https:\/\/xenonkungen.com\/wp-content\/uploads\/2025\/10\/XBB-Canbus-over-15A-inkoppling.pdf\">Klikkaa t\u00e4st\u00e4 n\u00e4hd\u00e4ksesi kytkent\u00e4kaavion, Dual releen johdinsarjat XBB:n kanssa\u00a0<\/a><\/h2>","protected":false},"excerpt":{"rendered":"<p>L\u00f6yd\u00e4 paras lis\u00e4valaistuksen ominaisuus Luxtar Stellar White RAD4 CANBUS | Yellow -valon avulla. Se on varustettu 20 tehokkaalla Osram-diodilla ja 12 200 lumenin teholla maksimaalisen kirkkauden takaamiseksi. Se tarjoaa erinomaista suorituskyky\u00e4, turvallisuutta ja tyyli\u00e4 \u2013 t\u00e4ydellinen kaikkiin tieolosuhteisiin ja ymp\u00e4rist\u00f6ihin.<\/p>","protected":false},"featured_media":10287,"comment_status":"closed","ping_status":"closed","template":"","meta":{"_acf_changed":false,"_smort_price_nok":"10933","_smort_price_dkk":"8682","_smort_price_eur":"1163.13","_smort_sale_price_nok":"10933","_smort_sale_price_dkk":"","_smort_sale_price_eur":"","smort_restorder":"","shipmondo_restorder":"","_kad_blocks_custom_css":"","_kad_blocks_head_custom_js":"","_kad_blocks_body_custom_js":"","_kad_blocks_footer_custom_js":"","smort_custom_pricelist_1":"8188.8","smort_custom_pricelist_2":"7165.2","smort_custom_pricelist_3":"6653.4","smort_custom_pricelist_4":"10236","smort_custom_pricelist_5":"7165.2"},"anvandningsomrade":[207,166,167,1915],"bilmarken":[168],"product_brand":[103],"product_cat":[2826,2820,1859],"product_tag":[2726],"class_list":{"0":"post-9315","1":"product","2":"type-product","3":"status-publish","4":"has-post-thumbnail","6":"anvandningsomrade-husbil","7":"anvandningsomrade-lastbil","8":"anvandningsomrade-personbil","9":"anvandningsomrade-skapbil","10":"bilmarken-alla","11":"product_brand-luxtar","12":"product_cat-luxtar","13":"product_cat-luxtar-paketlosningar","14":"product_cat-extraljuspaket","15":"product_tag-produktpaket","16":"pa_faktisk-effekts-forbrukning-175","17":"pa_fargtemperatur-yellow","18":"pa_fuktskydd-varde-ipxx-ip68","19":"pa_godkannande-e-marked-r112-r10-r148-r149","20":"pa_lampsockel-kontakt-dt4","21":"pa_ljusbild-driving","22":"pa_storlek-mm-229x226x90","23":"pa_stromforbrukning-5a-24v","24":"pa_stromforbrukning-88a-137v","25":"pa_volt-v-9-12-24-32","27":"first","28":"onbackorder","29":"sale","30":"taxable","31":"shipping-taxable","32":"purchasable","33":"product-type-bundle"},"bundled_by":[],"bundle_stock_status":"instock","bundle_stock_quantity":"","bundle_virtual":false,"bundle_layout":"default","bundle_add_to_cart_form_location":"default","bundle_editable_in_cart":false,"bundle_sold_individually_context":"product","bundle_item_grouping":"parent","bundle_min_size":"","bundle_max_size":"","bundle_price":{"price":{"min":{"incl_tax":"930.46","excl_tax":"744.368716704"},"max":{"incl_tax":"930.46","excl_tax":"744.368716704"}},"regular_price":{"min":{"incl_tax":"1163.08","excl_tax":"930.46089588"},"max":{"incl_tax":"1163.08","excl_tax":"930.46089588"}}},"bundled_items":[{"bundled_item_id":130,"product_id":1056,"menu_order":0,"quantity_min":1,"quantity_max":1,"quantity_default":1,"priced_individually":false,"shipped_individually":false,"override_title":false,"title":"Luxtar releen kaapelisarja DT-4 X4 12V 80A releet","override_description":false,"description":"","optional":false,"hide_thumbnail":false,"discount":"","override_variations":false,"allowed_variations":[],"override_default_variation_attributes":false,"default_variation_attributes":[],"single_product_visibility":"visible","cart_visibility":"visible","order_visibility":"visible","single_product_price_visibility":"visible","cart_price_visibility":"visible","order_price_visibility":"visible","stock_status":"in_stock"},{"bundled_item_id":131,"product_id":2718,"menu_order":1,"quantity_min":1,"quantity_max":1,"quantity_default":1,"priced_individually":false,"shipped_individually":false,"override_title":false,"title":"Lis\u00e4valokannatin 4 x 225mm|9\":lle","override_description":false,"description":"","optional":false,"hide_thumbnail":false,"discount":"","override_variations":false,"allowed_variations":[],"override_default_variation_attributes":false,"default_variation_attributes":[],"single_product_visibility":"visible","cart_visibility":"visible","order_visibility":"visible","single_product_price_visibility":"visible","cart_price_visibility":"visible","order_price_visibility":"visible","stock_status":"in_stock"},{"bundled_item_id":132,"product_id":1538,"menu_order":2,"quantity_min":1,"quantity_max":1,"quantity_default":1,"priced_individually":false,"shipped_individually":false,"override_title":false,"title":"XBB OBD-II-dongle + PowerUnit","override_description":false,"description":"","optional":false,"hide_thumbnail":false,"discount":"","override_variations":false,"allowed_variations":[],"override_default_variation_attributes":false,"default_variation_attributes":[],"single_product_visibility":"visible","cart_visibility":"visible","order_visibility":"visible","single_product_price_visibility":"visible","cart_price_visibility":"visible","order_price_visibility":"visible","stock_status":"on_backorder"},{"bundled_item_id":133,"product_id":2605,"menu_order":3,"quantity_min":1,"quantity_max":1,"quantity_default":1,"priced_individually":false,"shipped_individually":false,"override_title":false,"title":"Kaapelisarja XBB Power Unit - DT","override_description":false,"description":"","optional":false,"hide_thumbnail":false,"discount":"","override_variations":false,"allowed_variations":[],"override_default_variation_attributes":false,"default_variation_attributes":[],"single_product_visibility":"visible","cart_visibility":"visible","order_visibility":"visible","single_product_price_visibility":"visible","cart_price_visibility":"visible","order_price_visibility":"visible","stock_status":"in_stock"}],"bundle_sell_ids":[],"acf":[],"yoast_head":"<!-- This site is optimized with the Yoast SEO plugin v27.0 - https:\/\/yoast.com\/product\/yoast-seo-wordpress\/ -->\n<title>Luxtar Stellar White RAD4 | Yellow &gt;&gt;CANBUS<\/title>\n<meta name=\"robots\" content=\"index, follow, max-snippet:-1, max-image-preview:large, max-video-preview:-1\" \/>\n<link rel=\"canonical\" href=\"https:\/\/xenonkungen.com\/fi\/tuote\/luxtar-stellar-valkoinen-rad4-keltainen-canbus\/\" \/>\n<meta property=\"og:locale\" content=\"fi_FI\" \/>\n<meta property=\"og:type\" content=\"article\" \/>\n<meta property=\"og:title\" content=\"Luxtar Stellar White RAD4 | Yellow &gt;&gt;CANBUS\" \/>\n<meta property=\"og:description\" content=\"Uppt\u00e4ck den ultimata extrabelysningen med Luxtar Stellar White RAD4 CANBUS | Yellow. Utrustad med 20 kraftfulla Osram-dioder och 12 200 lumen f\u00f6r maximal ljusstyrka, erbjuder den \u00f6verl\u00e4gsen prestanda, s\u00e4kerhet och stil \u2013 perfekt f\u00f6r alla v\u00e4gf\u00f6rh\u00e5llanden och milj\u00f6er.\" \/>\n<meta property=\"og:url\" content=\"https:\/\/xenonkungen.com\/fi\/tuote\/luxtar-stellar-valkoinen-rad4-keltainen-canbus\/\" \/>\n<meta property=\"og:site_name\" content=\"Xenonkungen\" \/>\n<meta property=\"article:modified_time\" content=\"2026-04-02T12:19:22+00:00\" \/>\n<meta property=\"og:image\" content=\"https:\/\/xenonkungen.com\/wp-content\/uploads\/2025\/05\/XXC-Stellar4WY.png\" \/>\n\t<meta property=\"og:image:width\" content=\"1000\" \/>\n\t<meta property=\"og:image:height\" content=\"1000\" \/>\n\t<meta property=\"og:image:type\" content=\"image\/png\" \/>\n<meta name=\"twitter:card\" content=\"summary_large_image\" \/>\n<meta name=\"twitter:label1\" content=\"Arvioitu lukuaika\" \/>\n\t<meta name=\"twitter:data1\" content=\"3 minuuttia\" \/>\n<script type=\"application\/ld+json\" class=\"yoast-schema-graph\">{\"@context\":\"https:\/\/schema.org\",\"@graph\":[{\"@type\":\"WebPage\",\"@id\":\"https:\/\/xenonkungen.com\/produkt\/luxtar-stellar-white-rad4-yellow-canbus\/\",\"url\":\"https:\/\/xenonkungen.com\/produkt\/luxtar-stellar-white-rad4-yellow-canbus\/\",\"name\":\"Luxtar Stellar White RAD4 | Yellow >>CANBUS\",\"isPartOf\":{\"@id\":\"https:\/\/xenonkungen.com\/#website\"},\"primaryImageOfPage\":{\"@id\":\"https:\/\/xenonkungen.com\/produkt\/luxtar-stellar-white-rad4-yellow-canbus\/#primaryimage\"},\"image\":{\"@id\":\"https:\/\/xenonkungen.com\/produkt\/luxtar-stellar-white-rad4-yellow-canbus\/#primaryimage\"},\"thumbnailUrl\":\"https:\/\/xenonkungen.com\/wp-content\/uploads\/2025\/05\/XXC-Stellar4WY.png\",\"datePublished\":\"2025-05-20T07:54:15+00:00\",\"dateModified\":\"2026-04-02T12:19:22+00:00\",\"breadcrumb\":{\"@id\":\"https:\/\/xenonkungen.com\/produkt\/luxtar-stellar-white-rad4-yellow-canbus\/#breadcrumb\"},\"inLanguage\":\"fi\",\"potentialAction\":[{\"@type\":\"ReadAction\",\"target\":[\"https:\/\/xenonkungen.com\/produkt\/luxtar-stellar-white-rad4-yellow-canbus\/\"]}]},{\"@type\":\"ImageObject\",\"inLanguage\":\"fi\",\"@id\":\"https:\/\/xenonkungen.com\/produkt\/luxtar-stellar-white-rad4-yellow-canbus\/#primaryimage\",\"url\":\"https:\/\/xenonkungen.com\/wp-content\/uploads\/2025\/05\/XXC-Stellar4WY.png\",\"contentUrl\":\"https:\/\/xenonkungen.com\/wp-content\/uploads\/2025\/05\/XXC-Stellar4WY.png\",\"width\":1000,\"height\":1000},{\"@type\":\"BreadcrumbList\",\"@id\":\"https:\/\/xenonkungen.com\/produkt\/luxtar-stellar-white-rad4-yellow-canbus\/#breadcrumb\",\"itemListElement\":[{\"@type\":\"ListItem\",\"position\":1,\"name\":\"Hem\",\"item\":\"https:\/\/xenonkungen.com\/\"},{\"@type\":\"ListItem\",\"position\":2,\"name\":\"Shop\",\"item\":\"https:\/\/xenonkungen.com\/shop\/\"},{\"@type\":\"ListItem\",\"position\":3,\"name\":\"Luxtar Stellar White RAD4 | Yellow >>CANBUS\"}]},{\"@type\":\"WebSite\",\"@id\":\"https:\/\/xenonkungen.com\/#website\",\"url\":\"https:\/\/xenonkungen.com\/\",\"name\":\"Xenonkungen\",\"description\":\"\",\"potentialAction\":[{\"@type\":\"SearchAction\",\"target\":{\"@type\":\"EntryPoint\",\"urlTemplate\":\"https:\/\/xenonkungen.com\/?s={search_term_string}\"},\"query-input\":{\"@type\":\"PropertyValueSpecification\",\"valueRequired\":true,\"valueName\":\"search_term_string\"}}],\"inLanguage\":\"fi\"}]}<\/script>\n<!-- \/ Yoast SEO plugin. -->","yoast_head_json":{"title":"Luxtar Stellar White RAD4 | Keltainen &gt;&gt;CANBUS","robots":{"index":"index","follow":"follow","max-snippet":"max-snippet:-1","max-image-preview":"max-image-preview:large","max-video-preview":"max-video-preview:-1"},"canonical":"https:\/\/xenonkungen.com\/fi\/tuote\/luxtar-stellar-valkoinen-rad4-keltainen-canbus\/","og_locale":"fi_FI","og_type":"article","og_title":"Luxtar Stellar White RAD4 | Yellow >>CANBUS","og_description":"Uppt\u00e4ck den ultimata extrabelysningen med Luxtar Stellar White RAD4 CANBUS | Yellow. Utrustad med 20 kraftfulla Osram-dioder och 12 200 lumen f\u00f6r maximal ljusstyrka, erbjuder den \u00f6verl\u00e4gsen prestanda, s\u00e4kerhet och stil \u2013 perfekt f\u00f6r alla v\u00e4gf\u00f6rh\u00e5llanden och milj\u00f6er.","og_url":"https:\/\/xenonkungen.com\/fi\/tuote\/luxtar-stellar-valkoinen-rad4-keltainen-canbus\/","og_site_name":"Xenonkungen","article_modified_time":"2026-04-02T12:19:22+00:00","og_image":[{"width":1000,"height":1000,"url":"https:\/\/xenonkungen.com\/wp-content\/uploads\/2025\/05\/XXC-Stellar4WY.png","type":"image\/png"}],"twitter_card":"summary_large_image","twitter_misc":{"Arvioitu lukuaika":"3 minuuttia"},"schema":{"@context":"https:\/\/schema.org","@graph":[{"@type":"WebPage","@id":"https:\/\/xenonkungen.com\/produkt\/luxtar-stellar-white-rad4-yellow-canbus\/","url":"https:\/\/xenonkungen.com\/produkt\/luxtar-stellar-white-rad4-yellow-canbus\/","name":"Luxtar Stellar White RAD4 | Keltainen &gt;&gt;CANBUS","isPartOf":{"@id":"https:\/\/xenonkungen.com\/#website"},"primaryImageOfPage":{"@id":"https:\/\/xenonkungen.com\/produkt\/luxtar-stellar-white-rad4-yellow-canbus\/#primaryimage"},"image":{"@id":"https:\/\/xenonkungen.com\/produkt\/luxtar-stellar-white-rad4-yellow-canbus\/#primaryimage"},"thumbnailUrl":"https:\/\/xenonkungen.com\/wp-content\/uploads\/2025\/05\/XXC-Stellar4WY.png","datePublished":"2025-05-20T07:54:15+00:00","dateModified":"2026-04-02T12:19:22+00:00","breadcrumb":{"@id":"https:\/\/xenonkungen.com\/produkt\/luxtar-stellar-white-rad4-yellow-canbus\/#breadcrumb"},"inLanguage":"fi","potentialAction":[{"@type":"ReadAction","target":["https:\/\/xenonkungen.com\/produkt\/luxtar-stellar-white-rad4-yellow-canbus\/"]}]},{"@type":"ImageObject","inLanguage":"fi","@id":"https:\/\/xenonkungen.com\/produkt\/luxtar-stellar-white-rad4-yellow-canbus\/#primaryimage","url":"https:\/\/xenonkungen.com\/wp-content\/uploads\/2025\/05\/XXC-Stellar4WY.png","contentUrl":"https:\/\/xenonkungen.com\/wp-content\/uploads\/2025\/05\/XXC-Stellar4WY.png","width":1000,"height":1000},{"@type":"BreadcrumbList","@id":"https:\/\/xenonkungen.com\/produkt\/luxtar-stellar-white-rad4-yellow-canbus\/#breadcrumb","itemListElement":[{"@type":"ListItem","position":1,"name":"Hem","item":"https:\/\/xenonkungen.com\/"},{"@type":"ListItem","position":2,"name":"Shop","item":"https:\/\/xenonkungen.com\/shop\/"},{"@type":"ListItem","position":3,"name":"Luxtar Stellar White RAD4 | Yellow >>CANBUS"}]},{"@type":"WebSite","@id":"https:\/\/xenonkungen.com\/#website","url":"https:\/\/xenonkungen.com\/","name":"Xenonkungen","description":"","potentialAction":[{"@type":"SearchAction","target":{"@type":"EntryPoint","urlTemplate":"https:\/\/xenonkungen.com\/?s={search_term_string}"},"query-input":{"@type":"PropertyValueSpecification","valueRequired":true,"valueName":"search_term_string"}}],"inLanguage":"fi"}]}},"taxonomy_info":{"anvandningsomrade":[{"value":207,"label":"Husbil"},{"value":166,"label":"Lastbil"},{"value":167,"label":"PERSONBIL"},{"value":1915,"label":"Sk\u00e5pbil"}],"bilmarken":[{"value":168,"label":"Alla"}],"product_brand":[{"value":103,"label":"LUXTAR"}],"product_cat":[{"value":2826,"label":"LUXTAR"},{"value":2820,"label":"Luxtar - Paketl\u00f6sningar"},{"value":1859,"label":"Extraljuspaket"}],"product_tag":[{"value":2726,"label":"produktpaket"}],"pa_faktisk-effekts-forbrukning":[{"value":175,"label":"120"}],"pa_fargtemperatur":[{"value":1117,"label":"Yellow"}],"pa_fuktskydd-varde-ipxx":[{"value":177,"label":"IP68"}],"pa_godkannande":[{"value":2187,"label":"E marked , R112 , R10 , R148 , R149"}],"pa_lampsockel-kontakt":[{"value":404,"label":"DT4"}],"pa_ljusbild":[{"value":178,"label":"Driving"}],"pa_storlek-mm":[{"value":2185,"label":"229x226x90"}],"pa_stromforbrukning":[{"value":180,"label":"5A @24V"},{"value":179,"label":"8,8A @13,7V"}],"pa_volt-v":[{"value":2186,"label":"9, 12, 24, 32"}]},"featured_image_src_large":["https:\/\/xenonkungen.com\/wp-content\/uploads\/2025\/05\/XXC-Stellar4WY.png",1000,1000,false],"author_info":[],"comment_info":0,"_links":{"self":[{"href":"https:\/\/xenonkungen.com\/fi\/wp-json\/wp\/v2\/product\/9315","targetHints":{"allow":["GET"]}}],"collection":[{"href":"https:\/\/xenonkungen.com\/fi\/wp-json\/wp\/v2\/product"}],"about":[{"href":"https:\/\/xenonkungen.com\/fi\/wp-json\/wp\/v2\/types\/product"}],"replies":[{"embeddable":true,"href":"https:\/\/xenonkungen.com\/fi\/wp-json\/wp\/v2\/comments?post=9315"}],"wp:featuredmedia":[{"embeddable":true,"href":"https:\/\/xenonkungen.com\/fi\/wp-json\/wp\/v2\/media\/10287"}],"wp:attachment":[{"href":"https:\/\/xenonkungen.com\/fi\/wp-json\/wp\/v2\/media?parent=9315"}],"wp:term":[{"taxonomy":"anvandningsomrade","embeddable":true,"href":"https:\/\/xenonkungen.com\/fi\/wp-json\/wp\/v2\/anvandningsomrade?post=9315"},{"taxonomy":"bilmarken","embeddable":true,"href":"https:\/\/xenonkungen.com\/fi\/wp-json\/wp\/v2\/bilmarken?post=9315"},{"taxonomy":"product_brand","embeddable":true,"href":"https:\/\/xenonkungen.com\/fi\/wp-json\/wp\/v2\/product_brand?post=9315"},{"taxonomy":"product_cat","embeddable":true,"href":"https:\/\/xenonkungen.com\/fi\/wp-json\/wp\/v2\/product_cat?post=9315"},{"taxonomy":"product_tag","embeddable":true,"href":"https:\/\/xenonkungen.com\/fi\/wp-json\/wp\/v2\/product_tag?post=9315"}],"curies":[{"name":"wp","href":"https:\/\/api.w.org\/{rel}","templated":true}]}}