{"id":9336,"date":"2025-05-20T07:54:15","date_gmt":"2025-05-20T07:54:15","guid":{"rendered":"https:\/\/xenonkungen.com\/product\/4-pack-extraljus-nbb225-35w-original\/"},"modified":"2026-05-13T08:03:49","modified_gmt":"2026-05-13T07:03:49","slug":"4-lisavalon-pakkaus-nbb225-35w-alkuperaiset","status":"publish","type":"product","link":"https:\/\/xenonkungen.com\/fi\/tuote\/4-lisavalon-pakkaus-nbb225-35w-alkuperaiset\/","title":{"rendered":"4-PAKKAUS Lis\u00e4valo NBB225 35W Alkuper\u00e4inen"},"content":{"rendered":"<h1>Tuotekuvaus tuotteelle RAD4 Package - NBB Original 225 LED<\/h1>\n<p><strong>Tutustu NBB Original 225 LEDin RAD4-paketin tehoon, joka on optimaalinen ratkaisu ajoneuvosi valaistukseen.<\/strong> T\u00e4m\u00e4 paketti on ihanteellinen kuljettajille, jotka tarvitsevat kirkasta ja luotettavaa valaistusta y\u00f6ajossa tai vaikeissa olosuhteissa. T\u00e4m\u00e4 paketti sis\u00e4lt\u00e4\u00e4 nelj\u00e4 suorituskykyist\u00e4 NBB Original 225 LED-lis\u00e4valoa, joissa kaikissa on ajo-\/kaukovalokuvio, ja ne on suunniteltu ajo-\/kaukovalokuvioinnilla, joten ne tarjoavat erinomaisen valaistuksen turvalliseen ajamiseen pime\u00e4ss\u00e4.<\/p>\n<h2>Ominaisuudet:<\/h2>\n<ul>\n<li><strong>Tehokas ksenonvalaistus:<\/strong> Kukin lamppu on varustettu 35 W:n liit\u00e4nt\u00e4laitteella, joka on asennettu tehtaalla ja joka tuottaa noin 3300 lumenia lamppua kohti. Nelj\u00e4n lyhdyn yhteenlaskettu valovirta tuottaa 13200 lumenia, mik\u00e4 tarjoaa erinomaisen valotehon edess\u00e4si olevan tien valaisemiseen.<\/li>\n<li><strong>Rakennettu kest\u00e4vyytt\u00e4 ja suorituskyky\u00e4 varten:<\/strong> Lyhdyt on valmistettu lasikuituvahvisteisesta muovista, jossa on alumiininen vapaamuotoinen heijastin ja kirkas polykarbonaattilinssi, mik\u00e4 takaa sek\u00e4 kest\u00e4vyyden ett\u00e4 optimaalisen valon jakautumisen.<\/li>\n<li><strong>T\u00e4ydellinen asennussarja:<\/strong> RAD4-paketti sis\u00e4lt\u00e4\u00e4 kaiken asennukseen tarvittavan - relejohdon, tukirangan ja kannattimen, joten se on helppo koota ja mukauttaa tarpeisiisi. Liit\u00e4nt\u00e4laite on suunniteltu kevyeksi ja tehokkaaksi, ja se voidaan haluttaessa sijoittaa ulkoisesti.<\/li>\n<li><strong>Sertifiointi ja takuu:<\/strong> Kaikki valot ovat E-hyv\u00e4ksyttyj\u00e4, ja j\u00e4rjestelm\u00e4ll\u00e4 on yhden vuoden takuu.<\/li>\n<\/ul>\n<h2>Miksi valita RAD4-paketti meilt\u00e4?<\/h2>\n<p>Sitoutumisemme laatuun ja asiakaspalveluun erottaa meid\u00e4t edelleen muista. Asiakaspalvelumme on saanut tunnustettuja palkintoja, joten voit olla varma, ett\u00e4 saat sek\u00e4 maailmanluokan tuotteita ett\u00e4 tukea.<\/p>\n<p>NBB Original 225 LEDin RAD4-paketilla saat erinomaisen valaistuskokemuksen, joka murtaa pimeyden tehokkaasti. Paranna n\u00e4kyvyytt\u00e4si ja turvallisuuttasi tiell\u00e4 - olosuhteista riippumatta. Valitse RAD4, niin saat vertaansa vailla olevan ajokokemuksen y\u00f6aikaan.<\/p>","protected":false},"excerpt":{"rendered":"<p>Produktbeskrivning f\u00f6r RAD4 Paketet \u2013 NBB Original 225 LED Utforska kraften i RAD4 Paketet fr\u00e5n NBB Original 225 LED, en optimal l\u00f6sning f\u00f6r din fordonsbelysning. Detta paket \u00e4r idealiskt f\u00f6r f\u00f6rare som kr\u00e4ver stark och p\u00e5litlig belysning under nattk\u00f6rning eller i sv\u00e5ra f\u00f6rh\u00e5llanden. Med fyra h\u00f6gpresterande NBB Original 225 LED extraljus, alla designade med Driving\/Fj\u00e4rr [&hellip;]<\/p>","protected":false},"featured_media":9899,"comment_status":"closed","ping_status":"open","template":"","meta":{"_acf_changed":false,"_smort_price_nok":"11424","_smort_price_dkk":"7257","_smort_price_eur":"972.23","_smort_sale_price_nok":"","_smort_sale_price_dkk":"","_smort_sale_price_eur":"","smort_restorder":"","shipmondo_restorder":"","_kad_blocks_custom_css":"","_kad_blocks_head_custom_js":"","_kad_blocks_body_custom_js":"","_kad_blocks_footer_custom_js":"","smort_custom_pricelist_1":"6844.8","smort_custom_pricelist_2":"5989.2","smort_custom_pricelist_3":"5989.2","smort_custom_pricelist_4":"8556","smort_custom_pricelist_5":"5989.2"},"anvandningsomrade":[207,167,1915],"bilmarken":[168],"product_brand":[104],"product_cat":[1859],"product_tag":[2726],"class_list":{"0":"post-9336","1":"product","2":"type-product","3":"status-publish","4":"has-post-thumbnail","6":"anvandningsomrade-husbil","7":"anvandningsomrade-personbil","8":"anvandningsomrade-skapbil","9":"bilmarken-alla","10":"product_brand-nbb","11":"product_cat-extraljuspaket","12":"product_tag-produktpaket","14":"first","15":"instock","16":"taxable","17":"shipping-taxable","18":"purchasable","19":"product-type-bundle"},"bundled_by":[],"bundle_stock_status":"instock","bundle_stock_quantity":1,"bundle_virtual":false,"bundle_layout":"default","bundle_add_to_cart_form_location":"default","bundle_editable_in_cart":false,"bundle_sold_individually_context":"product","bundle_item_grouping":"parent","bundle_min_size":"","bundle_max_size":"","bundle_price":{"price":{"min":{"incl_tax":"972.19","excl_tax":"777.74750148"},"max":{"incl_tax":"972.19","excl_tax":"777.74750148"}},"regular_price":{"min":{"incl_tax":"972.19","excl_tax":"777.74750148"},"max":{"incl_tax":"972.19","excl_tax":"777.74750148"}}},"bundled_items":[{"bundled_item_id":147,"product_id":2699,"menu_order":0,"quantity_min":1,"quantity_max":1,"quantity_default":1,"priced_individually":false,"shipped_individually":false,"override_title":false,"title":"","override_description":false,"description":"","optional":false,"hide_thumbnail":false,"discount":null,"override_variations":false,"allowed_variations":[],"override_default_variation_attributes":false,"default_variation_attributes":[],"single_product_visibility":"visible","cart_visibility":"visible","order_visibility":"visible","single_product_price_visibility":"visible","cart_price_visibility":"visible","order_price_visibility":"visible","stock_status":"in_stock"},{"bundled_item_id":148,"product_id":994,"menu_order":0,"quantity_min":1,"quantity_max":1,"quantity_default":1,"priced_individually":false,"shipped_individually":false,"override_title":false,"title":"","override_description":false,"description":"","optional":false,"hide_thumbnail":false,"discount":null,"override_variations":false,"allowed_variations":[],"override_default_variation_attributes":false,"default_variation_attributes":[],"single_product_visibility":"visible","cart_visibility":"visible","order_visibility":"visible","single_product_price_visibility":"visible","cart_price_visibility":"visible","order_price_visibility":"visible","stock_status":"in_stock"},{"bundled_item_id":149,"product_id":2718,"menu_order":0,"quantity_min":1,"quantity_max":1,"quantity_default":1,"priced_individually":false,"shipped_individually":false,"override_title":false,"title":"","override_description":false,"description":"","optional":false,"hide_thumbnail":false,"discount":null,"override_variations":false,"allowed_variations":[],"override_default_variation_attributes":false,"default_variation_attributes":[],"single_product_visibility":"visible","cart_visibility":"visible","order_visibility":"visible","single_product_price_visibility":"visible","cart_price_visibility":"visible","order_price_visibility":"visible","stock_status":"in_stock"},{"bundled_item_id":150,"product_id":2720,"menu_order":0,"quantity_min":1,"quantity_max":1,"quantity_default":1,"priced_individually":false,"shipped_individually":false,"override_title":false,"title":"","override_description":false,"description":"","optional":false,"hide_thumbnail":false,"discount":null,"override_variations":false,"allowed_variations":[],"override_default_variation_attributes":false,"default_variation_attributes":[],"single_product_visibility":"visible","cart_visibility":"visible","order_visibility":"visible","single_product_price_visibility":"visible","cart_price_visibility":"visible","order_price_visibility":"visible","stock_status":"in_stock"}],"bundle_sell_ids":[],"acf":[],"yoast_head":"<!-- This site is optimized with the Yoast SEO plugin v27.0 - https:\/\/yoast.com\/product\/yoast-seo-wordpress\/ -->\n<title>4-PACK Extraljus NBB225 35W Original - Xenonkungen<\/title>\n<meta name=\"robots\" content=\"index, follow, max-snippet:-1, max-image-preview:large, max-video-preview:-1\" \/>\n<link rel=\"canonical\" href=\"https:\/\/xenonkungen.com\/fi\/tuote\/4-lisavalon-pakkaus-nbb225-35w-alkuperaiset\/\" \/>\n<meta property=\"og:locale\" content=\"fi_FI\" \/>\n<meta property=\"og:type\" content=\"article\" \/>\n<meta property=\"og:title\" content=\"4-PACK Extraljus NBB225 35W Original - Xenonkungen\" \/>\n<meta property=\"og:description\" content=\"Produktbeskrivning f\u00f6r RAD4 Paketet \u2013 NBB Original 225 LED Utforska kraften i RAD4 Paketet fr\u00e5n NBB Original 225 LED, en optimal l\u00f6sning f\u00f6r din fordonsbelysning. Detta paket \u00e4r idealiskt f\u00f6r f\u00f6rare som kr\u00e4ver stark och p\u00e5litlig belysning under nattk\u00f6rning eller i sv\u00e5ra f\u00f6rh\u00e5llanden. Med fyra h\u00f6gpresterande NBB Original 225 LED extraljus, alla designade med Driving\/Fj\u00e4rr [&hellip;]\" \/>\n<meta property=\"og:url\" content=\"https:\/\/xenonkungen.com\/fi\/tuote\/4-lisavalon-pakkaus-nbb225-35w-alkuperaiset\/\" \/>\n<meta property=\"og:site_name\" content=\"Xenonkungen\" \/>\n<meta property=\"article:modified_time\" content=\"2026-05-13T07:03:49+00:00\" \/>\n<meta property=\"og:image\" content=\"https:\/\/xenonkungen.com\/wp-content\/uploads\/2025\/05\/178754953-origpic-703a97-1.png\" \/>\n\t<meta property=\"og:image:width\" content=\"1000\" \/>\n\t<meta property=\"og:image:height\" content=\"1000\" \/>\n\t<meta property=\"og:image:type\" content=\"image\/png\" \/>\n<meta name=\"twitter:card\" content=\"summary_large_image\" \/>\n<meta name=\"twitter:label1\" content=\"Arvioitu lukuaika\" \/>\n\t<meta name=\"twitter:data1\" content=\"2 minuuttia\" \/>\n<script type=\"application\/ld+json\" class=\"yoast-schema-graph\">{\"@context\":\"https:\/\/schema.org\",\"@graph\":[{\"@type\":\"WebPage\",\"@id\":\"https:\/\/xenonkungen.com\/produkt\/4-pack-extraljus-nbb225-35w-original\/\",\"url\":\"https:\/\/xenonkungen.com\/produkt\/4-pack-extraljus-nbb225-35w-original\/\",\"name\":\"4-PACK Extraljus NBB225 35W Original - Xenonkungen\",\"isPartOf\":{\"@id\":\"https:\/\/xenonkungen.com\/#website\"},\"primaryImageOfPage\":{\"@id\":\"https:\/\/xenonkungen.com\/produkt\/4-pack-extraljus-nbb225-35w-original\/#primaryimage\"},\"image\":{\"@id\":\"https:\/\/xenonkungen.com\/produkt\/4-pack-extraljus-nbb225-35w-original\/#primaryimage\"},\"thumbnailUrl\":\"https:\/\/xenonkungen.com\/wp-content\/uploads\/2025\/05\/178754953-origpic-703a97-1.png\",\"datePublished\":\"2025-05-20T07:54:15+00:00\",\"dateModified\":\"2026-05-13T07:03:49+00:00\",\"breadcrumb\":{\"@id\":\"https:\/\/xenonkungen.com\/produkt\/4-pack-extraljus-nbb225-35w-original\/#breadcrumb\"},\"inLanguage\":\"fi\",\"potentialAction\":[{\"@type\":\"ReadAction\",\"target\":[\"https:\/\/xenonkungen.com\/produkt\/4-pack-extraljus-nbb225-35w-original\/\"]}]},{\"@type\":\"ImageObject\",\"inLanguage\":\"fi\",\"@id\":\"https:\/\/xenonkungen.com\/produkt\/4-pack-extraljus-nbb225-35w-original\/#primaryimage\",\"url\":\"https:\/\/xenonkungen.com\/wp-content\/uploads\/2025\/05\/178754953-origpic-703a97-1.png\",\"contentUrl\":\"https:\/\/xenonkungen.com\/wp-content\/uploads\/2025\/05\/178754953-origpic-703a97-1.png\",\"width\":1000,\"height\":1000},{\"@type\":\"BreadcrumbList\",\"@id\":\"https:\/\/xenonkungen.com\/produkt\/4-pack-extraljus-nbb225-35w-original\/#breadcrumb\",\"itemListElement\":[{\"@type\":\"ListItem\",\"position\":1,\"name\":\"Hem\",\"item\":\"https:\/\/xenonkungen.com\/\"},{\"@type\":\"ListItem\",\"position\":2,\"name\":\"Shop\",\"item\":\"https:\/\/xenonkungen.com\/shop\/\"},{\"@type\":\"ListItem\",\"position\":3,\"name\":\"4-PACK Extraljus NBB225 35W Original\"}]},{\"@type\":\"WebSite\",\"@id\":\"https:\/\/xenonkungen.com\/#website\",\"url\":\"https:\/\/xenonkungen.com\/\",\"name\":\"Xenonkungen\",\"description\":\"\",\"potentialAction\":[{\"@type\":\"SearchAction\",\"target\":{\"@type\":\"EntryPoint\",\"urlTemplate\":\"https:\/\/xenonkungen.com\/?s={search_term_string}\"},\"query-input\":{\"@type\":\"PropertyValueSpecification\",\"valueRequired\":true,\"valueName\":\"search_term_string\"}}],\"inLanguage\":\"fi\"}]}<\/script>\n<!-- \/ Yoast SEO plugin. -->","yoast_head_json":{"title":"4-PAKKAUS Lis\u00e4valo NBB225 35W Alkuper\u00e4inen - Xenonkungen","robots":{"index":"index","follow":"follow","max-snippet":"max-snippet:-1","max-image-preview":"max-image-preview:large","max-video-preview":"max-video-preview:-1"},"canonical":"https:\/\/xenonkungen.com\/fi\/tuote\/4-lisavalon-pakkaus-nbb225-35w-alkuperaiset\/","og_locale":"fi_FI","og_type":"article","og_title":"4-PACK Extraljus NBB225 35W Original - Xenonkungen","og_description":"Produktbeskrivning f\u00f6r RAD4 Paketet \u2013 NBB Original 225 LED Utforska kraften i RAD4 Paketet fr\u00e5n NBB Original 225 LED, en optimal l\u00f6sning f\u00f6r din fordonsbelysning. Detta paket \u00e4r idealiskt f\u00f6r f\u00f6rare som kr\u00e4ver stark och p\u00e5litlig belysning under nattk\u00f6rning eller i sv\u00e5ra f\u00f6rh\u00e5llanden. Med fyra h\u00f6gpresterande NBB Original 225 LED extraljus, alla designade med Driving\/Fj\u00e4rr [&hellip;]","og_url":"https:\/\/xenonkungen.com\/fi\/tuote\/4-lisavalon-pakkaus-nbb225-35w-alkuperaiset\/","og_site_name":"Xenonkungen","article_modified_time":"2026-05-13T07:03:49+00:00","og_image":[{"width":1000,"height":1000,"url":"https:\/\/xenonkungen.com\/wp-content\/uploads\/2025\/05\/178754953-origpic-703a97-1.png","type":"image\/png"}],"twitter_card":"summary_large_image","twitter_misc":{"Arvioitu lukuaika":"2 minuuttia"},"schema":{"@context":"https:\/\/schema.org","@graph":[{"@type":"WebPage","@id":"https:\/\/xenonkungen.com\/produkt\/4-pack-extraljus-nbb225-35w-original\/","url":"https:\/\/xenonkungen.com\/produkt\/4-pack-extraljus-nbb225-35w-original\/","name":"4-PAKKAUS Lis\u00e4valo NBB225 35W Alkuper\u00e4inen - Xenonkungen","isPartOf":{"@id":"https:\/\/xenonkungen.com\/#website"},"primaryImageOfPage":{"@id":"https:\/\/xenonkungen.com\/produkt\/4-pack-extraljus-nbb225-35w-original\/#primaryimage"},"image":{"@id":"https:\/\/xenonkungen.com\/produkt\/4-pack-extraljus-nbb225-35w-original\/#primaryimage"},"thumbnailUrl":"https:\/\/xenonkungen.com\/wp-content\/uploads\/2025\/05\/178754953-origpic-703a97-1.png","datePublished":"2025-05-20T07:54:15+00:00","dateModified":"2026-05-13T07:03:49+00:00","breadcrumb":{"@id":"https:\/\/xenonkungen.com\/produkt\/4-pack-extraljus-nbb225-35w-original\/#breadcrumb"},"inLanguage":"fi","potentialAction":[{"@type":"ReadAction","target":["https:\/\/xenonkungen.com\/produkt\/4-pack-extraljus-nbb225-35w-original\/"]}]},{"@type":"ImageObject","inLanguage":"fi","@id":"https:\/\/xenonkungen.com\/produkt\/4-pack-extraljus-nbb225-35w-original\/#primaryimage","url":"https:\/\/xenonkungen.com\/wp-content\/uploads\/2025\/05\/178754953-origpic-703a97-1.png","contentUrl":"https:\/\/xenonkungen.com\/wp-content\/uploads\/2025\/05\/178754953-origpic-703a97-1.png","width":1000,"height":1000},{"@type":"BreadcrumbList","@id":"https:\/\/xenonkungen.com\/produkt\/4-pack-extraljus-nbb225-35w-original\/#breadcrumb","itemListElement":[{"@type":"ListItem","position":1,"name":"Hem","item":"https:\/\/xenonkungen.com\/"},{"@type":"ListItem","position":2,"name":"Shop","item":"https:\/\/xenonkungen.com\/shop\/"},{"@type":"ListItem","position":3,"name":"4-PACK Extraljus NBB225 35W Original"}]},{"@type":"WebSite","@id":"https:\/\/xenonkungen.com\/#website","url":"https:\/\/xenonkungen.com\/","name":"Xenonkungen","description":"","potentialAction":[{"@type":"SearchAction","target":{"@type":"EntryPoint","urlTemplate":"https:\/\/xenonkungen.com\/?s={search_term_string}"},"query-input":{"@type":"PropertyValueSpecification","valueRequired":true,"valueName":"search_term_string"}}],"inLanguage":"fi"}]}},"taxonomy_info":{"anvandningsomrade":[{"value":207,"label":"Husbil"},{"value":167,"label":"PERSONBIL"},{"value":1915,"label":"Sk\u00e5pbil"}],"bilmarken":[{"value":168,"label":"Alla"}],"product_brand":[{"value":104,"label":"NBB"}],"product_cat":[{"value":1859,"label":"Extraljuspaket"}],"product_tag":[{"value":2726,"label":"produktpaket"}]},"featured_image_src_large":["https:\/\/xenonkungen.com\/wp-content\/uploads\/2025\/05\/178754953-origpic-703a97-1.png",1000,1000,false],"author_info":[],"comment_info":0,"_links":{"self":[{"href":"https:\/\/xenonkungen.com\/fi\/wp-json\/wp\/v2\/product\/9336","targetHints":{"allow":["GET"]}}],"collection":[{"href":"https:\/\/xenonkungen.com\/fi\/wp-json\/wp\/v2\/product"}],"about":[{"href":"https:\/\/xenonkungen.com\/fi\/wp-json\/wp\/v2\/types\/product"}],"replies":[{"embeddable":true,"href":"https:\/\/xenonkungen.com\/fi\/wp-json\/wp\/v2\/comments?post=9336"}],"wp:featuredmedia":[{"embeddable":true,"href":"https:\/\/xenonkungen.com\/fi\/wp-json\/wp\/v2\/media\/9899"}],"wp:attachment":[{"href":"https:\/\/xenonkungen.com\/fi\/wp-json\/wp\/v2\/media?parent=9336"}],"wp:term":[{"taxonomy":"anvandningsomrade","embeddable":true,"href":"https:\/\/xenonkungen.com\/fi\/wp-json\/wp\/v2\/anvandningsomrade?post=9336"},{"taxonomy":"bilmarken","embeddable":true,"href":"https:\/\/xenonkungen.com\/fi\/wp-json\/wp\/v2\/bilmarken?post=9336"},{"taxonomy":"product_brand","embeddable":true,"href":"https:\/\/xenonkungen.com\/fi\/wp-json\/wp\/v2\/product_brand?post=9336"},{"taxonomy":"product_cat","embeddable":true,"href":"https:\/\/xenonkungen.com\/fi\/wp-json\/wp\/v2\/product_cat?post=9336"},{"taxonomy":"product_tag","embeddable":true,"href":"https:\/\/xenonkungen.com\/fi\/wp-json\/wp\/v2\/product_tag?post=9336"}],"curies":[{"name":"wp","href":"https:\/\/api.w.org\/{rel}","templated":true}]}}