{"id":9400,"date":"2025-05-20T07:56:30","date_gmt":"2025-05-20T07:56:30","guid":{"rendered":"https:\/\/xenonkungen.com\/product\/optibeam-nine9-rally-paket\/"},"modified":"2026-04-02T12:24:51","modified_gmt":"2026-04-02T11:24:51","slug":"optibeam-nine9-rallipaketti","status":"publish","type":"product","link":"https:\/\/xenonkungen.com\/fi\/tuote\/optibeam-nine9-rallipaketti\/","title":{"rendered":"Optibeam NINE9 Rally -paketti"},"content":{"rendered":"<h1>Optibeam Nine9 5 pakkaus<\/h1>\n<p><strong>Tutki y\u00f6ajamisen rajoja Optibeam Nine9 5 Pack -laitteella.<\/strong>, joka on suunniteltu \u00e4\u00e4rimm\u00e4ist\u00e4 maastokokemusta varten. T\u00e4m\u00e4 paketti sis\u00e4lt\u00e4\u00e4 viisi Optibeam Nine9 -lis\u00e4valoa, joissa yhdistyv\u00e4t edistyksellinen LED-teknologia ja toiminnallinen muotoilu ja jotka tarjoavat erinomaisen valotehon kaikissa olosuhteissa.<\/p>\n<h2>Kehittynyt valaistuksen suorituskyky<\/h2>\n<p>Kukin Optibeam Nine9 -valaisin tarjoaa tehokkaan valaistuksen 11 400 todellista lumenia ja ainutlaatuisen Double Up -ominaisuuden ansiosta vaikuttavan 580 metrin valotuset\u00e4isyyden 1 luxin valoteholla. Kun valoja on yhteens\u00e4 viisi, saat yhteens\u00e4 kirkkautta seuraavasti <strong>57 000 lumenia<\/strong>, mik\u00e4 takaa poikkeuksellisen hyv\u00e4n n\u00e4kyvyyden sek\u00e4 avoimilla teill\u00e4 ett\u00e4 tihe\u00e4mm\u00e4ss\u00e4 maastossa.<\/p>\n<h2>Suunniteltu \u00e4\u00e4rimm\u00e4isiin olosuhteisiin<\/h2>\n<p>Nine9-valaisimissa on kehykset\u00f6n muotoilu, joka est\u00e4\u00e4 j\u00e4\u00e4n, lumen ja lian ker\u00e4\u00e4ntymisen lasiin. Kahden joustavan kiinnitysvaihtoehdon - kiinnike tai jalusta - ansiosta valot on helppo asentaa ja mukauttaa erilaisiin ajoneuvojen tarpeisiin.<\/p>\n<h2>T\u00e4ydellinen paketti v\u00e4lit\u00f6nt\u00e4 p\u00e4ivityst\u00e4 varten<\/h2>\n<p>Optibeam Nine9 5 -paketti sis\u00e4lt\u00e4\u00e4 kaiken, mit\u00e4 tarvitset t\u00e4ydelliseen asennukseen:<\/p>\n<ul>\n<li>5 x Optibeam Nine9 -apuvalot<\/li>\n<li>kaapelointi<\/li>\n<li>Asennusvaihtoehdot: kiinnike ja jalusta.<\/li>\n<li>X-Park-pys\u00e4k\u00f6intivalo: Valitse valkoinen tai oranssi valo lis\u00e4toiminnallisuutta ja tyyli\u00e4 varten.<\/li>\n<\/ul>\n<h2>Takuu ja laadunvarmistus<\/h2>\n<p>Kaikki Optibeam Nine9 5 -paketin valot ovat E-hyv\u00e4ksyttyj\u00e4, ja niill\u00e4 on kolmen vuoden takuu. N\u00e4m\u00e4 valot on testattu ja sertifioitu korkeiden standardien mukaisesti, jotta voit olla huoletta liikenteess\u00e4.<\/p>\n<p><strong>Optibeam Nine9 5 -paketti tarjoaa ratkaisun, joka ei ainoastaan valaise tiet\u00e4si, vaan my\u00f6s nostaa ajokokemuksesi uusiin korkeuksiin. Investoi t\u00e4h\u00e4n pakettiin jo t\u00e4n\u00e4\u00e4n ja nauti erinomaisesta n\u00e4kyvyydest\u00e4 ja turvallisuudesta kaikissa seikkailuissasi.<\/strong><\/p>","protected":false},"excerpt":{"rendered":"<p>Tutki y\u00f6ajon rajoja Optibeam Nine9 5 -paketin avulla, joka on suunniteltu \u00e4\u00e4rimm\u00e4ist\u00e4 maastoajokokemusta varten. T\u00e4m\u00e4 paketti sis\u00e4lt\u00e4\u00e4 viisi Optibeam Nine9 -lis\u00e4valoa, joissa yhdistyv\u00e4t edistyksellinen LED-teknologia ja toiminnallinen muotoilu ja jotka tarjoavat erinomaisen valotehon kaikissa olosuhteissa.<\/p>","protected":false},"featured_media":9951,"comment_status":"closed","ping_status":"closed","template":"","meta":{"_acf_changed":false,"_smort_price_nok":"19221","_smort_price_dkk":"12211","_smort_price_eur":"1635.83","_smort_sale_price_nok":"","_smort_sale_price_dkk":"","_smort_sale_price_eur":"","smort_restorder":"","shipmondo_restorder":"","_kad_blocks_custom_css":"","_kad_blocks_head_custom_js":"","_kad_blocks_body_custom_js":"","_kad_blocks_footer_custom_js":"","smort_custom_pricelist_1":"12956.4","smort_custom_pricelist_2":"10797","smort_custom_pricelist_3":"10797","smort_custom_pricelist_4":"14396","smort_custom_pricelist_5":"10797"},"anvandningsomrade":[207,166,167,1915],"bilmarken":[168],"product_brand":[107],"product_cat":[1859],"product_tag":[2726],"class_list":{"0":"post-9400","1":"product","2":"type-product","3":"status-publish","4":"has-post-thumbnail","6":"anvandningsomrade-husbil","7":"anvandningsomrade-lastbil","8":"anvandningsomrade-personbil","9":"anvandningsomrade-skapbil","10":"bilmarken-alla","11":"product_brand-optibeam","12":"product_cat-extraljuspaket","13":"product_tag-produktpaket","14":"pa_faktisk-effekts-forbrukning-153","15":"pa_fargtemperatur-1510","16":"pa_fuktskydd-varde-ipxx-ip68","17":"pa_godkannande-e-godkand-r112-r10-r148-r149-ref-30","18":"pa_lampsockel-kontakt-dt4","19":"pa_ljusbild-driving","20":"pa_storlek-mm-220x83","21":"pa_stromforbrukning-1116a-137v","22":"pa_volt-v-9-12-24-32","24":"first","25":"outofstock","26":"taxable","27":"shipping-taxable","28":"purchasable","29":"product-type-bundle"},"bundled_by":[],"bundle_stock_status":"outofstock","bundle_stock_quantity":0,"bundle_virtual":false,"bundle_layout":"default","bundle_add_to_cart_form_location":"default","bundle_editable_in_cart":false,"bundle_sold_individually_context":"product","bundle_item_grouping":"parent","bundle_min_size":"","bundle_max_size":"","bundle_price":{"price":{"min":{"incl_tax":"1635.76","excl_tax":"1308.60834868"},"max":{"incl_tax":"1635.76","excl_tax":"1308.60834868"}},"regular_price":{"min":{"incl_tax":"1635.76","excl_tax":"1308.60834868"},"max":{"incl_tax":"1635.76","excl_tax":"1308.60834868"}}},"bundled_items":[{"bundled_item_id":195,"product_id":4927,"menu_order":0,"quantity_min":1,"quantity_max":1,"quantity_default":1,"priced_individually":false,"shipped_individually":false,"override_title":false,"title":"","override_description":false,"description":"","optional":false,"hide_thumbnail":false,"discount":null,"override_variations":false,"allowed_variations":[],"override_default_variation_attributes":false,"default_variation_attributes":[],"single_product_visibility":"visible","cart_visibility":"visible","order_visibility":"visible","single_product_price_visibility":"visible","cart_price_visibility":"visible","order_price_visibility":"visible","stock_status":"in_stock"},{"bundled_item_id":196,"product_id":994,"menu_order":0,"quantity_min":1,"quantity_max":1,"quantity_default":1,"priced_individually":false,"shipped_individually":false,"override_title":false,"title":"","override_description":false,"description":"","optional":false,"hide_thumbnail":false,"discount":null,"override_variations":false,"allowed_variations":[],"override_default_variation_attributes":false,"default_variation_attributes":[],"single_product_visibility":"visible","cart_visibility":"visible","order_visibility":"visible","single_product_price_visibility":"visible","cart_price_visibility":"visible","order_price_visibility":"visible","stock_status":"in_stock"},{"bundled_item_id":197,"product_id":997,"menu_order":0,"quantity_min":1,"quantity_max":1,"quantity_default":1,"priced_individually":false,"shipped_individually":false,"override_title":false,"title":"","override_description":false,"description":"","optional":false,"hide_thumbnail":false,"discount":null,"override_variations":false,"allowed_variations":[],"override_default_variation_attributes":false,"default_variation_attributes":[],"single_product_visibility":"visible","cart_visibility":"visible","order_visibility":"visible","single_product_price_visibility":"visible","cart_price_visibility":"visible","order_price_visibility":"visible","stock_status":"in_stock"},{"bundled_item_id":198,"product_id":2722,"menu_order":0,"quantity_min":1,"quantity_max":1,"quantity_default":1,"priced_individually":false,"shipped_individually":false,"override_title":false,"title":"","override_description":false,"description":"","optional":false,"hide_thumbnail":false,"discount":null,"override_variations":false,"allowed_variations":[],"override_default_variation_attributes":false,"default_variation_attributes":[],"single_product_visibility":"visible","cart_visibility":"visible","order_visibility":"visible","single_product_price_visibility":"visible","cart_price_visibility":"visible","order_price_visibility":"visible","stock_status":"in_stock"},{"bundled_item_id":199,"product_id":1538,"menu_order":0,"quantity_min":1,"quantity_max":1,"quantity_default":1,"priced_individually":false,"shipped_individually":false,"override_title":false,"title":"","override_description":false,"description":"","optional":false,"hide_thumbnail":false,"discount":null,"override_variations":false,"allowed_variations":[],"override_default_variation_attributes":false,"default_variation_attributes":[],"single_product_visibility":"visible","cart_visibility":"visible","order_visibility":"visible","single_product_price_visibility":"visible","cart_price_visibility":"visible","order_price_visibility":"visible","stock_status":"on_backorder"},{"bundled_item_id":200,"product_id":2603,"menu_order":0,"quantity_min":1,"quantity_max":1,"quantity_default":1,"priced_individually":false,"shipped_individually":false,"override_title":false,"title":"","override_description":false,"description":"","optional":false,"hide_thumbnail":false,"discount":null,"override_variations":false,"allowed_variations":[],"override_default_variation_attributes":false,"default_variation_attributes":[],"single_product_visibility":"visible","cart_visibility":"visible","order_visibility":"visible","single_product_price_visibility":"visible","cart_price_visibility":"visible","order_price_visibility":"visible","stock_status":"on_backorder"}],"bundle_sell_ids":[],"acf":[],"yoast_head":"<!-- This site is optimized with the Yoast SEO plugin v27.0 - https:\/\/yoast.com\/product\/yoast-seo-wordpress\/ -->\n<title>Optibeam NINE9 Rally paket - Xenonkungen<\/title>\n<meta name=\"robots\" content=\"index, follow, max-snippet:-1, max-image-preview:large, max-video-preview:-1\" \/>\n<link rel=\"canonical\" href=\"https:\/\/xenonkungen.com\/fi\/tuote\/optibeam-nine9-rallipaketti\/\" \/>\n<meta property=\"og:locale\" content=\"fi_FI\" \/>\n<meta property=\"og:type\" content=\"article\" \/>\n<meta property=\"og:title\" content=\"Optibeam NINE9 Rally paket - Xenonkungen\" \/>\n<meta property=\"og:description\" content=\"Utforska gr\u00e4nserna f\u00f6r nattk\u00f6rning med Optibeam Nine9 5 Paket, designat f\u00f6r den ultimata offroad-upplevelsen. Detta paket inneh\u00e5ller fem Optibeam Nine9 extraljus, som kombinerar avancerad LED-teknologi med funktionell design f\u00f6r att ge en \u00f6verl\u00e4gsen ljusprestanda under alla f\u00f6rh\u00e5llanden.\" \/>\n<meta property=\"og:url\" content=\"https:\/\/xenonkungen.com\/fi\/tuote\/optibeam-nine9-rallipaketti\/\" \/>\n<meta property=\"og:site_name\" content=\"Xenonkungen\" \/>\n<meta property=\"article:modified_time\" content=\"2026-04-02T11:24:51+00:00\" \/>\n<meta property=\"og:image\" content=\"https:\/\/xenonkungen.com\/wp-content\/uploads\/2025\/05\/1605-NS2088_001-1.jpg\" \/>\n\t<meta property=\"og:image:width\" content=\"1000\" \/>\n\t<meta property=\"og:image:height\" content=\"1000\" \/>\n\t<meta property=\"og:image:type\" content=\"image\/jpeg\" \/>\n<meta name=\"twitter:card\" content=\"summary_large_image\" \/>\n<meta name=\"twitter:label1\" content=\"Arvioitu lukuaika\" \/>\n\t<meta name=\"twitter:data1\" content=\"1 minuutti\" \/>\n<script type=\"application\/ld+json\" class=\"yoast-schema-graph\">{\"@context\":\"https:\/\/schema.org\",\"@graph\":[{\"@type\":\"WebPage\",\"@id\":\"https:\/\/xenonkungen.com\/produkt\/optibeam-nine9-rally-paket\/\",\"url\":\"https:\/\/xenonkungen.com\/produkt\/optibeam-nine9-rally-paket\/\",\"name\":\"Optibeam NINE9 Rally paket - Xenonkungen\",\"isPartOf\":{\"@id\":\"https:\/\/xenonkungen.com\/#website\"},\"primaryImageOfPage\":{\"@id\":\"https:\/\/xenonkungen.com\/produkt\/optibeam-nine9-rally-paket\/#primaryimage\"},\"image\":{\"@id\":\"https:\/\/xenonkungen.com\/produkt\/optibeam-nine9-rally-paket\/#primaryimage\"},\"thumbnailUrl\":\"https:\/\/xenonkungen.com\/wp-content\/uploads\/2025\/05\/1605-NS2088_001-1.jpg\",\"datePublished\":\"2025-05-20T07:56:30+00:00\",\"dateModified\":\"2026-04-02T11:24:51+00:00\",\"breadcrumb\":{\"@id\":\"https:\/\/xenonkungen.com\/produkt\/optibeam-nine9-rally-paket\/#breadcrumb\"},\"inLanguage\":\"fi\",\"potentialAction\":[{\"@type\":\"ReadAction\",\"target\":[\"https:\/\/xenonkungen.com\/produkt\/optibeam-nine9-rally-paket\/\"]}]},{\"@type\":\"ImageObject\",\"inLanguage\":\"fi\",\"@id\":\"https:\/\/xenonkungen.com\/produkt\/optibeam-nine9-rally-paket\/#primaryimage\",\"url\":\"https:\/\/xenonkungen.com\/wp-content\/uploads\/2025\/05\/1605-NS2088_001-1.jpg\",\"contentUrl\":\"https:\/\/xenonkungen.com\/wp-content\/uploads\/2025\/05\/1605-NS2088_001-1.jpg\",\"width\":1000,\"height\":1000},{\"@type\":\"BreadcrumbList\",\"@id\":\"https:\/\/xenonkungen.com\/produkt\/optibeam-nine9-rally-paket\/#breadcrumb\",\"itemListElement\":[{\"@type\":\"ListItem\",\"position\":1,\"name\":\"Hem\",\"item\":\"https:\/\/xenonkungen.com\/\"},{\"@type\":\"ListItem\",\"position\":2,\"name\":\"Shop\",\"item\":\"https:\/\/xenonkungen.com\/shop\/\"},{\"@type\":\"ListItem\",\"position\":3,\"name\":\"Optibeam NINE9 Rally paket\"}]},{\"@type\":\"WebSite\",\"@id\":\"https:\/\/xenonkungen.com\/#website\",\"url\":\"https:\/\/xenonkungen.com\/\",\"name\":\"Xenonkungen\",\"description\":\"\",\"potentialAction\":[{\"@type\":\"SearchAction\",\"target\":{\"@type\":\"EntryPoint\",\"urlTemplate\":\"https:\/\/xenonkungen.com\/?s={search_term_string}\"},\"query-input\":{\"@type\":\"PropertyValueSpecification\",\"valueRequired\":true,\"valueName\":\"search_term_string\"}}],\"inLanguage\":\"fi\"}]}<\/script>\n<!-- \/ Yoast SEO plugin. -->","yoast_head_json":{"title":"Optibeam NINE9 Rally -paketti - Xenon-kuningas","robots":{"index":"index","follow":"follow","max-snippet":"max-snippet:-1","max-image-preview":"max-image-preview:large","max-video-preview":"max-video-preview:-1"},"canonical":"https:\/\/xenonkungen.com\/fi\/tuote\/optibeam-nine9-rallipaketti\/","og_locale":"fi_FI","og_type":"article","og_title":"Optibeam NINE9 Rally paket - Xenonkungen","og_description":"Utforska gr\u00e4nserna f\u00f6r nattk\u00f6rning med Optibeam Nine9 5 Paket, designat f\u00f6r den ultimata offroad-upplevelsen. Detta paket inneh\u00e5ller fem Optibeam Nine9 extraljus, som kombinerar avancerad LED-teknologi med funktionell design f\u00f6r att ge en \u00f6verl\u00e4gsen ljusprestanda under alla f\u00f6rh\u00e5llanden.","og_url":"https:\/\/xenonkungen.com\/fi\/tuote\/optibeam-nine9-rallipaketti\/","og_site_name":"Xenonkungen","article_modified_time":"2026-04-02T11:24:51+00:00","og_image":[{"width":1000,"height":1000,"url":"https:\/\/xenonkungen.com\/wp-content\/uploads\/2025\/05\/1605-NS2088_001-1.jpg","type":"image\/jpeg"}],"twitter_card":"summary_large_image","twitter_misc":{"Arvioitu lukuaika":"1 minuutti"},"schema":{"@context":"https:\/\/schema.org","@graph":[{"@type":"WebPage","@id":"https:\/\/xenonkungen.com\/produkt\/optibeam-nine9-rally-paket\/","url":"https:\/\/xenonkungen.com\/produkt\/optibeam-nine9-rally-paket\/","name":"Optibeam NINE9 Rally -paketti - Xenon-kuningas","isPartOf":{"@id":"https:\/\/xenonkungen.com\/#website"},"primaryImageOfPage":{"@id":"https:\/\/xenonkungen.com\/produkt\/optibeam-nine9-rally-paket\/#primaryimage"},"image":{"@id":"https:\/\/xenonkungen.com\/produkt\/optibeam-nine9-rally-paket\/#primaryimage"},"thumbnailUrl":"https:\/\/xenonkungen.com\/wp-content\/uploads\/2025\/05\/1605-NS2088_001-1.jpg","datePublished":"2025-05-20T07:56:30+00:00","dateModified":"2026-04-02T11:24:51+00:00","breadcrumb":{"@id":"https:\/\/xenonkungen.com\/produkt\/optibeam-nine9-rally-paket\/#breadcrumb"},"inLanguage":"fi","potentialAction":[{"@type":"ReadAction","target":["https:\/\/xenonkungen.com\/produkt\/optibeam-nine9-rally-paket\/"]}]},{"@type":"ImageObject","inLanguage":"fi","@id":"https:\/\/xenonkungen.com\/produkt\/optibeam-nine9-rally-paket\/#primaryimage","url":"https:\/\/xenonkungen.com\/wp-content\/uploads\/2025\/05\/1605-NS2088_001-1.jpg","contentUrl":"https:\/\/xenonkungen.com\/wp-content\/uploads\/2025\/05\/1605-NS2088_001-1.jpg","width":1000,"height":1000},{"@type":"BreadcrumbList","@id":"https:\/\/xenonkungen.com\/produkt\/optibeam-nine9-rally-paket\/#breadcrumb","itemListElement":[{"@type":"ListItem","position":1,"name":"Hem","item":"https:\/\/xenonkungen.com\/"},{"@type":"ListItem","position":2,"name":"Shop","item":"https:\/\/xenonkungen.com\/shop\/"},{"@type":"ListItem","position":3,"name":"Optibeam NINE9 Rally paket"}]},{"@type":"WebSite","@id":"https:\/\/xenonkungen.com\/#website","url":"https:\/\/xenonkungen.com\/","name":"Xenonkungen","description":"","potentialAction":[{"@type":"SearchAction","target":{"@type":"EntryPoint","urlTemplate":"https:\/\/xenonkungen.com\/?s={search_term_string}"},"query-input":{"@type":"PropertyValueSpecification","valueRequired":true,"valueName":"search_term_string"}}],"inLanguage":"fi"}]}},"taxonomy_info":{"anvandningsomrade":[{"value":207,"label":"Husbil"},{"value":166,"label":"Lastbil"},{"value":167,"label":"PERSONBIL"},{"value":1915,"label":"Sk\u00e5pbil"}],"bilmarken":[{"value":168,"label":"Alla"}],"product_brand":[{"value":107,"label":"Optibeam"}],"product_cat":[{"value":1859,"label":"Extraljuspaket"}],"product_tag":[{"value":2726,"label":"produktpaket"}],"pa_faktisk-effekts-forbrukning":[{"value":153,"label":"284"}],"pa_fargtemperatur":[{"value":1510,"label":"5500"}],"pa_fuktskydd-varde-ipxx":[{"value":177,"label":"IP68"}],"pa_godkannande":[{"value":1512,"label":"E-godk\u00e4nd (R112, R10, R148, R149) ref.30"}],"pa_lampsockel-kontakt":[{"value":404,"label":"DT4"}],"pa_ljusbild":[{"value":178,"label":"Driving"}],"pa_storlek-mm":[{"value":2191,"label":"220x83"}],"pa_stromforbrukning":[{"value":1515,"label":"11,16A @ 13,7V"}],"pa_volt-v":[{"value":2186,"label":"9, 12, 24, 32"}]},"featured_image_src_large":["https:\/\/xenonkungen.com\/wp-content\/uploads\/2025\/05\/1605-NS2088_001-1.jpg",1000,1000,false],"author_info":[],"comment_info":0,"_links":{"self":[{"href":"https:\/\/xenonkungen.com\/fi\/wp-json\/wp\/v2\/product\/9400","targetHints":{"allow":["GET"]}}],"collection":[{"href":"https:\/\/xenonkungen.com\/fi\/wp-json\/wp\/v2\/product"}],"about":[{"href":"https:\/\/xenonkungen.com\/fi\/wp-json\/wp\/v2\/types\/product"}],"replies":[{"embeddable":true,"href":"https:\/\/xenonkungen.com\/fi\/wp-json\/wp\/v2\/comments?post=9400"}],"wp:featuredmedia":[{"embeddable":true,"href":"https:\/\/xenonkungen.com\/fi\/wp-json\/wp\/v2\/media\/9951"}],"wp:attachment":[{"href":"https:\/\/xenonkungen.com\/fi\/wp-json\/wp\/v2\/media?parent=9400"}],"wp:term":[{"taxonomy":"anvandningsomrade","embeddable":true,"href":"https:\/\/xenonkungen.com\/fi\/wp-json\/wp\/v2\/anvandningsomrade?post=9400"},{"taxonomy":"bilmarken","embeddable":true,"href":"https:\/\/xenonkungen.com\/fi\/wp-json\/wp\/v2\/bilmarken?post=9400"},{"taxonomy":"product_brand","embeddable":true,"href":"https:\/\/xenonkungen.com\/fi\/wp-json\/wp\/v2\/product_brand?post=9400"},{"taxonomy":"product_cat","embeddable":true,"href":"https:\/\/xenonkungen.com\/fi\/wp-json\/wp\/v2\/product_cat?post=9400"},{"taxonomy":"product_tag","embeddable":true,"href":"https:\/\/xenonkungen.com\/fi\/wp-json\/wp\/v2\/product_tag?post=9400"}],"curies":[{"name":"wp","href":"https:\/\/api.w.org\/{rel}","templated":true}]}}