{"id":9414,"date":"2025-05-20T07:56:30","date_gmt":"2025-05-20T07:56:30","guid":{"rendered":"https:\/\/xenonkungen.com\/product\/extraljuspaket-ozz-xr2-p9-white-x4\/"},"modified":"2026-04-17T16:17:19","modified_gmt":"2026-04-17T15:17:19","slug":"lisavalopaketti-ozz-xr2-p9-white-x4","status":"publish","type":"product","link":"https:\/\/xenonkungen.com\/fi\/tuote\/lisavalopaketti-ozz-xr2-p9-white-x4\/","title":{"rendered":"Lis\u00e4valopaketti OZZ XR2 P9 Valkoinen X4"},"content":{"rendered":"<p>Nosta ajoneuvokokemuksesi uudelle tasolle kattavalla paketillamme, joka sis\u00e4lt\u00e4\u00e4 OZZ XR2 P9\u201d LED-lis\u00e4valon, \u00e4lykk\u00e4\u00e4n kiinnitysj\u00e4rjestelm\u00e4n ja t\u00e4ydellisen BriodLights-johdotussarjan. T\u00e4m\u00e4 yhdistelm\u00e4 ei ainoastaan tarjoa erinomaista kirkkautta ja toimivuutta, vaan my\u00f6s sujuvan ja turvallisen asennusprosessin. Lue lis\u00e4\u00e4 ja tutustu kunkin komponentin etuihin!<\/p>\n<p><strong>OZZ XR2 P9\" LED Extra Light 220 mm OZZ XR2 P9\" LED Extra Light 220 mm<\/strong><\/p>\n<ul>\n<li>5000 K:n v\u00e4ril\u00e4mp\u00f6tila \u2013 miellytt\u00e4v\u00e4 valo kaikissa olosuhteissa.<\/li>\n<li>Dynaaminen seisontavalo \u2013 Valitse valkoisen ja oranssin valon v\u00e4lill\u00e4.<\/li>\n<li>Sertifikaatit \u2013 Sis\u00e4lt\u00e4\u00e4 REF: 50, ECE R112, R7, R10 ja CE.<\/li>\n<li>Vaikuttava kirkkaus \u2013 Jopa 10 600 lumenia tehostustoiminnolla.<\/li>\n<li>Pitk\u00e4 kantama \u2013 Jopa 680 metri\u00e4 tehostustilassa.<\/li>\n<li>Korkealaatuinen rakenne \u2013 kest\u00e4v\u00e4\u00e4 alumiinia ja polykarbonaattia.<\/li>\n<li>Yksinkertainen liit\u00e4nt\u00e4 \u2013 DT4 uros+naaras.<\/li>\n<li>3 vuoden toiminnallinen takuu lis\u00e4\u00e4 mielenrauhaa.<\/li>\n<\/ul>\n<p><strong>\u00c4lyk\u00e4s kiinnitysj\u00e4rjestelm\u00e4<\/strong><\/p>\n<ul>\n<li>R\u00e4\u00e4t\u00e4l\u00f6ity 360 asteen kameroille, dynaamisille vakionopeudens\u00e4\u00e4timelle ja tutkalle.<\/li>\n<li>Huomaamaton asennus \u2013 asennettu rekisterikilven taakse.<\/li>\n<li>Korkealaatuiset materiaalit \u2013 pitk\u00e4ik\u00e4inen kest\u00e4vyys ja luotettava suorituskyky.<\/li>\n<li>Yksinkertainen ja vaivaton asennus \u2013 ei monimutkaista prosessia.<\/li>\n<li>Parantaa lis\u00e4valojen ja muiden laitteiden n\u00e4kyvyytt\u00e4 ja toimivuutta.<\/li>\n<\/ul>\n<p><strong>BriodLights-kaapelisarja<\/strong><\/p>\n<ul>\n<li>T\u00e4ydellinen ja joustava \u2013 sis\u00e4lt\u00e4\u00e4 kaiken tarvittavan valaistusasennuksiin.<\/li>\n<li>Turvallinen ja suurikapasiteettinen \u2013 60 A:n sulakepidikkeell\u00e4 ja 80 A:n releell\u00e4 ylikuormitusta ja oikosulkua vastaan.<\/li>\n<li>Sopii sek\u00e4 pienempiin ett\u00e4 suurempiin valaistusasennuksiin, joiden maksimiteho on 4 \u00d7 160 W.<\/li>\n<\/ul>\n<p>T\u00e4m\u00e4 tuotepaketti on paras ratkaisu niille, jotka haluavat korkealaatuiset lis\u00e4valot, helpon asennuksen ja t\u00e4yden hallinnan valaistusasennuksiinsa. Halusitpa sitten lis\u00e4t\u00e4 turvallisuutta tiell\u00e4, parantaa n\u00e4kyvyytt\u00e4si pime\u00e4ss\u00e4 tai lis\u00e4t\u00e4 autoosi edistyneit\u00e4 varusteita, t\u00e4ss\u00e4 paketissa on kaikki mit\u00e4 tarvitset. Tee ajokokemuksestasi turvallisempi ja mukavampi OZZ XR2 P9\u201d LED-lis\u00e4valoilla, \u00e4lykk\u00e4\u00e4ll\u00e4 kiinnitysj\u00e4rjestelm\u00e4ll\u00e4 ja BriodLights-kaapelisarjalla!<\/p>","protected":false},"excerpt":{"rendered":"<p>Ainutlaatuinen pakettiratkaisumme vie ajoneuvovalaistuksen uudelle tasolle vaikuttavalla muotoilun, suorituskyvyn ja toiminnallisuuden yhdistelm\u00e4ll\u00e4. OZZ XR2 P9\u201d LED-lis\u00e4valon, \u00e4lykk\u00e4\u00e4n kiinnitysj\u00e4rjestelm\u00e4n ja BriodLights-kaapelisarjan avulla saat paketin, joka tarjoaa erinomaisen kirkkauden, vaivattoman asennuksen ja t\u00e4ydellisen hallinnan. P\u00e4ivit\u00e4 ajokokemuksesi jo t\u00e4n\u00e4\u00e4n!<\/p>","protected":false},"featured_media":9960,"comment_status":"closed","ping_status":"open","template":"","meta":{"_acf_changed":false,"_smort_price_nok":"16017","_smort_price_dkk":"10175","_smort_price_eur":"1363.12","_smort_sale_price_nok":"","_smort_sale_price_dkk":"","_smort_sale_price_eur":"","smort_restorder":"","shipmondo_restorder":"","_kad_blocks_custom_css":"","_kad_blocks_head_custom_js":"","_kad_blocks_body_custom_js":"","_kad_blocks_footer_custom_js":"","smort_custom_pricelist_1":"9596.8","smort_custom_pricelist_2":"9596.8","smort_custom_pricelist_3":"9596.8","smort_custom_pricelist_4":"11996","smort_custom_pricelist_5":"9596.8"},"anvandningsomrade":[207,166,167,1915],"bilmarken":[],"product_brand":[1051,109],"product_cat":[1859],"product_tag":[2788],"class_list":{"0":"post-9414","1":"product","2":"type-product","3":"status-publish","4":"has-post-thumbnail","6":"anvandningsomrade-husbil","7":"anvandningsomrade-lastbil","8":"anvandningsomrade-personbil","9":"anvandningsomrade-skapbil","10":"product_brand-ozz","11":"product_brand-ozz-lights","12":"product_cat-extraljuspaket","13":"product_tag-black-week-exclude","14":"pa_fargtemperatur-1486","15":"pa_fuktskydd-varde-ipxx-ip67-ip69k","16":"pa_godkannande-ece-emc-r10-r112-r7","17":"pa_lampsockel-kontakt-dt4","18":"pa_led-chips-effekt-w-130-134","19":"pa_ljusbild-driving","20":"pa_storlek-mm-220x843","21":"pa_stromforbrukning-105a12v","22":"pa_stromforbrukning-52a24v","23":"pa_volt-v-10-12-24-32-35","25":"first","26":"instock","27":"taxable","28":"shipping-taxable","29":"purchasable","30":"product-type-bundle"},"bundled_by":[],"bundle_stock_status":"instock","bundle_stock_quantity":"","bundle_virtual":false,"bundle_layout":"default","bundle_add_to_cart_form_location":"default","bundle_editable_in_cart":false,"bundle_sold_individually_context":"product","bundle_item_grouping":"parent","bundle_min_size":"","bundle_max_size":"","bundle_price":{"price":{"min":{"incl_tax":"1363.06","excl_tax":"1090.44635668"},"max":{"incl_tax":"1363.06","excl_tax":"1090.44635668"}},"regular_price":{"min":{"incl_tax":"1363.06","excl_tax":"1090.44635668"},"max":{"incl_tax":"1363.06","excl_tax":"1090.44635668"}}},"bundled_items":[{"bundled_item_id":204,"product_id":3252,"menu_order":0,"quantity_min":1,"quantity_max":1,"quantity_default":1,"priced_individually":false,"shipped_individually":false,"override_title":false,"title":"","override_description":false,"description":"","optional":false,"hide_thumbnail":false,"discount":null,"override_variations":false,"allowed_variations":[],"override_default_variation_attributes":false,"default_variation_attributes":[],"single_product_visibility":"visible","cart_visibility":"visible","order_visibility":"visible","single_product_price_visibility":"visible","cart_price_visibility":"visible","order_price_visibility":"visible","stock_status":"in_stock"},{"bundled_item_id":205,"product_id":3194,"menu_order":0,"quantity_min":1,"quantity_max":1,"quantity_default":1,"priced_individually":false,"shipped_individually":false,"override_title":false,"title":"","override_description":false,"description":"","optional":false,"hide_thumbnail":false,"discount":null,"override_variations":false,"allowed_variations":[],"override_default_variation_attributes":false,"default_variation_attributes":[],"single_product_visibility":"visible","cart_visibility":"visible","order_visibility":"visible","single_product_price_visibility":"visible","cart_price_visibility":"visible","order_price_visibility":"visible","stock_status":"in_stock"},{"bundled_item_id":206,"product_id":3199,"menu_order":0,"quantity_min":1,"quantity_max":1,"quantity_default":1,"priced_individually":false,"shipped_individually":false,"override_title":false,"title":"","override_description":false,"description":"","optional":false,"hide_thumbnail":false,"discount":null,"override_variations":false,"allowed_variations":[],"override_default_variation_attributes":false,"default_variation_attributes":[],"single_product_visibility":"visible","cart_visibility":"visible","order_visibility":"visible","single_product_price_visibility":"visible","cart_price_visibility":"visible","order_price_visibility":"visible","stock_status":"in_stock"},{"bundled_item_id":207,"product_id":2720,"menu_order":0,"quantity_min":1,"quantity_max":1,"quantity_default":1,"priced_individually":false,"shipped_individually":false,"override_title":false,"title":"","override_description":false,"description":"","optional":false,"hide_thumbnail":false,"discount":null,"override_variations":false,"allowed_variations":[],"override_default_variation_attributes":false,"default_variation_attributes":[],"single_product_visibility":"visible","cart_visibility":"visible","order_visibility":"visible","single_product_price_visibility":"visible","cart_price_visibility":"visible","order_price_visibility":"visible","stock_status":"in_stock"}],"bundle_sell_ids":[],"acf":[],"yoast_head":"<!-- This site is optimized with the Yoast SEO plugin v27.0 - https:\/\/yoast.com\/product\/yoast-seo-wordpress\/ -->\n<title>Extraljuspaket OZZ XR2 P9 White X4 - Xenonkungen<\/title>\n<meta name=\"robots\" content=\"index, follow, max-snippet:-1, max-image-preview:large, max-video-preview:-1\" \/>\n<link rel=\"canonical\" href=\"https:\/\/xenonkungen.com\/fi\/tuote\/lisavalopaketti-ozz-xr2-p9-white-x4\/\" \/>\n<meta property=\"og:locale\" content=\"fi_FI\" \/>\n<meta property=\"og:type\" content=\"article\" \/>\n<meta property=\"og:title\" content=\"Extraljuspaket OZZ XR2 P9 White X4 - Xenonkungen\" \/>\n<meta property=\"og:description\" content=\"V\u00e5r exklusiva paketl\u00f6sning tar fordonsbelysning till en ny niv\u00e5 med en imponerande kombination av design, prestanda och funktionalitet. Med OZZ XR2 P9\u201d LED Extraljus, det smarta monteringssystemet och BriodLights Kabelsatsen f\u00e5r du ett paket som levererar enast\u00e5ende ljusstyrka, problemfri installation och total kontroll. Uppgradera din k\u00f6rupplevelse idag!\" \/>\n<meta property=\"og:url\" content=\"https:\/\/xenonkungen.com\/fi\/tuote\/lisavalopaketti-ozz-xr2-p9-white-x4\/\" \/>\n<meta property=\"og:site_name\" content=\"Xenonkungen\" \/>\n<meta property=\"article:modified_time\" content=\"2026-04-17T15:17:19+00:00\" \/>\n<meta property=\"og:image\" content=\"https:\/\/xenonkungen.com\/wp-content\/uploads\/2025\/05\/207269527-origpic-5210c9-1.jpg\" \/>\n\t<meta property=\"og:image:width\" content=\"2048\" \/>\n\t<meta property=\"og:image:height\" content=\"1535\" \/>\n\t<meta property=\"og:image:type\" content=\"image\/jpeg\" \/>\n<meta name=\"twitter:card\" content=\"summary_large_image\" \/>\n<meta name=\"twitter:label1\" content=\"Arvioitu lukuaika\" \/>\n\t<meta name=\"twitter:data1\" content=\"2 minuuttia\" \/>\n<script type=\"application\/ld+json\" class=\"yoast-schema-graph\">{\"@context\":\"https:\/\/schema.org\",\"@graph\":[{\"@type\":\"WebPage\",\"@id\":\"https:\/\/xenonkungen.com\/produkt\/extraljuspaket-ozz-xr2-p9-white-x4\/\",\"url\":\"https:\/\/xenonkungen.com\/produkt\/extraljuspaket-ozz-xr2-p9-white-x4\/\",\"name\":\"Extraljuspaket OZZ XR2 P9 White X4 - Xenonkungen\",\"isPartOf\":{\"@id\":\"https:\/\/xenonkungen.com\/#website\"},\"primaryImageOfPage\":{\"@id\":\"https:\/\/xenonkungen.com\/produkt\/extraljuspaket-ozz-xr2-p9-white-x4\/#primaryimage\"},\"image\":{\"@id\":\"https:\/\/xenonkungen.com\/produkt\/extraljuspaket-ozz-xr2-p9-white-x4\/#primaryimage\"},\"thumbnailUrl\":\"https:\/\/xenonkungen.com\/wp-content\/uploads\/2025\/05\/207269527-origpic-5210c9-1.jpg\",\"datePublished\":\"2025-05-20T07:56:30+00:00\",\"dateModified\":\"2026-04-17T15:17:19+00:00\",\"breadcrumb\":{\"@id\":\"https:\/\/xenonkungen.com\/produkt\/extraljuspaket-ozz-xr2-p9-white-x4\/#breadcrumb\"},\"inLanguage\":\"fi\",\"potentialAction\":[{\"@type\":\"ReadAction\",\"target\":[\"https:\/\/xenonkungen.com\/produkt\/extraljuspaket-ozz-xr2-p9-white-x4\/\"]}]},{\"@type\":\"ImageObject\",\"inLanguage\":\"fi\",\"@id\":\"https:\/\/xenonkungen.com\/produkt\/extraljuspaket-ozz-xr2-p9-white-x4\/#primaryimage\",\"url\":\"https:\/\/xenonkungen.com\/wp-content\/uploads\/2025\/05\/207269527-origpic-5210c9-1.jpg\",\"contentUrl\":\"https:\/\/xenonkungen.com\/wp-content\/uploads\/2025\/05\/207269527-origpic-5210c9-1.jpg\",\"width\":2048,\"height\":1535},{\"@type\":\"BreadcrumbList\",\"@id\":\"https:\/\/xenonkungen.com\/produkt\/extraljuspaket-ozz-xr2-p9-white-x4\/#breadcrumb\",\"itemListElement\":[{\"@type\":\"ListItem\",\"position\":1,\"name\":\"Hem\",\"item\":\"https:\/\/xenonkungen.com\/\"},{\"@type\":\"ListItem\",\"position\":2,\"name\":\"Shop\",\"item\":\"https:\/\/xenonkungen.com\/shop\/\"},{\"@type\":\"ListItem\",\"position\":3,\"name\":\"Extraljuspaket OZZ XR2 P9 White X4\"}]},{\"@type\":\"WebSite\",\"@id\":\"https:\/\/xenonkungen.com\/#website\",\"url\":\"https:\/\/xenonkungen.com\/\",\"name\":\"Xenonkungen\",\"description\":\"\",\"potentialAction\":[{\"@type\":\"SearchAction\",\"target\":{\"@type\":\"EntryPoint\",\"urlTemplate\":\"https:\/\/xenonkungen.com\/?s={search_term_string}\"},\"query-input\":{\"@type\":\"PropertyValueSpecification\",\"valueRequired\":true,\"valueName\":\"search_term_string\"}}],\"inLanguage\":\"fi\"}]}<\/script>\n<!-- \/ Yoast SEO plugin. -->","yoast_head_json":{"title":"Lis\u00e4valopaketti OZZ XR2 P9 White X4 - Xenon-kuningas","robots":{"index":"index","follow":"follow","max-snippet":"max-snippet:-1","max-image-preview":"max-image-preview:large","max-video-preview":"max-video-preview:-1"},"canonical":"https:\/\/xenonkungen.com\/fi\/tuote\/lisavalopaketti-ozz-xr2-p9-white-x4\/","og_locale":"fi_FI","og_type":"article","og_title":"Extraljuspaket OZZ XR2 P9 White X4 - Xenonkungen","og_description":"V\u00e5r exklusiva paketl\u00f6sning tar fordonsbelysning till en ny niv\u00e5 med en imponerande kombination av design, prestanda och funktionalitet. Med OZZ XR2 P9\u201d LED Extraljus, det smarta monteringssystemet och BriodLights Kabelsatsen f\u00e5r du ett paket som levererar enast\u00e5ende ljusstyrka, problemfri installation och total kontroll. Uppgradera din k\u00f6rupplevelse idag!","og_url":"https:\/\/xenonkungen.com\/fi\/tuote\/lisavalopaketti-ozz-xr2-p9-white-x4\/","og_site_name":"Xenonkungen","article_modified_time":"2026-04-17T15:17:19+00:00","og_image":[{"width":2048,"height":1535,"url":"https:\/\/xenonkungen.com\/wp-content\/uploads\/2025\/05\/207269527-origpic-5210c9-1.jpg","type":"image\/jpeg"}],"twitter_card":"summary_large_image","twitter_misc":{"Arvioitu lukuaika":"2 minuuttia"},"schema":{"@context":"https:\/\/schema.org","@graph":[{"@type":"WebPage","@id":"https:\/\/xenonkungen.com\/produkt\/extraljuspaket-ozz-xr2-p9-white-x4\/","url":"https:\/\/xenonkungen.com\/produkt\/extraljuspaket-ozz-xr2-p9-white-x4\/","name":"Lis\u00e4valopaketti OZZ XR2 P9 White X4 - Xenon-kuningas","isPartOf":{"@id":"https:\/\/xenonkungen.com\/#website"},"primaryImageOfPage":{"@id":"https:\/\/xenonkungen.com\/produkt\/extraljuspaket-ozz-xr2-p9-white-x4\/#primaryimage"},"image":{"@id":"https:\/\/xenonkungen.com\/produkt\/extraljuspaket-ozz-xr2-p9-white-x4\/#primaryimage"},"thumbnailUrl":"https:\/\/xenonkungen.com\/wp-content\/uploads\/2025\/05\/207269527-origpic-5210c9-1.jpg","datePublished":"2025-05-20T07:56:30+00:00","dateModified":"2026-04-17T15:17:19+00:00","breadcrumb":{"@id":"https:\/\/xenonkungen.com\/produkt\/extraljuspaket-ozz-xr2-p9-white-x4\/#breadcrumb"},"inLanguage":"fi","potentialAction":[{"@type":"ReadAction","target":["https:\/\/xenonkungen.com\/produkt\/extraljuspaket-ozz-xr2-p9-white-x4\/"]}]},{"@type":"ImageObject","inLanguage":"fi","@id":"https:\/\/xenonkungen.com\/produkt\/extraljuspaket-ozz-xr2-p9-white-x4\/#primaryimage","url":"https:\/\/xenonkungen.com\/wp-content\/uploads\/2025\/05\/207269527-origpic-5210c9-1.jpg","contentUrl":"https:\/\/xenonkungen.com\/wp-content\/uploads\/2025\/05\/207269527-origpic-5210c9-1.jpg","width":2048,"height":1535},{"@type":"BreadcrumbList","@id":"https:\/\/xenonkungen.com\/produkt\/extraljuspaket-ozz-xr2-p9-white-x4\/#breadcrumb","itemListElement":[{"@type":"ListItem","position":1,"name":"Hem","item":"https:\/\/xenonkungen.com\/"},{"@type":"ListItem","position":2,"name":"Shop","item":"https:\/\/xenonkungen.com\/shop\/"},{"@type":"ListItem","position":3,"name":"Extraljuspaket OZZ XR2 P9 White X4"}]},{"@type":"WebSite","@id":"https:\/\/xenonkungen.com\/#website","url":"https:\/\/xenonkungen.com\/","name":"Xenonkungen","description":"","potentialAction":[{"@type":"SearchAction","target":{"@type":"EntryPoint","urlTemplate":"https:\/\/xenonkungen.com\/?s={search_term_string}"},"query-input":{"@type":"PropertyValueSpecification","valueRequired":true,"valueName":"search_term_string"}}],"inLanguage":"fi"}]}},"taxonomy_info":{"anvandningsomrade":[{"value":207,"label":"Husbil"},{"value":166,"label":"Lastbil"},{"value":167,"label":"PERSONBIL"},{"value":1915,"label":"Sk\u00e5pbil"}],"product_brand":[{"value":1051,"label":"OZZ"},{"value":109,"label":"OZZ LIGHTS"}],"product_cat":[{"value":1859,"label":"Extraljuspaket"}],"product_tag":[{"value":2788,"label":"black-week-exclude"}],"pa_fargtemperatur":[{"value":1486,"label":"5000"}],"pa_fuktskydd-varde-ipxx":[{"value":1070,"label":"IP67, IP69K"}],"pa_godkannande":[{"value":1073,"label":"ECE, EMC, R10, R112, R7"}],"pa_lampsockel-kontakt":[{"value":404,"label":"DT4"}],"pa_led-chips-effekt-w":[{"value":1069,"label":"130, 134"}],"pa_ljusbild":[{"value":178,"label":"Driving"}],"pa_storlek-mm":[{"value":2192,"label":"220x84,3"}],"pa_stromforbrukning":[{"value":1072,"label":"10,5A@12V"},{"value":821,"label":"5,2A@24V"}],"pa_volt-v":[{"value":2193,"label":"10, 12, 24, 32, 35"}]},"featured_image_src_large":["https:\/\/xenonkungen.com\/wp-content\/uploads\/2025\/05\/207269527-origpic-5210c9-1-1024x768.jpg",1024,768,true],"author_info":[],"comment_info":0,"_links":{"self":[{"href":"https:\/\/xenonkungen.com\/fi\/wp-json\/wp\/v2\/product\/9414","targetHints":{"allow":["GET"]}}],"collection":[{"href":"https:\/\/xenonkungen.com\/fi\/wp-json\/wp\/v2\/product"}],"about":[{"href":"https:\/\/xenonkungen.com\/fi\/wp-json\/wp\/v2\/types\/product"}],"replies":[{"embeddable":true,"href":"https:\/\/xenonkungen.com\/fi\/wp-json\/wp\/v2\/comments?post=9414"}],"wp:featuredmedia":[{"embeddable":true,"href":"https:\/\/xenonkungen.com\/fi\/wp-json\/wp\/v2\/media\/9960"}],"wp:attachment":[{"href":"https:\/\/xenonkungen.com\/fi\/wp-json\/wp\/v2\/media?parent=9414"}],"wp:term":[{"taxonomy":"anvandningsomrade","embeddable":true,"href":"https:\/\/xenonkungen.com\/fi\/wp-json\/wp\/v2\/anvandningsomrade?post=9414"},{"taxonomy":"bilmarken","embeddable":true,"href":"https:\/\/xenonkungen.com\/fi\/wp-json\/wp\/v2\/bilmarken?post=9414"},{"taxonomy":"product_brand","embeddable":true,"href":"https:\/\/xenonkungen.com\/fi\/wp-json\/wp\/v2\/product_brand?post=9414"},{"taxonomy":"product_cat","embeddable":true,"href":"https:\/\/xenonkungen.com\/fi\/wp-json\/wp\/v2\/product_cat?post=9414"},{"taxonomy":"product_tag","embeddable":true,"href":"https:\/\/xenonkungen.com\/fi\/wp-json\/wp\/v2\/product_tag?post=9414"}],"curies":[{"name":"wp","href":"https:\/\/api.w.org\/{rel}","templated":true}]}}