{"id":9426,"date":"2025-05-20T07:56:30","date_gmt":"2025-05-20T07:56:30","guid":{"rendered":"https:\/\/xenonkungen.com\/product\/extraljuspaket-ozz-xr2-p7-white-x4\/"},"modified":"2026-04-11T00:04:12","modified_gmt":"2026-04-10T23:04:12","slug":"lisavalopaketti-ozz-xr2-p7-white-x4","status":"publish","type":"product","link":"https:\/\/xenonkungen.com\/fi\/tuote\/lisavalopaketti-ozz-xr2-p7-white-x4\/","title":{"rendered":"Lis\u00e4valopaketti OZZ XR2 P7 Valkoinen X4"},"content":{"rendered":"<p><strong>Koe paras mahdollinen n\u00e4kyvyys OZZ-4-lis\u00e4valopaketilla!<\/strong><\/p>\n<p>P\u00e4ivit\u00e4 autoasi tai pakettiautoasi OZZ-4:ll\u00e4, t\u00e4ydellisell\u00e4 lis\u00e4valosarjalla, joka sis\u00e4lt\u00e4\u00e4 kiinnikkeen, johdotuksen, kallistuksenvakaajan ja nelj\u00e4 tehokasta OZZ 7&quot; lis\u00e4valoa. OZZ-4:n avulla saat paitsi erinomaisen kirkkauden my\u00f6s sujuvan asennuksen, joka ei h\u00e4iritse auton antureita, tutkaa tai 360-kameraa edess\u00e4.<\/p>\n<p><strong>Miksi valita OZZ-4?<\/strong><\/p>\n<ul>\n<li><strong>T\u00e4ydellinen pakkaus:<\/strong> Sis\u00e4lt\u00e4\u00e4 kaiken tarvittavan nopeaan ja helppoon asennukseen: kiinnikkeen, johdotuksen, kallistuksenvakaajan ja nelj\u00e4 7 tuuman lis\u00e4valoa.<\/li>\n<li><strong>\u00c4lyk\u00e4s suunnittelu:<\/strong> Rakenne varmistaa, ett\u00e4 autosi edistyneet j\u00e4rjestelm\u00e4t, kuten anturit ja tutka, toimivat h\u00e4iri\u00f6tt\u00f6m\u00e4sti.<\/li>\n<li><strong>Tyylik\u00e4s estetiikka:<\/strong> Tyylikk\u00e4\u00e4t 7 tuuman valot ja valkoinen kiinnike (P 814 mm, K 92 mm, S 60 mm), jotka antavat autollesi ammattimaisen ja tehokkaan ilmeen.<\/li>\n<\/ul>\n<p>OZZ-4 ei ole vain valaistuksesi p\u00e4ivitys, vaan se on investointi turvallisuuteen ja tyyliin. Anna itsellesi mielenrauhaa ja selkeytt\u00e4, jonka ansaitset kaikilla matkoillasi s\u00e4\u00e4st\u00e4 tai tieolosuhteista riippumatta.<\/p>","protected":false},"excerpt":{"rendered":"<p>P\u00e4ivit\u00e4 autosi OZZ-4-lis\u00e4valosarjalla! Sis\u00e4lt\u00e4\u00e4 kiinnikkeen, johdotuksen, kallistuksenvakaajan ja nelj\u00e4 tehokasta 7 tuuman valoa. Suunniteltu siten, ettei se h\u00e4iritse auton antureita tai tutkaa. Tyylik\u00e4s ja helppo asennus optimaalisen n\u00e4kyvyyden ja turvallisuuden takaamiseksi.<\/p>","protected":false},"featured_media":9969,"comment_status":"closed","ping_status":"closed","template":"","meta":{"_acf_changed":false,"_smort_price_nok":"13880","_smort_price_dkk":"7376","_smort_price_eur":"988.14","_smort_sale_price_nok":"","_smort_sale_price_dkk":"","_smort_sale_price_eur":"","smort_restorder":"","shipmondo_restorder":"","_kad_blocks_custom_css":"","_kad_blocks_head_custom_js":"","_kad_blocks_body_custom_js":"","_kad_blocks_footer_custom_js":"","smort_custom_pricelist_1":"8316.8","smort_custom_pricelist_2":"8316.8","smort_custom_pricelist_3":"8316.8","smort_custom_pricelist_4":"10396","smort_custom_pricelist_5":"8316.8"},"anvandningsomrade":[207,166,167,1915],"bilmarken":[168],"product_brand":[1051,109],"product_cat":[1859],"product_tag":[2788],"class_list":{"0":"post-9426","1":"product","2":"type-product","3":"status-publish","4":"has-post-thumbnail","6":"anvandningsomrade-husbil","7":"anvandningsomrade-lastbil","8":"anvandningsomrade-personbil","9":"anvandningsomrade-skapbil","10":"bilmarken-alla","11":"product_brand-ozz","12":"product_brand-ozz-lights","13":"product_cat-extraljuspaket","14":"product_tag-black-week-exclude","15":"pa_fargtemperatur-1486","16":"pa_fuktskydd-varde-ipxx-ip69k","17":"pa_godkannande-ece-r112-r7-r10-ce","18":"pa_lampsockel-kontakt-dt4","19":"pa_led-chips-effekt-w-78-756","20":"pa_ljusbild-driving","21":"pa_stromforbrukning-26a24v","22":"pa_stromforbrukning-568a12v","23":"pa_volt-v-10-12-24-32-36","25":"first","26":"onbackorder","27":"taxable","28":"shipping-taxable","29":"purchasable","30":"product-type-bundle"},"bundled_by":[],"bundle_stock_status":"instock","bundle_stock_quantity":"","bundle_virtual":false,"bundle_layout":"default","bundle_add_to_cart_form_location":"default","bundle_editable_in_cart":false,"bundle_sold_individually_context":"product","bundle_item_grouping":"parent","bundle_min_size":"","bundle_max_size":"","bundle_price":{"price":{"min":{"incl_tax":"1181.26","excl_tax":"945.00502868"},"max":{"incl_tax":"1181.26","excl_tax":"945.00502868"}},"regular_price":{"min":{"incl_tax":"1181.26","excl_tax":"945.00502868"},"max":{"incl_tax":"1181.26","excl_tax":"945.00502868"}}},"bundled_items":[{"bundled_item_id":212,"product_id":3268,"menu_order":0,"quantity_min":1,"quantity_max":1,"quantity_default":1,"priced_individually":false,"shipped_individually":false,"override_title":false,"title":"OZZ XR2 P7\" Valkoinen","override_description":false,"description":"","optional":false,"hide_thumbnail":false,"discount":"","override_variations":false,"allowed_variations":[],"override_default_variation_attributes":false,"default_variation_attributes":[],"single_product_visibility":"visible","cart_visibility":"visible","order_visibility":"visible","single_product_price_visibility":"visible","cart_price_visibility":"visible","order_price_visibility":"visible","stock_status":"on_backorder"},{"bundled_item_id":213,"product_id":3194,"menu_order":1,"quantity_min":1,"quantity_max":1,"quantity_default":1,"priced_individually":false,"shipped_individually":false,"override_title":false,"title":"BriodLights kaapelisarja 4kpl 4-nastainen. DT 2m 80A rele 60A OZZ","override_description":false,"description":"","optional":false,"hide_thumbnail":false,"discount":"","override_variations":false,"allowed_variations":[],"override_default_variation_attributes":false,"default_variation_attributes":[],"single_product_visibility":"visible","cart_visibility":"visible","order_visibility":"visible","single_product_price_visibility":"visible","cart_price_visibility":"visible","order_price_visibility":"visible","stock_status":"in_stock"},{"bundled_item_id":214,"product_id":3203,"menu_order":2,"quantity_min":1,"quantity_max":1,"quantity_default":1,"priced_individually":false,"shipped_individually":false,"override_title":false,"title":"OZZ 4 - kiinnike 7\" Valkoinen","override_description":false,"description":"","optional":false,"hide_thumbnail":false,"discount":"","override_variations":false,"allowed_variations":[],"override_default_variation_attributes":false,"default_variation_attributes":[],"single_product_visibility":"visible","cart_visibility":"visible","order_visibility":"visible","single_product_price_visibility":"visible","cart_price_visibility":"visible","order_price_visibility":"visible","stock_status":"in_stock"},{"bundled_item_id":215,"product_id":2720,"menu_order":3,"quantity_min":1,"quantity_max":1,"quantity_default":1,"priced_individually":false,"shipped_individually":false,"override_title":false,"title":"Lis\u00e4valonpidin Py\u00f6re\u00e4 Musta","override_description":false,"description":"","optional":false,"hide_thumbnail":false,"discount":"","override_variations":false,"allowed_variations":[],"override_default_variation_attributes":false,"default_variation_attributes":[],"single_product_visibility":"visible","cart_visibility":"visible","order_visibility":"visible","single_product_price_visibility":"visible","cart_price_visibility":"visible","order_price_visibility":"visible","stock_status":"in_stock"}],"bundle_sell_ids":[],"acf":[],"yoast_head":"<!-- This site is optimized with the Yoast SEO plugin v27.0 - https:\/\/yoast.com\/product\/yoast-seo-wordpress\/ -->\n<title>Extraljuspaket OZZ XR2 P7 White X4 - Xenonkungen<\/title>\n<meta name=\"robots\" content=\"index, follow, max-snippet:-1, max-image-preview:large, max-video-preview:-1\" \/>\n<link rel=\"canonical\" href=\"https:\/\/xenonkungen.com\/fi\/tuote\/lisavalopaketti-ozz-xr2-p7-white-x4\/\" \/>\n<meta property=\"og:locale\" content=\"fi_FI\" \/>\n<meta property=\"og:type\" content=\"article\" \/>\n<meta property=\"og:title\" content=\"Extraljuspaket OZZ XR2 P7 White X4 - Xenonkungen\" \/>\n<meta property=\"og:description\" content=\"Uppgradera din bil med OZZ-4 extraljuskit! Komplett med f\u00e4ste, kablage, stabilisatorstag och fyra kraftfulla 7\u201d lampor. Utformad f\u00f6r att inte st\u00f6ra bilens sensorer eller radar. Stilren och enkel installation f\u00f6r optimal sikt och s\u00e4kerhet.\" \/>\n<meta property=\"og:url\" content=\"https:\/\/xenonkungen.com\/fi\/tuote\/lisavalopaketti-ozz-xr2-p7-white-x4\/\" \/>\n<meta property=\"og:site_name\" content=\"Xenonkungen\" \/>\n<meta property=\"article:modified_time\" content=\"2026-04-10T23:04:12+00:00\" \/>\n<meta property=\"og:image\" content=\"https:\/\/xenonkungen.com\/wp-content\/uploads\/2025\/05\/213767857-origpic-a563b6-1.jpg\" \/>\n\t<meta property=\"og:image:width\" content=\"1310\" \/>\n\t<meta property=\"og:image:height\" content=\"1030\" \/>\n\t<meta property=\"og:image:type\" content=\"image\/jpeg\" \/>\n<meta name=\"twitter:card\" content=\"summary_large_image\" \/>\n<meta name=\"twitter:label1\" content=\"Arvioitu lukuaika\" \/>\n\t<meta name=\"twitter:data1\" content=\"1 minuutti\" \/>\n<script type=\"application\/ld+json\" class=\"yoast-schema-graph\">{\"@context\":\"https:\/\/schema.org\",\"@graph\":[{\"@type\":\"WebPage\",\"@id\":\"https:\/\/xenonkungen.com\/produkt\/extraljuspaket-ozz-xr2-p7-white-x4\/\",\"url\":\"https:\/\/xenonkungen.com\/produkt\/extraljuspaket-ozz-xr2-p7-white-x4\/\",\"name\":\"Extraljuspaket OZZ XR2 P7 White X4 - Xenonkungen\",\"isPartOf\":{\"@id\":\"https:\/\/xenonkungen.com\/#website\"},\"primaryImageOfPage\":{\"@id\":\"https:\/\/xenonkungen.com\/produkt\/extraljuspaket-ozz-xr2-p7-white-x4\/#primaryimage\"},\"image\":{\"@id\":\"https:\/\/xenonkungen.com\/produkt\/extraljuspaket-ozz-xr2-p7-white-x4\/#primaryimage\"},\"thumbnailUrl\":\"https:\/\/xenonkungen.com\/wp-content\/uploads\/2025\/05\/213767857-origpic-a563b6-1.jpg\",\"datePublished\":\"2025-05-20T07:56:30+00:00\",\"dateModified\":\"2026-04-10T23:04:12+00:00\",\"breadcrumb\":{\"@id\":\"https:\/\/xenonkungen.com\/produkt\/extraljuspaket-ozz-xr2-p7-white-x4\/#breadcrumb\"},\"inLanguage\":\"fi\",\"potentialAction\":[{\"@type\":\"ReadAction\",\"target\":[\"https:\/\/xenonkungen.com\/produkt\/extraljuspaket-ozz-xr2-p7-white-x4\/\"]}]},{\"@type\":\"ImageObject\",\"inLanguage\":\"fi\",\"@id\":\"https:\/\/xenonkungen.com\/produkt\/extraljuspaket-ozz-xr2-p7-white-x4\/#primaryimage\",\"url\":\"https:\/\/xenonkungen.com\/wp-content\/uploads\/2025\/05\/213767857-origpic-a563b6-1.jpg\",\"contentUrl\":\"https:\/\/xenonkungen.com\/wp-content\/uploads\/2025\/05\/213767857-origpic-a563b6-1.jpg\",\"width\":1310,\"height\":1030},{\"@type\":\"BreadcrumbList\",\"@id\":\"https:\/\/xenonkungen.com\/produkt\/extraljuspaket-ozz-xr2-p7-white-x4\/#breadcrumb\",\"itemListElement\":[{\"@type\":\"ListItem\",\"position\":1,\"name\":\"Hem\",\"item\":\"https:\/\/xenonkungen.com\/\"},{\"@type\":\"ListItem\",\"position\":2,\"name\":\"Shop\",\"item\":\"https:\/\/xenonkungen.com\/shop\/\"},{\"@type\":\"ListItem\",\"position\":3,\"name\":\"Extraljuspaket OZZ XR2 P7 White X4\"}]},{\"@type\":\"WebSite\",\"@id\":\"https:\/\/xenonkungen.com\/#website\",\"url\":\"https:\/\/xenonkungen.com\/\",\"name\":\"Xenonkungen\",\"description\":\"\",\"potentialAction\":[{\"@type\":\"SearchAction\",\"target\":{\"@type\":\"EntryPoint\",\"urlTemplate\":\"https:\/\/xenonkungen.com\/?s={search_term_string}\"},\"query-input\":{\"@type\":\"PropertyValueSpecification\",\"valueRequired\":true,\"valueName\":\"search_term_string\"}}],\"inLanguage\":\"fi\"}]}<\/script>\n<!-- \/ Yoast SEO plugin. -->","yoast_head_json":{"title":"Lis\u00e4valopaketti OZZ XR2 P7 White X4 - Xenon-kuningas","robots":{"index":"index","follow":"follow","max-snippet":"max-snippet:-1","max-image-preview":"max-image-preview:large","max-video-preview":"max-video-preview:-1"},"canonical":"https:\/\/xenonkungen.com\/fi\/tuote\/lisavalopaketti-ozz-xr2-p7-white-x4\/","og_locale":"fi_FI","og_type":"article","og_title":"Extraljuspaket OZZ XR2 P7 White X4 - Xenonkungen","og_description":"Uppgradera din bil med OZZ-4 extraljuskit! Komplett med f\u00e4ste, kablage, stabilisatorstag och fyra kraftfulla 7\u201d lampor. Utformad f\u00f6r att inte st\u00f6ra bilens sensorer eller radar. Stilren och enkel installation f\u00f6r optimal sikt och s\u00e4kerhet.","og_url":"https:\/\/xenonkungen.com\/fi\/tuote\/lisavalopaketti-ozz-xr2-p7-white-x4\/","og_site_name":"Xenonkungen","article_modified_time":"2026-04-10T23:04:12+00:00","og_image":[{"width":1310,"height":1030,"url":"https:\/\/xenonkungen.com\/wp-content\/uploads\/2025\/05\/213767857-origpic-a563b6-1.jpg","type":"image\/jpeg"}],"twitter_card":"summary_large_image","twitter_misc":{"Arvioitu lukuaika":"1 minuutti"},"schema":{"@context":"https:\/\/schema.org","@graph":[{"@type":"WebPage","@id":"https:\/\/xenonkungen.com\/produkt\/extraljuspaket-ozz-xr2-p7-white-x4\/","url":"https:\/\/xenonkungen.com\/produkt\/extraljuspaket-ozz-xr2-p7-white-x4\/","name":"Lis\u00e4valopaketti OZZ XR2 P7 White X4 - Xenon-kuningas","isPartOf":{"@id":"https:\/\/xenonkungen.com\/#website"},"primaryImageOfPage":{"@id":"https:\/\/xenonkungen.com\/produkt\/extraljuspaket-ozz-xr2-p7-white-x4\/#primaryimage"},"image":{"@id":"https:\/\/xenonkungen.com\/produkt\/extraljuspaket-ozz-xr2-p7-white-x4\/#primaryimage"},"thumbnailUrl":"https:\/\/xenonkungen.com\/wp-content\/uploads\/2025\/05\/213767857-origpic-a563b6-1.jpg","datePublished":"2025-05-20T07:56:30+00:00","dateModified":"2026-04-10T23:04:12+00:00","breadcrumb":{"@id":"https:\/\/xenonkungen.com\/produkt\/extraljuspaket-ozz-xr2-p7-white-x4\/#breadcrumb"},"inLanguage":"fi","potentialAction":[{"@type":"ReadAction","target":["https:\/\/xenonkungen.com\/produkt\/extraljuspaket-ozz-xr2-p7-white-x4\/"]}]},{"@type":"ImageObject","inLanguage":"fi","@id":"https:\/\/xenonkungen.com\/produkt\/extraljuspaket-ozz-xr2-p7-white-x4\/#primaryimage","url":"https:\/\/xenonkungen.com\/wp-content\/uploads\/2025\/05\/213767857-origpic-a563b6-1.jpg","contentUrl":"https:\/\/xenonkungen.com\/wp-content\/uploads\/2025\/05\/213767857-origpic-a563b6-1.jpg","width":1310,"height":1030},{"@type":"BreadcrumbList","@id":"https:\/\/xenonkungen.com\/produkt\/extraljuspaket-ozz-xr2-p7-white-x4\/#breadcrumb","itemListElement":[{"@type":"ListItem","position":1,"name":"Hem","item":"https:\/\/xenonkungen.com\/"},{"@type":"ListItem","position":2,"name":"Shop","item":"https:\/\/xenonkungen.com\/shop\/"},{"@type":"ListItem","position":3,"name":"Extraljuspaket OZZ XR2 P7 White X4"}]},{"@type":"WebSite","@id":"https:\/\/xenonkungen.com\/#website","url":"https:\/\/xenonkungen.com\/","name":"Xenonkungen","description":"","potentialAction":[{"@type":"SearchAction","target":{"@type":"EntryPoint","urlTemplate":"https:\/\/xenonkungen.com\/?s={search_term_string}"},"query-input":{"@type":"PropertyValueSpecification","valueRequired":true,"valueName":"search_term_string"}}],"inLanguage":"fi"}]}},"taxonomy_info":{"anvandningsomrade":[{"value":207,"label":"Husbil"},{"value":166,"label":"Lastbil"},{"value":167,"label":"PERSONBIL"},{"value":1915,"label":"Sk\u00e5pbil"}],"bilmarken":[{"value":168,"label":"Alla"}],"product_brand":[{"value":1051,"label":"OZZ"},{"value":109,"label":"OZZ LIGHTS"}],"product_cat":[{"value":1859,"label":"Extraljuspaket"}],"product_tag":[{"value":2788,"label":"black-week-exclude"}],"pa_fargtemperatur":[{"value":1486,"label":"5000"}],"pa_fuktskydd-varde-ipxx":[{"value":155,"label":"IP69K"}],"pa_godkannande":[{"value":1076,"label":"ECE, R112, R7, R10, CE"}],"pa_lampsockel-kontakt":[{"value":404,"label":"DT4"}],"pa_led-chips-effekt-w":[{"value":1074,"label":"78, 75,6"}],"pa_ljusbild":[{"value":178,"label":"Driving"}],"pa_stromforbrukning":[{"value":995,"label":"2,6A@24V"},{"value":1075,"label":"5,68A@12V"}],"pa_volt-v":[{"value":2194,"label":"10, 12, 24, 32, 36"}]},"featured_image_src_large":["https:\/\/xenonkungen.com\/wp-content\/uploads\/2025\/05\/213767857-origpic-a563b6-1-1024x805.jpg",1024,805,true],"author_info":[],"comment_info":0,"_links":{"self":[{"href":"https:\/\/xenonkungen.com\/fi\/wp-json\/wp\/v2\/product\/9426","targetHints":{"allow":["GET"]}}],"collection":[{"href":"https:\/\/xenonkungen.com\/fi\/wp-json\/wp\/v2\/product"}],"about":[{"href":"https:\/\/xenonkungen.com\/fi\/wp-json\/wp\/v2\/types\/product"}],"replies":[{"embeddable":true,"href":"https:\/\/xenonkungen.com\/fi\/wp-json\/wp\/v2\/comments?post=9426"}],"wp:featuredmedia":[{"embeddable":true,"href":"https:\/\/xenonkungen.com\/fi\/wp-json\/wp\/v2\/media\/9969"}],"wp:attachment":[{"href":"https:\/\/xenonkungen.com\/fi\/wp-json\/wp\/v2\/media?parent=9426"}],"wp:term":[{"taxonomy":"anvandningsomrade","embeddable":true,"href":"https:\/\/xenonkungen.com\/fi\/wp-json\/wp\/v2\/anvandningsomrade?post=9426"},{"taxonomy":"bilmarken","embeddable":true,"href":"https:\/\/xenonkungen.com\/fi\/wp-json\/wp\/v2\/bilmarken?post=9426"},{"taxonomy":"product_brand","embeddable":true,"href":"https:\/\/xenonkungen.com\/fi\/wp-json\/wp\/v2\/product_brand?post=9426"},{"taxonomy":"product_cat","embeddable":true,"href":"https:\/\/xenonkungen.com\/fi\/wp-json\/wp\/v2\/product_cat?post=9426"},{"taxonomy":"product_tag","embeddable":true,"href":"https:\/\/xenonkungen.com\/fi\/wp-json\/wp\/v2\/product_tag?post=9426"}],"curies":[{"name":"wp","href":"https:\/\/api.w.org\/{rel}","templated":true}]}}