{"id":944,"date":"2025-04-15T07:56:42","date_gmt":"2025-04-15T07:56:42","guid":{"rendered":"https:\/\/xenonkungen.com\/product\/luxtar-twilight-300w-test-demo\/"},"modified":"2026-05-13T11:45:33","modified_gmt":"2026-05-13T10:45:33","slug":"luxtar-twilight-300w-3","status":"publish","type":"product","link":"https:\/\/xenonkungen.com\/fi\/tuote\/luxtar-twilight-300w-3\/","title":{"rendered":"LUXTAR Twilight | 300W"},"content":{"rendered":"<h2><strong>LUXTAR Twilight | 300W | 18 140 lm - Tehokas LED-valaistus optimaaliseen valovirtaan ja suureen kantamaan.<\/strong><\/h2>\n<p>Koe erinomainen n\u00e4kyvyys ja turvallisuus <strong>LUXTAR Twilight<\/strong> - tehokas 300W LED-valopalkki, joka tuottaa vaikuttavia 18 140 lumenia. T\u00e4ydellinen 1 luksin kantama 794 metrin et\u00e4isyydell\u00e4 ja Driving Beam -valokuvio, joka valaisee tien laajasti, my\u00f6s tien reunat, takaavat ly\u00f6m\u00e4tt\u00f6m\u00e4n ajokokemuksen riippumatta siit\u00e4, minne matkasi vie sinut. Sis\u00e4\u00e4nrakennettu tehostustoiminto tarjoaa lis\u00e4kantaman vaativimpiinkin olosuhteisiin, mik\u00e4 sopii t\u00e4ydellisesti pitkiin y\u00f6ajoihin.<\/p>\n<ul>\n<li><strong>Vaikutus:<\/strong> 300W<\/li>\n<li><strong>Valovirta:<\/strong> 18 140 lumenia<\/li>\n<li><strong>Laajuus:<\/strong> 1 luksi 794 metrin korkeudessa (R112: 1 luksi 430 metrin korkeudessa).<\/li>\n<li><strong>Pitk\u00e4 k\u00e4ytt\u00f6ik\u00e4<\/strong> ja kest\u00e4v\u00e4 rakenne<\/li>\n<\/ul>\n<p><strong><iframe loading=\"lazy\" src=\"https:\/\/www.youtube.com\/embed\/UFkgEaPFP5Q?si=PcnvBv1K-zMTLuNi&amp;t=589\" width=\"100%\" height=\"314\" allowfullscreen=\"allowfullscreen\"><\/iframe><\/strong><\/p>\n<p>LUXTAR Twilight ei ole vain tehokas, vaan se on my\u00f6s suunniteltu pohjoismaiseen ilmastoon. Sen korkealaatuinen t\u00e4ysvalurakenne takaa kest\u00e4vyyden ja luotettavuuden, ja kehykset\u00f6n linssirakenne est\u00e4\u00e4 lumen, j\u00e4\u00e4n ja lian j\u00e4\u00e4misen kiinni haastavimmissakin talviolosuhteissa. Lis\u00e4ksi lamppujen l\u00e4mp\u00f6 k\u00e4ytet\u00e4\u00e4n uudelleen sulattamaan lumi ja j\u00e4\u00e4 tehokkaasti pois linssist\u00e4, joten n\u00e4kym\u00e4 on aina kirkas.<\/p>\n<p>N\u00e4yt\u00e4 persoonallisuutesi valitsemalla asentovalaisimen v\u00e4ri - tyylik\u00e4s valkoinen tai meripihkan oranssi ainutlaatuisen ilmeen luomiseksi. <strong>LUXTAR Twilight<\/strong> yhdist\u00e4\u00e4 edistyksellisen teknologian ja tyylikk\u00e4\u00e4n muotoilun, joten se on t\u00e4ydellinen valinta niille, jotka haluavat maksimoida sek\u00e4 toiminnallisuuden ett\u00e4 tyylin tien p\u00e4\u00e4ll\u00e4.<\/p>\n<p>Med <strong>LUXTAR Twilight<\/strong> saat ensiluokkaisen LED-valopalkin, joka ei ainoastaan lis\u00e4\u00e4 n\u00e4kyvyytt\u00e4 ja turvallisuutta, vaan my\u00f6s antaa ajoneuvollesi ensiluokkaisen ulkon\u00e4\u00f6n.<\/p>\n<p>&nbsp;<\/p>\n<p><strong>Tekniset tiedot<\/strong><\/p>\n<p>LED: 18 x LED \/ 18 x LED DRL valkoinen ja oranssi<\/p>\n<p>Teoreettinen valovoima: 22 235 lm<\/p>\n<p>Todellinen valovoima: 18 140 lm<\/p>\n<p>Kantama: 1 luksi 794 m:ss\u00e4 \/ R112: 1 luksi 430 m:ss\u00e4.<\/p>\n<p>Voltti: 9-32V (seisontavalot 6-32V)<\/p>\n<p>Teho: 300W<\/p>\n<p>Todellinen virrankulutus: 284W<\/p>\n<p>Virrankulutus: 20.7A @13.7V<\/p>\n<p>V\u00e4ril\u00e4mp\u00f6tila: 5000K<\/p>\n<p>Diaesitys: Ajaminen<\/p>\n<p>Asemavalo: valkoinen ja oranssi<\/p>\n<p>Todistus: E-hyv\u00e4ksytty (R112, R10, R148, R149) ref.45<\/p>\n<p>Kosteussuojaus: IP69K<\/p>\n<p>Liit\u00e4nt\u00e4: 4-nastainen DTP-liitin, 2 metrin kaapeli.<\/p>\n<p>Lis\u00e4varusteet: Mukana pohja-, yl\u00e4- ja sivukannattimet.<\/p>\n<p>Mitat ja paino: 508 x 45 x 65 mm \/ 1,65 kg<\/p>\n<p>Takuu: 3 vuotta<\/p>","protected":false},"excerpt":{"rendered":"<div>Myydyin tuote, Luxtar Twilight. 18 140 lumenin ja 300 W:n teholla t\u00e4m\u00e4 tehokas LED-valaisin tarjoaa poikkeuksellisen suorituskyvyn ja pitk\u00e4n kantaman. T\u00e4ydellinen suurille alueille, jotka vaativat tasaista, energiatehokasta valaistusta ja hyv\u00e4\u00e4 n\u00e4kyvyytt\u00e4.<\/div>","protected":false},"featured_media":16763,"comment_status":"closed","ping_status":"closed","template":"","meta":{"_acf_changed":false,"_smort_price_nok":"4267","_smort_price_dkk":"2711","_smort_price_eur":"363.17","_smort_sale_price_nok":"","_smort_sale_price_dkk":"","_smort_sale_price_eur":"","smort_restorder":"","shipmondo_restorder":"","_kad_blocks_custom_css":"","_kad_blocks_head_custom_js":"","_kad_blocks_body_custom_js":"","_kad_blocks_footer_custom_js":"","smort_custom_pricelist_1":"2556.8","smort_custom_pricelist_2":"2237.2","smort_custom_pricelist_3":"2077","smort_custom_pricelist_4":"3196","smort_custom_pricelist_5":"2237.2"},"anvandningsomrade":[],"bilmarken":[],"product_brand":[103],"product_cat":[2539,2826,2542,18,20,2159],"product_tag":[],"class_list":{"0":"post-944","1":"product","2":"type-product","3":"status-publish","4":"has-post-thumbnail","6":"product_brand-luxtar","7":"product_cat-ledramper","8":"product_cat-luxtar","9":"product_cat-luxtar-twilight-ledramper","10":"product_cat-led-ramper-ljusramper","11":"product_cat-luxtar-twilight-led-ramper-ljusramper","12":"product_cat-luxtar-twilight","13":"pa_faktisk-effekts-forbrukning-153","14":"pa_fargtemperatur-5000k","15":"pa_fuktskydd-varde-ipxx-ip69k","16":"pa_godkannande-e-marked-r23","17":"pa_lampsockel-kontakt-h9","18":"pa_led-chips-effekt-w-152","19":"pa_ljusbild-driving-combo","20":"pa_ljusspridning-grader-156","21":"pa_storlek-mm-508x45x65","22":"pa_stromforbrukning-207a-137v","23":"pa_volt-v-8-12-24-32","25":"first","26":"instock","27":"taxable","28":"shipping-taxable","29":"purchasable","30":"product-type-simple"},"bundled_by":["9505","9509","9515","9520","9527","9534","21277"],"bundle_stock_status":"instock","bundle_stock_quantity":438,"bundle_virtual":false,"bundle_layout":"","bundle_add_to_cart_form_location":"","bundle_editable_in_cart":false,"bundle_sold_individually_context":"","bundle_item_grouping":"","bundle_min_size":"","bundle_max_size":"","bundle_price":[],"bundled_items":[],"bundle_sell_ids":[],"acf":[],"yoast_head":"<!-- This site is optimized with the Yoast SEO plugin v27.0 - https:\/\/yoast.com\/product\/yoast-seo-wordpress\/ -->\n<title>LUXTAR Twilight | 300W - Xenonkungen<\/title>\n<meta name=\"robots\" content=\"index, follow, max-snippet:-1, max-image-preview:large, max-video-preview:-1\" \/>\n<link rel=\"canonical\" href=\"https:\/\/xenonkungen.com\/fi\/tuote\/luxtar-twilight-300w-3\/\" \/>\n<meta property=\"og:locale\" content=\"fi_FI\" \/>\n<meta property=\"og:type\" content=\"article\" \/>\n<meta property=\"og:title\" content=\"LUXTAR Twilight | 300W - Xenonkungen\" \/>\n<meta property=\"og:description\" content=\"B\u00e4sts\u00e4ljaren, Luxtar Twilight. Med 18 140 lumen och 300W effekt erbjuder denna kraftfulla LED-armatur exceptionell prestanda och l\u00e5ng r\u00e4ckvidd. Perfekt f\u00f6r stora ytor som kr\u00e4ver j\u00e4mn och energieffektiv belysning med h\u00f6g synlighet.\" \/>\n<meta property=\"og:url\" content=\"https:\/\/xenonkungen.com\/fi\/tuote\/luxtar-twilight-300w-3\/\" \/>\n<meta property=\"og:site_name\" content=\"Xenonkungen\" \/>\n<meta property=\"article:modified_time\" content=\"2026-05-13T10:45:33+00:00\" \/>\n<meta property=\"og:image\" content=\"https:\/\/xenonkungen.com\/wp-content\/uploads\/2025\/04\/XK_Twilight-2.png\" \/>\n\t<meta property=\"og:image:width\" content=\"2160\" \/>\n\t<meta property=\"og:image:height\" content=\"2160\" \/>\n\t<meta property=\"og:image:type\" content=\"image\/png\" \/>\n<meta name=\"twitter:card\" content=\"summary_large_image\" \/>\n<meta name=\"twitter:label1\" content=\"Arvioitu lukuaika\" \/>\n\t<meta name=\"twitter:data1\" content=\"2 minuuttia\" \/>\n<script type=\"application\/ld+json\" class=\"yoast-schema-graph\">{\"@context\":\"https:\/\/schema.org\",\"@graph\":[{\"@type\":\"WebPage\",\"@id\":\"https:\/\/xenonkungen.com\/produkt\/luxtar-twilight-300w-3\/\",\"url\":\"https:\/\/xenonkungen.com\/produkt\/luxtar-twilight-300w-3\/\",\"name\":\"LUXTAR Twilight | 300W - Xenonkungen\",\"isPartOf\":{\"@id\":\"https:\/\/xenonkungen.com\/#website\"},\"primaryImageOfPage\":{\"@id\":\"https:\/\/xenonkungen.com\/produkt\/luxtar-twilight-300w-3\/#primaryimage\"},\"image\":{\"@id\":\"https:\/\/xenonkungen.com\/produkt\/luxtar-twilight-300w-3\/#primaryimage\"},\"thumbnailUrl\":\"https:\/\/xenonkungen.com\/wp-content\/uploads\/2025\/04\/XK_Twilight-2.png\",\"datePublished\":\"2025-04-15T07:56:42+00:00\",\"dateModified\":\"2026-05-13T10:45:33+00:00\",\"breadcrumb\":{\"@id\":\"https:\/\/xenonkungen.com\/produkt\/luxtar-twilight-300w-3\/#breadcrumb\"},\"inLanguage\":\"fi\",\"potentialAction\":[{\"@type\":\"ReadAction\",\"target\":[\"https:\/\/xenonkungen.com\/produkt\/luxtar-twilight-300w-3\/\"]}]},{\"@type\":\"ImageObject\",\"inLanguage\":\"fi\",\"@id\":\"https:\/\/xenonkungen.com\/produkt\/luxtar-twilight-300w-3\/#primaryimage\",\"url\":\"https:\/\/xenonkungen.com\/wp-content\/uploads\/2025\/04\/XK_Twilight-2.png\",\"contentUrl\":\"https:\/\/xenonkungen.com\/wp-content\/uploads\/2025\/04\/XK_Twilight-2.png\",\"width\":2160,\"height\":2160},{\"@type\":\"BreadcrumbList\",\"@id\":\"https:\/\/xenonkungen.com\/produkt\/luxtar-twilight-300w-3\/#breadcrumb\",\"itemListElement\":[{\"@type\":\"ListItem\",\"position\":1,\"name\":\"Hem\",\"item\":\"https:\/\/xenonkungen.com\/\"},{\"@type\":\"ListItem\",\"position\":2,\"name\":\"Shop\",\"item\":\"https:\/\/xenonkungen.com\/shop\/\"},{\"@type\":\"ListItem\",\"position\":3,\"name\":\"LUXTAR Twilight | 300W\"}]},{\"@type\":\"WebSite\",\"@id\":\"https:\/\/xenonkungen.com\/#website\",\"url\":\"https:\/\/xenonkungen.com\/\",\"name\":\"Xenonkungen\",\"description\":\"\",\"potentialAction\":[{\"@type\":\"SearchAction\",\"target\":{\"@type\":\"EntryPoint\",\"urlTemplate\":\"https:\/\/xenonkungen.com\/?s={search_term_string}\"},\"query-input\":{\"@type\":\"PropertyValueSpecification\",\"valueRequired\":true,\"valueName\":\"search_term_string\"}}],\"inLanguage\":\"fi\"}]}<\/script>\n<!-- \/ Yoast SEO plugin. -->","yoast_head_json":{"title":"LUXTAR Twilight | 300W - Xenon-kuningas","robots":{"index":"index","follow":"follow","max-snippet":"max-snippet:-1","max-image-preview":"max-image-preview:large","max-video-preview":"max-video-preview:-1"},"canonical":"https:\/\/xenonkungen.com\/fi\/tuote\/luxtar-twilight-300w-3\/","og_locale":"fi_FI","og_type":"article","og_title":"LUXTAR Twilight | 300W - Xenonkungen","og_description":"B\u00e4sts\u00e4ljaren, Luxtar Twilight. Med 18 140 lumen och 300W effekt erbjuder denna kraftfulla LED-armatur exceptionell prestanda och l\u00e5ng r\u00e4ckvidd. Perfekt f\u00f6r stora ytor som kr\u00e4ver j\u00e4mn och energieffektiv belysning med h\u00f6g synlighet.","og_url":"https:\/\/xenonkungen.com\/fi\/tuote\/luxtar-twilight-300w-3\/","og_site_name":"Xenonkungen","article_modified_time":"2026-05-13T10:45:33+00:00","og_image":[{"width":2160,"height":2160,"url":"https:\/\/xenonkungen.com\/wp-content\/uploads\/2025\/04\/XK_Twilight-2.png","type":"image\/png"}],"twitter_card":"summary_large_image","twitter_misc":{"Arvioitu lukuaika":"2 minuuttia"},"schema":{"@context":"https:\/\/schema.org","@graph":[{"@type":"WebPage","@id":"https:\/\/xenonkungen.com\/produkt\/luxtar-twilight-300w-3\/","url":"https:\/\/xenonkungen.com\/produkt\/luxtar-twilight-300w-3\/","name":"LUXTAR Twilight | 300W - Xenon-kuningas","isPartOf":{"@id":"https:\/\/xenonkungen.com\/#website"},"primaryImageOfPage":{"@id":"https:\/\/xenonkungen.com\/produkt\/luxtar-twilight-300w-3\/#primaryimage"},"image":{"@id":"https:\/\/xenonkungen.com\/produkt\/luxtar-twilight-300w-3\/#primaryimage"},"thumbnailUrl":"https:\/\/xenonkungen.com\/wp-content\/uploads\/2025\/04\/XK_Twilight-2.png","datePublished":"2025-04-15T07:56:42+00:00","dateModified":"2026-05-13T10:45:33+00:00","breadcrumb":{"@id":"https:\/\/xenonkungen.com\/produkt\/luxtar-twilight-300w-3\/#breadcrumb"},"inLanguage":"fi","potentialAction":[{"@type":"ReadAction","target":["https:\/\/xenonkungen.com\/produkt\/luxtar-twilight-300w-3\/"]}]},{"@type":"ImageObject","inLanguage":"fi","@id":"https:\/\/xenonkungen.com\/produkt\/luxtar-twilight-300w-3\/#primaryimage","url":"https:\/\/xenonkungen.com\/wp-content\/uploads\/2025\/04\/XK_Twilight-2.png","contentUrl":"https:\/\/xenonkungen.com\/wp-content\/uploads\/2025\/04\/XK_Twilight-2.png","width":2160,"height":2160},{"@type":"BreadcrumbList","@id":"https:\/\/xenonkungen.com\/produkt\/luxtar-twilight-300w-3\/#breadcrumb","itemListElement":[{"@type":"ListItem","position":1,"name":"Hem","item":"https:\/\/xenonkungen.com\/"},{"@type":"ListItem","position":2,"name":"Shop","item":"https:\/\/xenonkungen.com\/shop\/"},{"@type":"ListItem","position":3,"name":"LUXTAR Twilight | 300W"}]},{"@type":"WebSite","@id":"https:\/\/xenonkungen.com\/#website","url":"https:\/\/xenonkungen.com\/","name":"Xenonkungen","description":"","potentialAction":[{"@type":"SearchAction","target":{"@type":"EntryPoint","urlTemplate":"https:\/\/xenonkungen.com\/?s={search_term_string}"},"query-input":{"@type":"PropertyValueSpecification","valueRequired":true,"valueName":"search_term_string"}}],"inLanguage":"fi"}]}},"taxonomy_info":{"product_brand":[{"value":103,"label":"LUXTAR"}],"product_cat":[{"value":2539,"label":"LEDRAMPER"},{"value":2826,"label":"LUXTAR"},{"value":2542,"label":"Luxtar Twilight"},{"value":18,"label":"LED Ramper \/ Ljusramper"},{"value":20,"label":"Luxtar Twilight"},{"value":2159,"label":"LUXTAR Twilight"}],"pa_faktisk-effekts-forbrukning":[{"value":153,"label":"284"}],"pa_fargtemperatur":[{"value":154,"label":"5000K"}],"pa_fuktskydd-varde-ipxx":[{"value":155,"label":"IP69K"}],"pa_godkannande":[{"value":164,"label":"E marked R23"}],"pa_lampsockel-kontakt":[{"value":163,"label":"H9"}],"pa_led-chips-effekt-w":[{"value":152,"label":"300"}],"pa_ljusbild":[{"value":157,"label":"Driving, combo"}],"pa_ljusspridning-grader":[{"value":156,"label":"60"}],"pa_storlek-mm":[{"value":151,"label":"508x45x65"}],"pa_stromforbrukning":[{"value":162,"label":"20,7A @13,7V"}],"pa_volt-v":[{"value":295,"label":"8, 12, 24, 32"}]},"featured_image_src_large":["https:\/\/xenonkungen.com\/wp-content\/uploads\/2025\/04\/XK_Twilight-2-1024x1024.png",1024,1024,true],"author_info":[],"comment_info":6,"_links":{"self":[{"href":"https:\/\/xenonkungen.com\/fi\/wp-json\/wp\/v2\/product\/944","targetHints":{"allow":["GET"]}}],"collection":[{"href":"https:\/\/xenonkungen.com\/fi\/wp-json\/wp\/v2\/product"}],"about":[{"href":"https:\/\/xenonkungen.com\/fi\/wp-json\/wp\/v2\/types\/product"}],"replies":[{"embeddable":true,"href":"https:\/\/xenonkungen.com\/fi\/wp-json\/wp\/v2\/comments?post=944"}],"wp:featuredmedia":[{"embeddable":true,"href":"https:\/\/xenonkungen.com\/fi\/wp-json\/wp\/v2\/media\/16763"}],"wp:attachment":[{"href":"https:\/\/xenonkungen.com\/fi\/wp-json\/wp\/v2\/media?parent=944"}],"wp:term":[{"taxonomy":"anvandningsomrade","embeddable":true,"href":"https:\/\/xenonkungen.com\/fi\/wp-json\/wp\/v2\/anvandningsomrade?post=944"},{"taxonomy":"bilmarken","embeddable":true,"href":"https:\/\/xenonkungen.com\/fi\/wp-json\/wp\/v2\/bilmarken?post=944"},{"taxonomy":"product_brand","embeddable":true,"href":"https:\/\/xenonkungen.com\/fi\/wp-json\/wp\/v2\/product_brand?post=944"},{"taxonomy":"product_cat","embeddable":true,"href":"https:\/\/xenonkungen.com\/fi\/wp-json\/wp\/v2\/product_cat?post=944"},{"taxonomy":"product_tag","embeddable":true,"href":"https:\/\/xenonkungen.com\/fi\/wp-json\/wp\/v2\/product_tag?post=944"}],"curies":[{"name":"wp","href":"https:\/\/api.w.org\/{rel}","templated":true}]}}