{"id":9480,"date":"2025-05-20T07:58:52","date_gmt":"2025-05-20T07:58:52","guid":{"rendered":"https:\/\/xenonkungen.com\/product\/ozz-xr2-7-black-rad2\/"},"modified":"2026-04-18T08:01:52","modified_gmt":"2026-04-18T07:01:52","slug":"ozz-xr2-7-musta-rad2","status":"publish","type":"product","link":"https:\/\/xenonkungen.com\/fi\/tuote\/ozz-xr2-7-musta-rad2\/","title":{"rendered":"OZZ XR2 7\u2033 musta RAD2"},"content":{"rendered":"<h2><strong>Tutustu OZZ XR2 7\u2033 Black RAD2 - T\u00e4ydellinen p\u00e4ivityssi<\/strong><\/h2>\n<p>Tervetuloa teknologian tulevaisuuteen OZZ XR2 7\u2033 Black RAD2:n kanssa! T\u00e4ss\u00e4 erinomaisessa laitteessa yhdistyv\u00e4t edistyksellinen suorituskyky ja tyylik\u00e4s musta muotoilu, joten se on selke\u00e4 valinta niille, jotka haluavat molempien maailmojen parhaat puolet. Olitpa sitten teknologian harrastaja tai halusitpa vain luotettavan ja tyylikk\u00e4\u00e4n laitteen, OZZ XR2 ylitt\u00e4\u00e4 odotuksesi.<\/p>\n<ul>\n<li>Kantama: 1 luksi @ 470m<\/li>\n<li>Dynaaminen k\u00e4ynnistysasennon merkkivalo: valkoinen\/oranssi<\/li>\n<li>Mitatut lumenit: 5800 lm<\/li>\n<li>Teoreettinen valovoima: 7200 lm<\/li>\n<li>V\u00e4ril\u00e4mp\u00f6tila: 5000 K<\/li>\n<\/ul>\n<p><strong>T\u00e4rkeimm\u00e4t ominaisuudet:<\/strong><\/p>\n<ul>\n<li><strong>Korkean suorituskyvyn:<\/strong> Koe nopeammat nopeudet ja sulavampi toiminta uusimman teknologian ansiosta.<\/li>\n<li><strong>Tyylik\u00e4s muotoilu:<\/strong> Musta, hienostunut viimeistely antaa ajattoman ilmeen, joka sopii mihin tahansa ymp\u00e4rist\u00f6\u00f6n.<\/li>\n<li><strong>Monipuolisuus:<\/strong> T\u00e4ydellinen sek\u00e4 ty\u00f6h\u00f6n ett\u00e4 viihteeseen. 7-tuumainen n\u00e4ytt\u00f6 tarjoaa kristallinkirkkaan kuvanlaadun.<\/li>\n<\/ul>\n<p>P\u00e4ivit\u00e4 OZZ XR2 7\u2033 Black RAD2 -malliin jo t\u00e4n\u00e4\u00e4n ja astu innovaation ja tyylin uuteen aikakauteen. Tilaa nyt ja tunne ero!<\/p>","protected":false},"excerpt":{"rendered":"<p>Tutustu OZZ XR2 7\u2033 Black RAD2:n tehoon! Huipputeknologian ja tyylikk\u00e4\u00e4n mustan muotoilun ansiosta se vie kokemuksesi uudelle tasolle. T\u00e4ydellinen niille, jotka haluavat yhdist\u00e4\u00e4 tyylin ja suorituskyvyn. P\u00e4ivit\u00e4 nyt ja tunne ero!<\/p>","protected":false},"featured_media":10013,"comment_status":"closed","ping_status":"closed","template":"","meta":{"_acf_changed":false,"_smort_price_nok":"6403","_smort_price_dkk":"3596","_smort_price_eur":"481.8","_smort_sale_price_nok":"","_smort_sale_price_dkk":"","_smort_sale_price_eur":"","smort_restorder":"","shipmondo_restorder":"","_kad_blocks_custom_css":"","_kad_blocks_head_custom_js":"","_kad_blocks_body_custom_js":"","_kad_blocks_footer_custom_js":"","smort_custom_pricelist_1":"3836.8","smort_custom_pricelist_2":"3836.8","smort_custom_pricelist_3":"3836.8","smort_custom_pricelist_4":"4796","smort_custom_pricelist_5":"3836.8"},"anvandningsomrade":[207,166,167,1915],"bilmarken":[168],"product_brand":[1051,109],"product_cat":[1859],"product_tag":[2734,2726],"class_list":{"0":"post-9480","1":"product","2":"type-product","3":"status-publish","4":"has-post-thumbnail","6":"anvandningsomrade-husbil","7":"anvandningsomrade-lastbil","8":"anvandningsomrade-personbil","9":"anvandningsomrade-skapbil","10":"bilmarken-alla","11":"product_brand-ozz","12":"product_brand-ozz-lights","13":"product_cat-extraljuspaket","14":"product_tag-ozz","15":"product_tag-produktpaket","16":"pa_fargtemperatur-5000k","17":"pa_fuktskydd-varde-ipxx-ip69k","18":"pa_godkannande-ece-r112-r7-r10-ce","19":"pa_lampsockel-kontakt-dt4","20":"pa_led-chips-effekt-w-78-756","21":"pa_ljusbild-driving","22":"pa_stromforbrukning-26a-24v","23":"pa_stromforbrukning-568a-12v","24":"pa_volt-v-10-12-24-32-36","26":"first","27":"onbackorder","28":"taxable","29":"shipping-taxable","30":"purchasable","31":"product-type-bundle"},"bundled_by":[],"bundle_stock_status":"instock","bundle_stock_quantity":"","bundle_virtual":false,"bundle_layout":"default","bundle_add_to_cart_form_location":"default","bundle_editable_in_cart":false,"bundle_sold_individually_context":"product","bundle_item_grouping":"parent","bundle_min_size":"","bundle_max_size":"","bundle_price":{"price":{"min":{"incl_tax":"544.95","excl_tax":"435.96038068"},"max":{"incl_tax":"544.95","excl_tax":"435.96038068"}},"regular_price":{"min":{"incl_tax":"544.95","excl_tax":"435.96038068"},"max":{"incl_tax":"544.95","excl_tax":"435.96038068"}}},"bundled_items":[{"bundled_item_id":252,"product_id":3262,"menu_order":0,"quantity_min":1,"quantity_max":1,"quantity_default":1,"priced_individually":false,"shipped_individually":false,"override_title":false,"title":"OZZ XR2 P7\" Musta","override_description":false,"description":"","optional":false,"hide_thumbnail":false,"discount":"","override_variations":false,"allowed_variations":[],"override_default_variation_attributes":false,"default_variation_attributes":[],"single_product_visibility":"visible","cart_visibility":"visible","order_visibility":"visible","single_product_price_visibility":"visible","cart_price_visibility":"visible","order_price_visibility":"visible","stock_status":"in_stock"},{"bundled_item_id":253,"product_id":3207,"menu_order":1,"quantity_min":1,"quantity_max":1,"quantity_default":1,"priced_individually":false,"shipped_individually":false,"override_title":false,"title":"Relekaapelisarja 2kpl 4pin DT 2m 80A Rele 60A Rele 60A","override_description":false,"description":"","optional":false,"hide_thumbnail":false,"discount":"","override_variations":false,"allowed_variations":[],"override_default_variation_attributes":false,"default_variation_attributes":[],"single_product_visibility":"visible","cart_visibility":"visible","order_visibility":"visible","single_product_price_visibility":"visible","cart_price_visibility":"visible","order_price_visibility":"visible","stock_status":"in_stock"},{"bundled_item_id":254,"product_id":3043,"menu_order":2,"quantity_min":1,"quantity_max":1,"quantity_default":1,"priced_individually":false,"shipped_individually":false,"override_title":false,"title":"Lis\u00e4valokannatin 2 x 225mm|9\":lle","override_description":false,"description":"","optional":false,"hide_thumbnail":false,"discount":"","override_variations":false,"allowed_variations":[],"override_default_variation_attributes":false,"default_variation_attributes":[],"single_product_visibility":"visible","cart_visibility":"visible","order_visibility":"visible","single_product_price_visibility":"visible","cart_price_visibility":"visible","order_price_visibility":"visible","stock_status":"on_backorder"},{"bundled_item_id":255,"product_id":2720,"menu_order":3,"quantity_min":1,"quantity_max":1,"quantity_default":1,"priced_individually":false,"shipped_individually":false,"override_title":false,"title":"Lis\u00e4valonpidin Py\u00f6re\u00e4 Musta","override_description":false,"description":"","optional":false,"hide_thumbnail":false,"discount":"","override_variations":false,"allowed_variations":[],"override_default_variation_attributes":false,"default_variation_attributes":[],"single_product_visibility":"visible","cart_visibility":"visible","order_visibility":"visible","single_product_price_visibility":"visible","cart_price_visibility":"visible","order_price_visibility":"visible","stock_status":"in_stock"}],"bundle_sell_ids":[],"acf":[],"yoast_head":"<!-- This site is optimized with the Yoast SEO plugin v27.0 - https:\/\/yoast.com\/product\/yoast-seo-wordpress\/ -->\n<title>OZZ XR2 7&quot; Black RAD2 - Xenonkungen<\/title>\n<meta name=\"robots\" content=\"index, follow, max-snippet:-1, max-image-preview:large, max-video-preview:-1\" \/>\n<link rel=\"canonical\" href=\"https:\/\/xenonkungen.com\/fi\/tuote\/ozz-xr2-7-musta-rad2\/\" \/>\n<meta property=\"og:locale\" content=\"fi_FI\" \/>\n<meta property=\"og:type\" content=\"article\" \/>\n<meta property=\"og:title\" content=\"OZZ XR2 7&quot; Black RAD2 - Xenonkungen\" \/>\n<meta property=\"og:description\" content=\"Uppt\u00e4ck kraften i OZZ XR2 7&quot; Black RAD2! Med banbrytande teknik och elegant svart design tar den din upplevelse till n\u00e4sta niv\u00e5. Perfekt f\u00f6r den som vill kombinera stil och prestanda. Uppgradera nu och k\u00e4nn skillnaden!\" \/>\n<meta property=\"og:url\" content=\"https:\/\/xenonkungen.com\/fi\/tuote\/ozz-xr2-7-musta-rad2\/\" \/>\n<meta property=\"og:site_name\" content=\"Xenonkungen\" \/>\n<meta property=\"article:modified_time\" content=\"2026-04-18T07:01:52+00:00\" \/>\n<meta property=\"og:image\" content=\"https:\/\/xenonkungen.com\/wp-content\/uploads\/2025\/05\/205408167-origpic-0d1417-4.png\" \/>\n\t<meta property=\"og:image:width\" content=\"1000\" \/>\n\t<meta property=\"og:image:height\" content=\"1049\" \/>\n\t<meta property=\"og:image:type\" content=\"image\/png\" \/>\n<meta name=\"twitter:card\" content=\"summary_large_image\" \/>\n<meta name=\"twitter:label1\" content=\"Arvioitu lukuaika\" \/>\n\t<meta name=\"twitter:data1\" content=\"1 minuutti\" \/>\n<script type=\"application\/ld+json\" class=\"yoast-schema-graph\">{\"@context\":\"https:\/\/schema.org\",\"@graph\":[{\"@type\":\"WebPage\",\"@id\":\"https:\/\/xenonkungen.com\/produkt\/ozz-xr2-7-black-rad2\/\",\"url\":\"https:\/\/xenonkungen.com\/produkt\/ozz-xr2-7-black-rad2\/\",\"name\":\"OZZ XR2 7\\\" Black RAD2 - Xenonkungen\",\"isPartOf\":{\"@id\":\"https:\/\/xenonkungen.com\/#website\"},\"primaryImageOfPage\":{\"@id\":\"https:\/\/xenonkungen.com\/produkt\/ozz-xr2-7-black-rad2\/#primaryimage\"},\"image\":{\"@id\":\"https:\/\/xenonkungen.com\/produkt\/ozz-xr2-7-black-rad2\/#primaryimage\"},\"thumbnailUrl\":\"https:\/\/xenonkungen.com\/wp-content\/uploads\/2025\/05\/205408167-origpic-0d1417-4.png\",\"datePublished\":\"2025-05-20T07:58:52+00:00\",\"dateModified\":\"2026-04-18T07:01:52+00:00\",\"breadcrumb\":{\"@id\":\"https:\/\/xenonkungen.com\/produkt\/ozz-xr2-7-black-rad2\/#breadcrumb\"},\"inLanguage\":\"fi\",\"potentialAction\":[{\"@type\":\"ReadAction\",\"target\":[\"https:\/\/xenonkungen.com\/produkt\/ozz-xr2-7-black-rad2\/\"]}]},{\"@type\":\"ImageObject\",\"inLanguage\":\"fi\",\"@id\":\"https:\/\/xenonkungen.com\/produkt\/ozz-xr2-7-black-rad2\/#primaryimage\",\"url\":\"https:\/\/xenonkungen.com\/wp-content\/uploads\/2025\/05\/205408167-origpic-0d1417-4.png\",\"contentUrl\":\"https:\/\/xenonkungen.com\/wp-content\/uploads\/2025\/05\/205408167-origpic-0d1417-4.png\",\"width\":1000,\"height\":1049},{\"@type\":\"BreadcrumbList\",\"@id\":\"https:\/\/xenonkungen.com\/produkt\/ozz-xr2-7-black-rad2\/#breadcrumb\",\"itemListElement\":[{\"@type\":\"ListItem\",\"position\":1,\"name\":\"Hem\",\"item\":\"https:\/\/xenonkungen.com\/\"},{\"@type\":\"ListItem\",\"position\":2,\"name\":\"Shop\",\"item\":\"https:\/\/xenonkungen.com\/shop\/\"},{\"@type\":\"ListItem\",\"position\":3,\"name\":\"OZZ XR2 7&#8243; Black RAD2\"}]},{\"@type\":\"WebSite\",\"@id\":\"https:\/\/xenonkungen.com\/#website\",\"url\":\"https:\/\/xenonkungen.com\/\",\"name\":\"Xenonkungen\",\"description\":\"\",\"potentialAction\":[{\"@type\":\"SearchAction\",\"target\":{\"@type\":\"EntryPoint\",\"urlTemplate\":\"https:\/\/xenonkungen.com\/?s={search_term_string}\"},\"query-input\":{\"@type\":\"PropertyValueSpecification\",\"valueRequired\":true,\"valueName\":\"search_term_string\"}}],\"inLanguage\":\"fi\"}]}<\/script>\n<!-- \/ Yoast SEO plugin. -->","yoast_head_json":{"title":"OZZ XR2 7&quot; musta RAD2 - Xenonkuningas","robots":{"index":"index","follow":"follow","max-snippet":"max-snippet:-1","max-image-preview":"max-image-preview:large","max-video-preview":"max-video-preview:-1"},"canonical":"https:\/\/xenonkungen.com\/fi\/tuote\/ozz-xr2-7-musta-rad2\/","og_locale":"fi_FI","og_type":"article","og_title":"OZZ XR2 7\" Black RAD2 - Xenonkungen","og_description":"Uppt\u00e4ck kraften i OZZ XR2 7\" Black RAD2! Med banbrytande teknik och elegant svart design tar den din upplevelse till n\u00e4sta niv\u00e5. Perfekt f\u00f6r den som vill kombinera stil och prestanda. Uppgradera nu och k\u00e4nn skillnaden!","og_url":"https:\/\/xenonkungen.com\/fi\/tuote\/ozz-xr2-7-musta-rad2\/","og_site_name":"Xenonkungen","article_modified_time":"2026-04-18T07:01:52+00:00","og_image":[{"width":1000,"height":1049,"url":"https:\/\/xenonkungen.com\/wp-content\/uploads\/2025\/05\/205408167-origpic-0d1417-4.png","type":"image\/png"}],"twitter_card":"summary_large_image","twitter_misc":{"Arvioitu lukuaika":"1 minuutti"},"schema":{"@context":"https:\/\/schema.org","@graph":[{"@type":"WebPage","@id":"https:\/\/xenonkungen.com\/produkt\/ozz-xr2-7-black-rad2\/","url":"https:\/\/xenonkungen.com\/produkt\/ozz-xr2-7-black-rad2\/","name":"OZZ XR2 7&quot; musta RAD2 - Xenonkuningas","isPartOf":{"@id":"https:\/\/xenonkungen.com\/#website"},"primaryImageOfPage":{"@id":"https:\/\/xenonkungen.com\/produkt\/ozz-xr2-7-black-rad2\/#primaryimage"},"image":{"@id":"https:\/\/xenonkungen.com\/produkt\/ozz-xr2-7-black-rad2\/#primaryimage"},"thumbnailUrl":"https:\/\/xenonkungen.com\/wp-content\/uploads\/2025\/05\/205408167-origpic-0d1417-4.png","datePublished":"2025-05-20T07:58:52+00:00","dateModified":"2026-04-18T07:01:52+00:00","breadcrumb":{"@id":"https:\/\/xenonkungen.com\/produkt\/ozz-xr2-7-black-rad2\/#breadcrumb"},"inLanguage":"fi","potentialAction":[{"@type":"ReadAction","target":["https:\/\/xenonkungen.com\/produkt\/ozz-xr2-7-black-rad2\/"]}]},{"@type":"ImageObject","inLanguage":"fi","@id":"https:\/\/xenonkungen.com\/produkt\/ozz-xr2-7-black-rad2\/#primaryimage","url":"https:\/\/xenonkungen.com\/wp-content\/uploads\/2025\/05\/205408167-origpic-0d1417-4.png","contentUrl":"https:\/\/xenonkungen.com\/wp-content\/uploads\/2025\/05\/205408167-origpic-0d1417-4.png","width":1000,"height":1049},{"@type":"BreadcrumbList","@id":"https:\/\/xenonkungen.com\/produkt\/ozz-xr2-7-black-rad2\/#breadcrumb","itemListElement":[{"@type":"ListItem","position":1,"name":"Hem","item":"https:\/\/xenonkungen.com\/"},{"@type":"ListItem","position":2,"name":"Shop","item":"https:\/\/xenonkungen.com\/shop\/"},{"@type":"ListItem","position":3,"name":"OZZ XR2 7&#8243; Black RAD2"}]},{"@type":"WebSite","@id":"https:\/\/xenonkungen.com\/#website","url":"https:\/\/xenonkungen.com\/","name":"Xenonkungen","description":"","potentialAction":[{"@type":"SearchAction","target":{"@type":"EntryPoint","urlTemplate":"https:\/\/xenonkungen.com\/?s={search_term_string}"},"query-input":{"@type":"PropertyValueSpecification","valueRequired":true,"valueName":"search_term_string"}}],"inLanguage":"fi"}]}},"taxonomy_info":{"anvandningsomrade":[{"value":207,"label":"Husbil"},{"value":166,"label":"Lastbil"},{"value":167,"label":"PERSONBIL"},{"value":1915,"label":"Sk\u00e5pbil"}],"bilmarken":[{"value":168,"label":"Alla"}],"product_brand":[{"value":1051,"label":"OZZ"},{"value":109,"label":"OZZ LIGHTS"}],"product_cat":[{"value":1859,"label":"Extraljuspaket"}],"product_tag":[{"value":2734,"label":"OZZ"},{"value":2726,"label":"produktpaket"}],"pa_fargtemperatur":[{"value":154,"label":"5000K"}],"pa_fuktskydd-varde-ipxx":[{"value":155,"label":"IP69K"}],"pa_godkannande":[{"value":1076,"label":"ECE, R112, R7, R10, CE"}],"pa_lampsockel-kontakt":[{"value":404,"label":"DT4"}],"pa_led-chips-effekt-w":[{"value":1074,"label":"78, 75,6"}],"pa_ljusbild":[{"value":178,"label":"Driving"}],"pa_stromforbrukning":[{"value":350,"label":"2,6A @ 24V"},{"value":2196,"label":"5,68A @ 12V"}],"pa_volt-v":[{"value":2194,"label":"10, 12, 24, 32, 36"}]},"featured_image_src_large":["https:\/\/xenonkungen.com\/wp-content\/uploads\/2025\/05\/205408167-origpic-0d1417-4-976x1024.png",976,1024,true],"author_info":[],"comment_info":0,"_links":{"self":[{"href":"https:\/\/xenonkungen.com\/fi\/wp-json\/wp\/v2\/product\/9480","targetHints":{"allow":["GET"]}}],"collection":[{"href":"https:\/\/xenonkungen.com\/fi\/wp-json\/wp\/v2\/product"}],"about":[{"href":"https:\/\/xenonkungen.com\/fi\/wp-json\/wp\/v2\/types\/product"}],"replies":[{"embeddable":true,"href":"https:\/\/xenonkungen.com\/fi\/wp-json\/wp\/v2\/comments?post=9480"}],"wp:featuredmedia":[{"embeddable":true,"href":"https:\/\/xenonkungen.com\/fi\/wp-json\/wp\/v2\/media\/10013"}],"wp:attachment":[{"href":"https:\/\/xenonkungen.com\/fi\/wp-json\/wp\/v2\/media?parent=9480"}],"wp:term":[{"taxonomy":"anvandningsomrade","embeddable":true,"href":"https:\/\/xenonkungen.com\/fi\/wp-json\/wp\/v2\/anvandningsomrade?post=9480"},{"taxonomy":"bilmarken","embeddable":true,"href":"https:\/\/xenonkungen.com\/fi\/wp-json\/wp\/v2\/bilmarken?post=9480"},{"taxonomy":"product_brand","embeddable":true,"href":"https:\/\/xenonkungen.com\/fi\/wp-json\/wp\/v2\/product_brand?post=9480"},{"taxonomy":"product_cat","embeddable":true,"href":"https:\/\/xenonkungen.com\/fi\/wp-json\/wp\/v2\/product_cat?post=9480"},{"taxonomy":"product_tag","embeddable":true,"href":"https:\/\/xenonkungen.com\/fi\/wp-json\/wp\/v2\/product_tag?post=9480"}],"curies":[{"name":"wp","href":"https:\/\/api.w.org\/{rel}","templated":true}]}}