{"id":9495,"date":"2025-05-20T08:00:25","date_gmt":"2025-05-20T08:00:25","guid":{"rendered":"https:\/\/xenonkungen.com\/product\/ozz-xr2-7-black-rad3\/"},"modified":"2026-04-04T12:38:34","modified_gmt":"2026-04-04T11:38:34","slug":"ozz-xr2-7-musta-rad3","status":"publish","type":"product","link":"https:\/\/xenonkungen.com\/fi\/tuote\/ozz-xr2-7-musta-rad3\/","title":{"rendered":"OZZ XR2 7\u2033 musta RAD3"},"content":{"rendered":"<h2><strong>OZZ XR2 7\u2033 musta RAD3 - perimm\u00e4inen teknologiap\u00e4ivityssi<\/strong><\/h2>\n<p>Tutustu uraauurtavaan OZZ XR2 7\u2033 Black RAD3:een, jossa edistyksellinen teknologia kohtaa ajattoman muotoilun. T\u00e4m\u00e4 laite on r\u00e4\u00e4t\u00e4l\u00f6ity niille, jotka eiv\u00e4t halua tehd\u00e4 kompromisseja suorituskyvyn ja tyylin v\u00e4lill\u00e4. Tyylikk\u00e4\u00e4n mustan viimeistelyns\u00e4 ja huipputeknisten ominaisuuksiensa ansiosta RAD3 on itsest\u00e4\u00e4n selv\u00e4 valinta kaikille, jotka haluavat pysy\u00e4 pelin k\u00e4rjess\u00e4.<\/p>\n<ul>\n<li>Kantama: 1 luksi @ 470m<\/li>\n<li>Dynaaminen k\u00e4ynnistysasennon merkkivalo: valkoinen\/oranssi<\/li>\n<li>Mitatut lumenit: 5800 lm<\/li>\n<li>Teoreettinen valovoima: 7200 lm<\/li>\n<li>V\u00e4ril\u00e4mp\u00f6tila: 5000 K<\/li>\n<\/ul>\n<p><strong>T\u00e4rkeimm\u00e4t ominaisuudet:<\/strong><\/p>\n<ul>\n<li><strong>Kehittynyt suorituskyky:<\/strong> Varustettu uusimmalla tekniikalla nopeaa ja sujuvaa toimintaa varten.<\/li>\n<li><strong>Tyylik\u00e4s estetiikka:<\/strong> Musta, hienostunut muotoilu sopii t\u00e4ydellisesti mihin tahansa yhteyteen.<\/li>\n<li><strong>Kristallinkirkas n\u00e4ytt\u00f6:<\/strong> 7-tuumainen n\u00e4ytt\u00f6 tarjoaa erinomaista kuvanlaatua sek\u00e4 ty\u00f6ss\u00e4 ett\u00e4 vapaa-ajalla.<\/li>\n<li><strong>Monipuolinen k\u00e4ytt\u00f6:<\/strong> T\u00e4ydellinen sek\u00e4 ammattik\u00e4ytt\u00f6\u00f6n ett\u00e4 viihdek\u00e4ytt\u00f6\u00f6n, ja sen ominaisuudet t\u00e4ytt\u00e4v\u00e4t kaikki tarpeesi.<\/li>\n<\/ul>\n<p>P\u00e4ivit\u00e4 OZZ XR2 7\u2033 Black RAD3 -malliin jo t\u00e4n\u00e4\u00e4n ja koe suuri ero. Tilaa nyt ja nauti teknologian ja muotoilun tulevaisuudesta!<\/p>","protected":false},"excerpt":{"rendered":"<p>Koe seuraava taso OZZ XR2 7\u2033 Black RAD3:lla! Edistyksellisen teknologian ja tyylikk\u00e4\u00e4n mustan muotoilun ansiosta t\u00e4m\u00e4 laite tarjoaa ly\u00f6m\u00e4t\u00f6nt\u00e4 suorituskyky\u00e4 ja tyyli\u00e4. T\u00e4ydellinen niille, jotka haluavat yhdist\u00e4\u00e4 toiminnallisuuden ja estetiikan. P\u00e4ivit\u00e4 t\u00e4n\u00e4\u00e4n ja tunne ero!<\/p>","protected":false},"featured_media":10025,"comment_status":"closed","ping_status":"closed","template":"","meta":{"_acf_changed":false,"_smort_price_nok":"9127","_smort_price_dkk":"5293","_smort_price_eur":"709.06","_smort_sale_price_nok":"","_smort_sale_price_dkk":"","_smort_sale_price_eur":"","smort_restorder":"","shipmondo_restorder":"","_kad_blocks_custom_css":"","_kad_blocks_head_custom_js":"","_kad_blocks_body_custom_js":"","_kad_blocks_footer_custom_js":"","smort_custom_pricelist_1":"5468.8","smort_custom_pricelist_2":"5468.8","smort_custom_pricelist_3":"5468.8","smort_custom_pricelist_4":"6836","smort_custom_pricelist_5":"5468.8"},"anvandningsomrade":[207,166,167,1915],"bilmarken":[168],"product_brand":[1051,109],"product_cat":[1859],"product_tag":[2734,2726],"class_list":{"0":"post-9495","1":"product","2":"type-product","3":"status-publish","4":"has-post-thumbnail","6":"anvandningsomrade-husbil","7":"anvandningsomrade-lastbil","8":"anvandningsomrade-personbil","9":"anvandningsomrade-skapbil","10":"bilmarken-alla","11":"product_brand-ozz","12":"product_brand-ozz-lights","13":"product_cat-extraljuspaket","14":"product_tag-ozz","15":"product_tag-produktpaket","16":"pa_fargtemperatur-5000k","17":"pa_fuktskydd-varde-ipxx-ip69k","18":"pa_godkannande-ece-r112-r7-r10-ce","19":"pa_lampsockel-kontakt-dt4","20":"pa_led-chips-effekt-w-78-756","21":"pa_ljusbild-driving","22":"pa_stromforbrukning-26a-24v","23":"pa_stromforbrukning-568a-12v","24":"pa_volt-v-10-12-24-32-36","26":"first","27":"onbackorder","28":"taxable","29":"shipping-taxable","30":"purchasable","31":"product-type-bundle"},"bundled_by":[],"bundle_stock_status":"instock","bundle_stock_quantity":"","bundle_virtual":false,"bundle_layout":"default","bundle_add_to_cart_form_location":"default","bundle_editable_in_cart":false,"bundle_sold_individually_context":"product","bundle_item_grouping":"parent","bundle_min_size":"","bundle_max_size":"","bundle_price":{"price":{"min":{"incl_tax":"776.75","excl_tax":"621.39807388"},"max":{"incl_tax":"776.75","excl_tax":"621.39807388"}},"regular_price":{"min":{"incl_tax":"776.75","excl_tax":"621.39807388"},"max":{"incl_tax":"776.75","excl_tax":"621.39807388"}}},"bundled_items":[{"bundled_item_id":264,"product_id":3262,"menu_order":0,"quantity_min":1,"quantity_max":1,"quantity_default":1,"priced_individually":false,"shipped_individually":false,"override_title":false,"title":"OZZ XR2 P7\" Musta","override_description":false,"description":"","optional":false,"hide_thumbnail":false,"discount":"","override_variations":false,"allowed_variations":[],"override_default_variation_attributes":false,"default_variation_attributes":[],"single_product_visibility":"visible","cart_visibility":"visible","order_visibility":"visible","single_product_price_visibility":"visible","cart_price_visibility":"visible","order_price_visibility":"visible","stock_status":"in_stock"},{"bundled_item_id":265,"product_id":3194,"menu_order":1,"quantity_min":1,"quantity_max":1,"quantity_default":1,"priced_individually":false,"shipped_individually":false,"override_title":false,"title":"BriodLights kaapelisarja 4kpl 4-nastainen. DT 2m 80A rele 60A OZZ","override_description":false,"description":"","optional":false,"hide_thumbnail":false,"discount":"","override_variations":false,"allowed_variations":[],"override_default_variation_attributes":false,"default_variation_attributes":[],"single_product_visibility":"visible","cart_visibility":"visible","order_visibility":"visible","single_product_price_visibility":"visible","cart_price_visibility":"visible","order_price_visibility":"visible","stock_status":"in_stock"},{"bundled_item_id":266,"product_id":2716,"menu_order":2,"quantity_min":1,"quantity_max":1,"quantity_default":1,"priced_individually":false,"shipped_individually":false,"override_title":false,"title":"Lis\u00e4valokannatin 3 x 225mm|9\":lle","override_description":false,"description":"","optional":false,"hide_thumbnail":false,"discount":"","override_variations":false,"allowed_variations":[],"override_default_variation_attributes":false,"default_variation_attributes":[],"single_product_visibility":"visible","cart_visibility":"visible","order_visibility":"visible","single_product_price_visibility":"visible","cart_price_visibility":"visible","order_price_visibility":"visible","stock_status":"in_stock"},{"bundled_item_id":267,"product_id":2720,"menu_order":3,"quantity_min":1,"quantity_max":1,"quantity_default":1,"priced_individually":false,"shipped_individually":false,"override_title":false,"title":"Lis\u00e4valonpidin Py\u00f6re\u00e4 Musta","override_description":false,"description":"","optional":false,"hide_thumbnail":false,"discount":"","override_variations":false,"allowed_variations":[],"override_default_variation_attributes":false,"default_variation_attributes":[],"single_product_visibility":"visible","cart_visibility":"visible","order_visibility":"visible","single_product_price_visibility":"visible","cart_price_visibility":"visible","order_price_visibility":"visible","stock_status":"in_stock"}],"bundle_sell_ids":[],"acf":[],"yoast_head":"<!-- This site is optimized with the Yoast SEO plugin v27.0 - https:\/\/yoast.com\/product\/yoast-seo-wordpress\/ -->\n<title>OZZ XR2 7&quot; Black RAD3 - Xenonkungen<\/title>\n<meta name=\"robots\" content=\"index, follow, max-snippet:-1, max-image-preview:large, max-video-preview:-1\" \/>\n<link rel=\"canonical\" href=\"https:\/\/xenonkungen.com\/fi\/tuote\/ozz-xr2-7-musta-rad3\/\" \/>\n<meta property=\"og:locale\" content=\"fi_FI\" \/>\n<meta property=\"og:type\" content=\"article\" \/>\n<meta property=\"og:title\" content=\"OZZ XR2 7&quot; Black RAD3 - Xenonkungen\" \/>\n<meta property=\"og:description\" content=\"Upplev n\u00e4sta niv\u00e5 med OZZ XR2 7&quot; Black RAD3! Med avancerad teknik och elegant svart design, erbjuder denna enhet oslagbar prestanda och stil. Perfekt f\u00f6r dig som vill kombinera funktionalitet och estetik. Uppgradera idag och k\u00e4nn skillnaden!\" \/>\n<meta property=\"og:url\" content=\"https:\/\/xenonkungen.com\/fi\/tuote\/ozz-xr2-7-musta-rad3\/\" \/>\n<meta property=\"og:site_name\" content=\"Xenonkungen\" \/>\n<meta property=\"article:modified_time\" content=\"2026-04-04T11:38:34+00:00\" \/>\n<meta property=\"og:image\" content=\"https:\/\/xenonkungen.com\/wp-content\/uploads\/2025\/05\/205408167-origpic-0d1417-5.png\" \/>\n\t<meta property=\"og:image:width\" content=\"1000\" \/>\n\t<meta property=\"og:image:height\" content=\"1049\" \/>\n\t<meta property=\"og:image:type\" content=\"image\/png\" \/>\n<meta name=\"twitter:card\" content=\"summary_large_image\" \/>\n<meta name=\"twitter:label1\" content=\"Arvioitu lukuaika\" \/>\n\t<meta name=\"twitter:data1\" content=\"1 minuutti\" \/>\n<script type=\"application\/ld+json\" class=\"yoast-schema-graph\">{\"@context\":\"https:\/\/schema.org\",\"@graph\":[{\"@type\":\"WebPage\",\"@id\":\"https:\/\/xenonkungen.com\/produkt\/ozz-xr2-7-black-rad3\/\",\"url\":\"https:\/\/xenonkungen.com\/produkt\/ozz-xr2-7-black-rad3\/\",\"name\":\"OZZ XR2 7\\\" Black RAD3 - Xenonkungen\",\"isPartOf\":{\"@id\":\"https:\/\/xenonkungen.com\/#website\"},\"primaryImageOfPage\":{\"@id\":\"https:\/\/xenonkungen.com\/produkt\/ozz-xr2-7-black-rad3\/#primaryimage\"},\"image\":{\"@id\":\"https:\/\/xenonkungen.com\/produkt\/ozz-xr2-7-black-rad3\/#primaryimage\"},\"thumbnailUrl\":\"https:\/\/xenonkungen.com\/wp-content\/uploads\/2025\/05\/205408167-origpic-0d1417-5.png\",\"datePublished\":\"2025-05-20T08:00:25+00:00\",\"dateModified\":\"2026-04-04T11:38:34+00:00\",\"breadcrumb\":{\"@id\":\"https:\/\/xenonkungen.com\/produkt\/ozz-xr2-7-black-rad3\/#breadcrumb\"},\"inLanguage\":\"fi\",\"potentialAction\":[{\"@type\":\"ReadAction\",\"target\":[\"https:\/\/xenonkungen.com\/produkt\/ozz-xr2-7-black-rad3\/\"]}]},{\"@type\":\"ImageObject\",\"inLanguage\":\"fi\",\"@id\":\"https:\/\/xenonkungen.com\/produkt\/ozz-xr2-7-black-rad3\/#primaryimage\",\"url\":\"https:\/\/xenonkungen.com\/wp-content\/uploads\/2025\/05\/205408167-origpic-0d1417-5.png\",\"contentUrl\":\"https:\/\/xenonkungen.com\/wp-content\/uploads\/2025\/05\/205408167-origpic-0d1417-5.png\",\"width\":1000,\"height\":1049},{\"@type\":\"BreadcrumbList\",\"@id\":\"https:\/\/xenonkungen.com\/produkt\/ozz-xr2-7-black-rad3\/#breadcrumb\",\"itemListElement\":[{\"@type\":\"ListItem\",\"position\":1,\"name\":\"Hem\",\"item\":\"https:\/\/xenonkungen.com\/\"},{\"@type\":\"ListItem\",\"position\":2,\"name\":\"Shop\",\"item\":\"https:\/\/xenonkungen.com\/shop\/\"},{\"@type\":\"ListItem\",\"position\":3,\"name\":\"OZZ XR2 7&#8243; Black RAD3\"}]},{\"@type\":\"WebSite\",\"@id\":\"https:\/\/xenonkungen.com\/#website\",\"url\":\"https:\/\/xenonkungen.com\/\",\"name\":\"Xenonkungen\",\"description\":\"\",\"potentialAction\":[{\"@type\":\"SearchAction\",\"target\":{\"@type\":\"EntryPoint\",\"urlTemplate\":\"https:\/\/xenonkungen.com\/?s={search_term_string}\"},\"query-input\":{\"@type\":\"PropertyValueSpecification\",\"valueRequired\":true,\"valueName\":\"search_term_string\"}}],\"inLanguage\":\"fi\"}]}<\/script>\n<!-- \/ Yoast SEO plugin. -->","yoast_head_json":{"title":"OZZ XR2 7&quot; musta RAD3 - Xenonkuningas","robots":{"index":"index","follow":"follow","max-snippet":"max-snippet:-1","max-image-preview":"max-image-preview:large","max-video-preview":"max-video-preview:-1"},"canonical":"https:\/\/xenonkungen.com\/fi\/tuote\/ozz-xr2-7-musta-rad3\/","og_locale":"fi_FI","og_type":"article","og_title":"OZZ XR2 7\" Black RAD3 - Xenonkungen","og_description":"Upplev n\u00e4sta niv\u00e5 med OZZ XR2 7\" Black RAD3! Med avancerad teknik och elegant svart design, erbjuder denna enhet oslagbar prestanda och stil. Perfekt f\u00f6r dig som vill kombinera funktionalitet och estetik. Uppgradera idag och k\u00e4nn skillnaden!","og_url":"https:\/\/xenonkungen.com\/fi\/tuote\/ozz-xr2-7-musta-rad3\/","og_site_name":"Xenonkungen","article_modified_time":"2026-04-04T11:38:34+00:00","og_image":[{"width":1000,"height":1049,"url":"https:\/\/xenonkungen.com\/wp-content\/uploads\/2025\/05\/205408167-origpic-0d1417-5.png","type":"image\/png"}],"twitter_card":"summary_large_image","twitter_misc":{"Arvioitu lukuaika":"1 minuutti"},"schema":{"@context":"https:\/\/schema.org","@graph":[{"@type":"WebPage","@id":"https:\/\/xenonkungen.com\/produkt\/ozz-xr2-7-black-rad3\/","url":"https:\/\/xenonkungen.com\/produkt\/ozz-xr2-7-black-rad3\/","name":"OZZ XR2 7&quot; musta RAD3 - Xenonkuningas","isPartOf":{"@id":"https:\/\/xenonkungen.com\/#website"},"primaryImageOfPage":{"@id":"https:\/\/xenonkungen.com\/produkt\/ozz-xr2-7-black-rad3\/#primaryimage"},"image":{"@id":"https:\/\/xenonkungen.com\/produkt\/ozz-xr2-7-black-rad3\/#primaryimage"},"thumbnailUrl":"https:\/\/xenonkungen.com\/wp-content\/uploads\/2025\/05\/205408167-origpic-0d1417-5.png","datePublished":"2025-05-20T08:00:25+00:00","dateModified":"2026-04-04T11:38:34+00:00","breadcrumb":{"@id":"https:\/\/xenonkungen.com\/produkt\/ozz-xr2-7-black-rad3\/#breadcrumb"},"inLanguage":"fi","potentialAction":[{"@type":"ReadAction","target":["https:\/\/xenonkungen.com\/produkt\/ozz-xr2-7-black-rad3\/"]}]},{"@type":"ImageObject","inLanguage":"fi","@id":"https:\/\/xenonkungen.com\/produkt\/ozz-xr2-7-black-rad3\/#primaryimage","url":"https:\/\/xenonkungen.com\/wp-content\/uploads\/2025\/05\/205408167-origpic-0d1417-5.png","contentUrl":"https:\/\/xenonkungen.com\/wp-content\/uploads\/2025\/05\/205408167-origpic-0d1417-5.png","width":1000,"height":1049},{"@type":"BreadcrumbList","@id":"https:\/\/xenonkungen.com\/produkt\/ozz-xr2-7-black-rad3\/#breadcrumb","itemListElement":[{"@type":"ListItem","position":1,"name":"Hem","item":"https:\/\/xenonkungen.com\/"},{"@type":"ListItem","position":2,"name":"Shop","item":"https:\/\/xenonkungen.com\/shop\/"},{"@type":"ListItem","position":3,"name":"OZZ XR2 7&#8243; Black RAD3"}]},{"@type":"WebSite","@id":"https:\/\/xenonkungen.com\/#website","url":"https:\/\/xenonkungen.com\/","name":"Xenonkungen","description":"","potentialAction":[{"@type":"SearchAction","target":{"@type":"EntryPoint","urlTemplate":"https:\/\/xenonkungen.com\/?s={search_term_string}"},"query-input":{"@type":"PropertyValueSpecification","valueRequired":true,"valueName":"search_term_string"}}],"inLanguage":"fi"}]}},"taxonomy_info":{"anvandningsomrade":[{"value":207,"label":"Husbil"},{"value":166,"label":"Lastbil"},{"value":167,"label":"PERSONBIL"},{"value":1915,"label":"Sk\u00e5pbil"}],"bilmarken":[{"value":168,"label":"Alla"}],"product_brand":[{"value":1051,"label":"OZZ"},{"value":109,"label":"OZZ LIGHTS"}],"product_cat":[{"value":1859,"label":"Extraljuspaket"}],"product_tag":[{"value":2734,"label":"OZZ"},{"value":2726,"label":"produktpaket"}],"pa_fargtemperatur":[{"value":154,"label":"5000K"}],"pa_fuktskydd-varde-ipxx":[{"value":155,"label":"IP69K"}],"pa_godkannande":[{"value":1076,"label":"ECE, R112, R7, R10, CE"}],"pa_lampsockel-kontakt":[{"value":404,"label":"DT4"}],"pa_led-chips-effekt-w":[{"value":1074,"label":"78, 75,6"}],"pa_ljusbild":[{"value":178,"label":"Driving"}],"pa_stromforbrukning":[{"value":350,"label":"2,6A @ 24V"},{"value":2196,"label":"5,68A @ 12V"}],"pa_volt-v":[{"value":2194,"label":"10, 12, 24, 32, 36"}]},"featured_image_src_large":["https:\/\/xenonkungen.com\/wp-content\/uploads\/2025\/05\/205408167-origpic-0d1417-5-976x1024.png",976,1024,true],"author_info":[],"comment_info":0,"_links":{"self":[{"href":"https:\/\/xenonkungen.com\/fi\/wp-json\/wp\/v2\/product\/9495","targetHints":{"allow":["GET"]}}],"collection":[{"href":"https:\/\/xenonkungen.com\/fi\/wp-json\/wp\/v2\/product"}],"about":[{"href":"https:\/\/xenonkungen.com\/fi\/wp-json\/wp\/v2\/types\/product"}],"replies":[{"embeddable":true,"href":"https:\/\/xenonkungen.com\/fi\/wp-json\/wp\/v2\/comments?post=9495"}],"wp:featuredmedia":[{"embeddable":true,"href":"https:\/\/xenonkungen.com\/fi\/wp-json\/wp\/v2\/media\/10025"}],"wp:attachment":[{"href":"https:\/\/xenonkungen.com\/fi\/wp-json\/wp\/v2\/media?parent=9495"}],"wp:term":[{"taxonomy":"anvandningsomrade","embeddable":true,"href":"https:\/\/xenonkungen.com\/fi\/wp-json\/wp\/v2\/anvandningsomrade?post=9495"},{"taxonomy":"bilmarken","embeddable":true,"href":"https:\/\/xenonkungen.com\/fi\/wp-json\/wp\/v2\/bilmarken?post=9495"},{"taxonomy":"product_brand","embeddable":true,"href":"https:\/\/xenonkungen.com\/fi\/wp-json\/wp\/v2\/product_brand?post=9495"},{"taxonomy":"product_cat","embeddable":true,"href":"https:\/\/xenonkungen.com\/fi\/wp-json\/wp\/v2\/product_cat?post=9495"},{"taxonomy":"product_tag","embeddable":true,"href":"https:\/\/xenonkungen.com\/fi\/wp-json\/wp\/v2\/product_tag?post=9495"}],"curies":[{"name":"wp","href":"https:\/\/api.w.org\/{rel}","templated":true}]}}