{"id":950,"date":"2025-04-15T07:56:42","date_gmt":"2025-04-15T07:56:42","guid":{"rendered":"https:\/\/xenonkungen.com\/product\/night-breaker-led-smart-h7-street-legal-2\/"},"modified":"2026-05-13T16:12:40","modified_gmt":"2026-05-13T15:12:40","slug":"night-breaker-led-smart-h7-street-legal-2","status":"publish","type":"product","link":"https:\/\/xenonkungen.com\/fi\/tuote\/night-breaker-led-smart-h7-street-legal-2\/","title":{"rendered":"NIGHT BREAKER\u00ae LED SMART H7 | Street Legal"},"content":{"rendered":"<h1>Tutustu OSRAMin uuden NIGHT BREAKER LED SMART -valaisimen tehoon.<\/h1>\n<p>Seuraavan sukupolven laillinen LED-ratkaisu kauko- ja l\u00e4hivaloille! Mullistavan kirkkauden, kompaktin ja kest\u00e4v\u00e4n rakenteen sek\u00e4 vertaansa vailla olevan yhteensopivuuden ansiosta OSRAM asettaa uuden standardin autojen valaistukselle. Nyt voit helposti korvata vanhat halogeenilamput ja nauttia nykyaikaisesta LED-teknologiasta, joka on suunniteltu sek\u00e4 suorituskyky\u00e4 ett\u00e4 tyyli\u00e4 varten.<\/p>\n<h2>Miksi valita NIGHT BREAKER LED SMART?<\/h2>\n<ul>\n<li><strong>Poikkeuksellinen kirkkaus<\/strong> - Jopa 330 % enemm\u00e4n valoa verrattuna tavallisiin halogeenilamppuihin. Jopa 6000 kelvinin v\u00e4ril\u00e4mp\u00f6tilan ansiosta NIGHT BREAKER LED SMART tuottaa ter\u00e4v\u00e4\u00e4, valkoista valoa, joka tekee ajamisesta turvallisempaa ja tyylikk\u00e4\u00e4mp\u00e4\u00e4.<\/li>\n<li><strong>Energiatehokas ja kest\u00e4v\u00e4<\/strong> - N\u00e4m\u00e4 LEDit kuluttavat jopa 60 % v\u00e4hemm\u00e4n energiaa ja niiden k\u00e4ytt\u00f6ik\u00e4 on jopa kuusi kertaa pidempi OSRAMin ainutlaatuisen t\u00e4rin\u00e4nkest\u00e4v\u00e4n rakenteen ansiosta.<\/li>\n<li><strong>Turvallisempaa ja laillista liikenteess\u00e4<\/strong> - NIGHT BREAKER LED SMART on sertifioitu k\u00e4ytett\u00e4v\u00e4ksi yleisill\u00e4 teill\u00e4, ja se v\u00e4hent\u00e4\u00e4 vastaantulevan liikenteen h\u00e4ik\u00e4isy\u00e4 jopa 50 % perinteisiin lamppuihin verrattuna.<\/li>\n<li><strong>Helppo asennus ja korkea yhteensopivuus<\/strong> - Innovatiivisen muotoilun ansiosta NIGHT BREAKER LED SMART on yhteensopiva monenlaisten ajoneuvojen kanssa, ja se sopii suoraan useimpiin vakiovalaisimiin ja -pistorasioihin. P\u00e4ivitys on helppoa ja antaa v\u00e4litt\u00f6mi\u00e4 tuloksia!<\/li>\n<\/ul>\n<p><strong>Anna autollesi nykyaikainen piristysruiske ja poikkeuksellinen kirkkaus OSRAM NIGHT BREAKER LED SMART -valaisimella.<\/strong> Innovatiivista teknologiaa, maksimaalista turvallisuutta ja ensiluokkaista muotoilua - valitse ajoneuvoosi paras ja tee jokaisesta matkasta valoisampi kokemus.<\/p>\n<h2><a href=\"https:\/\/look.ams-osram.com\/m\/279bdebe1f871386\/original\/led-night-breaker-h7-vehicle-list-en.pdf\" target=\"_blank\" rel=\"noopener\">Katso yhteensopivat automallit t\u00e4\u00e4lt\u00e4<\/a><\/h2>","protected":false},"excerpt":{"rendered":"<p>Uusi p\u00e4ivitetty ja lyhyempi Street Legal -valaisin.<\/p>","protected":false},"featured_media":934,"comment_status":"closed","ping_status":"closed","template":"","meta":{"_acf_changed":false,"_smort_price_nok":"1917","_smort_price_dkk":"1218","_smort_price_eur":"163.17","_smort_sale_price_nok":"","_smort_sale_price_dkk":"","_smort_sale_price_eur":"","smort_restorder":"","shipmondo_restorder":"","_kad_blocks_custom_css":"","_kad_blocks_head_custom_js":"","_kad_blocks_body_custom_js":"","_kad_blocks_footer_custom_js":"","smort_custom_pricelist_1":"1148.8","smort_custom_pricelist_2":"1005.2","smort_custom_pricelist_3":"933.4","smort_custom_pricelist_4":"1356","smort_custom_pricelist_5":"1005.2"},"anvandningsomrade":[207,167],"bilmarken":[208,220,194,195,209,210,221,196,211,212,222,213,199,223,214,215,201,202,216,203,204,217,218,219,224,205,169],"product_brand":[108],"product_cat":[2633,733,149],"product_tag":[],"class_list":{"0":"post-950","1":"product","2":"type-product","3":"status-publish","4":"has-post-thumbnail","6":"anvandningsomrade-husbil","7":"anvandningsomrade-personbil","8":"bilmarken-abarth","9":"bilmarken-adria","10":"bilmarken-alfa-romeo","11":"bilmarken-audi","12":"bilmarken-bmw","13":"bilmarken-citroen","14":"bilmarken-concord","15":"bilmarken-dacia","16":"bilmarken-fiat","17":"bilmarken-ford","18":"bilmarken-hymer","19":"bilmarken-hyundai","20":"bilmarken-lancia","21":"bilmarken-lmc","22":"bilmarken-man","23":"bilmarken-mercedes-benz","24":"bilmarken-opel","25":"bilmarken-peugeot","26":"bilmarken-porsche","27":"bilmarken-renault","28":"bilmarken-seat","29":"bilmarken-skoda","30":"bilmarken-smart","31":"bilmarken-toyota","32":"bilmarken-trigano","33":"bilmarken-volkswagen","34":"bilmarken-volvo","35":"product_brand-osram","36":"product_cat-osram-ledriving-halvljus-helljus","37":"product_cat-halvljus-helljus","38":"product_cat-helljus","39":"pa_faktisk-effekts-forbrukning-187","40":"pa_fargtemperatur-6000k","41":"pa_godkannande-e-markt-ece-abg","42":"pa_lampsockel-kontakt-h7","43":"pa_volt-v-12-14","45":"first","46":"onbackorder","47":"taxable","48":"shipping-taxable","49":"purchasable","50":"product-type-simple"},"bundled_by":[],"bundle_stock_status":"onbackorder","bundle_stock_quantity":0,"bundle_virtual":false,"bundle_layout":"","bundle_add_to_cart_form_location":"","bundle_editable_in_cart":false,"bundle_sold_individually_context":"","bundle_item_grouping":"","bundle_min_size":"","bundle_max_size":"","bundle_price":[],"bundled_items":[],"bundle_sell_ids":[],"acf":[],"yoast_head":"<!-- This site is optimized with the Yoast SEO plugin v27.0 - https:\/\/yoast.com\/product\/yoast-seo-wordpress\/ -->\n<title>NIGHT BREAKER\u00ae LED SMART H7 | Street Legal - Xenonkungen<\/title>\n<meta name=\"robots\" content=\"index, follow, max-snippet:-1, max-image-preview:large, max-video-preview:-1\" \/>\n<link rel=\"canonical\" href=\"https:\/\/xenonkungen.com\/fi\/tuote\/night-breaker-led-smart-h7-street-legal-2\/\" \/>\n<meta property=\"og:locale\" content=\"fi_FI\" \/>\n<meta property=\"og:type\" content=\"article\" \/>\n<meta property=\"og:title\" content=\"NIGHT BREAKER\u00ae LED SMART H7 | Street Legal - Xenonkungen\" \/>\n<meta property=\"og:description\" content=\"Ny uppgraderad och kortare Street Legal lampa.\" \/>\n<meta property=\"og:url\" content=\"https:\/\/xenonkungen.com\/fi\/tuote\/night-breaker-led-smart-h7-street-legal-2\/\" \/>\n<meta property=\"og:site_name\" content=\"Xenonkungen\" \/>\n<meta property=\"article:modified_time\" content=\"2026-05-13T15:12:40+00:00\" \/>\n<meta property=\"og:image\" content=\"https:\/\/xenonkungen.com\/wp-content\/uploads\/2025\/04\/216206681-origpic-2a1ff0.jpg\" \/>\n\t<meta property=\"og:image:width\" content=\"1024\" \/>\n\t<meta property=\"og:image:height\" content=\"1024\" \/>\n\t<meta property=\"og:image:type\" content=\"image\/jpeg\" \/>\n<meta name=\"twitter:card\" content=\"summary_large_image\" \/>\n<meta name=\"twitter:label1\" content=\"Arvioitu lukuaika\" \/>\n\t<meta name=\"twitter:data1\" content=\"2 minuuttia\" \/>\n<script type=\"application\/ld+json\" class=\"yoast-schema-graph\">{\"@context\":\"https:\/\/schema.org\",\"@graph\":[{\"@type\":\"WebPage\",\"@id\":\"https:\/\/xenonkungen.com\/produkt\/night-breaker-led-smart-h7-street-legal-2\/\",\"url\":\"https:\/\/xenonkungen.com\/produkt\/night-breaker-led-smart-h7-street-legal-2\/\",\"name\":\"NIGHT BREAKER\u00ae LED SMART H7 | Street Legal - Xenonkungen\",\"isPartOf\":{\"@id\":\"https:\/\/xenonkungen.com\/#website\"},\"primaryImageOfPage\":{\"@id\":\"https:\/\/xenonkungen.com\/produkt\/night-breaker-led-smart-h7-street-legal-2\/#primaryimage\"},\"image\":{\"@id\":\"https:\/\/xenonkungen.com\/produkt\/night-breaker-led-smart-h7-street-legal-2\/#primaryimage\"},\"thumbnailUrl\":\"https:\/\/xenonkungen.com\/wp-content\/uploads\/2025\/04\/216206681-origpic-2a1ff0.jpg\",\"datePublished\":\"2025-04-15T07:56:42+00:00\",\"dateModified\":\"2026-05-13T15:12:40+00:00\",\"breadcrumb\":{\"@id\":\"https:\/\/xenonkungen.com\/produkt\/night-breaker-led-smart-h7-street-legal-2\/#breadcrumb\"},\"inLanguage\":\"fi\",\"potentialAction\":[{\"@type\":\"ReadAction\",\"target\":[\"https:\/\/xenonkungen.com\/produkt\/night-breaker-led-smart-h7-street-legal-2\/\"]}]},{\"@type\":\"ImageObject\",\"inLanguage\":\"fi\",\"@id\":\"https:\/\/xenonkungen.com\/produkt\/night-breaker-led-smart-h7-street-legal-2\/#primaryimage\",\"url\":\"https:\/\/xenonkungen.com\/wp-content\/uploads\/2025\/04\/216206681-origpic-2a1ff0.jpg\",\"contentUrl\":\"https:\/\/xenonkungen.com\/wp-content\/uploads\/2025\/04\/216206681-origpic-2a1ff0.jpg\",\"width\":1024,\"height\":1024},{\"@type\":\"BreadcrumbList\",\"@id\":\"https:\/\/xenonkungen.com\/produkt\/night-breaker-led-smart-h7-street-legal-2\/#breadcrumb\",\"itemListElement\":[{\"@type\":\"ListItem\",\"position\":1,\"name\":\"Hem\",\"item\":\"https:\/\/xenonkungen.com\/\"},{\"@type\":\"ListItem\",\"position\":2,\"name\":\"Shop\",\"item\":\"https:\/\/xenonkungen.com\/shop\/\"},{\"@type\":\"ListItem\",\"position\":3,\"name\":\"NIGHT BREAKER\u00ae LED SMART H7 | Street Legal\"}]},{\"@type\":\"WebSite\",\"@id\":\"https:\/\/xenonkungen.com\/#website\",\"url\":\"https:\/\/xenonkungen.com\/\",\"name\":\"Xenonkungen\",\"description\":\"\",\"potentialAction\":[{\"@type\":\"SearchAction\",\"target\":{\"@type\":\"EntryPoint\",\"urlTemplate\":\"https:\/\/xenonkungen.com\/?s={search_term_string}\"},\"query-input\":{\"@type\":\"PropertyValueSpecification\",\"valueRequired\":true,\"valueName\":\"search_term_string\"}}],\"inLanguage\":\"fi\"}]}<\/script>\n<!-- \/ Yoast SEO plugin. -->","yoast_head_json":{"title":"NIGHT BREAKER\u00ae LED SMART H7 | Tieliikennekelpoinen - Ksenonkuningas","robots":{"index":"index","follow":"follow","max-snippet":"max-snippet:-1","max-image-preview":"max-image-preview:large","max-video-preview":"max-video-preview:-1"},"canonical":"https:\/\/xenonkungen.com\/fi\/tuote\/night-breaker-led-smart-h7-street-legal-2\/","og_locale":"fi_FI","og_type":"article","og_title":"NIGHT BREAKER\u00ae LED SMART H7 | Street Legal - Xenonkungen","og_description":"Ny uppgraderad och kortare Street Legal lampa.","og_url":"https:\/\/xenonkungen.com\/fi\/tuote\/night-breaker-led-smart-h7-street-legal-2\/","og_site_name":"Xenonkungen","article_modified_time":"2026-05-13T15:12:40+00:00","og_image":[{"width":1024,"height":1024,"url":"https:\/\/xenonkungen.com\/wp-content\/uploads\/2025\/04\/216206681-origpic-2a1ff0.jpg","type":"image\/jpeg"}],"twitter_card":"summary_large_image","twitter_misc":{"Arvioitu lukuaika":"2 minuuttia"},"schema":{"@context":"https:\/\/schema.org","@graph":[{"@type":"WebPage","@id":"https:\/\/xenonkungen.com\/produkt\/night-breaker-led-smart-h7-street-legal-2\/","url":"https:\/\/xenonkungen.com\/produkt\/night-breaker-led-smart-h7-street-legal-2\/","name":"NIGHT BREAKER\u00ae LED SMART H7 | Tieliikennekelpoinen - Ksenonkuningas","isPartOf":{"@id":"https:\/\/xenonkungen.com\/#website"},"primaryImageOfPage":{"@id":"https:\/\/xenonkungen.com\/produkt\/night-breaker-led-smart-h7-street-legal-2\/#primaryimage"},"image":{"@id":"https:\/\/xenonkungen.com\/produkt\/night-breaker-led-smart-h7-street-legal-2\/#primaryimage"},"thumbnailUrl":"https:\/\/xenonkungen.com\/wp-content\/uploads\/2025\/04\/216206681-origpic-2a1ff0.jpg","datePublished":"2025-04-15T07:56:42+00:00","dateModified":"2026-05-13T15:12:40+00:00","breadcrumb":{"@id":"https:\/\/xenonkungen.com\/produkt\/night-breaker-led-smart-h7-street-legal-2\/#breadcrumb"},"inLanguage":"fi","potentialAction":[{"@type":"ReadAction","target":["https:\/\/xenonkungen.com\/produkt\/night-breaker-led-smart-h7-street-legal-2\/"]}]},{"@type":"ImageObject","inLanguage":"fi","@id":"https:\/\/xenonkungen.com\/produkt\/night-breaker-led-smart-h7-street-legal-2\/#primaryimage","url":"https:\/\/xenonkungen.com\/wp-content\/uploads\/2025\/04\/216206681-origpic-2a1ff0.jpg","contentUrl":"https:\/\/xenonkungen.com\/wp-content\/uploads\/2025\/04\/216206681-origpic-2a1ff0.jpg","width":1024,"height":1024},{"@type":"BreadcrumbList","@id":"https:\/\/xenonkungen.com\/produkt\/night-breaker-led-smart-h7-street-legal-2\/#breadcrumb","itemListElement":[{"@type":"ListItem","position":1,"name":"Hem","item":"https:\/\/xenonkungen.com\/"},{"@type":"ListItem","position":2,"name":"Shop","item":"https:\/\/xenonkungen.com\/shop\/"},{"@type":"ListItem","position":3,"name":"NIGHT BREAKER\u00ae LED SMART H7 | Street Legal"}]},{"@type":"WebSite","@id":"https:\/\/xenonkungen.com\/#website","url":"https:\/\/xenonkungen.com\/","name":"Xenonkungen","description":"","potentialAction":[{"@type":"SearchAction","target":{"@type":"EntryPoint","urlTemplate":"https:\/\/xenonkungen.com\/?s={search_term_string}"},"query-input":{"@type":"PropertyValueSpecification","valueRequired":true,"valueName":"search_term_string"}}],"inLanguage":"fi"}]}},"taxonomy_info":{"anvandningsomrade":[{"value":207,"label":"Husbil"},{"value":167,"label":"PERSONBIL"}],"bilmarken":[{"value":208,"label":"Abarth"},{"value":220,"label":"Adria"},{"value":194,"label":"Alfa Romeo"},{"value":195,"label":"Audi"},{"value":209,"label":"BMW"},{"value":210,"label":"Citroen"},{"value":221,"label":"Concord"},{"value":196,"label":"Dacia"},{"value":211,"label":"Fiat"},{"value":212,"label":"Ford"},{"value":222,"label":"Hymer"},{"value":213,"label":"Hyundai"},{"value":199,"label":"Lancia"},{"value":223,"label":"LMC"},{"value":214,"label":"MAN"},{"value":215,"label":"Mercedes-Benz"},{"value":201,"label":"Opel"},{"value":202,"label":"Peugeot"},{"value":216,"label":"Porsche"},{"value":203,"label":"Renault"},{"value":204,"label":"Seat"},{"value":217,"label":"Skoda"},{"value":218,"label":"Smart"},{"value":219,"label":"Toyota"},{"value":224,"label":"Trigano"},{"value":205,"label":"Volkswagen"},{"value":169,"label":"volvo"}],"product_brand":[{"value":108,"label":"OSRAM"}],"product_cat":[{"value":2633,"label":"OSRAM Ledriving"},{"value":733,"label":"Halvljus \/ Helljus"},{"value":149,"label":"Helljus"}],"pa_faktisk-effekts-forbrukning":[{"value":187,"label":"16"}],"pa_fargtemperatur":[{"value":188,"label":"6000K"}],"pa_godkannande":[{"value":299,"label":"E-m\u00e4rkt, ECE, ABG"}],"pa_lampsockel-kontakt":[{"value":206,"label":"H7"}],"pa_volt-v":[{"value":298,"label":"12, 14"}]},"featured_image_src_large":["https:\/\/xenonkungen.com\/wp-content\/uploads\/2025\/04\/216206681-origpic-2a1ff0.jpg",1024,1024,false],"author_info":[],"comment_info":1,"_links":{"self":[{"href":"https:\/\/xenonkungen.com\/fi\/wp-json\/wp\/v2\/product\/950","targetHints":{"allow":["GET"]}}],"collection":[{"href":"https:\/\/xenonkungen.com\/fi\/wp-json\/wp\/v2\/product"}],"about":[{"href":"https:\/\/xenonkungen.com\/fi\/wp-json\/wp\/v2\/types\/product"}],"replies":[{"embeddable":true,"href":"https:\/\/xenonkungen.com\/fi\/wp-json\/wp\/v2\/comments?post=950"}],"wp:featuredmedia":[{"embeddable":true,"href":"https:\/\/xenonkungen.com\/fi\/wp-json\/wp\/v2\/media\/934"}],"wp:attachment":[{"href":"https:\/\/xenonkungen.com\/fi\/wp-json\/wp\/v2\/media?parent=950"}],"wp:term":[{"taxonomy":"anvandningsomrade","embeddable":true,"href":"https:\/\/xenonkungen.com\/fi\/wp-json\/wp\/v2\/anvandningsomrade?post=950"},{"taxonomy":"bilmarken","embeddable":true,"href":"https:\/\/xenonkungen.com\/fi\/wp-json\/wp\/v2\/bilmarken?post=950"},{"taxonomy":"product_brand","embeddable":true,"href":"https:\/\/xenonkungen.com\/fi\/wp-json\/wp\/v2\/product_brand?post=950"},{"taxonomy":"product_cat","embeddable":true,"href":"https:\/\/xenonkungen.com\/fi\/wp-json\/wp\/v2\/product_cat?post=950"},{"taxonomy":"product_tag","embeddable":true,"href":"https:\/\/xenonkungen.com\/fi\/wp-json\/wp\/v2\/product_tag?post=950"}],"curies":[{"name":"wp","href":"https:\/\/api.w.org\/{rel}","templated":true}]}}