{"id":951,"date":"2025-04-15T07:56:42","date_gmt":"2025-04-15T07:56:42","guid":{"rendered":"https:\/\/xenonkungen.com\/product\/night-breaker-led-smart-h4-street-legal\/"},"modified":"2026-03-30T14:08:05","modified_gmt":"2026-03-30T13:08:05","slug":"night-breaker-led-smart-h4-street-valot","status":"publish","type":"product","link":"https:\/\/xenonkungen.com\/fi\/tuote\/night-breaker-led-smart-h4-street-valot\/","title":{"rendered":"NIGHT BREAKER\u00ae LED SMART H4 | Street Legal"},"content":{"rendered":"<div class=\"product-description\">\n<h2>NIGHT BREAKER LED SMART OSRAMilta - Uraauurtavaa kirkkautta sein\u00e4hyv\u00e4ksynn\u00e4ll\u00e4<\/h2>\n<p>Nosta autosi valaistus seuraavalle tasolle OSRAMin uuden valaistuksen avulla. <strong>Y\u00d6KATKAISIJA LED SMART<\/strong>. Poikkeuksellisen kirkkauden, innovatiivisen kompaktin muotoilun ja \u00e4\u00e4rimm\u00e4isen kest\u00e4vyyden ansiosta n\u00e4m\u00e4 LED-valot ovat laillisia yleisill\u00e4 teill\u00e4 ja ne on helppo j\u00e4lkiasentaa.<sup>1)<\/sup>. OSRAMin edistyksellinen LED-teknologia mahdollistaa nyt perinteisten halogeenilamppujen vaihtamisen entist\u00e4 useammissa ajoneuvoissa, ja se tarjoaa vaikuttavan suorituskyvyn minimaalisella energiankulutuksella.<\/p>\n<h3>Miksi valita NIGHT BREAKER LED SMART?<\/h3>\n<ul>\n<li><strong>Poikkeuksellinen kirkkaus<\/strong>: Jopa 330 % kirkkaampi valo<sup>2)<\/sup> ja moderni valkoinen v\u00e4ril\u00e4mp\u00f6tila on 6000 kelvini\u00e4 - t\u00e4ydellist\u00e4, jotta sin\u00e4 ja muut n\u00e4ette paremmin ja turvallisemmin tiell\u00e4.<\/li>\n<li><strong>Energiatehokas ja kest\u00e4v\u00e4<\/strong>: Kuluttaa jopa 60 % v\u00e4hemm\u00e4n energiaa kuin tavalliset halogeenilamput ja sen k\u00e4ytt\u00f6ik\u00e4 on jopa 6 kertaa pidempi t\u00e4rin\u00e4nkest\u00e4v\u00e4n rakenteen ja uusimman LED-teknologian ansiosta.<sup>3)<\/sup>.<\/li>\n<li><strong>Yhteensopiva ja helppo asentaa<\/strong>: N\u00e4m\u00e4 LED-lamput sopivat korvaamaan perinteiset lamput ja pistorasiat, joten p\u00e4ivitys on helppoa ja vaivatonta.<\/li>\n<li><strong>Kadunvarsipainotteinen<\/strong>OSRAMin NIGHT BREAKER LED SMART on hyv\u00e4ksytty yleisille teille.<sup>1)<\/sup>N\u00e4in voit olla varma, ett\u00e4 k\u00e4yt\u00e4t uusinta tekniikkaa lain puitteissa.<\/li>\n<li><strong>Ensiluokkainen takuu<\/strong>: OSRAM tarjoaa erityistakuun j\u00e4lkiasennettaville NIGHT BREAKER LED-valaisimille.<sup>2)<\/sup>, mik\u00e4 takaa laadun ja kest\u00e4vyyden pitk\u00e4ll\u00e4 aikav\u00e4lill\u00e4.<\/li>\n<\/ul>\n<p>NIGHT BREAKER LED SMARTin avulla voit antaa ajoneuvollesi uusimman LED-teknologian, jossa yhdistyv\u00e4t maailmanluokan suorituskyky, muotoilu ja kest\u00e4vyys. Koe OSRAMin ero - tehokas valaistus, joka asettaa standardit nykyaikaiselle autovalaistukselle.<\/p>\n<\/div>\n<h2><a href=\"https:\/\/look.ams-osram.com\/m\/279bdebe1f871386\/original\/led-night-breaker-h7-vehicle-list-en.pdf\" target=\"_blank\" rel=\"noopener\">Katso yhteensopivat automallit t\u00e4\u00e4lt\u00e4<\/a><\/h2>","protected":false},"excerpt":{"rendered":"<p>Uusi p\u00e4ivitetty ja lyhyempi Street Legal -valaisin.<\/p>","protected":false},"featured_media":952,"comment_status":"closed","ping_status":"closed","template":"","meta":{"_acf_changed":false,"_smort_price_nok":"2131","_smort_price_dkk":"1354","_smort_price_eur":"181.36","_smort_sale_price_nok":"","_smort_sale_price_dkk":"","_smort_sale_price_eur":"108.63","smort_restorder":"","shipmondo_restorder":"","_kad_blocks_custom_css":"","_kad_blocks_head_custom_js":"","_kad_blocks_body_custom_js":"","_kad_blocks_footer_custom_js":"","smort_custom_pricelist_1":"1276.8","smort_custom_pricelist_2":"1117.2","smort_custom_pricelist_3":"1037.4","smort_custom_pricelist_4":"1596","smort_custom_pricelist_5":"1117.2"},"anvandningsomrade":[],"bilmarken":[],"product_brand":[108],"product_cat":[2633,733],"product_tag":[],"class_list":{"0":"post-951","1":"product","2":"type-product","3":"status-publish","4":"has-post-thumbnail","6":"product_brand-osram","7":"product_cat-osram-ledriving-halvljus-helljus","8":"product_cat-halvljus-helljus","9":"pa_faktisk-effekts-forbrukning-210-20","10":"pa_fargtemperatur-6000k","11":"pa_godkannande-e-markt-ece-abg","12":"pa_volt-v-12-14","14":"first","15":"instock","16":"taxable","17":"shipping-taxable","18":"purchasable","19":"product-type-simple"},"bundled_by":[],"bundle_stock_status":"instock","bundle_stock_quantity":12,"bundle_virtual":false,"bundle_layout":"","bundle_add_to_cart_form_location":"","bundle_editable_in_cart":false,"bundle_sold_individually_context":"","bundle_item_grouping":"","bundle_min_size":"","bundle_max_size":"","bundle_price":[],"bundled_items":[],"bundle_sell_ids":[],"acf":[],"yoast_head":"<!-- This site is optimized with the Yoast SEO plugin v27.0 - https:\/\/yoast.com\/product\/yoast-seo-wordpress\/ -->\n<title>NIGHT BREAKER\u00ae LED SMART H4 | Street Legal - Xenonkungen<\/title>\n<meta name=\"robots\" content=\"index, follow, max-snippet:-1, max-image-preview:large, max-video-preview:-1\" \/>\n<link rel=\"canonical\" href=\"https:\/\/xenonkungen.com\/fi\/tuote\/night-breaker-led-smart-h4-street-valot\/\" \/>\n<meta property=\"og:locale\" content=\"fi_FI\" \/>\n<meta property=\"og:type\" content=\"article\" \/>\n<meta property=\"og:title\" content=\"NIGHT BREAKER\u00ae LED SMART H4 | Street Legal - Xenonkungen\" \/>\n<meta property=\"og:description\" content=\"Ny uppgraderad och kortare Street Legal lampa.\" \/>\n<meta property=\"og:url\" content=\"https:\/\/xenonkungen.com\/fi\/tuote\/night-breaker-led-smart-h4-street-valot\/\" \/>\n<meta property=\"og:site_name\" content=\"Xenonkungen\" \/>\n<meta property=\"article:modified_time\" content=\"2026-03-30T13:08:05+00:00\" \/>\n<meta name=\"twitter:card\" content=\"summary_large_image\" \/>\n<meta name=\"twitter:label1\" content=\"Arvioitu lukuaika\" \/>\n\t<meta name=\"twitter:data1\" content=\"2 minuuttia\" \/>\n<script type=\"application\/ld+json\" class=\"yoast-schema-graph\">{\"@context\":\"https:\/\/schema.org\",\"@graph\":[{\"@type\":\"WebPage\",\"@id\":\"https:\/\/xenonkungen.com\/produkt\/night-breaker-led-smart-h4-street-legal\/\",\"url\":\"https:\/\/xenonkungen.com\/produkt\/night-breaker-led-smart-h4-street-legal\/\",\"name\":\"NIGHT BREAKER\u00ae LED SMART H4 | Street Legal - Xenonkungen\",\"isPartOf\":{\"@id\":\"https:\/\/xenonkungen.com\/#website\"},\"primaryImageOfPage\":{\"@id\":\"https:\/\/xenonkungen.com\/produkt\/night-breaker-led-smart-h4-street-legal\/#primaryimage\"},\"image\":{\"@id\":\"https:\/\/xenonkungen.com\/produkt\/night-breaker-led-smart-h4-street-legal\/#primaryimage\"},\"thumbnailUrl\":\"https:\/\/xenonkungen.com\/wp-content\/uploads\/2025\/04\/216091615-origpic-ce8201.jpg\",\"datePublished\":\"2025-04-15T07:56:42+00:00\",\"dateModified\":\"2026-03-30T13:08:05+00:00\",\"breadcrumb\":{\"@id\":\"https:\/\/xenonkungen.com\/produkt\/night-breaker-led-smart-h4-street-legal\/#breadcrumb\"},\"inLanguage\":\"fi\",\"potentialAction\":[{\"@type\":\"ReadAction\",\"target\":[\"https:\/\/xenonkungen.com\/produkt\/night-breaker-led-smart-h4-street-legal\/\"]}]},{\"@type\":\"ImageObject\",\"inLanguage\":\"fi\",\"@id\":\"https:\/\/xenonkungen.com\/produkt\/night-breaker-led-smart-h4-street-legal\/#primaryimage\",\"url\":\"https:\/\/xenonkungen.com\/wp-content\/uploads\/2025\/04\/216091615-origpic-ce8201.jpg\",\"contentUrl\":\"https:\/\/xenonkungen.com\/wp-content\/uploads\/2025\/04\/216091615-origpic-ce8201.jpg\",\"width\":500,\"height\":500},{\"@type\":\"BreadcrumbList\",\"@id\":\"https:\/\/xenonkungen.com\/produkt\/night-breaker-led-smart-h4-street-legal\/#breadcrumb\",\"itemListElement\":[{\"@type\":\"ListItem\",\"position\":1,\"name\":\"Hem\",\"item\":\"https:\/\/xenonkungen.com\/\"},{\"@type\":\"ListItem\",\"position\":2,\"name\":\"Shop\",\"item\":\"https:\/\/xenonkungen.com\/shop\/\"},{\"@type\":\"ListItem\",\"position\":3,\"name\":\"NIGHT BREAKER\u00ae LED SMART H4 | Street Legal\"}]},{\"@type\":\"WebSite\",\"@id\":\"https:\/\/xenonkungen.com\/#website\",\"url\":\"https:\/\/xenonkungen.com\/\",\"name\":\"Xenonkungen\",\"description\":\"\",\"potentialAction\":[{\"@type\":\"SearchAction\",\"target\":{\"@type\":\"EntryPoint\",\"urlTemplate\":\"https:\/\/xenonkungen.com\/?s={search_term_string}\"},\"query-input\":{\"@type\":\"PropertyValueSpecification\",\"valueRequired\":true,\"valueName\":\"search_term_string\"}}],\"inLanguage\":\"fi\"}]}<\/script>\n<!-- \/ Yoast SEO plugin. -->","yoast_head_json":{"title":"NIGHT BREAKER\u00ae LED SMART H4 | Tieliikennekelpoinen - Ksenonkuningas","robots":{"index":"index","follow":"follow","max-snippet":"max-snippet:-1","max-image-preview":"max-image-preview:large","max-video-preview":"max-video-preview:-1"},"canonical":"https:\/\/xenonkungen.com\/fi\/tuote\/night-breaker-led-smart-h4-street-valot\/","og_locale":"fi_FI","og_type":"article","og_title":"NIGHT BREAKER\u00ae LED SMART H4 | Street Legal - Xenonkungen","og_description":"Ny uppgraderad och kortare Street Legal lampa.","og_url":"https:\/\/xenonkungen.com\/fi\/tuote\/night-breaker-led-smart-h4-street-valot\/","og_site_name":"Xenonkungen","article_modified_time":"2026-03-30T13:08:05+00:00","twitter_card":"summary_large_image","twitter_misc":{"Arvioitu lukuaika":"2 minuuttia"},"schema":{"@context":"https:\/\/schema.org","@graph":[{"@type":"WebPage","@id":"https:\/\/xenonkungen.com\/produkt\/night-breaker-led-smart-h4-street-legal\/","url":"https:\/\/xenonkungen.com\/produkt\/night-breaker-led-smart-h4-street-legal\/","name":"NIGHT BREAKER\u00ae LED SMART H4 | Tieliikennekelpoinen - Ksenonkuningas","isPartOf":{"@id":"https:\/\/xenonkungen.com\/#website"},"primaryImageOfPage":{"@id":"https:\/\/xenonkungen.com\/produkt\/night-breaker-led-smart-h4-street-legal\/#primaryimage"},"image":{"@id":"https:\/\/xenonkungen.com\/produkt\/night-breaker-led-smart-h4-street-legal\/#primaryimage"},"thumbnailUrl":"https:\/\/xenonkungen.com\/wp-content\/uploads\/2025\/04\/216091615-origpic-ce8201.jpg","datePublished":"2025-04-15T07:56:42+00:00","dateModified":"2026-03-30T13:08:05+00:00","breadcrumb":{"@id":"https:\/\/xenonkungen.com\/produkt\/night-breaker-led-smart-h4-street-legal\/#breadcrumb"},"inLanguage":"fi","potentialAction":[{"@type":"ReadAction","target":["https:\/\/xenonkungen.com\/produkt\/night-breaker-led-smart-h4-street-legal\/"]}]},{"@type":"ImageObject","inLanguage":"fi","@id":"https:\/\/xenonkungen.com\/produkt\/night-breaker-led-smart-h4-street-legal\/#primaryimage","url":"https:\/\/xenonkungen.com\/wp-content\/uploads\/2025\/04\/216091615-origpic-ce8201.jpg","contentUrl":"https:\/\/xenonkungen.com\/wp-content\/uploads\/2025\/04\/216091615-origpic-ce8201.jpg","width":500,"height":500},{"@type":"BreadcrumbList","@id":"https:\/\/xenonkungen.com\/produkt\/night-breaker-led-smart-h4-street-legal\/#breadcrumb","itemListElement":[{"@type":"ListItem","position":1,"name":"Hem","item":"https:\/\/xenonkungen.com\/"},{"@type":"ListItem","position":2,"name":"Shop","item":"https:\/\/xenonkungen.com\/shop\/"},{"@type":"ListItem","position":3,"name":"NIGHT BREAKER\u00ae LED SMART H4 | Street Legal"}]},{"@type":"WebSite","@id":"https:\/\/xenonkungen.com\/#website","url":"https:\/\/xenonkungen.com\/","name":"Xenonkungen","description":"","potentialAction":[{"@type":"SearchAction","target":{"@type":"EntryPoint","urlTemplate":"https:\/\/xenonkungen.com\/?s={search_term_string}"},"query-input":{"@type":"PropertyValueSpecification","valueRequired":true,"valueName":"search_term_string"}}],"inLanguage":"fi"}]}},"taxonomy_info":{"product_brand":[{"value":108,"label":"OSRAM"}],"product_cat":[{"value":2633,"label":"OSRAM Ledriving"},{"value":733,"label":"Halvljus \/ Helljus"}],"pa_faktisk-effekts-forbrukning":[{"value":300,"label":"21,0 \/ 20"}],"pa_fargtemperatur":[{"value":188,"label":"6000K"}],"pa_godkannande":[{"value":299,"label":"E-m\u00e4rkt, ECE, ABG"}],"pa_volt-v":[{"value":298,"label":"12, 14"}]},"featured_image_src_large":["https:\/\/xenonkungen.com\/wp-content\/uploads\/2025\/04\/216091615-origpic-ce8201.jpg",500,500,false],"author_info":[],"comment_info":3,"_links":{"self":[{"href":"https:\/\/xenonkungen.com\/fi\/wp-json\/wp\/v2\/product\/951","targetHints":{"allow":["GET"]}}],"collection":[{"href":"https:\/\/xenonkungen.com\/fi\/wp-json\/wp\/v2\/product"}],"about":[{"href":"https:\/\/xenonkungen.com\/fi\/wp-json\/wp\/v2\/types\/product"}],"replies":[{"embeddable":true,"href":"https:\/\/xenonkungen.com\/fi\/wp-json\/wp\/v2\/comments?post=951"}],"wp:featuredmedia":[{"embeddable":true,"href":"https:\/\/xenonkungen.com\/fi\/wp-json\/wp\/v2\/media\/952"}],"wp:attachment":[{"href":"https:\/\/xenonkungen.com\/fi\/wp-json\/wp\/v2\/media?parent=951"}],"wp:term":[{"taxonomy":"anvandningsomrade","embeddable":true,"href":"https:\/\/xenonkungen.com\/fi\/wp-json\/wp\/v2\/anvandningsomrade?post=951"},{"taxonomy":"bilmarken","embeddable":true,"href":"https:\/\/xenonkungen.com\/fi\/wp-json\/wp\/v2\/bilmarken?post=951"},{"taxonomy":"product_brand","embeddable":true,"href":"https:\/\/xenonkungen.com\/fi\/wp-json\/wp\/v2\/product_brand?post=951"},{"taxonomy":"product_cat","embeddable":true,"href":"https:\/\/xenonkungen.com\/fi\/wp-json\/wp\/v2\/product_cat?post=951"},{"taxonomy":"product_tag","embeddable":true,"href":"https:\/\/xenonkungen.com\/fi\/wp-json\/wp\/v2\/product_tag?post=951"}],"curies":[{"name":"wp","href":"https:\/\/api.w.org\/{rel}","templated":true}]}}